{"id":339,"date":"2022-08-01T09:25:29","date_gmt":"2022-08-01T09:25:29","guid":{"rendered":"https:\/\/www.plasticgranularmachine.com\/?post_type=product&#038;p=339"},"modified":"2025-01-06T09:49:20","modified_gmt":"2025-01-06T01:49:20","slug":"foam-crushing-machine","status":"publish","type":"product","link":"https:\/\/www.plasticgranularmachine.com\/es\/product\/foam-crushing-machine\/","title":{"rendered":"M\u00e1quina trituradora de espuma | Trituradora de espuma EPS"},"content":{"rendered":"<p class=\"translation-block\">La m\u00e1quina trituradora de espuma se utiliza para procesar espuma pl\u00e1stica como EPE y EPS. El EPS tambi\u00e9n se puede llamar poliestireno y poliestireno expandido. El triturador de poliestireno expandido puede triturar los residuos de espuma pl\u00e1stica en trozos peque\u00f1os. Es la primera m\u00e1quina principal en la <a href=\"https:\/\/www.plasticgranularmachine.com\/es\/product\/eps-recycling-machine\/\">l\u00ednea de reciclaje de espuma<\/a>. El triturador puede procesar 250-500 kg por hora.<\/p>   <div class=\"wp-block-image\"> <figure class=\"aligncenter size-full\"><img loading=\"lazy\" decoding=\"async\" width=\"720\" height=\"540\" src=\"https:\/\/www.plasticgranularmachine.com\/wp-content\/uploads\/2022\/08\/styrofoam-shredder.webp\" alt=\"trituradora de poliestireno\" class=\"wp-image-1243\" srcset=\"https:\/\/www.plasticgranularmachine.com\/wp-content\/uploads\/2022\/08\/styrofoam-shredder.webp 720w, https:\/\/www.plasticgranularmachine.com\/wp-content\/uploads\/2022\/08\/styrofoam-shredder-300x225.webp 300w, https:\/\/www.plasticgranularmachine.com\/wp-content\/uploads\/2022\/08\/styrofoam-shredder-16x12.webp 16w\" sizes=\"auto, (max-width: 720px) 100vw, 720px\" \/><figcaption class=\"wp-element-caption\">trituradora de poliestireno<\/figcaption><\/figure> <\/div>   <h2 class=\"wp-block-heading\">Video de la m\u00e1quina trituradora de poliestireno<\/h2>    <figure class=\"wp-block-embed is-type-video is-provider-youtube wp-block-embed-youtube wp-embed-aspect-16-9 wp-has-aspect-ratio\"><div class=\"wp-block-embed__wrapper\"> <iframe loading=\"lazy\" title=\"Potente trituradora de poliestireno: m\u00faltiples pruebas antes del env\u00edo\" width=\"500\" height=\"281\" src=\"https:\/\/www.youtube.com\/embed\/H_jnIKjkSqk?feature=oembed\" frameborder=\"0\" allow=\"accelerometer; autoplay; clipboard-write; encrypted-media; gyroscope; picture-in-picture; web-share\" referrerpolicy=\"strict-origin-when-cross-origin\" allowfullscreen><\/iframe> <\/div><figcaption class=\"wp-element-caption\">cortadora de espuma industrial<\/figcaption><\/figure>    <h2 class=\"wp-block-heading\">Ventajas de la trituradora de poliestireno<\/h2>    <p>C\u00f3moda alimentaci\u00f3n manual: la abertura de alimentaci\u00f3n de la trituradora de poliestireno horizontal est\u00e1 dise\u00f1ada para quedar al ras del suelo, lo que permite al operador alimentar directamente el material a la m\u00e1quina trituradora de espuma sin la necesidad de una cinta transportadora, lo que facilita enormemente la alimentaci\u00f3n manual.<\/p>    <p>Trituraci\u00f3n eficiente: El dise\u00f1o horizontal combinado con potentes cuchillas permite una trituraci\u00f3n r\u00e1pida y eficiente de espumas voluminosas, especialmente adecuado para procesar espumas de EPS (poliestireno expandible) y EPE (polietileno expandible).<\/p>    <p>Se adapta f\u00e1cilmente a procesos posteriores: el material pulverizado se puede alimentar directamente a un granulador o usarse junto con un densificador de fusi\u00f3n en caliente, lo que hace que todo el proceso de reciclaje sea m\u00e1s eficiente y continuo.<\/p>    <p>Mantenimiento simple: El dise\u00f1o estructural simple de la m\u00e1quina trituradora de poliestireno horizontal facilita su limpieza y mantenimiento, lo que reduce efectivamente el tiempo de inactividad del equipo y mejora la eficiencia de la producci\u00f3n.<\/p>    <figure class=\"wp-block-gallery has-nested-images columns-default is-cropped wp-block-gallery-2 is-layout-flex wp-block-gallery-is-layout-flex\"> <figure class=\"wp-block-image size-large\"><img loading=\"lazy\" decoding=\"async\" width=\"720\" height=\"540\" data-id=\"1247\" src=\"https:\/\/www.plasticgranularmachine.com\/wp-content\/uploads\/2022\/08\/polystyrene-shredding-machines.webp\" alt=\"maquinas trituradoras de poliestireno\" class=\"wp-image-1247\" srcset=\"https:\/\/www.plasticgranularmachine.com\/wp-content\/uploads\/2022\/08\/polystyrene-shredding-machines.webp 720w, https:\/\/www.plasticgranularmachine.com\/wp-content\/uploads\/2022\/08\/polystyrene-shredding-machines-300x225.webp 300w, https:\/\/www.plasticgranularmachine.com\/wp-content\/uploads\/2022\/08\/polystyrene-shredding-machines-16x12.webp 16w\" sizes=\"auto, (max-width: 720px) 100vw, 720px\" \/><figcaption class=\"wp-element-caption\">maquinas trituradoras de poliestireno<\/figcaption><\/figure>    <figure class=\"wp-block-image size-large\"><img loading=\"lazy\" decoding=\"async\" width=\"1024\" height=\"768\" data-id=\"1248\" src=\"https:\/\/www.plasticgranularmachine.com\/wp-content\/uploads\/2022\/08\/EPS-Crusher-1024x768.webp\" alt=\"Trituradora EPS\" class=\"wp-image-1248\" srcset=\"https:\/\/www.plasticgranularmachine.com\/wp-content\/uploads\/2022\/08\/EPS-Crusher-1024x768.webp 1024w, https:\/\/www.plasticgranularmachine.com\/wp-content\/uploads\/2022\/08\/EPS-Crusher-300x225.webp 300w, https:\/\/www.plasticgranularmachine.com\/wp-content\/uploads\/2022\/08\/EPS-Crusher-768x576.webp 768w, https:\/\/www.plasticgranularmachine.com\/wp-content\/uploads\/2022\/08\/EPS-Crusher-1536x1152.webp 1536w, https:\/\/www.plasticgranularmachine.com\/wp-content\/uploads\/2022\/08\/EPS-Crusher-2048x1536.webp 2048w, https:\/\/www.plasticgranularmachine.com\/wp-content\/uploads\/2022\/08\/EPS-Crusher-16x12.webp 16w\" sizes=\"auto, (max-width: 1024px) 100vw, 1024px\" \/><figcaption class=\"wp-element-caption\">Trituradora EPS<\/figcaption><\/figure> <\/figure>    <h2 class=\"wp-block-heading\">Materias primas y productos finales de la m\u00e1quina cortadora de espuma.<\/h2>    <h3 class=\"wp-block-heading\"> Productos comunes de espuma EPS<\/h3>    <p>La m\u00e1quina trituradora de espuma EPS tiene amplias aplicaciones, que incluyen almohadas de espuma, colchones, cajas de refrigerios de espuma, cajas de espuma, materiales aislantes, materiales de embalaje resistentes a los golpes, materiales que salvan vidas, etc. Ya sean residuos postconsumo o postindustriales, podemos lograr un proceso de trituraci\u00f3n minucioso. Adem\u00e1s, nuestras m\u00e1quinas trituradoras de poliestireno son adecuadas para empresas de reciclaje de todos los tama\u00f1os.<\/p>    <figure class=\"wp-block-gallery has-nested-images columns-default is-cropped wp-block-gallery-3 is-layout-flex wp-block-gallery-is-layout-flex\"> <figure class=\"wp-block-image size-large\"><img loading=\"lazy\" decoding=\"async\" width=\"720\" height=\"540\" data-id=\"1244\" src=\"https:\/\/www.plasticgranularmachine.com\/wp-content\/uploads\/2022\/08\/EPE-foam-packaging-1.webp\" alt=\"Embalaje de espuma EPE\" class=\"wp-image-1244\" srcset=\"https:\/\/www.plasticgranularmachine.com\/wp-content\/uploads\/2022\/08\/EPE-foam-packaging-1.webp 720w, https:\/\/www.plasticgranularmachine.com\/wp-content\/uploads\/2022\/08\/EPE-foam-packaging-1-300x225.webp 300w, https:\/\/www.plasticgranularmachine.com\/wp-content\/uploads\/2022\/08\/EPE-foam-packaging-1-16x12.webp 16w\" sizes=\"auto, (max-width: 720px) 100vw, 720px\" \/><figcaption class=\"wp-element-caption\">Embalaje de espuma EPE<\/figcaption><\/figure>    <figure class=\"wp-block-image size-large\"><img loading=\"lazy\" decoding=\"async\" width=\"720\" height=\"540\" data-id=\"1245\" src=\"https:\/\/www.plasticgranularmachine.com\/wp-content\/uploads\/2022\/08\/EPS-Foam-Board-in-construction-1.webp\" alt=\"Tablero de espuma EPS en construcci\u00f3n\" class=\"wp-image-1245\" srcset=\"https:\/\/www.plasticgranularmachine.com\/wp-content\/uploads\/2022\/08\/EPS-Foam-Board-in-construction-1.webp 720w, https:\/\/www.plasticgranularmachine.com\/wp-content\/uploads\/2022\/08\/EPS-Foam-Board-in-construction-1-300x225.webp 300w, https:\/\/www.plasticgranularmachine.com\/wp-content\/uploads\/2022\/08\/EPS-Foam-Board-in-construction-1-16x12.webp 16w\" sizes=\"auto, (max-width: 720px) 100vw, 720px\" \/><figcaption class=\"wp-element-caption\">Tablero de espuma EPS en construcci\u00f3n<\/figcaption><\/figure>    <figure class=\"wp-block-image size-large\"><img loading=\"lazy\" decoding=\"async\" width=\"720\" height=\"540\" data-id=\"1246\" src=\"https:\/\/www.plasticgranularmachine.com\/wp-content\/uploads\/2022\/08\/Foam-mattress-1.webp\" alt=\"Colch\u00f3n de espuma\" class=\"wp-image-1246\" srcset=\"https:\/\/www.plasticgranularmachine.com\/wp-content\/uploads\/2022\/08\/Foam-mattress-1.webp 720w, https:\/\/www.plasticgranularmachine.com\/wp-content\/uploads\/2022\/08\/Foam-mattress-1-300x225.webp 300w, https:\/\/www.plasticgranularmachine.com\/wp-content\/uploads\/2022\/08\/Foam-mattress-1-16x12.webp 16w\" sizes=\"auto, (max-width: 720px) 100vw, 720px\" \/><figcaption class=\"wp-element-caption\">Colch\u00f3n de espuma<\/figcaption><\/figure> <\/figure>    <h3 class=\"wp-block-heading\">Espuma EPS despu\u00e9s de triturar<\/h3>    <p>La m\u00e1quina trituradora de espuma romper\u00e1 la espuma de poliestireno en fragmentos m\u00e1s peque\u00f1os. A continuaci\u00f3n se muestra la imagen de las espumas EPS despu\u00e9s de triturarlas. <\/p>   <div class=\"wp-block-image\"> <figure class=\"aligncenter size-full\"><img loading=\"lazy\" decoding=\"async\" width=\"720\" height=\"540\" src=\"https:\/\/www.plasticgranularmachine.com\/wp-content\/uploads\/2022\/08\/eps-foam-after-crushing.jpg\" alt=\"espuma eps despu\u00e9s de triturar\" class=\"wp-image-345\" srcset=\"https:\/\/www.plasticgranularmachine.com\/wp-content\/uploads\/2022\/08\/eps-foam-after-crushing.jpg 720w, https:\/\/www.plasticgranularmachine.com\/wp-content\/uploads\/2022\/08\/eps-foam-after-crushing-300x225.jpg 300w\" sizes=\"auto, (max-width: 720px) 100vw, 720px\" \/><figcaption class=\"wp-element-caption\">espuma eps despu\u00e9s de triturar<\/figcaption><\/figure> <\/div>   <p> Debido a la amplia gama de usos de los productos de espuma, el reciclaje de productos de espuma EPS tiene un alto valor comercial. En Maquinaria eficiente se encuentran a la venta diversas trituradoras de espuma EPS. Entonces, bienvenido a contactarnos.<\/p>    <h2 class=\"wp-block-heading\" id=\"h-what-is-the-working-principle-of-a-foam-crushing-machine\">\u00bfCu\u00e1l es el principio de funcionamiento de una m\u00e1quina trituradora de espuma?<\/h2>    <p>La trituradora de espuma EPS tiene m\u00faltiples cuchillas afiladas en su interior. Cuando la m\u00e1quina est\u00e1 en funcionamiento, las cuchillas giratorias de alta velocidad pueden cortar r\u00e1pidamente una variedad de productos de espuma pl\u00e1stica. Porque las hojas est\u00e1n hechas de acero duradero. Por tanto, tiene las caracter\u00edsticas de robustez y durabilidad. Adem\u00e1s, la trituradora de espuma EPS est\u00e1 equipada con un doble sistema de eliminaci\u00f3n de polvo. Esto puede hacer que el material triturado est\u00e9 limpio.<\/p>   <div class=\"wp-block-image\"> <figure class=\"aligncenter size-full\"><img loading=\"lazy\" decoding=\"async\" width=\"720\" height=\"540\" src=\"https:\/\/www.plasticgranularmachine.com\/wp-content\/uploads\/2022\/08\/plastic-foam-crusher1.webp\" alt=\"trituradora de espuma plastica\" class=\"wp-image-1249\" srcset=\"https:\/\/www.plasticgranularmachine.com\/wp-content\/uploads\/2022\/08\/plastic-foam-crusher1.webp 720w, https:\/\/www.plasticgranularmachine.com\/wp-content\/uploads\/2022\/08\/plastic-foam-crusher1-300x225.webp 300w, https:\/\/www.plasticgranularmachine.com\/wp-content\/uploads\/2022\/08\/plastic-foam-crusher1-16x12.webp 16w\" sizes=\"auto, (max-width: 720px) 100vw, 720px\" \/><figcaption class=\"wp-element-caption\">trituradora de espuma plastica<\/figcaption><\/figure> <\/div>   <h2 class=\"wp-block-heading\">Par\u00e1metros de la m\u00e1quina trituradora de espuma<\/h2>    <figure class=\"wp-block-table\"><table><tbody><tr><td>Tipo<\/td><td>Tama\u00f1o total (mm)<\/td><td>Tama\u00f1o del puerto de alimentaci\u00f3n (mm)<\/td><td>Potencia (kilovatios)<\/td><td>Capacidad (KG\/H)<\/td><\/tr><tr><td>800<\/td><td>1250*1290*660<\/td><td>800*600<\/td><td>5.5<\/td><td>250-300<\/td><\/tr><tr><td>1000<\/td><td>1250*1530*660<\/td><td>1000*600<\/td><td>5.5<\/td><td>300-350<\/td><\/tr><tr><td>1200<\/td><td>1300*1730*700<\/td><td>1200*600<\/td><td>7.5<\/td><td>400-450<\/td><\/tr><tr><td>1500<\/td><td>1600*2200*800<\/td><td>1500*800<\/td><td>11<\/td><td>450-500<\/td><\/tr><\/tbody><\/table><figcaption class=\"wp-element-caption\">Datos b\u00e1sicos de la cortadora de poliestireno<\/figcaption><\/figure>    <p>Estos son los 4 tipos diferentes de m\u00e1quinas trituradoras de espuma de poliestireno. Tienen diferentes tama\u00f1os de perfil, tama\u00f1os de entrada, potencia y capacidad. Donde la capacidad es de 250-300 kg\/h, 300-350 kg\/h, 400-450 kg\/h y 450-500 kg\/h respectivamente. Si tiene otros requisitos param\u00e9tricos, no dude en contactarnos y nos comunicaremos con usted lo antes posible.<\/p>   <div class=\"wp-block-image\"> <figure class=\"aligncenter size-full\"><img loading=\"lazy\" decoding=\"async\" width=\"720\" height=\"540\" src=\"https:\/\/www.plasticgranularmachine.com\/wp-content\/uploads\/2022\/08\/styrofoam-shredder-for-sale.webp\" alt=\"trituradora de poliestireno a la venta\" class=\"wp-image-1250\" srcset=\"https:\/\/www.plasticgranularmachine.com\/wp-content\/uploads\/2022\/08\/styrofoam-shredder-for-sale.webp 720w, https:\/\/www.plasticgranularmachine.com\/wp-content\/uploads\/2022\/08\/styrofoam-shredder-for-sale-300x225.webp 300w, https:\/\/www.plasticgranularmachine.com\/wp-content\/uploads\/2022\/08\/styrofoam-shredder-for-sale-16x12.webp 16w\" sizes=\"auto, (max-width: 720px) 100vw, 720px\" \/><figcaption class=\"wp-element-caption\">trituradora de poliestireno a la venta<\/figcaption><\/figure> <\/div>   <h2 class=\"wp-block-heading\">\u00bfC\u00f3mo realizar el env\u00edo y nuestro servicio postventa?<\/h2>   <div class=\"wp-block-image\"> <figure class=\"aligncenter size-full\"><img loading=\"lazy\" decoding=\"async\" width=\"720\" height=\"540\" src=\"https:\/\/www.plasticgranularmachine.com\/wp-content\/uploads\/2022\/08\/Horizontal-foam-crushing-machine-1.webp\" alt=\"M\u00e1quina trituradora de espuma horizontal\" class=\"wp-image-1251\" srcset=\"https:\/\/www.plasticgranularmachine.com\/wp-content\/uploads\/2022\/08\/Horizontal-foam-crushing-machine-1.webp 720w, https:\/\/www.plasticgranularmachine.com\/wp-content\/uploads\/2022\/08\/Horizontal-foam-crushing-machine-1-300x225.webp 300w, https:\/\/www.plasticgranularmachine.com\/wp-content\/uploads\/2022\/08\/Horizontal-foam-crushing-machine-1-16x12.webp 16w\" sizes=\"auto, (max-width: 720px) 100vw, 720px\" \/><figcaption class=\"wp-element-caption\">M\u00e1quina trituradora de espuma horizontal<\/figcaption><\/figure> <\/div>   <ul class=\"wp-block-list\"> <li>Despu\u00e9s de realizar un pedido, la m\u00e1quina personalizada tendr\u00e1 un per\u00edodo de producci\u00f3n de unos 20 d\u00edas, con stock disponible para env\u00edo inmediato.<\/li>    <li>Antes del env\u00edo, probamos la m\u00e1quina varias veces y le enviamos un v\u00eddeo de prueba, en ambos lados, para confirmar que no hay fallas despu\u00e9s del env\u00edo.<\/li>    <li>Ofrecemos un a\u00f1o de garant\u00eda y soporte t\u00e9cnico. Si es necesario, tambi\u00e9n podemos proporcionar servicios de instalaci\u00f3n in situ.<\/li> <\/ul>    <h2 class=\"wp-block-heading\">En resumen<\/h2>    <p>Como especialista en reciclaje de pl\u00e1sticos, Efficient se dedica a proporcionar el mejor cortador de espuma para el reciclaje de espuma de pl\u00e1stico. La alta calidad tanto de nuestras trituradoras de poliestireno como de nuestros servicios est\u00e1 garantizada. Si est\u00e1 buscando una gran soluci\u00f3n para el reciclaje de poliestireno, no dude en ponerse en contacto con nosotros. <\/p>","protected":false},"excerpt":{"rendered":"<p>La m\u00e1quina trituradora de espuma puede triturar diversos residuos de espuma pl\u00e1stica en peque\u00f1os trozos de espuma. Es la m\u00e1quina principal de la l\u00ednea de reciclaje de espuma EPS.<\/p>","protected":false},"author":1,"featured_media":1241,"parent":0,"template":"","tags":[35,33],"product-type":[4],"class_list":["post-339","product","type-product","status-publish","has-post-thumbnail","hentry","tag-crushing","tag-styrofoam-recycling","product-type-crushing-machine"],"_links":{"self":[{"href":"https:\/\/www.plasticgranularmachine.com\/es\/wp-json\/wp\/v2\/product\/339","targetHints":{"allow":["GET"]}}],"collection":[{"href":"https:\/\/www.plasticgranularmachine.com\/es\/wp-json\/wp\/v2\/product"}],"about":[{"href":"https:\/\/www.plasticgranularmachine.com\/es\/wp-json\/wp\/v2\/types\/product"}],"author":[{"embeddable":true,"href":"https:\/\/www.plasticgranularmachine.com\/es\/wp-json\/wp\/v2\/users\/1"}],"wp:featuredmedia":[{"embeddable":true,"href":"https:\/\/www.plasticgranularmachine.com\/es\/wp-json\/wp\/v2\/media\/1241"}],"wp:attachment":[{"href":"https:\/\/www.plasticgranularmachine.com\/es\/wp-json\/wp\/v2\/media?parent=339"}],"wp:term":[{"taxonomy":"post_tag","embeddable":true,"href":"https:\/\/www.plasticgranularmachine.com\/es\/wp-json\/wp\/v2\/tags?post=339"},{"taxonomy":"product-type","embeddable":true,"href":"https:\/\/www.plasticgranularmachine.com\/es\/wp-json\/wp\/v2\/product-type?post=339"}],"curies":[{"name":"wp","href":"https:\/\/api.w.org\/{rel}","templated":true}]}}