{"id":35,"date":"2022-06-23T03:40:55","date_gmt":"2022-06-23T03:40:55","guid":{"rendered":"http:\/\/tailwind-themes.local\/?post_type=product&#038;p=35"},"modified":"2025-01-15T17:59:51","modified_gmt":"2025-01-15T09:59:51","slug":"eps-recycling-machine","status":"publish","type":"product","link":"https:\/\/www.plasticgranularmachine.com\/es\/product\/eps-recycling-machine\/","title":{"rendered":"M\u00e1quina de reciclaje de EPS | Reciclaje de poliestireno expandido"},"content":{"rendered":"<p class=\"translation-block\">Las m\u00e1quinas de reciclaje de EPS pueden convertir el poliestireno expandido (EPS) de desecho en gr\u00e1nulos de pl\u00e1stico para facilitar su transporte y almacenamiento. En todo el proceso de reciclaje de EPS, las m\u00e1quinas principales incluyen una trituradora de espuma, <a href=\"https:\/\/www.plasticgranularmachine.com\/es\/product\/eps-pelletizing-machine\/\">granuladora de espuma<\/a>, cortadora de gr\u00e1nulos, etc. A continuaci\u00f3n, le presentaremos el sistema de reciclaje de EPS en detalle. Esto puede brindarle una nueva comprensi\u00f3n de la industria del reciclaje de pl\u00e1sticos.<\/p>    <figure class=\"wp-block-embed is-type-video is-provider-youtube wp-block-embed-youtube wp-embed-aspect-16-9 wp-has-aspect-ratio\"><div class=\"wp-block-embed__wrapper\"> <iframe loading=\"lazy\" title=\"La \u00faltima m\u00e1quina peletizadora de EPE EPS: \u00a1eficiente, confiable y rentable!\" width=\"500\" height=\"281\" src=\"https:\/\/www.youtube.com\/embed\/ncYUX9BWNa8?feature=oembed\" frameborder=\"0\" allow=\"accelerometer; autoplay; clipboard-write; encrypted-media; gyroscope; picture-in-picture; web-share\" referrerpolicy=\"strict-origin-when-cross-origin\" allowfullscreen><\/iframe> <\/div><\/figure>    <h2 class=\"wp-block-heading\">Caracter\u00edsticas clave de la l\u00ednea de reciclaje de espuma EPS<\/h2>    <ul class=\"wp-block-list\"> <li>Fabricadas con acero inoxidable de alta calidad, nuestras m\u00e1quinas de reciclaje de EPS son duraderas, resistentes a la corrosi\u00f3n y antiadherentes.<\/li>    <li>La capacidad de 150-300 kg\/h satisface las necesidades de producci\u00f3n de varias plantas de reciclaje de espuma peque\u00f1as y grandes. Tambi\u00e9n se encuentran disponibles servicios personalizados.<\/li>    <li>Con alta potencia y una amplia gama de aplicaciones, las m\u00e1quinas de reciclaje Efficient EPS pueden procesar de forma continua y r\u00e1pida EPS, XPS, EPE y otros tipos de espuma.<\/li>    <li>Brindamos servicios de inspecci\u00f3n in situ, instalaci\u00f3n y una garant\u00eda de un a\u00f1o.<\/li> <\/ul>    <h2 class=\"wp-block-heading\" id=\"h-detailed-eps-foam-recycling-process-introduction\">Introducci\u00f3n detallada al proceso de reciclaje de espuma EPS<\/h2>    <h3 class=\"wp-block-heading\">Aplastante<\/h3>    <p>Todos sabemos que la espuma en s\u00ed es muy grande. Por lo tanto, ocupar\u00e1 mucho espacio si no se trata. Por lo tanto, primero debemos usar la m\u00e1quina para triturar la espuma EPS en trozos peque\u00f1os. La m\u00e1quina de reciclaje de EPS que se necesita en este momento es una trituradora de espuma especial a la venta.<\/p>   <div class=\"wp-block-image\"> <figure class=\"aligncenter size-full\"><img loading=\"lazy\" decoding=\"async\" width=\"720\" height=\"540\" src=\"https:\/\/www.plasticgranularmachine.com\/wp-content\/uploads\/2022\/06\/waste-eps-foam.jpg\" alt=\"residuos de espuma eps\" class=\"wp-image-124\" srcset=\"https:\/\/www.plasticgranularmachine.com\/wp-content\/uploads\/2022\/06\/waste-eps-foam.jpg 720w, https:\/\/www.plasticgranularmachine.com\/wp-content\/uploads\/2022\/06\/waste-eps-foam-300x225.jpg 300w\" sizes=\"auto, (max-width: 720px) 100vw, 720px\" \/><figcaption class=\"wp-element-caption\">residuos de espuma eps<\/figcaption><\/figure> <\/div>   <h3 class=\"wp-block-heading\">Transmitir<\/h3>    <p>Debido al peso ligero de los desechos de pl\u00e1stico EPS, es f\u00e1cil que el viento los lleve a todas partes. Para resolver mejor el problema del transporte, el transportador de espuma EPS puede entregar f\u00e1cilmente la espuma de poliestireno al host de peletizaci\u00f3n. <\/p>   <div class=\"wp-block-image\"> <figure class=\"aligncenter size-full\"><img loading=\"lazy\" decoding=\"async\" width=\"720\" height=\"540\" src=\"https:\/\/www.plasticgranularmachine.com\/wp-content\/uploads\/2022\/06\/crushed-eps-foam.jpg\" alt=\"espuma de poliestireno triturada\" class=\"wp-image-125\" srcset=\"https:\/\/www.plasticgranularmachine.com\/wp-content\/uploads\/2022\/06\/crushed-eps-foam.jpg 720w, https:\/\/www.plasticgranularmachine.com\/wp-content\/uploads\/2022\/06\/crushed-eps-foam-300x225.jpg 300w\" sizes=\"auto, (max-width: 720px) 100vw, 720px\" \/><figcaption class=\"wp-element-caption\">espuma de poliestireno triturada<\/figcaption><\/figure> <\/div>   <h3 class=\"wp-block-heading\">peletizaci\u00f3n<\/h3>    <p>El proceso de peletizaci\u00f3n es el paso m\u00e1s importante en todo el proceso de reciclaje de EPS. La peletizadora de EPS es tambi\u00e9n la m\u00e1quina de reciclaje de espuma de EPS m\u00e1s importante. En este paso, la m\u00e1quina granuladora funde el material de espuma calent\u00e1ndolo. Luego, la espuma EPS derretida se extruir\u00e1 y se extraer\u00e1 a trav\u00e9s del troquel en la m\u00e1quina auxiliar. Luego obtendremos los productos filamentosos de EPS.<\/p>   <div class=\"wp-block-image\"> <figure class=\"aligncenter size-full\"><img loading=\"lazy\" decoding=\"async\" width=\"490\" height=\"532\" src=\"https:\/\/www.plasticgranularmachine.com\/wp-content\/uploads\/2022\/07\/EPS-foam-granulator.jpg\" alt=\"peletizadora de EPS\" class=\"wp-image-305\" srcset=\"https:\/\/www.plasticgranularmachine.com\/wp-content\/uploads\/2022\/07\/EPS-foam-granulator.jpg 490w, https:\/\/www.plasticgranularmachine.com\/wp-content\/uploads\/2022\/07\/EPS-foam-granulator-276x300.jpg 276w\" sizes=\"auto, (max-width: 490px) 100vw, 490px\" \/><figcaption class=\"wp-element-caption\">peletizadora de EPS<\/figcaption><\/figure> <\/div>   <h3 class=\"wp-block-heading\">Enfriamiento<\/h3>    <p>Mediante el trabajo anterior de la m\u00e1quina de reciclaje de espuma, podemos obtener el producto filamentoso de EPS. Sin embargo, despu\u00e9s de la fusi\u00f3n y granulaci\u00f3n, la temperatura del EPS filamentoso es muy alta. Por tanto, necesitamos enfriarlo con agua fr\u00eda.<\/p>    <h3 class=\"wp-block-heading\">Cortar pellets<\/h3>    <p>El \u00faltimo paso es cortar el hilo filamentoso de EPS en bolitas.<\/p>    <h2 class=\"wp-block-heading\">\u00bfQu\u00e9 m\u00e1quinas de reciclaje de EPS necesitamos?<\/h2>    <h3 class=\"wp-block-heading\">Trituradora EPS<\/h3>    <p class=\"translation-block\">Prop\u00f3sito: <a href=\"https:\/\/www.plasticgranularmachine.com\/es\/product\/foam-crushing-machine\/\">Triturar productos de espuma EPS en bloque en trozos<\/a>.<\/p>   <div class=\"wp-block-image\"> <figure class=\"aligncenter size-full\"><img loading=\"lazy\" decoding=\"async\" width=\"720\" height=\"540\" src=\"https:\/\/www.plasticgranularmachine.com\/wp-content\/uploads\/2022\/08\/Horizontal-foam-crushing-machine-1.webp\" alt=\"M\u00e1quina trituradora de espuma horizontal\" class=\"wp-image-1251\" srcset=\"https:\/\/www.plasticgranularmachine.com\/wp-content\/uploads\/2022\/08\/Horizontal-foam-crushing-machine-1.webp 720w, https:\/\/www.plasticgranularmachine.com\/wp-content\/uploads\/2022\/08\/Horizontal-foam-crushing-machine-1-300x225.webp 300w, https:\/\/www.plasticgranularmachine.com\/wp-content\/uploads\/2022\/08\/Horizontal-foam-crushing-machine-1-16x12.webp 16w\" sizes=\"auto, (max-width: 720px) 100vw, 720px\" \/><figcaption class=\"wp-element-caption\">M\u00e1quina trituradora de espuma horizontal<\/figcaption><\/figure> <\/div>   <h3 class=\"wp-block-heading\">Transportador de espuma EPS<\/h3>    <p>Prop\u00f3sito: Puede enviar las piezas de EPS trituradas a la m\u00e1quina principal de granulaci\u00f3n.<\/p>    <h3 class=\"wp-block-heading\">M\u00e1quina granuladora de espuma EPS<\/h3>    <p>Prop\u00f3sito: fundir y calentar material de espuma EPS.<\/p>   <div class=\"wp-block-image\"> <figure class=\"aligncenter size-full\"><img loading=\"lazy\" decoding=\"async\" width=\"720\" height=\"540\" src=\"https:\/\/www.plasticgranularmachine.com\/wp-content\/uploads\/2023\/12\/EPE-granulator-1.webp\" alt=\"granulador EPE\" class=\"wp-image-1254\" srcset=\"https:\/\/www.plasticgranularmachine.com\/wp-content\/uploads\/2023\/12\/EPE-granulator-1.webp 720w, https:\/\/www.plasticgranularmachine.com\/wp-content\/uploads\/2023\/12\/EPE-granulator-1-300x225.webp 300w, https:\/\/www.plasticgranularmachine.com\/wp-content\/uploads\/2023\/12\/EPE-granulator-1-16x12.webp 16w\" sizes=\"auto, (max-width: 720px) 100vw, 720px\" \/><figcaption class=\"wp-element-caption\">granulador EPE<\/figcaption><\/figure> <\/div>   <h3 class=\"wp-block-heading\">M\u00e1quina auxiliar de granulaci\u00f3n de espuma EPS<\/h3>    <p>Prop\u00f3sito: Extruir el pl\u00e1stico derretido en material triturado en la m\u00e1quina auxiliar a trav\u00e9s del cabezal de troquel.<\/p>    <h3 class=\"wp-block-heading\">Tanque de agua de refrigeraci\u00f3n<\/h3>    <p class=\"translation-block\">Prop\u00f3sito: Enfriamiento de filamento de espuma <a href=\"https:\/\/en.wikipedia.org\/wiki\/EPS\" target=\"_blank\" rel=\"noopener\">EPS<\/a><\/p>   <div class=\"wp-block-image\"> <figure class=\"aligncenter size-full\"><img loading=\"lazy\" decoding=\"async\" width=\"720\" height=\"540\" src=\"https:\/\/www.plasticgranularmachine.com\/wp-content\/uploads\/2023\/12\/\u2465Cooling-tank1.webp\" alt=\"Tanque de enfriamiento\" class=\"wp-image-1270\" srcset=\"https:\/\/www.plasticgranularmachine.com\/wp-content\/uploads\/2023\/12\/\u2465Cooling-tank1.webp 720w, https:\/\/www.plasticgranularmachine.com\/wp-content\/uploads\/2023\/12\/\u2465Cooling-tank1-300x225.webp 300w, https:\/\/www.plasticgranularmachine.com\/wp-content\/uploads\/2023\/12\/\u2465Cooling-tank1-16x12.webp 16w\" sizes=\"auto, (max-width: 720px) 100vw, 720px\" \/><figcaption class=\"wp-element-caption\">Tanque de enfriamiento<\/figcaption><\/figure> <\/div>   <h3 class=\"wp-block-heading\">Cortadora de gr\u00e1nulos de pl\u00e1stico<\/h3>    <p>Prop\u00f3sito: cortar el filamento de pl\u00e1stico enfriado en gr\u00e1nulos.<\/p>   <div class=\"wp-block-image\"> <figure class=\"aligncenter size-full\"><img loading=\"lazy\" decoding=\"async\" width=\"720\" height=\"540\" src=\"https:\/\/www.plasticgranularmachine.com\/wp-content\/uploads\/2022\/07\/Pellet-cutting-machine1.webp\" alt=\"Cortadora de pellets\" class=\"wp-image-1326\" srcset=\"https:\/\/www.plasticgranularmachine.com\/wp-content\/uploads\/2022\/07\/Pellet-cutting-machine1.webp 720w, https:\/\/www.plasticgranularmachine.com\/wp-content\/uploads\/2022\/07\/Pellet-cutting-machine1-300x225.webp 300w, https:\/\/www.plasticgranularmachine.com\/wp-content\/uploads\/2022\/07\/Pellet-cutting-machine1-16x12.webp 16w\" sizes=\"auto, (max-width: 720px) 100vw, 720px\" \/><figcaption class=\"wp-element-caption\">Cortadora de pellets<\/figcaption><\/figure> <\/div>   <h2 class=\"wp-block-heading\">\u00bfPor qu\u00e9 cada vez m\u00e1s personas participan en la industria del reciclaje de espuma EPS?<\/h2>    <p>Como todos sabemos, el embalaje de EPS es un consumible desechable. No es f\u00e1cil degradarse por s\u00ed solo despu\u00e9s de su eliminaci\u00f3n. En el pasado, los productos de espuma causaban mucha contaminaci\u00f3n al medio ambiente. Con la popularidad de la reducci\u00f3n de las emisiones de carbono en varios pa\u00edses, la gesti\u00f3n de residuos de EPS se ha convertido en una forma importante de proteger el medio ambiente. El reciclaje de espuma EPS no s\u00f3lo puede evitar la contaminaci\u00f3n ambiental sino que tambi\u00e9n permite que el material se utilice repetidamente. Por lo tanto, las m\u00e1quinas de reciclaje de espuma EPS tambi\u00e9n son cada vez m\u00e1s populares.<\/p>   <div class=\"wp-block-image\"> <figure class=\"aligncenter size-full\"><img loading=\"lazy\" decoding=\"async\" width=\"720\" height=\"540\" src=\"https:\/\/www.plasticgranularmachine.com\/wp-content\/uploads\/2022\/06\/finished-products-of-eps-foam.jpg\" alt=\"productos terminados de espuma eps\" class=\"wp-image-122\" srcset=\"https:\/\/www.plasticgranularmachine.com\/wp-content\/uploads\/2022\/06\/finished-products-of-eps-foam.jpg 720w, https:\/\/www.plasticgranularmachine.com\/wp-content\/uploads\/2022\/06\/finished-products-of-eps-foam-300x225.jpg 300w\" sizes=\"auto, (max-width: 720px) 100vw, 720px\" \/><figcaption class=\"wp-element-caption\">productos terminados fabricados por la m\u00e1quina de reciclaje de EPS<\/figcaption><\/figure> <\/div>   <h2 class=\"wp-block-heading\">La aplicaci\u00f3n de pellets de EPS reciclados<\/h2>    <p>Por lo anterior, sabemos que las m\u00e1quinas de reciclaje de EPS pueden fabricar gr\u00e1nulos de pl\u00e1stico a partir de espuma de EPS usada. El punto importante es que no podemos utilizar productos de pl\u00e1stico de desecho para fabricar nada que entre en contacto con los alimentos. Incluyen vasos aislantes, bandejas de espuma, etc. Pero podemos usarlo para fabricar muebles de exterior, tejas, percheros, cajas de guarder\u00eda, marcos de puertas y ventanas, materiales de embalaje, etc. Tambi\u00e9n podemos mezclar EPS con hormig\u00f3n para fabricar hormig\u00f3n prefabricado. bloques.<\/p>    <p> Adem\u00e1s, cuando el EPS se combina con tierra y compost, ayuda a promover la aireaci\u00f3n. Y cuando se mezcla con pl\u00e1sticos, se puede utilizar para fabricar paneles decorativos y molduras interiores.<\/p>    <p>Consider\u00e1ndolo todo, si necesita equipos de reciclaje de espuma para su negocio, no dude en contactarnos.<\/p>    <h2 class=\"wp-block-heading\">Casos de proyectos de reciclaje de espuma EPS en todo el mundo<\/h2>    <ul class=\"wp-block-list\"> <li>Caso 1: <a href=\"https:\/\/www.plasticgranularmachine.com\/es\/Info\/foam-shredder-machine-sold-to-nigeria\/\">M\u00e1quina trituradora de espuma vendida a Nigeria<\/a><\/li>    <li>Caso2: <a href=\"https:\/\/www.plasticgranularmachine.com\/es\/Info\/malaysian-customer-ordered-two-eps-foam-compactors\/\">Un cliente de Malasia pidi\u00f3 dos compactadores de espuma EPS<\/a><\/li> <\/ul>    <p>Los anteriores son algunos casos de nuestra l\u00ednea de reciclaje de espuma pl\u00e1stica. Como proveedor profesional de maquinaria de reciclaje, prometemos brindarle m\u00e1quinas de reciclaje de poliestireno adecuadas y servicios perfectos. <\/p>   <div class=\"wp-block-image\"> <figure class=\"aligncenter size-full\"><img loading=\"lazy\" decoding=\"async\" width=\"720\" height=\"540\" src=\"https:\/\/www.plasticgranularmachine.com\/wp-content\/uploads\/2022\/07\/EPS-Pelletizing-Machine-2-1.webp\" alt=\"M\u00e1quina granuladora de EPS\" class=\"wp-image-1368\" srcset=\"https:\/\/www.plasticgranularmachine.com\/wp-content\/uploads\/2022\/07\/EPS-Pelletizing-Machine-2-1.webp 720w, https:\/\/www.plasticgranularmachine.com\/wp-content\/uploads\/2022\/07\/EPS-Pelletizing-Machine-2-1-300x225.webp 300w, https:\/\/www.plasticgranularmachine.com\/wp-content\/uploads\/2022\/07\/EPS-Pelletizing-Machine-2-1-16x12.webp 16w\" sizes=\"auto, (max-width: 720px) 100vw, 720px\" \/><figcaption class=\"wp-element-caption\">M\u00e1quina granuladora de EPS<\/figcaption><\/figure> <\/div>   <h2 class=\"wp-block-heading\">Entrega sobre la l\u00ednea de reciclaje de espuma de poliestireno<\/h2>    <ul class=\"wp-block-list\"> <li>Despu\u00e9s de realizar un pedido, el tiempo estimado de finalizaci\u00f3n es de unos 20 d\u00edas.<\/li>    <li>Le enviaremos un v\u00eddeo de la m\u00e1quina en funcionamiento antes del env\u00edo para confirmar que todo est\u00e1 en orden.<\/li>    <li>Ofrecemos env\u00edos internacionales y tambi\u00e9n podemos proporcionar servicios de instalaci\u00f3n en el sitio.<\/li> <\/ul>    <p>A continuaci\u00f3n se muestra un v\u00eddeo de demostraci\u00f3n sobre las m\u00e1quinas de reciclaje de espuma EPS. Si est\u00e1 interesado, no dude en contactarnos. \u00a1Esperamos tus noticias!<\/p>    <figure class=\"wp-block-embed is-type-video is-provider-youtube wp-block-embed-youtube wp-embed-aspect-16-9 wp-has-aspect-ratio\"><div class=\"wp-block-embed__wrapper\"> <iframe loading=\"lazy\" title=\"\u00a1Eche un vistazo m\u00e1s de cerca a las m\u00e1quinas de reciclaje de poliestireno en la f\u00e1brica!\" width=\"500\" height=\"281\" src=\"https:\/\/www.youtube.com\/embed\/Cqay6gxFv3k?feature=oembed\" frameborder=\"0\" allow=\"accelerometer; autoplay; clipboard-write; encrypted-media; gyroscope; picture-in-picture; web-share\" referrerpolicy=\"strict-origin-when-cross-origin\" allowfullscreen><\/iframe> <\/div><figcaption class=\"wp-element-caption\">M\u00e1quinas de reciclaje de EPS<\/figcaption><\/figure>","protected":false},"excerpt":{"rendered":"<p>Las m\u00e1quinas de reciclaje de EPS de Shuliy tienen un proceso de reciclaje r\u00e1pido y un precio asequible, transformando la espuma de poliestireno residual en gr\u00e1nulos reciclados.<\/p>","protected":false},"author":1,"featured_media":1223,"parent":0,"template":"","tags":[40,33],"product-type":[10],"class_list":["post-35","product","type-product","status-publish","has-post-thumbnail","hentry","tag-solution","tag-styrofoam-recycling","product-type-solutions"],"_links":{"self":[{"href":"https:\/\/www.plasticgranularmachine.com\/es\/wp-json\/wp\/v2\/product\/35","targetHints":{"allow":["GET"]}}],"collection":[{"href":"https:\/\/www.plasticgranularmachine.com\/es\/wp-json\/wp\/v2\/product"}],"about":[{"href":"https:\/\/www.plasticgranularmachine.com\/es\/wp-json\/wp\/v2\/types\/product"}],"author":[{"embeddable":true,"href":"https:\/\/www.plasticgranularmachine.com\/es\/wp-json\/wp\/v2\/users\/1"}],"wp:featuredmedia":[{"embeddable":true,"href":"https:\/\/www.plasticgranularmachine.com\/es\/wp-json\/wp\/v2\/media\/1223"}],"wp:attachment":[{"href":"https:\/\/www.plasticgranularmachine.com\/es\/wp-json\/wp\/v2\/media?parent=35"}],"wp:term":[{"taxonomy":"post_tag","embeddable":true,"href":"https:\/\/www.plasticgranularmachine.com\/es\/wp-json\/wp\/v2\/tags?post=35"},{"taxonomy":"product-type","embeddable":true,"href":"https:\/\/www.plasticgranularmachine.com\/es\/wp-json\/wp\/v2\/product-type?post=35"}],"curies":[{"name":"wp","href":"https:\/\/api.w.org\/{rel}","templated":true}]}}