{"id":359,"date":"2022-09-14T07:35:18","date_gmt":"2022-09-14T07:35:18","guid":{"rendered":"https:\/\/www.plasticgranularmachine.com\/?post_type=product&#038;p=359"},"modified":"2025-01-06T09:57:07","modified_gmt":"2025-01-06T01:57:07","slug":"pet-flakes-friction-washer","status":"publish","type":"product","link":"https:\/\/www.plasticgranularmachine.com\/es\/product\/pet-flakes-friction-washer\/","title":{"rendered":"Lavadora de fricci\u00f3n con escamas de PET"},"content":{"rendered":"<p class=\"translation-block\">La lavadora por fricci\u00f3n de escamas de PET es una m\u00e1quina para limpiar l\u00e1minas de pl\u00e1stico en la l\u00ednea de lavado de botellas de pl\u00e1stico. Est\u00e1 detr\u00e1s del tanque de lavado de agua caliente de botellas de pl\u00e1stico. Esta m\u00e1quina y la <a href=\"https:\/\/www.plasticgranularmachine.com\/es\/product\/pet-flakes-hot-washing-machine\/\">m\u00e1quina de lavado en caliente de escamas de botellas de PET<\/a> pueden trabajar juntas para limpiar las botellas de pl\u00e1stico con manchas. Por lo tanto, la m\u00e1quina lavadora de escamas de PET es una lavadora eficiente de agua fr\u00eda.<\/p>   <div class=\"wp-block-image\"> <figure class=\"aligncenter size-full is-resized\"><img loading=\"lazy\" decoding=\"async\" width=\"800\" height=\"800\" src=\"https:\/\/www.plasticgranularmachine.com\/wp-content\/uploads\/2022\/09\/high-speed-friction-washer-in-the-factory-1.webp\" alt=\"arandela de fricci\u00f3n de alta velocidad en la f\u00e1brica\" class=\"wp-image-1293\" style=\"object-fit:cover;width:720px;height:540px\" srcset=\"https:\/\/www.plasticgranularmachine.com\/wp-content\/uploads\/2022\/09\/high-speed-friction-washer-in-the-factory-1.webp 800w, https:\/\/www.plasticgranularmachine.com\/wp-content\/uploads\/2022\/09\/high-speed-friction-washer-in-the-factory-1-300x300.webp 300w, https:\/\/www.plasticgranularmachine.com\/wp-content\/uploads\/2022\/09\/high-speed-friction-washer-in-the-factory-1-150x150.webp 150w, https:\/\/www.plasticgranularmachine.com\/wp-content\/uploads\/2022\/09\/high-speed-friction-washer-in-the-factory-1-768x768.webp 768w, https:\/\/www.plasticgranularmachine.com\/wp-content\/uploads\/2022\/09\/high-speed-friction-washer-in-the-factory-1-12x12.webp 12w\" sizes=\"auto, (max-width: 800px) 100vw, 800px\" \/><figcaption class=\"wp-element-caption\">arandela de fricci\u00f3n de alta velocidad en la f\u00e1brica<\/figcaption><\/figure> <\/div>   <h2 class=\"wp-block-heading\" id=\"h-what-is-the-working-process-of-the-pet-flakes-friction-washer\">\u00bfCu\u00e1l es el proceso de trabajo de la lavadora de fricci\u00f3n de escamas de PET?<\/h2>    <p>La lavadora de fricci\u00f3n de alta velocidad como equipo de limpieza de pl\u00e1stico tiene sus propias funciones y ventajas \u00fanicas. Despu\u00e9s de que la l\u00e1mina de pl\u00e1stico ingresa al silo, el tornillo giratorio de alta velocidad frotar\u00e1 completamente el material con agua. Bajo la acci\u00f3n de la fuerza centr\u00edfuga giratoria de alta velocidad, la m\u00e1quina separar\u00e1 las impurezas (tierra, arena, hojas, pulpa) de la superficie del material. El agua sucia se lavar\u00e1 con agua limpia. El dispositivo de pulverizaci\u00f3n de agua y el tornillo de alta velocidad equipados con la arandela de fricci\u00f3n de escamas de PET pueden limpiar la suciedad de la l\u00e1mina de pl\u00e1stico.<\/p>   <div class=\"wp-block-image\"> <figure class=\"aligncenter size-full\"><img loading=\"lazy\" decoding=\"async\" width=\"720\" height=\"540\" src=\"https:\/\/www.plasticgranularmachine.com\/wp-content\/uploads\/2022\/09\/plastic-washing-machine-in-plant-1.webp\" alt=\"lavadora de pl\u00e1stico en planta\" class=\"wp-image-1295\" srcset=\"https:\/\/www.plasticgranularmachine.com\/wp-content\/uploads\/2022\/09\/plastic-washing-machine-in-plant-1.webp 720w, https:\/\/www.plasticgranularmachine.com\/wp-content\/uploads\/2022\/09\/plastic-washing-machine-in-plant-1-300x225.webp 300w, https:\/\/www.plasticgranularmachine.com\/wp-content\/uploads\/2022\/09\/plastic-washing-machine-in-plant-1-16x12.webp 16w\" sizes=\"auto, (max-width: 720px) 100vw, 720px\" \/><figcaption class=\"wp-element-caption\">lavadora de pl\u00e1stico en planta<\/figcaption><\/figure> <\/div>   <h2 class=\"wp-block-heading\">\u00bfCu\u00e1l es la funci\u00f3n de la arandela de fricci\u00f3n de alta velocidad?<\/h2>    <p>La funci\u00f3n principal del limpiador por fricci\u00f3n es eliminar aceite, pegamento, pulpa de papel y otras manchas en la botella de pl\u00e1stico mediante el uso de la fuerza de fricci\u00f3n de la rotaci\u00f3n de alta velocidad. Los materiales se mezclan a alta velocidad en la lavadora y la fricci\u00f3n entre cada l\u00e1mina de PET ayuda a eliminar la suciedad y los residuos. Luego, la rejilla del filtro dentro de la m\u00e1quina descargar\u00e1 la suciedad lavada. Esto permite limpiar completamente la botella de pl\u00e1stico. Adem\u00e1s, el usuario puede controlar manualmente el tiempo de limpieza de los materiales seg\u00fan el grado de contaminaci\u00f3n de los materiales. La lavadora de fricci\u00f3n de escamas de PET tambi\u00e9n tiene las ventajas de un \u00e1rea de piso peque\u00f1a, operaci\u00f3n simple y alto rendimiento.<\/p>    <h2 class=\"wp-block-heading\">Par\u00e1metros de la m\u00e1quina<\/h2>    <figure class=\"wp-block-table\"><table><tbody><tr><td>Modelo<\/td><td>SL-1000<\/td><td>SL-2000<\/td><\/tr><tr><td>Capacidad<\/td><td>500-1000kg\/hora<\/td><td>2000kg\/h<\/td><\/tr><tr><td>Longitud<\/td><td>3000 mm<\/td><td>3500 mm<\/td><\/tr><tr><td>Fuerza<\/td><td>7,5 kw<\/td><td>15kW<\/td><\/tr><tr><td>Capa exterior<\/td><td>4mm<\/td><td>4mm<\/td><\/tr><tr><td>Grosor de la hoja<\/td><td>6mm<\/td><td>6mm<\/td><\/tr><\/tbody><\/table><\/figure>    <h2 class=\"wp-block-heading\">Estructura de la arandela de fricci\u00f3n de escamas de PET<\/h2>    <p>El cuerpo de esta lavadora de botellas de pl\u00e1stico se compone de un soporte para pies, un motor, una m\u00e1quina principal, una entrada de agua, una entrada de material, una salida de material, etc. Adem\u00e1s, hay un filtro de malla fina en la parte inferior de la M\u00e1quina para filtrar agua sucia.<\/p>   <div class=\"wp-block-image\"> <figure class=\"aligncenter size-full is-resized\"><img loading=\"lazy\" decoding=\"async\" width=\"800\" height=\"800\" src=\"https:\/\/www.plasticgranularmachine.com\/wp-content\/uploads\/2022\/09\/internal-details-of-the-friction-machine.webp\" alt=\"Detalles internos de la m\u00e1quina de fricci\u00f3n.\" class=\"wp-image-1296\" style=\"object-fit:cover;width:720px;height:540px\" srcset=\"https:\/\/www.plasticgranularmachine.com\/wp-content\/uploads\/2022\/09\/internal-details-of-the-friction-machine.webp 800w, https:\/\/www.plasticgranularmachine.com\/wp-content\/uploads\/2022\/09\/internal-details-of-the-friction-machine-300x300.webp 300w, https:\/\/www.plasticgranularmachine.com\/wp-content\/uploads\/2022\/09\/internal-details-of-the-friction-machine-150x150.webp 150w, https:\/\/www.plasticgranularmachine.com\/wp-content\/uploads\/2022\/09\/internal-details-of-the-friction-machine-768x768.webp 768w, https:\/\/www.plasticgranularmachine.com\/wp-content\/uploads\/2022\/09\/internal-details-of-the-friction-machine-12x12.webp 12w\" sizes=\"auto, (max-width: 800px) 100vw, 800px\" \/><figcaption class=\"wp-element-caption\">Detalles internos de la m\u00e1quina de fricci\u00f3n.<\/figcaption><\/figure> <\/div>   <h2 class=\"wp-block-heading\">\u00bfCu\u00e1les son las aplicaciones de la m\u00e1quina?<\/h2>    <p class=\"translation-block\">De hecho, nuestras m\u00e1quinas pueden manejar la mayor\u00eda de las botellas del mercado, como las botellas de <a href=\"https:\/\/en.wikipedia.org\/wiki\/Coca-Cola\" target=\"_blank\" rel=\"noopener\">Coca-Cola<\/a>, las botellas de <a href=\"https:\/\/en.wikipedia.org\/wiki\/Soda\" target=\"_blank\" rel=\"noopener\">soda<\/a>, las botellas de jugo, las botellas de t\u00e9, las botellas de agua mineral y otras botellas de agua potable.<\/p>    <h2 class=\"wp-block-heading\">Uso de copos de mascotas reciclados<\/h2>    <p>Las l\u00e1minas de pl\u00e1stico reciclado generalmente se pueden utilizar para envases de pl\u00e1stico, fibra, materiales reforzados con fibra de vidrio, pl\u00e1sticos modificados y bolsas de pl\u00e1stico tejidas. De esta forma se puede reutilizar la botella de PET.<\/p>   <div class=\"wp-block-image\"> <figure class=\"aligncenter size-full\"><img loading=\"lazy\" decoding=\"async\" width=\"528\" height=\"720\" src=\"https:\/\/www.plasticgranularmachine.com\/wp-content\/uploads\/2022\/09\/plastic-bottle-washing-machine-1.webp\" alt=\"lavadora de botellas de plastico\" class=\"wp-image-1297\" srcset=\"https:\/\/www.plasticgranularmachine.com\/wp-content\/uploads\/2022\/09\/plastic-bottle-washing-machine-1.webp 528w, https:\/\/www.plasticgranularmachine.com\/wp-content\/uploads\/2022\/09\/plastic-bottle-washing-machine-1-220x300.webp 220w, https:\/\/www.plasticgranularmachine.com\/wp-content\/uploads\/2022\/09\/plastic-bottle-washing-machine-1-9x12.webp 9w\" sizes=\"auto, (max-width: 528px) 100vw, 528px\" \/><figcaption class=\"wp-element-caption\">lavadora de botellas de plastico<\/figcaption><\/figure> <\/div>   <h2 class=\"wp-block-heading\">Resumen<\/h2>    <p class=\"translation-block\">En resumen, la lavadora por fricci\u00f3n de escamas de PET es una m\u00e1quina indispensable en la planta de lavado de botellas de PET y en la <a href=\"https:\/\/www.plasticgranularmachine.com\/es\/product\/pet-bottles-recycling-line\/\">l\u00ednea de reciclaje de botellas de pl\u00e1stico<\/a>. Si desea saber m\u00e1s informaci\u00f3n sobre esta m\u00e1quina, no dude en contactarnos.<\/p>   <div class=\"wp-block-image\"> <figure class=\"aligncenter size-full\"><img loading=\"lazy\" decoding=\"async\" width=\"720\" height=\"540\" src=\"https:\/\/www.plasticgranularmachine.com\/wp-content\/uploads\/2022\/09\/PET-flakes-friction-washer-3.webp\" alt=\"Arandela de fricci\u00f3n de escamas de PET\" class=\"wp-image-1299\" srcset=\"https:\/\/www.plasticgranularmachine.com\/wp-content\/uploads\/2022\/09\/PET-flakes-friction-washer-3.webp 720w, https:\/\/www.plasticgranularmachine.com\/wp-content\/uploads\/2022\/09\/PET-flakes-friction-washer-3-300x225.webp 300w, https:\/\/www.plasticgranularmachine.com\/wp-content\/uploads\/2022\/09\/PET-flakes-friction-washer-3-16x12.webp 16w\" sizes=\"auto, (max-width: 720px) 100vw, 720px\" \/><figcaption class=\"wp-element-caption\">Arandela de fricci\u00f3n de escamas de PET<\/figcaption><\/figure> <\/div>","protected":false},"excerpt":{"rendered":"<p>PET flakes friction washer is a machine for cleaning plastic sheets in the plastic bottle washing line. It is behind the plastic bottle hot water washing tank. This machine and the PET bottle flakes hot washing machine can work together to clean the plastic bottles with stains. Therefore, the PET flakes washer machine is an [&hellip;]<\/p>\n","protected":false},"author":1,"featured_media":1269,"parent":0,"template":"","tags":[38,39],"product-type":[6],"class_list":["post-359","product","type-product","status-publish","has-post-thumbnail","hentry","tag-pet-recycling","tag-washing","product-type-washing-machine"],"_links":{"self":[{"href":"https:\/\/www.plasticgranularmachine.com\/es\/wp-json\/wp\/v2\/product\/359","targetHints":{"allow":["GET"]}}],"collection":[{"href":"https:\/\/www.plasticgranularmachine.com\/es\/wp-json\/wp\/v2\/product"}],"about":[{"href":"https:\/\/www.plasticgranularmachine.com\/es\/wp-json\/wp\/v2\/types\/product"}],"author":[{"embeddable":true,"href":"https:\/\/www.plasticgranularmachine.com\/es\/wp-json\/wp\/v2\/users\/1"}],"wp:featuredmedia":[{"embeddable":true,"href":"https:\/\/www.plasticgranularmachine.com\/es\/wp-json\/wp\/v2\/media\/1269"}],"wp:attachment":[{"href":"https:\/\/www.plasticgranularmachine.com\/es\/wp-json\/wp\/v2\/media?parent=359"}],"wp:term":[{"taxonomy":"post_tag","embeddable":true,"href":"https:\/\/www.plasticgranularmachine.com\/es\/wp-json\/wp\/v2\/tags?post=359"},{"taxonomy":"product-type","embeddable":true,"href":"https:\/\/www.plasticgranularmachine.com\/es\/wp-json\/wp\/v2\/product-type?post=359"}],"curies":[{"name":"wp","href":"https:\/\/api.w.org\/{rel}","templated":true}]}}