{"id":36,"date":"2022-06-23T03:41:17","date_gmt":"2022-06-23T03:41:17","guid":{"rendered":"http:\/\/tailwind-themes.local\/?post_type=product&#038;p=36"},"modified":"2025-01-06T09:58:55","modified_gmt":"2025-01-06T01:58:55","slug":"plastic-film-granulator","status":"publish","type":"product","link":"https:\/\/www.plasticgranularmachine.com\/es\/product\/plastic-film-granulator\/","title":{"rendered":"Granulador de pel\u00edcula pl\u00e1stica | M\u00e1quina granuladora de pl\u00e1stico PE PP"},"content":{"rendered":"<p class=\"translation-block\">El granulador de pel\u00edculas pl\u00e1sticas es el equipo principal de la <a href=\"https:\/\/www.plasticgranularmachine.com\/es\/product\/plastic-film-recycling-line\/\">l\u00ednea de reciclaje de pel\u00edculas pl\u00e1sticas<\/a>. Esta m\u00e1quina puede derretir, plastificar y extruir residuos de pel\u00edculas pl\u00e1sticas y hacer gr\u00e1nulos reciclados. El granulador de pel\u00edculas pl\u00e1sticas se utiliza ampliamente en f\u00e1bricas de producci\u00f3n de pl\u00e1stico y plantas de reciclaje. La producci\u00f3n de la m\u00e1quina var\u00eda de 100 a 500 kg\/h. Los productos finales son gr\u00e1nulos o pellets de pl\u00e1stico, los materiales reciclados de mayor calidad pueden producir mejores gr\u00e1nulos.<\/p>    <figure class=\"wp-block-embed is-type-video is-provider-youtube wp-block-embed-youtube wp-embed-aspect-16-9 wp-has-aspect-ratio\"><div class=\"wp-block-embed__wrapper\"> <iframe loading=\"lazy\" title=\"Dentro del proceso de peletizaci\u00f3n de pl\u00e1stico: \u00a1vea c\u00f3mo aumenta las ganancias del reciclaje!\" width=\"500\" height=\"281\" src=\"https:\/\/www.youtube.com\/embed\/_mcIy6g5Ybk?feature=oembed\" frameborder=\"0\" allow=\"accelerometer; autoplay; clipboard-write; encrypted-media; gyroscope; picture-in-picture; web-share\" referrerpolicy=\"strict-origin-when-cross-origin\" allowfullscreen><\/iframe> <\/div><\/figure>    <h2 class=\"wp-block-heading\">\u00c1mbito de aplicaci\u00f3n del granulador de pel\u00edcula.<\/h2>    <p class=\"translation-block\">Como un granulador de pel\u00edculas pl\u00e1sticas profesional, nuestra m\u00e1quina puede reciclar y granulizar todo tipo de pel\u00edculas pl\u00e1sticas. Por ejemplo, puede granulizar pel\u00edculas pl\u00e1sticas hechas de <a href=\"https:\/\/www.plasticgranularmachine.com\/es\/Info\/which-plastics-can-be-recycled\/\">PE, PP, BOPP, HDPE, LDPE y LLDPE<\/a>. En nuestra vida diaria, podemos ver estos materiales pl\u00e1sticos en bolsas de embalaje de alimentos, pel\u00edculas de invernadero, bolsas de basura, bolsas de compras, <a href=\"https:\/\/en.wikipedia.org\/wiki\/High-density_polyethylene\" target=\"_blank\" rel=\"noopener\">pel\u00edculas de HDPE<\/a>, pel\u00edculas agr\u00edcolas, bolsas de PP y pel\u00edculas retr\u00e1ctiles de LDPE.<\/p>    <figure class=\"wp-block-gallery has-nested-images columns-default is-cropped wp-block-gallery-2 is-layout-flex wp-block-gallery-is-layout-flex\"> <figure class=\"wp-block-image size-large\"><img loading=\"lazy\" decoding=\"async\" width=\"720\" height=\"540\" data-id=\"1362\" src=\"https:\/\/www.plasticgranularmachine.com\/wp-content\/uploads\/2022\/06\/plastic-film-recycling-raw-materials1.webp\" alt=\"Materias primas de reciclaje de pel\u00edculas pl\u00e1sticas.\" class=\"wp-image-1362\" srcset=\"https:\/\/www.plasticgranularmachine.com\/wp-content\/uploads\/2022\/06\/plastic-film-recycling-raw-materials1.webp 720w, https:\/\/www.plasticgranularmachine.com\/wp-content\/uploads\/2022\/06\/plastic-film-recycling-raw-materials1-300x225.webp 300w, https:\/\/www.plasticgranularmachine.com\/wp-content\/uploads\/2022\/06\/plastic-film-recycling-raw-materials1-16x12.webp 16w\" sizes=\"auto, (max-width: 720px) 100vw, 720px\" \/><figcaption class=\"wp-element-caption\">Materias primas de reciclaje de pel\u00edculas pl\u00e1sticas.<\/figcaption><\/figure>    <figure class=\"wp-block-image size-large\"><img loading=\"lazy\" decoding=\"async\" width=\"720\" height=\"540\" data-id=\"1363\" src=\"https:\/\/www.plasticgranularmachine.com\/wp-content\/uploads\/2022\/06\/end-products-of-plastic-granulators.webp\" alt=\"productos finales de granuladores de pl\u00e1stico\" class=\"wp-image-1363\" srcset=\"https:\/\/www.plasticgranularmachine.com\/wp-content\/uploads\/2022\/06\/end-products-of-plastic-granulators.webp 720w, https:\/\/www.plasticgranularmachine.com\/wp-content\/uploads\/2022\/06\/end-products-of-plastic-granulators-300x225.webp 300w, https:\/\/www.plasticgranularmachine.com\/wp-content\/uploads\/2022\/06\/end-products-of-plastic-granulators-16x12.webp 16w\" sizes=\"auto, (max-width: 720px) 100vw, 720px\" \/><figcaption class=\"wp-element-caption\">productos finales de granuladores de pl\u00e1stico<\/figcaption><\/figure> <\/figure>    <h2 class=\"wp-block-heading\">\u00bfC\u00f3mo funciona una m\u00e1quina granuladora de pl\u00e1stico PP PE?<\/h2>    <p>Antes de entrar al proceso de granulaci\u00f3n, la pel\u00edcula pl\u00e1stica debe estar limpia. La pel\u00edcula pl\u00e1stica con impurezas afectar\u00e1 seriamente el efecto de granulaci\u00f3n. El siguiente es el flujo de trabajo completo de la m\u00e1quina.<\/p>    <h2 class=\"wp-block-heading\">El proceso de trabajo del granulador de pel\u00edcula pl\u00e1stica.<\/h2>    <p>El material ingresa al host de la m\u00e1quina peletizadora de pl\u00e1stico pe pp desde el puerto de alimentaci\u00f3n. El anillo calefactor alrededor del exterior del host puede hacer que la temperatura de la m\u00e1quina alcance r\u00e1pidamente m\u00e1s de 110 grados Celsius. Bajo la acci\u00f3n del anillo calefactor, el material de la pel\u00edcula pl\u00e1stica se derretir\u00e1 r\u00e1pidamente y ser\u00e1 extruido por la salida del equipo de granulaci\u00f3n de pl\u00e1stico. <\/p>    <p>En nuestra experiencia de ventas anterior, muchos clientes piensan que es posible que esta temperatura no derrita el pl\u00e1stico. De hecho, la mayor\u00eda de las pel\u00edculas pl\u00e1sticas tienen un punto de fusi\u00f3n de 85 a 110 grados Celsius. Luego el material derretido ingresar\u00e1 a la m\u00e1quina auxiliar. Luego, bajo la extrusi\u00f3n de la m\u00e1quina auxiliar de la m\u00e1quina peletizadora de pel\u00edcula de pe, el material saldr\u00e1 del cabezal de troquel de la m\u00e1quina auxiliar. En este momento, la forma de la pel\u00edcula pl\u00e1stica es la de un filamento largo. <\/p>    <p>Finalmente, el tanque de enfriamiento lo enfr\u00eda y el granulador de pl\u00e1stico residual corta la tira de pl\u00e1stico para obtener part\u00edculas de pl\u00e1stico con una forma uniforme.<\/p>    <figure class=\"wp-block-embed is-type-video is-provider-youtube wp-block-embed-youtube wp-embed-aspect-16-9 wp-has-aspect-ratio\"><div class=\"wp-block-embed__wrapper\"> <iframe loading=\"lazy\" title=\"De residuos a pellets: \u00a1Vea nuestra m\u00e1quina granuladora de pl\u00e1stico en acci\u00f3n!\" width=\"500\" height=\"281\" src=\"https:\/\/www.youtube.com\/embed\/RyomHQQR0cQ?feature=oembed\" frameborder=\"0\" allow=\"accelerometer; autoplay; clipboard-write; encrypted-media; gyroscope; picture-in-picture; web-share\" referrerpolicy=\"strict-origin-when-cross-origin\" allowfullscreen><\/iframe> <\/div><\/figure>    <h2 class=\"wp-block-heading\">\u00bfCu\u00e1l es la estructura de un granulador de pel\u00edcula pl\u00e1stica?<\/h2>    <p>La m\u00e1quina granuladora de pl\u00e1stico se compone de un puerto de alimentaci\u00f3n, un reductor, un dispositivo de calentamiento, una prensa de tornillo, una c\u00e1mara de prensa, una base, un motor, un cabezal de molde y un puerto de descarga.<\/p>   <div class=\"wp-block-image\"> <figure class=\"aligncenter size-full\"><img loading=\"lazy\" decoding=\"async\" width=\"720\" height=\"540\" src=\"https:\/\/www.plasticgranularmachine.com\/wp-content\/uploads\/2022\/07\/plastic-granulator.webp\" alt=\"granulador de plastico\" class=\"wp-image-1325\" srcset=\"https:\/\/www.plasticgranularmachine.com\/wp-content\/uploads\/2022\/07\/plastic-granulator.webp 720w, https:\/\/www.plasticgranularmachine.com\/wp-content\/uploads\/2022\/07\/plastic-granulator-300x225.webp 300w, https:\/\/www.plasticgranularmachine.com\/wp-content\/uploads\/2022\/07\/plastic-granulator-16x12.webp 16w\" sizes=\"auto, (max-width: 720px) 100vw, 720px\" \/><figcaption class=\"wp-element-caption\">granulador de plastico<\/figcaption><\/figure> <\/div>   <h2 class=\"wp-block-heading\">Par\u00e1metros de la m\u00e1quina<\/h2>    <figure class=\"wp-block-table\"><table><tbody><tr><td>Tipo<\/td><td>SL-105<\/td><td>SL-125<\/td><td>SL-135<\/td><td>SL-150<\/td><td>SL-180<\/td><td>SL-200<\/td><td>SL-220<\/td><\/tr><tr><td>Di\u00e1metro del tornillo<\/td><td>105mm<\/td><td>125mm<\/td><td>135mm<\/td><td>150mm<\/td><td>180mm<\/td><td>200 mm<\/td><td>220 mm<\/td><\/tr><tr><td>Eje de velocidad<\/td><td>50-70\/minuto<\/td><td>50-70\/minuto<\/td><td>40-50\/minuto<\/td><td>40-50\/minuto<\/td><td>40-50\/minuto<\/td><td>40-50\/minuto<\/td><td>40-50\/minuto<\/td><\/tr><tr><td>Potencia del motor principal<\/td><td>18,5 KW<\/td><td>30kW<\/td><td>37kW<\/td><td>37kW<\/td><td>55kW<\/td><td>75kW<\/td><td>90kW<\/td><\/tr><tr><td>Reductor (engranaje duro)<\/td><td>200<\/td><td>225<\/td><td>250<\/td><td>250<\/td><td>280<\/td><td>315<\/td><td>330<\/td><\/tr><tr><td>Peso<\/td><td>1,3T<\/td><td>1,8T<\/td><td>2T<\/td><td>2T<\/td><td>2.2T<\/td><td>2.8T<\/td><td>3.2T<\/td><\/tr><tr><td>Tama\u00f1o<\/td><td>2.4*0.7*0.7<\/td><td>2.6*0.7*0.7<\/td><td>2.8*0.7*0.7<\/td><td>3.0*0.7*0.7<\/td><td>3.2*0.7*0.7<\/td><td>3.5*1*1<\/td><td>3.8*1.2*1<\/td><\/tr><tr><td>Producci\u00f3n<\/td><td>150 kg\/h<\/td><td>180 kg\/h<\/td><td>200 kg\/h<\/td><td>300 kg\/h<\/td><td>350 kg\/h<\/td><td>380 kg\/h<\/td><td>420 kg\/h<\/td><\/tr><\/tbody><\/table><\/figure>    <p>Podemos ver en la tabla que tenemos 7 granuladores peletizadores de pel\u00edcula de pe con diferentes salidas para que usted elija. El di\u00e1metro del tornillo, la potencia, el peso y el tama\u00f1o de cada m\u00e1quina son diferentes. Por lo tanto, puede elegir la m\u00e1quina adecuada seg\u00fan sus necesidades. Es m\u00e1s, si tiene alguna pregunta, no dude en contactarnos.<\/p>    <h2 class=\"wp-block-heading\">\u00bfCu\u00e1les son las ventajas de la m\u00e1quina?<\/h2>    <ul class=\"wp-block-list\"> <li>Fabricado con materiales de alta calidad, duraderos.<\/li>    <li>El alto grado de automatizaci\u00f3n y ahorro de mano de obra.<\/li>    <li>Bajo consumo de energ\u00eda y sin contaminaci\u00f3n.<\/li>    <li>F\u00e1cil de instalar y mantener.<\/li>    <li>Los pellets producidos por el granulador de pel\u00edcula pl\u00e1stica tienen una amplia gama de usos. Por tanto, son proyectos de inversi\u00f3n ideales.<\/li> <\/ul>   <div class=\"wp-block-image\"> <figure class=\"aligncenter size-full\"><img loading=\"lazy\" decoding=\"async\" width=\"720\" height=\"540\" src=\"https:\/\/www.plasticgranularmachine.com\/wp-content\/uploads\/2022\/06\/Plastic-grinder-details.webp\" alt=\"Detalles del molinillo de pl\u00e1stico.\" class=\"wp-image-1364\" srcset=\"https:\/\/www.plasticgranularmachine.com\/wp-content\/uploads\/2022\/06\/Plastic-grinder-details.webp 720w, https:\/\/www.plasticgranularmachine.com\/wp-content\/uploads\/2022\/06\/Plastic-grinder-details-300x225.webp 300w, https:\/\/www.plasticgranularmachine.com\/wp-content\/uploads\/2022\/06\/Plastic-grinder-details-16x12.webp 16w\" sizes=\"auto, (max-width: 720px) 100vw, 720px\" \/><figcaption class=\"wp-element-caption\">Detalles del molinillo de pl\u00e1stico.<\/figcaption><\/figure> <\/div>   <h2 class=\"wp-block-heading\">\u00bfPor qu\u00e9 elegir el granulador de pl\u00e1stico Efficient?<\/h2>    <ol class=\"wp-block-list\"> <li><a href=\"https:\/\/www.plasticgranularmachine.com\/es\/\">Maquinaria eficiente<\/a> es un fabricante con m\u00e1s de 20 a\u00f1os de experiencia en la producci\u00f3n de m\u00e1quinas. Por lo tanto, la calidad y el servicio posventa de la m\u00e1quina son dignos de confianza.<\/li>    <li>La m\u00e1quina principal, el cabezal de troquel y el reductor del granulador de pel\u00edcula pl\u00e1stica son equipos de la mejor calidad del mercado.<\/li>    <li>Servicios personalizados \u00fanicos. Podemos proporcionar a los clientes servicios \u00fanicos seg\u00fan sus necesidades.<\/li> <\/ol>   <div class=\"wp-block-image\"> <figure class=\"aligncenter size-full\"><img loading=\"lazy\" decoding=\"async\" width=\"720\" height=\"540\" src=\"https:\/\/www.plasticgranularmachine.com\/wp-content\/uploads\/2022\/06\/extruder-plastic-pelletizing-line.webp\" alt=\"L\u00ednea de granulaci\u00f3n de pl\u00e1stico extrusora\" class=\"wp-image-1329\" srcset=\"https:\/\/www.plasticgranularmachine.com\/wp-content\/uploads\/2022\/06\/extruder-plastic-pelletizing-line.webp 720w, https:\/\/www.plasticgranularmachine.com\/wp-content\/uploads\/2022\/06\/extruder-plastic-pelletizing-line-300x225.webp 300w, https:\/\/www.plasticgranularmachine.com\/wp-content\/uploads\/2022\/06\/extruder-plastic-pelletizing-line-16x12.webp 16w\" sizes=\"auto, (max-width: 720px) 100vw, 720px\" \/><figcaption class=\"wp-element-caption\">L\u00ednea de granulaci\u00f3n de pl\u00e1stico extrusora<\/figcaption><\/figure> <\/div>","protected":false},"excerpt":{"rendered":"<p>Plastic film granulator is the main equipment of the plastic film recycling line. This machine can melt, plasticize and extrude plastic film scrap and make recycles granules. Plastic film granulator is widely used in plastic production factories and recycling plants. The machine output ranged from 100-500 kg\/h. The final products are plastic granules or pellets, [&hellip;]<\/p>\n","protected":false},"author":1,"featured_media":1325,"parent":0,"template":"","tags":[37,41],"product-type":[5],"class_list":["post-36","product","type-product","status-publish","has-post-thumbnail","hentry","tag-pelletizing","tag-plastic-film-recycling","product-type-plastic-pelletizer"],"_links":{"self":[{"href":"https:\/\/www.plasticgranularmachine.com\/es\/wp-json\/wp\/v2\/product\/36","targetHints":{"allow":["GET"]}}],"collection":[{"href":"https:\/\/www.plasticgranularmachine.com\/es\/wp-json\/wp\/v2\/product"}],"about":[{"href":"https:\/\/www.plasticgranularmachine.com\/es\/wp-json\/wp\/v2\/types\/product"}],"author":[{"embeddable":true,"href":"https:\/\/www.plasticgranularmachine.com\/es\/wp-json\/wp\/v2\/users\/1"}],"wp:featuredmedia":[{"embeddable":true,"href":"https:\/\/www.plasticgranularmachine.com\/es\/wp-json\/wp\/v2\/media\/1325"}],"wp:attachment":[{"href":"https:\/\/www.plasticgranularmachine.com\/es\/wp-json\/wp\/v2\/media?parent=36"}],"wp:term":[{"taxonomy":"post_tag","embeddable":true,"href":"https:\/\/www.plasticgranularmachine.com\/es\/wp-json\/wp\/v2\/tags?post=36"},{"taxonomy":"product-type","embeddable":true,"href":"https:\/\/www.plasticgranularmachine.com\/es\/wp-json\/wp\/v2\/product-type?post=36"}],"curies":[{"name":"wp","href":"https:\/\/api.w.org\/{rel}","templated":true}]}}