{"id":425,"date":"2022-11-28T16:48:30","date_gmt":"2022-11-28T08:48:30","guid":{"rendered":"https:\/\/www.plasticgranularmachine.com\/?post_type=product&#038;p=425"},"modified":"2025-03-31T11:25:11","modified_gmt":"2025-03-31T03:25:11","slug":"eps-hot-melting-recycling-machine","status":"publish","type":"product","link":"https:\/\/www.plasticgranularmachine.com\/es\/product\/eps-hot-melting-recycling-machine\/","title":{"rendered":"M\u00e1quina de reciclaje de fusi\u00f3n en caliente de EPS\u00a0| M\u00e1quina de fusi\u00f3n de espuma EPS"},"content":{"rendered":"<p>La m\u00e1quina de reciclaje de fusi\u00f3n en caliente de EPS puede comprimir y fundir el bloque de espuma de EPS en una tira de espuma larga que ocupa poco espacio. La espuma de poliestireno derretida se puede utilizar para fabricar otros productos pl\u00e1sticos.<\/p>    <p class=\"translation-block\">La m\u00e1quina de reciclaje por fusi\u00f3n en caliente de EPS, tambi\u00e9n llamada la m\u00e1quina de fusi\u00f3n de espuma de EPS, es una pieza importante de equipo en la <a href=\"https:\/\/www.plasticgranularmachine.com\/es\/product\/eps-recycling-machine\/\">m\u00e1quina de reciclaje de EPS<\/a> y desempe\u00f1a un papel crucial en el proceso de reciclaje de EPS. Muchas personas no saben que la espuma puede derretirse y que la temperatura de fusi\u00f3n de EPS es de 150 grados. <\/p>   <div class=\"wp-block-image\"> <figure class=\"aligncenter size-full is-resized\"><img loading=\"lazy\" decoding=\"async\" width=\"720\" height=\"540\" src=\"https:\/\/www.plasticgranularmachine.com\/wp-content\/uploads\/2022\/11\/EPS-Hot-Melting-Recycling-Machine-2.webp\" alt=\"M\u00e1quina de reciclaje de fusi\u00f3n en caliente de EPS\" class=\"wp-image-1049\" style=\"width:720px;height:auto\" srcset=\"https:\/\/www.plasticgranularmachine.com\/wp-content\/uploads\/2022\/11\/EPS-Hot-Melting-Recycling-Machine-2.webp 720w, https:\/\/www.plasticgranularmachine.com\/wp-content\/uploads\/2022\/11\/EPS-Hot-Melting-Recycling-Machine-2-300x225.webp 300w, https:\/\/www.plasticgranularmachine.com\/wp-content\/uploads\/2022\/11\/EPS-Hot-Melting-Recycling-Machine-2-16x12.webp 16w\" sizes=\"auto, (max-width: 720px) 100vw, 720px\" \/><figcaption class=\"wp-element-caption\">M\u00e1quina de reciclaje de fusi\u00f3n en caliente de EPS<\/figcaption><\/figure> <\/div>   <h2 class=\"wp-block-heading\">\u00bfPor qu\u00e9 utilizar la m\u00e1quina de reciclaje de fusi\u00f3n en caliente de EPS?<\/h2>    <p>A medida que los pa\u00edses prestan m\u00e1s atenci\u00f3n a la protecci\u00f3n del medio ambiente, la industria del reciclaje de residuos de pl\u00e1stico se ha desarrollado r\u00e1pidamente. Adem\u00e1s de las habituales pel\u00edculas de pl\u00e1stico y botellas de pl\u00e1stico, cada vez m\u00e1s personas se dedican al reciclaje de poliestireno expandido. La espuma EPS se utiliza mucho en la industria del embalaje, pero es voluminosa y dif\u00edcil de transportar. <\/p>    <p class=\"translation-block\">Para facilitar el transporte del poliestireno, <a href=\"https:\/\/www.plasticgranularmachine.com\/es\/\">Efficient Machinery<\/a> ha desarrollado una nueva m\u00e1quina que puede derretir y compactar r\u00e1pidamente la espuma usada de EPS. La espuma de EPS derretida es f\u00e1cil de transportar y almacenar. Adem\u00e1s, la espuma derretida puede ir directamente al sistema de molienda de espuma de EPS en la l\u00ednea de proceso de reciclaje de EPS.<\/p>   <div class=\"wp-block-image\"> <figure class=\"aligncenter size-full\"><img loading=\"lazy\" decoding=\"async\" width=\"720\" height=\"540\" src=\"https:\/\/www.plasticgranularmachine.com\/wp-content\/uploads\/2022\/11\/EPS-foam-melting-machine.webp\" alt=\"M\u00e1quina de fusi\u00f3n de espuma EPS\" class=\"wp-image-1168\" srcset=\"https:\/\/www.plasticgranularmachine.com\/wp-content\/uploads\/2022\/11\/EPS-foam-melting-machine.webp 720w, https:\/\/www.plasticgranularmachine.com\/wp-content\/uploads\/2022\/11\/EPS-foam-melting-machine-300x225.webp 300w, https:\/\/www.plasticgranularmachine.com\/wp-content\/uploads\/2022\/11\/EPS-foam-melting-machine-16x12.webp 16w\" sizes=\"auto, (max-width: 720px) 100vw, 720px\" \/><figcaption class=\"wp-element-caption\">M\u00e1quina de fusi\u00f3n de espuma EPS<\/figcaption><\/figure> <\/div>   <h2 class=\"wp-block-heading\">Ventajas de la m\u00e1quina termofusora de EPS<\/h2>    <ol class=\"wp-block-list\"> <li>La m\u00e1quina recicladora de fusi\u00f3n en caliente de EPS tiene las caracter\u00edsticas de operaci\u00f3n simple, tama\u00f1o reducido y transporte conveniente de productos terminados.<\/li>    <li>La funci\u00f3n de control autom\u00e1tico de temperatura puede evitar anomal\u00edas en el proceso de trabajo para lograr el efecto de fusi\u00f3n esperado.<\/li>    <li>La potencia de la m\u00e1quina est\u00e1 entre 18,5 y 22,5 kw. Con funciones de ahorro de energ\u00eda y ahorro de energ\u00eda.<\/li>    <li>Se vende una variedad de m\u00e1quinas termofusoras de EPS de diferente rendimiento (de 100 kg por hora a 250 kg por hora). Los clientes pueden elegir la m\u00e1quina adecuada seg\u00fan sus necesidades.<\/li>    <li>La m\u00e1quina de EPS no cambiar\u00e1 las propiedades f\u00edsicas de la espuma de EPS, lo que favorece un mayor reciclaje.<\/li>    <li>La m\u00e1quina est\u00e1 hecha de material de alta calidad, que tiene una larga vida \u00fatil y resistencia al desgaste.<\/li> <\/ol>   <div class=\"wp-block-image\"> <figure class=\"aligncenter size-full\"><img loading=\"lazy\" decoding=\"async\" width=\"720\" height=\"540\" src=\"https:\/\/www.plasticgranularmachine.com\/wp-content\/uploads\/2022\/11\/styrofoam-densifier-in-plant.webp\" alt=\"Densificador de poliestireno en planta.\" class=\"wp-image-1169\" srcset=\"https:\/\/www.plasticgranularmachine.com\/wp-content\/uploads\/2022\/11\/styrofoam-densifier-in-plant.webp 720w, https:\/\/www.plasticgranularmachine.com\/wp-content\/uploads\/2022\/11\/styrofoam-densifier-in-plant-300x225.webp 300w, https:\/\/www.plasticgranularmachine.com\/wp-content\/uploads\/2022\/11\/styrofoam-densifier-in-plant-16x12.webp 16w\" sizes=\"auto, (max-width: 720px) 100vw, 720px\" \/><figcaption class=\"wp-element-caption\">Densificador de poliestireno en planta.<\/figcaption><\/figure> <\/div>   <h2 class=\"wp-block-heading\">V\u00eddeo de la m\u00e1quina para fundir espuma EPS<\/h2>    <figure class=\"wp-block-embed is-type-video is-provider-youtube wp-block-embed-youtube wp-embed-aspect-16-9 wp-has-aspect-ratio\"><div class=\"wp-block-embed__wrapper\"> <iframe loading=\"lazy\" title=\"M\u00e1quina de reciclaje de fusi\u00f3n en caliente de EPS | \u00bfC\u00f3mo funciona una m\u00e1quina de reciclaje de EPS por fusi\u00f3n en caliente?\" width=\"500\" height=\"281\" src=\"https:\/\/www.youtube.com\/embed\/V0gvqkG6NeY?feature=oembed\" frameborder=\"0\" allow=\"accelerometer; autoplay; clipboard-write; encrypted-media; gyroscope; picture-in-picture; web-share\" referrerpolicy=\"strict-origin-when-cross-origin\" allowfullscreen><\/iframe> <\/div><figcaption class=\"wp-element-caption\">Proceso de trabajo de la m\u00e1quina de reciclaje de fusi\u00f3n en caliente de EPS<\/figcaption><\/figure>    <h2 class=\"wp-block-heading\">\u00c1mbito de aplicaci\u00f3n de la m\u00e1quina para fundir espuma EPS<\/h2>    <p class=\"translation-block\">Esta m\u00e1quina de reciclaje por fusi\u00f3n en caliente de EPS puede derretir y agrupar muchos tipos de materiales de espuma como EPS, EPP, EPE y <a href=\"https:\/\/en.wikipedia.org\/wiki\/Ethylene-vinyl_acetate\" target=\"_blank\" rel=\"noopener\">EVA<\/a> a altas temperaturas. Los materiales de espuma comunes son cajas de comida r\u00e1pida, cajas de embalaje, etc. Por lo tanto, la m\u00e1quina es adecuada para varias plantas de reciclaje de pl\u00e1stico.<\/p>    <p class=\"translation-block\">Normalmente se utiliza con un <a href=\"https:\/\/www.plasticgranularmachine.com\/es\/product\/foam-crushing-machine\/\" data-type=\"link\" data-id=\"https:\/\/www.plasticgranularmachine.com\/product\/foam-crushing-machine\/\">trituradora de espuma<\/a> para pre-tratar la espuma antes de la granulaci\u00f3n. Las m\u00e1quinas de reciclaje por fusi\u00f3n en caliente de EPS se ofrecen en varios modelos para satisfacer las necesidades de producci\u00f3n de diferentes l\u00edneas de reciclaje de espuma.<\/p>   <div class=\"wp-block-image\"> <figure class=\"aligncenter size-full\"><img loading=\"lazy\" decoding=\"async\" width=\"750\" height=\"795\" src=\"https:\/\/www.plasticgranularmachine.com\/wp-content\/uploads\/2022\/11\/application-scope.webp\" alt=\"alcance de la aplicaci\u00f3n\" class=\"wp-image-428\" srcset=\"https:\/\/www.plasticgranularmachine.com\/wp-content\/uploads\/2022\/11\/application-scope.webp 750w, https:\/\/www.plasticgranularmachine.com\/wp-content\/uploads\/2022\/11\/application-scope-283x300.webp 283w\" sizes=\"auto, (max-width: 750px) 100vw, 750px\" \/><figcaption class=\"wp-element-caption\">alcance de la aplicaci\u00f3n<\/figcaption><\/figure> <\/div>   <h2 class=\"wp-block-heading\">\u00bfCu\u00e1l es el principio de funcionamiento de la m\u00e1quina?<\/h2>    <p>La m\u00e1quina termofusible de espuma adopta principalmente la estructura de una placa de extracci\u00f3n, y el calor de la placa calefactora se transmite a la superficie fusionada del pl\u00e1stico superior e inferior mediante el m\u00e9todo de calentamiento el\u00e9ctrico. <\/p>    <p>Luego hace que su superficie se derrita y luego fusiona y solidifica la superficie fundida de las piezas calentadoras superior e inferior, y luego las combina en una sola. <\/p>    <p>Todo el cuerpo de la m\u00e1quina tiene forma de marco, compuesto principalmente por tres placas: la plantilla superior, la plantilla inferior y la plantilla caliente. <\/p>    <p>La m\u00e1quina de reciclaje de fusi\u00f3n en caliente de EPS se basa principalmente en un control neum\u00e1tico. Al soldar, la pieza de trabajo se coloca en moldes de dos cavidades y la placa calefactora se coloca entre la espuma. Cuando la temperatura de la placa calefactora aumenta, la espuma EPS comienza a derretirse.<\/p>   <div class=\"wp-block-image\"> <figure class=\"aligncenter size-full\"><img loading=\"lazy\" decoding=\"async\" width=\"720\" height=\"540\" src=\"https:\/\/www.plasticgranularmachine.com\/wp-content\/uploads\/2022\/11\/eps-hot-melting-machine.webp\" alt=\"m\u00e1quina de fusi\u00f3n en caliente eps\" class=\"wp-image-429\" srcset=\"https:\/\/www.plasticgranularmachine.com\/wp-content\/uploads\/2022\/11\/eps-hot-melting-machine.webp 720w, https:\/\/www.plasticgranularmachine.com\/wp-content\/uploads\/2022\/11\/eps-hot-melting-machine-300x225.webp 300w\" sizes=\"auto, (max-width: 720px) 100vw, 720px\" \/><figcaption class=\"wp-element-caption\">M\u00e1quina de fusi\u00f3n en caliente de EPS<\/figcaption><\/figure> <\/div>   <h2 class=\"wp-block-heading\">Datos t\u00e9cnicos de la m\u00e1quina recicladora de fusi\u00f3n en caliente de EPS<\/h2>    <figure class=\"wp-block-table\"><table><tbody><tr><td>Tipo<\/td><td>Dimensiones exteriores (mm)<\/td><td>Tama\u00f1o del puerto de alimentaci\u00f3n (mm)<\/td><td>Potencia de entrada (kW)<\/td><td>Capacidad (kg\/h)<\/td><\/tr><tr><td>SL-220<\/td><td>1500*800*1450<\/td><td>450*600<\/td><td>15<\/td><td>100-150<\/td><\/tr><tr><td>SL-880<\/td><td>1580*1300*850<\/td><td>800*600<\/td><td>18.5<\/td><td>150-200<\/td><\/tr><tr><td>SL-1000<\/td><td>1900*1580*900<\/td><td>1000*700<\/td><td>22<\/td><td>200-250<\/td><\/tr><\/tbody><\/table><figcaption class=\"wp-element-caption\">Par\u00e1metros de algunas m\u00e1quinas para fundir poliestireno m\u00e1s vendidas<\/figcaption><\/figure>    <p>Estas son tres de las m\u00e1quinas de reciclaje de EPS m\u00e1s vendidas de Efficient. Adem\u00e1s de estos tres modelos, tambi\u00e9n tenemos una variedad de m\u00e1quinas de fusi\u00f3n de EPS a la venta. Adem\u00e1s, tambi\u00e9n ofrecemos un servicio personalizado. Si necesita esta m\u00e1quina, no dude en contactarnos.<\/p>   <div class=\"wp-block-image\"> <figure class=\"aligncenter size-full\"><img loading=\"lazy\" decoding=\"async\" width=\"720\" height=\"540\" src=\"https:\/\/www.plasticgranularmachine.com\/wp-content\/uploads\/2022\/08\/eps-foam-after-crushing.jpg\" alt=\"espuma eps despu\u00e9s de triturar\" class=\"wp-image-345\" srcset=\"https:\/\/www.plasticgranularmachine.com\/wp-content\/uploads\/2022\/08\/eps-foam-after-crushing.jpg 720w, https:\/\/www.plasticgranularmachine.com\/wp-content\/uploads\/2022\/08\/eps-foam-after-crushing-300x225.jpg 300w\" sizes=\"auto, (max-width: 720px) 100vw, 720px\" \/><figcaption class=\"wp-element-caption\">espuma eps despu\u00e9s de triturar<\/figcaption><\/figure> <\/div>   <h2 class=\"wp-block-heading\">Algo sobre el env\u00edo<\/h2>    <ul class=\"wp-block-list\"> <li>El plazo de entrega para m\u00e1quinas personalizadas es de aproximadamente 20 d\u00edas.<\/li>    <li>Informar peri\u00f3dicamente el progreso de la producci\u00f3n y enviarle los v\u00eddeos de la m\u00e1quina de prueba.<\/li>    <li>Env\u00edo a trav\u00e9s de log\u00edstica internacional.<\/li>    <li>Podemos proporcionar soporte t\u00e9cnico y servicios de instalaci\u00f3n en el sitio despu\u00e9s de que lleguen las m\u00e1quinas.<\/li>    <li>Se proporciona una garant\u00eda de un a\u00f1o.<\/li> <\/ul>    <p>\u00bfEntonces, qu\u00e9 est\u00e1s esperando? Consulta ahora y disfruta del precio con descuento. Si est\u00e1s interesado, no dudes en contactarnos para estas m\u00e1quinas de reciclaje confiables.<\/p>","protected":false},"excerpt":{"rendered":"<p>La m\u00e1quina de reciclaje de fusi\u00f3n en caliente de EPS puede compactar y derretir espuma. La m\u00e1quina ocupa poco espacio y tiene una alta eficiencia de trabajo.<\/p>","protected":false},"author":1,"featured_media":1166,"parent":0,"template":"","tags":[33],"product-type":[4],"class_list":["post-425","product","type-product","status-publish","has-post-thumbnail","hentry","tag-styrofoam-recycling","product-type-crushing-machine"],"_links":{"self":[{"href":"https:\/\/www.plasticgranularmachine.com\/es\/wp-json\/wp\/v2\/product\/425","targetHints":{"allow":["GET"]}}],"collection":[{"href":"https:\/\/www.plasticgranularmachine.com\/es\/wp-json\/wp\/v2\/product"}],"about":[{"href":"https:\/\/www.plasticgranularmachine.com\/es\/wp-json\/wp\/v2\/types\/product"}],"author":[{"embeddable":true,"href":"https:\/\/www.plasticgranularmachine.com\/es\/wp-json\/wp\/v2\/users\/1"}],"wp:featuredmedia":[{"embeddable":true,"href":"https:\/\/www.plasticgranularmachine.com\/es\/wp-json\/wp\/v2\/media\/1166"}],"wp:attachment":[{"href":"https:\/\/www.plasticgranularmachine.com\/es\/wp-json\/wp\/v2\/media?parent=425"}],"wp:term":[{"taxonomy":"post_tag","embeddable":true,"href":"https:\/\/www.plasticgranularmachine.com\/es\/wp-json\/wp\/v2\/tags?post=425"},{"taxonomy":"product-type","embeddable":true,"href":"https:\/\/www.plasticgranularmachine.com\/es\/wp-json\/wp\/v2\/product-type?post=425"}],"curies":[{"name":"wp","href":"https:\/\/api.w.org\/{rel}","templated":true}]}}