{"id":436,"date":"2022-12-09T14:32:01","date_gmt":"2022-12-09T06:32:01","guid":{"rendered":"https:\/\/www.plasticgranularmachine.com\/?post_type=product&#038;p=436"},"modified":"2025-02-06T14:35:44","modified_gmt":"2025-02-06T06:35:44","slug":"plastic-film-washing-machine","status":"publish","type":"product","link":"https:\/\/www.plasticgranularmachine.com\/es\/product\/plastic-film-washing-machine\/","title":{"rendered":"Lavadora de pel\u00edcula pl\u00e1stica"},"content":{"rendered":"<p class=\"translation-block\">La m\u00e1quina de lavado de pel\u00edculas de pl\u00e1stico puede limpiar las impurezas y manchas adheridas a la pel\u00edcula de pl\u00e1stico y es una m\u00e1quina importante en la <a href=\"https:\/\/www.plasticgranularmachine.com\/es\/product\/plastic-film-recycling-line\/\">l\u00ednea de reciclaje de pel\u00edculas PE PP<\/a>. Puede enjuagar la pel\u00edcula de pl\u00e1stico. A trav\u00e9s de la limpieza, los sedimentos y suelos adheridos se depositar\u00e1n en el fondo del tanque. Solo la pel\u00edcula de pl\u00e1stico limpia puede tener un mejor efecto de granulacion.<\/p>    <figure class=\"wp-block-gallery has-nested-images columns-default is-cropped wp-block-gallery-2 is-layout-flex wp-block-gallery-is-layout-flex\"> <figure class=\"wp-block-image size-full\"><img loading=\"lazy\" decoding=\"async\" width=\"720\" height=\"540\" data-id=\"1488\" src=\"https:\/\/www.plasticgranularmachine.com\/wp-content\/uploads\/2022\/12\/PP-PE-films-to-be-recycled.webp\" alt=\"PP PE PELGAS para reciclar\" class=\"wp-image-1488\" srcset=\"https:\/\/www.plasticgranularmachine.com\/wp-content\/uploads\/2022\/12\/PP-PE-films-to-be-recycled.webp 720w, https:\/\/www.plasticgranularmachine.com\/wp-content\/uploads\/2022\/12\/PP-PE-films-to-be-recycled-300x225.webp 300w, https:\/\/www.plasticgranularmachine.com\/wp-content\/uploads\/2022\/12\/PP-PE-films-to-be-recycled-16x12.webp 16w\" sizes=\"auto, (max-width: 720px) 100vw, 720px\" \/><figcaption class=\"wp-element-caption\">PP PE PELGAS para reciclar<\/figcaption><\/figure>    <figure class=\"wp-block-image size-large\"><img loading=\"lazy\" decoding=\"async\" width=\"720\" height=\"540\" data-id=\"1487\" src=\"https:\/\/www.plasticgranularmachine.com\/wp-content\/uploads\/2022\/12\/PP-film-recycling-line-2.webp\" alt=\"L\u00ednea de reciclaje de pel\u00edculas de PP\" class=\"wp-image-1487\" srcset=\"https:\/\/www.plasticgranularmachine.com\/wp-content\/uploads\/2022\/12\/PP-film-recycling-line-2.webp 720w, https:\/\/www.plasticgranularmachine.com\/wp-content\/uploads\/2022\/12\/PP-film-recycling-line-2-300x225.webp 300w, https:\/\/www.plasticgranularmachine.com\/wp-content\/uploads\/2022\/12\/PP-film-recycling-line-2-16x12.webp 16w\" sizes=\"auto, (max-width: 720px) 100vw, 720px\" \/><figcaption class=\"wp-element-caption\">L\u00ednea de reciclaje de pel\u00edculas de PP<\/figcaption><\/figure>    <figure class=\"wp-block-image size-full\"><img loading=\"lazy\" decoding=\"async\" width=\"720\" height=\"540\" data-id=\"1486\" src=\"https:\/\/www.plasticgranularmachine.com\/wp-content\/uploads\/2022\/12\/high-purity-plastic-film-pieces.webp\" alt=\"piezas de pel\u00edcula de pl\u00e1stico de alta pureza\" class=\"wp-image-1486\" srcset=\"https:\/\/www.plasticgranularmachine.com\/wp-content\/uploads\/2022\/12\/high-purity-plastic-film-pieces.webp 720w, https:\/\/www.plasticgranularmachine.com\/wp-content\/uploads\/2022\/12\/high-purity-plastic-film-pieces-300x225.webp 300w, https:\/\/www.plasticgranularmachine.com\/wp-content\/uploads\/2022\/12\/high-purity-plastic-film-pieces-16x12.webp 16w\" sizes=\"auto, (max-width: 720px) 100vw, 720px\" \/><figcaption class=\"wp-element-caption\">piezas de pel\u00edcula de pl\u00e1stico de alta pureza<\/figcaption><\/figure> <\/figure>    <h2 class=\"wp-block-heading\">Principio de trabajo de la lavadora de pl\u00e1stico<\/h2>    <p class=\"translation-block\">El principio de la m\u00e1quina de lavado de pel\u00edculas PE es muy simple. Hay varias placas dentadas dentro de la m\u00e1quina de lavado de chatarra pl\u00e1stica. Durante el funcionamiento de la m\u00e1quina, la placa dentada girar\u00e1 y empujar\u00e1 la pel\u00edcula PP PE hacia adelante. Cuando el material se mueve de un extremo a otro, la pel\u00edcula de pl\u00e1stico se enjuaga. Cabe destacar que la pel\u00edcula de pl\u00e1stico a limpiar debe ser la pel\u00edcula de pl\u00e1stico triturada por el <a href=\"https:\/\/www.plasticgranularmachine.com\/es\/product\/plastic-film-crusher\/\">triturador de pel\u00edculas pl\u00e1sticas<\/a>.<\/p>    <figure class=\"wp-block-gallery has-nested-images columns-default is-cropped wp-block-gallery-3 is-layout-flex wp-block-gallery-is-layout-flex\"> <figure class=\"wp-block-image size-full\"><img loading=\"lazy\" decoding=\"async\" width=\"720\" height=\"540\" data-id=\"1490\" src=\"https:\/\/www.plasticgranularmachine.com\/wp-content\/uploads\/2022\/12\/pe-film-washing-machine.webp\" alt=\"lavadora de pel\u00edculas de educaci\u00f3n f\u00edsica\" class=\"wp-image-1490\" srcset=\"https:\/\/www.plasticgranularmachine.com\/wp-content\/uploads\/2022\/12\/pe-film-washing-machine.webp 720w, https:\/\/www.plasticgranularmachine.com\/wp-content\/uploads\/2022\/12\/pe-film-washing-machine-300x225.webp 300w, https:\/\/www.plasticgranularmachine.com\/wp-content\/uploads\/2022\/12\/pe-film-washing-machine-16x12.webp 16w\" sizes=\"auto, (max-width: 720px) 100vw, 720px\" \/><figcaption class=\"wp-element-caption\">lavadora de pel\u00edculas de educaci\u00f3n f\u00edsica<\/figcaption><\/figure>    <figure class=\"wp-block-image size-large\"><img loading=\"lazy\" decoding=\"async\" width=\"720\" height=\"541\" data-id=\"1489\" src=\"https:\/\/www.plasticgranularmachine.com\/wp-content\/uploads\/2022\/12\/plastic-film-washing-machine-1.webp\" alt=\"lavadora de pelicula plastica\" class=\"wp-image-1489\" srcset=\"https:\/\/www.plasticgranularmachine.com\/wp-content\/uploads\/2022\/12\/plastic-film-washing-machine-1.webp 720w, https:\/\/www.plasticgranularmachine.com\/wp-content\/uploads\/2022\/12\/plastic-film-washing-machine-1-300x225.webp 300w, https:\/\/www.plasticgranularmachine.com\/wp-content\/uploads\/2022\/12\/plastic-film-washing-machine-1-16x12.webp 16w\" sizes=\"auto, (max-width: 720px) 100vw, 720px\" \/><figcaption class=\"wp-element-caption\">lavadora de pelicula plastica<\/figcaption><\/figure> <\/figure>    <figure class=\"wp-block-gallery has-nested-images columns-default is-cropped wp-block-gallery-4 is-layout-flex wp-block-gallery-is-layout-flex\"> <figure class=\"wp-block-image size-full\"><img loading=\"lazy\" decoding=\"async\" width=\"720\" height=\"540\" data-id=\"1492\" src=\"https:\/\/www.plasticgranularmachine.com\/wp-content\/uploads\/2022\/12\/rotary-pushers-of-plastic-film-washing-machine.webp\" alt=\"Presentadores rotativos de lavadora de pel\u00edculas de pl\u00e1stico\" class=\"wp-image-1492\" srcset=\"https:\/\/www.plasticgranularmachine.com\/wp-content\/uploads\/2022\/12\/rotary-pushers-of-plastic-film-washing-machine.webp 720w, https:\/\/www.plasticgranularmachine.com\/wp-content\/uploads\/2022\/12\/rotary-pushers-of-plastic-film-washing-machine-300x225.webp 300w, https:\/\/www.plasticgranularmachine.com\/wp-content\/uploads\/2022\/12\/rotary-pushers-of-plastic-film-washing-machine-16x12.webp 16w\" sizes=\"auto, (max-width: 720px) 100vw, 720px\" \/><figcaption class=\"wp-element-caption\">Presentadores rotativos de lavadora de pel\u00edculas de pl\u00e1stico<\/figcaption><\/figure>    <figure class=\"wp-block-image size-full\"><img loading=\"lazy\" decoding=\"async\" width=\"720\" height=\"540\" data-id=\"1493\" src=\"https:\/\/www.plasticgranularmachine.com\/wp-content\/uploads\/2022\/12\/toothed-plates-of-the-pe-film-washing-machine.webp\" alt=\"placas dentadas de la lavadora de pel\u00edculas de educaci\u00f3n f\u00edsica\" class=\"wp-image-1493\" srcset=\"https:\/\/www.plasticgranularmachine.com\/wp-content\/uploads\/2022\/12\/toothed-plates-of-the-pe-film-washing-machine.webp 720w, https:\/\/www.plasticgranularmachine.com\/wp-content\/uploads\/2022\/12\/toothed-plates-of-the-pe-film-washing-machine-300x225.webp 300w, https:\/\/www.plasticgranularmachine.com\/wp-content\/uploads\/2022\/12\/toothed-plates-of-the-pe-film-washing-machine-16x12.webp 16w\" sizes=\"auto, (max-width: 720px) 100vw, 720px\" \/><figcaption class=\"wp-element-caption\">placas dentadas de la lavadora de pel\u00edculas de educaci\u00f3n f\u00edsica<\/figcaption><\/figure> <\/figure>    <h2 class=\"wp-block-heading\">Par\u00e1metros de la lavadora de pel\u00edculas PE<\/h2>    <p>A continuaci\u00f3n se presentan algunos par\u00e1metros de las lavadoras de pel\u00edculas de pl\u00e1stico para referencia, le proporcionaremos lavadoras de pel\u00edculas PP de PP personalizadas de acuerdo con la producci\u00f3n real. \u00a1H\u00e1ganos saber sus requisitos de producci\u00f3n!<\/p>    <figure class=\"wp-block-table aligncenter\"><table class=\"has-fixed-layout\"><tbody><tr><td>Nombre<\/td><td>Lavadora de pl\u00e1stico<\/td><\/tr><tr><td>Tama\u00f1o<\/td><td>15-20m<\/td><\/tr><tr><td>Fuerza de motor<\/td><td>3kW<\/td><\/tr><tr><td>Materias primas<\/td><td>PP, PE, PET, LDPE, etc.<\/td><\/tr><tr><td>Funci\u00f3n<\/td><td>Limpiar pel\u00edculas de PP PE y mejorar las purezas<\/td><\/tr><tr><td>Servicios<\/td><td>Personalizado, una garant\u00eda de un a\u00f1o y soporte t\u00e9cnico<\/td><\/tr><\/tbody><\/table><\/figure>   <div class=\"wp-block-image\"> <figure class=\"aligncenter size-full\"><img loading=\"lazy\" decoding=\"async\" width=\"720\" height=\"540\" src=\"https:\/\/www.plasticgranularmachine.com\/wp-content\/uploads\/2022\/12\/plastic-washing-machine.webp\" alt=\"lavadora de plastico\" class=\"wp-image-1494\" srcset=\"https:\/\/www.plasticgranularmachine.com\/wp-content\/uploads\/2022\/12\/plastic-washing-machine.webp 720w, https:\/\/www.plasticgranularmachine.com\/wp-content\/uploads\/2022\/12\/plastic-washing-machine-300x225.webp 300w, https:\/\/www.plasticgranularmachine.com\/wp-content\/uploads\/2022\/12\/plastic-washing-machine-16x12.webp 16w\" sizes=\"auto, (max-width: 720px) 100vw, 720px\" \/><figcaption class=\"wp-element-caption\">lavadora de plastico<\/figcaption><\/figure> <\/div>   <h2 class=\"wp-block-heading\">\u00bfCu\u00e1les son las ventajas de la lavadora de chatarra de pl\u00e1stico?<\/h2>    <ol class=\"wp-block-list\"> <li>El limpiador de pl\u00e1stico est\u00e1 hecho de acero inoxidable, que no se oxida f\u00e1cilmente.<\/li>    <li>Se pueden proporcionar servicios personalizados. Podemos personalizarlo seg\u00fan nuestros requisitos.<\/li>    <li>Buen efecto de limpieza. La pel\u00edcula de pl\u00e1stico limpia est\u00e1 libre de impurezas, sin enredo y sin rotura.<\/li>    <li>Perfectamente conectado con secadoras de pl\u00e1stico, etc., y se usan juntas para mejorar la eficiencia del reciclaje de pel\u00edculas de pl\u00e1stico.<\/li> <\/ol>    <figure class=\"wp-block-gallery has-nested-images columns-default is-cropped wp-block-gallery-5 is-layout-flex wp-block-gallery-is-layout-flex\"> <figure class=\"wp-block-image size-large\"><img loading=\"lazy\" decoding=\"async\" width=\"720\" height=\"540\" data-id=\"1496\" src=\"https:\/\/www.plasticgranularmachine.com\/wp-content\/uploads\/2022\/12\/plastic-scrap-washing-machine.webp\" alt=\"lavadora de pl\u00e1stico\" class=\"wp-image-1496\" srcset=\"https:\/\/www.plasticgranularmachine.com\/wp-content\/uploads\/2022\/12\/plastic-scrap-washing-machine.webp 720w, https:\/\/www.plasticgranularmachine.com\/wp-content\/uploads\/2022\/12\/plastic-scrap-washing-machine-300x225.webp 300w, https:\/\/www.plasticgranularmachine.com\/wp-content\/uploads\/2022\/12\/plastic-scrap-washing-machine-16x12.webp 16w\" sizes=\"auto, (max-width: 720px) 100vw, 720px\" \/><figcaption class=\"wp-element-caption\">lavadora de pl\u00e1stico<\/figcaption><\/figure>    <figure class=\"wp-block-image size-large\"><img loading=\"lazy\" decoding=\"async\" width=\"720\" height=\"540\" data-id=\"1495\" src=\"https:\/\/www.plasticgranularmachine.com\/wp-content\/uploads\/2022\/12\/pe-film-washing-machine-with-vertical-plastic-dryer.webp\" alt=\"lavadora de pel\u00edculas de educaci\u00f3n f\u00edsica con secadora de pl\u00e1stico vertical\" class=\"wp-image-1495\" srcset=\"https:\/\/www.plasticgranularmachine.com\/wp-content\/uploads\/2022\/12\/pe-film-washing-machine-with-vertical-plastic-dryer.webp 720w, https:\/\/www.plasticgranularmachine.com\/wp-content\/uploads\/2022\/12\/pe-film-washing-machine-with-vertical-plastic-dryer-300x225.webp 300w, https:\/\/www.plasticgranularmachine.com\/wp-content\/uploads\/2022\/12\/pe-film-washing-machine-with-vertical-plastic-dryer-16x12.webp 16w\" sizes=\"auto, (max-width: 720px) 100vw, 720px\" \/><figcaption class=\"wp-element-caption\">lavadora de pel\u00edculas de educaci\u00f3n f\u00edsica con secadora de pl\u00e1stico vertical<\/figcaption><\/figure> <\/figure>    <h2 class=\"wp-block-heading\">Alcance de aplicaci\u00f3n de la lavadora de pel\u00edculas de pl\u00e1stico<\/h2>    <p class=\"translation-block\">Nuestra m\u00e1quina de lavado de pl\u00e1stico PP PE LDPE no solo es adecuada para limpiar pel\u00edculas pl\u00e1sticas, sino tambi\u00e9n para limpiar escamas de pl\u00e1stico. Ya sea que su material sea PE, <a href=\"https:\/\/en.wikipedia.org\/wiki\/Polypropylene\" target=\"_blank\" rel=\"noopener\">PP<\/a> o PET. Esta m\u00e1quina puede ayudarlo a limpiarlo.<\/p>    <h2 class=\"wp-block-heading\">Precio de lavadora de pl\u00e1stico<\/h2>    <p>El precio de la lavadora de pel\u00edculas de pl\u00e1stico se ve afectado por muchos factores. Necesitamos conocer sus necesidades, ubicaci\u00f3n y si hay otras necesidades especiales antes de que podamos darle una cita exacta. Adem\u00e1s, el precio de las lavadoras de pel\u00edculas PE tambi\u00e9n se ve afectada por las materias primas, las pol\u00edticas de exportaci\u00f3n y los modelos de m\u00e1quinas. Por lo tanto, el precio de las lavadoras de pl\u00e1stico no es fijo. Si el proveedor de maquinaria de reciclaje de pl\u00e1stico puede citarlo sin pedir ninguna informaci\u00f3n, no es cre\u00edble.<\/p>","protected":false},"excerpt":{"rendered":"<p>The plastic film washing machine can clean the impurities and stains attached to the plastic film and is an important machine in the PE PP film recycling line. It can rinse the plastic film. Through cleaning, the attached sediment and soil will be deposited at the bottom of the tank. Only the cleaned plastic film [&hellip;]<\/p>\n","protected":false},"author":1,"featured_media":113,"parent":0,"template":"","tags":[41,39],"product-type":[6],"class_list":["post-436","product","type-product","status-publish","has-post-thumbnail","hentry","tag-plastic-film-recycling","tag-washing","product-type-washing-machine"],"_links":{"self":[{"href":"https:\/\/www.plasticgranularmachine.com\/es\/wp-json\/wp\/v2\/product\/436","targetHints":{"allow":["GET"]}}],"collection":[{"href":"https:\/\/www.plasticgranularmachine.com\/es\/wp-json\/wp\/v2\/product"}],"about":[{"href":"https:\/\/www.plasticgranularmachine.com\/es\/wp-json\/wp\/v2\/types\/product"}],"author":[{"embeddable":true,"href":"https:\/\/www.plasticgranularmachine.com\/es\/wp-json\/wp\/v2\/users\/1"}],"wp:featuredmedia":[{"embeddable":true,"href":"https:\/\/www.plasticgranularmachine.com\/es\/wp-json\/wp\/v2\/media\/113"}],"wp:attachment":[{"href":"https:\/\/www.plasticgranularmachine.com\/es\/wp-json\/wp\/v2\/media?parent=436"}],"wp:term":[{"taxonomy":"post_tag","embeddable":true,"href":"https:\/\/www.plasticgranularmachine.com\/es\/wp-json\/wp\/v2\/tags?post=436"},{"taxonomy":"product-type","embeddable":true,"href":"https:\/\/www.plasticgranularmachine.com\/es\/wp-json\/wp\/v2\/product-type?post=436"}],"curies":[{"name":"wp","href":"https:\/\/api.w.org\/{rel}","templated":true}]}}