{"id":447,"date":"2022-12-15T14:18:51","date_gmt":"2022-12-15T06:18:51","guid":{"rendered":"https:\/\/www.plasticgranularmachine.com\/?post_type=product&#038;p=447"},"modified":"2025-01-06T09:47:19","modified_gmt":"2025-01-06T01:47:19","slug":"eps-compactor-for-resycling-eps-foam","status":"publish","type":"product","link":"https:\/\/www.plasticgranularmachine.com\/es\/product\/eps-compactor-for-resycling-eps-foam\/","title":{"rendered":"Compactador EPS para Reciclaje de Poliestireno Poliestireno"},"content":{"rendered":"<p>El compactador de EPS tambi\u00e9n se llama compactador de poliestireno y compactador de reciclaje de espuma de poliestireno EPS. Es una m\u00e1quina que puede comprimir grandes vol\u00famenes de espuma en bloques de espuma de alta densidad.<\/p>    <p>El compactador de EPS puede reducir el volumen de espuma 40 veces. Tiene las caracter\u00edsticas de un alto grado de automatizaci\u00f3n, ahorro de energ\u00eda y libre de contaminaci\u00f3n.<\/p>    <figure class=\"wp-block-embed is-type-video is-provider-youtube wp-block-embed-youtube wp-embed-aspect-16-9 wp-has-aspect-ratio\"><div class=\"wp-block-embed__wrapper\"> <iframe loading=\"lazy\" title=\"\u00bfEst\u00e1s cansado de la voluminosa espuma EPS? \u00a1Tenemos el Compactador EPS!\" width=\"500\" height=\"281\" src=\"https:\/\/www.youtube.com\/embed\/mx_nA33ul3w?feature=oembed\" frameborder=\"0\" allow=\"accelerometer; autoplay; clipboard-write; encrypted-media; gyroscope; picture-in-picture; web-share\" referrerpolicy=\"strict-origin-when-cross-origin\" allowfullscreen><\/iframe> <\/div><figcaption class=\"wp-element-caption\">El v\u00eddeo muestra c\u00f3mo funciona un compactador de EPS.<\/figcaption><\/figure>    <h2 class=\"wp-block-heading\">\u00bfCu\u00e1les son las ventajas del compactador de espuma eficiente?<\/h2>    <ol class=\"wp-block-list\"> <li>El compactador de poliestireno est\u00e1 equipado con un dispositivo triturador que puede triturar directamente grandes placas de espuma.<\/li>    <li>La densidad de la espuma comprimida por el compactador de poliestireno es alta, lo que puede comprimir la espuma EPS 40 veces.<\/li>    <li>Hay un dispositivo regulador de presi\u00f3n en el extremo frontal del dispositivo de compresi\u00f3n, que puede ajustar la relaci\u00f3n de compresi\u00f3n.<\/li>    <li>Los bloques de espuma comprimida son f\u00e1ciles de cortar, almacenar y apilar.<\/li>    <li>No hay ning\u00fan olor peculiar durante el funcionamiento de la m\u00e1quina.<\/li>    <li>Los materiales de EPS comprimidos se pueden reciclar.<\/li>    <li>El tama\u00f1o de la m\u00e1quina compactadora de EPS se puede personalizar seg\u00fan los requisitos del cliente.<\/li> <\/ol>    <figure class=\"wp-block-gallery has-nested-images columns-default is-cropped wp-block-gallery-2 is-layout-flex wp-block-gallery-is-layout-flex\"> <figure class=\"wp-block-image size-large\"><img loading=\"lazy\" decoding=\"async\" width=\"720\" height=\"540\" data-id=\"1227\" src=\"https:\/\/www.plasticgranularmachine.com\/wp-content\/uploads\/2022\/12\/eps-compactor-machine1.webp\" alt=\"m\u00e1quina compactadora eps\" class=\"wp-image-1227\" srcset=\"https:\/\/www.plasticgranularmachine.com\/wp-content\/uploads\/2022\/12\/eps-compactor-machine1.webp 720w, https:\/\/www.plasticgranularmachine.com\/wp-content\/uploads\/2022\/12\/eps-compactor-machine1-300x225.webp 300w, https:\/\/www.plasticgranularmachine.com\/wp-content\/uploads\/2022\/12\/eps-compactor-machine1-16x12.webp 16w\" sizes=\"auto, (max-width: 720px) 100vw, 720px\" \/><figcaption class=\"wp-element-caption\">m\u00e1quina compactadora eps<\/figcaption><\/figure>    <figure class=\"wp-block-image size-large\"><img loading=\"lazy\" decoding=\"async\" width=\"720\" height=\"540\" data-id=\"1228\" src=\"https:\/\/www.plasticgranularmachine.com\/wp-content\/uploads\/2022\/12\/end-products-by-the-EPS-compactor.webp\" alt=\"productos finales por el compactador de EPS\" class=\"wp-image-1228\" srcset=\"https:\/\/www.plasticgranularmachine.com\/wp-content\/uploads\/2022\/12\/end-products-by-the-EPS-compactor.webp 720w, https:\/\/www.plasticgranularmachine.com\/wp-content\/uploads\/2022\/12\/end-products-by-the-EPS-compactor-300x225.webp 300w, https:\/\/www.plasticgranularmachine.com\/wp-content\/uploads\/2022\/12\/end-products-by-the-EPS-compactor-16x12.webp 16w\" sizes=\"auto, (max-width: 720px) 100vw, 720px\" \/><figcaption class=\"wp-element-caption\">productos finales por el compactador de EPS<\/figcaption><\/figure> <\/figure>    <h2 class=\"wp-block-heading\">\u00bfC\u00f3mo funciona la m\u00e1quina compactadora de EPS?<\/h2>    <ol class=\"wp-block-list\"> <li>Primero, debemos colocar la espuma EPS en la tolva.<\/li>    <li>Luego, la espuma EPS ingresar\u00e1 a la c\u00e1mara de trituraci\u00f3n para triturarla. La trituradora conectada al compactador de Eps puede triturar grandes trozos de espuma en trozos peque\u00f1os.<\/li>    <li>Luego, el mecanismo de tornillo aprieta peque\u00f1os trozos de <a href=\"https:\/\/onlinelibrary.wiley.com\/doi\/10.1002\/app.47529\" target=\"_blank\" rel=\"noopener\">espuma EPS<\/a> en un bloque de compresi\u00f3n de secci\u00f3n cuadrada.<\/li> <\/ol>   <div class=\"wp-block-image\"> <figure class=\"aligncenter size-full\"><img loading=\"lazy\" decoding=\"async\" width=\"720\" height=\"540\" src=\"https:\/\/www.plasticgranularmachine.com\/wp-content\/uploads\/2022\/12\/EPS-compressor.webp\" alt=\"compresor EPS\" class=\"wp-image-1229\" srcset=\"https:\/\/www.plasticgranularmachine.com\/wp-content\/uploads\/2022\/12\/EPS-compressor.webp 720w, https:\/\/www.plasticgranularmachine.com\/wp-content\/uploads\/2022\/12\/EPS-compressor-300x225.webp 300w, https:\/\/www.plasticgranularmachine.com\/wp-content\/uploads\/2022\/12\/EPS-compressor-16x12.webp 16w\" sizes=\"auto, (max-width: 720px) 100vw, 720px\" \/><figcaption class=\"wp-element-caption\">compresor EPS<\/figcaption><\/figure> <\/div>   <h2 class=\"wp-block-heading\">Compactador EPS en venta<\/h2>    <figure class=\"wp-block-table\"><table><tbody><tr><td>Modelo<\/td><td>SL-300<\/td><td>SL-400<\/td><\/tr><tr><td>Capacidad<\/td><td>150kg\/hora<\/td><td>250kg\/hora<\/td><\/tr><tr><td>Tama\u00f1o de entrada<\/td><td>1100*800mm<\/td><td>1200*1000mm<\/td><\/tr><tr><td>Fuerza de motor<\/td><td>11kw<\/td><td>22kw<\/td><\/tr><tr><td>Tama\u00f1o de la m\u00e1quina<\/td><td>3000*1400*1400mm<\/td><td>4600*1600*1600mm<\/td><\/tr><\/tbody><\/table><figcaption class=\"wp-element-caption\">Compactador EPS a la venta<\/figcaption><\/figure>    <p>La anterior es la tabla de par\u00e1metros de dos compactadores de poliestireno. Su producci\u00f3n es de 150 kg\/h y 250 kg\/h respectivamente. La potencia del motor es de 11kw y 22kw respectivamente. Puede elegir el compactador de poliestireno adecuado seg\u00fan sus necesidades.<\/p>    <figure class=\"wp-block-gallery has-nested-images columns-default is-cropped wp-block-gallery-3 is-layout-flex wp-block-gallery-is-layout-flex\"> <figure class=\"wp-block-image size-large\"><img loading=\"lazy\" decoding=\"async\" width=\"720\" height=\"540\" data-id=\"1231\" src=\"https:\/\/www.plasticgranularmachine.com\/wp-content\/uploads\/2022\/12\/polystyrene-compactor-details1.webp\" alt=\"detalles del compactador de poliestireno\" class=\"wp-image-1231\" srcset=\"https:\/\/www.plasticgranularmachine.com\/wp-content\/uploads\/2022\/12\/polystyrene-compactor-details1.webp 720w, https:\/\/www.plasticgranularmachine.com\/wp-content\/uploads\/2022\/12\/polystyrene-compactor-details1-300x225.webp 300w, https:\/\/www.plasticgranularmachine.com\/wp-content\/uploads\/2022\/12\/polystyrene-compactor-details1-16x12.webp 16w\" sizes=\"auto, (max-width: 720px) 100vw, 720px\" \/><figcaption class=\"wp-element-caption\">detalles del compactador de poliestireno<\/figcaption><\/figure>    <figure class=\"wp-block-image size-large\"><img loading=\"lazy\" decoding=\"async\" width=\"720\" height=\"540\" data-id=\"1230\" src=\"https:\/\/www.plasticgranularmachine.com\/wp-content\/uploads\/2022\/12\/foam-compressor1.webp\" alt=\"compresor de espuma\" class=\"wp-image-1230\" srcset=\"https:\/\/www.plasticgranularmachine.com\/wp-content\/uploads\/2022\/12\/foam-compressor1.webp 720w, https:\/\/www.plasticgranularmachine.com\/wp-content\/uploads\/2022\/12\/foam-compressor1-300x225.webp 300w, https:\/\/www.plasticgranularmachine.com\/wp-content\/uploads\/2022\/12\/foam-compressor1-16x12.webp 16w\" sizes=\"auto, (max-width: 720px) 100vw, 720px\" \/><figcaption class=\"wp-element-caption\">compresor de espuma<\/figcaption><\/figure> <\/figure>    <h2 class=\"wp-block-heading\">\u00bfPor qu\u00e9 el compactador de poliestireno se est\u00e1 volviendo cada vez m\u00e1s popular?<\/h2>    <p>Hoy en d\u00eda, los pa\u00edses conceden importancia a la industria de protecci\u00f3n del medio ambiente. La incineraci\u00f3n de espuma de EPS es cada vez m\u00e1s indeseable. Por eso, cada vez m\u00e1s personas optan por invertir en la industria del reciclaje de EPS. Para transportar la espuma EPS de forma m\u00e1s c\u00f3moda, se necesita un compactador de poliestireno para reducir el volumen de la espuma.<\/p>    <p class=\"translation-block\">Por lo tanto, los compactadores de poliestireno son cada vez m\u00e1s populares. En Efficient Plastic Recycling Machinery Factory, tambi\u00e9n tenemos el <a href=\"https:\/\/www.plasticgranularmachine.com\/es\/product\/eps-pelletizing-machine\/\">granulador de EPS<\/a>, <a href=\"https:\/\/www.plasticgranularmachine.com\/es\/product\/foam-crushing-machine\/\">m\u00e1quina trituradora de EPS<\/a>, y la l\u00ednea de reciclaje de EPS en venta. Si necesita una <a href=\"https:\/\/www.plasticgranularmachine.com\/es\/product\/eps-recycling-machine\/\">m\u00e1quina de reciclaje de EPS<\/a>, no dude en contactarnos.<\/p>   <div class=\"wp-block-image\"> <figure class=\"aligncenter size-large\"><img loading=\"lazy\" decoding=\"async\" width=\"720\" height=\"540\" src=\"https:\/\/www.plasticgranularmachine.com\/wp-content\/uploads\/2022\/12\/vertical-EPS-foam-compactor.webp\" alt=\"compactador vertical de espuma EPS\" class=\"wp-image-1234\" srcset=\"https:\/\/www.plasticgranularmachine.com\/wp-content\/uploads\/2022\/12\/vertical-EPS-foam-compactor.webp 720w, https:\/\/www.plasticgranularmachine.com\/wp-content\/uploads\/2022\/12\/vertical-EPS-foam-compactor-300x225.webp 300w, https:\/\/www.plasticgranularmachine.com\/wp-content\/uploads\/2022\/12\/vertical-EPS-foam-compactor-16x12.webp 16w\" sizes=\"auto, (max-width: 720px) 100vw, 720px\" \/><figcaption class=\"wp-element-caption\">compactador vertical de espuma EPS<\/figcaption><\/figure> <\/div>   <h2 class=\"wp-block-heading\">Casos de \u00e9xito de compactadores de poliestireno a la venta<\/h2>    <p class=\"translation-block\">En septiembre de 2022, <a href=\"https:\/\/www.plasticgranularmachine.com\/es\/Info\/malaysian-customer-ordered-two-eps-foam-compactors\/\">clientes de Malasia ordenaron dos compactadores de reciclaje de EPS<\/a>. Este cliente tiene una planta de reciclaje de EPS. Adem\u00e1s de producir bloques de espuma comprimida, tambi\u00e9n produce gr\u00e1nulos de EPS. Despu\u00e9s de casi dos meses de uso, el cliente est\u00e1 muy satisfecho con el rendimiento de producci\u00f3n del compactador de espuma.<\/p>   <div class=\"wp-block-image\"> <figure class=\"aligncenter size-full\"><img loading=\"lazy\" decoding=\"async\" width=\"720\" height=\"540\" src=\"https:\/\/www.plasticgranularmachine.com\/wp-content\/uploads\/2022\/12\/packing-picture.webp\" alt=\" Se vende compactador de poliestireno\" class=\"wp-image-446\" srcset=\"https:\/\/www.plasticgranularmachine.com\/wp-content\/uploads\/2022\/12\/packing-picture.webp 720w, https:\/\/www.plasticgranularmachine.com\/wp-content\/uploads\/2022\/12\/packing-picture-300x225.webp 300w\" sizes=\"auto, (max-width: 720px) 100vw, 720px\" \/><figcaption class=\"wp-element-caption\"> Se vende compactador de poliestireno<\/figcaption><\/figure> <\/div>   <h2 class=\"wp-block-heading\">Precauciones de operaci\u00f3n<\/h2>    <ol class=\"wp-block-list\"> <li>Confirme la fuente de alimentaci\u00f3n utilizada por la m\u00e1quina.<\/li>    <li>No meta la mano en la caja de material, la pieza de transmisi\u00f3n o la pieza de calefacci\u00f3n durante la operaci\u00f3n.<\/li>    <li>Utilice una m\u00e1scara puntiaguda y protecci\u00f3n para los o\u00eddos durante la operaci\u00f3n.<\/li>    <li>No lave la m\u00e1quina directamente con agua. No trabaje descalzo cuando el lugar de trabajo est\u00e9 mojado.<\/li>    <li>Cuando el compactador de EPS no est\u00e9 en uso, cubra el contenedor para evitar que otros objetos caigan en \u00e9l.<\/li>    <li>Cuando la m\u00e1quina no est\u00e9 en uso, aseg\u00farese de desconectar la fuente de alimentaci\u00f3n.<\/li>    <li>No reemplace piezas de la m\u00e1quina a voluntad.<\/li>    <li>Las piezas principales se lubricar\u00e1n con aceite con frecuencia.<\/li> <\/ol>   <div class=\"wp-block-image\"> <figure class=\"aligncenter size-full\"><img loading=\"lazy\" decoding=\"async\" width=\"720\" height=\"540\" src=\"https:\/\/www.plasticgranularmachine.com\/wp-content\/uploads\/2022\/12\/styrofoam-compactor-1.webp\" alt=\"compactador de espuma de poliestireno\" class=\"wp-image-1233\" srcset=\"https:\/\/www.plasticgranularmachine.com\/wp-content\/uploads\/2022\/12\/styrofoam-compactor-1.webp 720w, https:\/\/www.plasticgranularmachine.com\/wp-content\/uploads\/2022\/12\/styrofoam-compactor-1-300x225.webp 300w, https:\/\/www.plasticgranularmachine.com\/wp-content\/uploads\/2022\/12\/styrofoam-compactor-1-16x12.webp 16w\" sizes=\"auto, (max-width: 720px) 100vw, 720px\" \/><figcaption class=\"wp-element-caption\">compactador de espuma de poliestireno<\/figcaption><\/figure> <\/div>   <h2 class=\"wp-block-heading\">Relacionados con el env\u00edo de la m\u00e1quina compactadora de EPS<\/h2>    <ol class=\"wp-block-list\"> <li>El compactador de poliestireno se puede personalizar seg\u00fan sus necesidades de producci\u00f3n y el per\u00edodo de producci\u00f3n es de aproximadamente 20 d\u00edas.<\/li>    <li>Env\u00ede peri\u00f3dicamente actualizaciones sobre el progreso de la producci\u00f3n y v\u00eddeos de las m\u00e1quinas de prueba. Confirme la informaci\u00f3n del compresor de espuma con usted antes del env\u00edo.<\/li>    <li>Le invitamos a visitar nuestra f\u00e1brica Efficient para inspeccionar nuestros compresores EPS.<\/li>    <li>Env\u00edo a trav\u00e9s de log\u00edstica internacional.<\/li>    <li>Brindar soporte t\u00e9cnico y servicios de instalaci\u00f3n en sitio.<\/li>    <li>Se incluye una garant\u00eda de un a\u00f1o, asegurando la calidad de la m\u00e1quina.<\/li> <\/ol>   <div class=\"wp-block-image\"> <figure class=\"aligncenter size-full\"><img loading=\"lazy\" decoding=\"async\" width=\"720\" height=\"540\" src=\"https:\/\/www.plasticgranularmachine.com\/wp-content\/uploads\/2022\/12\/Polystyrene-Compactor-Packaging.webp\" alt=\"Embalaje compactador de poliestireno\" class=\"wp-image-1232\" srcset=\"https:\/\/www.plasticgranularmachine.com\/wp-content\/uploads\/2022\/12\/Polystyrene-Compactor-Packaging.webp 720w, https:\/\/www.plasticgranularmachine.com\/wp-content\/uploads\/2022\/12\/Polystyrene-Compactor-Packaging-300x225.webp 300w, https:\/\/www.plasticgranularmachine.com\/wp-content\/uploads\/2022\/12\/Polystyrene-Compactor-Packaging-16x12.webp 16w\" sizes=\"auto, (max-width: 720px) 100vw, 720px\" \/><figcaption class=\"wp-element-caption\">Embalaje compactador de poliestireno<\/figcaption><\/figure> <\/div>   <p>En resumen, nuestros compactadores de EPS son fiables y de alta calidad. Si est\u00e1 buscando una gran soluci\u00f3n para el reciclaje de poliestireno, no dude en ponerse en contacto con nosotros. \u00a1Ofertas incre\u00edbles a precios inmejorables le esperan!<\/p>","protected":false},"excerpt":{"rendered":"<p>El compactador de EPS puede reducir el volumen de espuma en 40 veces. Tiene las caracter\u00edsticas de un alto grado de automatizaci\u00f3n, ahorro de energ\u00eda y libre de contaminaci\u00f3n.<\/p>","protected":false},"author":1,"featured_media":1225,"parent":0,"template":"","tags":[35,33],"product-type":[4],"class_list":["post-447","product","type-product","status-publish","has-post-thumbnail","hentry","tag-crushing","tag-styrofoam-recycling","product-type-crushing-machine"],"_links":{"self":[{"href":"https:\/\/www.plasticgranularmachine.com\/es\/wp-json\/wp\/v2\/product\/447","targetHints":{"allow":["GET"]}}],"collection":[{"href":"https:\/\/www.plasticgranularmachine.com\/es\/wp-json\/wp\/v2\/product"}],"about":[{"href":"https:\/\/www.plasticgranularmachine.com\/es\/wp-json\/wp\/v2\/types\/product"}],"author":[{"embeddable":true,"href":"https:\/\/www.plasticgranularmachine.com\/es\/wp-json\/wp\/v2\/users\/1"}],"wp:featuredmedia":[{"embeddable":true,"href":"https:\/\/www.plasticgranularmachine.com\/es\/wp-json\/wp\/v2\/media\/1225"}],"wp:attachment":[{"href":"https:\/\/www.plasticgranularmachine.com\/es\/wp-json\/wp\/v2\/media?parent=447"}],"wp:term":[{"taxonomy":"post_tag","embeddable":true,"href":"https:\/\/www.plasticgranularmachine.com\/es\/wp-json\/wp\/v2\/tags?post=447"},{"taxonomy":"product-type","embeddable":true,"href":"https:\/\/www.plasticgranularmachine.com\/es\/wp-json\/wp\/v2\/product-type?post=447"}],"curies":[{"name":"wp","href":"https:\/\/api.w.org\/{rel}","templated":true}]}}