{"id":495,"date":"2023-05-09T16:29:55","date_gmt":"2023-05-09T08:29:55","guid":{"rendered":"https:\/\/www.plasticgranularmachine.com\/?post_type=product&#038;p=495"},"modified":"2025-02-21T14:27:11","modified_gmt":"2025-02-21T06:27:11","slug":"hydraulic-plastic-baling-machine","status":"publish","type":"product","link":"https:\/\/www.plasticgranularmachine.com\/es\/product\/hydraulic-plastic-baling-machine\/","title":{"rendered":"M\u00e1quina empacadora de pl\u00e1stico hidr\u00e1ulica"},"content":{"rendered":"<p>Utilizando una m\u00e1quina empacadora de pl\u00e1stico hidr\u00e1ulica, los residuos de pl\u00e1stico se comprimen y empaquetan en una bala que se puede transportar y almacenar f\u00e1cilmente. Efficient Machinery proporciona una m\u00e1quina empacadora profesional que puede empacar pel\u00edculas y botellas de pl\u00e1stico. <\/p>   <div class=\"wp-block-image\"> <figure class=\"aligncenter size-full\"><img loading=\"lazy\" decoding=\"async\" width=\"720\" height=\"540\" src=\"https:\/\/www.plasticgranularmachine.com\/wp-content\/uploads\/2023\/05\/raw-materials-of-plastic-baler1.webp\" alt=\"\" class=\"wp-image-497\" srcset=\"https:\/\/www.plasticgranularmachine.com\/wp-content\/uploads\/2023\/05\/raw-materials-of-plastic-baler1.webp 720w, https:\/\/www.plasticgranularmachine.com\/wp-content\/uploads\/2023\/05\/raw-materials-of-plastic-baler1-300x225.webp 300w\" sizes=\"auto, (max-width: 720px) 100vw, 720px\" \/><\/figure> <\/div>   <h2 class=\"wp-block-heading\">Aplicaci\u00f3n de la m\u00e1quina empacadora de pl\u00e1stico hidr\u00e1ulica.<\/h2>    <p class=\"translation-block\">Instalaciones de reciclaje: La m\u00e1quina de prensado hidr\u00e1ulico de pl\u00e1stico se utiliza com\u00fanmente en instalaciones de reciclaje para comprimir y empaquetar materiales de desecho pl\u00e1stico como botellas y pel\u00edculas de pl\u00e1stico. La prensa de pel\u00edcula de pl\u00e1stico puede empaquetar los materiales en fardos para facilitar el transporte y almacenamiento. Esto puede ayudar a reducir el volumen de residuos pl\u00e1sticos y hacer que sea m\u00e1s f\u00e1cil transportarlos y reciclarlos para una <a href=\"https:\/\/www.plasticgranularmachine.com\/es\/product\/plastic-film-recycling-line\/\">planta de reciclaje de pl\u00e1stico<\/a>.<\/p>    <p>Este es un video de comentarios de nuestros clientes en Togo. Usan la m\u00e1quina empacadora de pl\u00e1stico para empacar bolsas de pl\u00e1stico de desecho. <\/p>    <figure class=\"wp-block-embed is-type-video is-provider-youtube wp-block-embed-youtube wp-embed-aspect-16-9 wp-has-aspect-ratio\"><div class=\"wp-block-embed__wrapper\"> <iframe loading=\"lazy\" title=\"M\u00e1quina de balance de botella de pl\u00e1stico eficiente: \u00a1Compresi\u00f3n hidr\u00e1ulica de alta densidad!\" width=\"500\" height=\"281\" src=\"https:\/\/www.youtube.com\/embed\/o6Ju1yAOmuY?feature=oembed\" frameborder=\"0\" allow=\"accelerometer; autoplay; clipboard-write; encrypted-media; gyroscope; picture-in-picture; web-share\" referrerpolicy=\"strict-origin-when-cross-origin\" allowfullscreen><\/iframe> <\/div><\/figure>    <p>Plantas de fabricaci\u00f3n: las plantas de fabricaci\u00f3n suelen generar una gran cantidad de residuos pl\u00e1sticos, como restos de piezas de pl\u00e1stico y materiales de embalaje. Se pueden utilizar m\u00e1quinas empacadoras de pl\u00e1stico para comprimir y empacar estos materiales de desecho en fardos para facilitar su almacenamiento y eliminaci\u00f3n.<\/p>    <p>Centros de gesti\u00f3n de residuos: La m\u00e1quina empacadora de botellas de pl\u00e1stico tambi\u00e9n se utiliza en los centros de gesti\u00f3n de residuos para comprimir y envasar residuos pl\u00e1sticos de hogares y empresas. Esto puede ayudar a reducir el volumen de residuos pl\u00e1sticos en los vertederos. Adem\u00e1s, puede promover un sistema de gesti\u00f3n de residuos m\u00e1s sostenible.<\/p>    <p>Industria agr\u00edcola: La m\u00e1quina empacadora de pel\u00edcula hidr\u00e1ulica tambi\u00e9n se puede utilizar en la industria agr\u00edcola para comprimir y empacar materiales pl\u00e1sticos como pel\u00edculas para invernaderos y tuber\u00edas de riego. Esto puede ayudar a los agricultores a gestionar sus residuos de pel\u00edculas pl\u00e1sticas de manera m\u00e1s eficiente.<\/p>   <div class=\"wp-block-image\"> <figure class=\"aligncenter size-full\"><img loading=\"lazy\" decoding=\"async\" width=\"540\" height=\"720\" src=\"https:\/\/www.plasticgranularmachine.com\/wp-content\/uploads\/2023\/05\/plastic-baler-machine-21.webp\" alt=\"empacadora-de-plastico\" class=\"wp-image-498\" srcset=\"https:\/\/www.plasticgranularmachine.com\/wp-content\/uploads\/2023\/05\/plastic-baler-machine-21.webp 540w, https:\/\/www.plasticgranularmachine.com\/wp-content\/uploads\/2023\/05\/plastic-baler-machine-21-225x300.webp 225w\" sizes=\"auto, (max-width: 540px) 100vw, 540px\" \/><figcaption class=\"wp-element-caption\">empacadora-de-plastico<\/figcaption><\/figure> <\/div>  <div class=\"wp-block-image\"> <figure class=\"aligncenter size-full\"><img loading=\"lazy\" decoding=\"async\" width=\"540\" height=\"720\" src=\"https:\/\/www.plasticgranularmachine.com\/wp-content\/uploads\/2023\/05\/plastic-baler-for-sale1.webp\" alt=\"empacadora de plastico\" class=\"wp-image-499\" srcset=\"https:\/\/www.plasticgranularmachine.com\/wp-content\/uploads\/2023\/05\/plastic-baler-for-sale1.webp 540w, https:\/\/www.plasticgranularmachine.com\/wp-content\/uploads\/2023\/05\/plastic-baler-for-sale1-225x300.webp 225w\" sizes=\"auto, (max-width: 540px) 100vw, 540px\" \/><figcaption class=\"wp-element-caption\">M\u00e1quina empacadora de pl\u00e1stico hidr\u00e1ulica<\/figcaption><\/figure> <\/div>   <h2 class=\"wp-block-heading\">Estructura de la empacadora hidr\u00e1ulica.<\/h2>   <div class=\"wp-block-image\"> <figure class=\"aligncenter size-full\"><img loading=\"lazy\" decoding=\"async\" width=\"720\" height=\"540\" src=\"https:\/\/www.plasticgranularmachine.com\/wp-content\/uploads\/2023\/05\/Waste-plastic-baling-machine-structure1.webp\" alt=\"Estructura-de-la-m\u00e1quina-empacadora-de-residuos-de-pl\u00e1stico\" class=\"wp-image-496\" srcset=\"https:\/\/www.plasticgranularmachine.com\/wp-content\/uploads\/2023\/05\/Waste-plastic-baling-machine-structure1.webp 720w, https:\/\/www.plasticgranularmachine.com\/wp-content\/uploads\/2023\/05\/Waste-plastic-baling-machine-structure1-300x225.webp 300w\" sizes=\"auto, (max-width: 720px) 100vw, 720px\" \/><figcaption class=\"wp-element-caption\">Estructura-de-la-m\u00e1quina-empacadora-de-residuos-de-pl\u00e1stico<\/figcaption><\/figure> <\/div>   <h2 class=\"wp-block-heading\">Ventajas de la m\u00e1quina empacadora de chatarra de botellas para mascotas<\/h2>    <p>Ahorro de espacio: Las m\u00e1quinas empacadoras de desechos de botellas de PET son compactas y est\u00e1n dise\u00f1adas para ocupar un espacio m\u00ednimo, lo que las hace ideales para su uso en \u00e1reas peque\u00f1as.<\/p>    <p>Alta eficiencia: Las m\u00e1quinas tienen una alta capacidad de empacado y pueden comprimir un gran volumen de botellas de PET en un tama\u00f1o m\u00e1s peque\u00f1o, ahorrando as\u00ed espacio y reduciendo los costos de transporte.<\/p>    <p>Seguridad mejorada: las m\u00e1quinas empacadoras de desechos de botellas de PET est\u00e1n equipadas con dispositivos de seguridad que evitan accidentes durante el funcionamiento. Tambi\u00e9n cuentan con botones de parada de emergencia y otros mecanismos de seguridad para garantizar la seguridad del operador.<\/p>    <h2 class=\"wp-block-heading\">Par\u00e1metros de la m\u00e1quina empacadora de pl\u00e1stico hidr\u00e1ulica<\/h2>    <p>Los siguientes datos son el par\u00e1metro esencial de la empacadora de pl\u00e1stico. Si est\u00e1 interesado, bienvenido a consultarnos y completar el formulario de consulta en nuestro sitio web. Nuestro director de ventas estar\u00e1 encantado de sugerirle la m\u00e1quina m\u00e1s adecuada para usted.<\/p>    <figure class=\"wp-block-table\"><table><tbody><tr><td>Modelo<\/td><td>Presi\u00f3n (toneladas)<\/td><td>Potencia (kilovatios)<\/td><td>Tama\u00f1o (mm)<\/td><td>Salida (t\/h)<\/td><td>Peso (toneladas)<\/td><\/tr><tr><td>SL-30<\/td><td>30<\/td><td>5.5<\/td><td>800*400*600<\/td><td>0,8-1T<\/td><td>0.8<\/td><\/tr><tr><td>SL-40<\/td><td>30<\/td><td>7.5<\/td><td>900*600*800<\/td><td>1-1,2T<\/td><td>1.3<\/td><\/tr><tr><td>SL-60<\/td><td>60<\/td><td>7.5<\/td><td>900*600*800<\/td><td>1,5-2T<\/td><td>1.5<\/td><\/tr><tr><td>SL-80<\/td><td>80<\/td><td>11<\/td><td>1100*800*1000<\/td><td>2-3T<\/td><td>2<\/td><\/tr><tr><td>SL-100<\/td><td>100<\/td><td>15<\/td><td>1100*800*1100<\/td><td>3-3,5 toneladas<\/td><td>2.8<\/td><\/tr><tr><td>SL-120<\/td><td>120<\/td><td>18.5<\/td><td>1200*800*1200<\/td><td>4-5T<\/td><td>3.2<\/td><\/tr><\/tbody><\/table><\/figure>","protected":false},"excerpt":{"rendered":"<p>Using a hydraulic plastic baling machine, waste plastic is compressed and packed into a bale that can be transported and stored easily. Efficient Machinery provides a professional baling machine that can bale plastic films and plastic bottles. Application of hydraulic plastic baling machine Recycling facilities: The hydraulic plastic baling machine is commonly used in recycling [&hellip;]<\/p>\n","protected":false},"author":1,"featured_media":500,"parent":0,"template":"","tags":[38],"product-type":[32],"class_list":["post-495","product","type-product","status-publish","has-post-thumbnail","hentry","tag-pet-recycling","product-type-plastic-baler"],"_links":{"self":[{"href":"https:\/\/www.plasticgranularmachine.com\/es\/wp-json\/wp\/v2\/product\/495","targetHints":{"allow":["GET"]}}],"collection":[{"href":"https:\/\/www.plasticgranularmachine.com\/es\/wp-json\/wp\/v2\/product"}],"about":[{"href":"https:\/\/www.plasticgranularmachine.com\/es\/wp-json\/wp\/v2\/types\/product"}],"author":[{"embeddable":true,"href":"https:\/\/www.plasticgranularmachine.com\/es\/wp-json\/wp\/v2\/users\/1"}],"wp:featuredmedia":[{"embeddable":true,"href":"https:\/\/www.plasticgranularmachine.com\/es\/wp-json\/wp\/v2\/media\/500"}],"wp:attachment":[{"href":"https:\/\/www.plasticgranularmachine.com\/es\/wp-json\/wp\/v2\/media?parent=495"}],"wp:term":[{"taxonomy":"post_tag","embeddable":true,"href":"https:\/\/www.plasticgranularmachine.com\/es\/wp-json\/wp\/v2\/tags?post=495"},{"taxonomy":"product-type","embeddable":true,"href":"https:\/\/www.plasticgranularmachine.com\/es\/wp-json\/wp\/v2\/product-type?post=495"}],"curies":[{"name":"wp","href":"https:\/\/api.w.org\/{rel}","templated":true}]}}