{"id":57,"date":"2022-06-23T07:15:29","date_gmt":"2022-06-23T07:15:29","guid":{"rendered":"http:\/\/tailwind-themes.local\/?post_type=product&#038;p=57"},"modified":"2025-01-06T09:57:37","modified_gmt":"2025-01-06T01:57:37","slug":"plastic-bottle-crushing-machine","status":"publish","type":"product","link":"https:\/\/www.plasticgranularmachine.com\/es\/product\/plastic-bottle-crushing-machine\/","title":{"rendered":"M\u00e1quina trituradora de botellas de pl\u00e1stico | M\u00e1quina trituradora de pl\u00e1stico"},"content":{"rendered":"<p class=\"translation-block\">La trituradora de botellas de pl\u00e1stico es una de las m\u00e1quinas principales en la <a href=\"https:\/\/www.plasticgranularmachine.com\/es\/product\/pet-bottles-recycling-line\/\">l\u00ednea de reciclaje de botellas de pl\u00e1stico<\/a>. Puede triturar botellas PET, botellas PE, botellas PP y otras botellas de pl\u00e1stico en trozos peque\u00f1os. Todos sabemos que las botellas de pl\u00e1stico son grandes. Si no se trituran con antelaci\u00f3n, ser\u00e1 dif\u00edcil de limpiar. No es f\u00e1cil reciclar botellas de pl\u00e1stico. Por lo tanto, esta trituradora de botellas de pl\u00e1stico es tambi\u00e9n el equipo principal de la l\u00ednea de limpieza de botellas de pl\u00e1stico.<\/p>   <div class=\"wp-block-image\"> <figure class=\"aligncenter size-full\"><img loading=\"lazy\" decoding=\"async\" width=\"720\" height=\"540\" src=\"https:\/\/www.plasticgranularmachine.com\/wp-content\/uploads\/2022\/06\/plastic-bottle-shredding-machine.webp\" alt=\"maquina trituradora de botellas de plastico\" class=\"wp-image-1357\" srcset=\"https:\/\/www.plasticgranularmachine.com\/wp-content\/uploads\/2022\/06\/plastic-bottle-shredding-machine.webp 720w, https:\/\/www.plasticgranularmachine.com\/wp-content\/uploads\/2022\/06\/plastic-bottle-shredding-machine-300x225.webp 300w, https:\/\/www.plasticgranularmachine.com\/wp-content\/uploads\/2022\/06\/plastic-bottle-shredding-machine-16x12.webp 16w\" sizes=\"auto, (max-width: 720px) 100vw, 720px\" \/><figcaption class=\"wp-element-caption\">maquina trituradora de botellas de plastico<\/figcaption><\/figure> <\/div>   <h2 class=\"wp-block-heading\">\u00bfC\u00f3mo triturar botellas de agua de pl\u00e1stico?<\/h2>    <p>Nuestra trituradora de pl\u00e1stico tiene 6 cuchillas m\u00f3viles y 4 cuchillas fijas. Primero debe colocar la botella de pl\u00e1stico en el puerto de alimentaci\u00f3n de la m\u00e1quina trituradora de botellas de pl\u00e1stico. Luego, la m\u00e1quina impulsa el cabezal cortador m\u00f3vil para que gire a alta velocidad a trav\u00e9s del motor. En el proceso de rotaci\u00f3n a alta velocidad de la cuchilla m\u00f3vil, se formar\u00e1 un espacio entre la cuchilla m\u00f3vil y la cuchilla fija bajo la acci\u00f3n de la tendencia de movimiento relativo de la cuchilla m\u00f3vil y la cuchilla fija. Esto aumentar\u00e1 el tama\u00f1o de la muesca de corte de pl\u00e1stico. Luego, el cuchillo triturar\u00e1 el pl\u00e1stico en pedazos. El pl\u00e1stico triturado se filtra fuera de la l\u00e1mina de pl\u00e1stico a trav\u00e9s de la pantalla. <\/p>    <p>Lo que debemos hacer es verter las botellas de pl\u00e1stico de desecho en el puerto de alimentaci\u00f3n de la m\u00e1quina trituradora de pl\u00e1stico. Y luego enciende el interruptor.<\/p>    <figure class=\"wp-block-embed is-type-video is-provider-youtube wp-block-embed-youtube wp-embed-aspect-16-9 wp-has-aspect-ratio\"><div class=\"wp-block-embed__wrapper\"> <iframe loading=\"lazy\" title=\"Planta de Reciclaje de Botellas PET | V\u00eddeo del proceso de reciclaje de PET 2022\" width=\"500\" height=\"281\" src=\"https:\/\/www.youtube.com\/embed\/e49v-pFLeJ0?feature=oembed\" frameborder=\"0\" allow=\"accelerometer; autoplay; clipboard-write; encrypted-media; gyroscope; picture-in-picture; web-share\" referrerpolicy=\"strict-origin-when-cross-origin\" allowfullscreen><\/iframe> <\/div><\/figure>    <h2 class=\"wp-block-heading\">\u00bfCu\u00e1les son las caracter\u00edsticas de la m\u00e1quina trituradora de botellas de pl\u00e1stico?<\/h2>    <ol class=\"wp-block-list\"> <li>La trituradora de pl\u00e1stico est\u00e1 fabricada de acero de alta calidad. Por tanto, tiene las caracter\u00edsticas de durabilidad y larga vida \u00fatil.<\/li>    <li>El tama\u00f1o de la l\u00e1mina de pl\u00e1stico se puede personalizar seg\u00fan sus necesidades.<\/li>    <li>La m\u00e1quina tiene baja velocidad y poco ruido.<\/li>    <li>La m\u00e1quina descarga r\u00e1pidamente sin escoria.<\/li>    <li>F\u00e1cil de mantener y limpiar.<\/li> <\/ol>   <div class=\"wp-block-image\"> <figure class=\"aligncenter size-full\"><img loading=\"lazy\" decoding=\"async\" width=\"720\" height=\"540\" src=\"https:\/\/www.plasticgranularmachine.com\/wp-content\/uploads\/2022\/06\/blade-of-plastic-bottle-crusher.webp\" alt=\"trituradora de botellas de plastico\" class=\"wp-image-1358\" srcset=\"https:\/\/www.plasticgranularmachine.com\/wp-content\/uploads\/2022\/06\/blade-of-plastic-bottle-crusher.webp 720w, https:\/\/www.plasticgranularmachine.com\/wp-content\/uploads\/2022\/06\/blade-of-plastic-bottle-crusher-300x225.webp 300w, https:\/\/www.plasticgranularmachine.com\/wp-content\/uploads\/2022\/06\/blade-of-plastic-bottle-crusher-16x12.webp 16w\" sizes=\"auto, (max-width: 720px) 100vw, 720px\" \/><figcaption class=\"wp-element-caption\">trituradora de botellas de plastico<\/figcaption><\/figure> <\/div>   <h2 class=\"wp-block-heading\">Par\u00e1metros de la m\u00e1quina<\/h2>    <figure class=\"wp-block-table\"><table><tbody><tr><td>Modelo<\/td><td>500<\/td><td>600<\/td><td>800<\/td><td>1000<\/td><td>1200<\/td><\/tr><tr><td>Capacidad (kg\/h)<\/td><td>200-500<\/td><td>800-1000<\/td><td>1200<\/td><td>1500<\/td><td>2000-2500<\/td><\/tr><tr><td>Motor (kilovatios)<\/td><td>11<\/td><td>15-18.5<\/td><td>20-30<\/td><td>37<\/td><td>45<\/td><\/tr><tr><td>Cuchillo (piezas)<\/td><td>5<\/td><td>8<\/td><td>10<\/td><td>12<\/td><td>12<\/td><\/tr><tr><td>Di\u00e1metro (mm)<\/td><td>325<\/td><td>377<\/td><td>425<\/td><td>425<\/td><td>500<\/td><\/tr><\/tbody><\/table><\/figure>    <p>Podemos ver en la tabla que tenemos cinco trituradoras de botellas de pl\u00e1stico con diferente rendimiento. La producci\u00f3n es de 200-500 kg\/h, 800-1000 kg\/h, 1000 kg\/h, 1500 kg\/h y 2000-2500 kg\/h respectivamente. Por lo tanto, nuestras m\u00e1quinas pueden cumplir con los requisitos de m\u00e1s de 90% de proyectos de reciclaje de pl\u00e1stico en el mercado.<\/p>   <div class=\"wp-block-image\"> <figure class=\"aligncenter size-full\"><img loading=\"lazy\" decoding=\"async\" width=\"720\" height=\"540\" src=\"https:\/\/www.plasticgranularmachine.com\/wp-content\/uploads\/2022\/06\/screen-of-the-plastic-bottle-crusher.webp\" alt=\"Pantalla de la trituradora de botellas de pl\u00e1stico.\" class=\"wp-image-1356\" srcset=\"https:\/\/www.plasticgranularmachine.com\/wp-content\/uploads\/2022\/06\/screen-of-the-plastic-bottle-crusher.webp 720w, https:\/\/www.plasticgranularmachine.com\/wp-content\/uploads\/2022\/06\/screen-of-the-plastic-bottle-crusher-300x225.webp 300w, https:\/\/www.plasticgranularmachine.com\/wp-content\/uploads\/2022\/06\/screen-of-the-plastic-bottle-crusher-16x12.webp 16w\" sizes=\"auto, (max-width: 720px) 100vw, 720px\" \/><figcaption class=\"wp-element-caption\">Pantalla de la trituradora de botellas de pl\u00e1stico.<\/figcaption><\/figure> <\/div>   <h2 class=\"wp-block-heading\">Usos de botellas de pl\u00e1stico trituradas mediante m\u00e1quina trituradora de botellas de pl\u00e1stico.<\/h2>    <ol class=\"wp-block-list\"> <li>Fabricaci\u00f3n de botellas pet. Lo que necesitamos saber es que los pl\u00e1sticos reciclados no pueden estar en contacto directo con los alimentos. Pero podemos usarlo en la capa intermedia de botellas de pl\u00e1stico.<\/li>    <li>Hilado de fabricaci\u00f3n <a href=\"https:\/\/en.wikipedia.org\/wiki\/Fiber\" target=\"_blank\" rel=\"noopener\">fibras<\/a>. Las hojuelas de PET recicladas se pueden hilar para fabricar almohadas, sacos de dormir, colchones, mantas y otros art\u00edculos.<\/li>    <li>Adem\u00e1s, las escamas de pl\u00e1stico tambi\u00e9n se pueden convertir en gafas de sol, fundas de tel\u00e9fonos m\u00f3viles, accesorios de moldeo por inyecci\u00f3n industrial, cajas de pl\u00e1stico para electrodom\u00e9sticos, bolas navide\u00f1as, etc. Tambi\u00e9n se pueden utilizar para fabricar sillas de pl\u00e1stico, ladrillos de construcci\u00f3n y decodificadores.<\/li> <\/ol>   <div class=\"wp-block-image\"> <figure class=\"aligncenter size-full\"><img loading=\"lazy\" decoding=\"async\" width=\"720\" height=\"540\" src=\"https:\/\/www.plasticgranularmachine.com\/wp-content\/uploads\/2022\/06\/plastic-bottle-flakes.jpg\" alt=\"escamas de botellas de pl\u00e1stico\" class=\"wp-image-156\" srcset=\"https:\/\/www.plasticgranularmachine.com\/wp-content\/uploads\/2022\/06\/plastic-bottle-flakes.jpg 720w, https:\/\/www.plasticgranularmachine.com\/wp-content\/uploads\/2022\/06\/plastic-bottle-flakes-300x225.jpg 300w\" sizes=\"auto, (max-width: 720px) 100vw, 720px\" \/><figcaption class=\"wp-element-caption\">escamas de botellas de pl\u00e1stico<\/figcaption><\/figure> <\/div>   <h2 class=\"wp-block-heading\">\u00bfCu\u00e1les son nuestras fortalezas?<\/h2>    <p class=\"translation-block\"><a href=\"https:\/\/www.plasticgranularmachine.com\/es\/\">Maquinaria de pl\u00e1stico eficiente<\/a> es un fabricante profesional de m\u00e1quinas trituradoras de botellas de pl\u00e1stico. Adem\u00e1s de m\u00e1quinas trituradoras de botellas de pl\u00e1stico, tambi\u00e9n producimos <a href=\"https:\/\/www.plasticgranularmachine.com\/es\/product\/plastic-film-recycling-line\/\">equipos de reciclaje de pel\u00edculas pl\u00e1sticas<\/a>, <a href=\"https:\/\/www.plasticgranularmachine.com\/es\/product\/eps-recycling-machine\/\">equipos de reciclaje de espuma EPS<\/a> y una serie de equipos de reciclaje. Como fabricante profesional, podemos proporcionar esquemas de dise\u00f1o razonables de acuerdo con las necesidades de los clientes. Al mismo tiempo, tambi\u00e9n podemos proporcionar servicios personalizados. Por lo tanto, la maquinaria eficiente tiene casos de \u00e9xito en muchos pa\u00edses del mundo. Si necesita una m\u00e1quina trituradora de botellas PET u otros equipos de reciclaje de pl\u00e1stico, no dude en contactarnos. Le responderemos lo antes posible.<\/p>   <div class=\"wp-block-image\"> <figure class=\"aligncenter size-full\"><img loading=\"lazy\" decoding=\"async\" width=\"720\" height=\"540\" src=\"https:\/\/www.plasticgranularmachine.com\/wp-content\/uploads\/2022\/06\/pet-bottle-crusher-in-the-factory.webp\" alt=\"trituradora de botellas pet en la fabrica\" class=\"wp-image-1359\" srcset=\"https:\/\/www.plasticgranularmachine.com\/wp-content\/uploads\/2022\/06\/pet-bottle-crusher-in-the-factory.webp 720w, https:\/\/www.plasticgranularmachine.com\/wp-content\/uploads\/2022\/06\/pet-bottle-crusher-in-the-factory-300x225.webp 300w, https:\/\/www.plasticgranularmachine.com\/wp-content\/uploads\/2022\/06\/pet-bottle-crusher-in-the-factory-16x12.webp 16w\" sizes=\"auto, (max-width: 720px) 100vw, 720px\" \/><figcaption class=\"wp-element-caption\">trituradora de botellas pet en la fabrica<\/figcaption><\/figure> <\/div>   <h2 class=\"wp-block-heading\" id=\"h-f-q\">Preguntas y respuestas<\/h2>    <p>P: \u00bfSon reciclables las botellas de pl\u00e1stico trituradas?<br>R: la respuesta es s\u00ed. Las botellas de pl\u00e1stico trituradas se pueden reciclar. Porque en todo el proceso de reciclaje de botellas de pl\u00e1stico, triturar las botellas de pl\u00e1stico es el primer paso. Por tanto, no importa si no reciclas botellas de pl\u00e1stico completas. Tambi\u00e9n se pueden triturar y reciclar.<\/p>    <p>P: \u00bfHay que triturar botellas de pl\u00e1stico para reciclarlas?<br>R: S\u00ed. Si desea participar en la industria del reciclaje de pl\u00e1stico, debe triturar botellas de pl\u00e1stico con la ayuda de una m\u00e1quina trituradora de botellas de pl\u00e1stico. Porque la botella de pl\u00e1stico es grande. Por un lado, es dif\u00edcil de limpiar y, por otro, no es f\u00e1cil de granular.<\/p>","protected":false},"excerpt":{"rendered":"<p>Plastic bottle crushing machine is one of the main machines in the plastic bottle recycling line. It can crush PET bottles, PE bottles, PP bottles, and other plastic bottles into small pieces. We all know that plastic bottles are big. If it is not crushed in advance, it will be difficult to clean. It is [&hellip;]<\/p>\n","protected":false},"author":1,"featured_media":1184,"parent":0,"template":"","tags":[35,38],"product-type":[4],"class_list":["post-57","product","type-product","status-publish","has-post-thumbnail","hentry","tag-crushing","tag-pet-recycling","product-type-crushing-machine"],"_links":{"self":[{"href":"https:\/\/www.plasticgranularmachine.com\/es\/wp-json\/wp\/v2\/product\/57","targetHints":{"allow":["GET"]}}],"collection":[{"href":"https:\/\/www.plasticgranularmachine.com\/es\/wp-json\/wp\/v2\/product"}],"about":[{"href":"https:\/\/www.plasticgranularmachine.com\/es\/wp-json\/wp\/v2\/types\/product"}],"author":[{"embeddable":true,"href":"https:\/\/www.plasticgranularmachine.com\/es\/wp-json\/wp\/v2\/users\/1"}],"wp:featuredmedia":[{"embeddable":true,"href":"https:\/\/www.plasticgranularmachine.com\/es\/wp-json\/wp\/v2\/media\/1184"}],"wp:attachment":[{"href":"https:\/\/www.plasticgranularmachine.com\/es\/wp-json\/wp\/v2\/media?parent=57"}],"wp:term":[{"taxonomy":"post_tag","embeddable":true,"href":"https:\/\/www.plasticgranularmachine.com\/es\/wp-json\/wp\/v2\/tags?post=57"},{"taxonomy":"product-type","embeddable":true,"href":"https:\/\/www.plasticgranularmachine.com\/es\/wp-json\/wp\/v2\/product-type?post=57"}],"curies":[{"name":"wp","href":"https:\/\/api.w.org\/{rel}","templated":true}]}}