{"id":651,"date":"2023-12-15T16:39:39","date_gmt":"2023-12-15T08:39:39","guid":{"rendered":"https:\/\/www.plasticgranularmachine.com\/?post_type=product&#038;p=651"},"modified":"2025-01-06T10:02:06","modified_gmt":"2025-01-06T02:02:06","slug":"waste-bale-opener","status":"publish","type":"product","link":"https:\/\/www.plasticgranularmachine.com\/es\/product\/waste-bale-opener\/","title":{"rendered":"Abridor de balas de residuos | M\u00e1quina descalcificadora de pl\u00e1stico"},"content":{"rendered":"<p>El abridor de fardos de residuos es una pieza importante del equipo en las plantas de reciclaje de pl\u00e1stico, su funci\u00f3n principal es desenvolver los productos pl\u00e1sticos de residuos extruidos y embalados con alta eficiencia, para crear comodidad para su posterior procesamiento y clasificaci\u00f3n.<\/p>    <figure class=\"wp-block-embed is-type-video is-provider-youtube wp-block-embed-youtube wp-embed-aspect-16-9 wp-has-aspect-ratio\"><div class=\"wp-block-embed__wrapper\"> <iframe loading=\"lazy\" title=\"Abridor de empacadoras de botellas de PET | m\u00e1quina descalcificadora de pl\u00e1stico vertical\" width=\"500\" height=\"281\" src=\"https:\/\/www.youtube.com\/embed\/ujKPMvq7vLY?feature=oembed\" frameborder=\"0\" allow=\"accelerometer; autoplay; clipboard-write; encrypted-media; gyroscope; picture-in-picture; web-share\" referrerpolicy=\"strict-origin-when-cross-origin\" allowfullscreen><\/iframe> <\/div><\/figure>    <h2 class=\"wp-block-heading\">Aplicaci\u00f3n del abridor de balas de botellas de PET<\/h2>    <p>Se utiliza principalmente para arrancar botellas de PET que han sido comprimidas en bloques de botellas de pl\u00e1stico, desembalarlas y dispersarlas en botellas individuales y, al mismo tiempo, tiene la capacidad de alimentaci\u00f3n cuantitativa, lo cual es conveniente para la posterior producci\u00f3n de clasificaci\u00f3n. Adem\u00e1s de los ladrillos de botellas de pl\u00e1stico, el abridor de balas de botellas de PET tambi\u00e9n puede desempaquetar diversos materiales, como bolsas de pl\u00e1stico tejidas, bolsas de pl\u00e1stico de PE, bolsas de papel kraft y otros paquetes comprimidos con bolsas.<\/p>   <div class=\"wp-block-image\"> <figure class=\"aligncenter size-full\"><img loading=\"lazy\" decoding=\"async\" width=\"720\" height=\"540\" src=\"https:\/\/www.plasticgranularmachine.com\/wp-content\/uploads\/2023\/12\/PET-Debaler-Machine.webp\" alt=\"Abridor de balas de residuos \" class=\"wp-image-654\" srcset=\"https:\/\/www.plasticgranularmachine.com\/wp-content\/uploads\/2023\/12\/PET-Debaler-Machine.webp 720w, https:\/\/www.plasticgranularmachine.com\/wp-content\/uploads\/2023\/12\/PET-Debaler-Machine-300x225.webp 300w\" sizes=\"auto, (max-width: 720px) 100vw, 720px\" \/><\/figure> <\/div>  <div class=\"wp-block-image\"> <figure class=\"aligncenter size-full\"><img loading=\"lazy\" decoding=\"async\" width=\"720\" height=\"540\" src=\"https:\/\/www.plasticgranularmachine.com\/wp-content\/uploads\/2023\/12\/Debaler-Machine.webp\" alt=\"\" class=\"wp-image-653\" srcset=\"https:\/\/www.plasticgranularmachine.com\/wp-content\/uploads\/2023\/12\/Debaler-Machine.webp 720w, https:\/\/www.plasticgranularmachine.com\/wp-content\/uploads\/2023\/12\/Debaler-Machine-300x225.webp 300w\" sizes=\"auto, (max-width: 720px) 100vw, 720px\" \/><\/figure> <\/div>   <h2 class=\"wp-block-heading\">Caracter\u00edsticas de la m\u00e1quina descalcificadora de pl\u00e1stico vertical. <\/h2>    <ul class=\"wp-block-list\"> <li>Mejora de la eficiencia: El desempaquetador de botellas de pl\u00e1stico utiliza tecnolog\u00eda avanzada de desempacado para desempacar botellas de pl\u00e1stico comprimidas de manera eficiente y r\u00e1pida, lo que aumenta la eficiencia de todo el proceso de reciclaje.<\/li>    <li>Protecci\u00f3n de la calidad de las botellas de pl\u00e1stico: El dise\u00f1o de la m\u00e1quina abridora de balas de desecho tiene en cuenta el manejo suave de las botellas de pl\u00e1stico para garantizar que la superficie de las botellas no se da\u00f1e durante el proceso de desembalaje y que se mantenga su calidad original.<\/li>    <li>Reducci\u00f3n de la intensidad de la mano de obra: El uso de la m\u00e1quina desembaladora de pl\u00e1stico reduce en gran medida la intensidad de la mano de obra del desembalaje manual, proporcionando un entorno de trabajo m\u00e1s humano y seguro para las plantas de reciclaje.<\/li> <\/ul>","protected":false},"excerpt":{"rendered":"<p>Waste bale opener is an important piece of equipment in plastic recycling plants, its main function is to unwrap the extruded and baled waste plastic products with high efficiency, to create convenience for subsequent processing and classification. PET bottle bale opener application Mainly used for tearing off PET bottles that have been compressed into plastic [&hellip;]<\/p>\n","protected":false},"author":1,"featured_media":654,"parent":0,"template":"","tags":[38],"product-type":[32],"class_list":["post-651","product","type-product","status-publish","has-post-thumbnail","hentry","tag-pet-recycling","product-type-plastic-baler"],"_links":{"self":[{"href":"https:\/\/www.plasticgranularmachine.com\/es\/wp-json\/wp\/v2\/product\/651","targetHints":{"allow":["GET"]}}],"collection":[{"href":"https:\/\/www.plasticgranularmachine.com\/es\/wp-json\/wp\/v2\/product"}],"about":[{"href":"https:\/\/www.plasticgranularmachine.com\/es\/wp-json\/wp\/v2\/types\/product"}],"author":[{"embeddable":true,"href":"https:\/\/www.plasticgranularmachine.com\/es\/wp-json\/wp\/v2\/users\/1"}],"wp:featuredmedia":[{"embeddable":true,"href":"https:\/\/www.plasticgranularmachine.com\/es\/wp-json\/wp\/v2\/media\/654"}],"wp:attachment":[{"href":"https:\/\/www.plasticgranularmachine.com\/es\/wp-json\/wp\/v2\/media?parent=651"}],"wp:term":[{"taxonomy":"post_tag","embeddable":true,"href":"https:\/\/www.plasticgranularmachine.com\/es\/wp-json\/wp\/v2\/tags?post=651"},{"taxonomy":"product-type","embeddable":true,"href":"https:\/\/www.plasticgranularmachine.com\/es\/wp-json\/wp\/v2\/product-type?post=651"}],"curies":[{"name":"wp","href":"https:\/\/api.w.org\/{rel}","templated":true}]}}