{"id":656,"date":"2023-12-15T17:42:44","date_gmt":"2023-12-15T09:42:44","guid":{"rendered":"https:\/\/www.plasticgranularmachine.com\/?post_type=product&#038;p=656"},"modified":"2025-01-06T09:52:32","modified_gmt":"2025-01-06T01:52:32","slug":"hdpe-granules-making-machine","status":"publish","type":"product","link":"https:\/\/www.plasticgranularmachine.com\/es\/product\/hdpe-granules-making-machine\/","title":{"rendered":"M\u00e1quina para fabricar gr\u00e1nulos de HDPE | M\u00e1quina granuladora de pl\u00e1stico"},"content":{"rendered":"<p>Nuestra m\u00e1quina peletizadora de pl\u00e1stico HDPE es una m\u00e1quina innovadora dise\u00f1ada para procesar materiales duros de pl\u00e1stico HDPE, incluidas botellas y tambores de pl\u00e1stico, etc. Se ha exportado con \u00e9xito a Kenia, Nigeria, Costa de Marfil, Arabia Saudita y otros pa\u00edses togoleses. <\/p>    <p class=\"translation-block\">Nuestra m\u00e1quina ha configurado una completa <strong><a href=\"https:\/\/www.plasticgranularmachine.com\/es\/product\/plastic-granulating-line\/\" data-type=\"link\" data-id=\"https:\/\/www.plasticgranularmachine.com\/product\/plastic-granulating-line\/\">l\u00ednea de reciclaje y peletizaci\u00f3n de pl\u00e1stico<\/a><\/strong> para nuestros clientes, ayud\u00e1ndoles a procesar una gran cantidad de residuos de HDPE, y la producci\u00f3n final de gr\u00e1nulos de pl\u00e1stico de alta calidad ha sido muy elogiada por nuestros clientes.<\/p>   <div class=\"wp-block-image\"> <figure class=\"aligncenter size-full\"><img loading=\"lazy\" decoding=\"async\" width=\"720\" height=\"540\" src=\"https:\/\/www.plasticgranularmachine.com\/wp-content\/uploads\/2023\/12\/Positive-feedback-from-clients-in-Cote-dIvoire1.webp\" alt=\"Comentarios positivos de clientes en Costa de Marfil\" class=\"wp-image-1370\" srcset=\"https:\/\/www.plasticgranularmachine.com\/wp-content\/uploads\/2023\/12\/Positive-feedback-from-clients-in-Cote-dIvoire1.webp 720w, https:\/\/www.plasticgranularmachine.com\/wp-content\/uploads\/2023\/12\/Positive-feedback-from-clients-in-Cote-dIvoire1-300x225.webp 300w, https:\/\/www.plasticgranularmachine.com\/wp-content\/uploads\/2023\/12\/Positive-feedback-from-clients-in-Cote-dIvoire1-16x12.webp 16w\" sizes=\"auto, (max-width: 720px) 100vw, 720px\" \/><figcaption class=\"wp-element-caption\">Comentarios positivos de los clientes en Costa de Marfil<\/figcaption><\/figure> <\/div>  <div class=\"wp-block-image\"> <figure class=\"aligncenter size-full\"><img loading=\"lazy\" decoding=\"async\" width=\"720\" height=\"540\" src=\"https:\/\/www.plasticgranularmachine.com\/wp-content\/uploads\/2023\/01\/plasic-film-granulator.webp\" alt=\"granulador de pel\u00edcula pl\u00e1stica\" class=\"wp-image-477\" srcset=\"https:\/\/www.plasticgranularmachine.com\/wp-content\/uploads\/2023\/01\/plasic-film-granulator.webp 720w, https:\/\/www.plasticgranularmachine.com\/wp-content\/uploads\/2023\/01\/plasic-film-granulator-300x225.webp 300w\" sizes=\"auto, (max-width: 720px) 100vw, 720px\" \/><figcaption class=\"wp-element-caption\">M\u00e1quina para fabricar gr\u00e1nulos de HDPE enviada a Arabia Saudita<\/figcaption><\/figure> <\/div>   <h2 class=\"wp-block-heading\">Proceso de granulaci\u00f3n de reciclaje de pl\u00e1stico HDPE<\/h2>    <ul class=\"wp-block-list\"> <li>Fusi\u00f3n: Los gr\u00e1nulos de HDPE secos se introducen en el sistema de fusi\u00f3n de la m\u00e1quina para fabricar gr\u00e1nulos de HDPE, donde se funden a altas temperaturas para transformarlos en un estado fluido, listo para el posterior proceso de extrusi\u00f3n.<\/li>    <li>Extrusi\u00f3n: el material de HDPE derretido pasa a trav\u00e9s de la extrusora y es empujado por un tornillo calentado, que calienta a\u00fan m\u00e1s uniformemente el material y lo extruye del troquel.<\/li>    <li>Enfriamiento: La temperatura de las tiras de pl\u00e1stico que salen de la m\u00e1quina para fabricar gr\u00e1nulos de HDPE es muy alta, por lo que deben enfriarse con tanques de agua de refrigeraci\u00f3n y, al mismo tiempo, el enfriamiento puede hacer que el pl\u00e1stico se endurezca r\u00e1pidamente, de modo que puede ser conveniente para la posterior peletizaci\u00f3n de pl\u00e1stico HDPE.<\/li>    <li>Corte: Finalmente, los pellets de HDPE cortados se cortan en longitudes adecuadas para obtener el producto final de pellets reciclados.<\/li> <\/ul>   <div class=\"wp-block-image\"> <figure class=\"aligncenter size-full\"><img loading=\"lazy\" decoding=\"async\" width=\"720\" height=\"540\" src=\"https:\/\/www.plasticgranularmachine.com\/wp-content\/uploads\/2023\/12\/plastic-granulator-in-the-factory.webp\" alt=\"granulador de pl\u00e1stico en la f\u00e1brica\" class=\"wp-image-1371\" srcset=\"https:\/\/www.plasticgranularmachine.com\/wp-content\/uploads\/2023\/12\/plastic-granulator-in-the-factory.webp 720w, https:\/\/www.plasticgranularmachine.com\/wp-content\/uploads\/2023\/12\/plastic-granulator-in-the-factory-300x225.webp 300w, https:\/\/www.plasticgranularmachine.com\/wp-content\/uploads\/2023\/12\/plastic-granulator-in-the-factory-16x12.webp 16w\" sizes=\"auto, (max-width: 720px) 100vw, 720px\" \/><figcaption class=\"wp-element-caption\">granulador de pl\u00e1stico en la f\u00e1brica<\/figcaption><\/figure> <\/div>   <h2 class=\"wp-block-heading\">Par\u00e1metros de la m\u00e1quina peletizadora de HDPE <\/h2>    <p>Los siguientes cuatro modelos son el tipo m\u00e1s popular de nuestras m\u00e1quinas peletizadoras de pl\u00e1stico y sus capacidades pueden satisfacer las necesidades de la mayor\u00eda de los clientes. Sin embargo, si necesita un modelo m\u00e1s grande, tambi\u00e9n podemos personalizarlo, no dude en contactarnos en cualquier momento. <\/p>    <figure class=\"wp-block-table\"><table><tbody><tr><td>Modelo de m\u00e1quina<\/td><td>SL-125<\/td><td>SL-150<\/td><td>SL-180<\/td><td>SL-200<\/td><\/tr><tr><td>Di\u00e1metro del tornillo<\/td><td>125mm<\/td><td>150mm<\/td><td>180mm<\/td><td>200 mm<\/td><\/tr><tr><td>Eje de velocidad<\/td><td>50-70\/minuto<\/td><td>40-50\/minuto<\/td><td>40-50\/minuto<\/td><td>40-50\/minuto<\/td><\/tr><tr><td>Potencia del motor principal<\/td><td>30kW<\/td><td>37kW<\/td><td>55kW<\/td><td>75kW<\/td><\/tr><tr><td>Reductor (engranaje duro)<\/td><td>225<\/td><td>250<\/td><td>280<\/td><td>315<\/td><\/tr><tr><td>Tama\u00f1o<\/td><td>2.6*0.7*0.7<\/td><td>3.0*0.7*0.7<\/td><td>3.2*0.7*0.7<\/td><td>3.5*1*1<\/td><\/tr><tr><td>Producci\u00f3n<\/td><td>180 kg\/h<\/td><td>300 kg\/h<\/td><td>350 kg\/h<\/td><td>380 kg\/h<\/td><\/tr><\/tbody><\/table><\/figure>   <div class=\"wp-block-image\"> <figure class=\"aligncenter size-full\"><img loading=\"lazy\" decoding=\"async\" width=\"720\" height=\"540\" src=\"https:\/\/www.plasticgranularmachine.com\/wp-content\/uploads\/2023\/12\/HDPE-granules-making-machine.webp\" alt=\"M\u00e1quina para fabricar gr\u00e1nulos de HDPE\" class=\"wp-image-1372\" srcset=\"https:\/\/www.plasticgranularmachine.com\/wp-content\/uploads\/2023\/12\/HDPE-granules-making-machine.webp 720w, https:\/\/www.plasticgranularmachine.com\/wp-content\/uploads\/2023\/12\/HDPE-granules-making-machine-300x225.webp 300w, https:\/\/www.plasticgranularmachine.com\/wp-content\/uploads\/2023\/12\/HDPE-granules-making-machine-16x12.webp 16w\" sizes=\"auto, (max-width: 720px) 100vw, 720px\" \/><figcaption class=\"wp-element-caption\">M\u00e1quina para fabricar gr\u00e1nulos de HDPE<\/figcaption><\/figure> <\/div>   <h2 class=\"wp-block-heading\">Comentarios de Costa de Marfil sobre la m\u00e1quina para fabricar gr\u00e1nulos de HDPE <\/h2>    <figure class=\"wp-block-embed is-type-video is-provider-youtube wp-block-embed-youtube wp-embed-aspect-16-9 wp-has-aspect-ratio\"><div class=\"wp-block-embed__wrapper\"> <iframe loading=\"lazy\" title=\"\u00a1Comentarios de los clientes! Proceso de fabricaci\u00f3n de gr\u00e1nulos de HDPE en Costa de Marfil\" width=\"500\" height=\"281\" src=\"https:\/\/www.youtube.com\/embed\/44dq-0uQ3V0?start=18&#038;feature=oembed\" frameborder=\"0\" allow=\"accelerometer; autoplay; clipboard-write; encrypted-media; gyroscope; picture-in-picture; web-share\" referrerpolicy=\"strict-origin-when-cross-origin\" allowfullscreen><\/iframe> <\/div><\/figure>","protected":false},"excerpt":{"rendered":"<p>Our HDPE plastic pellet machine is an innovative machine designed for processing HDPE plastic hard materials, including plastic bottles, plastic drums and so on. It has been successfully exported to Kenya, Nigeria, Cote d&#8217;Ivoire, Saudi Arabia and other Togolese countries. Our machine has set up a complete plastic pelletizing recycling line for our customers, helping [&hellip;]<\/p>\n","protected":false},"author":1,"featured_media":1267,"parent":0,"template":"","tags":[36,18],"product-type":[5],"class_list":["post-656","product","type-product","status-publish","has-post-thumbnail","hentry","tag-hard-plastic-recycling","tag-pelletizing-machine","product-type-plastic-pelletizer"],"_links":{"self":[{"href":"https:\/\/www.plasticgranularmachine.com\/es\/wp-json\/wp\/v2\/product\/656","targetHints":{"allow":["GET"]}}],"collection":[{"href":"https:\/\/www.plasticgranularmachine.com\/es\/wp-json\/wp\/v2\/product"}],"about":[{"href":"https:\/\/www.plasticgranularmachine.com\/es\/wp-json\/wp\/v2\/types\/product"}],"author":[{"embeddable":true,"href":"https:\/\/www.plasticgranularmachine.com\/es\/wp-json\/wp\/v2\/users\/1"}],"wp:featuredmedia":[{"embeddable":true,"href":"https:\/\/www.plasticgranularmachine.com\/es\/wp-json\/wp\/v2\/media\/1267"}],"wp:attachment":[{"href":"https:\/\/www.plasticgranularmachine.com\/es\/wp-json\/wp\/v2\/media?parent=656"}],"wp:term":[{"taxonomy":"post_tag","embeddable":true,"href":"https:\/\/www.plasticgranularmachine.com\/es\/wp-json\/wp\/v2\/tags?post=656"},{"taxonomy":"product-type","embeddable":true,"href":"https:\/\/www.plasticgranularmachine.com\/es\/wp-json\/wp\/v2\/product-type?post=656"}],"curies":[{"name":"wp","href":"https:\/\/api.w.org\/{rel}","templated":true}]}}