{"id":663,"date":"2023-12-18T16:19:34","date_gmt":"2023-12-18T08:19:34","guid":{"rendered":"https:\/\/www.plasticgranularmachine.com\/?post_type=product&#038;p=663"},"modified":"2025-01-06T10:00:16","modified_gmt":"2025-01-06T02:00:16","slug":"plastic-strip-cutting-machine","status":"publish","type":"product","link":"https:\/\/www.plasticgranularmachine.com\/es\/product\/plastic-strip-cutting-machine\/","title":{"rendered":"M\u00e1quina cortadora de tiras de pl\u00e1stico"},"content":{"rendered":"<p>El peletizador de pl\u00e1stico es el \u00faltimo paso de la l\u00ednea de peletizaci\u00f3n; cortar\u00e1 las tiras largas de pl\u00e1stico en peque\u00f1os gr\u00e1nulos para su posterior envasado y venta.<\/p>    <figure class=\"wp-block-gallery aligncenter has-nested-images columns-default is-cropped wp-block-gallery-2 is-layout-flex wp-block-gallery-is-layout-flex\"> <figure class=\"wp-block-image size-full\"><img loading=\"lazy\" decoding=\"async\" width=\"720\" height=\"540\" data-id=\"1339\" src=\"https:\/\/www.plasticgranularmachine.com\/wp-content\/uploads\/2023\/12\/plastic-pelletizing-line-includes-plastic-dana-cutter.webp\" alt=\"La l\u00ednea de peletizaci\u00f3n de pl\u00e1stico incluye un cortador de pl\u00e1stico Dana.\" class=\"wp-image-1339\" srcset=\"https:\/\/www.plasticgranularmachine.com\/wp-content\/uploads\/2023\/12\/plastic-pelletizing-line-includes-plastic-dana-cutter.webp 720w, https:\/\/www.plasticgranularmachine.com\/wp-content\/uploads\/2023\/12\/plastic-pelletizing-line-includes-plastic-dana-cutter-300x225.webp 300w, https:\/\/www.plasticgranularmachine.com\/wp-content\/uploads\/2023\/12\/plastic-pelletizing-line-includes-plastic-dana-cutter-16x12.webp 16w\" sizes=\"auto, (max-width: 720px) 100vw, 720px\" \/><figcaption class=\"wp-element-caption\">La l\u00ednea de peletizaci\u00f3n de pl\u00e1stico incluye un cortador de pl\u00e1stico Dana.<\/figcaption><\/figure>    <figure class=\"wp-block-image size-full\"><img loading=\"lazy\" decoding=\"async\" width=\"720\" height=\"540\" data-id=\"1340\" src=\"https:\/\/www.plasticgranularmachine.com\/wp-content\/uploads\/2023\/12\/Plastic-pellet-making-machine.webp\" alt=\"M\u00e1quina para fabricar pellets de pl\u00e1stico\" class=\"wp-image-1340\" srcset=\"https:\/\/www.plasticgranularmachine.com\/wp-content\/uploads\/2023\/12\/Plastic-pellet-making-machine.webp 720w, https:\/\/www.plasticgranularmachine.com\/wp-content\/uploads\/2023\/12\/Plastic-pellet-making-machine-300x225.webp 300w, https:\/\/www.plasticgranularmachine.com\/wp-content\/uploads\/2023\/12\/Plastic-pellet-making-machine-16x12.webp 16w\" sizes=\"auto, (max-width: 720px) 100vw, 720px\" \/><figcaption class=\"wp-element-caption\">M\u00e1quina para fabricar pellets de pl\u00e1stico<\/figcaption><\/figure> <\/figure>    <h2 class=\"wp-block-heading\">Aplicaci\u00f3n de la m\u00e1quina cortadora de tiras de pl\u00e1stico<\/h2>    <p>Es adecuado para m\u00e1quinas granuladoras de pl\u00e1stico despu\u00e9s de tirar de las tiras, utilizadas para granulaci\u00f3n de PVC, PP, LDPE, HDPE, LLDPE y otros pl\u00e1sticos.<\/p>    <figure class=\"wp-block-gallery has-nested-images columns-default is-cropped wp-block-gallery-3 is-layout-flex wp-block-gallery-is-layout-flex\"> <figure class=\"wp-block-image size-large\"><img loading=\"lazy\" decoding=\"async\" width=\"720\" height=\"540\" data-id=\"1337\" src=\"https:\/\/www.plasticgranularmachine.com\/wp-content\/uploads\/2023\/12\/plastic-dana-cutting-machine.webp\" alt=\"maquina cortadora de plastico dana\" class=\"wp-image-1337\" srcset=\"https:\/\/www.plasticgranularmachine.com\/wp-content\/uploads\/2023\/12\/plastic-dana-cutting-machine.webp 720w, https:\/\/www.plasticgranularmachine.com\/wp-content\/uploads\/2023\/12\/plastic-dana-cutting-machine-300x225.webp 300w, https:\/\/www.plasticgranularmachine.com\/wp-content\/uploads\/2023\/12\/plastic-dana-cutting-machine-16x12.webp 16w\" sizes=\"auto, (max-width: 720px) 100vw, 720px\" \/><figcaption class=\"wp-element-caption\">maquina cortadora de plastico dana<\/figcaption><\/figure>    <figure class=\"wp-block-image size-large\"><img loading=\"lazy\" decoding=\"async\" width=\"720\" height=\"540\" data-id=\"1338\" src=\"https:\/\/www.plasticgranularmachine.com\/wp-content\/uploads\/2023\/12\/Plastic-Strip-Cutting-Machine-1.webp\" alt=\"M\u00e1quina cortadora de tiras de pl\u00e1stico\" class=\"wp-image-1338\" srcset=\"https:\/\/www.plasticgranularmachine.com\/wp-content\/uploads\/2023\/12\/Plastic-Strip-Cutting-Machine-1.webp 720w, https:\/\/www.plasticgranularmachine.com\/wp-content\/uploads\/2023\/12\/Plastic-Strip-Cutting-Machine-1-300x225.webp 300w, https:\/\/www.plasticgranularmachine.com\/wp-content\/uploads\/2023\/12\/Plastic-Strip-Cutting-Machine-1-16x12.webp 16w\" sizes=\"auto, (max-width: 720px) 100vw, 720px\" \/><figcaption class=\"wp-element-caption\">M\u00e1quina cortadora de tiras de pl\u00e1stico<\/figcaption><\/figure> <\/figure>    <h2 class=\"wp-block-heading\">Estructura de la m\u00e1quina cortadora de pellets de pl\u00e1stico. <\/h2>    <p>El peletizador de pl\u00e1stico se compone principalmente de una placa de cocci\u00f3n, un rodillo de presi\u00f3n y un dispositivo de transmisi\u00f3n.<\/p>    <figure class=\"wp-block-gallery has-nested-images columns-default is-cropped wp-block-gallery-4 is-layout-flex wp-block-gallery-is-layout-flex\"> <figure class=\"wp-block-image size-large\"><img loading=\"lazy\" decoding=\"async\" width=\"720\" height=\"540\" data-id=\"1341\" src=\"https:\/\/www.plasticgranularmachine.com\/wp-content\/uploads\/2023\/12\/details-of-the-plastic-pellet-making-machine.webp\" alt=\"Detalles de la m\u00e1quina para fabricar pellets de pl\u00e1stico.\" class=\"wp-image-1341\" srcset=\"https:\/\/www.plasticgranularmachine.com\/wp-content\/uploads\/2023\/12\/details-of-the-plastic-pellet-making-machine.webp 720w, https:\/\/www.plasticgranularmachine.com\/wp-content\/uploads\/2023\/12\/details-of-the-plastic-pellet-making-machine-300x225.webp 300w, https:\/\/www.plasticgranularmachine.com\/wp-content\/uploads\/2023\/12\/details-of-the-plastic-pellet-making-machine-16x12.webp 16w\" sizes=\"auto, (max-width: 720px) 100vw, 720px\" \/><figcaption class=\"wp-element-caption\">Detalles de la m\u00e1quina para fabricar pellets de pl\u00e1stico.<\/figcaption><\/figure>    <figure class=\"wp-block-image size-large\"><img loading=\"lazy\" decoding=\"async\" width=\"720\" height=\"540\" data-id=\"1342\" src=\"https:\/\/www.plasticgranularmachine.com\/wp-content\/uploads\/2023\/12\/hob-of-the-plastic-dana-cutter-machine.webp\" alt=\"placa de la m\u00e1quina cortadora de pl\u00e1stico dana\" class=\"wp-image-1342\" srcset=\"https:\/\/www.plasticgranularmachine.com\/wp-content\/uploads\/2023\/12\/hob-of-the-plastic-dana-cutter-machine.webp 720w, https:\/\/www.plasticgranularmachine.com\/wp-content\/uploads\/2023\/12\/hob-of-the-plastic-dana-cutter-machine-300x225.webp 300w, https:\/\/www.plasticgranularmachine.com\/wp-content\/uploads\/2023\/12\/hob-of-the-plastic-dana-cutter-machine-16x12.webp 16w\" sizes=\"auto, (max-width: 720px) 100vw, 720px\" \/><figcaption class=\"wp-element-caption\">placa de la m\u00e1quina cortadora de pl\u00e1stico dana<\/figcaption><\/figure> <\/figure>    <h2 class=\"wp-block-heading\">Par\u00e1metros de la m\u00e1quina cortadora de tiras de pl\u00e1stico.<\/h2>    <figure class=\"wp-block-table\"><table><tbody><tr><td>Tipo<\/td><td>Fuerza<\/td><td>Ancho de cuchillos<\/td><td>Tipo de cuchillo<\/td><\/tr><tr><td>SL-180<\/td><td>3<\/td><td>180<\/td><td>quemador<\/td><\/tr><tr><td>SL-220<\/td><td>5.5<\/td><td>220<\/td><td>quemador<\/td><\/tr><tr><td>SL-260<\/td><td>5.5<\/td><td>260<\/td><td>quemador<\/td><\/tr><\/tbody><\/table><\/figure>   <div class=\"wp-block-image\"> <figure class=\"aligncenter size-full\"><img loading=\"lazy\" decoding=\"async\" width=\"540\" height=\"720\" src=\"https:\/\/www.plasticgranularmachine.com\/wp-content\/uploads\/2023\/12\/plastic-dana-cutter.webp\" alt=\"cortador de dana de plastico\" class=\"wp-image-1343\" srcset=\"https:\/\/www.plasticgranularmachine.com\/wp-content\/uploads\/2023\/12\/plastic-dana-cutter.webp 540w, https:\/\/www.plasticgranularmachine.com\/wp-content\/uploads\/2023\/12\/plastic-dana-cutter-225x300.webp 225w, https:\/\/www.plasticgranularmachine.com\/wp-content\/uploads\/2023\/12\/plastic-dana-cutter-9x12.webp 9w\" sizes=\"auto, (max-width: 540px) 100vw, 540px\" \/><figcaption class=\"wp-element-caption\">cortador de dana de plastico<\/figcaption><\/figure> <\/div>   <h2 class=\"wp-block-heading\">Se observar\u00e1 el funcionamiento de la m\u00e1quina cortadora de pellets de pl\u00e1stico.<\/h2>    <ul class=\"wp-block-list\"> <li>El relleno del operador debe verse bien, no entrar en los restos del material, captar la temperatura.<\/li>    <li>La temperatura del agua generalmente debe estar entre 50 y 60 \u2103, baja y f\u00e1cil de romper la tira, m\u00e1s all\u00e1 de f\u00e1cil de pegar. Al principio, la temperatura del agua no es estable, el grano cortado se puede usar para cortar el transportador de la m\u00e1quina de grano durante un per\u00edodo de tiempo, por lo que la temperatura del agua aumenta y luego deja que la m\u00e1quina cortadora de pellets de pl\u00e1stico corte autom\u00e1ticamente el pl\u00e1stico, para no romper la tira.<\/li>    <li>Los gr\u00e1nulos de corte deben introducirse uniformemente antes de la tira en el rodillo de presi\u00f3n, de lo contrario se da\u00f1ar\u00e1 el cortador de pellets de pl\u00e1stico.<\/li> <\/ul>    <h2 class=\"wp-block-heading\">L\u00ednea de granulaci\u00f3n de pl\u00e1stico relacionada <\/h2>    <p class=\"translation-block\">La <strong><a href=\"https:\/\/www.plasticgranularmachine.com\/es\/product\/plastic-film-recycling-line\/\" data-type=\"link\" data-id=\"https:\/\/www.plasticgranularmachine.com\/product\/plastic-film-recycling-line\/\">l\u00ednea de peletizaci\u00f3n de pl\u00e1stico<\/a><\/strong> completa incluye granuladoras de pl\u00e1stico, trituradoras de pl\u00e1stico, m\u00e1quinas lavadoras de pl\u00e1stico y m\u00e1quinas cortadoras de tiras de pl\u00e1stico. Si usted es una f\u00e1brica de reciclaje de pl\u00e1stico o va a iniciar un nuevo negocio de reciclaje, no dude en contactarnos en cualquier momento. Le personalizaremos una soluci\u00f3n completa de peletizaci\u00f3n de pl\u00e1stico.<\/p>    <figure class=\"wp-block-embed is-type-video is-provider-youtube wp-block-embed-youtube wp-embed-aspect-16-9 wp-has-aspect-ratio\"><div class=\"wp-block-embed__wrapper\"> <iframe loading=\"lazy\" title=\"De residuos a pellets: \u00a1Vea nuestra m\u00e1quina granuladora de pl\u00e1stico en acci\u00f3n!\" width=\"500\" height=\"281\" src=\"https:\/\/www.youtube.com\/embed\/RyomHQQR0cQ?feature=oembed\" frameborder=\"0\" allow=\"accelerometer; autoplay; clipboard-write; encrypted-media; gyroscope; picture-in-picture; web-share\" referrerpolicy=\"strict-origin-when-cross-origin\" allowfullscreen><\/iframe> <\/div><\/figure>","protected":false},"excerpt":{"rendered":"<p>Plastic pelletizer is the last step of the pelletizing line, it will cut the long plastic strips into small pellets for subsequent packaging and sales. Application of Plastic Strip Cutting Machine It is suitable for plastic pelletizing machines after pulling strips, used for PVC, PP, LDPE, HDPE, LLDPE and other plastic pelletizing. Plastic pellet cutting [&hellip;]<\/p>\n","protected":false},"author":1,"featured_media":1224,"parent":0,"template":"","tags":[37],"product-type":[4],"class_list":["post-663","product","type-product","status-publish","has-post-thumbnail","hentry","tag-pelletizing","product-type-crushing-machine"],"_links":{"self":[{"href":"https:\/\/www.plasticgranularmachine.com\/es\/wp-json\/wp\/v2\/product\/663","targetHints":{"allow":["GET"]}}],"collection":[{"href":"https:\/\/www.plasticgranularmachine.com\/es\/wp-json\/wp\/v2\/product"}],"about":[{"href":"https:\/\/www.plasticgranularmachine.com\/es\/wp-json\/wp\/v2\/types\/product"}],"author":[{"embeddable":true,"href":"https:\/\/www.plasticgranularmachine.com\/es\/wp-json\/wp\/v2\/users\/1"}],"wp:featuredmedia":[{"embeddable":true,"href":"https:\/\/www.plasticgranularmachine.com\/es\/wp-json\/wp\/v2\/media\/1224"}],"wp:attachment":[{"href":"https:\/\/www.plasticgranularmachine.com\/es\/wp-json\/wp\/v2\/media?parent=663"}],"wp:term":[{"taxonomy":"post_tag","embeddable":true,"href":"https:\/\/www.plasticgranularmachine.com\/es\/wp-json\/wp\/v2\/tags?post=663"},{"taxonomy":"product-type","embeddable":true,"href":"https:\/\/www.plasticgranularmachine.com\/es\/wp-json\/wp\/v2\/product-type?post=663"}],"curies":[{"name":"wp","href":"https:\/\/api.w.org\/{rel}","templated":true}]}}