{"id":711,"date":"2023-12-22T17:50:02","date_gmt":"2023-12-22T09:50:02","guid":{"rendered":"https:\/\/www.plasticgranularmachine.com\/?post_type=product&#038;p=711"},"modified":"2025-11-10T15:18:14","modified_gmt":"2025-11-10T07:18:14","slug":"die-head-for-plastic-pelletizer","status":"publish","type":"product","link":"https:\/\/www.plasticgranularmachine.com\/es\/product\/die-head-for-plastic-pelletizer\/","title":{"rendered":"Cabezal de troquel para peletizadora de pl\u00e1stico"},"content":{"rendered":"<p>Hay tres tipos de cabezales de troquel para m\u00e1quinas peletizadoras de pl\u00e1stico: el cabezal de troquel hidr\u00e1ulico, el cabezal de troquel con engranajes el\u00e9ctricos y el cabezal de troquel autom\u00e1tico. Son componentes importantes de la m\u00e1quina de pellets de pl\u00e1stico.<\/p>    <figure class=\"wp-block-gallery has-nested-images columns-default is-cropped wp-block-gallery-2 is-layout-flex wp-block-gallery-is-layout-flex\"> <figure class=\"wp-block-image size-large\"><img loading=\"lazy\" decoding=\"async\" width=\"720\" height=\"540\" data-id=\"1405\" src=\"https:\/\/www.plasticgranularmachine.com\/wp-content\/uploads\/2023\/12\/Hydraulic-die-head-for-plastic-pelletizer-1.webp\" alt=\"Cabezal hidr\u00e1ulico para peletizadora de pl\u00e1stico\" class=\"wp-image-1405\" srcset=\"https:\/\/www.plasticgranularmachine.com\/wp-content\/uploads\/2023\/12\/Hydraulic-die-head-for-plastic-pelletizer-1.webp 720w, https:\/\/www.plasticgranularmachine.com\/wp-content\/uploads\/2023\/12\/Hydraulic-die-head-for-plastic-pelletizer-1-300x225.webp 300w, https:\/\/www.plasticgranularmachine.com\/wp-content\/uploads\/2023\/12\/Hydraulic-die-head-for-plastic-pelletizer-1-16x12.webp 16w\" sizes=\"auto, (max-width: 720px) 100vw, 720px\" \/><figcaption class=\"wp-element-caption\">Cabezal hidr\u00e1ulico para peletizadora de pl\u00e1stico<\/figcaption><\/figure>    <figure class=\"wp-block-image size-large\"><img loading=\"lazy\" decoding=\"async\" width=\"720\" height=\"540\" data-id=\"1404\" src=\"https:\/\/www.plasticgranularmachine.com\/wp-content\/uploads\/2023\/12\/electric-gear-die-head-1.webp\" alt=\"cabezal de troquel de engranaje el\u00e9ctrico\" class=\"wp-image-1404\" srcset=\"https:\/\/www.plasticgranularmachine.com\/wp-content\/uploads\/2023\/12\/electric-gear-die-head-1.webp 720w, https:\/\/www.plasticgranularmachine.com\/wp-content\/uploads\/2023\/12\/electric-gear-die-head-1-300x225.webp 300w, https:\/\/www.plasticgranularmachine.com\/wp-content\/uploads\/2023\/12\/electric-gear-die-head-1-16x12.webp 16w\" sizes=\"auto, (max-width: 720px) 100vw, 720px\" \/><figcaption class=\"wp-element-caption\">cabezal de troquel de engranaje el\u00e9ctrico<\/figcaption><\/figure>    <figure class=\"wp-block-image size-full\"><img loading=\"lazy\" decoding=\"async\" width=\"720\" height=\"540\" data-id=\"1407\" src=\"https:\/\/www.plasticgranularmachine.com\/wp-content\/uploads\/2023\/12\/automatic-filter-die-head.webp\" alt=\"cabezal de matriz de filtro autom\u00e1tico\" class=\"wp-image-1407\" srcset=\"https:\/\/www.plasticgranularmachine.com\/wp-content\/uploads\/2023\/12\/automatic-filter-die-head.webp 720w, https:\/\/www.plasticgranularmachine.com\/wp-content\/uploads\/2023\/12\/automatic-filter-die-head-300x225.webp 300w, https:\/\/www.plasticgranularmachine.com\/wp-content\/uploads\/2023\/12\/automatic-filter-die-head-16x12.webp 16w\" sizes=\"auto, (max-width: 720px) 100vw, 720px\" \/><figcaption class=\"wp-element-caption\">cabezal de matriz de filtro autom\u00e1tico<\/figcaption><\/figure> <\/figure>    <h2 class=\"wp-block-heading\">Cabezal de matriz para peletizadora de pl\u00e1stico Introducci\u00f3n<\/h2>    <h3 class=\"wp-block-heading\">Cabezal de troquel el\u00e9ctrico<\/h3>    <p class=\"translation-block\"><strong>Principio de funcionamiento:<\/strong> El cabezal de matriz de engranaje el\u00e9ctrico adopta un mecanismo de engranaje el\u00e9ctrico para el control, a trav\u00e9s del movimiento del engranaje impulsado por el motor, para realizar la extrusi\u00f3n y el moldeo de gr\u00e1nulos. El principio de funcionamiento es relativamente simple y es adecuado para algunas m\u00e1quinas granuladoras de tama\u00f1o peque\u00f1o a mediano.<\/p>    <p class=\"translation-block\"><strong>Ventajas:<\/strong> Los cabezales de matriz de engranaje el\u00e9ctrico son generalmente de bajo costo y relativamente f\u00e1ciles de mantener en comparaci\u00f3n con los cabezales de matriz hidr\u00e1ulicos. Esto los convierte en una opci\u00f3n rentable para algunas l\u00edneas de tama\u00f1o peque\u00f1o a mediano.<\/p>    <figure class=\"wp-block-gallery has-nested-images columns-default is-cropped wp-block-gallery-3 is-layout-flex wp-block-gallery-is-layout-flex\"> <figure class=\"wp-block-image size-large\"><img loading=\"lazy\" decoding=\"async\" width=\"720\" height=\"540\" data-id=\"1374\" src=\"https:\/\/www.plasticgranularmachine.com\/wp-content\/uploads\/2023\/12\/electric-gear-die-head.webp\" alt=\"cabezal de troquel de engranaje el\u00e9ctrico\" class=\"wp-image-1374\" srcset=\"https:\/\/www.plasticgranularmachine.com\/wp-content\/uploads\/2023\/12\/electric-gear-die-head.webp 720w, https:\/\/www.plasticgranularmachine.com\/wp-content\/uploads\/2023\/12\/electric-gear-die-head-300x225.webp 300w, https:\/\/www.plasticgranularmachine.com\/wp-content\/uploads\/2023\/12\/electric-gear-die-head-16x12.webp 16w\" sizes=\"auto, (max-width: 720px) 100vw, 720px\" \/><figcaption class=\"wp-element-caption\">cabezal de troquel de engranaje el\u00e9ctrico<\/figcaption><\/figure>    <figure class=\"wp-block-image size-large\"><img loading=\"lazy\" decoding=\"async\" width=\"720\" height=\"540\" data-id=\"1375\" src=\"https:\/\/www.plasticgranularmachine.com\/wp-content\/uploads\/2023\/12\/mold-head.webp\" alt=\"cabeza de molde\" class=\"wp-image-1375\" srcset=\"https:\/\/www.plasticgranularmachine.com\/wp-content\/uploads\/2023\/12\/mold-head.webp 720w, https:\/\/www.plasticgranularmachine.com\/wp-content\/uploads\/2023\/12\/mold-head-300x225.webp 300w, https:\/\/www.plasticgranularmachine.com\/wp-content\/uploads\/2023\/12\/mold-head-16x12.webp 16w\" sizes=\"auto, (max-width: 720px) 100vw, 720px\" \/><figcaption class=\"wp-element-caption\">cabeza de molde<\/figcaption><\/figure> <\/figure>    <h3 class=\"wp-block-heading\">Cabezal de troquel hidr\u00e1ulico<\/h3>    <p class=\"translation-block\"><strong>Principio de funcionamiento:<\/strong> El cabezal de matriz hidr\u00e1ulico es controlado por un sistema hidr\u00e1ulico que proporciona un control preciso del cabezal de matriz para la producci\u00f3n de gr\u00e1nulos de alta calidad.<\/p>    <p class=\"translation-block\"><strong>Ventajas:<\/strong> El cabezal de matriz hidr\u00e1ulico ofrece un alto grado de flexibilidad de ajuste, lo que permite ajustar el di\u00e1metro y la longitud de los gr\u00e1nulos en tiempo real seg\u00fan las necesidades de producci\u00f3n. Esta flexibilidad es importante para satisfacer las necesidades de diferentes clientes y mercados.<\/p>    <figure class=\"wp-block-gallery has-nested-images columns-default is-cropped wp-block-gallery-4 is-layout-flex wp-block-gallery-is-layout-flex\"> <figure class=\"wp-block-image size-large\"><img loading=\"lazy\" decoding=\"async\" width=\"720\" height=\"540\" data-id=\"1376\" src=\"https:\/\/www.plasticgranularmachine.com\/wp-content\/uploads\/2023\/12\/Hydraulic-die-head-for-plastic-pelletizer.webp\" alt=\"Cabezal hidr\u00e1ulico para peletizadora de pl\u00e1stico\" class=\"wp-image-1376\" srcset=\"https:\/\/www.plasticgranularmachine.com\/wp-content\/uploads\/2023\/12\/Hydraulic-die-head-for-plastic-pelletizer.webp 720w, https:\/\/www.plasticgranularmachine.com\/wp-content\/uploads\/2023\/12\/Hydraulic-die-head-for-plastic-pelletizer-300x225.webp 300w, https:\/\/www.plasticgranularmachine.com\/wp-content\/uploads\/2023\/12\/Hydraulic-die-head-for-plastic-pelletizer-16x12.webp 16w\" sizes=\"auto, (max-width: 720px) 100vw, 720px\" \/><figcaption class=\"wp-element-caption\">Cabezal hidr\u00e1ulico para peletizadora de pl\u00e1stico<\/figcaption><\/figure>    <figure class=\"wp-block-image size-large\"><img loading=\"lazy\" decoding=\"async\" width=\"1024\" height=\"768\" data-id=\"1377\" src=\"https:\/\/www.plasticgranularmachine.com\/wp-content\/uploads\/2023\/12\/Hydraulic-mold-head-1024x768.webp\" alt=\"Cabezal de molde hidr\u00e1ulico\" class=\"wp-image-1377\" srcset=\"https:\/\/www.plasticgranularmachine.com\/wp-content\/uploads\/2023\/12\/Hydraulic-mold-head-1024x768.webp 1024w, https:\/\/www.plasticgranularmachine.com\/wp-content\/uploads\/2023\/12\/Hydraulic-mold-head-300x225.webp 300w, https:\/\/www.plasticgranularmachine.com\/wp-content\/uploads\/2023\/12\/Hydraulic-mold-head-768x576.webp 768w, https:\/\/www.plasticgranularmachine.com\/wp-content\/uploads\/2023\/12\/Hydraulic-mold-head-1536x1152.webp 1536w, https:\/\/www.plasticgranularmachine.com\/wp-content\/uploads\/2023\/12\/Hydraulic-mold-head-2048x1536.webp 2048w, https:\/\/www.plasticgranularmachine.com\/wp-content\/uploads\/2023\/12\/Hydraulic-mold-head-16x12.webp 16w\" sizes=\"auto, (max-width: 1024px) 100vw, 1024px\" \/><figcaption class=\"wp-element-caption\">Cabezal de molde hidr\u00e1ulico<\/figcaption><\/figure> <\/figure>    <h3 class=\"wp-block-heading\">Filtro autom\u00e1tico de escoria<\/h3>    <p class=\"translation-block\"><strong>Principio de funcionamiento: <\/strong>El pl\u00e1stico fundido entra en el conjunto de la matriz, al pasar a trav\u00e9s de la malla de la herramienta de extrusi\u00f3n de pl\u00e1stico, las impurezas de poro grande se interceptan y el pl\u00e1stico fundido pasa sin problemas.<\/p>    <p class=\"translation-block\"><strong>Ventajas:<\/strong> La eliminaci\u00f3n efectiva de contaminantes del fundido reduce los costos de mantenimiento para el procesamiento posterior de la m\u00e1quina. Los moldes de filtro autom\u00e1tico son adecuados para manejar pl\u00e1sticos sucios.<\/p>    <figure class=\"wp-block-gallery has-nested-images columns-default is-cropped wp-block-gallery-5 is-layout-flex wp-block-gallery-is-layout-flex\"> <figure class=\"wp-block-image size-large\"><img loading=\"lazy\" decoding=\"async\" width=\"720\" height=\"540\" data-id=\"1408\" src=\"https:\/\/www.plasticgranularmachine.com\/wp-content\/uploads\/2023\/12\/automatic-filter-die-head-1.webp\" alt=\"cabezal de matriz de filtro autom\u00e1tico\" class=\"wp-image-1408\" srcset=\"https:\/\/www.plasticgranularmachine.com\/wp-content\/uploads\/2023\/12\/automatic-filter-die-head-1.webp 720w, https:\/\/www.plasticgranularmachine.com\/wp-content\/uploads\/2023\/12\/automatic-filter-die-head-1-300x225.webp 300w, https:\/\/www.plasticgranularmachine.com\/wp-content\/uploads\/2023\/12\/automatic-filter-die-head-1-16x12.webp 16w\" sizes=\"auto, (max-width: 720px) 100vw, 720px\" \/><figcaption class=\"wp-element-caption\">cabezal de matriz de filtro autom\u00e1tico<\/figcaption><\/figure>    <figure class=\"wp-block-image size-large\"><img loading=\"lazy\" decoding=\"async\" width=\"720\" height=\"540\" data-id=\"1409\" src=\"https:\/\/www.plasticgranularmachine.com\/wp-content\/uploads\/2023\/12\/automatic-slag-filter-1.webp\" alt=\"filtro de escoria autom\u00e1tico\" class=\"wp-image-1409\" srcset=\"https:\/\/www.plasticgranularmachine.com\/wp-content\/uploads\/2023\/12\/automatic-slag-filter-1.webp 720w, https:\/\/www.plasticgranularmachine.com\/wp-content\/uploads\/2023\/12\/automatic-slag-filter-1-300x225.webp 300w, https:\/\/www.plasticgranularmachine.com\/wp-content\/uploads\/2023\/12\/automatic-slag-filter-1-16x12.webp 16w\" sizes=\"auto, (max-width: 720px) 100vw, 720px\" \/><figcaption class=\"wp-element-caption\">filtro de escoria autom\u00e1tico<\/figcaption><\/figure> <\/figure>    <h2 class=\"wp-block-heading\">Video del cabezal de matriz del granulador de pl\u00e1stico<\/h2>    <figure class=\"wp-block-embed is-type-video is-provider-youtube wp-block-embed-youtube wp-embed-aspect-16-9 wp-has-aspect-ratio\"><div class=\"wp-block-embed__wrapper\"> <iframe loading=\"lazy\" title=\"Planta de reciclaje de pl\u00e1stico instalada en Arabia Saudita | Comentarios de la m\u00e1quina peletizadora de pl\u00e1stico\" width=\"500\" height=\"281\" src=\"https:\/\/www.youtube.com\/embed\/rDw_8i8uBAo?start=14&#038;feature=oembed\" frameborder=\"0\" allow=\"accelerometer; autoplay; clipboard-write; encrypted-media; gyroscope; picture-in-picture; web-share\" referrerpolicy=\"strict-origin-when-cross-origin\" allowfullscreen><\/iframe> <\/div><\/figure>    <h2 class=\"wp-block-heading\">Configuraciones comunes del cabezal de matriz de extrusi\u00f3n de pl\u00e1stico<\/h2>    <p class=\"translation-block\">La cabeza de matriz para m\u00e1quinas de pelletizadoras de pl\u00e1stico es una parte importante del proceso de moldeo por extrusi\u00f3n de pl\u00e1stico, afectando la forma, tama\u00f1o y calidad de las pellets terminadas. Las extrusoras de pl\u00e1stico se utilizan junto con <a href=\"https:\/\/www.plasticgranularmachine.com\/es\/product\/strand-cooling-bath\/\" data-type=\"link\" data-id=\"https:\/\/www.plasticgranularmachine.com\/product\/strand-cooling-bath\/\">tanques de enfriamiento<\/a>, <a href=\"https:\/\/www.plasticgranularmachine.com\/es\/product\/plastic-strip-cutting-machine\/\" data-type=\"link\" data-id=\"https:\/\/www.plasticgranularmachine.com\/product\/plastic-strip-cutting-machine\/\">cortadores de pellets<\/a>, etc., para producir gr\u00e1nulos de pl\u00e1stico de alta calidad.<\/p>    <figure class=\"wp-block-gallery aligncenter has-nested-images columns-default is-cropped wp-block-gallery-6 is-layout-flex wp-block-gallery-is-layout-flex\"> <figure class=\"wp-block-image size-large\"><img loading=\"lazy\" decoding=\"async\" width=\"1024\" height=\"768\" data-id=\"1378\" src=\"https:\/\/www.plasticgranularmachine.com\/wp-content\/uploads\/2023\/12\/industrial-plastic-granulator-1-1024x768.webp\" alt=\"granulador de plastico industrial\" class=\"wp-image-1378\" style=\"object-fit:cover\" srcset=\"https:\/\/www.plasticgranularmachine.com\/wp-content\/uploads\/2023\/12\/industrial-plastic-granulator-1-1024x768.webp 1024w, https:\/\/www.plasticgranularmachine.com\/wp-content\/uploads\/2023\/12\/industrial-plastic-granulator-1-300x225.webp 300w, https:\/\/www.plasticgranularmachine.com\/wp-content\/uploads\/2023\/12\/industrial-plastic-granulator-1-768x576.webp 768w, https:\/\/www.plasticgranularmachine.com\/wp-content\/uploads\/2023\/12\/industrial-plastic-granulator-1-1536x1152.webp 1536w, https:\/\/www.plasticgranularmachine.com\/wp-content\/uploads\/2023\/12\/industrial-plastic-granulator-1-2048x1536.webp 2048w, https:\/\/www.plasticgranularmachine.com\/wp-content\/uploads\/2023\/12\/industrial-plastic-granulator-1-16x12.webp 16w\" sizes=\"auto, (max-width: 1024px) 100vw, 1024px\" \/><figcaption class=\"wp-element-caption\">granulador de plastico industrial<\/figcaption><\/figure>    <figure class=\"wp-block-image size-large\"><img loading=\"lazy\" decoding=\"async\" width=\"720\" height=\"540\" data-id=\"1410\" src=\"https:\/\/www.plasticgranularmachine.com\/wp-content\/uploads\/2023\/12\/plastic-die-head-extruder-pelletizing-machine.webp\" alt=\"M\u00e1quina peletizadora extrusora de cabezal de troquel de pl\u00e1stico\" class=\"wp-image-1410\" srcset=\"https:\/\/www.plasticgranularmachine.com\/wp-content\/uploads\/2023\/12\/plastic-die-head-extruder-pelletizing-machine.webp 720w, https:\/\/www.plasticgranularmachine.com\/wp-content\/uploads\/2023\/12\/plastic-die-head-extruder-pelletizing-machine-300x225.webp 300w, https:\/\/www.plasticgranularmachine.com\/wp-content\/uploads\/2023\/12\/plastic-die-head-extruder-pelletizing-machine-16x12.webp 16w\" sizes=\"auto, (max-width: 720px) 100vw, 720px\" \/><figcaption class=\"wp-element-caption\">M\u00e1quina peletizadora extrusora de cabezal de troquel de pl\u00e1stico<\/figcaption><\/figure>    <figure class=\"wp-block-image size-large\"><img loading=\"lazy\" decoding=\"async\" width=\"720\" height=\"540\" data-id=\"1379\" src=\"https:\/\/www.plasticgranularmachine.com\/wp-content\/uploads\/2023\/12\/plastic-grinding-machine.webp\" alt=\"maquina trituradora de plastico\" class=\"wp-image-1379\" srcset=\"https:\/\/www.plasticgranularmachine.com\/wp-content\/uploads\/2023\/12\/plastic-grinding-machine.webp 720w, https:\/\/www.plasticgranularmachine.com\/wp-content\/uploads\/2023\/12\/plastic-grinding-machine-300x225.webp 300w, https:\/\/www.plasticgranularmachine.com\/wp-content\/uploads\/2023\/12\/plastic-grinding-machine-16x12.webp 16w\" sizes=\"auto, (max-width: 720px) 100vw, 720px\" \/><figcaption class=\"wp-element-caption\">maquina trituradora de plastico<\/figcaption><\/figure> <\/figure>    <p>El dise\u00f1o modular del granulador de pl\u00e1stico te permite combinar libremente seg\u00fan tus necesidades de producci\u00f3n. Si est\u00e1s interesado en la granulaci\u00f3n o no sabes c\u00f3mo elegir, \u00a1por favor cont\u00e1ctanos y te daremos asesoramiento!<\/p>","protected":false},"excerpt":{"rendered":"<p>La elecci\u00f3n flexible de tres tipos de cabezales para peletizadoras de pl\u00e1stico puede satisfacer sus necesidades de peletizaci\u00f3n. <\/p>","protected":false},"author":1,"featured_media":1237,"parent":0,"template":"","tags":[18],"product-type":[5],"class_list":["post-711","product","type-product","status-publish","has-post-thumbnail","hentry","tag-pelletizing-machine","product-type-plastic-pelletizer"],"_links":{"self":[{"href":"https:\/\/www.plasticgranularmachine.com\/es\/wp-json\/wp\/v2\/product\/711","targetHints":{"allow":["GET"]}}],"collection":[{"href":"https:\/\/www.plasticgranularmachine.com\/es\/wp-json\/wp\/v2\/product"}],"about":[{"href":"https:\/\/www.plasticgranularmachine.com\/es\/wp-json\/wp\/v2\/types\/product"}],"author":[{"embeddable":true,"href":"https:\/\/www.plasticgranularmachine.com\/es\/wp-json\/wp\/v2\/users\/1"}],"wp:featuredmedia":[{"embeddable":true,"href":"https:\/\/www.plasticgranularmachine.com\/es\/wp-json\/wp\/v2\/media\/1237"}],"wp:attachment":[{"href":"https:\/\/www.plasticgranularmachine.com\/es\/wp-json\/wp\/v2\/media?parent=711"}],"wp:term":[{"taxonomy":"post_tag","embeddable":true,"href":"https:\/\/www.plasticgranularmachine.com\/es\/wp-json\/wp\/v2\/tags?post=711"},{"taxonomy":"product-type","embeddable":true,"href":"https:\/\/www.plasticgranularmachine.com\/es\/wp-json\/wp\/v2\/product-type?post=711"}],"curies":[{"name":"wp","href":"https:\/\/api.w.org\/{rel}","templated":true}]}}