{"id":954,"date":"2024-10-18T16:40:06","date_gmt":"2024-10-18T08:40:06","guid":{"rendered":"https:\/\/www.plasticgranularmachine.com\/?post_type=product&#038;p=954"},"modified":"2025-03-21T17:08:45","modified_gmt":"2025-03-21T09:08:45","slug":"hard-plastic-recycling-line","status":"publish","type":"product","link":"https:\/\/www.plasticgranularmachine.com\/es\/product\/hard-plastic-recycling-line\/","title":{"rendered":"L\u00ednea de reciclaje de pl\u00e1stico r\u00edgido para trituraci\u00f3n de PP PE PVC HDPE"},"content":{"rendered":"<p>\u00bfEst\u00e1 buscando la mejor soluci\u00f3n para reciclar pallets, tuber\u00edas, latas de aceite, materiales de cabezales de extrusi\u00f3n, etc.? La l\u00ednea de reciclaje de pl\u00e1stico duro proporciona un m\u00e9todo completo y eficiente para triturar PP, PE, PVC, HDPE, etc. hasta convertirlos en gr\u00e1nulos de alto valor.<\/p>    <figure class=\"wp-block-gallery has-nested-images columns-default is-cropped wp-block-gallery-2 is-layout-flex wp-block-gallery-is-layout-flex\"> <figure class=\"wp-block-image size-full\"><img loading=\"lazy\" decoding=\"async\" width=\"720\" height=\"540\" data-id=\"1205\" src=\"https:\/\/www.plasticgranularmachine.com\/wp-content\/uploads\/2024\/10\/plastic-pallet-1.webp\" alt=\"palet de plastico\" class=\"wp-image-1205\" srcset=\"https:\/\/www.plasticgranularmachine.com\/wp-content\/uploads\/2024\/10\/plastic-pallet-1.webp 720w, https:\/\/www.plasticgranularmachine.com\/wp-content\/uploads\/2024\/10\/plastic-pallet-1-300x225.webp 300w, https:\/\/www.plasticgranularmachine.com\/wp-content\/uploads\/2024\/10\/plastic-pallet-1-16x12.webp 16w\" sizes=\"auto, (max-width: 720px) 100vw, 720px\" \/><figcaption class=\"wp-element-caption\">palet de plastico<\/figcaption><\/figure>    <figure class=\"wp-block-image size-full\"><img loading=\"lazy\" decoding=\"async\" width=\"720\" height=\"540\" data-id=\"1204\" src=\"https:\/\/www.plasticgranularmachine.com\/wp-content\/uploads\/2024\/10\/plastic-containers1.webp\" alt=\"contenedores de plastico\" class=\"wp-image-1204\" srcset=\"https:\/\/www.plasticgranularmachine.com\/wp-content\/uploads\/2024\/10\/plastic-containers1.webp 720w, https:\/\/www.plasticgranularmachine.com\/wp-content\/uploads\/2024\/10\/plastic-containers1-300x225.webp 300w, https:\/\/www.plasticgranularmachine.com\/wp-content\/uploads\/2024\/10\/plastic-containers1-16x12.webp 16w\" sizes=\"auto, (max-width: 720px) 100vw, 720px\" \/><figcaption class=\"wp-element-caption\">contenedores de plastico<\/figcaption><\/figure>    <figure class=\"wp-block-image size-large\"><img loading=\"lazy\" decoding=\"async\" width=\"720\" height=\"540\" data-id=\"1206\" src=\"https:\/\/www.plasticgranularmachine.com\/wp-content\/uploads\/2024\/10\/Fruit-Basket-1.webp\" alt=\"Cesta de frutas\" class=\"wp-image-1206\" srcset=\"https:\/\/www.plasticgranularmachine.com\/wp-content\/uploads\/2024\/10\/Fruit-Basket-1.webp 720w, https:\/\/www.plasticgranularmachine.com\/wp-content\/uploads\/2024\/10\/Fruit-Basket-1-300x225.webp 300w, https:\/\/www.plasticgranularmachine.com\/wp-content\/uploads\/2024\/10\/Fruit-Basket-1-16x12.webp 16w\" sizes=\"auto, (max-width: 720px) 100vw, 720px\" \/><figcaption class=\"wp-element-caption\">Cesta de frutas<\/figcaption><\/figure> <\/figure>    <h2 class=\"wp-block-heading\">Caracter\u00edsticas clave de la l\u00ednea eficiente de reciclaje de pl\u00e1stico duro<\/h2>    <ul class=\"wp-block-list\"> <li>Amplia gama de aplicaciones: procese f\u00e1cilmente varios pl\u00e1sticos duros y sea adecuado para f\u00e1bricas de todos los tama\u00f1os.<\/li>    <li>Capacidad de 100~500 kg\/h y motores potentes para una producci\u00f3n eficiente y continua.<\/li>    <li>Hay varias m\u00e1quinas personalizables disponibles para selecci\u00f3n y combinaci\u00f3n, con configuraci\u00f3n flexible.<\/li>    <li>Est\u00e1 equipado con un sistema inteligente de control de temperatura para un control preciso de la temperatura de granulaci\u00f3n.<\/li>    <li>Los gr\u00e1nulos producidos tienen alta calidad, superficie lisa y uniforme y buenas propiedades f\u00edsicas.<\/li> <\/ul>   <div class=\"wp-block-image\"> <figure class=\"aligncenter size-full\"><img loading=\"lazy\" decoding=\"async\" width=\"720\" height=\"540\" src=\"https:\/\/www.plasticgranularmachine.com\/wp-content\/uploads\/2024\/10\/hard-plastic-recycling-line-3.webp\" alt=\"l\u00ednea de reciclaje de pl\u00e1stico duro\" class=\"wp-image-1207\" srcset=\"https:\/\/www.plasticgranularmachine.com\/wp-content\/uploads\/2024\/10\/hard-plastic-recycling-line-3.webp 720w, https:\/\/www.plasticgranularmachine.com\/wp-content\/uploads\/2024\/10\/hard-plastic-recycling-line-3-300x225.webp 300w, https:\/\/www.plasticgranularmachine.com\/wp-content\/uploads\/2024\/10\/hard-plastic-recycling-line-3-16x12.webp 16w\" sizes=\"auto, (max-width: 720px) 100vw, 720px\" \/><figcaption class=\"wp-element-caption\">l\u00ednea de reciclaje de pl\u00e1stico duro<\/figcaption><\/figure> <\/div>   <h2 class=\"wp-block-heading\">\u00bfPara qu\u00e9 tipos de procesamiento de pl\u00e1stico son adecuadas las m\u00e1quinas de reciclaje eficientes?<\/h2>    <h3 class=\"wp-block-heading\">Materias primas<\/h3>    <p>La l\u00ednea de reciclaje de pl\u00e1stico duro est\u00e1 especialmente dise\u00f1ada para transformar pl\u00e1sticos PP, PE, PVC, HDPE, ABS, etc. de alta resistencia y rigidez en gr\u00e1nulos reutilizables. Por lo general, estos materiales se pueden recopilar en los siguientes campos:<\/p>    <ul class=\"wp-block-list\"> <li><strong>Necesidades diarias:<\/strong> Juguetes, muebles, envases de comida, etc.<\/li>    <li><strong>Construcci\u00f3n<\/strong>: Tuber\u00edas, marcos de ventanas, etc.<\/li>    <li><strong>Industria automotriz<\/strong>: Parachoques y otras piezas<\/li>    <li><strong>Productos electronicos<\/strong>: Cajas aislantes, conectores, etc.<\/li>    <li><strong>Industria del embalaje:<\/strong> Baldes, latas, etc. de pl\u00e1stico r\u00edgido.<\/li> <\/ul>    <h3 class=\"wp-block-heading\">Productos finales<\/h3>    <p>Estos pl\u00e1sticos duros finalmente se transforman en gr\u00e1nulos uniformes, que pueden utilizarse para fabricar nuevos productos pl\u00e1sticos.<\/p>    <figure class=\"wp-block-gallery has-nested-images columns-default is-cropped wp-block-gallery-3 is-layout-flex wp-block-gallery-is-layout-flex\"> <figure class=\"wp-block-image size-large\"><img loading=\"lazy\" decoding=\"async\" width=\"720\" height=\"540\" data-id=\"1209\" src=\"https:\/\/www.plasticgranularmachine.com\/wp-content\/uploads\/2024\/10\/Raw-materials-and-products-of-hard-plastic-recycling-line-1.webp\" alt=\"L\u00ednea de reciclaje de materias primas y productos de pl\u00e1stico duro.\" class=\"wp-image-1209\" srcset=\"https:\/\/www.plasticgranularmachine.com\/wp-content\/uploads\/2024\/10\/Raw-materials-and-products-of-hard-plastic-recycling-line-1.webp 720w, https:\/\/www.plasticgranularmachine.com\/wp-content\/uploads\/2024\/10\/Raw-materials-and-products-of-hard-plastic-recycling-line-1-300x225.webp 300w, https:\/\/www.plasticgranularmachine.com\/wp-content\/uploads\/2024\/10\/Raw-materials-and-products-of-hard-plastic-recycling-line-1-16x12.webp 16w\" sizes=\"auto, (max-width: 720px) 100vw, 720px\" \/><figcaption class=\"wp-element-caption\">L\u00ednea de reciclaje de materias primas y productos de pl\u00e1stico duro.<\/figcaption><\/figure>    <figure class=\"wp-block-image size-large\"><img loading=\"lazy\" decoding=\"async\" width=\"720\" height=\"540\" data-id=\"1208\" src=\"https:\/\/www.plasticgranularmachine.com\/wp-content\/uploads\/2024\/10\/HDPE-pipes-and-granule.webp\" alt=\"Tuber\u00edas y gr\u00e1nulos de HDPE.\" class=\"wp-image-1208\" srcset=\"https:\/\/www.plasticgranularmachine.com\/wp-content\/uploads\/2024\/10\/HDPE-pipes-and-granule.webp 720w, https:\/\/www.plasticgranularmachine.com\/wp-content\/uploads\/2024\/10\/HDPE-pipes-and-granule-300x225.webp 300w, https:\/\/www.plasticgranularmachine.com\/wp-content\/uploads\/2024\/10\/HDPE-pipes-and-granule-16x12.webp 16w\" sizes=\"auto, (max-width: 720px) 100vw, 720px\" \/><figcaption class=\"wp-element-caption\">Tuber\u00edas y gr\u00e1nulos de HDPE.<\/figcaption><\/figure> <\/figure>    <h3 class=\"wp-block-heading\">F\u00e1bricas adecuadas<\/h3>    <p>La l\u00ednea de reciclaje de pl\u00e1stico duro Efficient es muy vers\u00e1til y se puede personalizar para satisfacer las necesidades de f\u00e1bricas de todos los tama\u00f1os. Esto lo hace adecuado tanto para recicladores de pl\u00e1stico peque\u00f1os como grandes que buscan reciclar materiales post-consumo, as\u00ed como para fabricantes que buscan recuperar pl\u00e1sticos post-industriales.<\/p>    <h2 class=\"wp-block-heading\">\u00bfC\u00f3mo funciona el proceso de reciclaje?<\/h2>    <h3 class=\"wp-block-heading\">Paso 1: trituraci\u00f3n<\/h3>    <p>En primer lugar, los pl\u00e1sticos r\u00edgidos se introducen en una trituradora de pl\u00e1stico para triturarlos en hojuelas m\u00e1s peque\u00f1as, que son m\u00e1s c\u00f3modas de lavar y granular. Seg\u00fan la clasificaci\u00f3n de las materias primas, los tama\u00f1os de las escamas obtenidas son diferentes y pueden ajustarse. Por lo general, miden entre 10 y 20 mm para los procesos posteriores. <\/p>    <p class=\"translation-block\">La <em><a href=\"https:\/\/www.plasticgranularmachine.com\/es\/product\/hard-plastic-shredder\/\" data-type=\"link\" data-id=\"https:\/\/www.plasticgranularmachine.com\/product\/hard-plastic-shredder\/\">trituradora de pl\u00e1stico<\/a><\/em> utiliza la fuerza de cizallamiento de la cuchilla giratoria y la cuchilla estacionaria para triturar materiales grandes y duros de manera eficiente sin atascarse.<\/p>    <div class=\"wp-block-media-text is-stacked-on-mobile\"><figure class=\"wp-block-media-text__media\"><img loading=\"lazy\" decoding=\"async\" width=\"720\" height=\"540\" src=\"https:\/\/www.plasticgranularmachine.com\/wp-content\/uploads\/2024\/10\/hard-plastic-shredder-machine-1.webp\" alt=\"m\u00e1quina de triturador de pl\u00e1stico duro\" class=\"wp-image-1606 size-full\" srcset=\"https:\/\/www.plasticgranularmachine.com\/wp-content\/uploads\/2024\/10\/hard-plastic-shredder-machine-1.webp 720w, https:\/\/www.plasticgranularmachine.com\/wp-content\/uploads\/2024\/10\/hard-plastic-shredder-machine-1-300x225.webp 300w, https:\/\/www.plasticgranularmachine.com\/wp-content\/uploads\/2024\/10\/hard-plastic-shredder-machine-1-16x12.webp 16w\" sizes=\"auto, (max-width: 720px) 100vw, 720px\" \/><\/figure><div class=\"wp-block-media-text__content\"> <ul class=\"wp-block-list\"> <li>Material: 60Si2Mn<\/li>    <li>Capacidad: 600~1200kg\/h<\/li>    <li>Materias primas: pl\u00e1sticos r\u00edgidos<\/li>    <li>Productos finales: escamas uniformes<\/li> <\/ul> <\/div><\/div>    <h3 class=\"wp-block-heading\">Paso 2: lavado<\/h3>    <p>Los pl\u00e1sticos destinados al reciclaje suelen tener suciedad y otras impurezas en sus superficies, que deben eliminarse en un tanque de lavado para garantizar la pureza y limpieza de los materiales reciclados.<\/p>    <p class=\"translation-block\">El <em><a href=\"https:\/\/www.plasticgranularmachine.com\/es\/product\/plastic-film-washing-machine\/\" data-type=\"link\" data-id=\"https:\/\/www.plasticgranularmachine.com\/product\/plastic-film-washing-machine\/\">tanque de lavado de pl\u00e1stico<\/a><\/em> suele tener entre 10 y 30 metros de largo y se puede personalizar seg\u00fan sus necesidades de producci\u00f3n. Utiliza un sistema de circulaci\u00f3n de agua, que es altamente eficiente y ahorra energ\u00eda.<\/p>    <div class=\"wp-block-media-text is-stacked-on-mobile\"><figure class=\"wp-block-media-text__media\"><img loading=\"lazy\" decoding=\"async\" width=\"720\" height=\"540\" src=\"https:\/\/www.plasticgranularmachine.com\/wp-content\/uploads\/2024\/10\/plastic-washing-machine.webp\" alt=\"lavadora de plastico\" class=\"wp-image-1211 size-full\" srcset=\"https:\/\/www.plasticgranularmachine.com\/wp-content\/uploads\/2024\/10\/plastic-washing-machine.webp 720w, https:\/\/www.plasticgranularmachine.com\/wp-content\/uploads\/2024\/10\/plastic-washing-machine-300x225.webp 300w, https:\/\/www.plasticgranularmachine.com\/wp-content\/uploads\/2024\/10\/plastic-washing-machine-16x12.webp 16w\" sizes=\"auto, (max-width: 720px) 100vw, 720px\" \/><\/figure><div class=\"wp-block-media-text__content\"> <ul class=\"wp-block-list\"> <li>Potencia: 3KW<\/li>    <li>Longitud: 10 ~ 30 m<\/li>    <li>Funci\u00f3n: Lavar pl\u00e1sticos y eliminar impurezas.<\/li> <\/ul> <\/div><\/div>    <h3 class=\"wp-block-heading\">Paso 3: Pellerizaci\u00f3n<\/h3>    <p class=\"translation-block\">La <em><a href=\"https:\/\/www.plasticgranularmachine.com\/es\/product\/hdpe-granules-making-machine\/\" data-type=\"link\" data-id=\"https:\/\/www.plasticgranularmachine.com\/product\/hdpe-granules-making-machine\/\">m\u00e1quina peletizadora de pl\u00e1stico<\/a><\/em> es un equipo esencial que convierte el pl\u00e1stico en gr\u00e1nulos. Todo el proceso implica calentamiento, extrusi\u00f3n, enfriamiento y corte.<\/p>    <ul class=\"wp-block-list\"> <li>Utilizando la tecnolog\u00eda de fusi\u00f3n de tornillo a alta temperatura, los pl\u00e1sticos se calientan hasta que se funden y luego el cabezal de troquel los extruye en tiras largas.<\/li>    <li>Estas densas tiras pasan a trav\u00e9s de un tanque de enfriamiento para solidificarse y mejorar la suavidad de su superficie.<\/li>    <li>Finalmente, una m\u00e1quina cortadora de pellets de pl\u00e1stico corta las tiras largas en gr\u00e1nulos uniformes.<\/li> <\/ul>    <div class=\"wp-block-media-text is-stacked-on-mobile\"><figure class=\"wp-block-media-text__media\"><img loading=\"lazy\" decoding=\"async\" width=\"720\" height=\"540\" src=\"https:\/\/www.plasticgranularmachine.com\/wp-content\/uploads\/2024\/10\/plastic-pelletizer-machine.webp\" alt=\"m\u00e1quina peletizadora de pl\u00e1stico\" class=\"wp-image-1212 size-full\" srcset=\"https:\/\/www.plasticgranularmachine.com\/wp-content\/uploads\/2024\/10\/plastic-pelletizer-machine.webp 720w, https:\/\/www.plasticgranularmachine.com\/wp-content\/uploads\/2024\/10\/plastic-pelletizer-machine-300x225.webp 300w, https:\/\/www.plasticgranularmachine.com\/wp-content\/uploads\/2024\/10\/plastic-pelletizer-machine-16x12.webp 16w\" sizes=\"auto, (max-width: 720px) 100vw, 720px\" \/><\/figure><div class=\"wp-block-media-text__content\"> <ul class=\"wp-block-list\"> <li>Potencia: 30~75KW<\/li>    <li>Salida: 180~380kg\/h<\/li>    <li>Material: acero inoxidable de alta calidad<\/li> <\/ul> <\/div><\/div>    <h3 class=\"wp-block-heading\">Paso 4: Secado<\/h3>    <p>Un secador de pl\u00e1stico se usa especialmente en l\u00edneas de reciclaje de pl\u00e1stico para pl\u00e1stico de deshidrat despu\u00e9s de la limpieza o pelea. La tasa de desag\u00fce es m\u00e1s de 97%.<\/p>    <div class=\"wp-block-media-text is-stacked-on-mobile\"><figure class=\"wp-block-media-text__media\"><img loading=\"lazy\" decoding=\"async\" width=\"720\" height=\"540\" src=\"https:\/\/www.plasticgranularmachine.com\/wp-content\/uploads\/2024\/10\/horizontal-plastic-dryer.webp\" alt=\"secadora de pl\u00e1stico horizontal\" class=\"wp-image-1608 size-full\" srcset=\"https:\/\/www.plasticgranularmachine.com\/wp-content\/uploads\/2024\/10\/horizontal-plastic-dryer.webp 720w, https:\/\/www.plasticgranularmachine.com\/wp-content\/uploads\/2024\/10\/horizontal-plastic-dryer-300x225.webp 300w, https:\/\/www.plasticgranularmachine.com\/wp-content\/uploads\/2024\/10\/horizontal-plastic-dryer-16x12.webp 16w\" sizes=\"auto, (max-width: 720px) 100vw, 720px\" \/><\/figure><div class=\"wp-block-media-text__content\"> <ul class=\"wp-block-list\"> <li>Potencia: 7,5 ~ 15 kilovatios<\/li>    <li>Tasa de desag\u00fce: m\u00e1s de 97%<\/li>    <li>Material: acero inoxidable de alta calidad<\/li> <\/ul> <\/div><\/div>    <h2 class=\"wp-block-heading\">Informaci\u00f3n relacionada con el env\u00edo sobre Efficient<\/h2>    <ul class=\"wp-block-list\"> <li>Ofrecemos sugerencias coincidentes y dise\u00f1os de f\u00e1brica basados \u200b\u200ben sus necesidades de producci\u00f3n.<\/li>    <li>\u00a1Bienvenido a visitar nuestra f\u00e1brica para su inspecci\u00f3n!<\/li>    <li>El tiempo de entrega es de unos 20-25 d\u00edas despu\u00e9s de realizar el pedido.<\/li>    <li>Env\u00edo a trav\u00e9s de log\u00edstica internacional.<\/li>    <li>Ofrecemos una garant\u00eda de un a\u00f1o, instalaci\u00f3n in situ y servicios de ajuste.<\/li> <\/ul>    <p>Efficient cuenta con m\u00e1s de diez a\u00f1os de experiencia, grandes talleres de producci\u00f3n y equipos profesionales. \u00a1Espero que podamos cooperar para mejorar su eficiencia de producci\u00f3n!<\/p>    <figure class=\"wp-block-gallery has-nested-images columns-default is-cropped wp-block-gallery-4 is-layout-flex wp-block-gallery-is-layout-flex\"> <figure class=\"wp-block-image size-large\"><img loading=\"lazy\" decoding=\"async\" width=\"720\" height=\"540\" data-id=\"1215\" src=\"https:\/\/www.plasticgranularmachine.com\/wp-content\/uploads\/2024\/10\/Shipping-preparation-for-plastic-granulation-line.webp\" alt=\"Preparaci\u00f3n de env\u00edo para l\u00ednea de granulaci\u00f3n de pl\u00e1stico.\" class=\"wp-image-1215\" srcset=\"https:\/\/www.plasticgranularmachine.com\/wp-content\/uploads\/2024\/10\/Shipping-preparation-for-plastic-granulation-line.webp 720w, https:\/\/www.plasticgranularmachine.com\/wp-content\/uploads\/2024\/10\/Shipping-preparation-for-plastic-granulation-line-300x225.webp 300w, https:\/\/www.plasticgranularmachine.com\/wp-content\/uploads\/2024\/10\/Shipping-preparation-for-plastic-granulation-line-16x12.webp 16w\" sizes=\"auto, (max-width: 720px) 100vw, 720px\" \/><figcaption class=\"wp-element-caption\">Preparaci\u00f3n de env\u00edo para l\u00ednea de granulaci\u00f3n de pl\u00e1stico.<\/figcaption><\/figure>    <figure class=\"wp-block-image size-large\"><img loading=\"lazy\" decoding=\"async\" width=\"720\" height=\"540\" data-id=\"1214\" src=\"https:\/\/www.plasticgranularmachine.com\/wp-content\/uploads\/2024\/10\/Pelletizer-crating.webp\" alt=\"Embalaje de peletizador\" class=\"wp-image-1214\" srcset=\"https:\/\/www.plasticgranularmachine.com\/wp-content\/uploads\/2024\/10\/Pelletizer-crating.webp 720w, https:\/\/www.plasticgranularmachine.com\/wp-content\/uploads\/2024\/10\/Pelletizer-crating-300x225.webp 300w, https:\/\/www.plasticgranularmachine.com\/wp-content\/uploads\/2024\/10\/Pelletizer-crating-16x12.webp 16w\" sizes=\"auto, (max-width: 720px) 100vw, 720px\" \/><figcaption class=\"wp-element-caption\">Embalaje de peletizador<\/figcaption><\/figure> <\/figure>    <h2 class=\"wp-block-heading\">Compartiendo casos exitosos<\/h2>    <p>En los \u00faltimos a\u00f1os, shuliy ha exportado con \u00e9xito muchas m\u00e1quinas de reciclaje de pl\u00e1stico a todo el mundo. A continuaci\u00f3n se muestran algunos casos recientes de l\u00edneas de reciclaje de pl\u00e1stico duro. Si desea obtener m\u00e1s informaci\u00f3n, no dude en contactarnos.<\/p>    <ul class=\"wp-block-list\"> <li><em><a href=\"https:\/\/www.plasticgranularmachine.com\/es\/Info\/plastic-pellet-making-machine-exported-to-germany\/\" data-type=\"link\" data-id=\"https:\/\/www.plasticgranularmachine.com\/Info\/plastic-pellet-making-machine-exported-to-germany\/\">M\u00e1quina para fabricar pellets de pl\u00e1stico exportada a Alemania<\/a><\/em><\/li>    <li><em><a href=\"https:\/\/www.plasticgranularmachine.com\/es\/Info\/pvc-granulator-machine-shipped-to-oman-successfully\/\" data-type=\"link\" data-id=\"https:\/\/www.plasticgranularmachine.com\/Info\/pvc-granulator-machine-shipped-to-oman-successfully\/\">M\u00e1quina granuladora de PVC enviada a Om\u00e1n con \u00e9xito<\/a><\/em><\/li>    <li><em><a href=\"https:\/\/www.plasticgranularmachine.com\/es\/Info\/plastic-recycling-pellet-machine-sent-to-mozambique\/\" data-type=\"link\" data-id=\"https:\/\/www.plasticgranularmachine.com\/Info\/plastic-recycling-pellet-machine-sent-to-mozambique\/\">Cooperaci\u00f3n continua: m\u00e1quina de pellets para reciclaje de pl\u00e1stico enviada a Mozambique<\/a><\/em><\/li> <\/ul>    <figure class=\"wp-block-gallery has-nested-images columns-default is-cropped wp-block-gallery-5 is-layout-flex wp-block-gallery-is-layout-flex\"> <figure class=\"wp-block-image size-large\"><img loading=\"lazy\" decoding=\"async\" width=\"720\" height=\"540\" data-id=\"1216\" src=\"https:\/\/www.plasticgranularmachine.com\/wp-content\/uploads\/2024\/10\/A-photo-with-the-customer-3.webp\" alt=\"Una foto con el cliente.\" class=\"wp-image-1216\" srcset=\"https:\/\/www.plasticgranularmachine.com\/wp-content\/uploads\/2024\/10\/A-photo-with-the-customer-3.webp 720w, https:\/\/www.plasticgranularmachine.com\/wp-content\/uploads\/2024\/10\/A-photo-with-the-customer-3-300x225.webp 300w, https:\/\/www.plasticgranularmachine.com\/wp-content\/uploads\/2024\/10\/A-photo-with-the-customer-3-16x12.webp 16w\" sizes=\"auto, (max-width: 720px) 100vw, 720px\" \/><figcaption class=\"wp-element-caption\">Una foto con el cliente.<\/figcaption><\/figure>    <figure class=\"wp-block-image size-large\"><img loading=\"lazy\" decoding=\"async\" width=\"720\" height=\"540\" data-id=\"1217\" src=\"https:\/\/www.plasticgranularmachine.com\/wp-content\/uploads\/2024\/10\/Group-photo-with-customer-at-plastic-recycling-machine-installation-site.webp\" alt=\"Foto de grupo con un cliente en el lugar de instalaci\u00f3n de una m\u00e1quina de reciclaje de pl\u00e1stico\" class=\"wp-image-1217\" srcset=\"https:\/\/www.plasticgranularmachine.com\/wp-content\/uploads\/2024\/10\/Group-photo-with-customer-at-plastic-recycling-machine-installation-site.webp 720w, https:\/\/www.plasticgranularmachine.com\/wp-content\/uploads\/2024\/10\/Group-photo-with-customer-at-plastic-recycling-machine-installation-site-300x225.webp 300w, https:\/\/www.plasticgranularmachine.com\/wp-content\/uploads\/2024\/10\/Group-photo-with-customer-at-plastic-recycling-machine-installation-site-16x12.webp 16w\" sizes=\"auto, (max-width: 720px) 100vw, 720px\" \/><figcaption class=\"wp-element-caption\">Foto de grupo con un cliente en el lugar de instalaci\u00f3n de una m\u00e1quina de reciclaje de pl\u00e1stico<\/figcaption><\/figure> <\/figure>    <h3 class=\"wp-block-heading\">V\u00eddeo de comentarios de los clientes<\/h3>    <p>La l\u00ednea de reciclaje de pl\u00e1stico duro Efficient ha recibido muchos elogios debido a sus numerosas ventajas. Este es un v\u00eddeo de comentarios de nuestro cliente de Om\u00e1n. <\/p>    <figure class=\"wp-block-embed is-type-video is-provider-youtube wp-block-embed-youtube wp-embed-aspect-16-9 wp-has-aspect-ratio\"><div class=\"wp-block-embed__wrapper\"> <iframe loading=\"lazy\" title=\"C\u00f3mo la planta de reciclaje de pl\u00e1stico de Om\u00e1n convierte residuos r\u00edgidos en pellets triturados\" width=\"500\" height=\"281\" src=\"https:\/\/www.youtube.com\/embed\/NUP-LciKvvU?feature=oembed\" frameborder=\"0\" allow=\"accelerometer; autoplay; clipboard-write; encrypted-media; gyroscope; picture-in-picture; web-share\" referrerpolicy=\"strict-origin-when-cross-origin\" allowfullscreen><\/iframe> <\/div><\/figure>    <h2 class=\"wp-block-heading\">Esperamos sus noticias<\/h2>    <p>En resumen, la l\u00ednea de reciclaje de pl\u00e1stico duro eficiente presenta alta eficiencia, alta calidad y bajo consumo de energ\u00eda. Adem\u00e1s, ofrecemos servicios integrales para satisfacer todas sus necesidades de producci\u00f3n. Si est\u00e1 interesado, no dude en ponerse en contacto con nosotros.<\/p>   <div class=\"wp-block-image\"> <figure class=\"aligncenter size-full\"><img loading=\"lazy\" decoding=\"async\" width=\"720\" height=\"540\" src=\"https:\/\/www.plasticgranularmachine.com\/wp-content\/uploads\/2024\/10\/hard-plastic-recycling-line-in-the-factory.webp\" alt=\"L\u00ednea de reciclaje de pl\u00e1stico duro en la f\u00e1brica.\" class=\"wp-image-1218\" srcset=\"https:\/\/www.plasticgranularmachine.com\/wp-content\/uploads\/2024\/10\/hard-plastic-recycling-line-in-the-factory.webp 720w, https:\/\/www.plasticgranularmachine.com\/wp-content\/uploads\/2024\/10\/hard-plastic-recycling-line-in-the-factory-300x225.webp 300w, https:\/\/www.plasticgranularmachine.com\/wp-content\/uploads\/2024\/10\/hard-plastic-recycling-line-in-the-factory-16x12.webp 16w\" sizes=\"auto, (max-width: 720px) 100vw, 720px\" \/><figcaption class=\"wp-element-caption\">L\u00ednea de reciclaje de pl\u00e1stico duro en la f\u00e1brica.<\/figcaption><\/figure> <\/div>","protected":false},"excerpt":{"rendered":"<p>La l\u00ednea de reciclaje de pl\u00e1stico duro es un conjunto de importantes m\u00e1quinas combinadas que muelen pl\u00e1sticos r\u00edgidos de PP, PE, PVC, HDPE, etc. hasta convertirlos en gr\u00e1nulos reciclados. <\/p>","protected":false},"author":1,"featured_media":1202,"parent":0,"template":"","tags":[36,40],"product-type":[10],"class_list":["post-954","product","type-product","status-publish","has-post-thumbnail","hentry","tag-hard-plastic-recycling","tag-solution","product-type-solutions"],"_links":{"self":[{"href":"https:\/\/www.plasticgranularmachine.com\/es\/wp-json\/wp\/v2\/product\/954","targetHints":{"allow":["GET"]}}],"collection":[{"href":"https:\/\/www.plasticgranularmachine.com\/es\/wp-json\/wp\/v2\/product"}],"about":[{"href":"https:\/\/www.plasticgranularmachine.com\/es\/wp-json\/wp\/v2\/types\/product"}],"author":[{"embeddable":true,"href":"https:\/\/www.plasticgranularmachine.com\/es\/wp-json\/wp\/v2\/users\/1"}],"wp:featuredmedia":[{"embeddable":true,"href":"https:\/\/www.plasticgranularmachine.com\/es\/wp-json\/wp\/v2\/media\/1202"}],"wp:attachment":[{"href":"https:\/\/www.plasticgranularmachine.com\/es\/wp-json\/wp\/v2\/media?parent=954"}],"wp:term":[{"taxonomy":"post_tag","embeddable":true,"href":"https:\/\/www.plasticgranularmachine.com\/es\/wp-json\/wp\/v2\/tags?post=954"},{"taxonomy":"product-type","embeddable":true,"href":"https:\/\/www.plasticgranularmachine.com\/es\/wp-json\/wp\/v2\/product-type?post=954"}],"curies":[{"name":"wp","href":"https:\/\/api.w.org\/{rel}","templated":true}]}}