{"id":2,"date":"2022-06-23T01:24:56","date_gmt":"2022-06-23T01:24:56","guid":{"rendered":"http:\/\/tailwind-themes.local\/?page_id=2"},"modified":"2024-11-19T18:08:19","modified_gmt":"2024-11-19T10:08:19","slug":"about-efficient-machinery","status":"publish","type":"page","link":"https:\/\/www.plasticgranularmachine.com\/fr\/about-efficient-machinery\/","title":{"rendered":"\u00c0 propos de nous"},"content":{"rendered":"<h2 class=\"wp-block-heading\">Qui sommes-nous ?<\/h2>    <p>Zhengzhou Efficient Machinery est un fournisseur professionnel d'\u00e9quipements de recyclage du plastique engag\u00e9 dans des solutions efficaces et respectueuses de l'environnement. Depuis sa cr\u00e9ation, Efficient Company a \u00e9tabli des relations avec des clients dans plus de 20 pays, les aidant \u00e0 construire des usines de recyclage de plastique \u00e0 partir de z\u00e9ro, notamment des usines de recyclage de bouteilles en plastique PET, des usines de granulation HDPE LDPE, des usines de recyclage EPS, etc., impliquant le traitement et r\u00e9utilisation de plus de dix types de mati\u00e8res premi\u00e8res.<\/p>   <div class=\"wp-block-image\"> <figure class=\"aligncenter size-full is-resized\"><img loading=\"lazy\" decoding=\"async\" width=\"800\" height=\"720\" src=\"https:\/\/www.plasticgranularmachine.com\/wp-content\/uploads\/2024\/11\/Efficient-Machinery.webp\" alt=\"Machines efficaces\" class=\"wp-image-1132\" style=\"object-fit:cover;width:720px;height:540px\" srcset=\"https:\/\/www.plasticgranularmachine.com\/wp-content\/uploads\/2024\/11\/Efficient-Machinery.webp 800w, https:\/\/www.plasticgranularmachine.com\/wp-content\/uploads\/2024\/11\/Efficient-Machinery-300x270.webp 300w, https:\/\/www.plasticgranularmachine.com\/wp-content\/uploads\/2024\/11\/Efficient-Machinery-768x691.webp 768w, https:\/\/www.plasticgranularmachine.com\/wp-content\/uploads\/2024\/11\/Efficient-Machinery-13x12.webp 13w\" sizes=\"auto, (max-width: 800px) 100vw, 800px\" \/><figcaption class=\"wp-element-caption\">Machines efficaces<\/figcaption><\/figure> <\/div>   <div class=\"wp-block-columns is-layout-flex wp-container-core-columns-is-layout-9d6595d7 wp-block-columns-is-layout-flex\"> <div class=\"wp-block-column is-layout-flow wp-block-column-is-layout-flow\"> <figure class=\"wp-block-image size-full\"><img loading=\"lazy\" decoding=\"async\" width=\"720\" height=\"540\" src=\"https:\/\/www.plasticgranularmachine.com\/wp-content\/uploads\/2022\/06\/plastic-film-recycling-line-1.jpg\" alt=\"ligne de recyclage de films plastiques\" class=\"wp-image-194\" srcset=\"https:\/\/www.plasticgranularmachine.com\/wp-content\/uploads\/2022\/06\/plastic-film-recycling-line-1.jpg 720w, https:\/\/www.plasticgranularmachine.com\/wp-content\/uploads\/2022\/06\/plastic-film-recycling-line-1-300x225.jpg 300w\" sizes=\"auto, (max-width: 720px) 100vw, 720px\" \/><figcaption class=\"wp-element-caption\">ligne de recyclage de films plastiques<\/figcaption><\/figure> <\/div>    <div class=\"wp-block-column is-layout-flow wp-block-column-is-layout-flow\"> <h2 class=\"wp-block-heading\">Principaux produits<\/h2>    <p class=\"has-white-background-color has-background translation-block\">La principale machine de recyclage plastique comprend <a href=\"https:\/\/www.plasticgranularmachine.com\/fr\/product\/pet-bottles-recycling-line\/\">ligne de recyclage de bouteilles en plastique<\/a> et ligne de lavage de bouteilles PET, <a href=\"https:\/\/www.plasticgranularmachine.com\/fr\/product\/plastic-film-recycling-line\/\">ligne de recyclage de films plastiques<\/a>, <a href=\"https:\/\/www.plasticgranularmachine.com\/fr\/product\/eps-recycling-machine\/\">ligne de granulation EPS<\/a>, <a href=\"https:\/\/www.plasticgranularmachine.com\/fr\/products\/crushing-machine\/\">broyeur de plastique,<\/a> machine d'\u00e9tiquetage de bouteilles en plastique, <a href=\"https:\/\/www.plasticgranularmachine.com\/fr\/products\/plastic-pelletizer\/\">granulateur de plastique<\/a>, <a href=\"https:\/\/www.plasticgranularmachine.com\/fr\/products\/plastic-dryer\/\">d\u00e9shydrateur de plastique<\/a>, <a href=\"https:\/\/www.plasticgranularmachine.com\/fr\/products\/washing-machine\/\">laveuse de plastique<\/a>, etc.<\/p> <\/div> <\/div>    <h2 class=\"wp-block-heading\">\u00c9quipe dynamique<\/h2>    <p>Nous organisons souvent diverses activit\u00e9s de consolidation d\u2019\u00e9quipe et f\u00eates d\u2019anniversaire des employ\u00e9s. Le patron de l\u2019entreprise participe aussi souvent \u00e0 diverses activit\u00e9s avec les salari\u00e9s.<\/p>    <figure class=\"wp-block-video\"><video height=\"720\" style=\"aspect-ratio: 1280 \/ 720;\" width=\"1280\" controls src=\"https:\/\/www.plasticgranularmachine.com\/wp-content\/uploads\/2022\/07\/shuliy-group.mp4\"><\/video><\/figure>","protected":false},"excerpt":{"rendered":"<p>Who are we? Zhengzhou Efficient Machinery is a professional plastic recycling equipment supplier committed to efficient and eco-friendly solutions. Since its inception, Efficient Company has established relationships with customers in more than 20 countries, helping them to build plastic recycling plants from scratch, including PET plastic bottle recycling plants, HDPE LDPE pelletizing plants, EPS recycling [&hellip;]<\/p>\n","protected":false},"author":1,"featured_media":0,"parent":0,"menu_order":0,"comment_status":"closed","ping_status":"closed","template":"","meta":{"footnotes":""},"class_list":["post-2","page","type-page","status-publish","hentry"],"_links":{"self":[{"href":"https:\/\/www.plasticgranularmachine.com\/fr\/wp-json\/wp\/v2\/pages\/2","targetHints":{"allow":["GET"]}}],"collection":[{"href":"https:\/\/www.plasticgranularmachine.com\/fr\/wp-json\/wp\/v2\/pages"}],"about":[{"href":"https:\/\/www.plasticgranularmachine.com\/fr\/wp-json\/wp\/v2\/types\/page"}],"author":[{"embeddable":true,"href":"https:\/\/www.plasticgranularmachine.com\/fr\/wp-json\/wp\/v2\/users\/1"}],"replies":[{"embeddable":true,"href":"https:\/\/www.plasticgranularmachine.com\/fr\/wp-json\/wp\/v2\/comments?post=2"}],"version-history":[{"count":0,"href":"https:\/\/www.plasticgranularmachine.com\/fr\/wp-json\/wp\/v2\/pages\/2\/revisions"}],"wp:attachment":[{"href":"https:\/\/www.plasticgranularmachine.com\/fr\/wp-json\/wp\/v2\/media?parent=2"}],"curies":[{"name":"wp","href":"https:\/\/api.w.org\/{rel}","templated":true}]}}