{"id":1663,"date":"2025-05-12T16:29:21","date_gmt":"2025-05-12T08:29:21","guid":{"rendered":"https:\/\/www.plasticgranularmachine.com\/?post_type=product&#038;p=1663"},"modified":"2025-07-22T14:28:50","modified_gmt":"2025-07-22T06:28:50","slug":"tire-recycling-production-line","status":"publish","type":"product","link":"https:\/\/www.plasticgranularmachine.com\/fr\/product\/tire-recycling-production-line\/","title":{"rendered":"Ligne de production de recyclage de pneus semi-automatique"},"content":{"rendered":"<p>La ligne de production de recyclage de pneus semi-automatique combine l'op\u00e9ration synergique de l'assistance manuelle et des \u00e9quipements automatis\u00e9s pour r\u00e9aliser la conversion de pneus usag\u00e9s en poudre de caoutchouc de mani\u00e8re rentable. <\/p>    <p>Il peut \u00eatre largement utilis\u00e9 pour recycler des pneus usag\u00e9s courants, tels que les pneus de voiture, et peut \u00eatre op\u00e9r\u00e9 par seulement 2 \u00e0 4 personnes, ce qui le rend particuli\u00e8rement adapt\u00e9 aux start-ups ou aux usines de recyclage de pneus de petite \u00e0 moyenne taille avec des budgets limit\u00e9s.<\/p>   <div class=\"wp-block-image\"> <figure class=\"aligncenter size-full\"><img loading=\"lazy\" decoding=\"async\" width=\"720\" height=\"463\" src=\"https:\/\/www.plasticgranularmachine.com\/wp-content\/uploads\/2025\/05\/semi-automatic-tire-recycling-production-line.webp\" alt=\"ligne de production de recyclage de pneus semi-automatique\" class=\"wp-image-1667\" srcset=\"https:\/\/www.plasticgranularmachine.com\/wp-content\/uploads\/2025\/05\/semi-automatic-tire-recycling-production-line.webp 720w, https:\/\/www.plasticgranularmachine.com\/wp-content\/uploads\/2025\/05\/semi-automatic-tire-recycling-production-line-300x193.webp 300w, https:\/\/www.plasticgranularmachine.com\/wp-content\/uploads\/2025\/05\/semi-automatic-tire-recycling-production-line-18x12.webp 18w\" sizes=\"auto, (max-width: 720px) 100vw, 720px\" \/><figcaption class=\"wp-element-caption\">ligne de production de recyclage de pneus semi-automatique<\/figcaption><\/figure> <\/div>   <h2 class=\"wp-block-heading\">Applications et produits finaux de la ligne de production de recyclage des pneus<\/h2>    <p>La ligne de production de recyclage de pneus semi-automatique est adapt\u00e9e au traitement de tous types de pneus usag\u00e9s d'un diam\u00e8tre \u2264 1200 mm, tels que les pneus de voiture, les pneus de camion, etc. <\/p>    <figure class=\"wp-block-gallery has-nested-images columns-default is-cropped wp-block-gallery-2 is-layout-flex wp-block-gallery-is-layout-flex\"> <figure class=\"wp-block-image size-large\"><img loading=\"lazy\" decoding=\"async\" width=\"720\" height=\"540\" data-id=\"1666\" src=\"https:\/\/www.plasticgranularmachine.com\/wp-content\/uploads\/2025\/05\/scrap-tires.webp\" alt=\"pneus usag\u00e9s\" class=\"wp-image-1666\" srcset=\"https:\/\/www.plasticgranularmachine.com\/wp-content\/uploads\/2025\/05\/scrap-tires.webp 720w, https:\/\/www.plasticgranularmachine.com\/wp-content\/uploads\/2025\/05\/scrap-tires-300x225.webp 300w, https:\/\/www.plasticgranularmachine.com\/wp-content\/uploads\/2025\/05\/scrap-tires-16x12.webp 16w\" sizes=\"auto, (max-width: 720px) 100vw, 720px\" \/><figcaption class=\"wp-element-caption\">pneus usag\u00e9s<\/figcaption><\/figure>    <figure class=\"wp-block-image size-large\"><img loading=\"lazy\" decoding=\"async\" width=\"720\" height=\"540\" data-id=\"1665\" src=\"https:\/\/www.plasticgranularmachine.com\/wp-content\/uploads\/2025\/05\/Rubber-powder-of-different-finenesses.webp\" alt=\"poudre de caoutchouc de diff\u00e9rentes finesse\" class=\"wp-image-1665\" srcset=\"https:\/\/www.plasticgranularmachine.com\/wp-content\/uploads\/2025\/05\/Rubber-powder-of-different-finenesses.webp 720w, https:\/\/www.plasticgranularmachine.com\/wp-content\/uploads\/2025\/05\/Rubber-powder-of-different-finenesses-300x225.webp 300w, https:\/\/www.plasticgranularmachine.com\/wp-content\/uploads\/2025\/05\/Rubber-powder-of-different-finenesses-16x12.webp 16w\" sizes=\"auto, (max-width: 720px) 100vw, 720px\" \/><figcaption class=\"wp-element-caption\">poudre de caoutchouc de diff\u00e9rentes finesse<\/figcaption><\/figure> <\/figure>    <p>Gr\u00e2ce au processus de pr\u00e9traitement, de d\u00e9chiquetage, de broyage et de criblage, les pneus usag\u00e9s sont transform\u00e9s en granul\u00e9s ou en poudres de caoutchouc ajustables de 10 \u00e0 40 mailles, et la puret\u00e9 des produits atteint 99 % ou plus.<\/p>    <h2 class=\"wp-block-heading\">Caract\u00e9ristiques cl\u00e9s de la ligne de recyclage des pneus usag\u00e9s<\/h2>    <ul class=\"wp-block-list\"> <li><strong>Faible investissement :<\/strong> structure simple, fonctionnement flexible, faible co\u00fbt d'achat, adapt\u00e9 aux start-ups ou aux petites usines.<\/li>    <li><strong>Rendement \u00e9lev\u00e9 :<\/strong> haute efficacit\u00e9, bonne qualit\u00e9 de produit, puret\u00e9 jusqu'\u00e0 99%, forte comp\u00e9titivit\u00e9 sur le march\u00e9.<\/li>    <li><strong>Fonctionnement facile :<\/strong> seulement 2 \u00e0 4 personnes peuvent aider \u00e0 compl\u00e9ter la production. L'\u00e9quipement est \u00e9quip\u00e9 de protections de s\u00e9curit\u00e9 et est s\u00fbr \u00e0 utiliser. <\/li>    <li><strong>Protection de l'environnement :<\/strong> Des certificats CE et ISO peuvent \u00eatre fournis, avec une faible consommation d'\u00e9nergie, sans pollution et conforme aux normes environnementales.<\/li> <\/ul>    <h2 class=\"wp-block-heading\">Comment fonctionne la ligne de production de poudre de caoutchouc semi-automatique ?<\/h2>    <p>La ligne de recyclage des pneus usag\u00e9s semi-automatique compl\u00e8te se compose d'un coupe-lat\u00e9ral de pneus, d'un coupe-bande de pneus, d'un coupe-bloc de pneus, d'un broyeur de pneus, d'une machine \u00e0 poudre de caoutchouc, d'un syst\u00e8me de s\u00e9parateur magn\u00e9tique et d'un s\u00e9parateur de fibres.<\/p>   <div class=\"wp-block-image\"> <figure class=\"aligncenter size-full\"><img loading=\"lazy\" decoding=\"async\" width=\"720\" height=\"540\" src=\"https:\/\/www.plasticgranularmachine.com\/wp-content\/uploads\/2025\/05\/working-flow-of-the-semi-automatic-rubber-recycling-plant.webp\" alt=\"flux de travail de l&#039;usine de recyclage de caoutchouc semi-automatique\" class=\"wp-image-1672\" srcset=\"https:\/\/www.plasticgranularmachine.com\/wp-content\/uploads\/2025\/05\/working-flow-of-the-semi-automatic-rubber-recycling-plant.webp 720w, https:\/\/www.plasticgranularmachine.com\/wp-content\/uploads\/2025\/05\/working-flow-of-the-semi-automatic-rubber-recycling-plant-300x225.webp 300w, https:\/\/www.plasticgranularmachine.com\/wp-content\/uploads\/2025\/05\/working-flow-of-the-semi-automatic-rubber-recycling-plant-16x12.webp 16w\" sizes=\"auto, (max-width: 720px) 100vw, 720px\" \/><figcaption class=\"wp-element-caption\">flux de travail de l'usine de recyclage de caoutchouc semi-automatique<\/figcaption><\/figure> <\/div>   <ol class=\"wp-block-list\"> <li><strong>Pr\u00e9traitement 1<\/strong>: \u00c0 l'aide d'une machine \u00e0 couper les anneaux de pneus, d\u00e9coupez la bordure du pneu qui contient une grande quantit\u00e9 de fil d'acier pour obtenir des flancs de pneus en caoutchouc.<\/li>    <li><strong>Pr\u00e9traitement 2 :<\/strong> Utilisation d'une machine \u00e0 couper les bandes de pneus pour couper les flancs de pneus en bandes de 3 \u00e0 5 cm de large.<\/li>    <li><strong>Pr\u00e9traitement 3 :<\/strong> Ensuite, coupez les bandes de caoutchouc en petits blocs de 5 cm de long et de large avec le coupe-blocs de pneus pour le processus de d\u00e9chiquetage ult\u00e9rieur.<\/li>    <li><strong>Broyage et criblage :<\/strong> Les rouleaux jumeaux broient efficacement des blocs de caoutchouc en poudre de 10 \u00e0 40 mailles par cisaillement et friction. Un tamis vibrant et un syst\u00e8me de tamisage multi-\u00e9tapes s\u00e9parent automatiquement la poudre qualifi\u00e9e, recyclant tout mat\u00e9riau qui ne r\u00e9pond pas aux exigences de taille.<\/li>    <li><strong>S\u00e9paration magn\u00e9tique : <\/strong>Gr\u00e2ce \u00e0 l'adsorption par rouleau magn\u00e9tique, le fil de fer m\u00e9lang\u00e9 dans la poudre de caoutchouc est efficacement \u00e9limin\u00e9, et la puret\u00e9 de la poudre de caoutchouc est am\u00e9lior\u00e9e.<\/li>    <li><strong>S\u00e9paration des fibres : <\/strong>Les fibres de nylon r\u00e9siduelles sont \u00e9limin\u00e9es par un criblage \u00e0 air pour garantir que la puret\u00e9 de la poudre de caoutchouc puisse d\u00e9passer 99 %.<\/li> <\/ol>    <h2 class=\"wp-block-heading\">Machines de recyclage des pneus efficaces \u00e0 vendre<\/h2>    <p>Nos lignes de production de recyclage de pneus sont modulaires et flexibles. Voici des informations sur les sp\u00e9cifications cl\u00e9s de chaque machine.<\/p>    <h3 class=\"wp-block-heading\">Machine de d\u00e9coupe de flanc de pneu<\/h3>    <div class=\"wp-block-media-text is-stacked-on-mobile\"><figure class=\"wp-block-media-text__media\"><img loading=\"lazy\" decoding=\"async\" width=\"720\" height=\"540\" src=\"https:\/\/www.plasticgranularmachine.com\/wp-content\/uploads\/2025\/05\/tire-sidewall-cutter.webp\" alt=\"cutter de flanc de pneu\" class=\"wp-image-1670 size-full\" srcset=\"https:\/\/www.plasticgranularmachine.com\/wp-content\/uploads\/2025\/05\/tire-sidewall-cutter.webp 720w, https:\/\/www.plasticgranularmachine.com\/wp-content\/uploads\/2025\/05\/tire-sidewall-cutter-300x225.webp 300w, https:\/\/www.plasticgranularmachine.com\/wp-content\/uploads\/2025\/05\/tire-sidewall-cutter-16x12.webp 16w\" sizes=\"auto, (max-width: 720px) 100vw, 720px\" \/><\/figure><div class=\"wp-block-media-text__content\"> <p>Tr\u00e8s efficace pour enlever les fils d'acier, prot\u00e9geant et prolongeant la dur\u00e9e de vie de l'ensemble de la ligne.<\/p>    <ul class=\"wp-block-list\"> <li>Capacit\u00e9 : 40 pcs\/h<\/li>    <li>Puissance du moteur : 4+0,75 KW<\/li>    <li>Plage de travail : pneus de 650 \u00e0 1250 mm<\/li>    <li>Taille de la machine : 1,8 m * 1,3 m * 1,6 m<\/li> <\/ul> <\/div><\/div>    <h3 class=\"wp-block-heading\">Coupeuse de bandes de pneu<\/h3>    <div class=\"wp-block-media-text is-stacked-on-mobile\"><figure class=\"wp-block-media-text__media\"><img loading=\"lazy\" decoding=\"async\" width=\"720\" height=\"540\" src=\"https:\/\/www.plasticgranularmachine.com\/wp-content\/uploads\/2025\/05\/tire-strip-cutter.webp\" alt=\"cutter de bande de pneu\" class=\"wp-image-1671 size-full\" srcset=\"https:\/\/www.plasticgranularmachine.com\/wp-content\/uploads\/2025\/05\/tire-strip-cutter.webp 720w, https:\/\/www.plasticgranularmachine.com\/wp-content\/uploads\/2025\/05\/tire-strip-cutter-300x225.webp 300w, https:\/\/www.plasticgranularmachine.com\/wp-content\/uploads\/2025\/05\/tire-strip-cutter-16x12.webp 16w\" sizes=\"auto, (max-width: 720px) 100vw, 720px\" \/><\/figure><div class=\"wp-block-media-text__content\"> <p>Force de coupe \u00e9lev\u00e9e, op\u00e9ration simple et empreinte au sol r\u00e9duite.<\/p>    <ul class=\"wp-block-list\"> <li>Capacit\u00e9 : 1000 kg\/h<\/li>    <li>Puissance du moteur : 5,5 KW<\/li>    <li>Vitesse du moteur : 45 tr\/min<\/li>    <li>Produits finis : bandes de 3 \u00e0 5 cm de large<\/li> <\/ul> <\/div><\/div>    <h3 class=\"wp-block-heading\">Coupeuse de blocs de pneu<\/h3>    <div class=\"wp-block-media-text is-stacked-on-mobile\"><figure class=\"wp-block-media-text__media\"><img loading=\"lazy\" decoding=\"async\" width=\"720\" height=\"540\" src=\"https:\/\/www.plasticgranularmachine.com\/wp-content\/uploads\/2025\/05\/tire-block-cutter.webp\" alt=\"cutter de bloc de pneu\" class=\"wp-image-1668 size-full\" srcset=\"https:\/\/www.plasticgranularmachine.com\/wp-content\/uploads\/2025\/05\/tire-block-cutter.webp 720w, https:\/\/www.plasticgranularmachine.com\/wp-content\/uploads\/2025\/05\/tire-block-cutter-300x225.webp 300w, https:\/\/www.plasticgranularmachine.com\/wp-content\/uploads\/2025\/05\/tire-block-cutter-16x12.webp 16w\" sizes=\"auto, (max-width: 720px) 100vw, 720px\" \/><\/figure><div class=\"wp-block-media-text__content\"> <p>Des coupes stables am\u00e9liorent efficacement l'efficacit\u00e9 du recyclage des pneus, prot\u00e8gent le dispositif suivant et sont adapt\u00e9es \u00e0 un fonctionnement continu.<\/p>    <ul class=\"wp-block-list\"> <li>Mod\u00e8le : QKJ-358, coupeur de blocs de pneus mis \u00e0 jour<\/li>    <li>Capacit\u00e9 : 800\/1500 kg\/h<\/li>    <li>Puissance du moteur : 5,5 \/ 18,5 KW<\/li> <\/ul> <\/div><\/div>    <h3 class=\"wp-block-heading\">Broyeur de pneus et s\u00e9parateurs magn\u00e9tiques<\/h3>    <div class=\"wp-block-media-text is-stacked-on-mobile\"><figure class=\"wp-block-media-text__media\"><img loading=\"lazy\" decoding=\"async\" width=\"720\" height=\"540\" src=\"https:\/\/www.plasticgranularmachine.com\/wp-content\/uploads\/2025\/05\/tire-crusher-and-magnetic-separator.webp\" alt=\"broyeur de pneus et s\u00e9parateur magn\u00e9tique\" class=\"wp-image-1669 size-full\" srcset=\"https:\/\/www.plasticgranularmachine.com\/wp-content\/uploads\/2025\/05\/tire-crusher-and-magnetic-separator.webp 720w, https:\/\/www.plasticgranularmachine.com\/wp-content\/uploads\/2025\/05\/tire-crusher-and-magnetic-separator-300x225.webp 300w, https:\/\/www.plasticgranularmachine.com\/wp-content\/uploads\/2025\/05\/tire-crusher-and-magnetic-separator-16x12.webp 16w\" sizes=\"auto, (max-width: 720px) 100vw, 720px\" \/><\/figure><div class=\"wp-block-media-text__content\"> <p class=\"translation-block\">Fines <a href=\"https:\/\/www.plasticgranularmachine.com\/fr\/product\/tire-grinder-and-magnetic-separator\/\" data-type=\"link\" data-id=\"https:\/\/www.plasticgranularmachine.com\/product\/tire-grinder-and-magnetic-separator\/\">moulages<\/a>, tamisage multi-\u00e9tapes, mat\u00e9riau uniforme et fin, taille ajustable, puret\u00e9 sup\u00e9rieure \u00e0 99 %.<\/p>    <ul class=\"wp-block-list\"> <li>Mod\u00e8le : SL-350 \/ 400 \/ 450 \/ 560 \/ 560D \/ 660 Ligne<\/li>    <li>Capacit\u00e9 : 80-300 \/ 150-400 \/ 200-600 \/ 300-1000 \/ 800-1600 \/ 900-2300 kg\/h<\/li>    <li>Taille de sortie : 10-40 mailles (2,5-0,63 mm)<\/li> <\/ul> <\/div><\/div>    <h3 class=\"wp-block-heading\">S\u00e9parateur de fibres<\/h3>    <div class=\"wp-block-media-text is-stacked-on-mobile\"><figure class=\"wp-block-media-text__media\"><img loading=\"lazy\" decoding=\"async\" width=\"720\" height=\"540\" src=\"https:\/\/www.plasticgranularmachine.com\/wp-content\/uploads\/2025\/05\/fiber-separator.webp\" alt=\"s\u00e9parateur de fibres\" class=\"wp-image-1664 size-full\" srcset=\"https:\/\/www.plasticgranularmachine.com\/wp-content\/uploads\/2025\/05\/fiber-separator.webp 720w, https:\/\/www.plasticgranularmachine.com\/wp-content\/uploads\/2025\/05\/fiber-separator-300x225.webp 300w, https:\/\/www.plasticgranularmachine.com\/wp-content\/uploads\/2025\/05\/fiber-separator-16x12.webp 16w\" sizes=\"auto, (max-width: 720px) 100vw, 720px\" \/><\/figure><div class=\"wp-block-media-text__content\"> <p>\u00c9limination tr\u00e8s efficace des fibres de nylon, sans endommager la poudre de caoutchouc, \u00e9conomie d'\u00e9nergie et respectueux de l'environnement.<\/p>    <ul class=\"wp-block-list\"> <li>Capacit\u00e9 : 800-1000 kg\/h<\/li>    <li>Puissance du moteur : 5,5 KW<\/li>    <li>Puret\u00e9 de sortie : plus de 99 %<\/li> <\/ul> <\/div><\/div>    <h2 class=\"wp-block-heading\">Obtenez une solution de recyclage de pneus personnalis\u00e9e !<\/h2>    <p class=\"translation-block\">Que vous d\u00e9butiez dans votre activit\u00e9 de recyclage de pneus ou que vous exploitiez d\u00e9j\u00e0 une usine de recyclage mature, nous proposons des solutions personnalis\u00e9es pour tous les types de pneus \u2014 du semi-automatique aux <a href=\"https:\/\/www.plasticgranularmachine.com\/fr\/product\/rubber-recycling-plant\/\">lignes de production de recyclage de pneus enti\u00e8rement automatiques<\/a>. N'h\u00e9sitez pas \u00e0 nous contacter pour plus de d\u00e9tails !<\/p>","protected":false},"excerpt":{"rendered":"<p>The semi-automatic tire recycling production line combines the synergistic operation of manual assistance and automated equipment to achieve the conversion of scrap tires into rubber powder in a cost-effective manner. It can be widely used to recycle common scrap tires, such as car tires, and can be operated by only 2-4 people, making it particularly [&hellip;]<\/p>\n","protected":false},"author":1,"featured_media":1672,"parent":0,"template":"","tags":[],"product-type":[10],"class_list":["post-1663","product","type-product","status-publish","has-post-thumbnail","hentry","product-type-solutions"],"_links":{"self":[{"href":"https:\/\/www.plasticgranularmachine.com\/fr\/wp-json\/wp\/v2\/product\/1663","targetHints":{"allow":["GET"]}}],"collection":[{"href":"https:\/\/www.plasticgranularmachine.com\/fr\/wp-json\/wp\/v2\/product"}],"about":[{"href":"https:\/\/www.plasticgranularmachine.com\/fr\/wp-json\/wp\/v2\/types\/product"}],"author":[{"embeddable":true,"href":"https:\/\/www.plasticgranularmachine.com\/fr\/wp-json\/wp\/v2\/users\/1"}],"wp:featuredmedia":[{"embeddable":true,"href":"https:\/\/www.plasticgranularmachine.com\/fr\/wp-json\/wp\/v2\/media\/1672"}],"wp:attachment":[{"href":"https:\/\/www.plasticgranularmachine.com\/fr\/wp-json\/wp\/v2\/media?parent=1663"}],"wp:term":[{"taxonomy":"post_tag","embeddable":true,"href":"https:\/\/www.plasticgranularmachine.com\/fr\/wp-json\/wp\/v2\/tags?post=1663"},{"taxonomy":"product-type","embeddable":true,"href":"https:\/\/www.plasticgranularmachine.com\/fr\/wp-json\/wp\/v2\/product-type?post=1663"}],"curies":[{"name":"wp","href":"https:\/\/api.w.org\/{rel}","templated":true}]}}