{"id":1674,"date":"2025-05-20T14:53:31","date_gmt":"2025-05-20T06:53:31","guid":{"rendered":"https:\/\/www.plasticgranularmachine.com\/?post_type=product&#038;p=1674"},"modified":"2025-07-22T14:39:49","modified_gmt":"2025-07-22T06:39:49","slug":"otr-tire-recycling-line","status":"publish","type":"product","link":"https:\/\/www.plasticgranularmachine.com\/fr\/product\/otr-tire-recycling-line\/","title":{"rendered":"Recyclage de pneus OTR | Ligne de traitement compl\u00e8te"},"content":{"rendered":"<p>Avec la croissance rapide de l'exploitation mini\u00e8re, de l'agriculture et d'autres industries de machines lourdes, il y a un besoin croissant de recycler et d'\u00e9liminer les d\u00e9chets de pneus Off-The-Road (OTR). Ces pneus sont trop grands et durables pour \u00eatre trait\u00e9s directement, ce qui pose un d\u00e9fi. <\/p>    <p>En r\u00e9ponse, nous avons d\u00e9velopp\u00e9 deux solutions professionnelles et efficaces de recyclage de pneus OTR. Gr\u00e2ce \u00e0 la d\u00e9sint\u00e9gration, au concassage, au broyage et au criblage, nous pouvons produire de la poudre de caoutchouc de haute puret\u00e9 et extraire et s\u00e9parer efficacement le fil d'acier et d'autres mat\u00e9riaux.<\/p>    <figure class=\"wp-block-gallery has-nested-images columns-default is-cropped wp-block-gallery-2 is-layout-flex wp-block-gallery-is-layout-flex\"> <figure class=\"wp-block-image size-large\"><img loading=\"lazy\" decoding=\"async\" width=\"720\" height=\"540\" data-id=\"1683\" src=\"https:\/\/www.plasticgranularmachine.com\/wp-content\/uploads\/2025\/05\/OTR-tires.webp\" alt=\"pneus OTR\" class=\"wp-image-1683\" srcset=\"https:\/\/www.plasticgranularmachine.com\/wp-content\/uploads\/2025\/05\/OTR-tires.webp 720w, https:\/\/www.plasticgranularmachine.com\/wp-content\/uploads\/2025\/05\/OTR-tires-300x225.webp 300w, https:\/\/www.plasticgranularmachine.com\/wp-content\/uploads\/2025\/05\/OTR-tires-16x12.webp 16w\" sizes=\"auto, (max-width: 720px) 100vw, 720px\" \/><figcaption class=\"wp-element-caption\">pneus OTR<\/figcaption><\/figure>    <figure class=\"wp-block-image size-large\"><img loading=\"lazy\" decoding=\"async\" width=\"720\" height=\"540\" data-id=\"1681\" src=\"https:\/\/www.plasticgranularmachine.com\/wp-content\/uploads\/2025\/05\/rubber-powders.webp\" alt=\"poudres de caoutchouc\" class=\"wp-image-1681\" srcset=\"https:\/\/www.plasticgranularmachine.com\/wp-content\/uploads\/2025\/05\/rubber-powders.webp 720w, https:\/\/www.plasticgranularmachine.com\/wp-content\/uploads\/2025\/05\/rubber-powders-300x225.webp 300w, https:\/\/www.plasticgranularmachine.com\/wp-content\/uploads\/2025\/05\/rubber-powders-16x12.webp 16w\" sizes=\"auto, (max-width: 720px) 100vw, 720px\" \/><figcaption class=\"wp-element-caption\">poudres de caoutchouc<\/figcaption><\/figure> <\/figure>    <h2 class=\"wp-block-heading\">Pourquoi investir dans le recyclage des plastiques OTR est-il un choix judicieux ?<\/h2>    <p>Le recyclage des pneus OTR offre des avantages \u00e9conomiques et environnementaux significatifs. Les pneus OTR, utilis\u00e9s dans des machines lourdes comme celles de l'exploitation mini\u00e8re et de l'agriculture, contiennent des mat\u00e9riaux r\u00e9utilisables tels que le caoutchouc, le fil d'acier et le nylon.<\/p>    <p>Le recyclage de ces pneus OTR produit une poudre de caoutchouc pr\u00e9cieuse qui peut \u00eatre utilis\u00e9e dans l'asphalte, les dalles de sol en caoutchouc et d'autres produits. Ce processus r\u00e9duit non seulement les d\u00e9chets et la pollution, mais soutient \u00e9galement les initiatives gouvernementales et am\u00e9liore l'image \u00e9cologique des entreprises.<\/p>   <div class=\"wp-block-image\"> <figure class=\"aligncenter size-full\"><img loading=\"lazy\" decoding=\"async\" width=\"720\" height=\"540\" src=\"https:\/\/www.plasticgranularmachine.com\/wp-content\/uploads\/2025\/05\/Recovered-rubber-powder-steel-rims-fibers-etc.-from-scrap-tires.webp\" alt=\"Poudre de caoutchouc r\u00e9cup\u00e9r\u00e9e, jantes en acier, fibres, etc. provenant de pneus usag\u00e9s\" class=\"wp-image-1680\" srcset=\"https:\/\/www.plasticgranularmachine.com\/wp-content\/uploads\/2025\/05\/Recovered-rubber-powder-steel-rims-fibers-etc.-from-scrap-tires.webp 720w, https:\/\/www.plasticgranularmachine.com\/wp-content\/uploads\/2025\/05\/Recovered-rubber-powder-steel-rims-fibers-etc.-from-scrap-tires-300x225.webp 300w, https:\/\/www.plasticgranularmachine.com\/wp-content\/uploads\/2025\/05\/Recovered-rubber-powder-steel-rims-fibers-etc.-from-scrap-tires-16x12.webp 16w\" sizes=\"auto, (max-width: 720px) 100vw, 720px\" \/><figcaption class=\"wp-element-caption\">Poudre de caoutchouc r\u00e9cup\u00e9r\u00e9e, jantes en acier, fibres, etc. provenant de pneus usag\u00e9s<\/figcaption><\/figure> <\/div>   <h2 class=\"wp-block-heading\">Caract\u00e9ristiques cl\u00e9s de nos machines de recyclage de pneus miniers <\/h2>    <ul class=\"wp-block-list\"> <li><strong>Capacit\u00e9 de traitement des pneus super :<\/strong> convient aux pneus g\u00e9ants d'un diam\u00e8tre d'au moins 1400 mm et capable de traiter des pneus OTR de plusieurs tonnes de mani\u00e8re continue et stable.<\/li>    <li><strong>Produits finis de haute qualit\u00e9 :<\/strong> la poudre de caoutchouc est d'au moins 99 % pure, fine et uniforme ; le fil d'acier peut \u00eatre vendu directement aux aci\u00e9ries ; la fibre peut \u00eatre utilis\u00e9e comme combustible.<\/li>    <li><strong>L'\u00e9quipement fonctionne bien :<\/strong> L'\u00e9quipement de recyclage des pneus OTR est fabriqu\u00e9 \u00e0 partir de mat\u00e9riaux lourds et robustes, con\u00e7us pour durer. Il est \u00e9conome en \u00e9nergie et facile \u00e0 entretenir.<\/li>    <li><strong>Service parfait :<\/strong> Des \u00e9quipements personnalis\u00e9s sont disponibles. Nous fournissons \u00e9galement un support technique, une installation sur site, une garantie gratuite d'un an et un approvisionnement \u00e0 vie en pi\u00e8ces.<\/li> <\/ul>    <figure class=\"wp-block-gallery has-nested-images columns-default is-cropped wp-block-gallery-3 is-layout-flex wp-block-gallery-is-layout-flex\"> <figure class=\"wp-block-image size-large\"><img loading=\"lazy\" decoding=\"async\" width=\"720\" height=\"540\" data-id=\"1677\" src=\"https:\/\/www.plasticgranularmachine.com\/wp-content\/uploads\/2025\/05\/OTR-tire-recycling-line.webp\" alt=\"Ligne de recyclage de pneus OTR\" class=\"wp-image-1677\" srcset=\"https:\/\/www.plasticgranularmachine.com\/wp-content\/uploads\/2025\/05\/OTR-tire-recycling-line.webp 720w, https:\/\/www.plasticgranularmachine.com\/wp-content\/uploads\/2025\/05\/OTR-tire-recycling-line-300x225.webp 300w, https:\/\/www.plasticgranularmachine.com\/wp-content\/uploads\/2025\/05\/OTR-tire-recycling-line-16x12.webp 16w\" sizes=\"auto, (max-width: 720px) 100vw, 720px\" \/><figcaption class=\"wp-element-caption\">Ligne de recyclage de pneus OTR<\/figcaption><\/figure>    <figure class=\"wp-block-image size-large\"><img loading=\"lazy\" decoding=\"async\" width=\"720\" height=\"540\" data-id=\"1679\" src=\"https:\/\/www.plasticgranularmachine.com\/wp-content\/uploads\/2025\/05\/OTR-tire-recycling-plant.webp\" alt=\"Usine de recyclage de pneus OTR\" class=\"wp-image-1679\" srcset=\"https:\/\/www.plasticgranularmachine.com\/wp-content\/uploads\/2025\/05\/OTR-tire-recycling-plant.webp 720w, https:\/\/www.plasticgranularmachine.com\/wp-content\/uploads\/2025\/05\/OTR-tire-recycling-plant-300x225.webp 300w, https:\/\/www.plasticgranularmachine.com\/wp-content\/uploads\/2025\/05\/OTR-tire-recycling-plant-16x12.webp 16w\" sizes=\"auto, (max-width: 720px) 100vw, 720px\" \/><figcaption class=\"wp-element-caption\">Usine de recyclage de pneus OTR<\/figcaption><\/figure> <\/figure>    <h2 class=\"wp-block-heading\">Deux solutions de recyclage de pneus OTR pour vos besoins<\/h2>    <h3 class=\"wp-block-heading\">Solution de recyclage de pneus OTR 1 :<\/h3>    <p class=\"translation-block\"><strong>\u00c9quipement :<\/strong> machine de dessin OTR, machine de coupe OTR, broyeur de pneus, granulateur de pneus et s\u00e9parateur magn\u00e9tique<\/p>   <div class=\"wp-block-image\"> <figure class=\"aligncenter size-full\"><img loading=\"lazy\" decoding=\"async\" width=\"720\" height=\"540\" src=\"https:\/\/www.plasticgranularmachine.com\/wp-content\/uploads\/2025\/05\/OTR-tire-recycling-line-working-process.webp\" alt=\"Processus de travail de la ligne de recyclage de pneus OTR\" class=\"wp-image-1676\" srcset=\"https:\/\/www.plasticgranularmachine.com\/wp-content\/uploads\/2025\/05\/OTR-tire-recycling-line-working-process.webp 720w, https:\/\/www.plasticgranularmachine.com\/wp-content\/uploads\/2025\/05\/OTR-tire-recycling-line-working-process-300x225.webp 300w, https:\/\/www.plasticgranularmachine.com\/wp-content\/uploads\/2025\/05\/OTR-tire-recycling-line-working-process-16x12.webp 16w\" sizes=\"auto, (max-width: 720px) 100vw, 720px\" \/><figcaption class=\"wp-element-caption\">Processus de travail de la ligne de recyclage de pneus OTR<\/figcaption><\/figure> <\/div>   <p class=\"translation-block\"><strong>Flux de travail :<\/strong><\/p>    <ol class=\"wp-block-list\"> <li>La machine de dessin OTR \u00e9limine efficacement les jantes en acier des parois int\u00e9rieures des pneus \u00e0 l'aide d'un dispositif de serrage \u00e0 crochet et d'un dispositif de traction, r\u00e9duisant ainsi l'usure des \u00e9quipements suivants.<\/li>    <li>La machine de d\u00e9coupe OTR est entra\u00een\u00e9e par hydraulique et d\u00e9coupe d'\u00e9normes pneus en plusieurs morceaux avec une force de coupe puissante pour un d\u00e9chiquetage ult\u00e9rieur.<\/li>    <li><a href=\"https:\/\/www.plasticgranularmachine.com\/fr\/product\/tire-shredder-machine-for-sale\/\" data-type=\"link\" data-id=\"https:\/\/www.plasticgranularmachine.com\/product\/tire-shredder-machine-for-sale\/\">D\u00e9chiqueteuses de pneus<\/a> sont disponibles dans une large gamme de mod\u00e8les. Les morceaux de pneus sont d\u00e9chiquet\u00e9s par des arbres jumeaux fonctionnant \u00e0 basse vitesse et \u00e0 couple \u00e9lev\u00e9 pour produire des morceaux de caoutchouc uniformes mesurant environ 50 \u00e0 100 mm.<\/li>    <li><a href=\"https:\/\/www.plasticgranularmachine.com\/fr\/product\/tire-grinder-and-magnetic-separator\/\" data-type=\"link\" data-id=\"https:\/\/www.plasticgranularmachine.com\/product\/tire-grinder-and-magnetic-separator\/\">Broyage fin et criblage multi-\u00e9tapes<\/a> produire une poudre de caoutchouc de taille 10 \u00e0 40 mesh (taille librement ajustable), tout en \u00e9liminant la poudre m\u00e9lang\u00e9e avec des fils d'acier fins. La puret\u00e9 de la poudre de caoutchouc est sup\u00e9rieure \u00e0 99 %.<\/li> <\/ol>    <h3 class=\"wp-block-heading\">Usine de recyclage de pneus de mine 2 : <\/h3>    <p class=\"translation-block\"><strong>\u00c9quipement :<\/strong> machine de d\u00e9montage OTR, machine de coupe OTR, s\u00e9parateur de fil d\u2019acier OTR, machine de d\u00e9chiquetage de pneus, broyeur et machines de s\u00e9paration magn\u00e9tique<\/p>   <div class=\"wp-block-image\"> <figure class=\"aligncenter size-full\"><img loading=\"lazy\" decoding=\"async\" width=\"720\" height=\"540\" src=\"https:\/\/www.plasticgranularmachine.com\/wp-content\/uploads\/2025\/05\/Mining-tires-recycling-machine-working-process.webp\" alt=\"processus de travail de la machine de recyclage des pneus miniers\" class=\"wp-image-1675\" srcset=\"https:\/\/www.plasticgranularmachine.com\/wp-content\/uploads\/2025\/05\/Mining-tires-recycling-machine-working-process.webp 720w, https:\/\/www.plasticgranularmachine.com\/wp-content\/uploads\/2025\/05\/Mining-tires-recycling-machine-working-process-300x225.webp 300w, https:\/\/www.plasticgranularmachine.com\/wp-content\/uploads\/2025\/05\/Mining-tires-recycling-machine-working-process-16x12.webp 16w\" sizes=\"auto, (max-width: 720px) 100vw, 720px\" \/><figcaption class=\"wp-element-caption\">processus de travail de la machine de recyclage des pneus miniers<\/figcaption><\/figure> <\/div>   <p class=\"translation-block\"><strong>Flux de travail : <\/strong><\/p>    <ul class=\"wp-block-list\"> <li>Le dispositif de coupe rotatif divise et d\u00e9sint\u00e8gre les pneus g\u00e9ants en parties de talon, de bande de roulement et de dessus, ce qui r\u00e9duit la charge des machines de recyclage de pneus OTR ult\u00e9rieures.<\/li>    <li>La machine de d\u00e9coupe de pneus OTR d\u00e9coupe ensuite les morceaux de pneus d\u00e9sint\u00e9gr\u00e9s \u00e0 la taille appropri\u00e9e pour le broyeur.<\/li>    <li>Le s\u00e9parateur de fil d'acier pour pneus OTR retire les jantes en acier de l'ouverture de talon des pneus de mining. Le caoutchouc restant va dans le broyeur pour traitement.<\/li>    <li>Les lames en alliage du d\u00e9chiqueteur de pneus tournent les unes par rapport aux autres pour d\u00e9chiqueter les blocs de pneus en morceaux de 50 \u00e0 100 mm, qui sont faciles \u00e0 broyer. La taille sp\u00e9cifique peut \u00eatre r\u00e9gl\u00e9e en fonction du mod\u00e8le de d\u00e9chiqueteur.<\/li>    <li>Le broyeur de pneus r\u00e9duit le caoutchouc en poudre et utilise un tamis vibrant pour obtenir un classement de la taille des particules. De plus, le dispositif de s\u00e9paration magn\u00e9tique multi-\u00e9tapes \u00e9limine les fils d'acier fins de la poudre de caoutchouc, garantissant la puret\u00e9 du produit fini.<\/li> <\/ul>    <h2 class=\"wp-block-heading\">Obtenez le co\u00fbt de la machine de recyclage de pneus OTR<\/h2>    <p>Si vous \u00eates dans l'industrie mini\u00e8re, un parc industriel ou une organisation environnementale, investir dans une entreprise de recyclage de pneus OTR est un choix durable et rentable. Nous avons export\u00e9 notre \u00e9quipement de recyclage de pneus OTR en Australie, au Canada, au Kenya et dans de nombreux autres pays, aidant nos clients \u00e0 relever le d\u00e9fi de la gestion des pneus g\u00e9ants et augmentant consid\u00e9rablement l'efficacit\u00e9 du recyclage.<\/p>    <p>Si vous \u00eates int\u00e9ress\u00e9 par l'am\u00e9lioration de votre entreprise, contactez-nous d\u00e8s aujourd'hui pour la meilleure solution de recyclage !<\/p>    <figure class=\"wp-block-gallery has-nested-images columns-default is-cropped wp-block-gallery-4 is-layout-flex wp-block-gallery-is-layout-flex\"> <figure class=\"wp-block-image size-large\"><img loading=\"lazy\" decoding=\"async\" width=\"720\" height=\"540\" data-id=\"1678\" src=\"https:\/\/www.plasticgranularmachine.com\/wp-content\/uploads\/2025\/05\/OTR-tire-recycling-machines-shipped-to-Canada.webp\" alt=\"Machines de recyclage de pneus OTR exp\u00e9di\u00e9es au Canada\" class=\"wp-image-1678\" srcset=\"https:\/\/www.plasticgranularmachine.com\/wp-content\/uploads\/2025\/05\/OTR-tire-recycling-machines-shipped-to-Canada.webp 720w, https:\/\/www.plasticgranularmachine.com\/wp-content\/uploads\/2025\/05\/OTR-tire-recycling-machines-shipped-to-Canada-300x225.webp 300w, https:\/\/www.plasticgranularmachine.com\/wp-content\/uploads\/2025\/05\/OTR-tire-recycling-machines-shipped-to-Canada-16x12.webp 16w\" sizes=\"auto, (max-width: 720px) 100vw, 720px\" \/><figcaption class=\"wp-element-caption\">Machines de recyclage de pneus OTR exp\u00e9di\u00e9es au Canada<\/figcaption><\/figure>    <figure class=\"wp-block-image size-large\"><img loading=\"lazy\" decoding=\"async\" width=\"720\" height=\"540\" data-id=\"1682\" src=\"https:\/\/www.plasticgranularmachine.com\/wp-content\/uploads\/2025\/05\/Tire-grinder-loaded-for-shipment-to-Qatar.webp\" alt=\"Broyeur de pneus charg\u00e9 pour exp\u00e9dition vers le Qatar\" class=\"wp-image-1682\" srcset=\"https:\/\/www.plasticgranularmachine.com\/wp-content\/uploads\/2025\/05\/Tire-grinder-loaded-for-shipment-to-Qatar.webp 720w, https:\/\/www.plasticgranularmachine.com\/wp-content\/uploads\/2025\/05\/Tire-grinder-loaded-for-shipment-to-Qatar-300x225.webp 300w, https:\/\/www.plasticgranularmachine.com\/wp-content\/uploads\/2025\/05\/Tire-grinder-loaded-for-shipment-to-Qatar-16x12.webp 16w\" sizes=\"auto, (max-width: 720px) 100vw, 720px\" \/><figcaption class=\"wp-element-caption\">Broyeur de pneus charg\u00e9 pour exp\u00e9dition vers le Qatar<\/figcaption><\/figure> <\/figure>","protected":false},"excerpt":{"rendered":"<p>With the rapid growth of mining, agriculture, and other heavy machinery industries, there is an increasing need to recycle and dispose of waste Off-The-Road (OTR) tires. These tires are too large and durable to be processed directly, which presents a challenge. In response, we have developed two professional and efficient OTR tire recycling solutions. Through [&hellip;]<\/p>\n","protected":false},"author":1,"featured_media":1675,"parent":0,"template":"","tags":[],"product-type":[10],"class_list":["post-1674","product","type-product","status-publish","has-post-thumbnail","hentry","product-type-solutions"],"_links":{"self":[{"href":"https:\/\/www.plasticgranularmachine.com\/fr\/wp-json\/wp\/v2\/product\/1674","targetHints":{"allow":["GET"]}}],"collection":[{"href":"https:\/\/www.plasticgranularmachine.com\/fr\/wp-json\/wp\/v2\/product"}],"about":[{"href":"https:\/\/www.plasticgranularmachine.com\/fr\/wp-json\/wp\/v2\/types\/product"}],"author":[{"embeddable":true,"href":"https:\/\/www.plasticgranularmachine.com\/fr\/wp-json\/wp\/v2\/users\/1"}],"wp:featuredmedia":[{"embeddable":true,"href":"https:\/\/www.plasticgranularmachine.com\/fr\/wp-json\/wp\/v2\/media\/1675"}],"wp:attachment":[{"href":"https:\/\/www.plasticgranularmachine.com\/fr\/wp-json\/wp\/v2\/media?parent=1674"}],"wp:term":[{"taxonomy":"post_tag","embeddable":true,"href":"https:\/\/www.plasticgranularmachine.com\/fr\/wp-json\/wp\/v2\/tags?post=1674"},{"taxonomy":"product-type","embeddable":true,"href":"https:\/\/www.plasticgranularmachine.com\/fr\/wp-json\/wp\/v2\/product-type?post=1674"}],"curies":[{"name":"wp","href":"https:\/\/api.w.org\/{rel}","templated":true}]}}