{"id":1688,"date":"2025-05-26T10:49:51","date_gmt":"2025-05-26T02:49:51","guid":{"rendered":"https:\/\/www.plasticgranularmachine.com\/?post_type=product&#038;p=1688"},"modified":"2025-07-23T10:32:17","modified_gmt":"2025-07-23T02:32:17","slug":"egg-tray-production-line","status":"publish","type":"product","link":"https:\/\/www.plasticgranularmachine.com\/fr\/product\/egg-tray-production-line\/","title":{"rendered":"Maximisez les retours avec une ligne de production de plateaux \u00e0 \u0153ufs"},"content":{"rendered":"<p>Notre ligne de production de plateaux en pulpe de papier a une capacit\u00e9 de 1 000 \u00e0 7 000 pi\u00e8ces par heure. Elle peut convertir efficacement des d\u00e9chets de papier en divers produits de plateaux en papier, tels que des plateaux \u00e0 \u0153ufs, des plateaux \u00e0 pommes, des plateaux \u00e0 chaussures, des plateaux \u00e0 tasses \u00e0 caf\u00e9, etc. Ces produits sont largement utilis\u00e9s dans de nombreux domaines, y compris l'alimentation, l'agriculture et les produits de consommation courante.<\/p>    <p>En utilisant notre \u00e9quipement, le co\u00fbt total moyen par plateau d'\u0153ufs n'est que de 0,026 \u00e0 0,04 $, tandis que le prix du march\u00e9 international est g\u00e9n\u00e9ralement de 0,07 \u00e0 0,10 $ ou plus. La marge b\u00e9n\u00e9ficiaire est aussi \u00e9lev\u00e9e que 150 % \u00e0 250 %, ce qui en fait un projet d'investissement tr\u00e8s attractif !<\/p>   <div class=\"wp-block-image\"> <figure class=\"aligncenter size-full\"><img loading=\"lazy\" decoding=\"async\" width=\"720\" height=\"540\" src=\"https:\/\/www.plasticgranularmachine.com\/wp-content\/uploads\/2025\/05\/egg-tray-manufacturing-plant.webp\" alt=\"usine de fabrication de plateaux \u00e0 \u0153ufs\" class=\"wp-image-1692\" srcset=\"https:\/\/www.plasticgranularmachine.com\/wp-content\/uploads\/2025\/05\/egg-tray-manufacturing-plant.webp 720w, https:\/\/www.plasticgranularmachine.com\/wp-content\/uploads\/2025\/05\/egg-tray-manufacturing-plant-300x225.webp 300w, https:\/\/www.plasticgranularmachine.com\/wp-content\/uploads\/2025\/05\/egg-tray-manufacturing-plant-16x12.webp 16w\" sizes=\"auto, (max-width: 720px) 100vw, 720px\" \/><figcaption class=\"wp-element-caption\">usine de fabrication de plateaux \u00e0 \u0153ufs<\/figcaption><\/figure> <\/div>   <h2 class=\"wp-block-heading\">Mati\u00e8res premi\u00e8res et produits finis des machines \u00e0 plateau \u00e0 \u0153ufs<\/h2>    <p>Notre ligne de production de plateaux \u00e0 \u0153ufs utilise des d\u00e9chets de papier et des fibres v\u00e9g\u00e9tales, tels que des vieux journaux, des cartons, des plateaux \u00e0 \u0153ufs usag\u00e9s, de la p\u00e2te \u00e0 papier, etc., comme mati\u00e8res premi\u00e8res. Gr\u00e2ce \u00e0 la p\u00e2te, au moulage, au s\u00e9chage et \u00e0 l'emballage, elle produit des plateaux \u00e0 \u0153ufs respirants, biod\u00e9gradables et \u00e9cologiques.<\/p>    <figure class=\"wp-block-gallery has-nested-images columns-default is-cropped wp-block-gallery-2 is-layout-flex wp-block-gallery-is-layout-flex\"> <figure class=\"wp-block-image size-large\"><img loading=\"lazy\" decoding=\"async\" width=\"720\" height=\"540\" data-id=\"1703\" src=\"https:\/\/www.plasticgranularmachine.com\/wp-content\/uploads\/2025\/05\/waste-paper-boxes.webp\" alt=\"bo\u00eetes en papier recycl\u00e9\" class=\"wp-image-1703\" srcset=\"https:\/\/www.plasticgranularmachine.com\/wp-content\/uploads\/2025\/05\/waste-paper-boxes.webp 720w, https:\/\/www.plasticgranularmachine.com\/wp-content\/uploads\/2025\/05\/waste-paper-boxes-300x225.webp 300w, https:\/\/www.plasticgranularmachine.com\/wp-content\/uploads\/2025\/05\/waste-paper-boxes-16x12.webp 16w\" sizes=\"auto, (max-width: 720px) 100vw, 720px\" \/><figcaption class=\"wp-element-caption\">bo\u00eetes en papier recycl\u00e9<\/figcaption><\/figure>    <figure class=\"wp-block-image size-large\"><img loading=\"lazy\" decoding=\"async\" width=\"720\" height=\"540\" data-id=\"1702\" src=\"https:\/\/www.plasticgranularmachine.com\/wp-content\/uploads\/2025\/05\/waste-nueswpapers.webp\" alt=\"journaux usag\u00e9s\" class=\"wp-image-1702\" srcset=\"https:\/\/www.plasticgranularmachine.com\/wp-content\/uploads\/2025\/05\/waste-nueswpapers.webp 720w, https:\/\/www.plasticgranularmachine.com\/wp-content\/uploads\/2025\/05\/waste-nueswpapers-300x225.webp 300w, https:\/\/www.plasticgranularmachine.com\/wp-content\/uploads\/2025\/05\/waste-nueswpapers-16x12.webp 16w\" sizes=\"auto, (max-width: 720px) 100vw, 720px\" \/><figcaption class=\"wp-element-caption\">journaux usag\u00e9s<\/figcaption><\/figure>    <figure class=\"wp-block-image size-large\"><img loading=\"lazy\" decoding=\"async\" width=\"720\" height=\"540\" data-id=\"1691\" src=\"https:\/\/www.plasticgranularmachine.com\/wp-content\/uploads\/2025\/05\/books.webp\" alt=\"livres\" class=\"wp-image-1691\" srcset=\"https:\/\/www.plasticgranularmachine.com\/wp-content\/uploads\/2025\/05\/books.webp 720w, https:\/\/www.plasticgranularmachine.com\/wp-content\/uploads\/2025\/05\/books-300x225.webp 300w, https:\/\/www.plasticgranularmachine.com\/wp-content\/uploads\/2025\/05\/books-16x12.webp 16w\" sizes=\"auto, (max-width: 720px) 100vw, 720px\" \/><figcaption class=\"wp-element-caption\">livres<\/figcaption><\/figure> <\/figure>    <p>De plus, en changeant le moule et en ajustant le processus de production, nous pouvons produire des plateaux en papier de haute qualit\u00e9 dans diff\u00e9rentes tailles, formes et couleurs pour r\u00e9pondre \u00e0 divers besoins. Nos plateaux sont largement utilis\u00e9s dans l'emballage alimentaire, les articles du quotidien, le transport, l'emballage anti-choc \u00e9lectronique, etc.<\/p>   <div class=\"wp-block-image\"> <figure class=\"aligncenter size-full\"><img loading=\"lazy\" decoding=\"async\" width=\"720\" height=\"540\" src=\"https:\/\/www.plasticgranularmachine.com\/wp-content\/uploads\/2025\/05\/various-paper-trays.webp\" alt=\"divers plateaux en papier\" class=\"wp-image-1701\" srcset=\"https:\/\/www.plasticgranularmachine.com\/wp-content\/uploads\/2025\/05\/various-paper-trays.webp 720w, https:\/\/www.plasticgranularmachine.com\/wp-content\/uploads\/2025\/05\/various-paper-trays-300x225.webp 300w, https:\/\/www.plasticgranularmachine.com\/wp-content\/uploads\/2025\/05\/various-paper-trays-16x12.webp 16w\" sizes=\"auto, (max-width: 720px) 100vw, 720px\" \/><figcaption class=\"wp-element-caption\">divers plateaux en papier<\/figcaption><\/figure> <\/div>   <h2 class=\"wp-block-heading\">Caract\u00e9ristiques principales de notre ligne de production de plateaux \u00e0 \u0153ufs<\/h2>    <ul class=\"wp-block-list\"> <li>Les mati\u00e8res premi\u00e8res pour le recyclage du papier usag\u00e9 sont largement disponibles.<\/li>    <li>Les plateaux \u00e0 \u0153ufs finis peuvent \u00eatre personnalis\u00e9s en termes de performance, de couleur, d'\u00e9paisseur et de forme.<\/li>    <li>Les cartons \u00e0 \u0153ufs biod\u00e9gradables r\u00e9pondent aux normes environnementales et sont respirants.<\/li>    <li>La machine offre un fonctionnement automatique ou semi-automatique.<\/li>    <li>Diverses m\u00e9thodes de s\u00e9chage s'adaptent \u00e0 diff\u00e9rents climats.<\/li>    <li>Des co\u00fbts de production bas g\u00e9n\u00e8rent des retours \u00e9lev\u00e9s, avec des marges b\u00e9n\u00e9ficiaires de 150 % \u00e0 250 %.<\/li>    <li>Nous fournissons des lignes de production avec des capacit\u00e9s de 1 000 \u00e0 7 000 pcs\/h et soutenons l'ensemble du processus de planification, y compris l'installation et une garantie gratuite.<\/li> <\/ul>   <div class=\"wp-block-image\"> <figure class=\"aligncenter size-full\"><img loading=\"lazy\" decoding=\"async\" width=\"720\" height=\"540\" src=\"https:\/\/www.plasticgranularmachine.com\/wp-content\/uploads\/2025\/05\/egg-tray-production-line.webp\" alt=\"ligne de production de plateaux \u00e0 \u0153ufs\" class=\"wp-image-1694\" srcset=\"https:\/\/www.plasticgranularmachine.com\/wp-content\/uploads\/2025\/05\/egg-tray-production-line.webp 720w, https:\/\/www.plasticgranularmachine.com\/wp-content\/uploads\/2025\/05\/egg-tray-production-line-300x225.webp 300w, https:\/\/www.plasticgranularmachine.com\/wp-content\/uploads\/2025\/05\/egg-tray-production-line-16x12.webp 16w\" sizes=\"auto, (max-width: 720px) 100vw, 720px\" \/><figcaption class=\"wp-element-caption\">ligne de production de plateaux \u00e0 \u0153ufs<\/figcaption><\/figure> <\/div>   <h2 class=\"wp-block-heading\">Processus complet de fabrication de plateaux \u00e0 \u0153ufs d\u00e9voil\u00e9<\/h2>   <div class=\"wp-block-image\"> <figure class=\"aligncenter size-full\"><img loading=\"lazy\" decoding=\"async\" width=\"700\" height=\"461\" src=\"https:\/\/www.plasticgranularmachine.com\/wp-content\/uploads\/2025\/05\/procedures-of-egg-tray-production-line.webp\" alt=\"proc\u00e9dures de ligne de production de plateaux \u00e0 \u0153ufs\" class=\"wp-image-1699\" srcset=\"https:\/\/www.plasticgranularmachine.com\/wp-content\/uploads\/2025\/05\/procedures-of-egg-tray-production-line.webp 700w, https:\/\/www.plasticgranularmachine.com\/wp-content\/uploads\/2025\/05\/procedures-of-egg-tray-production-line-300x198.webp 300w, https:\/\/www.plasticgranularmachine.com\/wp-content\/uploads\/2025\/05\/procedures-of-egg-tray-production-line-18x12.webp 18w\" sizes=\"auto, (max-width: 700px) 100vw, 700px\" \/><figcaption class=\"wp-element-caption\">proc\u00e9dures de ligne de production de plateaux \u00e0 \u0153ufs<\/figcaption><\/figure> <\/div>   <h3 class=\"wp-block-heading\">Pulpage du papier<\/h3>    <ul class=\"wp-block-list\"> <li>Mettez du papier usag\u00e9 et de l'eau dans le pulpeur hydraulique pour \u00e9craser la pulpe.<\/li>    <li>Ensuite, des additifs sont ajout\u00e9s au r\u00e9servoir de conditionnement de la pulpe pour modifier la pulpe. Remuez continuellement pour former une pulpe uniforme.<\/li>    <li>Les pompes \u00e0 pulpe transportent ensuite la pulpe vers le r\u00e9servoir d'alimentation.<\/li>    <li>Ajoutez de l'eau pour diluer la pulpe \u00e0 une concentration de 3-5 %.<\/li> <\/ul>   <div class=\"wp-block-image\"> <figure class=\"aligncenter size-full\"><img loading=\"lazy\" decoding=\"async\" width=\"720\" height=\"540\" src=\"https:\/\/www.plasticgranularmachine.com\/wp-content\/uploads\/2025\/05\/paper-pulping-machine.webp\" alt=\"machine de pulpage de papier\" class=\"wp-image-1698\" srcset=\"https:\/\/www.plasticgranularmachine.com\/wp-content\/uploads\/2025\/05\/paper-pulping-machine.webp 720w, https:\/\/www.plasticgranularmachine.com\/wp-content\/uploads\/2025\/05\/paper-pulping-machine-300x225.webp 300w, https:\/\/www.plasticgranularmachine.com\/wp-content\/uploads\/2025\/05\/paper-pulping-machine-16x12.webp 16w\" sizes=\"auto, (max-width: 720px) 100vw, 720px\" \/><figcaption class=\"wp-element-caption\">machine de pulpage de papier<\/figcaption><\/figure> <\/div>   <h3 class=\"wp-block-heading\">Moulage de plateaux \u00e0 \u0153ufs<\/h3>    <p class=\"translation-block\">Le processus de moulage est l'\u00e9tape la plus importante de la ligne de production de casiers \u00e0 \u0153ufs. Nous proposons de nombreux mod\u00e8les de <a href=\"https:\/\/www.plasticgranularmachine.com\/fr\/product\/egg-tray-making-machine\/\" data-type=\"link\" data-id=\"https:\/\/www.plasticgranularmachine.com\/product\/egg-tray-making-machine\/\">machines de moulage de casiers \u00e0 \u0153ufs<\/a>, y compris des machines \u00e0 un, quatre et huit c\u00f4t\u00e9s, avec des capacit\u00e9s allant de 1 000 \u00e0 7 000 pi\u00e8ces par heure.<\/p>    <ul class=\"wp-block-list\"> <li>Le moule de la machine \u00e0 mouler les plateaux \u00e0 \u0153ufs absorbe la pulpe sous l'action d'une pompe \u00e0 vide.<\/li>    <li>L'exc\u00e8s d'eau s'\u00e9coule de la pulpe \u00e0 travers un tamis en acier inoxydable dans une piscine de retour pour r\u00e9utilisation.<\/li>    <li>Apr\u00e8s d\u00e9shydratation sous vide, le plateau \u00e0 \u0153ufs est moul\u00e9.<\/li>    <li>La machine \u00e0 vide aide ensuite \u00e0 d\u00e9mouler les plateaux \u00e0 \u0153ufs et \u00e0 les transf\u00e9rer sur le tapis roulant.<\/li> <\/ul>   <div class=\"wp-block-image\"> <figure class=\"aligncenter size-full\"><img loading=\"lazy\" decoding=\"async\" width=\"720\" height=\"540\" src=\"https:\/\/www.plasticgranularmachine.com\/wp-content\/uploads\/2025\/05\/automatic-egg-tray-molding-machine.webp\" alt=\"machine automatique de moulage de plateaux \u00e0 \u0153ufs\" class=\"wp-image-1690\" srcset=\"https:\/\/www.plasticgranularmachine.com\/wp-content\/uploads\/2025\/05\/automatic-egg-tray-molding-machine.webp 720w, https:\/\/www.plasticgranularmachine.com\/wp-content\/uploads\/2025\/05\/automatic-egg-tray-molding-machine-300x225.webp 300w, https:\/\/www.plasticgranularmachine.com\/wp-content\/uploads\/2025\/05\/automatic-egg-tray-molding-machine-16x12.webp 16w\" sizes=\"auto, (max-width: 720px) 100vw, 720px\" \/><figcaption class=\"wp-element-caption\">machine automatique de moulage de plateaux \u00e0 \u0153ufs<\/figcaption><\/figure> <\/div>   <h3 class=\"wp-block-heading\">S\u00e9chage<\/h3>    <p>Les plateaux d'\u0153ufs mouill\u00e9s pr\u00e9liminaires doivent \u00eatre s\u00e9ch\u00e9s pour augmenter leur stabilit\u00e9 et leur fermet\u00e9. Choisissez la m\u00e9thode de s\u00e9chage la plus adapt\u00e9e en fonction du climat local, du site et d'autres conditions. Notre ligne de production de plateaux d'\u0153ufs prend en charge les \u00e9l\u00e9ments suivants :<\/p>    <ul class=\"wp-block-list\"> <li>S\u00e9chage manuel<\/li>    <li>S\u00e9chage au four<\/li>    <li>S\u00e9chage m\u00e9tallique multicouche.<\/li>    <li>S\u00e9chage en g\u00e9nie civil.<\/li> <\/ul>    <figure class=\"wp-block-gallery has-nested-images columns-default is-cropped wp-block-gallery-3 is-layout-flex wp-block-gallery-is-layout-flex\"> <figure class=\"wp-block-image size-large\"><img loading=\"lazy\" decoding=\"async\" width=\"720\" height=\"540\" data-id=\"1697\" src=\"https:\/\/www.plasticgranularmachine.com\/wp-content\/uploads\/2025\/05\/Multi-layer-metal-dryers.webp\" alt=\"S\u00e8ches m\u00e9talliques multicouches\" class=\"wp-image-1697\" srcset=\"https:\/\/www.plasticgranularmachine.com\/wp-content\/uploads\/2025\/05\/Multi-layer-metal-dryers.webp 720w, https:\/\/www.plasticgranularmachine.com\/wp-content\/uploads\/2025\/05\/Multi-layer-metal-dryers-300x225.webp 300w, https:\/\/www.plasticgranularmachine.com\/wp-content\/uploads\/2025\/05\/Multi-layer-metal-dryers-16x12.webp 16w\" sizes=\"auto, (max-width: 720px) 100vw, 720px\" \/><figcaption class=\"wp-element-caption\">S\u00e8ches m\u00e9talliques multicouches<\/figcaption><\/figure>    <figure class=\"wp-block-image size-large\"><img loading=\"lazy\" decoding=\"async\" width=\"720\" height=\"540\" data-id=\"1696\" src=\"https:\/\/www.plasticgranularmachine.com\/wp-content\/uploads\/2025\/05\/mesh-belt-dryer.webp\" alt=\"s\u00e8che-bande en maille\" class=\"wp-image-1696\" srcset=\"https:\/\/www.plasticgranularmachine.com\/wp-content\/uploads\/2025\/05\/mesh-belt-dryer.webp 720w, https:\/\/www.plasticgranularmachine.com\/wp-content\/uploads\/2025\/05\/mesh-belt-dryer-300x225.webp 300w, https:\/\/www.plasticgranularmachine.com\/wp-content\/uploads\/2025\/05\/mesh-belt-dryer-16x12.webp 16w\" sizes=\"auto, (max-width: 720px) 100vw, 720px\" \/><figcaption class=\"wp-element-caption\">s\u00e8che-bande en maille<\/figcaption><\/figure> <\/figure>    <h3 class=\"wp-block-heading\">Pressage \u00e0 chaud et emballage :<\/h3>    <ul class=\"wp-block-list\"> <li>La machine de moulage \u00e0 chaud presse les plateaux \u00e0 \u0153ufs \u00e0 haute temp\u00e9rature pour am\u00e9liorer leur r\u00e9sistance et leur apparence.<\/li>    <li>La machine de empilage empile soigneusement les plateaux \u00e0 \u0153ufs press\u00e9s \u00e0 chaud selon les donn\u00e9es, am\u00e9liorant l'efficacit\u00e9 de comptage et d'emballage.<\/li>    <li>La presse \u00e0 balles pi\u00e8ge et emballe les plateaux \u00e0 \u0153ufs pour un transport et un stockage faciles.<\/li> <\/ul>    <figure class=\"wp-block-gallery has-nested-images columns-default is-cropped wp-block-gallery-4 is-layout-flex wp-block-gallery-is-layout-flex\"> <figure class=\"wp-block-image size-large\"><img loading=\"lazy\" decoding=\"async\" width=\"720\" height=\"540\" data-id=\"1695\" src=\"https:\/\/www.plasticgranularmachine.com\/wp-content\/uploads\/2025\/05\/hot-press-machine.webp\" alt=\"machine \u00e0 presse chaude\" class=\"wp-image-1695\" srcset=\"https:\/\/www.plasticgranularmachine.com\/wp-content\/uploads\/2025\/05\/hot-press-machine.webp 720w, https:\/\/www.plasticgranularmachine.com\/wp-content\/uploads\/2025\/05\/hot-press-machine-300x225.webp 300w, https:\/\/www.plasticgranularmachine.com\/wp-content\/uploads\/2025\/05\/hot-press-machine-16x12.webp 16w\" sizes=\"auto, (max-width: 720px) 100vw, 720px\" \/><figcaption class=\"wp-element-caption\">machine \u00e0 presse chaude<\/figcaption><\/figure>    <figure class=\"wp-block-image size-large\"><img loading=\"lazy\" decoding=\"async\" width=\"720\" height=\"540\" data-id=\"1693\" src=\"https:\/\/www.plasticgranularmachine.com\/wp-content\/uploads\/2025\/05\/egg-tray-packing-machine.webp\" alt=\"machine \u00e0 emballer des plateaux \u00e0 \u0153ufs\" class=\"wp-image-1693\" srcset=\"https:\/\/www.plasticgranularmachine.com\/wp-content\/uploads\/2025\/05\/egg-tray-packing-machine.webp 720w, https:\/\/www.plasticgranularmachine.com\/wp-content\/uploads\/2025\/05\/egg-tray-packing-machine-300x225.webp 300w, https:\/\/www.plasticgranularmachine.com\/wp-content\/uploads\/2025\/05\/egg-tray-packing-machine-16x12.webp 16w\" sizes=\"auto, (max-width: 720px) 100vw, 720px\" \/><figcaption class=\"wp-element-caption\">machine \u00e0 emballer des plateaux \u00e0 \u0153ufs<\/figcaption><\/figure> <\/figure>    <h2 class=\"wp-block-heading\">Choisissez-nous pour un retour sur investissement \u00e9lev\u00e9 dans une usine de fabrication de plateaux \u00e0 \u0153ufs<\/h2>    <p>Notre ligne de production de plateaux \u00e0 \u0153ufs, qui n\u00e9cessite un faible investissement mais offre un rendement \u00e9lev\u00e9, a \u00e9t\u00e9 vendue dans de nombreux pays, y compris l'Arabie Saoudite, le Niger, le Mali, l'Espagne, la Suisse, etc., et a \u00e9t\u00e9 bien accueillie.<\/p>    <p>Si vous \u00eates int\u00e9ress\u00e9 par nos produits, n'h\u00e9sitez pas \u00e0 nous contacter pour des solutions personnalis\u00e9es !<\/p>    <figure class=\"wp-block-gallery has-nested-images columns-default is-cropped wp-block-gallery-5 is-layout-flex wp-block-gallery-is-layout-flex\"> <figure class=\"wp-block-image size-large\"><img loading=\"lazy\" decoding=\"async\" width=\"720\" height=\"540\" data-id=\"1700\" src=\"https:\/\/www.plasticgranularmachine.com\/wp-content\/uploads\/2025\/05\/Spain-client-visits-egg-tray-machine.webp\" alt=\"Le client espagnol visite la machine \u00e0 plateaux \u00e0 \u0153ufs\" class=\"wp-image-1700\" srcset=\"https:\/\/www.plasticgranularmachine.com\/wp-content\/uploads\/2025\/05\/Spain-client-visits-egg-tray-machine.webp 720w, https:\/\/www.plasticgranularmachine.com\/wp-content\/uploads\/2025\/05\/Spain-client-visits-egg-tray-machine-300x225.webp 300w, https:\/\/www.plasticgranularmachine.com\/wp-content\/uploads\/2025\/05\/Spain-client-visits-egg-tray-machine-16x12.webp 16w\" sizes=\"auto, (max-width: 720px) 100vw, 720px\" \/><figcaption class=\"wp-element-caption\">Le client espagnol visite la machine \u00e0 plateaux \u00e0 \u0153ufs<\/figcaption><\/figure>    <figure class=\"wp-block-image size-large\"><img loading=\"lazy\" decoding=\"async\" width=\"720\" height=\"540\" data-id=\"1689\" src=\"https:\/\/www.plasticgranularmachine.com\/wp-content\/uploads\/2025\/05\/African-customer-visits-the-factory.webp\" alt=\"Le client africain visite l&#039;usine\" class=\"wp-image-1689\" srcset=\"https:\/\/www.plasticgranularmachine.com\/wp-content\/uploads\/2025\/05\/African-customer-visits-the-factory.webp 720w, https:\/\/www.plasticgranularmachine.com\/wp-content\/uploads\/2025\/05\/African-customer-visits-the-factory-300x225.webp 300w, https:\/\/www.plasticgranularmachine.com\/wp-content\/uploads\/2025\/05\/African-customer-visits-the-factory-16x12.webp 16w\" sizes=\"auto, (max-width: 720px) 100vw, 720px\" \/><figcaption class=\"wp-element-caption\">Le client africain visite l'usine<\/figcaption><\/figure> <\/figure>","protected":false},"excerpt":{"rendered":"<p>Our paper pulp egg tray production line has a capacity of 1,000 to 7,000 pieces per hour. It can efficiently convert waste paper into various paper tray products, such as egg trays, apple trays, shoe trays, coffee cup trays, etc. These products are widely used in many fields, including food, agriculture, and daily necessities. Using [&hellip;]<\/p>\n","protected":false},"author":1,"featured_media":1692,"parent":0,"template":"","tags":[],"product-type":[10],"class_list":["post-1688","product","type-product","status-publish","has-post-thumbnail","hentry","product-type-solutions"],"_links":{"self":[{"href":"https:\/\/www.plasticgranularmachine.com\/fr\/wp-json\/wp\/v2\/product\/1688","targetHints":{"allow":["GET"]}}],"collection":[{"href":"https:\/\/www.plasticgranularmachine.com\/fr\/wp-json\/wp\/v2\/product"}],"about":[{"href":"https:\/\/www.plasticgranularmachine.com\/fr\/wp-json\/wp\/v2\/types\/product"}],"author":[{"embeddable":true,"href":"https:\/\/www.plasticgranularmachine.com\/fr\/wp-json\/wp\/v2\/users\/1"}],"wp:featuredmedia":[{"embeddable":true,"href":"https:\/\/www.plasticgranularmachine.com\/fr\/wp-json\/wp\/v2\/media\/1692"}],"wp:attachment":[{"href":"https:\/\/www.plasticgranularmachine.com\/fr\/wp-json\/wp\/v2\/media?parent=1688"}],"wp:term":[{"taxonomy":"post_tag","embeddable":true,"href":"https:\/\/www.plasticgranularmachine.com\/fr\/wp-json\/wp\/v2\/tags?post=1688"},{"taxonomy":"product-type","embeddable":true,"href":"https:\/\/www.plasticgranularmachine.com\/fr\/wp-json\/wp\/v2\/product-type?post=1688"}],"curies":[{"name":"wp","href":"https:\/\/api.w.org\/{rel}","templated":true}]}}