{"id":1706,"date":"2025-06-09T16:13:01","date_gmt":"2025-06-09T08:13:01","guid":{"rendered":"https:\/\/www.plasticgranularmachine.com\/?post_type=product&#038;p=1706"},"modified":"2025-07-23T10:37:32","modified_gmt":"2025-07-23T02:37:32","slug":"fabric-waste-cutting-machine","status":"publish","type":"product","link":"https:\/\/www.plasticgranularmachine.com\/fr\/product\/fabric-waste-cutting-machine\/","title":{"rendered":"Machine de d\u00e9coupe des d\u00e9chets textiles pour l'utilisation de recyclage dans les usines de fibres"},"content":{"rendered":"<p>Notre machine de d\u00e9coupe des d\u00e9chets textiles est id\u00e9ale pour le recyclage des mat\u00e9riaux textiles tels que les chutes de coton, les fibres de polyester, les vieux v\u00eatements, etc. Avec une capacit\u00e9 de 300 \u00e0 5000 kg\/h, elle d\u00e9coupe efficacement les d\u00e9chets pour un recyclage ult\u00e9rieur des fibres. Gr\u00e2ce \u00e0 son design durable et \u00e0 sa sortie propre, elle est largement utilis\u00e9e dans les usines textiles et les usines de fibres \u00e0 travers le Mexique, le Maroc, le Sri Lanka, et plus encore.<\/p>   <div class=\"wp-block-image\"> <figure class=\"aligncenter size-full\"><img loading=\"lazy\" decoding=\"async\" width=\"720\" height=\"540\" src=\"https:\/\/www.plasticgranularmachine.com\/wp-content\/uploads\/2025\/06\/facbric-waste-cutting-machine1.webp\" alt=\"machine de d\u00e9coupe de d\u00e9chets de tissu\" class=\"wp-image-1717\" srcset=\"https:\/\/www.plasticgranularmachine.com\/wp-content\/uploads\/2025\/06\/facbric-waste-cutting-machine1.webp 720w, https:\/\/www.plasticgranularmachine.com\/wp-content\/uploads\/2025\/06\/facbric-waste-cutting-machine1-300x225.webp 300w, https:\/\/www.plasticgranularmachine.com\/wp-content\/uploads\/2025\/06\/facbric-waste-cutting-machine1-16x12.webp 16w\" sizes=\"auto, (max-width: 720px) 100vw, 720px\" \/><figcaption class=\"wp-element-caption\">machine de d\u00e9coupe de d\u00e9chets de tissu<\/figcaption><\/figure> <\/div>   <h2 class=\"wp-block-heading\">Fonction de la machine de d\u00e9coupe de d\u00e9chets de tissu en fibre<\/h2>    <h3 class=\"wp-block-heading\">Champ d'application<\/h3>    <p>La machine de d\u00e9coupe de fibre textile est largement utilis\u00e9e dans les industries suivantes :<\/p>    <ul class=\"wp-block-list\"> <li><strong>Usines textiles<\/strong>: D\u00e9coupe de tissus restants, de d\u00e9chets de fil et de bords.<\/li>    <li><strong>Usines de v\u00eatements<\/strong>: Traitement des chutes de coton et des vieux v\u00eatements pour le recyclage.<\/li>    <li><strong>Usines de recyclage des fibres<\/strong>: Pr\u00e9paration des d\u00e9chets textiles pour l'ouverture, le pelletage ou le re-filage.<\/li>    <li><strong>Transformateurs de mat\u00e9riaux non tiss\u00e9s<\/strong>: D\u00e9chiquetage de feuilles de fibres souples et de rouleaux non tiss\u00e9s.<\/li>    <li><strong>Recycleurs de v\u00eatements d'occasion<\/strong>: D\u00e9coupage de v\u00eatements usag\u00e9s en morceaux de fibres uniformes.<\/li> <\/ul>    <p>Cette machine de d\u00e9coupe de d\u00e9chets de tissu est id\u00e9ale pour traiter de grands volumes de d\u00e9chets de coton, de polyester et d'autres tissus doux.<\/p>    <figure class=\"wp-block-gallery has-nested-images columns-default is-cropped wp-block-gallery-2 is-layout-flex wp-block-gallery-is-layout-flex\"> <figure class=\"wp-block-image size-large\"><img loading=\"lazy\" decoding=\"async\" width=\"720\" height=\"540\" data-id=\"1716\" src=\"https:\/\/www.plasticgranularmachine.com\/wp-content\/uploads\/2025\/06\/waste-textile.webp\" alt=\"d\u00e9chets textiles\" class=\"wp-image-1716\" srcset=\"https:\/\/www.plasticgranularmachine.com\/wp-content\/uploads\/2025\/06\/waste-textile.webp 720w, https:\/\/www.plasticgranularmachine.com\/wp-content\/uploads\/2025\/06\/waste-textile-300x225.webp 300w, https:\/\/www.plasticgranularmachine.com\/wp-content\/uploads\/2025\/06\/waste-textile-16x12.webp 16w\" sizes=\"auto, (max-width: 720px) 100vw, 720px\" \/><figcaption class=\"wp-element-caption\">d\u00e9chets textiles<\/figcaption><\/figure>    <figure class=\"wp-block-image size-large\"><img loading=\"lazy\" decoding=\"async\" width=\"721\" height=\"541\" data-id=\"1709\" src=\"https:\/\/www.plasticgranularmachine.com\/wp-content\/uploads\/2025\/06\/cotton-waste.webp\" alt=\"d\u00e9chets de coton\" class=\"wp-image-1709\" srcset=\"https:\/\/www.plasticgranularmachine.com\/wp-content\/uploads\/2025\/06\/cotton-waste.webp 721w, https:\/\/www.plasticgranularmachine.com\/wp-content\/uploads\/2025\/06\/cotton-waste-300x225.webp 300w, https:\/\/www.plasticgranularmachine.com\/wp-content\/uploads\/2025\/06\/cotton-waste-16x12.webp 16w\" sizes=\"auto, (max-width: 721px) 100vw, 721px\" \/><figcaption class=\"wp-element-caption\">d\u00e9chets de coton<\/figcaption><\/figure>    <figure class=\"wp-block-image size-large\"><img loading=\"lazy\" decoding=\"async\" width=\"720\" height=\"540\" data-id=\"1713\" src=\"https:\/\/www.plasticgranularmachine.com\/wp-content\/uploads\/2025\/06\/fiber.webp\" alt=\"fibre\" class=\"wp-image-1713\" srcset=\"https:\/\/www.plasticgranularmachine.com\/wp-content\/uploads\/2025\/06\/fiber.webp 720w, https:\/\/www.plasticgranularmachine.com\/wp-content\/uploads\/2025\/06\/fiber-300x225.webp 300w, https:\/\/www.plasticgranularmachine.com\/wp-content\/uploads\/2025\/06\/fiber-16x12.webp 16w\" sizes=\"auto, (max-width: 720px) 100vw, 720px\" \/><figcaption class=\"wp-element-caption\">fibre<\/figcaption><\/figure> <\/figure>    <h3 class=\"wp-block-heading\">Produits finis<\/h3>    <p>La taille de sortie des fibres peut \u00eatre ajust\u00e9e de 5 \u00e0 300 mm, et comprend :<\/p>    <ul class=\"wp-block-list\"> <li>La longueur est uniforme et r\u00e9glable.<\/li>    <li>Pas facilement emm\u00eal\u00e9, tr\u00e8s moelleux et facile \u00e0 ouvrir.<\/li>    <li>Les bords sont nets et sans poussi\u00e8re, sans marques de br\u00fblure.<\/li>    <li>Peut \u00eatre aliment\u00e9 directement dans une machine d'ouverture de fibres ou d'autres \u00e9quipements ult\u00e9rieurs pour le traitement.<\/li>    <li>A de larges applications dans les mat\u00e9riaux d'isolation thermique, le rembourrage de coussins, les fibres renouvelables, et plus encore.<\/li> <\/ul>    <figure class=\"wp-block-gallery has-nested-images columns-default is-cropped wp-block-gallery-3 is-layout-flex wp-block-gallery-is-layout-flex\"> <figure class=\"wp-block-image size-large\"><img loading=\"lazy\" decoding=\"async\" width=\"722\" height=\"578\" data-id=\"1715\" src=\"https:\/\/www.plasticgranularmachine.com\/wp-content\/uploads\/2025\/06\/uniform-end-products-of-textile-cutter.webp\" alt=\"produits finis uniformes du coupeur de textile\" class=\"wp-image-1715\" srcset=\"https:\/\/www.plasticgranularmachine.com\/wp-content\/uploads\/2025\/06\/uniform-end-products-of-textile-cutter.webp 722w, https:\/\/www.plasticgranularmachine.com\/wp-content\/uploads\/2025\/06\/uniform-end-products-of-textile-cutter-300x240.webp 300w, https:\/\/www.plasticgranularmachine.com\/wp-content\/uploads\/2025\/06\/uniform-end-products-of-textile-cutter-15x12.webp 15w\" sizes=\"auto, (max-width: 722px) 100vw, 722px\" \/><figcaption class=\"wp-element-caption\">produits finis uniformes du coupeur de textile<\/figcaption><\/figure>    <figure class=\"wp-block-image size-large\"><img loading=\"lazy\" decoding=\"async\" width=\"720\" height=\"540\" data-id=\"1714\" src=\"https:\/\/www.plasticgranularmachine.com\/wp-content\/uploads\/2025\/06\/output-of-the-fabric-cutter.webp\" alt=\"sortie du coupeur de tissu\" class=\"wp-image-1714\" srcset=\"https:\/\/www.plasticgranularmachine.com\/wp-content\/uploads\/2025\/06\/output-of-the-fabric-cutter.webp 720w, https:\/\/www.plasticgranularmachine.com\/wp-content\/uploads\/2025\/06\/output-of-the-fabric-cutter-300x225.webp 300w, https:\/\/www.plasticgranularmachine.com\/wp-content\/uploads\/2025\/06\/output-of-the-fabric-cutter-16x12.webp 16w\" sizes=\"auto, (max-width: 720px) 100vw, 720px\" \/><figcaption class=\"wp-element-caption\">sortie du coupeur de tissu<\/figcaption><\/figure> <\/figure>    <h2 class=\"wp-block-heading\">Caract\u00e9ristiques cl\u00e9s de la machine de d\u00e9coupe automatique de tissu<\/h2>    <ul class=\"wp-block-list\"> <li><strong>Application polyvalente<\/strong> \u2013 Convient \u00e0 divers mat\u00e9riaux de fibres ; compatible avec diff\u00e9rentes lignes de recyclage textile.<\/li>    <li><strong>Lames Durables<\/strong> \u2013 \u00c9quip\u00e9 de lames en acier alli\u00e9 de haute qualit\u00e9 pour une excellente duret\u00e9 et r\u00e9sistance \u00e0 l'usure.<\/li>    <li><strong>Haute Efficacit\u00e9 de Coupe<\/strong> \u2013 Utilise un design de hache \u00e0 couple inclin\u00e9 avanc\u00e9 ; capacit\u00e9 jusqu'\u00e0 5000 kg\/h.<\/li>    <li><strong>Protection de S\u00e9curit\u00e9<\/strong> \u2013 Syst\u00e8me de protection contre les surcharges et la chaleur int\u00e9gr\u00e9 pour \u00e9viter les blocages ou l'enchev\u00eatrement des mat\u00e9riaux.<\/li>    <li><strong>Entretien Facile<\/strong> \u2013 Structure de lame modulaire pour un remplacement rapide et un temps d'arr\u00eat r\u00e9duit.<\/li> <\/ul>    <figure class=\"wp-block-gallery has-nested-images columns-default is-cropped wp-block-gallery-4 is-layout-flex wp-block-gallery-is-layout-flex\"> <figure class=\"wp-block-image size-large\"><img loading=\"lazy\" decoding=\"async\" width=\"721\" height=\"540\" data-id=\"1708\" src=\"https:\/\/www.plasticgranularmachine.com\/wp-content\/uploads\/2025\/06\/baldes-of-the-fabric-waste-cutting-machine.webp\" alt=\"lames de la machine \u00e0 couper les d\u00e9chets textiles\" class=\"wp-image-1708\" srcset=\"https:\/\/www.plasticgranularmachine.com\/wp-content\/uploads\/2025\/06\/baldes-of-the-fabric-waste-cutting-machine.webp 721w, https:\/\/www.plasticgranularmachine.com\/wp-content\/uploads\/2025\/06\/baldes-of-the-fabric-waste-cutting-machine-300x225.webp 300w, https:\/\/www.plasticgranularmachine.com\/wp-content\/uploads\/2025\/06\/baldes-of-the-fabric-waste-cutting-machine-16x12.webp 16w\" sizes=\"auto, (max-width: 721px) 100vw, 721px\" \/><figcaption class=\"wp-element-caption\">lames de la machine \u00e0 couper les d\u00e9chets textiles<\/figcaption><\/figure>    <figure class=\"wp-block-image size-large\"><img loading=\"lazy\" decoding=\"async\" width=\"720\" height=\"540\" data-id=\"1707\" src=\"https:\/\/www.plasticgranularmachine.com\/wp-content\/uploads\/2025\/06\/auto-fabric-cutting-machine-blades.webp\" alt=\"lames de machine de d\u00e9coupe de tissu automatique\" class=\"wp-image-1707\" srcset=\"https:\/\/www.plasticgranularmachine.com\/wp-content\/uploads\/2025\/06\/auto-fabric-cutting-machine-blades.webp 720w, https:\/\/www.plasticgranularmachine.com\/wp-content\/uploads\/2025\/06\/auto-fabric-cutting-machine-blades-300x225.webp 300w, https:\/\/www.plasticgranularmachine.com\/wp-content\/uploads\/2025\/06\/auto-fabric-cutting-machine-blades-16x12.webp 16w\" sizes=\"auto, (max-width: 720px) 100vw, 720px\" \/><figcaption class=\"wp-element-caption\">lames de machine de d\u00e9coupe de tissu automatique<\/figcaption><\/figure> <\/figure>    <h2 class=\"wp-block-heading\">Param\u00e8tres de la machine de d\u00e9coupe de textile \u00e0 vendre<\/h2>    <p>Voici quelques sp\u00e9cifications des machines de d\u00e9coupe de d\u00e9chets de tissu les plus vendues. Nous pouvons \u00e9galement fournir des coupeurs de textile personnalis\u00e9s en fonction de vos besoins de production.<\/p>    <figure class=\"wp-block-table\"><table><tbody><tr><td>Mod\u00e8le<\/td><td>500B<\/td><td>800C<\/td><td>1200B<\/td><td>1600B<\/td><td>2400B<\/td><\/tr><tr><td>Capacit\u00e9 (kg\/h)<\/td><td>300-500<\/td><td>500-800<\/td><td>800-1200<\/td><td>1000-3000<\/td><td>2000-5000<\/td><\/tr><tr><td>Puissance du moteur (KW)<\/td><td>5.5+1.5<\/td><td>7.5 + 1.5<\/td><td>15 + 2.2<\/td><td>18.5 + 3.0<\/td><td>22 + 3.0<\/td><\/tr><tr><td>Longueur de coupe (mm)<\/td><td>5-150<\/td><td>5-150<\/td><td>5-150<\/td><td>5-300<\/td><td>10-300<\/td><\/tr><tr><td>\u00c9paisseur de coupe (mm)<\/td><td>20<\/td><td>30-50<\/td><td>30-50<\/td><td>30-150<\/td><td>30-200<\/td><\/tr><tr><td>Taille de la courroie d'entr\u00e9e\/sortie (mm)<\/td><td>2800*350<\/td><td>2800*350<\/td><td>3000*520<\/td><td>3000*720<\/td><td>3000*1100<\/td><\/tr><tr><td>Dimensions (mm)<\/td><td>3200*1000*1200<\/td><td>3200*1000*1200<\/td><td>7000*1500*1500<\/td><td>7000*1800*1950<\/td><td>5800*2200*1950<\/td><\/tr><\/tbody><\/table><\/figure>    <h2 class=\"wp-block-heading\">Principe de fonctionnement de la machine de d\u00e9coupe de fibre de tissu<\/h2>    <ol class=\"wp-block-list\"> <li><strong>Alimentation<\/strong>:<br>Les d\u00e9chets textiles sont aliment\u00e9s dans l'entr\u00e9e par un convoyeur.<\/li>    <li><strong>Coupe rotative<\/strong>:<br>Des lames rotatives travaillent contre des lames fixes \u00e0 l'int\u00e9rieur de la chambre pour couper les mat\u00e9riaux en fibres en morceaux courts.<\/li>    <li><strong>D\u00e9charge<\/strong>:<br>Les morceaux de tissu coup\u00e9s sont \u00e9vacu\u00e9s par une sortie pour un traitement ult\u00e9rieur.<\/li>    <li><strong>R\u00e9glages ajustables<\/strong>:<br>La vitesse, l'\u00e9cart des lames et la longueur de sortie peuvent \u00eatre ajust\u00e9s pour diff\u00e9rents mat\u00e9riaux et objectifs de traitement.<\/li> <\/ol>    <p>Le design du coupeur rotatif inclin\u00e9 assure une coupe continue sans obstructions.<\/p>    <h2 class=\"wp-block-heading\">Obtenez votre solution de recyclage de fibres personnalis\u00e9e<\/h2>    <p>Vous cherchez un moyen efficace de traiter les d\u00e9chets textiles ? Nos machines de d\u00e9coupe de d\u00e9chets textiles sont fiables pour les usines de recyclage dans divers pays. Contactez-nous d\u00e8s aujourd'hui pour un devis et une solution de d\u00e9coupe gratuite !<\/p>    <figure class=\"wp-block-gallery aligncenter has-nested-images columns-default is-cropped wp-block-gallery-5 is-layout-flex wp-block-gallery-is-layout-flex\"> <figure class=\"wp-block-image size-large\"><img loading=\"lazy\" decoding=\"async\" width=\"720\" height=\"540\" data-id=\"1712\" src=\"https:\/\/www.plasticgranularmachine.com\/wp-content\/uploads\/2025\/06\/fiber-cutting-machine.webp\" alt=\"machine de d\u00e9coupe de fibre\" class=\"wp-image-1712\" srcset=\"https:\/\/www.plasticgranularmachine.com\/wp-content\/uploads\/2025\/06\/fiber-cutting-machine.webp 720w, https:\/\/www.plasticgranularmachine.com\/wp-content\/uploads\/2025\/06\/fiber-cutting-machine-300x225.webp 300w, https:\/\/www.plasticgranularmachine.com\/wp-content\/uploads\/2025\/06\/fiber-cutting-machine-16x12.webp 16w\" sizes=\"auto, (max-width: 720px) 100vw, 720px\" \/><figcaption class=\"wp-element-caption\">machine de d\u00e9coupe de fibre<\/figcaption><\/figure>    <figure class=\"wp-block-image size-large\"><img loading=\"lazy\" decoding=\"async\" width=\"719\" height=\"540\" data-id=\"1711\" src=\"https:\/\/www.plasticgranularmachine.com\/wp-content\/uploads\/2025\/06\/fabric-waste-cutting-machine.webp\" alt=\"machine de d\u00e9coupe des d\u00e9chets de tissu\" class=\"wp-image-1711\" srcset=\"https:\/\/www.plasticgranularmachine.com\/wp-content\/uploads\/2025\/06\/fabric-waste-cutting-machine.webp 719w, https:\/\/www.plasticgranularmachine.com\/wp-content\/uploads\/2025\/06\/fabric-waste-cutting-machine-300x225.webp 300w, https:\/\/www.plasticgranularmachine.com\/wp-content\/uploads\/2025\/06\/fabric-waste-cutting-machine-16x12.webp 16w\" sizes=\"auto, (max-width: 719px) 100vw, 719px\" \/><figcaption class=\"wp-element-caption\">machine de d\u00e9coupe des d\u00e9chets de tissu<\/figcaption><\/figure> <\/figure>    <h2 class=\"wp-block-heading\">FAQ sur la machine de d\u00e9coupe des d\u00e9chets de tissu<\/h2>    <p>Si vous avez d'autres questions, n'h\u00e9sitez pas \u00e0 nous contacter. Nous sommes l\u00e0 pour vous aider !<\/p>   <div id=\"rank-math-faq\" class=\"rank-math-block\"> <div class=\"rank-math-list\"> <div id=\"faq-question-1749109529835\" class=\"rank-math-list-item\"> <h3 class=\"rank-math-question\">Peut-elle traiter des mat\u00e9riaux \u00e9paissis tels que des superpositions en cuir ?<\/h3> <div class=\"rank-math-answer\">  <p>Supporte des couches ultra-\u00e9paises de 20 \u00e0 200 mm<\/p>  <\/div> <\/div> <div id=\"faq-question-1749109698218\" class=\"rank-math-list-item\"> <h3 class=\"rank-math-question\">La taille de coupe peut-elle \u00eatre ajust\u00e9e ?<\/h3> <div class=\"rank-math-answer\">  <p>Oui. Nous offrons des r\u00e9glages personnalis\u00e9s de 5 mm \u00e0 300 mm de longueur de sortie.<\/p>  <\/div> <\/div> <div id=\"faq-question-1749109829710\" class=\"rank-math-list-item\"> <h3 class=\"rank-math-question\">La machine est-elle s\u00fbre pour les op\u00e9rateurs ?<\/h3> <div class=\"rank-math-answer\">  <p>Oui. La machine comprend des couvercles de s\u00e9curit\u00e9, un arr\u00eat d'urgence et des capteurs de protection.<\/p>  <\/div> <\/div> <div id=\"faq-question-1749110001487\" class=\"rank-math-list-item\"> <h3 class=\"rank-math-question\">Comment entretenir la machine de d\u00e9coupe de fibres ?<\/h3> <div class=\"rank-math-answer\">  <p>Nettoyez r\u00e9guli\u00e8rement la poussi\u00e8re de fibre, lubrifiez les roulements et v\u00e9rifiez la nettet\u00e9 de la lame toutes les 300 heures.<\/p>  <\/div> <\/div> <div id=\"faq-question-1749110074056\" class=\"rank-math-list-item\"> <h3 class=\"rank-math-question\">Fournissez-vous un support pour l'installation ou l'op\u00e9ration ?<\/h3> <div class=\"rank-math-answer\">  <p>Oui. Nous proposons une installation sur site, des conseils techniques, un approvisionnement en pi\u00e8ces de rechange, etc.<\/p>  <\/div> <\/div> <\/div> <\/div>","protected":false},"excerpt":{"rendered":"<p>Our fabric waste cutting machine is ideal for recycling textile materials like cotton scraps, polyester fibers, old clothes, etc. With a capacity of 300\u20135000 kg\/h, it efficiently cuts waste for further fiber recycling. Thanks to its durable design and clean output, it\u2019s widely used in textile mills and fiber plants across Mexico, Morocco, Sri Lanka, [&hellip;]<\/p>\n","protected":false},"author":1,"featured_media":1710,"parent":0,"template":"","tags":[],"product-type":[77],"class_list":["post-1706","product","type-product","status-publish","has-post-thumbnail","hentry","product-type-fiber-recycling-machine"],"_links":{"self":[{"href":"https:\/\/www.plasticgranularmachine.com\/fr\/wp-json\/wp\/v2\/product\/1706","targetHints":{"allow":["GET"]}}],"collection":[{"href":"https:\/\/www.plasticgranularmachine.com\/fr\/wp-json\/wp\/v2\/product"}],"about":[{"href":"https:\/\/www.plasticgranularmachine.com\/fr\/wp-json\/wp\/v2\/types\/product"}],"author":[{"embeddable":true,"href":"https:\/\/www.plasticgranularmachine.com\/fr\/wp-json\/wp\/v2\/users\/1"}],"wp:featuredmedia":[{"embeddable":true,"href":"https:\/\/www.plasticgranularmachine.com\/fr\/wp-json\/wp\/v2\/media\/1710"}],"wp:attachment":[{"href":"https:\/\/www.plasticgranularmachine.com\/fr\/wp-json\/wp\/v2\/media?parent=1706"}],"wp:term":[{"taxonomy":"post_tag","embeddable":true,"href":"https:\/\/www.plasticgranularmachine.com\/fr\/wp-json\/wp\/v2\/tags?post=1706"},{"taxonomy":"product-type","embeddable":true,"href":"https:\/\/www.plasticgranularmachine.com\/fr\/wp-json\/wp\/v2\/product-type?post=1706"}],"curies":[{"name":"wp","href":"https:\/\/api.w.org\/{rel}","templated":true}]}}