{"id":1722,"date":"2025-06-16T14:20:26","date_gmt":"2025-06-16T06:20:26","guid":{"rendered":"https:\/\/www.plasticgranularmachine.com\/?post_type=product&#038;p=1722"},"modified":"2025-07-23T10:35:52","modified_gmt":"2025-07-23T02:35:52","slug":"hydraulic-metal-baler","status":"publish","type":"product","link":"https:\/\/www.plasticgranularmachine.com\/fr\/product\/hydraulic-metal-baler\/","title":{"rendered":"Presse \u00e0 m\u00e9taux hydraulique pour un recyclage efficace des d\u00e9chets"},"content":{"rendered":"<p>Vous cherchez une solution efficace pour compresser vos d\u00e9chets m\u00e9talliques et r\u00e9duire les co\u00fbts de stockage et de transport ? Notre presse \u00e0 balles hydraulique est votre choix id\u00e9al : puissante, personnalisable et con\u00e7ue pour durer.<\/p>   <div class=\"wp-block-image\"> <figure class=\"aligncenter size-full\"><img loading=\"lazy\" decoding=\"async\" width=\"720\" height=\"540\" src=\"https:\/\/www.plasticgranularmachine.com\/wp-content\/uploads\/2025\/06\/hydraulic-metal-baler.webp\" alt=\"presse \u00e0 balles hydraulique\" class=\"wp-image-1725\" srcset=\"https:\/\/www.plasticgranularmachine.com\/wp-content\/uploads\/2025\/06\/hydraulic-metal-baler.webp 720w, https:\/\/www.plasticgranularmachine.com\/wp-content\/uploads\/2025\/06\/hydraulic-metal-baler-300x225.webp 300w, https:\/\/www.plasticgranularmachine.com\/wp-content\/uploads\/2025\/06\/hydraulic-metal-baler-16x12.webp 16w\" sizes=\"auto, (max-width: 720px) 100vw, 720px\" \/><figcaption class=\"wp-element-caption\">presse \u00e0 balles hydraulique<\/figcaption><\/figure> <\/div>   <h2 class=\"wp-block-heading\">Qu'est-ce qu'une presse \u00e0 balles hydraulique ?<\/h2>    <p>Une presse \u00e0 balles hydraulique est une machine de recyclage sp\u00e9cialis\u00e9e con\u00e7ue pour compresser divers d\u00e9chets m\u00e9talliques en balles compactes et denses. Aliment\u00e9 par la pression hydraulique, cet \u00e9quipement garantit des op\u00e9rations \u00e0 haute efficacit\u00e9 dans les d\u00e9charges de ferraille, les centres de recyclage, les usines de traitement des m\u00e9taux et les industries de fusion.<\/p>    <figure class=\"wp-block-gallery has-nested-images columns-default is-cropped wp-block-gallery-2 is-layout-flex wp-block-gallery-is-layout-flex\"> <figure class=\"wp-block-image size-large\"><img loading=\"lazy\" decoding=\"async\" width=\"720\" height=\"540\" data-id=\"1726\" src=\"https:\/\/www.plasticgranularmachine.com\/wp-content\/uploads\/2025\/06\/hydraulic-scrap-baling-press-machine.webp\" alt=\"machine de presse \u00e0 balles hydraulique pour d\u00e9chets\" class=\"wp-image-1726\" srcset=\"https:\/\/www.plasticgranularmachine.com\/wp-content\/uploads\/2025\/06\/hydraulic-scrap-baling-press-machine.webp 720w, https:\/\/www.plasticgranularmachine.com\/wp-content\/uploads\/2025\/06\/hydraulic-scrap-baling-press-machine-300x225.webp 300w, https:\/\/www.plasticgranularmachine.com\/wp-content\/uploads\/2025\/06\/hydraulic-scrap-baling-press-machine-16x12.webp 16w\" sizes=\"auto, (max-width: 720px) 100vw, 720px\" \/><figcaption class=\"wp-element-caption\">machine de presse \u00e0 balles hydraulique pour d\u00e9chets<\/figcaption><\/figure>    <figure class=\"wp-block-image size-large\"><img loading=\"lazy\" decoding=\"async\" width=\"720\" height=\"540\" data-id=\"1727\" src=\"https:\/\/www.plasticgranularmachine.com\/wp-content\/uploads\/2025\/06\/Metal-blocks-baled-by-hydraulic-metal-baler.webp\" alt=\"Blocs m\u00e9talliques compress\u00e9s par une presse \u00e0 balles hydraulique\" class=\"wp-image-1727\" srcset=\"https:\/\/www.plasticgranularmachine.com\/wp-content\/uploads\/2025\/06\/Metal-blocks-baled-by-hydraulic-metal-baler.webp 720w, https:\/\/www.plasticgranularmachine.com\/wp-content\/uploads\/2025\/06\/Metal-blocks-baled-by-hydraulic-metal-baler-300x225.webp 300w, https:\/\/www.plasticgranularmachine.com\/wp-content\/uploads\/2025\/06\/Metal-blocks-baled-by-hydraulic-metal-baler-16x12.webp 16w\" sizes=\"auto, (max-width: 720px) 100vw, 720px\" \/><figcaption class=\"wp-element-caption\">Blocs m\u00e9talliques compress\u00e9s par une presse \u00e0 balles hydraulique<\/figcaption><\/figure> <\/figure>    <h2 class=\"wp-block-heading\">Mat\u00e9riaux d'entr\u00e9e et types de balles finies<\/h2>    <p>Nos presses \u00e0 balles hydrauliques peuvent traiter une grande vari\u00e9t\u00e9 de m\u00e9taux ferreux et non ferreux, y compris :<\/p>    <ul class=\"wp-block-list\"> <li>Acier et fer \u00e0 recycler<\/li>    <li>Canettes et feuilles en aluminium<\/li>    <li>Fils et tubes en cuivre<\/li>    <li>\u00c9barbures d'acier et copeaux d'aluminium<\/li>    <li>Carcasses de voiture, f\u00fbts d'huile et appareils d\u00e9mont\u00e9s<\/li> <\/ul>    <figure class=\"wp-block-gallery has-nested-images columns-default is-cropped wp-block-gallery-3 is-layout-flex wp-block-gallery-is-layout-flex\"> <figure class=\"wp-block-image size-large\"><img loading=\"lazy\" decoding=\"async\" width=\"720\" height=\"540\" data-id=\"1730\" src=\"https:\/\/www.plasticgranularmachine.com\/wp-content\/uploads\/2025\/06\/Scrap-car-shells.webp\" alt=\"Carcasses de voiture \u00e0 la ferraille\" class=\"wp-image-1730\" srcset=\"https:\/\/www.plasticgranularmachine.com\/wp-content\/uploads\/2025\/06\/Scrap-car-shells.webp 720w, https:\/\/www.plasticgranularmachine.com\/wp-content\/uploads\/2025\/06\/Scrap-car-shells-300x225.webp 300w, https:\/\/www.plasticgranularmachine.com\/wp-content\/uploads\/2025\/06\/Scrap-car-shells-16x12.webp 16w\" sizes=\"auto, (max-width: 720px) 100vw, 720px\" \/><figcaption class=\"wp-element-caption\">Carcasses de voiture \u00e0 la ferraille<\/figcaption><\/figure>    <figure class=\"wp-block-image size-large\"><img loading=\"lazy\" decoding=\"async\" width=\"720\" height=\"540\" data-id=\"1731\" src=\"https:\/\/www.plasticgranularmachine.com\/wp-content\/uploads\/2025\/06\/scrap-copper-wire.webp\" alt=\"Fil de cuivre \u00e0 la ferraille\" class=\"wp-image-1731\" srcset=\"https:\/\/www.plasticgranularmachine.com\/wp-content\/uploads\/2025\/06\/scrap-copper-wire.webp 720w, https:\/\/www.plasticgranularmachine.com\/wp-content\/uploads\/2025\/06\/scrap-copper-wire-300x225.webp 300w, https:\/\/www.plasticgranularmachine.com\/wp-content\/uploads\/2025\/06\/scrap-copper-wire-16x12.webp 16w\" sizes=\"auto, (max-width: 720px) 100vw, 720px\" \/><figcaption class=\"wp-element-caption\">Fil de cuivre \u00e0 la ferraille<\/figcaption><\/figure>    <figure class=\"wp-block-image size-large\"><img loading=\"lazy\" decoding=\"async\" width=\"720\" height=\"540\" data-id=\"1729\" src=\"https:\/\/www.plasticgranularmachine.com\/wp-content\/uploads\/2025\/06\/Scrap-aluminum-cans.webp\" alt=\"Canettes en aluminium \u00e0 la ferraille\" class=\"wp-image-1729\" srcset=\"https:\/\/www.plasticgranularmachine.com\/wp-content\/uploads\/2025\/06\/Scrap-aluminum-cans.webp 720w, https:\/\/www.plasticgranularmachine.com\/wp-content\/uploads\/2025\/06\/Scrap-aluminum-cans-300x225.webp 300w, https:\/\/www.plasticgranularmachine.com\/wp-content\/uploads\/2025\/06\/Scrap-aluminum-cans-16x12.webp 16w\" sizes=\"auto, (max-width: 720px) 100vw, 720px\" \/><figcaption class=\"wp-element-caption\">Canettes en aluminium \u00e0 la ferraille<\/figcaption><\/figure> <\/figure>    <p>Les balles finies peuvent \u00eatre rectangulaires, cylindriques ou m\u00eame octogonales, selon la taille de votre four ou vos pr\u00e9f\u00e9rences de stockage.<\/p>    <h2 class=\"wp-block-heading\">Applications de notre presse \u00e0 balles hydraulique pour m\u00e9taux<\/h2>    <p>Cet \u00e9quipement est largement utilis\u00e9 dans :<\/p>    <ul class=\"wp-block-list\"> <li>Les installations de recyclage de m\u00e9taux usag\u00e9s<\/li>    <li>Les usines de transformation et de fabrication de m\u00e9taux<\/li>    <li>Les aci\u00e9ries et les fonderies<\/li>    <li>Les casses automobiles<\/li>    <li>Centres de tri des d\u00e9chets<\/li> <\/ul>    <p>En convertissant les d\u00e9chets en vrac en balles \u00e0 haute densit\u00e9, cela facilite le transport, r\u00e9duit les pertes par oxydation lors de la fusion et am\u00e9liore l'efficacit\u00e9 de l'alimentation du four.<\/p>   <div class=\"wp-block-image\"> <figure class=\"aligncenter size-large\"><img loading=\"lazy\" decoding=\"async\" width=\"720\" height=\"540\" src=\"https:\/\/www.plasticgranularmachine.com\/wp-content\/uploads\/2025\/06\/regular-metal-bales.webp\" alt=\"balles de m\u00e9tal r\u00e9guli\u00e8res\" class=\"wp-image-1728\" srcset=\"https:\/\/www.plasticgranularmachine.com\/wp-content\/uploads\/2025\/06\/regular-metal-bales.webp 720w, https:\/\/www.plasticgranularmachine.com\/wp-content\/uploads\/2025\/06\/regular-metal-bales-300x225.webp 300w, https:\/\/www.plasticgranularmachine.com\/wp-content\/uploads\/2025\/06\/regular-metal-bales-16x12.webp 16w\" sizes=\"auto, (max-width: 720px) 100vw, 720px\" \/><figcaption class=\"wp-element-caption\">balles de m\u00e9tal r\u00e9guli\u00e8res<\/figcaption><\/figure> <\/div>   <h2 class=\"wp-block-heading\">Caract\u00e9ristiques cl\u00e9s de la machine de presse hydraulique<\/h2>    <p>Les presses \u00e0 balles m\u00e9talliques hydrauliques Shuliy sont con\u00e7ues en tenant compte de la commodit\u00e9 et de l'efficacit\u00e9 de l'utilisateur :<\/p>    <ul class=\"wp-block-list\"> <li><strong>Fonctionnement hydraulique<\/strong>: Doux, stable et \u00e9conome en \u00e9nergie.<\/li>    <li><strong>Modes de contr\u00f4le flexibles<\/strong>Choisissez entre le contr\u00f4le manuel et l'automatisation PLC.<\/li>    <li><strong>M\u00e9thodes d'\u00e9jection de balles multiples<\/strong>Pouss\u00e9e lat\u00e9rale, pouss\u00e9e avant et retournement des balles pour s'adapter \u00e0 diff\u00e9rents types de mat\u00e9riaux.<\/li>    <li><strong>Pas de fondation n\u00e9cessaire<\/strong>Installation facile, m\u00eame dans des zones \u00e9loign\u00e9es. Des versions aliment\u00e9es au diesel sont \u00e9galement disponibles.<\/li>    <li><strong>Structure compacte et durable<\/strong>Con\u00e7ues pour un fonctionnement continu et un entretien minimal.<\/li> <\/ul>    <p>Que vous traitiez des d\u00e9chets d'aluminium l\u00e9gers ou des m\u00e9taux industriels lourds, nous avons des mod\u00e8les allant de 125 \u00e0 400 tonnes pour r\u00e9pondre \u00e0 vos besoins de production.<\/p>    <figure class=\"wp-block-gallery has-nested-images columns-default is-cropped wp-block-gallery-4 is-layout-flex wp-block-gallery-is-layout-flex\"> <figure class=\"wp-block-image size-large\"><img loading=\"lazy\" decoding=\"async\" width=\"720\" height=\"540\" data-id=\"1724\" src=\"https:\/\/www.plasticgranularmachine.com\/wp-content\/uploads\/2025\/06\/details-of-the-metal-baling-machine.webp\" alt=\"d\u00e9tails de la machine \u00e0 balles en m\u00e9tal\" class=\"wp-image-1724\" srcset=\"https:\/\/www.plasticgranularmachine.com\/wp-content\/uploads\/2025\/06\/details-of-the-metal-baling-machine.webp 720w, https:\/\/www.plasticgranularmachine.com\/wp-content\/uploads\/2025\/06\/details-of-the-metal-baling-machine-300x225.webp 300w, https:\/\/www.plasticgranularmachine.com\/wp-content\/uploads\/2025\/06\/details-of-the-metal-baling-machine-16x12.webp 16w\" sizes=\"auto, (max-width: 720px) 100vw, 720px\" \/><figcaption class=\"wp-element-caption\">d\u00e9tails de la machine \u00e0 balles en m\u00e9tal<\/figcaption><\/figure>    <figure class=\"wp-block-image size-large\"><img loading=\"lazy\" decoding=\"async\" width=\"720\" height=\"540\" data-id=\"1723\" src=\"https:\/\/www.plasticgranularmachine.com\/wp-content\/uploads\/2025\/06\/auto-metal-baler.webp\" alt=\"presse \u00e0 balles en m\u00e9tal automatique\" class=\"wp-image-1723\" srcset=\"https:\/\/www.plasticgranularmachine.com\/wp-content\/uploads\/2025\/06\/auto-metal-baler.webp 720w, https:\/\/www.plasticgranularmachine.com\/wp-content\/uploads\/2025\/06\/auto-metal-baler-300x225.webp 300w, https:\/\/www.plasticgranularmachine.com\/wp-content\/uploads\/2025\/06\/auto-metal-baler-16x12.webp 16w\" sizes=\"auto, (max-width: 720px) 100vw, 720px\" \/><figcaption class=\"wp-element-caption\">presse \u00e0 balles en m\u00e9tal automatique<\/figcaption><\/figure> <\/figure>    <h2 class=\"wp-block-heading\">Param\u00e8tres de la machine \u00e0 balles de m\u00e9tal \u00e0 vendre<\/h2>    <figure style=\"font-size:17px\" class=\"wp-block-table\"><table><tbody><tr><td>Mod\u00e8le<\/td><td>Y81- 125<\/td><td>Y81- 135<\/td><td>Y81- 160<\/td><td>Y81- 200<\/td><td>Y81- 250<\/td><td>Y81- 315<\/td><td>Y81- 400<\/td><\/tr><tr><td>Pression hydraulique<\/td><td>125 T<\/td><td>135 T<\/td><td>160 T<\/td><td>200 T<\/td><td>250 T<\/td><td>315 T<\/td><td>400 T<\/td><\/tr><tr><td>Taille de la balle<\/td><td>30*30 cm<\/td><td>30*30 cm<\/td><td>35*35\/40*40 cm<\/td><td>45*45 cm<\/td><td>50*50 cm<\/td><td>50*50\/60*60 cm<\/td><td>60*60 cm<\/td><\/tr><tr><td>Poids de la balle<\/td><td>30-50 kg<\/td><td>30-50 kg<\/td><td>50-180 kg<\/td><td>100-200 kg<\/td><td>200-800 kg<\/td><td>700-1500 kg<\/td><td>1000-1500 kg<\/td><\/tr><tr><td>Temps de cycle<\/td><td>100 s<\/td><td>110 s<\/td><td>110-130 s<\/td><td>140 s<\/td><td>150-160 s<\/td><td>170-200 s<\/td><td>180 s<\/td><\/tr><tr><td>Puissance du moteur<\/td><td>15 kW<\/td><td>18,5 kW<\/td><td>18,5 \/ 22 kW<\/td><td>22 kW<\/td><td>44 KW<\/td><td>60 KW<\/td><td>90 KW<\/td><\/tr><tr><td>Volume du silo<\/td><td>300 L<\/td><td>300 L<\/td><td>300\/600 L<\/td><td>600 L<\/td><td>800-1000 L<\/td><td>1000-1500 L<\/td><td>1500 L<\/td><\/tr><\/tbody><\/table><\/figure>    <h2 class=\"wp-block-heading\">Comment fonctionne la machine \u00e0 compacter les d\u00e9chets m\u00e9talliques ?<\/h2>    <p>La presse \u00e0 balles m\u00e9tallique hydraulique fonctionne gr\u00e2ce \u00e0 une s\u00e9rie de cylindres hydrauliques :<\/p>    <ol class=\"wp-block-list\"> <li><strong>Alimentation<\/strong>Les d\u00e9chets m\u00e9talliques sont charg\u00e9s dans la chambre de compression manuellement ou via un convoyeur.<\/li>    <li><strong>Compression<\/strong>Le syst\u00e8me hydraulique s'active et compresse le mat\u00e9riau \u00e0 l'aide de cylindres haute pression.<\/li>    <li><strong>\u00c9jection<\/strong>Une fois le ballot form\u00e9, il est \u00e9ject\u00e9 en utilisant la m\u00e9thode s\u00e9lectionn\u00e9e : retournement, avant ou pouss\u00e9e lat\u00e9rale.<\/li> <\/ol>    <p>Le syst\u00e8me de contr\u00f4le intelligent du presse-balle garantit des tailles de balles coh\u00e9rentes et des taux de production \u00e9lev\u00e9s, \u00e9conomisant ainsi du temps et de la main-d'\u0153uvre.<\/p>   <div class=\"wp-block-image\"> <figure class=\"aligncenter size-full\"><img loading=\"lazy\" decoding=\"async\" width=\"720\" height=\"540\" src=\"https:\/\/www.plasticgranularmachine.com\/wp-content\/uploads\/2025\/06\/metal-recycling-baler.webp\" alt=\"presse \u00e0 balles pour le recyclage des m\u00e9taux\" class=\"wp-image-1733\" srcset=\"https:\/\/www.plasticgranularmachine.com\/wp-content\/uploads\/2025\/06\/metal-recycling-baler.webp 720w, https:\/\/www.plasticgranularmachine.com\/wp-content\/uploads\/2025\/06\/metal-recycling-baler-300x225.webp 300w, https:\/\/www.plasticgranularmachine.com\/wp-content\/uploads\/2025\/06\/metal-recycling-baler-16x12.webp 16w\" sizes=\"auto, (max-width: 720px) 100vw, 720px\" \/><figcaption class=\"wp-element-caption\">presse \u00e0 balles pour le recyclage des m\u00e9taux<\/figcaption><\/figure> <\/div>   <h2 class=\"wp-block-heading\">Presse \u00e0 balles pour m\u00e9taux usag\u00e9s sur mesure \u00e0 vendre<\/h2>    <p class=\"translation-block\">Pr\u00eat \u00e0 optimiser votre processus de recyclage des m\u00e9taux ? Contactez-nous maintenant pour une solution de presse \u00e0 m\u00e9tal hydraulique sur mesure ! De plus, en plus de la compression des m\u00e9taux, nous proposons \u00e9galement des <a href=\"https:\/\/www.plasticgranularmachine.com\/fr\/product\/hydraulic-plastic-baling-machine\/\" data-type=\"link\" data-id=\"https:\/\/www.plasticgranularmachine.com\/product\/hydraulic-plastic-baling-machine\/\">presse \u00e0 balles plastiques<\/a> pour le recyclage.<\/p>","protected":false},"excerpt":{"rendered":"<p>Looking for an efficient solution to compress your metal scrap and reduce storage and transport costs? Our hydraulic metal baler is your ideal choice\u2014powerful, customizable, and built to last. What Is a Hydraulic Metal Baler? A hydraulic metal baler is a specialized recycling machine designed to compress various metal scraps into compact, dense bales. Powered [&hellip;]<\/p>\n","protected":false},"author":1,"featured_media":1725,"parent":0,"template":"","tags":[],"product-type":[78],"class_list":["post-1722","product","type-product","status-publish","has-post-thumbnail","hentry","product-type-metal-recycling-machine"],"_links":{"self":[{"href":"https:\/\/www.plasticgranularmachine.com\/fr\/wp-json\/wp\/v2\/product\/1722","targetHints":{"allow":["GET"]}}],"collection":[{"href":"https:\/\/www.plasticgranularmachine.com\/fr\/wp-json\/wp\/v2\/product"}],"about":[{"href":"https:\/\/www.plasticgranularmachine.com\/fr\/wp-json\/wp\/v2\/types\/product"}],"author":[{"embeddable":true,"href":"https:\/\/www.plasticgranularmachine.com\/fr\/wp-json\/wp\/v2\/users\/1"}],"wp:featuredmedia":[{"embeddable":true,"href":"https:\/\/www.plasticgranularmachine.com\/fr\/wp-json\/wp\/v2\/media\/1725"}],"wp:attachment":[{"href":"https:\/\/www.plasticgranularmachine.com\/fr\/wp-json\/wp\/v2\/media?parent=1722"}],"wp:term":[{"taxonomy":"post_tag","embeddable":true,"href":"https:\/\/www.plasticgranularmachine.com\/fr\/wp-json\/wp\/v2\/tags?post=1722"},{"taxonomy":"product-type","embeddable":true,"href":"https:\/\/www.plasticgranularmachine.com\/fr\/wp-json\/wp\/v2\/product-type?post=1722"}],"curies":[{"name":"wp","href":"https:\/\/api.w.org\/{rel}","templated":true}]}}