{"id":1801,"date":"2025-07-14T14:54:22","date_gmt":"2025-07-14T06:54:22","guid":{"rendered":"https:\/\/www.plasticgranularmachine.com\/?post_type=product&#038;p=1801"},"modified":"2025-07-14T14:54:22","modified_gmt":"2025-07-14T06:54:22","slug":"egg-tray-making-machine","status":"publish","type":"product","link":"https:\/\/www.plasticgranularmachine.com\/fr\/product\/egg-tray-making-machine\/","title":{"rendered":"Machine \u00e0 fabriquer des plateaux en papier"},"content":{"rendered":"<p class=\"translation-block\">Stables, biod\u00e9gradables et \u00e9conomiques, les barquettes \u00e0 \u0153ufs en papier sont devenues le choix privil\u00e9gi\u00e9 des producteurs et des consommateurs du monde entier. Pour r\u00e9pondre aux divers besoins de production, nous proposons des machines de fabrication de barquettes \u00e0 \u0153ufs avec des capacit\u00e9s allant de <strong>1 000 \u00e0 7 000 pi\u00e8ces\/h<\/strong>, personnalisables en <strong>couleur, forme, conception des cavit\u00e9s<\/strong>, et plus encore\u2014id\u00e9ales pour les barquettes \u00e0 \u0153ufs, les barquettes de fruits, les supports de chaussures, les emballages \u00e9lectroniques, etc.<\/p>   <div class=\"wp-block-image\"> <figure class=\"aligncenter size-full\"><img loading=\"lazy\" decoding=\"async\" width=\"720\" height=\"540\" src=\"https:\/\/www.plasticgranularmachine.com\/wp-content\/uploads\/2025\/07\/pulp-egg-tray-making-machine.webp\" alt=\"machine de fabrication de plateaux en pulpe d&#039;\u0153ufs\" class=\"wp-image-1810\" srcset=\"https:\/\/www.plasticgranularmachine.com\/wp-content\/uploads\/2025\/07\/pulp-egg-tray-making-machine.webp 720w, https:\/\/www.plasticgranularmachine.com\/wp-content\/uploads\/2025\/07\/pulp-egg-tray-making-machine-300x225.webp 300w, https:\/\/www.plasticgranularmachine.com\/wp-content\/uploads\/2025\/07\/pulp-egg-tray-making-machine-16x12.webp 16w\" sizes=\"auto, (max-width: 720px) 100vw, 720px\" \/><figcaption class=\"wp-element-caption\">machine de fabrication de plateaux en pulpe d'\u0153ufs<\/figcaption><\/figure> <\/div>   <h2 class=\"wp-block-heading\">Application : Mati\u00e8res premi\u00e8res et produits finis<\/h2>    <p class=\"translation-block\">La machine de fabrication de barquettes \u00e0 \u0153ufs utilise la <strong>p\u00e2te \u00e0 papier<\/strong> comme mati\u00e8re premi\u00e8re, produite par une <strong>machine \u00e0 pulper<\/strong> \u00e0 partir de divers types de vieux papiers\u2014tels que les <strong>vieux journaux, le carton, le papier livre, le papier ondul\u00e9 et les d\u00e9chets de bureau<\/strong>.<\/p>    <figure class=\"wp-block-gallery has-nested-images columns-default is-cropped wp-block-gallery-2 is-layout-flex wp-block-gallery-is-layout-flex\"> <figure class=\"wp-block-image size-large\"><img loading=\"lazy\" decoding=\"async\" width=\"720\" height=\"540\" data-id=\"1811\" src=\"https:\/\/www.plasticgranularmachine.com\/wp-content\/uploads\/2025\/07\/waste-newspaper.webp\" alt=\"papier journal\" class=\"wp-image-1811\" srcset=\"https:\/\/www.plasticgranularmachine.com\/wp-content\/uploads\/2025\/07\/waste-newspaper.webp 720w, https:\/\/www.plasticgranularmachine.com\/wp-content\/uploads\/2025\/07\/waste-newspaper-300x225.webp 300w, https:\/\/www.plasticgranularmachine.com\/wp-content\/uploads\/2025\/07\/waste-newspaper-16x12.webp 16w\" sizes=\"auto, (max-width: 720px) 100vw, 720px\" \/><figcaption class=\"wp-element-caption\">papier journal<\/figcaption><\/figure>    <figure class=\"wp-block-image size-large\"><img loading=\"lazy\" decoding=\"async\" width=\"720\" height=\"540\" data-id=\"1812\" src=\"https:\/\/www.plasticgranularmachine.com\/wp-content\/uploads\/2025\/07\/waste-paper-boxes.webp\" alt=\"bo\u00eetes en papier recycl\u00e9\" class=\"wp-image-1812\" srcset=\"https:\/\/www.plasticgranularmachine.com\/wp-content\/uploads\/2025\/07\/waste-paper-boxes.webp 720w, https:\/\/www.plasticgranularmachine.com\/wp-content\/uploads\/2025\/07\/waste-paper-boxes-300x225.webp 300w, https:\/\/www.plasticgranularmachine.com\/wp-content\/uploads\/2025\/07\/waste-paper-boxes-16x12.webp 16w\" sizes=\"auto, (max-width: 720px) 100vw, 720px\" \/><figcaption class=\"wp-element-caption\">bo\u00eetes en papier recycl\u00e9<\/figcaption><\/figure>    <figure class=\"wp-block-image size-large\"><img loading=\"lazy\" decoding=\"async\" width=\"720\" height=\"540\" data-id=\"1809\" src=\"https:\/\/www.plasticgranularmachine.com\/wp-content\/uploads\/2025\/07\/paper-pulp.webp\" alt=\"pulpe de papier\" class=\"wp-image-1809\" srcset=\"https:\/\/www.plasticgranularmachine.com\/wp-content\/uploads\/2025\/07\/paper-pulp.webp 720w, https:\/\/www.plasticgranularmachine.com\/wp-content\/uploads\/2025\/07\/paper-pulp-300x225.webp 300w, https:\/\/www.plasticgranularmachine.com\/wp-content\/uploads\/2025\/07\/paper-pulp-16x12.webp 16w\" sizes=\"auto, (max-width: 720px) 100vw, 720px\" \/><figcaption class=\"wp-element-caption\">pulpe de papier<\/figcaption><\/figure> <\/figure>    <p class=\"translation-block\">Gr\u00e2ce au formage sous vide, la machine fa\u00e7onne la p\u00e2te en <strong>barquettes en papier humides<\/strong>, qui sont ensuite transf\u00e9r\u00e9es aux syst\u00e8mes de s\u00e9chage et de finition.<\/p>    <p class=\"translation-block\">Les barquettes humides peuvent \u00eatre transform\u00e9es en une large gamme de produits d'emballage \u00e9cologiques, notamment :<br><strong>barquettes \u00e0 \u0153ufs de poule, barquettes \u00e0 \u0153ufs de cane, barquettes de fruits, supports de chaussures, tampons tampons industriels et barquettes d'emballage de produits \u00e9lectroniques<\/strong>. <\/p>    <figure class=\"wp-block-gallery has-nested-images columns-default is-cropped wp-block-gallery-3 is-layout-flex wp-block-gallery-is-layout-flex\"> <figure class=\"wp-block-image size-large\"><img loading=\"lazy\" decoding=\"async\" width=\"720\" height=\"540\" data-id=\"1808\" src=\"https:\/\/www.plasticgranularmachine.com\/wp-content\/uploads\/2025\/07\/paper-egg-trays.webp\" alt=\"plateaux \u00e0 \u0153ufs en papier\" class=\"wp-image-1808\" srcset=\"https:\/\/www.plasticgranularmachine.com\/wp-content\/uploads\/2025\/07\/paper-egg-trays.webp 720w, https:\/\/www.plasticgranularmachine.com\/wp-content\/uploads\/2025\/07\/paper-egg-trays-300x225.webp 300w, https:\/\/www.plasticgranularmachine.com\/wp-content\/uploads\/2025\/07\/paper-egg-trays-16x12.webp 16w\" sizes=\"auto, (max-width: 720px) 100vw, 720px\" \/><figcaption class=\"wp-element-caption\">plateaux \u00e0 \u0153ufs en papier<\/figcaption><\/figure>    <figure class=\"wp-block-image size-large\"><img loading=\"lazy\" decoding=\"async\" width=\"720\" height=\"540\" data-id=\"1804\" src=\"https:\/\/www.plasticgranularmachine.com\/wp-content\/uploads\/2025\/07\/Coffee-Cup-Tray.webp\" alt=\"plateau \u00e0 tasses \u00e0 caf\u00e9\" class=\"wp-image-1804\" srcset=\"https:\/\/www.plasticgranularmachine.com\/wp-content\/uploads\/2025\/07\/Coffee-Cup-Tray.webp 720w, https:\/\/www.plasticgranularmachine.com\/wp-content\/uploads\/2025\/07\/Coffee-Cup-Tray-300x225.webp 300w, https:\/\/www.plasticgranularmachine.com\/wp-content\/uploads\/2025\/07\/Coffee-Cup-Tray-16x12.webp 16w\" sizes=\"auto, (max-width: 720px) 100vw, 720px\" \/><figcaption class=\"wp-element-caption\">plateau \u00e0 tasses \u00e0 caf\u00e9<\/figcaption><\/figure>    <figure class=\"wp-block-image size-large\"><img loading=\"lazy\" decoding=\"async\" width=\"720\" height=\"540\" data-id=\"1803\" src=\"https:\/\/www.plasticgranularmachine.com\/wp-content\/uploads\/2025\/07\/apple-tray.webp\" alt=\"plateau de pommes\" class=\"wp-image-1803\" srcset=\"https:\/\/www.plasticgranularmachine.com\/wp-content\/uploads\/2025\/07\/apple-tray.webp 720w, https:\/\/www.plasticgranularmachine.com\/wp-content\/uploads\/2025\/07\/apple-tray-300x225.webp 300w, https:\/\/www.plasticgranularmachine.com\/wp-content\/uploads\/2025\/07\/apple-tray-16x12.webp 16w\" sizes=\"auto, (max-width: 720px) 100vw, 720px\" \/><figcaption class=\"wp-element-caption\">plateau de pommes<\/figcaption><\/figure> <\/figure>    <h2 class=\"wp-block-heading\">Caract\u00e9ristiques cl\u00e9s de nos machines de fabrication de plateaux \u00e0 \u0153ufs<\/h2>    <ul class=\"wp-block-list\"> <li><strong>Syst\u00e8me de manutention et de production de mat\u00e9riaux hautement automatis\u00e9<\/strong> aide \u00e0 \u00e9conomiser du temps et des co\u00fbts de main-d'\u0153uvre.<\/li>    <li>La capacit\u00e9 de production varie de <strong>1 000 \u00e0 7 000 pcs\/h<\/strong>, r\u00e9pondant \u00e0 la plupart des besoins de fabrication. Des machines sur mesure sont disponibles pour des exigences sp\u00e9ciales.<\/li>    <li><strong>Les moules sont enti\u00e8rement personnalisables<\/strong> en termes de nombre de cavit\u00e9s, de taille, de forme et de mat\u00e9riau\u2014permettant une adaptation flexible \u00e0 diff\u00e9rents designs de plateaux.<\/li>    <li>Les moules sont fabriqu\u00e9s en <strong>acier inoxydable<\/strong>, garantissant la r\u00e9sistance \u00e0 l'eau, la r\u00e9sistance \u00e0 la corrosion, la durabilit\u00e9 et un entretien ou un remplacement faciles.<\/li>    <li>Les plateaux \u00e0 \u0153ufs finis pr\u00e9sentent <strong>une taille et une \u00e9paisseur uniformes<\/strong>, bords propres, structure protectrice solide et biod\u00e9gradabilit\u00e9 totale.<\/li>    <li>Des additifs color\u00e9s peuvent \u00e9galement \u00eatre appliqu\u00e9s lors de la production pour r\u00e9pondre \u00e0 des besoins sp\u00e9cifiques d'apparence ou de marque.<\/li> <\/ul>    <figure class=\"wp-block-gallery has-nested-images columns-default is-cropped wp-block-gallery-4 is-layout-flex wp-block-gallery-is-layout-flex\"> <figure class=\"wp-block-image size-large\"><img loading=\"lazy\" decoding=\"async\" width=\"720\" height=\"540\" data-id=\"1807\" src=\"https:\/\/www.plasticgranularmachine.com\/wp-content\/uploads\/2025\/07\/paper-egg-tray-making-machine.webp\" alt=\"machine \u00e0 fabriquer des plateaux en papier pour \u0153ufs\" class=\"wp-image-1807\" srcset=\"https:\/\/www.plasticgranularmachine.com\/wp-content\/uploads\/2025\/07\/paper-egg-tray-making-machine.webp 720w, https:\/\/www.plasticgranularmachine.com\/wp-content\/uploads\/2025\/07\/paper-egg-tray-making-machine-300x225.webp 300w, https:\/\/www.plasticgranularmachine.com\/wp-content\/uploads\/2025\/07\/paper-egg-tray-making-machine-16x12.webp 16w\" sizes=\"auto, (max-width: 720px) 100vw, 720px\" \/><figcaption class=\"wp-element-caption\">machine \u00e0 fabriquer des plateaux en papier pour \u0153ufs<\/figcaption><\/figure>    <figure class=\"wp-block-image size-large\"><img loading=\"lazy\" decoding=\"async\" width=\"720\" height=\"539\" data-id=\"1806\" src=\"https:\/\/www.plasticgranularmachine.com\/wp-content\/uploads\/2025\/07\/egg-tray-machine-mould.webp\" alt=\"moule de machine \u00e0 plateaux d&#039;\u0153ufs\" class=\"wp-image-1806\" srcset=\"https:\/\/www.plasticgranularmachine.com\/wp-content\/uploads\/2025\/07\/egg-tray-machine-mould.webp 720w, https:\/\/www.plasticgranularmachine.com\/wp-content\/uploads\/2025\/07\/egg-tray-machine-mould-300x225.webp 300w, https:\/\/www.plasticgranularmachine.com\/wp-content\/uploads\/2025\/07\/egg-tray-machine-mould-16x12.webp 16w\" sizes=\"auto, (max-width: 720px) 100vw, 720px\" \/><figcaption class=\"wp-element-caption\">moule de machine \u00e0 plateaux d'\u0153ufs<\/figcaption><\/figure> <\/figure>    <h2 class=\"wp-block-heading\">Multi-mod\u00e8les de la machine \u00e0 fabriquer des plateaux en papier<\/h2>    <p>Selon les exigences de production actuelles, nous proposons divers mod\u00e8les de machines \u00e0 fabriquer des plateaux \u00e0 \u0153ufs, y compris : un c\u00f4t\u00e9, quatre c\u00f4t\u00e9s, huit c\u00f4t\u00e9s. Les sp\u00e9cifications sont les suivantes :<\/p>    <h3 class=\"wp-block-heading\">Machine de moulage de plateaux \u00e0 \u0153ufs \u00e0 un c\u00f4t\u00e9<\/h3>    <p>La machine \u00e0 fabriquer des plateaux \u00e0 \u0153ufs \u00e0 une face a une surface de travail, 3*1 signifie 3 moules par rang\u00e9e, 4*1 signifie 4 moules par rang\u00e9e.<\/p>    <figure class=\"wp-block-table\"><table class=\"has-fixed-layout\"><tbody><tr><td>Mod\u00e8le<\/td><td>WJ-1000-3*1<\/td><td>WJ-1500-4*1<\/td><\/tr><tr><td>Capacit\u00e9<\/td><td>1000 pcs\/h<\/td><td>1500 pcs\/h<\/td><\/tr><tr><td>Pouvoir<\/td><td>38 KW<\/td><td>38 KW<\/td><\/tr><tr><td>Poids<\/td><td>2500 kg<\/td><td>3000 kg<\/td><\/tr><tr><td>Consommation de papier<\/td><td>80 kg\/h<\/td><td>120 kg\/h<\/td><\/tr><tr><td>Consommation d'eau<\/td><td>120 kg\/h<\/td><td>240 kg\/h<\/td><\/tr><tr><td>Taille de la machine<\/td><td>2600*2200*1900 mm<\/td><td>2800*2200*1900 mm<\/td><\/tr><\/tbody><\/table><\/figure>    <figure class=\"wp-block-gallery has-nested-images columns-default is-cropped wp-block-gallery-5 is-layout-flex wp-block-gallery-is-layout-flex\"> <figure class=\"wp-block-image size-large\"><img loading=\"lazy\" decoding=\"async\" width=\"720\" height=\"540\" data-id=\"1813\" src=\"https:\/\/www.plasticgranularmachine.com\/wp-content\/uploads\/2025\/07\/WJ-1000-31-egg-tray-making-machine.webp\" alt=\"Machine \u00e0 fabriquer des plateaux \u00e0 \u0153ufs WJ-1000-3*1\" class=\"wp-image-1813\" srcset=\"https:\/\/www.plasticgranularmachine.com\/wp-content\/uploads\/2025\/07\/WJ-1000-31-egg-tray-making-machine.webp 720w, https:\/\/www.plasticgranularmachine.com\/wp-content\/uploads\/2025\/07\/WJ-1000-31-egg-tray-making-machine-300x225.webp 300w, https:\/\/www.plasticgranularmachine.com\/wp-content\/uploads\/2025\/07\/WJ-1000-31-egg-tray-making-machine-16x12.webp 16w\" sizes=\"auto, (max-width: 720px) 100vw, 720px\" \/><figcaption class=\"wp-element-caption\">Machine \u00e0 fabriquer des plateaux \u00e0 \u0153ufs WJ-1000-3*1<\/figcaption><\/figure>    <figure class=\"wp-block-image size-large\"><img loading=\"lazy\" decoding=\"async\" width=\"720\" height=\"540\" data-id=\"1814\" src=\"https:\/\/www.plasticgranularmachine.com\/wp-content\/uploads\/2025\/07\/WJ-1500-41-egg-tray-molding-machine.webp\" alt=\"Machine de moulage de plateaux \u00e0 \u0153ufs WJ-1500-4*1\" class=\"wp-image-1814\" srcset=\"https:\/\/www.plasticgranularmachine.com\/wp-content\/uploads\/2025\/07\/WJ-1500-41-egg-tray-molding-machine.webp 720w, https:\/\/www.plasticgranularmachine.com\/wp-content\/uploads\/2025\/07\/WJ-1500-41-egg-tray-molding-machine-300x225.webp 300w, https:\/\/www.plasticgranularmachine.com\/wp-content\/uploads\/2025\/07\/WJ-1500-41-egg-tray-molding-machine-16x12.webp 16w\" sizes=\"auto, (max-width: 720px) 100vw, 720px\" \/><figcaption class=\"wp-element-caption\">Machine de moulage de plateaux \u00e0 \u0153ufs WJ-1500-4*1<\/figcaption><\/figure> <\/figure>    <h3 class=\"wp-block-heading\">Machine de fabrication de plateaux \u00e0 \u0153ufs \u00e0 quatre c\u00f4t\u00e9s<\/h3>    <p>La machine \u00e0 fabriquer des cartons \u00e0 \u0153ufs \u00e0 quatre faces a quatre surfaces de travail, 3*4 signifie 3 moules par surface, et 4*4 signifie 4 moules par surface.<\/p>    <figure class=\"wp-block-table\"><table class=\"has-fixed-layout\"><tbody><tr><td>Mod\u00e8le<\/td><td>WJ-2500-3*4<\/td><td>WJ-3000-4*4<\/td><\/tr><tr><td>Capacit\u00e9<\/td><td>2500 pcs\/h<\/td><td>3000 pcs\/h<\/td><\/tr><tr><td>Pouvoir<\/td><td>55 KW<\/td><td>60 KW<\/td><\/tr><tr><td>Poids<\/td><td>4000 kg<\/td><td>4800 kg<\/td><\/tr><tr><td>Consommation de papier<\/td><td>200 kg\/h<\/td><td>240 kg\/h<\/td><\/tr><tr><td>Consommation d'eau<\/td><td>400 kg\/h<\/td><td>480 kg\/h<\/td><\/tr><tr><td>Taille de la machine<\/td><td>2900*1800*1800<\/td><td>3250*1800*1800<\/td><\/tr><\/tbody><\/table><\/figure>    <figure class=\"wp-block-gallery has-nested-images columns-default is-cropped wp-block-gallery-6 is-layout-flex wp-block-gallery-is-layout-flex\"> <figure class=\"wp-block-image size-large\"><img loading=\"lazy\" decoding=\"async\" width=\"720\" height=\"540\" data-id=\"1815\" src=\"https:\/\/www.plasticgranularmachine.com\/wp-content\/uploads\/2025\/07\/WJ-2500-34-egg-carton-making-machine.webp\" alt=\"Machine de fabrication de cartons \u00e0 \u0153ufs WJ-2500-3*4\" class=\"wp-image-1815\" srcset=\"https:\/\/www.plasticgranularmachine.com\/wp-content\/uploads\/2025\/07\/WJ-2500-34-egg-carton-making-machine.webp 720w, https:\/\/www.plasticgranularmachine.com\/wp-content\/uploads\/2025\/07\/WJ-2500-34-egg-carton-making-machine-300x225.webp 300w, https:\/\/www.plasticgranularmachine.com\/wp-content\/uploads\/2025\/07\/WJ-2500-34-egg-carton-making-machine-16x12.webp 16w\" sizes=\"auto, (max-width: 720px) 100vw, 720px\" \/><figcaption class=\"wp-element-caption\">Machine de fabrication de cartons \u00e0 \u0153ufs WJ-2500-3*4<\/figcaption><\/figure>    <figure class=\"wp-block-image size-large\"><img loading=\"lazy\" decoding=\"async\" width=\"720\" height=\"540\" data-id=\"1816\" src=\"https:\/\/www.plasticgranularmachine.com\/wp-content\/uploads\/2025\/07\/WJ-3000-44-egg-tray-production-machine.webp\" alt=\"Machine de production de plateaux \u00e0 \u0153ufs WJ-3000-4*4\" class=\"wp-image-1816\" srcset=\"https:\/\/www.plasticgranularmachine.com\/wp-content\/uploads\/2025\/07\/WJ-3000-44-egg-tray-production-machine.webp 720w, https:\/\/www.plasticgranularmachine.com\/wp-content\/uploads\/2025\/07\/WJ-3000-44-egg-tray-production-machine-300x225.webp 300w, https:\/\/www.plasticgranularmachine.com\/wp-content\/uploads\/2025\/07\/WJ-3000-44-egg-tray-production-machine-16x12.webp 16w\" sizes=\"auto, (max-width: 720px) 100vw, 720px\" \/><figcaption class=\"wp-element-caption\">Machine de production de plateaux \u00e0 \u0153ufs WJ-3000-4*4<\/figcaption><\/figure> <\/figure>    <h3 class=\"wp-block-heading\">Machine de fabrication de plateaux \u00e0 \u0153ufs \u00e0 huit c\u00f4t\u00e9s<\/h3>    <p>La machine de fabrication de plateaux \u00e0 \u0153ufs octogonaux a huit surfaces de travail, 4*8 signifie 4 moules par rang\u00e9e, 5*8 signifie 5 moules par rang\u00e9e, et 6*8 signifie 6 moules par rang\u00e9e. <\/p>    <figure class=\"wp-block-table\"><table class=\"has-fixed-layout\"><tbody><tr><td>Mod\u00e8le<\/td><td>WJ-4000-4*8<\/td><td>WJ-5000-5*8<\/td><td>WJ-7000-6*8<\/td><\/tr><tr><td>Capacit\u00e9<\/td><td>4000 pcs\/h<\/td><td>5000 pcs\/h<\/td><td>7000 pcs\/h<\/td><\/tr><tr><td>Pouvoir<\/td><td>95 KW<\/td><td>95 KW<\/td><td>120 KW<\/td><\/tr><tr><td>Poids<\/td><td>7000 kg<\/td><td>8000 kg<\/td><td>10000 kg<\/td><\/tr><tr><td>Consommation de papier<\/td><td>320 kg\/h<\/td><td>400 kg\/h<\/td><td>480 kg\/h<\/td><\/tr><tr><td>Consommation d'eau<\/td><td>640 kg\/h<\/td><td>800 kg\/h<\/td><td>960 kg\/h<\/td><\/tr><tr><td>Taille de la machine<\/td><td>3250*2300*2500<\/td><td>3700*2300*2500<\/td><td>3200*2300*2500<\/td><\/tr><\/tbody><\/table><\/figure>    <figure class=\"wp-block-gallery has-nested-images columns-default is-cropped wp-block-gallery-7 is-layout-flex wp-block-gallery-is-layout-flex\"> <figure class=\"wp-block-image size-large\"><img loading=\"lazy\" decoding=\"async\" width=\"720\" height=\"540\" data-id=\"1817\" src=\"https:\/\/www.plasticgranularmachine.com\/wp-content\/uploads\/2025\/07\/WJ-4000-48.webp\" alt=\"Machine \u00e0 plateau \u00e0 \u0153ufs WJ-4000-4*8\" class=\"wp-image-1817\" srcset=\"https:\/\/www.plasticgranularmachine.com\/wp-content\/uploads\/2025\/07\/WJ-4000-48.webp 720w, https:\/\/www.plasticgranularmachine.com\/wp-content\/uploads\/2025\/07\/WJ-4000-48-300x225.webp 300w, https:\/\/www.plasticgranularmachine.com\/wp-content\/uploads\/2025\/07\/WJ-4000-48-16x12.webp 16w\" sizes=\"auto, (max-width: 720px) 100vw, 720px\" \/><figcaption class=\"wp-element-caption\">Machine \u00e0 plateau \u00e0 \u0153ufs WJ-4000-4*8<\/figcaption><\/figure>    <figure class=\"wp-block-image size-large\"><img loading=\"lazy\" decoding=\"async\" width=\"720\" height=\"540\" data-id=\"1818\" src=\"https:\/\/www.plasticgranularmachine.com\/wp-content\/uploads\/2025\/07\/WJ-5000-58-egg-tray-manufacturing-machine.webp\" alt=\"Machine de fabrication de plateaux \u00e0 \u0153ufs WJ-5000-5*8\" class=\"wp-image-1818\" srcset=\"https:\/\/www.plasticgranularmachine.com\/wp-content\/uploads\/2025\/07\/WJ-5000-58-egg-tray-manufacturing-machine.webp 720w, https:\/\/www.plasticgranularmachine.com\/wp-content\/uploads\/2025\/07\/WJ-5000-58-egg-tray-manufacturing-machine-300x225.webp 300w, https:\/\/www.plasticgranularmachine.com\/wp-content\/uploads\/2025\/07\/WJ-5000-58-egg-tray-manufacturing-machine-16x12.webp 16w\" sizes=\"auto, (max-width: 720px) 100vw, 720px\" \/><figcaption class=\"wp-element-caption\">Machine de fabrication de plateaux \u00e0 \u0153ufs WJ-5000-5*8<\/figcaption><\/figure>    <figure class=\"wp-block-image size-large\"><img loading=\"lazy\" decoding=\"async\" width=\"720\" height=\"540\" data-id=\"1819\" src=\"https:\/\/www.plasticgranularmachine.com\/wp-content\/uploads\/2025\/07\/WJ-7000-68-egg-box-making-machine.webp\" alt=\"Machine de fabrication de bo\u00eetes \u00e0 \u0153ufs WJ-7000-6*8\" class=\"wp-image-1819\" srcset=\"https:\/\/www.plasticgranularmachine.com\/wp-content\/uploads\/2025\/07\/WJ-7000-68-egg-box-making-machine.webp 720w, https:\/\/www.plasticgranularmachine.com\/wp-content\/uploads\/2025\/07\/WJ-7000-68-egg-box-making-machine-300x225.webp 300w, https:\/\/www.plasticgranularmachine.com\/wp-content\/uploads\/2025\/07\/WJ-7000-68-egg-box-making-machine-16x12.webp 16w\" sizes=\"auto, (max-width: 720px) 100vw, 720px\" \/><figcaption class=\"wp-element-caption\">Machine de fabrication de bo\u00eetes \u00e0 \u0153ufs WJ-7000-6*8<\/figcaption><\/figure> <\/figure>    <h2 class=\"wp-block-heading\">Comment choisir votre machine \u00e0 fabriquer des bo\u00eetes \u00e0 \u0153ufs ?<\/h2>    <p>Le choix d'une machine \u00e0 plateaux \u00e0 \u0153ufs d\u00e9pend de plusieurs facteurs, y compris les exigences de production, le budget et l'espace disponible. <\/p>    <ul class=\"wp-block-list\"> <li>La machine \u00e0 fabriquer des plateaux \u00e0 \u0153ufs \u00e0 une face, avec une capacit\u00e9 de 1 000 \u00e0 1 500 pi\u00e8ces par heure, est adapt\u00e9e aux utilisateurs \u00e0 petite \u00e9chelle avec des budgets limit\u00e9s et de faibles capacit\u00e9s de production. Elle a une petite empreinte, est simple \u00e0 utiliser et peut s\u00e9cher les plateaux \u00e0 \u0153ufs humides sans avoir besoin d'une ligne de s\u00e9chage.<\/li>    <li>La machine \u00e0 mouler des plateaux \u00e0 \u0153ufs \u00e0 quatre c\u00f4t\u00e9s a une capacit\u00e9 de 2 000 \u00e0 3 000 pi\u00e8ces par heure, ce qui la rend adapt\u00e9e aux fabricants de plateaux \u00e0 \u0153ufs de taille moyenne ou aux recycleurs de papier usag\u00e9 qui ont d\u00e9j\u00e0 une partie des fondations.<\/li>    <li>La machine \u00e0 former des plateaux \u00e0 \u0153ufs \u00e0 huit faces est rapide et tr\u00e8s efficace, ce qui la rend adapt\u00e9e \u00e0 la production \u00e0 grande \u00e9chelle.<\/li> <\/ul>    <p>Si vous n'\u00eates toujours pas s\u00fbr de comment choisir ou si vous avez d'autres exigences, n'h\u00e9sitez pas \u00e0 nous contacter pour une machine \u00e0 plateau en papier sur mesure. Vous pouvez personnaliser :<\/p>    <ul class=\"wp-block-list\"> <li>Nombre de moules, taille, forme<\/li>    <li>Mat\u00e9riel<\/li>    <li>M\u00e9thode de s\u00e9chage<\/li> <\/ul>    <h2 class=\"wp-block-heading\">Principe de fonctionnement de notre machine de production de plateaux \u00e0 \u0153ufs<\/h2>    <p class=\"translation-block\">Le <a href=\"https:\/\/www.plasticgranularmachine.com\/fr\/product\/egg-tray-production-line\/\" data-type=\"link\" data-id=\"https:\/\/www.plasticgranularmachine.com\/product\/egg-tray-production-line\/\">processus complet de fabrication de barquettes \u00e0 \u0153ufs en papier<\/a> est le suivant : <\/p>    <p>Papier usag\u00e9 \u2192 pulpage \u2192 moulage par adsorption de moules \u2192 plateau \u00e0 \u0153ufs humide \u2192 s\u00e9chage \u2192 plateau \u00e0 \u0153ufs fini<\/p>    <p>La machine \u00e0 former des plateaux \u00e0 \u0153ufs cr\u00e9e une pression n\u00e9gative avec une pompe \u00e0 vide. Cela tire la pulpe de la surface du moule pour cr\u00e9er la forme du plateau \u00e0 \u0153ufs. Le plateau \u00e0 \u0153ufs humide est ensuite souffl\u00e9 par une pression d'air positive provenant du compresseur d'air vers le moule de transfert, et enfin transf\u00e9r\u00e9 sur le tapis en mailles ou le plateau. Le s\u00e9chage est ensuite effectu\u00e9.<\/p>    <h2 class=\"wp-block-heading\">Fabriquez des plateaux \u00e0 \u0153ufs de haute qualit\u00e9 avec nos machines !<\/h2>    <p>Vous cherchez \u00e0 am\u00e9liorer votre production de plateaux \u00e0 \u0153ufs avec efficacit\u00e9 et qualit\u00e9 ? Notre machine avanc\u00e9e de fabrication de plateaux \u00e0 \u0153ufs en pulpe de papier offre une production constante, des designs personnalisables et des performances \u00e9cologiques.<\/p>    <p>Contactez-nous d\u00e8s aujourd'hui pour un devis gratuit et une solution experte adapt\u00e9e \u00e0 vos besoins!<\/p>","protected":false},"excerpt":{"rendered":"<p>Stable, biodegradable, and cost-effective, paper egg trays have become the preferred choice for producers and consumers worldwide. To meet diverse production needs, we offer egg tray making machines with capacities from 1,000 to 7,000 pcs\/h, customizable in color, shape, cavity design, and more\u2014ideal for egg trays, fruit trays, shoe supports, electronic packaging, and so on. [&hellip;]<\/p>\n","protected":false},"author":1,"featured_media":1810,"parent":0,"template":"","tags":[],"product-type":[79],"class_list":["post-1801","product","type-product","status-publish","has-post-thumbnail","hentry","product-type-paper-recycling-machine"],"_links":{"self":[{"href":"https:\/\/www.plasticgranularmachine.com\/fr\/wp-json\/wp\/v2\/product\/1801","targetHints":{"allow":["GET"]}}],"collection":[{"href":"https:\/\/www.plasticgranularmachine.com\/fr\/wp-json\/wp\/v2\/product"}],"about":[{"href":"https:\/\/www.plasticgranularmachine.com\/fr\/wp-json\/wp\/v2\/types\/product"}],"author":[{"embeddable":true,"href":"https:\/\/www.plasticgranularmachine.com\/fr\/wp-json\/wp\/v2\/users\/1"}],"wp:featuredmedia":[{"embeddable":true,"href":"https:\/\/www.plasticgranularmachine.com\/fr\/wp-json\/wp\/v2\/media\/1810"}],"wp:attachment":[{"href":"https:\/\/www.plasticgranularmachine.com\/fr\/wp-json\/wp\/v2\/media?parent=1801"}],"wp:term":[{"taxonomy":"post_tag","embeddable":true,"href":"https:\/\/www.plasticgranularmachine.com\/fr\/wp-json\/wp\/v2\/tags?post=1801"},{"taxonomy":"product-type","embeddable":true,"href":"https:\/\/www.plasticgranularmachine.com\/fr\/wp-json\/wp\/v2\/product-type?post=1801"}],"curies":[{"name":"wp","href":"https:\/\/api.w.org\/{rel}","templated":true}]}}