{"id":1829,"date":"2025-07-21T15:05:45","date_gmt":"2025-07-21T07:05:45","guid":{"rendered":"https:\/\/www.plasticgranularmachine.com\/?post_type=product&#038;p=1829"},"modified":"2025-07-21T15:05:46","modified_gmt":"2025-07-21T07:05:46","slug":"tire-shredder-machine-for-sale","status":"publish","type":"product","link":"https:\/\/www.plasticgranularmachine.com\/fr\/product\/tire-shredder-machine-for-sale\/","title":{"rendered":"Machine \u00e0 d\u00e9chiqueter des pneus \u00e0 vendre"},"content":{"rendered":"<p>La machine \u00e0 d\u00e9chiqueter les pneus \u00e0 vendre joue un r\u00f4le cl\u00e9 dans le processus de recyclage des pneus et la production de poudre de caoutchouc en d\u00e9chiquetant efficacement de grands pneus usag\u00e9s en petits morceaux, d'environ 50 \u00e0 100 mm, qui peuvent facilement \u00eatre vendus ou transport\u00e9s. Ces morceaux peuvent \u00e9galement \u00eatre broy\u00e9s en fine poudre de caoutchouc.<\/p>    <figure class=\"wp-block-gallery has-nested-images columns-default is-cropped wp-block-gallery-2 is-layout-flex wp-block-gallery-is-layout-flex\"> <figure class=\"wp-block-image size-large\"><img loading=\"lazy\" decoding=\"async\" width=\"720\" height=\"540\" data-id=\"1842\" src=\"https:\/\/www.plasticgranularmachine.com\/wp-content\/uploads\/2025\/07\/tire-scraps.webp\" alt=\"D\u00e9chets de pneus\" class=\"wp-image-1842\" srcset=\"https:\/\/www.plasticgranularmachine.com\/wp-content\/uploads\/2025\/07\/tire-scraps.webp 720w, https:\/\/www.plasticgranularmachine.com\/wp-content\/uploads\/2025\/07\/tire-scraps-300x225.webp 300w, https:\/\/www.plasticgranularmachine.com\/wp-content\/uploads\/2025\/07\/tire-scraps-16x12.webp 16w\" sizes=\"auto, (max-width: 720px) 100vw, 720px\" \/><figcaption class=\"wp-element-caption\">D\u00e9chets de pneus<\/figcaption><\/figure>    <figure class=\"wp-block-image size-large\"><img loading=\"lazy\" decoding=\"async\" width=\"720\" height=\"540\" data-id=\"1835\" src=\"https:\/\/www.plasticgranularmachine.com\/wp-content\/uploads\/2025\/07\/industrial-tire-shredder.webp\" alt=\"d\u00e9chiqueteuse de pneus industriels\" class=\"wp-image-1835\" srcset=\"https:\/\/www.plasticgranularmachine.com\/wp-content\/uploads\/2025\/07\/industrial-tire-shredder.webp 720w, https:\/\/www.plasticgranularmachine.com\/wp-content\/uploads\/2025\/07\/industrial-tire-shredder-300x225.webp 300w, https:\/\/www.plasticgranularmachine.com\/wp-content\/uploads\/2025\/07\/industrial-tire-shredder-16x12.webp 16w\" sizes=\"auto, (max-width: 720px) 100vw, 720px\" \/><figcaption class=\"wp-element-caption\">d\u00e9chiqueteuse de pneus industriels<\/figcaption><\/figure> <\/figure>    <h2 class=\"wp-block-heading\">Comment appliquer la d\u00e9chiqueteuse de pneus usag\u00e9s ?<\/h2>    <p>Nos broyeurs de pneus peuvent traiter de nombreux types et tailles de pneus usag\u00e9s, y compris les pneus de voiture, de camion, agricoles et OTR (hors route). Ils peuvent traiter des pneus standards d'un diam\u00e8tre inf\u00e9rieur \u00e0 1 200 mm ainsi que des pneus miniers surdimensionn\u00e9s, tels que R35, R49, R51 et R63.<\/p>    <p>Selon la configuration du mod\u00e8le, la machine d\u00e9chiqueteuse de pneus \u00e0 vendre peut alimenter et traiter directement les mati\u00e8res premi\u00e8res suivantes :<\/p>    <ul class=\"wp-block-list\"> <li>Pneus complets (diam\u00e8tre \u22641400 mm)<\/li>    <li>Blocs de pneus d'ing\u00e9nierie coup\u00e9s ou d\u00e9sint\u00e9gr\u00e9s<\/li>    <li>Blocs de caoutchouc pr\u00e9trait\u00e9s<\/li>    <li>Composants tels que les flancs et les couronnes<\/li> <\/ul>    <p>La production de produits d\u00e9chiquet\u00e9s consiste en des blocs de caoutchouc de taille ajustable (g\u00e9n\u00e9ralement de 50 \u00e0 100 mm), qui sont bien adapt\u00e9s \u00e0 l'\u00e9tape de traitement suivante. Ces blocs sont faciles \u00e0 stocker et \u00e0 transporter et peuvent \u00eatre directement aliment\u00e9s dans le syst\u00e8me de broyage du caoutchouc pour produire des granul\u00e9s ou de la poudre de caoutchouc fins. <\/p>   <div class=\"wp-block-image\"> <figure class=\"aligncenter size-full\"><img loading=\"lazy\" decoding=\"async\" width=\"720\" height=\"540\" src=\"https:\/\/www.plasticgranularmachine.com\/wp-content\/uploads\/2025\/07\/output-tire-blocks-of-the-tire-shredder-machine-for-sale.webp\" alt=\"blocs de pneus sortants de la machine \u00e0 d\u00e9chiqueter les pneus \u00e0 vendre\" class=\"wp-image-1836\" srcset=\"https:\/\/www.plasticgranularmachine.com\/wp-content\/uploads\/2025\/07\/output-tire-blocks-of-the-tire-shredder-machine-for-sale.webp 720w, https:\/\/www.plasticgranularmachine.com\/wp-content\/uploads\/2025\/07\/output-tire-blocks-of-the-tire-shredder-machine-for-sale-300x225.webp 300w, https:\/\/www.plasticgranularmachine.com\/wp-content\/uploads\/2025\/07\/output-tire-blocks-of-the-tire-shredder-machine-for-sale-16x12.webp 16w\" sizes=\"auto, (max-width: 720px) 100vw, 720px\" \/><figcaption class=\"wp-element-caption\">blocs de pneus sortants de la machine \u00e0 d\u00e9chiqueter les pneus \u00e0 vendre<\/figcaption><\/figure> <\/div>   <h2 class=\"wp-block-heading\">Principales caract\u00e9ristiques de nos machines \u00e0 d\u00e9chiqueter les pneus<\/h2>    <p>Notre machine \u00e0 d\u00e9chiqueter les pneus \u00e0 vendre a un avantage concurrentiel sur le march\u00e9 gr\u00e2ce \u00e0 sa configuration professionnelle et \u00e0 ses caract\u00e9ristiques de performance.<\/p>    <ul class=\"wp-block-list\"> <li><strong>Syst\u00e8me d'arbre de couteau de haute pr\u00e9cision :<\/strong> Surface de coupe nette ; am\u00e9liore la qualit\u00e9 des produits finis en blocs de caoutchouc.<\/li>    <li><strong>Structure \u00e0 double axe \u00e0 couple \u00e9lev\u00e9 :<\/strong> Force de coupe \u00e9lev\u00e9e ; g\u00e8re facilement les pneus entiers et les blocs de pneus.<\/li>    <li><strong>Large applicabilit\u00e9 :<\/strong> Elle convient \u00e0 une large gamme de types et de tailles de pneus, y compris les pneus d'ing\u00e9nierie OTR.<\/li>    <li><strong>Capacit\u00e9 flexible :<\/strong> 2-20 tonnes par heure pour r\u00e9pondre aux besoins de diff\u00e9rentes lignes de production.<\/li>    <li><strong>Contr\u00f4le de d\u00e9charge r\u00e9glable :<\/strong> La taille de d\u00e9charge peut \u00eatre pr\u00e9cis\u00e9ment r\u00e9gl\u00e9e entre 50 et 100 mm pour produire des particules uniformes.<\/li>    <li><strong>Mat\u00e9riau de lame r\u00e9sistant \u00e0 l'usure<\/strong>Il est fabriqu\u00e9 en acier inoxydable \u00e0 haute r\u00e9sistance et r\u00e9sistant \u00e0 la corrosion pour une longue dur\u00e9e de vie.<\/li>    <li><strong>Compatibilit\u00e9 forte :<\/strong> Peut \u00eatre int\u00e9gr\u00e9 dans divers types de syst\u00e8mes de recyclage de pneus pour obtenir un lien efficace.<\/li>    <li><strong>Service apr\u00e8s-vente parfait<\/strong>Y compris le support de garantie, l'installation porte-\u00e0-porte, l'assistance technique, etc.<\/li> <\/ul>    <p>Cette s\u00e9rie de d\u00e9chiqueteuses \u00e0 caoutchouc industriel offre \u00e0 la fois une stabilit\u00e9 de performance et une adaptabilit\u00e9 industrielle, ce qui en fait le choix id\u00e9al pour toutes les \u00e9chelles d'entreprises de d\u00e9chiquetage de pneus.<\/p>    <figure class=\"wp-block-gallery has-nested-images columns-default is-cropped wp-block-gallery-3 is-layout-flex wp-block-gallery-is-layout-flex\"> <figure class=\"wp-block-image size-large\"><img loading=\"lazy\" decoding=\"async\" width=\"720\" height=\"540\" data-id=\"1841\" src=\"https:\/\/www.plasticgranularmachine.com\/wp-content\/uploads\/2025\/07\/screens-of-the-tyre-shredding-machine.webp\" alt=\"\u00e9crans de la machine \u00e0 d\u00e9chirer les pneus\" class=\"wp-image-1841\" srcset=\"https:\/\/www.plasticgranularmachine.com\/wp-content\/uploads\/2025\/07\/screens-of-the-tyre-shredding-machine.webp 720w, https:\/\/www.plasticgranularmachine.com\/wp-content\/uploads\/2025\/07\/screens-of-the-tyre-shredding-machine-300x225.webp 300w, https:\/\/www.plasticgranularmachine.com\/wp-content\/uploads\/2025\/07\/screens-of-the-tyre-shredding-machine-16x12.webp 16w\" sizes=\"auto, (max-width: 720px) 100vw, 720px\" \/><figcaption class=\"wp-element-caption\">\u00e9crans de la machine \u00e0 d\u00e9chirer les pneus<\/figcaption><\/figure>    <figure class=\"wp-block-image size-large\"><img loading=\"lazy\" decoding=\"async\" width=\"720\" height=\"540\" data-id=\"1839\" src=\"https:\/\/www.plasticgranularmachine.com\/wp-content\/uploads\/2025\/07\/rubber-tire-shredder-blades.webp\" alt=\"lames de d\u00e9chiqueteuse de pneus en caoutchouc\" class=\"wp-image-1839\" srcset=\"https:\/\/www.plasticgranularmachine.com\/wp-content\/uploads\/2025\/07\/rubber-tire-shredder-blades.webp 720w, https:\/\/www.plasticgranularmachine.com\/wp-content\/uploads\/2025\/07\/rubber-tire-shredder-blades-300x225.webp 300w, https:\/\/www.plasticgranularmachine.com\/wp-content\/uploads\/2025\/07\/rubber-tire-shredder-blades-16x12.webp 16w\" sizes=\"auto, (max-width: 720px) 100vw, 720px\" \/><figcaption class=\"wp-element-caption\">lames de d\u00e9chiqueteuse de pneus en caoutchouc<\/figcaption><\/figure> <\/figure>    <h2 class=\"wp-block-heading\">Liste des sp\u00e9cifications de la machine \u00e0 d\u00e9chiqueter les pneus \u00e0 vendre<\/h2>    <p>Nous fournissons divers broyeurs de pneus en caoutchouc. Certains param\u00e8tres principaux sont les suivants :<\/p>    <figure class=\"wp-block-table\"><table><thead><tr><th>Mod\u00e8le<\/th><th>Mati\u00e8re premi\u00e8re applicable<\/th><th>Taille maximale d'alimentation des pneus<\/th><th>Taille de sortie (morceaux de caoutchouc)<\/th><th>Capacit\u00e9 de traitement<\/th><th>Puissance totale<\/th><th>Type d'application<\/th><th>Sp\u00e9cifications de la lame<\/th><th>Poids de la machine<\/th><th>Empreinte (L\u00d7l\u00d7h)<\/th><\/tr><\/thead><tbody><tr><td><strong>SL-900<\/strong><\/td><td>Pneus de voiture, pneus de petit camion<\/td><td>\u2264900 mm<\/td><td>50 mm<\/td><td>2 t\/h<\/td><td>64,5 kW<\/td><td>Broyeur de pneus de voiture compacte<\/td><td>Dia. 360mm \/ 16 lames \/ 50mm d'\u00e9paisseur<\/td><td>10 tonnes<\/td><td>9*5*2.8 m<\/td><\/tr><tr><td><strong>SL-1000<\/strong><\/td><td>Pneus de voiture et de camion l\u00e9ger<\/td><td>\u22641000 mm<\/td><td>60 mm<\/td><td>4 t\/h<\/td><td>94,5 kW<\/td><td>Machine de broyage de pneus d'entr\u00e9e de gamme<\/td><td>Dia. 440mm \/ 16 lames \/ 50mm d'\u00e9paisseur<\/td><td>13 tonnes<\/td><td>10*6*3,2 m<\/td><\/tr><tr><td><strong>SL-1200<\/strong><\/td><td>Pneus de passagers et pneus OTR d\u00e9mont\u00e9s<\/td><td>\u22641200 mm<\/td><td>60 mm<\/td><td>5\u20136 t\/h<\/td><td>157 kW<\/td><td>Broyeur \u00e0 pneus en caoutchouc de taille moyenne<\/td><td>Dia. 510mm \/ 18 lames \/ 60mm d'\u00e9paisseur<\/td><td>15,8 tonnes<\/td><td>10*6*3,2 m<\/td><\/tr><tr><td><strong>SL-1500<\/strong><\/td><td>Pneus de camion complets, grands blocs de pneus OTR<\/td><td>\u22641200 mm<\/td><td>75 mm<\/td><td>8\u201310 t\/h<\/td><td>188,5 kW<\/td><td>Broyeur de pneus industriels lourd<\/td><td>Dia. 580mm \/ 20 lames \/ 75mm d'\u00e9paisseur<\/td><td>18,6 tonnes<\/td><td>20*10*3,5 m<\/td><\/tr><tr><td><strong>SL-1800<\/strong><\/td><td>Pneus OTR de taille r\u00e9elle (par exemple R51\u2013R63)<\/td><td>\u22641400 mm<\/td><td>100 mm<\/td><td>15\u201320 t\/h<\/td><td>328,5 kW<\/td><td>Machine de d\u00e9chiquetage de pneus \u00e0 haute production \u00e0 vendre<\/td><td>Dia. 650mm \/ 18 lames \/ 100mm d'\u00e9paisseur<\/td><td>26 tonnes<\/td><td>20*12*4 m<\/td><\/tr><\/tbody><\/table><\/figure>    <p>Si vous avez d'autres besoins de production, n'h\u00e9sitez pas \u00e0 laisser des messages, et nous pouvons fournir une machine de broyeur de pneus sur mesure \u00e0 vendre.<\/p>    <figure class=\"wp-block-gallery has-nested-images columns-default is-cropped wp-block-gallery-4 is-layout-flex wp-block-gallery-is-layout-flex\"> <figure class=\"wp-block-image size-large\"><img loading=\"lazy\" decoding=\"async\" width=\"720\" height=\"540\" data-id=\"1833\" src=\"https:\/\/www.plasticgranularmachine.com\/wp-content\/uploads\/2025\/07\/Factory-tour-of-tire-shredders-being-built.webp\" alt=\"Visite d&#039;usine des d\u00e9chiqueteuses de pneus en cours de construction\" class=\"wp-image-1833\" srcset=\"https:\/\/www.plasticgranularmachine.com\/wp-content\/uploads\/2025\/07\/Factory-tour-of-tire-shredders-being-built.webp 720w, https:\/\/www.plasticgranularmachine.com\/wp-content\/uploads\/2025\/07\/Factory-tour-of-tire-shredders-being-built-300x225.webp 300w, https:\/\/www.plasticgranularmachine.com\/wp-content\/uploads\/2025\/07\/Factory-tour-of-tire-shredders-being-built-16x12.webp 16w\" sizes=\"auto, (max-width: 720px) 100vw, 720px\" \/><figcaption class=\"wp-element-caption\">Visite d'usine des d\u00e9chiqueteuses de pneus en cours de construction<\/figcaption><\/figure>    <figure class=\"wp-block-image size-large\"><img loading=\"lazy\" decoding=\"async\" width=\"720\" height=\"540\" data-id=\"1840\" src=\"https:\/\/www.plasticgranularmachine.com\/wp-content\/uploads\/2025\/07\/rubber-tire-shredder-machines-in-the-factory.webp\" alt=\"machines de d\u00e9chiquetage de pneus en caoutchouc dans l&#039;usine\" class=\"wp-image-1840\" srcset=\"https:\/\/www.plasticgranularmachine.com\/wp-content\/uploads\/2025\/07\/rubber-tire-shredder-machines-in-the-factory.webp 720w, https:\/\/www.plasticgranularmachine.com\/wp-content\/uploads\/2025\/07\/rubber-tire-shredder-machines-in-the-factory-300x225.webp 300w, https:\/\/www.plasticgranularmachine.com\/wp-content\/uploads\/2025\/07\/rubber-tire-shredder-machines-in-the-factory-16x12.webp 16w\" sizes=\"auto, (max-width: 720px) 100vw, 720px\" \/><figcaption class=\"wp-element-caption\">machines de d\u00e9chiquetage de pneus en caoutchouc dans l'usine<\/figcaption><\/figure>    <figure class=\"wp-block-image size-large\"><img loading=\"lazy\" decoding=\"async\" width=\"720\" height=\"540\" data-id=\"1838\" src=\"https:\/\/www.plasticgranularmachine.com\/wp-content\/uploads\/2025\/07\/rubber-tire-chipper.webp\" alt=\"d\u00e9chiqueteuse de pneus en caoutchouc\" class=\"wp-image-1838\" srcset=\"https:\/\/www.plasticgranularmachine.com\/wp-content\/uploads\/2025\/07\/rubber-tire-chipper.webp 720w, https:\/\/www.plasticgranularmachine.com\/wp-content\/uploads\/2025\/07\/rubber-tire-chipper-300x225.webp 300w, https:\/\/www.plasticgranularmachine.com\/wp-content\/uploads\/2025\/07\/rubber-tire-chipper-16x12.webp 16w\" sizes=\"auto, (max-width: 720px) 100vw, 720px\" \/><figcaption class=\"wp-element-caption\">d\u00e9chiqueteuse de pneus en caoutchouc<\/figcaption><\/figure> <\/figure>    <h2 class=\"wp-block-heading\">Comment fonctionne la machine \u00e0 broyer les pneus ?<\/h2>    <p>\u00c9tapes de travail de la machine de broyeur de pneus \u00e0 vendre :<\/p>    <ul class=\"wp-block-list\"> <li>Alimentation : Des pneus entiers ou des blocs de pneus usag\u00e9s sont aliment\u00e9s uniform\u00e9ment dans la chambre de broyage via un tapis roulant.<\/li>    <li>Cisaillage \u00e0 double arbre : Deux arbres de couteau \u00e0 faible vitesse et \u00e0 couple \u00e9lev\u00e9 tournent en sens inverse de mani\u00e8re synchronis\u00e9e et utilisent des lames en alliage haute r\u00e9sistance pour ciseler, d\u00e9chirer et \u00e9craser les pneus.<\/li>    <li>Contr\u00f4le de la taille : Gr\u00e2ce \u00e0 l'espacement des lames et \u00e0 la conception du maillage de l'\u00e9cran, la taille du mat\u00e9riau d\u00e9charg\u00e9 peut \u00eatre contr\u00f4l\u00e9e dans une plage de 50 \u00e0 100 mm pour r\u00e9pondre \u00e0 diff\u00e9rentes exigences de r\u00e9utilisation.<\/li>    <li>S\u00e9paration initiale des fils d'acier : Le processus de broyage desserre la plupart des fils d'acier \u00e0 l'int\u00e9rieur des pneus pour une s\u00e9paration magn\u00e9tique ult\u00e9rieure.<\/li>    <li>Transport de d\u00e9charge : Les blocs de caoutchouc broy\u00e9s sont transport\u00e9s via un tapis de d\u00e9charge vers le processus suivant, tel que le broyage, la granulation ou le pressage.<\/li> <\/ul>   <div class=\"wp-block-image\"> <figure class=\"aligncenter size-full\"><img loading=\"lazy\" decoding=\"async\" width=\"720\" height=\"540\" src=\"https:\/\/www.plasticgranularmachine.com\/wp-content\/uploads\/2025\/07\/powerful-tire-shredder-machine-for-sale.webp\" alt=\"machine de d\u00e9chiquetage de pneus puissante \u00e0 vendre\" class=\"wp-image-1837\" srcset=\"https:\/\/www.plasticgranularmachine.com\/wp-content\/uploads\/2025\/07\/powerful-tire-shredder-machine-for-sale.webp 720w, https:\/\/www.plasticgranularmachine.com\/wp-content\/uploads\/2025\/07\/powerful-tire-shredder-machine-for-sale-300x225.webp 300w, https:\/\/www.plasticgranularmachine.com\/wp-content\/uploads\/2025\/07\/powerful-tire-shredder-machine-for-sale-16x12.webp 16w\" sizes=\"auto, (max-width: 720px) 100vw, 720px\" \/><figcaption class=\"wp-element-caption\">machine de d\u00e9chiquetage de pneus puissante \u00e0 vendre<\/figcaption><\/figure> <\/div>   <h2 class=\"wp-block-heading\">Comment les machines \u00e0 d\u00e9chiqueter les pneus en caoutchouc s'int\u00e8grent-elles dans un syst\u00e8me de recyclage complet ?<\/h2>    <p>Dans le processus complet de recyclage des pneus, les pneus usag\u00e9s subissent d'abord un pr\u00e9traitement, qui comprend le retrait des fils d'acier et le d\u00e9coupage. Ensuite, ils sont envoy\u00e9s au broyeur de pneus en caoutchouc pour un concassage initial, ce qui g\u00e9n\u00e8re des blocs de caoutchouc de taille uniforme qui sont faciles \u00e0 traiter davantage. <\/p>    <p class=\"translation-block\">Ensuite, les blocs de caoutchouc entrent dans le <a href=\"https:\/\/www.plasticgranularmachine.com\/fr\/product\/tire-grinder-and-magnetic-separator\/\" data-type=\"link\" data-id=\"https:\/\/www.plasticgranularmachine.com\/product\/tire-grinder-and-magnetic-separator\/\">grindeur de pneus<\/a> pour un meulage en profondeur afin de produire une poudre de caoutchouc fine. Cette poudre peut \u00eatre utilis\u00e9e dans la production de produits en caoutchouc recycl\u00e9, tels que des carreaux de sol en caoutchouc, des mat\u00e9riaux de piste et des joints.<\/p>    <figure class=\"wp-block-gallery has-nested-images columns-default is-cropped wp-block-gallery-5 is-layout-flex wp-block-gallery-is-layout-flex\"> <figure class=\"wp-block-image size-large\"><img loading=\"lazy\" decoding=\"async\" width=\"720\" height=\"540\" data-id=\"1672\" src=\"https:\/\/www.plasticgranularmachine.com\/wp-content\/uploads\/2025\/05\/working-flow-of-the-semi-automatic-rubber-recycling-plant.webp\" alt=\"flux de travail de l&#039;usine de recyclage de caoutchouc semi-automatique\" class=\"wp-image-1672\" srcset=\"https:\/\/www.plasticgranularmachine.com\/wp-content\/uploads\/2025\/05\/working-flow-of-the-semi-automatic-rubber-recycling-plant.webp 720w, https:\/\/www.plasticgranularmachine.com\/wp-content\/uploads\/2025\/05\/working-flow-of-the-semi-automatic-rubber-recycling-plant-300x225.webp 300w, https:\/\/www.plasticgranularmachine.com\/wp-content\/uploads\/2025\/05\/working-flow-of-the-semi-automatic-rubber-recycling-plant-16x12.webp 16w\" sizes=\"auto, (max-width: 720px) 100vw, 720px\" \/><figcaption class=\"wp-element-caption\">flux de travail de l'usine de recyclage de caoutchouc semi-automatique<\/figcaption><\/figure>    <figure class=\"wp-block-image size-large\"><img loading=\"lazy\" decoding=\"async\" width=\"720\" height=\"540\" data-id=\"1643\" src=\"https:\/\/www.plasticgranularmachine.com\/wp-content\/uploads\/2025\/04\/crumb-rubber-making-line-3.webp\" alt=\"ligne de fabrication de caoutchouc en granul\u00e9s 3\" class=\"wp-image-1643\" srcset=\"https:\/\/www.plasticgranularmachine.com\/wp-content\/uploads\/2025\/04\/crumb-rubber-making-line-3.webp 720w, https:\/\/www.plasticgranularmachine.com\/wp-content\/uploads\/2025\/04\/crumb-rubber-making-line-3-300x225.webp 300w, https:\/\/www.plasticgranularmachine.com\/wp-content\/uploads\/2025\/04\/crumb-rubber-making-line-3-16x12.webp 16w\" sizes=\"auto, (max-width: 720px) 100vw, 720px\" \/><figcaption class=\"wp-element-caption\">ligne de fabrication de caoutchouc en granul\u00e9s 3<\/figcaption><\/figure>    <figure class=\"wp-block-image size-large\"><img loading=\"lazy\" decoding=\"async\" width=\"720\" height=\"540\" data-id=\"1676\" src=\"https:\/\/www.plasticgranularmachine.com\/wp-content\/uploads\/2025\/05\/OTR-tire-recycling-line-working-process.webp\" alt=\"Processus de travail de la ligne de recyclage de pneus OTR\" class=\"wp-image-1676\" srcset=\"https:\/\/www.plasticgranularmachine.com\/wp-content\/uploads\/2025\/05\/OTR-tire-recycling-line-working-process.webp 720w, https:\/\/www.plasticgranularmachine.com\/wp-content\/uploads\/2025\/05\/OTR-tire-recycling-line-working-process-300x225.webp 300w, https:\/\/www.plasticgranularmachine.com\/wp-content\/uploads\/2025\/05\/OTR-tire-recycling-line-working-process-16x12.webp 16w\" sizes=\"auto, (max-width: 720px) 100vw, 720px\" \/><figcaption class=\"wp-element-caption\">Processus de travail de la ligne de recyclage de pneus OTR<\/figcaption><\/figure> <\/figure>    <h2 class=\"wp-block-heading\">Application des produits issus de la machine \u00e0 d\u00e9chiqueter les pneus \u00e0 vendre<\/h2>    <p>Bien qu'il ne soit pas encore sous forme de poudre, les blocs de caoutchouc produits avec des d\u00e9chiqueteuses de pneus usag\u00e9s ont une large gamme de valeur industrielle et commerciale.<\/p>    <ol class=\"wp-block-list\"> <li><strong>Substitut de carburant :<\/strong> Ils peuvent \u00eatre utilis\u00e9s comme combustible industriel pour remplacer le charbon et le p\u00e9trole. Ils sont couramment utilis\u00e9s dans les processus d'incin\u00e9ration \u00e0 haute temp\u00e9rature des usines de ciment, des centrales \u00e9lectriques et des papeteries.<\/li>    <li><strong>Ing\u00e9nierie des fondations et des d\u00e9charges :<\/strong> Ils peuvent \u00eatre utilis\u00e9s pour le lit de routes et de chemins de fer avec un bon drainage et un bon amortissement.<\/li>    <li><strong>Tapis amortissants et mat\u00e9riaux de rembourrage :<\/strong> Les blocs de caoutchouc peuvent \u00eatre utilis\u00e9s comme mat\u00e9riau de remplissage pour les terrains de sport, les aires de jeux et les tapis anti-vibrations dans la construction.<\/li>    <li><strong>Transform\u00e9 en poudre de caoutchouc :<\/strong> Un broyage suppl\u00e9mentaire peut produire des granul\u00e9s de caoutchouc ou de la poudre plus d\u00e9taill\u00e9s, qui peuvent \u00eatre utilis\u00e9s pour des dalles de sol en caoutchouc, des tapis en gazon artificiel, des joints d'\u00e9tanch\u00e9it\u00e9, et plus encore.<\/li>    <li>Il peut \u00eatre utilis\u00e9 comme un<strong> mati\u00e8re premi\u00e8re pour produits en caoutchouc moul\u00e9s<\/strong>comme des bouchons en caoutchouc pour voitures, des dos d'\u00e2ne, des carreaux de sol, des joints et d'autres produits recycl\u00e9s. Le broyeur de pneus est un \u00e9quipement indispensable dans les syst\u00e8mes modernes de recyclage des pneus us\u00e9s.<\/li> <\/ol>    <h2 class=\"wp-block-heading\">O\u00f9 pouvons-nous exporter notre d\u00e9chiqueteuse de pneus en caoutchouc ?<\/h2>    <p class=\"translation-block\">Notre d\u00e9chiqueteur commercial pour pneus \u00e0 vendre peut \u00eatre personnalis\u00e9 pour des clients <strong>du monde entier<\/strong>. O\u00f9 que vous soyez, nous pouvons fournir le transport, l\u2019assistance technique et l\u2019installation sur site. <\/p>    <p>Avec des performances sup\u00e9rieures et un prix favorable pour la machine \u00e0 d\u00e9chiqueter les pneus, notre d\u00e9chiqueteuse de pneus \u00e0 vendre en Afrique du Sud, d\u00e9chiqueteuse de pneus \u00e0 vendre en Australie, d\u00e9chiqueteuse de pneus \u00e0 vendre au Royaume-Uni, etc. a re\u00e7u une large gamme d'\u00e9loges unanimes ! Si vous \u00eates int\u00e9ress\u00e9, n'h\u00e9sitez pas \u00e0 nous contacter !<\/p>    <figure class=\"wp-block-gallery has-nested-images columns-default is-cropped wp-block-gallery-6 is-layout-flex wp-block-gallery-is-layout-flex\"> <figure class=\"wp-block-image size-large\"><img loading=\"lazy\" decoding=\"async\" width=\"720\" height=\"540\" data-id=\"1834\" src=\"https:\/\/www.plasticgranularmachine.com\/wp-content\/uploads\/2025\/07\/Favorable-comments-on-tire-shredder-from-Kenyan-customers.webp\" alt=\"Commentaires favorables sur la d\u00e9chiqueteuse de pneus de la part de clients kenyans.\" class=\"wp-image-1834\" srcset=\"https:\/\/www.plasticgranularmachine.com\/wp-content\/uploads\/2025\/07\/Favorable-comments-on-tire-shredder-from-Kenyan-customers.webp 720w, https:\/\/www.plasticgranularmachine.com\/wp-content\/uploads\/2025\/07\/Favorable-comments-on-tire-shredder-from-Kenyan-customers-300x225.webp 300w, https:\/\/www.plasticgranularmachine.com\/wp-content\/uploads\/2025\/07\/Favorable-comments-on-tire-shredder-from-Kenyan-customers-16x12.webp 16w\" sizes=\"auto, (max-width: 720px) 100vw, 720px\" \/><figcaption class=\"wp-element-caption\">Commentaires favorables sur la d\u00e9chiqueteuse de pneus de la part de clients kenyans.<\/figcaption><\/figure>    <figure class=\"wp-block-image size-large\"><img loading=\"lazy\" decoding=\"async\" width=\"720\" height=\"540\" data-id=\"1832\" src=\"https:\/\/www.plasticgranularmachine.com\/wp-content\/uploads\/2025\/07\/Customers-visit-the-factory.webp\" alt=\"Visite du client \u00e0 l&#039;usine\" class=\"wp-image-1832\" srcset=\"https:\/\/www.plasticgranularmachine.com\/wp-content\/uploads\/2025\/07\/Customers-visit-the-factory.webp 720w, https:\/\/www.plasticgranularmachine.com\/wp-content\/uploads\/2025\/07\/Customers-visit-the-factory-300x225.webp 300w, https:\/\/www.plasticgranularmachine.com\/wp-content\/uploads\/2025\/07\/Customers-visit-the-factory-16x12.webp 16w\" sizes=\"auto, (max-width: 720px) 100vw, 720px\" \/><figcaption class=\"wp-element-caption\">Visite du client \u00e0 l'usine<\/figcaption><\/figure> <\/figure>","protected":false},"excerpt":{"rendered":"<p>The tire shredder machine for sale plays a key role in the tire recycling process and rubber powder production by efficiently shredding large scrap tires into small pieces, approximately 50-100 mm, that can easily be sold or transported. These pieces can also be ground into fine rubber powder. How to Apply the Waste Tire Shredder? [&hellip;]<\/p>\n","protected":false},"author":1,"featured_media":1843,"parent":0,"template":"","tags":[],"product-type":[75],"class_list":["post-1829","product","type-product","status-publish","has-post-thumbnail","hentry","product-type-tire-recycling-facility"],"_links":{"self":[{"href":"https:\/\/www.plasticgranularmachine.com\/fr\/wp-json\/wp\/v2\/product\/1829","targetHints":{"allow":["GET"]}}],"collection":[{"href":"https:\/\/www.plasticgranularmachine.com\/fr\/wp-json\/wp\/v2\/product"}],"about":[{"href":"https:\/\/www.plasticgranularmachine.com\/fr\/wp-json\/wp\/v2\/types\/product"}],"author":[{"embeddable":true,"href":"https:\/\/www.plasticgranularmachine.com\/fr\/wp-json\/wp\/v2\/users\/1"}],"wp:featuredmedia":[{"embeddable":true,"href":"https:\/\/www.plasticgranularmachine.com\/fr\/wp-json\/wp\/v2\/media\/1843"}],"wp:attachment":[{"href":"https:\/\/www.plasticgranularmachine.com\/fr\/wp-json\/wp\/v2\/media?parent=1829"}],"wp:term":[{"taxonomy":"post_tag","embeddable":true,"href":"https:\/\/www.plasticgranularmachine.com\/fr\/wp-json\/wp\/v2\/tags?post=1829"},{"taxonomy":"product-type","embeddable":true,"href":"https:\/\/www.plasticgranularmachine.com\/fr\/wp-json\/wp\/v2\/product-type?post=1829"}],"curies":[{"name":"wp","href":"https:\/\/api.w.org\/{rel}","templated":true}]}}