{"id":1848,"date":"2025-07-28T11:23:52","date_gmt":"2025-07-28T03:23:52","guid":{"rendered":"https:\/\/www.plasticgranularmachine.com\/?post_type=product&#038;p=1848"},"modified":"2025-07-28T11:23:53","modified_gmt":"2025-07-28T03:23:53","slug":"waste-tire-cutting-machine","status":"publish","type":"product","link":"https:\/\/www.plasticgranularmachine.com\/fr\/product\/waste-tire-cutting-machine\/","title":{"rendered":"Machine de d\u00e9coupe de pneus usag\u00e9s standard et d\u00e9coupeur de pneus OTR"},"content":{"rendered":"<p>Dans les lignes de production de poudre de caoutchouc enti\u00e8rement automatiques, la machine de d\u00e9coupe de pneus usag\u00e9s est un \u00e9quipement important utilis\u00e9 pour pr\u00e9traiter les pneus avant le d\u00e9chiquetage. Elle coupe des pneus entiers en 2-3 sections qui sont faciles \u00e0 introduire dans le d\u00e9chiqueteur de pneus suivant. <\/p>    <p>Nous proposons deux types de coupeurs de pneus efficaces qui peuvent traiter des pneus automobiles standard jusqu'\u00e0 1200 mm de diam\u00e8tre et des pneus OTR de 1400 \u00e0 4000 mm, respectivement.<\/p>    <figure class=\"wp-block-embed is-type-video is-provider-youtube wp-block-embed-youtube wp-embed-aspect-16-9 wp-has-aspect-ratio\"><div class=\"wp-block-embed__wrapper\"> <iframe loading=\"lazy\" title=\"Machine de d\u00e9coupe de pneus usag\u00e9s : Id\u00e9ale pour le pr\u00e9traitement des pneus !\" width=\"500\" height=\"281\" src=\"https:\/\/www.youtube.com\/embed\/c1axNqvpzcw?feature=oembed\" frameborder=\"0\" allow=\"accelerometer; autoplay; clipboard-write; encrypted-media; gyroscope; picture-in-picture; web-share\" referrerpolicy=\"strict-origin-when-cross-origin\" allowfullscreen><\/iframe> <\/div><\/figure>    <h2 class=\"wp-block-heading\">En savoir plus sur nos deux types de machines \u00e0 couper les pneus<\/h2>    <p>Nos coupeurs de pneus usag\u00e9s adoptent des lames en alliage et une technologie hydraulique pour garantir une coupe efficace et enti\u00e8rement automatique. Voici les principaux param\u00e8tres de ces deux coupeurs de pneus hydrauliques. Des \u00e9l\u00e9ments tels que la couleur, le mat\u00e9riau de la lame, etc., peuvent \u00eatre personnalis\u00e9s en fonction de vos besoins de production. Ainsi, veuillez nous contacter pour plus de d\u00e9tails !<\/p>    <figure class=\"wp-block-table\"><table><thead><tr><th>Mod\u00e8le<\/th><th>Machine de d\u00e9coupe de pneus standards<\/th><th>Machine de d\u00e9coupe de pneus usag\u00e9s OTR<\/th><\/tr><\/thead><tbody><tr><td>Taille de pneu applicable<\/td><td>900\u20131200 mm (sans fils de talon)<\/td><td>1400\u20134000 mm (sans fils de talon)<\/td><\/tr><tr><td>Taille de sortie<\/td><td>Blocs de pneus sous 900 mm<\/td><td>Grandes tranches (environ 2 coupes\/min)<\/td><\/tr><tr><td>Capacit\u00e9<\/td><td>60 pneus\/heure<\/td><td>120 coupes\/heure<\/td><\/tr><tr><td>Pouvoir<\/td><td>7,5 kW<\/td><td>7,5 kW<\/td><\/tr><tr><td>Taille de la machine<\/td><td>1,7*0,8*1,85 m<\/td><td>3,13*1,65*2,7 m<\/td><\/tr><tr><td>Poids de la machine<\/td><td>1400 kg<\/td><td>7200 kg<\/td><\/tr><tr><td>Mat\u00e9riau de la lame<\/td><td>Acier alli\u00e9 Cr12MoV<\/td><td>Acier alli\u00e9 Cr12MoV<\/td><\/tr><tr><td>Application<\/td><td>D\u00e9coupe de pneus de voiture, de petits camions avant le d\u00e9chiquetage<\/td><td>D\u00e9coupe de pneus g\u00e9ants OTR dans le recyclage minier<\/td><\/tr><\/tbody><\/table><\/figure>    <figure class=\"wp-block-gallery has-nested-images columns-default is-cropped wp-block-gallery-2 is-layout-flex wp-block-gallery-is-layout-flex\"> <figure class=\"wp-block-image size-large\"><img loading=\"lazy\" decoding=\"async\" width=\"720\" height=\"540\" data-id=\"1857\" src=\"https:\/\/www.plasticgranularmachine.com\/wp-content\/uploads\/2025\/07\/waste-tire-cutting-machine-for-900-1200-mmm-tires.webp\" alt=\"Machine de d\u00e9coupe de pneus usag\u00e9s pour pneus de 900 \u00e0 1200 mm\" class=\"wp-image-1857\" srcset=\"https:\/\/www.plasticgranularmachine.com\/wp-content\/uploads\/2025\/07\/waste-tire-cutting-machine-for-900-1200-mmm-tires.webp 720w, https:\/\/www.plasticgranularmachine.com\/wp-content\/uploads\/2025\/07\/waste-tire-cutting-machine-for-900-1200-mmm-tires-300x225.webp 300w, https:\/\/www.plasticgranularmachine.com\/wp-content\/uploads\/2025\/07\/waste-tire-cutting-machine-for-900-1200-mmm-tires-16x12.webp 16w\" sizes=\"auto, (max-width: 720px) 100vw, 720px\" \/><figcaption class=\"wp-element-caption\">Machine de d\u00e9coupe de pneus usag\u00e9s pour pneus de 900 \u00e0 1200 mm<\/figcaption><\/figure>    <figure class=\"wp-block-image size-large\"><img loading=\"lazy\" decoding=\"async\" width=\"720\" height=\"540\" data-id=\"1856\" src=\"https:\/\/www.plasticgranularmachine.com\/wp-content\/uploads\/2025\/07\/waste-tire-cutter-for-1400-4000-mm-OTR-tires.webp\" alt=\"D\u00e9coupeur de pneus usag\u00e9s pour pneus OTR de 1400 \u00e0 4000 mm\" class=\"wp-image-1856\" srcset=\"https:\/\/www.plasticgranularmachine.com\/wp-content\/uploads\/2025\/07\/waste-tire-cutter-for-1400-4000-mm-OTR-tires.webp 720w, https:\/\/www.plasticgranularmachine.com\/wp-content\/uploads\/2025\/07\/waste-tire-cutter-for-1400-4000-mm-OTR-tires-300x225.webp 300w, https:\/\/www.plasticgranularmachine.com\/wp-content\/uploads\/2025\/07\/waste-tire-cutter-for-1400-4000-mm-OTR-tires-16x12.webp 16w\" sizes=\"auto, (max-width: 720px) 100vw, 720px\" \/><figcaption class=\"wp-element-caption\">D\u00e9coupeur de pneus usag\u00e9s pour pneus OTR de 1400 \u00e0 4000 mm<\/figcaption><\/figure> <\/figure>    <h2 class=\"wp-block-heading\">\u00c9tapes de travail d\u00e9taill\u00e9es de la machine \u00e0 couper les pneus usag\u00e9s<\/h2>    <p>Bien que nos deux machines de d\u00e9coupe de pneus usag\u00e9s soient con\u00e7ues pour diff\u00e9rents types et tailles de pneus, elles partagent les m\u00eames principes et proc\u00e9dures de fonctionnement de base.<\/p>    <ul class=\"wp-block-list\"> <li>Chargement : Placez le pneu de mani\u00e8re s\u00e9curis\u00e9e, avec les fils d'acier retir\u00e9s, sur la plateforme sous la lame.<\/li>    <li>D\u00e9marrage : Activez le syst\u00e8me hydraulique pour abaisser la lame sup\u00e9rieure.<\/li>    <li>Coupe : La lame sup\u00e9rieure forme une surface de coupe avec le si\u00e8ge de la lame fixe inf\u00e9rieure pour couper efficacement le pneu.<\/li>    <li>R\u00e9initialiser : Une fois la coupe termin\u00e9e, le syst\u00e8me hydraulique inverse sa direction et r\u00e9initialise automatiquement la lame sup\u00e9rieure. Ensuite, le prochain cycle de coupe peut \u00eatre effectu\u00e9. Le pneu d\u00e9coup\u00e9 peut ensuite \u00eatre introduit dans un broyeur de pneus pour un traitement ult\u00e9rieur.<\/li> <\/ul>    <h2 class=\"wp-block-heading\">Principales caract\u00e9ristiques de nos machines \u00e0 couper les pneus hydrauliques<\/h2>    <ul class=\"wp-block-list\"> <li>Disponible pour la d\u00e9coupe de pneus standard et OTR<\/li>    <li>Le syst\u00e8me entra\u00een\u00e9 par hydraulique garantit une haute pression et une efficacit\u00e9 de coupe continue.<\/li>    <li>\u00c9quip\u00e9 de lames dent\u00e9es \u00e0 haute r\u00e9sistance pour une forte prise et une force de coupe.<\/li>    <li>Corps de coupe en acier alli\u00e9 r\u00e9sistant \u00e0 l'usure pour la durabilit\u00e9<\/li>    <li>Puissance mod\u00e9r\u00e9e, entra\u00eenement \u00e9lectrique triphas\u00e9 pour l'efficacit\u00e9 \u00e9nerg\u00e9tique<\/li>    <li>Fonctionnement enti\u00e8rement automatique en option avec un contr\u00f4le simple et s\u00fbr<\/li>    <li>Les machines de d\u00e9coupe de pneus standard et OTR peuvent \u00eatre int\u00e9gr\u00e9es sans probl\u00e8me dans des lignes de recyclage, travaillant avec des d\u00e9chiqueteuses de pneus, des broyeurs, et plus encore<\/li> <\/ul>    <figure class=\"wp-block-gallery has-nested-images columns-default is-cropped wp-block-gallery-3 is-layout-flex wp-block-gallery-is-layout-flex\"> <figure class=\"wp-block-image size-large\"><img loading=\"lazy\" decoding=\"async\" width=\"720\" height=\"540\" data-id=\"1855\" src=\"https:\/\/www.plasticgranularmachine.com\/wp-content\/uploads\/2025\/07\/tire-cutter-with-crocodile-teeth-style-blades.webp\" alt=\"d\u00e9coupeur de pneus avec des lames en forme de dents de crocodile\" class=\"wp-image-1855\" srcset=\"https:\/\/www.plasticgranularmachine.com\/wp-content\/uploads\/2025\/07\/tire-cutter-with-crocodile-teeth-style-blades.webp 720w, https:\/\/www.plasticgranularmachine.com\/wp-content\/uploads\/2025\/07\/tire-cutter-with-crocodile-teeth-style-blades-300x225.webp 300w, https:\/\/www.plasticgranularmachine.com\/wp-content\/uploads\/2025\/07\/tire-cutter-with-crocodile-teeth-style-blades-16x12.webp 16w\" sizes=\"auto, (max-width: 720px) 100vw, 720px\" \/><figcaption class=\"wp-element-caption\">d\u00e9coupeur de pneus avec des lames en forme de dents de crocodile<\/figcaption><\/figure>    <figure class=\"wp-block-image size-large\"><img loading=\"lazy\" decoding=\"async\" width=\"720\" height=\"540\" data-id=\"1853\" src=\"https:\/\/www.plasticgranularmachine.com\/wp-content\/uploads\/2025\/07\/hydraulic-tire-cutter.webp\" alt=\"d\u00e9coupeur de pneus hydraulique OTR\" class=\"wp-image-1853\" srcset=\"https:\/\/www.plasticgranularmachine.com\/wp-content\/uploads\/2025\/07\/hydraulic-tire-cutter.webp 720w, https:\/\/www.plasticgranularmachine.com\/wp-content\/uploads\/2025\/07\/hydraulic-tire-cutter-300x225.webp 300w, https:\/\/www.plasticgranularmachine.com\/wp-content\/uploads\/2025\/07\/hydraulic-tire-cutter-16x12.webp 16w\" sizes=\"auto, (max-width: 720px) 100vw, 720px\" \/><figcaption class=\"wp-element-caption\">d\u00e9coupeur de pneus hydraulique OTR<\/figcaption><\/figure> <\/figure>    <h2 class=\"wp-block-heading\">Int\u00e9gration des coupe-pneus dans les lignes de recyclage de poudre de caoutchouc<\/h2>    <p>Les machines de d\u00e9coupe de pneus sont essentielles dans le recyclage des pneus, servant de premi\u00e8re \u00e9tape pour r\u00e9duire la taille des pneus pour un d\u00e9chiquetage et un broyage ult\u00e9rieurs.<\/p>    <h3 class=\"wp-block-heading\">\u25b6 Pour pneus standards (\u22641200mm)<\/h3>    <p class=\"translation-block\">Nous proposons \u00e0 la fois une <a href=\"https:\/\/www.plasticgranularmachine.com\/fr\/product\/tire-recycling-production-line\/\" data-type=\"link\" data-id=\"https:\/\/www.plasticgranularmachine.com\/product\/tire-recycling-production-line\/\">solution semi-automatique<\/a> et des <a href=\"https:\/\/www.plasticgranularmachine.com\/fr\/product\/rubber-recycling-plant\/\" data-type=\"link\" data-id=\"https:\/\/www.plasticgranularmachine.com\/product\/rubber-recycling-plant\/\">lignes de recyclage des pneus usag\u00e9s enti\u00e8rement automatiques<\/a>.<br>La machine standard de coupe de pneus usag\u00e9s est g\u00e9n\u00e9ralement utilis\u00e9e dans des syst\u00e8mes enti\u00e8rement automatis\u00e9s, fonctionnant avec :<\/p>    <ul class=\"wp-block-list\"> <li>Enl\u00e8ve-fil de fer \u2192 D\u00e9coupeur de pneus \u2192 D\u00e9chiqueteuse de pneus \u2192 Broyeur de caoutchouc<\/li> <\/ul>    <p>Cette configuration garantit un retrait efficace de l'acier et une r\u00e9duction de la taille des pneus pour un traitement en poudre fluide.<\/p>    <p class=\"translation-block\">Nous proposons \u00e9galement une <em>machine int\u00e9gr\u00e9e de talonnage et de coupe<\/em>, qui, associ\u00e9e \u00e0 un s\u00e9parateur en acier, fournit une autre solution de pr\u00e9traitement automatique compl\u00e8te.<\/p>   <div class=\"wp-block-image\"> <figure class=\"aligncenter size-full\"><img loading=\"lazy\" decoding=\"async\" width=\"720\" height=\"540\" src=\"https:\/\/www.plasticgranularmachine.com\/wp-content\/uploads\/2025\/07\/tire-bead-remover-and-cutter-machine.webp\" alt=\"machine de retrait et de d\u00e9coupe de talon de pneu\" class=\"wp-image-1854\" srcset=\"https:\/\/www.plasticgranularmachine.com\/wp-content\/uploads\/2025\/07\/tire-bead-remover-and-cutter-machine.webp 720w, https:\/\/www.plasticgranularmachine.com\/wp-content\/uploads\/2025\/07\/tire-bead-remover-and-cutter-machine-300x225.webp 300w, https:\/\/www.plasticgranularmachine.com\/wp-content\/uploads\/2025\/07\/tire-bead-remover-and-cutter-machine-16x12.webp 16w\" sizes=\"auto, (max-width: 720px) 100vw, 720px\" \/><figcaption class=\"wp-element-caption\">machine de retrait et de d\u00e9coupe de talon de pneu<\/figcaption><\/figure> <\/div>   <h3 class=\"wp-block-heading\">\u25b6 Pour pneus OTR (1400\u20134000mm)<\/h3>    <p class=\"translation-block\">Nous proposons deux solutions flexibles <a href=\"https:\/\/www.plasticgranularmachine.com\/fr\/product\/otr-tire-recycling-line\/\" data-type=\"link\" data-id=\"https:\/\/www.plasticgranularmachine.com\/product\/otr-tire-recycling-line\/\">de recyclage de pneus OTR<\/a>:<\/p>    <ul class=\"wp-block-list\"> <li><strong>Plan A<\/strong>:<br>D\u00e9beader de pneus OTR \u2192 Machine de d\u00e9coupe de pneus usag\u00e9s OTR \u2192 D\u00e9chiqueteuse de pneus \u2192 Granulateur de caoutchouc<\/li>    <li><strong>Plan B<\/strong>:<br>Machine de d\u00e9montage de pneus OTR \u2192 Coupeur de pneus OTR \u2192 Broyeur de pneus usag\u00e9s \u2192 Meuleuse de pneus<\/li> <\/ul>    <p>Ces machines sont sp\u00e9cialement con\u00e7ues pour les pneus de mining surdimensionn\u00e9s, y compris le R63, garantissant une r\u00e9duction de taille fiable et un recyclage \u00e0 haute efficacit\u00e9.<\/p>    <h2 class=\"wp-block-heading\">Comment choisir le bon coupe-pneu en caoutchouc pour le pr\u00e9traitement ?<\/h2>    <p>Sur la base des informations ci-dessus, vous avez maintenant une compr\u00e9hension de base des diff\u00e9rentes machines de d\u00e9coupe de pneus. Alors, comment choisir la bonne ?<\/p>    <p>1. D\u00e9terminer la taille et le type de pneu<\/p>    <ul class=\"wp-block-list\"> <li>Diam\u00e8tre du pneu &gt; 1400 mm : Utilisez la machine de d\u00e9coupe de pneus OTR, adapt\u00e9e aux grands pneus tout-terrain (OTR) et de mining.<\/li>    <li>Diam\u00e8tre du pneu \u2264 1200 mm : Proc\u00e9dez \u00e0 choisir entre des options semi-automatiques et enti\u00e8rement automatiques.<\/li> <\/ul>    <p>2. Choisissez la m\u00e9thode de d\u00e9coupe en fonction de votre budget et de votre capacit\u00e9<\/p>    <ul class=\"wp-block-list\"> <li>Si vous avez un <strong>budget limit\u00e9 ou une op\u00e9ration de plus petite \u00e9chelle<\/strong>, un <strong>solution de recyclage de pneus semi-automatique<\/strong> \u2014 y compris le coupeur de flanc de pneu, le coupeur de bandes et le coupeur de blocs \u2014 est un choix pratique et \u00e9conomique.<\/li>    <li>Si vous avez besoin <strong>d'une haute efficacit\u00e9, d'automatisation et de r\u00e9duction de la main-d'\u0153uvre<\/strong>, optez pour notre machine de d\u00e9coupe de pneus usag\u00e9s enti\u00e8rement automatique standard.<\/li> <\/ul>    <p>Vous n'\u00eates toujours pas s\u00fbr ? Pas de probl\u00e8me ! Notre \u00e9quipe de vente exp\u00e9riment\u00e9e vous aidera \u00e0 s\u00e9lectionner ou \u00e0 personnaliser la solution de d\u00e9coupe de pneus id\u00e9ale pour vos besoins sp\u00e9cifiques en mati\u00e8re de recyclage. N'h\u00e9sitez pas \u00e0 nous contacter !<\/p>","protected":false},"excerpt":{"rendered":"<p>In fully automatic rubber powder production lines, the waste tire cutting machine is important equipment used to pretreat tires before shredding. It cuts complete tires into 2-3 sections that are easy to put into the subsequent tire shredder. We offer two types of efficient tire cutters that can process standard automotive tires up to 1200 [&hellip;]<\/p>\n","protected":false},"author":1,"featured_media":1856,"parent":0,"template":"","tags":[],"product-type":[75],"class_list":["post-1848","product","type-product","status-publish","has-post-thumbnail","hentry","product-type-tire-recycling-facility"],"_links":{"self":[{"href":"https:\/\/www.plasticgranularmachine.com\/fr\/wp-json\/wp\/v2\/product\/1848","targetHints":{"allow":["GET"]}}],"collection":[{"href":"https:\/\/www.plasticgranularmachine.com\/fr\/wp-json\/wp\/v2\/product"}],"about":[{"href":"https:\/\/www.plasticgranularmachine.com\/fr\/wp-json\/wp\/v2\/types\/product"}],"author":[{"embeddable":true,"href":"https:\/\/www.plasticgranularmachine.com\/fr\/wp-json\/wp\/v2\/users\/1"}],"wp:featuredmedia":[{"embeddable":true,"href":"https:\/\/www.plasticgranularmachine.com\/fr\/wp-json\/wp\/v2\/media\/1856"}],"wp:attachment":[{"href":"https:\/\/www.plasticgranularmachine.com\/fr\/wp-json\/wp\/v2\/media?parent=1848"}],"wp:term":[{"taxonomy":"post_tag","embeddable":true,"href":"https:\/\/www.plasticgranularmachine.com\/fr\/wp-json\/wp\/v2\/tags?post=1848"},{"taxonomy":"product-type","embeddable":true,"href":"https:\/\/www.plasticgranularmachine.com\/fr\/wp-json\/wp\/v2\/product-type?post=1848"}],"curies":[{"name":"wp","href":"https:\/\/api.w.org\/{rel}","templated":true}]}}