{"id":1860,"date":"2025-08-04T14:37:16","date_gmt":"2025-08-04T06:37:16","guid":{"rendered":"https:\/\/www.plasticgranularmachine.com\/?post_type=product&#038;p=1860"},"modified":"2025-08-04T15:44:59","modified_gmt":"2025-08-04T07:44:59","slug":"tire-debeader-for-sale","status":"publish","type":"product","link":"https:\/\/www.plasticgranularmachine.com\/fr\/product\/tire-debeader-for-sale\/","title":{"rendered":"D\u00e9bavureuse de pneus \u00e0 vendre | Machines \u00e0 dessiner des fils pour pneus standards et OTR"},"content":{"rendered":"<p>Dans le processus de recyclage des pneus usag\u00e9s, la machine \u00e0 d\u00e9biter les pneus est utilis\u00e9e pour extraire les fils d'acier int\u00e9gr\u00e9s des pneus en tant que premi\u00e8re \u00e9tape cruciale. Cela \u00e9vite d'endommager les \u00e9quipements en aval, am\u00e9liore l'efficacit\u00e9 globale du traitement et permet la r\u00e9cup\u00e9ration et le recyclage s\u00e9par\u00e9s des fils d'acier.<\/p>    <p>Nous proposons une gamme compl\u00e8te de machines \u00e0 d\u00e9janter les pneus \u00e0 vendre, y compris des mod\u00e8les pour pneus standards (900\u20131200 mm) et des pneus OTR extra-larges (1400\u20134000 mm).<\/p>   <div class=\"wp-block-image\"> <figure class=\"aligncenter size-full\"><img loading=\"lazy\" decoding=\"async\" width=\"720\" height=\"540\" src=\"https:\/\/www.plasticgranularmachine.com\/wp-content\/uploads\/2025\/08\/effect-of-the-tyre-debeading.webp\" alt=\"effet du d\u00e9gonflage du pneu\" class=\"wp-image-1864\" srcset=\"https:\/\/www.plasticgranularmachine.com\/wp-content\/uploads\/2025\/08\/effect-of-the-tyre-debeading.webp 720w, https:\/\/www.plasticgranularmachine.com\/wp-content\/uploads\/2025\/08\/effect-of-the-tyre-debeading-300x225.webp 300w, https:\/\/www.plasticgranularmachine.com\/wp-content\/uploads\/2025\/08\/effect-of-the-tyre-debeading-16x12.webp 16w\" sizes=\"auto, (max-width: 720px) 100vw, 720px\" \/><figcaption class=\"wp-element-caption\">Effet du d\u00e9jantage des pneus<\/figcaption><\/figure> <\/div>   <h2 class=\"wp-block-heading\">Diff\u00e9rentes machines \u00e0 d\u00e9nuder les pneus \u00e0 vendre<\/h2>    <h3 class=\"wp-block-heading\">Machine de d\u00e9beadage de pneus standard (pour pneus de 900 \u00e0 1200 mm)<\/h3>    <p>La machine de d\u00e9beadage peut traiter des pneus de 900 \u00e0 1200 mm, tels que des pneus de voiture, des pneus de bus, des pneus de camion, etc. Ensuite, elle produit :<\/p>    <ul class=\"wp-block-list\"> <li>Anneaux de fil d'acier extraits (peuvent \u00eatre revendus comme m\u00e9tal \u00e0 recycler)<\/li>    <li>Pneus sans fil d'acier (plus faciles \u00e0 d\u00e9chiqueter et \u00e0 traiter)<\/li> <\/ul>    <p>Il existe deux types de machines de d\u00e9beadage de pneus \u00e0 vendre.<\/p>    <figure class=\"wp-block-table\"><table><tbody><tr><td>Mod\u00e8le<\/td><td>Machine de d\u00e9jantage de pneus \u00e0 crochet simple<\/td><td>D\u00e9jantage de pneus \u00e0 double crochet<\/td><\/tr><tr><td>Pouvoir<\/td><td>11 KW<\/td><td>18,5 kW<\/td><\/tr><tr><td>Capacit\u00e9<\/td><td>20-30 pneus\/h<\/td><td>40-50 pneus\/h<\/td><\/tr><tr><td>Taille de la machine<\/td><td>4.1*0.7*1.7 m<\/td><td>4.2*0.9*1.7 m<\/td><\/tr><tr><td>Poids de la machine<\/td><td>1400 kg<\/td><td>1500 kg<\/td><\/tr><\/tbody><\/table><\/figure>    <figure class=\"wp-block-gallery has-nested-images columns-default is-cropped wp-block-gallery-2 is-layout-flex wp-block-gallery-is-layout-flex\"> <figure class=\"wp-block-image size-large\"><img loading=\"lazy\" decoding=\"async\" width=\"720\" height=\"540\" data-id=\"1869\" src=\"https:\/\/www.plasticgranularmachine.com\/wp-content\/uploads\/2025\/08\/single-hook-tire-debeader-for-sale.webp\" alt=\"d\u00e9montage de pneus \u00e0 crochet unique \u00e0 vendre\" class=\"wp-image-1869\" srcset=\"https:\/\/www.plasticgranularmachine.com\/wp-content\/uploads\/2025\/08\/single-hook-tire-debeader-for-sale.webp 720w, https:\/\/www.plasticgranularmachine.com\/wp-content\/uploads\/2025\/08\/single-hook-tire-debeader-for-sale-300x225.webp 300w, https:\/\/www.plasticgranularmachine.com\/wp-content\/uploads\/2025\/08\/single-hook-tire-debeader-for-sale-16x12.webp 16w\" sizes=\"auto, (max-width: 720px) 100vw, 720px\" \/><figcaption class=\"wp-element-caption\">d\u00e9montage de pneus \u00e0 crochet unique \u00e0 vendre<\/figcaption><\/figure>    <figure class=\"wp-block-image size-full\"><img loading=\"lazy\" decoding=\"async\" width=\"720\" height=\"540\" data-id=\"1872\" src=\"https:\/\/www.plasticgranularmachine.com\/wp-content\/uploads\/2025\/08\/tire-bead-wire-remover-machine.webp\" alt=\"machine \u00e0 enlever le fil de talon de pneu\" class=\"wp-image-1872\" srcset=\"https:\/\/www.plasticgranularmachine.com\/wp-content\/uploads\/2025\/08\/tire-bead-wire-remover-machine.webp 720w, https:\/\/www.plasticgranularmachine.com\/wp-content\/uploads\/2025\/08\/tire-bead-wire-remover-machine-300x225.webp 300w, https:\/\/www.plasticgranularmachine.com\/wp-content\/uploads\/2025\/08\/tire-bead-wire-remover-machine-16x12.webp 16w\" sizes=\"auto, (max-width: 720px) 100vw, 720px\" \/><figcaption class=\"wp-element-caption\">machine \u00e0 enlever le fil de talon de pneu<\/figcaption><\/figure>    <figure class=\"wp-block-image size-large\"><img loading=\"lazy\" decoding=\"async\" width=\"720\" height=\"540\" data-id=\"1862\" src=\"https:\/\/www.plasticgranularmachine.com\/wp-content\/uploads\/2025\/08\/double-hook-tire-debeader-machine.webp\" alt=\"machine de d\u00e9chirement de pneus \u00e0 double crochet\" class=\"wp-image-1862\" srcset=\"https:\/\/www.plasticgranularmachine.com\/wp-content\/uploads\/2025\/08\/double-hook-tire-debeader-machine.webp 720w, https:\/\/www.plasticgranularmachine.com\/wp-content\/uploads\/2025\/08\/double-hook-tire-debeader-machine-300x225.webp 300w, https:\/\/www.plasticgranularmachine.com\/wp-content\/uploads\/2025\/08\/double-hook-tire-debeader-machine-16x12.webp 16w\" sizes=\"auto, (max-width: 720px) 100vw, 720px\" \/><figcaption class=\"wp-element-caption\">machine de d\u00e9chirement de pneus \u00e0 double crochet<\/figcaption><\/figure> <\/figure>    <h3 class=\"wp-block-heading\">Machine de tirage de fil de pneus OTR (pour pneus de 1400 \u00e0 4000 mm)<\/h3>    <p>La machine de d\u00e9jantage de pneus OTR est sp\u00e9cialement con\u00e7ue pour manipuler des pneus OTR de 1400 \u00e0 4000 mm, y compris les pneus de mining, les pneus de terrassement, les pneus de construction, etc. Ses param\u00e8tres sont les suivants :<\/p>    <figure class=\"wp-block-table\"><table class=\"has-fixed-layout\"><tbody><tr><td>Nom<\/td><td>machine \u00e0 tirer le fil de pneus OTR<\/td><\/tr><tr><td>Capacit\u00e9<\/td><td>30 coupes\/h<\/td><\/tr><tr><td>Pouvoir<\/td><td>22+3 KW<\/td><\/tr><tr><td>Taille de la machine<\/td><td>7.5*2.2*3.3<\/td><\/tr><tr><td>Poids de la machine<\/td><td>9500 kg<\/td><\/tr><\/tbody><\/table><\/figure>    <figure class=\"wp-block-gallery has-nested-images columns-default is-cropped wp-block-gallery-3 is-layout-flex wp-block-gallery-is-layout-flex\"> <figure class=\"wp-block-image size-full\"><img loading=\"lazy\" decoding=\"async\" width=\"720\" height=\"540\" data-id=\"1865\" src=\"https:\/\/www.plasticgranularmachine.com\/wp-content\/uploads\/2025\/08\/OTR-tire-debeader-for-sale.webp\" alt=\"D\u00e9chireur de pneus OTR \u00e0 vendre\" class=\"wp-image-1865\" srcset=\"https:\/\/www.plasticgranularmachine.com\/wp-content\/uploads\/2025\/08\/OTR-tire-debeader-for-sale.webp 720w, https:\/\/www.plasticgranularmachine.com\/wp-content\/uploads\/2025\/08\/OTR-tire-debeader-for-sale-300x225.webp 300w, https:\/\/www.plasticgranularmachine.com\/wp-content\/uploads\/2025\/08\/OTR-tire-debeader-for-sale-16x12.webp 16w\" sizes=\"auto, (max-width: 720px) 100vw, 720px\" \/><figcaption class=\"wp-element-caption\">D\u00e9chireur de pneus OTR \u00e0 vendre<\/figcaption><\/figure>    <figure class=\"wp-block-image size-large\"><img loading=\"lazy\" decoding=\"async\" width=\"540\" height=\"720\" data-id=\"1866\" src=\"https:\/\/www.plasticgranularmachine.com\/wp-content\/uploads\/2025\/08\/OTR-tire-steel-wire-drawing-machine.webp\" alt=\"Machine \u00e0 tirer le fil d&#039;acier pour pneus OTR\" class=\"wp-image-1866\" srcset=\"https:\/\/www.plasticgranularmachine.com\/wp-content\/uploads\/2025\/08\/OTR-tire-steel-wire-drawing-machine.webp 540w, https:\/\/www.plasticgranularmachine.com\/wp-content\/uploads\/2025\/08\/OTR-tire-steel-wire-drawing-machine-225x300.webp 225w, https:\/\/www.plasticgranularmachine.com\/wp-content\/uploads\/2025\/08\/OTR-tire-steel-wire-drawing-machine-9x12.webp 9w\" sizes=\"auto, (max-width: 540px) 100vw, 540px\" \/><figcaption class=\"wp-element-caption\">Machine \u00e0 tirer le fil d'acier pour pneus OTR<\/figcaption><\/figure>    <figure class=\"wp-block-image size-large\"><img loading=\"lazy\" decoding=\"async\" width=\"540\" height=\"720\" data-id=\"1867\" src=\"https:\/\/www.plasticgranularmachine.com\/wp-content\/uploads\/2025\/08\/OTR-tire-wire-extractor.webp\" alt=\"Extracteur de fil pour pneus OTR\" class=\"wp-image-1867\" srcset=\"https:\/\/www.plasticgranularmachine.com\/wp-content\/uploads\/2025\/08\/OTR-tire-wire-extractor.webp 540w, https:\/\/www.plasticgranularmachine.com\/wp-content\/uploads\/2025\/08\/OTR-tire-wire-extractor-225x300.webp 225w, https:\/\/www.plasticgranularmachine.com\/wp-content\/uploads\/2025\/08\/OTR-tire-wire-extractor-9x12.webp 9w\" sizes=\"auto, (max-width: 540px) 100vw, 540px\" \/><figcaption class=\"wp-element-caption\">Extracteur de fil pour pneus OTR<\/figcaption><\/figure> <\/figure>    <h2 class=\"wp-block-heading\">Pourquoi choisir notre machine \u00e0 extraire les fils de pneus ?<\/h2>    <ul class=\"wp-block-list\"> <li><strong>Prot\u00e8ge les lames de d\u00e9chiqueteuse :<\/strong> Emp\u00eache le fil d'acier d'endommager les lames dans le d\u00e9chiqueteur ou le concasseur<\/li>    <li><strong>Am\u00e9liore l'efficacit\u00e9 :<\/strong> Le pr\u00e9traitement simplifie le d\u00e9chiquetage et le broyage des pneus, \u00e9conomisant du temps et de l'\u00e9nergie<\/li>    <li><strong>R\u00e9cup\u00e9ration de l'acier :<\/strong> Les fils de talon extraits sont recyclables et peuvent \u00eatre vendus pour un profit<\/li>    <li><strong>Structure solide et composants durables :<\/strong> Cadre en acier haute r\u00e9sistance et crochets r\u00e9sistants \u00e0 l'usure garantissent une longue dur\u00e9e de vie<\/li>    <li><strong>Options flexibles<\/strong>: Plusieurs mod\u00e8les pour s'adapter \u00e0 diff\u00e9rentes tailles de pneus et niveaux d'automatisation<\/li>    <li><strong>Services parfaits :<\/strong> Nous offrons des machines personnalis\u00e9es, des conseils techniques, une installation sur site et un support apr\u00e8s-vente complet.<\/li> <\/ul>   <div class=\"wp-block-image\"> <figure class=\"aligncenter size-full\"><img loading=\"lazy\" decoding=\"async\" width=\"720\" height=\"540\" src=\"https:\/\/www.plasticgranularmachine.com\/wp-content\/uploads\/2025\/08\/details-of-the-tire-debeader-machine.webp\" alt=\"d\u00e9tails de la machine \u00e0 d\u00e9barder les pneus\" class=\"wp-image-1861\" srcset=\"https:\/\/www.plasticgranularmachine.com\/wp-content\/uploads\/2025\/08\/details-of-the-tire-debeader-machine.webp 720w, https:\/\/www.plasticgranularmachine.com\/wp-content\/uploads\/2025\/08\/details-of-the-tire-debeader-machine-300x225.webp 300w, https:\/\/www.plasticgranularmachine.com\/wp-content\/uploads\/2025\/08\/details-of-the-tire-debeader-machine-16x12.webp 16w\" sizes=\"auto, (max-width: 720px) 100vw, 720px\" \/><figcaption class=\"wp-element-caption\">d\u00e9tails de la machine \u00e0 d\u00e9barder les pneus<\/figcaption><\/figure> <\/div>   <h2 class=\"wp-block-heading\">Comment fonctionne la machine \u00e0 tirer les fils de pneus ?<\/h2>    <p>La machine \u00e0 d\u00e9janter fonctionne hydrauliquement. Un crochet en acier (simple ou double) saisit le fil d'acier \u00e0 l'int\u00e9rieur du talon du pneu. Sous la force hydraulique, le fil est tir\u00e9 proprement et collect\u00e9.<\/p>    <ul class=\"wp-block-list\"> <li>Les mod\u00e8les \u00e0 crochet simple retirent le talon d'un c\u00f4t\u00e9 \u00e0 la fois.<\/li>    <li>Le d\u00e9biteur de pneus \u00e0 double crochet retire les deux c\u00f4t\u00e9s simultan\u00e9ment<\/li>    <li>Les machines de tirage de fil pour pneus OTR utilisent une puissance hydraulique am\u00e9lior\u00e9e et des crochets surdimensionn\u00e9s pour les pneus de mine g\u00e9ants.<\/li> <\/ul>    <p>Tous les mod\u00e8les sont construits avec des cadres robustes et disposent d'un serrage s\u00e9curis\u00e9 pour \u00e9viter le glissement des pneus pendant l'op\u00e9ration.<\/p>    <figure class=\"wp-block-gallery has-nested-images columns-default is-cropped wp-block-gallery-4 is-layout-flex wp-block-gallery-is-layout-flex\"> <figure class=\"wp-block-image size-large\"><img loading=\"lazy\" decoding=\"async\" width=\"720\" height=\"540\" data-id=\"1871\" src=\"https:\/\/www.plasticgranularmachine.com\/wp-content\/uploads\/2025\/08\/single-hook-tyre-debeader-for-sale.webp\" alt=\"d\u00e9bardeuse de pneus \u00e0 crochet simple \u00e0 vendre\" class=\"wp-image-1871\" srcset=\"https:\/\/www.plasticgranularmachine.com\/wp-content\/uploads\/2025\/08\/single-hook-tyre-debeader-for-sale.webp 720w, https:\/\/www.plasticgranularmachine.com\/wp-content\/uploads\/2025\/08\/single-hook-tyre-debeader-for-sale-300x225.webp 300w, https:\/\/www.plasticgranularmachine.com\/wp-content\/uploads\/2025\/08\/single-hook-tyre-debeader-for-sale-16x12.webp 16w\" sizes=\"auto, (max-width: 720px) 100vw, 720px\" \/><figcaption class=\"wp-element-caption\">d\u00e9bardeuse de pneus \u00e0 crochet simple \u00e0 vendre<\/figcaption><\/figure>    <figure class=\"wp-block-image size-large\"><img loading=\"lazy\" decoding=\"async\" width=\"720\" height=\"540\" data-id=\"1863\" src=\"https:\/\/www.plasticgranularmachine.com\/wp-content\/uploads\/2025\/08\/double-hook-tire-wire-drawing-machine.webp\" alt=\"machine \u00e0 tirer les fils de pneus \u00e0 double crochet\" class=\"wp-image-1863\" srcset=\"https:\/\/www.plasticgranularmachine.com\/wp-content\/uploads\/2025\/08\/double-hook-tire-wire-drawing-machine.webp 720w, https:\/\/www.plasticgranularmachine.com\/wp-content\/uploads\/2025\/08\/double-hook-tire-wire-drawing-machine-300x225.webp 300w, https:\/\/www.plasticgranularmachine.com\/wp-content\/uploads\/2025\/08\/double-hook-tire-wire-drawing-machine-16x12.webp 16w\" sizes=\"auto, (max-width: 720px) 100vw, 720px\" \/><figcaption class=\"wp-element-caption\">machine \u00e0 tirer les fils de pneus \u00e0 double crochet<\/figcaption><\/figure>    <figure class=\"wp-block-image size-large\"><img loading=\"lazy\" decoding=\"async\" width=\"720\" height=\"540\" data-id=\"1865\" src=\"https:\/\/www.plasticgranularmachine.com\/wp-content\/uploads\/2025\/08\/OTR-tire-debeader-for-sale.webp\" alt=\"D\u00e9chireur de pneus OTR \u00e0 vendre\" class=\"wp-image-1865\" srcset=\"https:\/\/www.plasticgranularmachine.com\/wp-content\/uploads\/2025\/08\/OTR-tire-debeader-for-sale.webp 720w, https:\/\/www.plasticgranularmachine.com\/wp-content\/uploads\/2025\/08\/OTR-tire-debeader-for-sale-300x225.webp 300w, https:\/\/www.plasticgranularmachine.com\/wp-content\/uploads\/2025\/08\/OTR-tire-debeader-for-sale-16x12.webp 16w\" sizes=\"auto, (max-width: 720px) 100vw, 720px\" \/><figcaption class=\"wp-element-caption\">D\u00e9chireur de pneus OTR \u00e0 vendre<\/figcaption><\/figure> <\/figure>    <h2 class=\"wp-block-heading\">Comment choisir la bonne machine \u00e0 d\u00e9nuder les pneus ?<\/h2>    <ul class=\"wp-block-list\"> <li>Pour le recyclage de pneus plus petits (900-1200 mm) : choisissez la machine \u00e0 tirer les fils de pneus \u00e0 crochet simple ou double. La version \u00e0 double crochet est recommand\u00e9e pour des besoins de production plus \u00e9lev\u00e9s.<\/li>    <li>Pour le recyclage des pneus OTR g\u00e9ants (1800-4000 mm) : Utilisez le d\u00e9bosseleur de pneus OTR \u00e0 vendre, sp\u00e9cialement con\u00e7u pour les structures de bande de roulement \u00e9paisses et de flancs lourds.<\/li> <\/ul>    <p class=\"translation-block\">N'h\u00e9sitez pas \u00e0 nous envoyer vos besoins de production, et nous vous recommanderons ou personnaliserons la machine d'enl\u00e8vement de fils de pneus appropri\u00e9e pour enlever efficacement les jantes en acier et les faire correspondre avec des <a href=\"https:\/\/www.plasticgranularmachine.com\/fr\/product\/waste-tire-cutting-machine\/\" data-type=\"link\" data-id=\"https:\/\/www.plasticgranularmachine.com\/product\/waste-tire-cutting-machine\/\">machines de coupe de pneus<\/a> ou des <a href=\"https:\/\/www.plasticgranularmachine.com\/fr\/product\/tire-shredder-machine-for-sale\/\" data-type=\"link\" data-id=\"https:\/\/www.plasticgranularmachine.com\/product\/tire-shredder-machine-for-sale\/\">broyeurs de pneus<\/a> ult\u00e9rieurs.<\/p>    <h2 class=\"wp-block-heading\">Contactez-nous pour des machines \u00e0 d\u00e9nuder les pneus \u00e0 vendre<\/h2>    <p>Pr\u00eat \u00e0 am\u00e9liorer l'efficacit\u00e9 de votre recyclage de pneus ? Contactez Shuliy Machinery d\u00e8s aujourd'hui pour un devis personnalis\u00e9 sur nos machines \u00e0 d\u00e9mailler les pneus. Nos ing\u00e9nieurs vous aideront \u00e0 choisir le mod\u00e8le le plus adapt\u00e9 en fonction de vos types de pneus, de vos besoins de production et de votre budget.<\/p>","protected":false},"excerpt":{"rendered":"<p>In the waste tire recycling process, the tire debeader machine is used to extract the embedded steel bead wires from the tires as a crucial first step. This prevents damage to downstream equipment, enhances overall processing efficiency, and enables the separate recovery and recycling of steel wires. We offer a complete line of tire debeader [&hellip;]<\/p>\n","protected":false},"author":1,"featured_media":1863,"parent":0,"template":"","tags":[],"product-type":[75],"class_list":["post-1860","product","type-product","status-publish","has-post-thumbnail","hentry","product-type-tire-recycling-facility"],"_links":{"self":[{"href":"https:\/\/www.plasticgranularmachine.com\/fr\/wp-json\/wp\/v2\/product\/1860","targetHints":{"allow":["GET"]}}],"collection":[{"href":"https:\/\/www.plasticgranularmachine.com\/fr\/wp-json\/wp\/v2\/product"}],"about":[{"href":"https:\/\/www.plasticgranularmachine.com\/fr\/wp-json\/wp\/v2\/types\/product"}],"author":[{"embeddable":true,"href":"https:\/\/www.plasticgranularmachine.com\/fr\/wp-json\/wp\/v2\/users\/1"}],"wp:featuredmedia":[{"embeddable":true,"href":"https:\/\/www.plasticgranularmachine.com\/fr\/wp-json\/wp\/v2\/media\/1863"}],"wp:attachment":[{"href":"https:\/\/www.plasticgranularmachine.com\/fr\/wp-json\/wp\/v2\/media?parent=1860"}],"wp:term":[{"taxonomy":"post_tag","embeddable":true,"href":"https:\/\/www.plasticgranularmachine.com\/fr\/wp-json\/wp\/v2\/tags?post=1860"},{"taxonomy":"product-type","embeddable":true,"href":"https:\/\/www.plasticgranularmachine.com\/fr\/wp-json\/wp\/v2\/product-type?post=1860"}],"curies":[{"name":"wp","href":"https:\/\/api.w.org\/{rel}","templated":true}]}}