{"id":1888,"date":"2025-08-18T15:44:32","date_gmt":"2025-08-18T07:44:32","guid":{"rendered":"https:\/\/www.plasticgranularmachine.com\/?post_type=product&#038;p=1888"},"modified":"2025-08-18T15:44:34","modified_gmt":"2025-08-18T07:44:34","slug":"cotton-opener-machine","status":"publish","type":"product","link":"https:\/\/www.plasticgranularmachine.com\/fr\/product\/cotton-opener-machine\/","title":{"rendered":"Machine d'ouverture de coton textile pour le recyclage des fibres"},"content":{"rendered":"<p>Dans le recyclage textile, les mati\u00e8res premi\u00e8res denses doivent \u00eatre ouvertes avant de pouvoir \u00eatre trait\u00e9es. Notre machine industrielle d'ouverture de coton est la solution essentielle, con\u00e7ue pour d\u00e9chirer, desserrer et nettoyer agressivement les mat\u00e9riaux d\u00e9chets. Elle transforme les d\u00e9chets de faible valeur en fibres recycl\u00e9es de haute qualit\u00e9 et rentables, augmentant directement votre efficacit\u00e9 de production et votre r\u00e9sultat net.<\/p>    <h2 class=\"wp-block-heading\">Des d\u00e9chets bruts \u00e0 des fibres pr\u00e9cieuses<\/h2>    <p>Notre machine d'ouverture de fibres polyvalente est con\u00e7ue pour traiter une large gamme d'intrants. Que vous traitiez des chutes de denim r\u00e9sistantes, des d\u00e9chets de fil, des v\u00eatements post-consommation ou des balles de fibres de polyester compress\u00e9es, notre machine les d\u00e9compose efficacement. <\/p>    <p>Le r\u00e9sultat est une fibre recycl\u00e9e propre et uniforme, parfaitement adapt\u00e9e aux applications en aval de haute valeur comme le filage \u00e0 ouvert, la production de tissus non tiss\u00e9s pour l'isolation et les g\u00e9otextiles, ou comme rembourrage de qualit\u00e9 sup\u00e9rieure pour les matelas, les coussins et les int\u00e9rieurs automobiles.<\/p>    <figure class=\"wp-block-gallery has-nested-images columns-default is-cropped wp-block-gallery-2 is-layout-flex wp-block-gallery-is-layout-flex\"> <figure class=\"wp-block-image size-large\"><img loading=\"lazy\" decoding=\"async\" width=\"720\" height=\"540\" data-id=\"1896\" src=\"https:\/\/www.plasticgranularmachine.com\/wp-content\/uploads\/2025\/08\/used-gauze.webp\" alt=\"gaze usag\u00e9e\" class=\"wp-image-1896\" srcset=\"https:\/\/www.plasticgranularmachine.com\/wp-content\/uploads\/2025\/08\/used-gauze.webp 720w, https:\/\/www.plasticgranularmachine.com\/wp-content\/uploads\/2025\/08\/used-gauze-300x225.webp 300w, https:\/\/www.plasticgranularmachine.com\/wp-content\/uploads\/2025\/08\/used-gauze-16x12.webp 16w\" sizes=\"auto, (max-width: 720px) 100vw, 720px\" \/><figcaption class=\"wp-element-caption\">gaze usag\u00e9e<\/figcaption><\/figure>    <figure class=\"wp-block-image size-large\"><img loading=\"lazy\" decoding=\"async\" width=\"720\" height=\"540\" data-id=\"1897\" src=\"https:\/\/www.plasticgranularmachine.com\/wp-content\/uploads\/2025\/08\/waste-fibers.webp\" alt=\"fibres de d\u00e9chets\" class=\"wp-image-1897\" srcset=\"https:\/\/www.plasticgranularmachine.com\/wp-content\/uploads\/2025\/08\/waste-fibers.webp 720w, https:\/\/www.plasticgranularmachine.com\/wp-content\/uploads\/2025\/08\/waste-fibers-300x225.webp 300w, https:\/\/www.plasticgranularmachine.com\/wp-content\/uploads\/2025\/08\/waste-fibers-16x12.webp 16w\" sizes=\"auto, (max-width: 720px) 100vw, 720px\" \/><figcaption class=\"wp-element-caption\">fibres de d\u00e9chets<\/figcaption><\/figure>    <figure class=\"wp-block-image size-large\"><img loading=\"lazy\" decoding=\"async\" width=\"720\" height=\"540\" data-id=\"1893\" src=\"https:\/\/www.plasticgranularmachine.com\/wp-content\/uploads\/2025\/08\/discarded-denim.webp\" alt=\"denim jet\u00e9\" class=\"wp-image-1893\" srcset=\"https:\/\/www.plasticgranularmachine.com\/wp-content\/uploads\/2025\/08\/discarded-denim.webp 720w, https:\/\/www.plasticgranularmachine.com\/wp-content\/uploads\/2025\/08\/discarded-denim-300x225.webp 300w, https:\/\/www.plasticgranularmachine.com\/wp-content\/uploads\/2025\/08\/discarded-denim-16x12.webp 16w\" sizes=\"auto, (max-width: 720px) 100vw, 720px\" \/><figcaption class=\"wp-element-caption\">denim jet\u00e9<\/figcaption><\/figure> <\/figure>    <h2 class=\"wp-block-heading\">Caract\u00e9ristiques cl\u00e9s de notre machine d'ouverture de d\u00e9chets de coton<\/h2>    <p>Nous nous concentrons sur ce qui compte : performance, fiabilit\u00e9 et votre retour sur investissement.<\/p>    <ul class=\"wp-block-list\"> <li><strong>Performance polyvalente :<\/strong> Une v\u00e9ritable machine d'ouverture textile multi-mat\u00e9riaux, avec des mod\u00e8les \u00e9volutifs de 1 \u00e0 4 rouleaux pour correspondre parfaitement \u00e0 vos besoins en capacit\u00e9 et en mati\u00e8res premi\u00e8res.<\/li>    <li><strong>Fonctionnement puissant et ininterrompu :<\/strong> \u00c9quip\u00e9e de moteurs \u00e0 couple \u00e9lev\u00e9 (jusqu'\u00e0 40 kW) et de rouleaux \u00e0 pointes de grand diam\u00e8tre, elle traite sans effort m\u00eame les mat\u00e9riaux les plus difficiles sans se bloquer.<\/li>    <li><strong>Construction robuste pour un maximum de disponibilit\u00e9 :<\/strong> Le cadre robuste et lourd (jusqu'\u00e0 3 200 kg) minimise les vibrations, garantissant la stabilit\u00e9 op\u00e9rationnelle et r\u00e9duisant consid\u00e9rablement les co\u00fbts de maintenance \u00e0 long terme.<\/li>    <li><strong>Sortie \u00e0 haute puret\u00e9 :<\/strong> Un syst\u00e8me de ventilateur et de grille int\u00e9gr\u00e9 \u00e0 haute efficacit\u00e9 \u00e9limine efficacement la poussi\u00e8re, la salet\u00e9 et les impuret\u00e9s non fibreuses, offrant un produit final plus propre et augmentant sa valeur marchande.<\/li>    <li><strong>Conception ax\u00e9e sur la s\u00e9curit\u00e9 :<\/strong> Avec une structure enti\u00e8rement ferm\u00e9e, des syst\u00e8mes d'arr\u00eat d'urgence et une protection contre les surcharges de moteur, nos machines sont conformes aux normes CE et con\u00e7ues pour prot\u00e9ger votre \u00e9quipe.<\/li> <\/ul>    <h2 class=\"wp-block-heading\">Voyez-la en action : Des d\u00e9chets \u00e0 la richesse<\/h2>    <p>Les mots ne suffisent pas. Voyez comment notre machine d'ouverture de fibres transforme sans effort des tas de d\u00e9chets en \u00ab or blanc \u00bb propre, moelleux et pr\u00e9cieux.<\/p>    <h2 class=\"wp-block-heading\">Sp\u00e9cifications techniques : Trouvez votre correspondance parfaite<\/h2>    <p>Nos machines d'ouverture de coton disposent toutes d'une largeur de travail standard de 1000 mm et d'un diam\u00e8tre de rouleau de 250 mm pour des performances optimales. Vous pouvez utiliser ce tableau pour identifier le mod\u00e8le de machine d'ouverture de coton qui correspond le mieux \u00e0 vos objectifs op\u00e9rationnels.<\/p>    <figure class=\"wp-block-table\"><table><thead><tr><th>Mod\u00e8le<\/th><th>Capacit\u00e9 (kg\/h)<\/th><th>Puissance du moteur (kW)<\/th><th>Poids de la machine (kg)<\/th><th>Empreinte (L*W*H, mm)<\/th><th>Application id\u00e9ale<\/th><\/tr><\/thead><tbody><tr><td><strong>SL-1R<\/strong><\/td><td>150-180<\/td><td>11<\/td><td>800<\/td><td>2000*1700*1300<\/td><td>Startups, ouverture de fibres de base pour le rembourrage de jouets\/coussins.<\/td><\/tr><tr><td><strong>SL-2R<\/strong><\/td><td>180-220<\/td><td>29<\/td><td>1500<\/td><td>2900*1700*1300<\/td><td>Production de volume interm\u00e9diaire, traitement des d\u00e9chets de fil et des tissus plus doux.<\/td><\/tr><tr><td><strong>SL-3R<\/strong><\/td><td>200-250<\/td><td>34<\/td><td>2350<\/td><td>4000*1700*1300<\/td><td>Lignes \u00e0 fort volume, efficace sur des mat\u00e9riaux plus difficiles comme les d\u00e9chets de denim.<\/td><\/tr><tr><td><strong>SL-4R<\/strong><\/td><td>220-250<\/td><td>40<\/td><td>3200<\/td><td>5100*1700*1300<\/td><td>Nettoyage et ouverture maximaux pour des non-tiss\u00e9s de haute qualit\u00e9 ou du filage.<\/td><\/tr><\/tbody><\/table><\/figure>    <p class=\"translation-block\"><em>Remarque : Des personnalisations sont disponibles. Contactez-nous pour discuter de vos besoins sp\u00e9cifiques.<\/em><\/p>    <figure class=\"wp-block-gallery has-nested-images columns-default is-cropped wp-block-gallery-3 is-layout-flex wp-block-gallery-is-layout-flex\"> <figure class=\"wp-block-image size-large\"><img loading=\"lazy\" decoding=\"async\" width=\"720\" height=\"540\" data-id=\"1895\" src=\"https:\/\/www.plasticgranularmachine.com\/wp-content\/uploads\/2025\/08\/one-roller-fiber-opener.webp\" alt=\"machine d&#039;ouverture de fibres \u00e0 un rouleau\" class=\"wp-image-1895\" srcset=\"https:\/\/www.plasticgranularmachine.com\/wp-content\/uploads\/2025\/08\/one-roller-fiber-opener.webp 720w, https:\/\/www.plasticgranularmachine.com\/wp-content\/uploads\/2025\/08\/one-roller-fiber-opener-300x225.webp 300w, https:\/\/www.plasticgranularmachine.com\/wp-content\/uploads\/2025\/08\/one-roller-fiber-opener-16x12.webp 16w\" sizes=\"auto, (max-width: 720px) 100vw, 720px\" \/><figcaption class=\"wp-element-caption\">machine d'ouverture de fibres \u00e0 un rouleau<\/figcaption><\/figure>    <figure class=\"wp-block-image size-large\"><img loading=\"lazy\" decoding=\"async\" width=\"1024\" height=\"576\" data-id=\"1889\" src=\"https:\/\/www.plasticgranularmachine.com\/wp-content\/uploads\/2025\/08\/2-roller-cotten-waste-opening-machine-1024x576.webp\" alt=\"machine d&#039;ouverture de d\u00e9chets de coton \u00e0 2 rouleaux\" class=\"wp-image-1889\" srcset=\"https:\/\/www.plasticgranularmachine.com\/wp-content\/uploads\/2025\/08\/2-roller-cotten-waste-opening-machine-1024x576.webp 1024w, https:\/\/www.plasticgranularmachine.com\/wp-content\/uploads\/2025\/08\/2-roller-cotten-waste-opening-machine-300x169.webp 300w, https:\/\/www.plasticgranularmachine.com\/wp-content\/uploads\/2025\/08\/2-roller-cotten-waste-opening-machine-768x432.webp 768w, https:\/\/www.plasticgranularmachine.com\/wp-content\/uploads\/2025\/08\/2-roller-cotten-waste-opening-machine-18x10.webp 18w, https:\/\/www.plasticgranularmachine.com\/wp-content\/uploads\/2025\/08\/2-roller-cotten-waste-opening-machine.webp 1141w\" sizes=\"auto, (max-width: 1024px) 100vw, 1024px\" \/><figcaption class=\"wp-element-caption\">machine d'ouverture de d\u00e9chets de coton \u00e0 2 rouleaux<\/figcaption><\/figure> <\/figure>    <figure class=\"wp-block-gallery has-nested-images columns-default is-cropped wp-block-gallery-4 is-layout-flex wp-block-gallery-is-layout-flex\"> <figure class=\"wp-block-image size-large\"><img loading=\"lazy\" decoding=\"async\" width=\"720\" height=\"540\" data-id=\"1890\" src=\"https:\/\/www.plasticgranularmachine.com\/wp-content\/uploads\/2025\/08\/3-roller-cotton-opener-machine.webp\" alt=\"machine d&#039;ouverture de coton \u00e0 3 rouleaux\" class=\"wp-image-1890\" srcset=\"https:\/\/www.plasticgranularmachine.com\/wp-content\/uploads\/2025\/08\/3-roller-cotton-opener-machine.webp 720w, https:\/\/www.plasticgranularmachine.com\/wp-content\/uploads\/2025\/08\/3-roller-cotton-opener-machine-300x225.webp 300w, https:\/\/www.plasticgranularmachine.com\/wp-content\/uploads\/2025\/08\/3-roller-cotton-opener-machine-16x12.webp 16w\" sizes=\"auto, (max-width: 720px) 100vw, 720px\" \/><figcaption class=\"wp-element-caption\">machine d'ouverture de coton \u00e0 3 rouleaux<\/figcaption><\/figure>    <figure class=\"wp-block-image size-large\"><img loading=\"lazy\" decoding=\"async\" width=\"720\" height=\"540\" data-id=\"1891\" src=\"https:\/\/www.plasticgranularmachine.com\/wp-content\/uploads\/2025\/08\/4-roller-cotton-bale-opener-machine.webp\" alt=\"machine d&#039;ouverture de balles de coton \u00e0 4 rouleaux\" class=\"wp-image-1891\" srcset=\"https:\/\/www.plasticgranularmachine.com\/wp-content\/uploads\/2025\/08\/4-roller-cotton-bale-opener-machine.webp 720w, https:\/\/www.plasticgranularmachine.com\/wp-content\/uploads\/2025\/08\/4-roller-cotton-bale-opener-machine-300x225.webp 300w, https:\/\/www.plasticgranularmachine.com\/wp-content\/uploads\/2025\/08\/4-roller-cotton-bale-opener-machine-16x12.webp 16w\" sizes=\"auto, (max-width: 720px) 100vw, 720px\" \/><figcaption class=\"wp-element-caption\">machine d'ouverture de balles de coton \u00e0 4 rouleaux<\/figcaption><\/figure> <\/figure>    <h2 class=\"wp-block-heading\">Principe de fonctionnement de la machine d'ouverture de fibres<\/h2>    <p>La machine d'ouverture de coton fonctionne selon les \u00e9tapes suivantes : <\/p>    <ol class=\"wp-block-list\"> <li>Alimentation contr\u00f4l\u00e9e : Un syst\u00e8me de convoyeur livre des fibres de d\u00e9chets \u00e0 un rythme constant dans la chambre d'ouverture principale.<\/li>    <li>D\u00e9chirement \u00e0 grande vitesse : \u00c0 l'int\u00e9rieur de la chambre, un rouleau \u00e0 dents \u00e0 grande vitesse frappe et d\u00e9chire violemment le mat\u00e9riau, s\u00e9parant les fibres denses et emm\u00eal\u00e9es.<\/li>    <li>S\u00e9paration et d\u00e9charge : Les impuret\u00e9s sont simultan\u00e9ment \u00e9limin\u00e9es par un syst\u00e8me de grille \u00e0 poussi\u00e8re et de ventilateur, tandis que la fibre propre et ouverte est d\u00e9charg\u00e9e par le flux d'air.<\/li> <\/ol>    <h2 class=\"wp-block-heading\">Pourquoi choisir notre machine d'ouverture de balles de coton ?<\/h2>    <p>L'achat d'\u00e9quipement industriel est une d\u00e9cision importante. Nous fournissons un syst\u00e8me de support complet pour vous donner une tranquillit\u00e9 d'esprit totale.<\/p>    <ul class=\"wp-block-list\"> <li>Qualit\u00e9 mondialement reconnue : Notre \u00e9quipement est approuv\u00e9 par des clients dans le monde entier, avec des installations r\u00e9ussies sur des march\u00e9s exigeants comme le Mexique, la Turquie, l'Indon\u00e9sie et au-del\u00e0.<\/li>    <li>Avantage du fabricant direct : En achetant directement chez nous, vous b\u00e9n\u00e9ficiez d'un prix comp\u00e9titif, d'un acc\u00e8s direct \u00e0 nos experts techniques et de la flexibilit\u00e9 pour des personnalisations parfaitement adapt\u00e9es \u00e0 votre ligne de production.<\/li>    <li>Support technique \u00e0 vie : De l'aide \u00e0 la conception de l'agencement de la ligne de production \u00e0 l'assurance d'une livraison rapide des pi\u00e8ces de rechange, nous sommes votre partenaire \u00e0 long terme d\u00e9di\u00e9 \u00e0 votre succ\u00e8s.<\/li> <\/ul>    <figure class=\"wp-block-gallery has-nested-images columns-default is-cropped wp-block-gallery-5 is-layout-flex wp-block-gallery-is-layout-flex\"> <figure class=\"wp-block-image size-large\"><img loading=\"lazy\" decoding=\"async\" width=\"720\" height=\"540\" data-id=\"1894\" src=\"https:\/\/www.plasticgranularmachine.com\/wp-content\/uploads\/2025\/08\/Fiber-opening-machine-with-protective-cover.webp\" alt=\"Machine d&#039;ouverture de fibres avec couverture de protection\" class=\"wp-image-1894\" srcset=\"https:\/\/www.plasticgranularmachine.com\/wp-content\/uploads\/2025\/08\/Fiber-opening-machine-with-protective-cover.webp 720w, https:\/\/www.plasticgranularmachine.com\/wp-content\/uploads\/2025\/08\/Fiber-opening-machine-with-protective-cover-300x225.webp 300w, https:\/\/www.plasticgranularmachine.com\/wp-content\/uploads\/2025\/08\/Fiber-opening-machine-with-protective-cover-16x12.webp 16w\" sizes=\"auto, (max-width: 720px) 100vw, 720px\" \/><figcaption class=\"wp-element-caption\">Machine d'ouverture de fibres avec couverture de protection<\/figcaption><\/figure>    <figure class=\"wp-block-image size-large\"><img loading=\"lazy\" decoding=\"async\" width=\"721\" height=\"540\" data-id=\"1892\" src=\"https:\/\/www.plasticgranularmachine.com\/wp-content\/uploads\/2025\/08\/cotton-opener-machine-for-shipping.webp\" alt=\"machine d&#039;ouverture de coton pour exp\u00e9dition\" class=\"wp-image-1892\" srcset=\"https:\/\/www.plasticgranularmachine.com\/wp-content\/uploads\/2025\/08\/cotton-opener-machine-for-shipping.webp 721w, https:\/\/www.plasticgranularmachine.com\/wp-content\/uploads\/2025\/08\/cotton-opener-machine-for-shipping-300x225.webp 300w, https:\/\/www.plasticgranularmachine.com\/wp-content\/uploads\/2025\/08\/cotton-opener-machine-for-shipping-16x12.webp 16w\" sizes=\"auto, (max-width: 721px) 100vw, 721px\" \/><figcaption class=\"wp-element-caption\">machine d'ouverture de coton pour exp\u00e9dition<\/figcaption><\/figure> <\/figure>    <h2 class=\"wp-block-heading\">Pr\u00eat \u00e0 transformer vos d\u00e9chets en profit ?<\/h2>    <p class=\"translation-block\">Contactez nos sp\u00e9cialistes d\u00e8s aujourd'hui pour recevoir un devis personnalis\u00e9 pour votre projet. Faites-nous part de vos besoins et nous vous fournirons une proposition compl\u00e8te et un prix comp\u00e9titif pour votre ouvre-balle de coton ! De plus, nous proposons \u00e9galement des <a href=\"https:\/\/www.plasticgranularmachine.com\/fr\/product\/fabric-waste-cutting-machine\/\" data-type=\"link\" data-id=\"https:\/\/www.plasticgranularmachine.com\/product\/fabric-waste-cutting-machine\/\">machines de coupe de d\u00e9chets textiles<\/a> pour le recyclage.<\/p>","protected":false},"excerpt":{"rendered":"<p>In textile recycling, dense raw materials must be opened before they can be processed. Our industrial cotton opener machine is the essential solution, engineered to aggressively tear, loosen, and clean waste materials. It transforms low-value scraps into profitable, high-quality recycled fiber, directly boosting your production efficiency and bottom line. From Raw Waste to Valuable Fiber [&hellip;]<\/p>\n","protected":false},"author":1,"featured_media":1898,"parent":0,"template":"","tags":[],"product-type":[77],"class_list":["post-1888","product","type-product","status-publish","has-post-thumbnail","hentry","product-type-fiber-recycling-machine"],"_links":{"self":[{"href":"https:\/\/www.plasticgranularmachine.com\/fr\/wp-json\/wp\/v2\/product\/1888","targetHints":{"allow":["GET"]}}],"collection":[{"href":"https:\/\/www.plasticgranularmachine.com\/fr\/wp-json\/wp\/v2\/product"}],"about":[{"href":"https:\/\/www.plasticgranularmachine.com\/fr\/wp-json\/wp\/v2\/types\/product"}],"author":[{"embeddable":true,"href":"https:\/\/www.plasticgranularmachine.com\/fr\/wp-json\/wp\/v2\/users\/1"}],"wp:featuredmedia":[{"embeddable":true,"href":"https:\/\/www.plasticgranularmachine.com\/fr\/wp-json\/wp\/v2\/media\/1898"}],"wp:attachment":[{"href":"https:\/\/www.plasticgranularmachine.com\/fr\/wp-json\/wp\/v2\/media?parent=1888"}],"wp:term":[{"taxonomy":"post_tag","embeddable":true,"href":"https:\/\/www.plasticgranularmachine.com\/fr\/wp-json\/wp\/v2\/tags?post=1888"},{"taxonomy":"product-type","embeddable":true,"href":"https:\/\/www.plasticgranularmachine.com\/fr\/wp-json\/wp\/v2\/product-type?post=1888"}],"curies":[{"name":"wp","href":"https:\/\/api.w.org\/{rel}","templated":true}]}}