{"id":1899,"date":"2025-08-25T14:51:57","date_gmt":"2025-08-25T06:51:57","guid":{"rendered":"https:\/\/www.plasticgranularmachine.com\/?post_type=product&#038;p=1899"},"modified":"2025-08-25T14:51:58","modified_gmt":"2025-08-25T06:51:58","slug":"paper-pulping-machine","status":"publish","type":"product","link":"https:\/\/www.plasticgranularmachine.com\/fr\/product\/paper-pulping-machine\/","title":{"rendered":"Machine de mise en p\u00e2te de papier pour la fabrication de plateaux \u00e0 \u0153ufs"},"content":{"rendered":"<p>Au c\u0153ur de chaque production r\u00e9ussie de plateaux \u00e0 \u0153ufs ou de moulage de p\u00e2te se trouve un syst\u00e8me de mise en p\u00e2te puissant. Notre machine de mise en p\u00e2te de papier de qualit\u00e9 industrielle est con\u00e7ue pour un fonctionnement robuste et continu, fournissant la p\u00e2te homog\u00e8ne et de haute qualit\u00e9 sur laquelle votre entreprise d\u00e9pend. Cette machine est la premi\u00e8re \u00e9tape fondamentale, transformant les vieux papiers \u00e0 faible co\u00fbt en la mati\u00e8re premi\u00e8re pr\u00e9cieuse pour toute votre ligne de production.<\/p>    <h2 class=\"wp-block-heading\">Qu'est-ce qu'un Hydro Pulper ?<\/h2>    <p>Une pulpeuse hydraulique, \u00e9galement appel\u00e9e machine \u00e0 papier, est une cuve m\u00e9canique con\u00e7ue pour d\u00e9composer efficacement les mati\u00e8res premi\u00e8res telles que le papier usag\u00e9, les vieux cartons et le carton en une p\u00e2te fibreuse. C'est le c\u0153ur essentiel de tout syst\u00e8me de mise en p\u00e2te moderne, influen\u00e7ant directement la qualit\u00e9, la r\u00e9sistance et l'apparence du produit final. Sans une machine \u00e0 papier fiable, il est impossible d'atteindre une efficacit\u00e9 de production \u00e9lev\u00e9e et une production constante.<\/p>    <figure class=\"wp-block-gallery has-nested-images columns-default is-cropped wp-block-gallery-2 is-layout-flex wp-block-gallery-is-layout-flex\"> <figure class=\"wp-block-image size-large\"><img loading=\"lazy\" decoding=\"async\" width=\"720\" height=\"540\" data-id=\"1911\" src=\"https:\/\/www.plasticgranularmachine.com\/wp-content\/uploads\/2025\/08\/waster-papers.webp\" alt=\"papiers usag\u00e9s\" class=\"wp-image-1911\" srcset=\"https:\/\/www.plasticgranularmachine.com\/wp-content\/uploads\/2025\/08\/waster-papers.webp 720w, https:\/\/www.plasticgranularmachine.com\/wp-content\/uploads\/2025\/08\/waster-papers-300x225.webp 300w, https:\/\/www.plasticgranularmachine.com\/wp-content\/uploads\/2025\/08\/waster-papers-16x12.webp 16w\" sizes=\"auto, (max-width: 720px) 100vw, 720px\" \/><figcaption class=\"wp-element-caption\">papiers usag\u00e9s<\/figcaption><\/figure>    <figure class=\"wp-block-image size-large\"><img loading=\"lazy\" decoding=\"async\" width=\"720\" height=\"540\" data-id=\"1907\" src=\"https:\/\/www.plasticgranularmachine.com\/wp-content\/uploads\/2025\/08\/paper-pulp.webp\" alt=\"pulpe de papier\" class=\"wp-image-1907\" srcset=\"https:\/\/www.plasticgranularmachine.com\/wp-content\/uploads\/2025\/08\/paper-pulp.webp 720w, https:\/\/www.plasticgranularmachine.com\/wp-content\/uploads\/2025\/08\/paper-pulp-300x225.webp 300w, https:\/\/www.plasticgranularmachine.com\/wp-content\/uploads\/2025\/08\/paper-pulp-16x12.webp 16w\" sizes=\"auto, (max-width: 720px) 100vw, 720px\" \/><figcaption class=\"wp-element-caption\">pulpe de papier<\/figcaption><\/figure> <\/figure>    <h2 class=\"wp-block-heading\">Avantages techniques de notre machine de mise en p\u00e2te de papier<\/h2>    <p>Notre conception met l'accent sur la durabilit\u00e9, l'efficacit\u00e9 et la simplicit\u00e9 op\u00e9rationnelle pour maximiser votre retour sur investissement.<\/p>    <h3 class=\"wp-block-heading\">Mise en p\u00e2te efficace gr\u00e2ce \u00e0 l'action vortex<\/h3>    <p>La turbine \u00e0 haute vitesse de la machine g\u00e9n\u00e8re un puissant vortex, cr\u00e9ant une forte force centrifuge. Cette force fait circuler violemment le papier usag\u00e9 et l'eau, les faisant entrer en collision avec les composants internes de la machine et entre eux. Ce processus assure une d\u00e9sint\u00e9gration rapide. Un lot typique de papier usag\u00e9 peut \u00eatre trait\u00e9 en p\u00e2te uniforme en seulement 20 \u00e0 40 minutes, en fonction de la r\u00e9sistance du mat\u00e9riau.<\/p>   <div class=\"wp-block-image\"> <figure class=\"aligncenter size-full\"><img loading=\"lazy\" decoding=\"async\" width=\"720\" height=\"540\" src=\"https:\/\/www.plasticgranularmachine.com\/wp-content\/uploads\/2025\/08\/High-speed-impeller-of-the-paper-pulping-machine.webp\" alt=\"Turbine \u00e0 haute vitesse de la machine de mise en p\u00e2te de papier\" class=\"wp-image-1905\" srcset=\"https:\/\/www.plasticgranularmachine.com\/wp-content\/uploads\/2025\/08\/High-speed-impeller-of-the-paper-pulping-machine.webp 720w, https:\/\/www.plasticgranularmachine.com\/wp-content\/uploads\/2025\/08\/High-speed-impeller-of-the-paper-pulping-machine-300x225.webp 300w, https:\/\/www.plasticgranularmachine.com\/wp-content\/uploads\/2025\/08\/High-speed-impeller-of-the-paper-pulping-machine-16x12.webp 16w\" sizes=\"auto, (max-width: 720px) 100vw, 720px\" \/><figcaption class=\"wp-element-caption\">Turbine \u00e0 haute vitesse de la machine de mise en p\u00e2te de papier<\/figcaption><\/figure> <\/div>   <h3 class=\"wp-block-heading\">Construction robuste pour la long\u00e9vit\u00e9<\/h3>    <p>Fabriqu\u00e9 en acier robuste, notre hydro pulpeur est con\u00e7u pour r\u00e9sister \u00e0 l'environnement exigeant d'une utilisation industrielle continue. Les composants cl\u00e9s, y compris le moteur et le syst\u00e8me d'entra\u00eenement, sont s\u00e9lectionn\u00e9s pour leur fiabilit\u00e9 et leur longue dur\u00e9e de vie, garantissant un temps d'arr\u00eat minimal pour votre exploitation.<\/p>   <div class=\"wp-block-image\"> <figure class=\"aligncenter size-full\"><img loading=\"lazy\" decoding=\"async\" width=\"720\" height=\"540\" src=\"https:\/\/www.plasticgranularmachine.com\/wp-content\/uploads\/2025\/08\/Robust-industrial-paper-pulper-machine.webp\" alt=\"Machine industrielle robuste de pulpeur de papier\" class=\"wp-image-1909\" srcset=\"https:\/\/www.plasticgranularmachine.com\/wp-content\/uploads\/2025\/08\/Robust-industrial-paper-pulper-machine.webp 720w, https:\/\/www.plasticgranularmachine.com\/wp-content\/uploads\/2025\/08\/Robust-industrial-paper-pulper-machine-300x225.webp 300w, https:\/\/www.plasticgranularmachine.com\/wp-content\/uploads\/2025\/08\/Robust-industrial-paper-pulper-machine-16x12.webp 16w\" sizes=\"auto, (max-width: 720px) 100vw, 720px\" \/><figcaption class=\"wp-element-caption\">Machine industrielle robuste de pulpeur de papier<\/figcaption><\/figure> <\/div>   <h3 class=\"wp-block-heading\">Traitement polyvalent des mati\u00e8res premi\u00e8res<\/h3>    <p>Cet \u00e9quipement n'est pas limit\u00e9 \u00e0 un seul type de papier. Que vous utilisiez de vieux journaux, des d\u00e9chets de bureau ou que vous ayez besoin d'une machine de mise en p\u00e2te de carton d\u00e9di\u00e9e pour des mat\u00e9riaux ondul\u00e9s plus r\u00e9sistants, notre conception traite efficacement une large gamme d'intrants, vous offrant une flexibilit\u00e9 dans l'approvisionnement de vos mati\u00e8res premi\u00e8res.<\/p>    <h2 class=\"wp-block-heading\">Comment fonctionne notre machine de mise en p\u00e2te de carton ?<\/h2>    <p>Le processus est simple et efficace :<\/p>    <ul class=\"wp-block-list\"> <li><strong>Alimentation:<\/strong> Le papier usag\u00e9 est charg\u00e9 dans la cuve du pulpeur avec une quantit\u00e9 mesur\u00e9e d'eau.<\/li>    <li><strong>Pulpage :<\/strong> Le moteur entra\u00eene l'h\u00e9lice, cr\u00e9ant le vortex \u00e0 haute vitesse qui d\u00e9compose le papier en fibres individuelles.<\/li>    <li><strong>D\u00e9charge :<\/strong> Une fois que la consistance souhait\u00e9e est atteinte, la boue de pulpe finie est d\u00e9charg\u00e9e, pr\u00eate \u00e0 \u00eatre transf\u00e9r\u00e9e vers le <a href=\"https:\/\/www.plasticgranularmachine.com\/fr\/product\/egg-tray-making-machine\/\" data-type=\"link\" data-id=\"https:\/\/www.plasticgranularmachine.com\/product\/egg-tray-making-machine\/\">moulage de plateau \u00e0 \u0153ufs<\/a> \u00e9tape de votre ligne de production.<\/li> <\/ul>    <figure class=\"wp-block-image size-large\"><img loading=\"lazy\" decoding=\"async\" width=\"720\" height=\"540\" src=\"https:\/\/www.plasticgranularmachine.com\/wp-content\/uploads\/2025\/08\/slurry-pump.webp\" alt=\"pompe \u00e0 boue\" class=\"wp-image-1910\" srcset=\"https:\/\/www.plasticgranularmachine.com\/wp-content\/uploads\/2025\/08\/slurry-pump.webp 720w, https:\/\/www.plasticgranularmachine.com\/wp-content\/uploads\/2025\/08\/slurry-pump-300x225.webp 300w, https:\/\/www.plasticgranularmachine.com\/wp-content\/uploads\/2025\/08\/slurry-pump-16x12.webp 16w\" sizes=\"auto, (max-width: 720px) 100vw, 720px\" \/><figcaption class=\"wp-element-caption\">pompe \u00e0 boue<\/figcaption><\/figure>    <figure class=\"wp-block-image size-full\"><img loading=\"lazy\" decoding=\"async\" width=\"540\" height=\"720\" src=\"https:\/\/www.plasticgranularmachine.com\/wp-content\/uploads\/2025\/08\/mixer.webp\" alt=\"m\u00e9langeur\" class=\"wp-image-1906\" srcset=\"https:\/\/www.plasticgranularmachine.com\/wp-content\/uploads\/2025\/08\/mixer.webp 540w, https:\/\/www.plasticgranularmachine.com\/wp-content\/uploads\/2025\/08\/mixer-225x300.webp 225w, https:\/\/www.plasticgranularmachine.com\/wp-content\/uploads\/2025\/08\/mixer-9x12.webp 9w\" sizes=\"auto, (max-width: 540px) 100vw, 540px\" \/><figcaption class=\"wp-element-caption\">m\u00e9langeur<\/figcaption><\/figure>    <h2 class=\"wp-block-heading\">Sp\u00e9cifications techniques du pulpeur de papier<\/h2>    <p>Choisissez le bon mod\u00e8le pour correspondre parfaitement \u00e0 votre capacit\u00e9 de production. Les sp\u00e9cifications suivantes d\u00e9taillent notre gamme principale de machines de mise en p\u00e2te de papier.<\/p>    <figure class=\"wp-block-table\"><table><thead><tr><th>Mod\u00e8le<\/th><th>Volume<\/th><th>Puissance (kW)<\/th><th>Taille recommand\u00e9e du mouleur (Bras * C\u00f4t\u00e9s)<\/th><\/tr><\/thead><tbody><tr><td>Machine de mise en p\u00e2te de papier SL-1.2<\/td><td>1,2 m\u00b3<\/td><td>7,5 kW<\/td><td>WJ-1000-3*1, WJ-1500-4*1<\/td><\/tr><tr><td>Machine de mise en p\u00e2te de carton SL-2.5<\/td><td>2,5 m\u00b3<\/td><td>11 kW<\/td><td>WJ-1000-3*1, WJ-3000-4*4<\/td><\/tr><tr><td>Machine de fabrication de p\u00e2te \u00e0 papier SL-4<\/td><td>4 m\u00b3<\/td><td>18,5 kW<\/td><td>WJ-4000-4*8<\/td><\/tr><tr><td>Pulpeur de papier SL-5<\/td><td>5 m\u00b3<\/td><td>22 kW<\/td><td>WJ-5000-5*8<\/td><\/tr><tr><td>Machine pulpeuse SL-6 pour papier<\/td><td>6 m\u00b3<\/td><td>30 kW<\/td><td>WJ-7000-6*8<\/td><\/tr><tr><td>Hydro pulpeur SL-7<\/td><td>7m\u00b3<\/td><td>45 kW<\/td><td>WJ-7000-6*8<\/td><\/tr><\/tbody><\/table><\/figure>    <p class=\"translation-block\"><em>Note : Des mod\u00e8les personnalis\u00e9s sont disponibles pour r\u00e9pondre \u00e0 des exigences de capacit\u00e9 sp\u00e9cifiques.<\/em><\/p>    <h2 class=\"wp-block-heading\">Votre partenaire fiable pour les solutions de mise en p\u00e2te<\/h2>    <p>Investir dans la bonne machine de mise en p\u00e2te de papier est essentiel pour la rentabilit\u00e9 et la stabilit\u00e9 de votre entreprise. Nous fournissons non seulement une machine, mais une solution fiable soutenue par une expertise technique. Nous nous assurons que vous recevez un pulpeur durable et performant qui constitue le c\u0153ur fiable de votre ligne de production de plateaux \u00e0 \u0153ufs pour les ann\u00e9es \u00e0 venir.<\/p>    <p class=\"translation-block\">Pr\u00eat \u00e0 construire une <a href=\"https:\/\/www.plasticgranularmachine.com\/fr\/product\/egg-tray-production-line\/\" data-type=\"link\" data-id=\"https:\/\/www.plasticgranularmachine.com\/product\/egg-tray-production-line\/\">ligne de moulage de p\u00e2te<\/a> fiable et rentable ? Contactez nos ing\u00e9nieurs d\u00e8s aujourd'hui pour discuter des exigences de votre projet et recevoir une proposition technique et un devis sans engagement.<\/p>   <div class=\"wp-block-image\"> <figure class=\"aligncenter size-full\"><img loading=\"lazy\" decoding=\"async\" width=\"540\" height=\"720\" src=\"https:\/\/www.plasticgranularmachine.com\/wp-content\/uploads\/2025\/08\/Egg-tray-making-machines-shipping.webp\" alt=\"Exp\u00e9dition de machines de fabrication de plateaux \u00e0 \u0153ufs\" class=\"wp-image-1904\" srcset=\"https:\/\/www.plasticgranularmachine.com\/wp-content\/uploads\/2025\/08\/Egg-tray-making-machines-shipping.webp 540w, https:\/\/www.plasticgranularmachine.com\/wp-content\/uploads\/2025\/08\/Egg-tray-making-machines-shipping-225x300.webp 225w, https:\/\/www.plasticgranularmachine.com\/wp-content\/uploads\/2025\/08\/Egg-tray-making-machines-shipping-9x12.webp 9w\" sizes=\"auto, (max-width: 540px) 100vw, 540px\" \/><figcaption class=\"wp-element-caption\">Exp\u00e9dition de machines de fabrication de plateaux \u00e0 \u0153ufs<\/figcaption><\/figure> <\/div>","protected":false},"excerpt":{"rendered":"<p>At the heart of every successful egg tray or pulp molding production lies a powerful pulping system. Our industrial-grade paper pulping machine is engineered for robust, continuous operation, delivering the consistent, high-quality pulp slurry your business depends on. This machine is the foundational first step, transforming low-cost waste paper into the valuable raw material for [&hellip;]<\/p>\n","protected":false},"author":1,"featured_media":1908,"parent":0,"template":"","tags":[],"product-type":[79],"class_list":["post-1899","product","type-product","status-publish","has-post-thumbnail","hentry","product-type-paper-recycling-machine"],"_links":{"self":[{"href":"https:\/\/www.plasticgranularmachine.com\/fr\/wp-json\/wp\/v2\/product\/1899","targetHints":{"allow":["GET"]}}],"collection":[{"href":"https:\/\/www.plasticgranularmachine.com\/fr\/wp-json\/wp\/v2\/product"}],"about":[{"href":"https:\/\/www.plasticgranularmachine.com\/fr\/wp-json\/wp\/v2\/types\/product"}],"author":[{"embeddable":true,"href":"https:\/\/www.plasticgranularmachine.com\/fr\/wp-json\/wp\/v2\/users\/1"}],"wp:featuredmedia":[{"embeddable":true,"href":"https:\/\/www.plasticgranularmachine.com\/fr\/wp-json\/wp\/v2\/media\/1908"}],"wp:attachment":[{"href":"https:\/\/www.plasticgranularmachine.com\/fr\/wp-json\/wp\/v2\/media?parent=1899"}],"wp:term":[{"taxonomy":"post_tag","embeddable":true,"href":"https:\/\/www.plasticgranularmachine.com\/fr\/wp-json\/wp\/v2\/tags?post=1899"},{"taxonomy":"product-type","embeddable":true,"href":"https:\/\/www.plasticgranularmachine.com\/fr\/wp-json\/wp\/v2\/product-type?post=1899"}],"curies":[{"name":"wp","href":"https:\/\/api.w.org\/{rel}","templated":true}]}}