{"id":1944,"date":"2025-10-09T14:56:17","date_gmt":"2025-10-09T06:56:17","guid":{"rendered":"https:\/\/www.plasticgranularmachine.com\/?post_type=product&#038;p=1944"},"modified":"2025-10-10T11:29:02","modified_gmt":"2025-10-10T03:29:02","slug":"fiber-separator","status":"publish","type":"product","link":"https:\/\/www.plasticgranularmachine.com\/fr\/product\/fiber-separator\/","title":{"rendered":"S\u00e9parateur de fibres : Am\u00e9liorer la Puret\u00e9 du Caoutchouc Cr\u00e9pin\u00e9"},"content":{"rendered":"<p>Le s\u00e9parateur de fibres est un \u00e9l\u00e9ment essentiel pour toute op\u00e9ration s\u00e9rieuse de recyclage des pneus. Il est sp\u00e9cialement con\u00e7u pour traiter l\u2019\u00e9tape critique de l\u2019\u00e9puration apr\u00e8s le broyage et la granulation initiaux. En l\u2019int\u00e9grant \u00e0 votre ligne, vous passez de la production de copeaux basiques \u00e0 la fabrication d\u2019une mati\u00e8re premi\u00e8re de haute qualit\u00e9 et sp\u00e9cifi\u00e9e.<\/p>    <p>Ce n\u2019est pas seulement une question de nettoyage ; c\u2019est un contr\u00f4le qualit\u00e9 pr\u00e9cis qui impacte directement votre r\u00e9sultat net.<\/p>    <h2 class=\"wp-block-heading\">Avantages cl\u00e9s pour les recycleurs de pneus<\/h2>    <ul class=\"wp-block-list\"> <li><strong>Go Beyond &#8216;Clean&#8217;\u2014Achieve Verifiable Purity:<\/strong> This fiber separator is designed to remove over 99% of fiber contaminants. This level of purity isn&#8217;t just visually noticeable; it&#8217;s a verifiable specification that allows you to confidently sell your rubber powder to more demanding markets.<\/li>    <li><strong>Produire un mat\u00e9riau de haute qualit\u00e9 pour de meilleures applications :<\/strong> Ultra-clean rubber powder is the key ingredient for higher-value end products. It&#8217;s essential for creating durable molded goods, consistent athletic surfaces, and high-performance rubberized asphalt, opening up more profitable revenue streams.<\/li>    <li><strong>Assurer une sortie coh\u00e9rente, lot apr\u00e8s lot :<\/strong> Les m\u00e9thodes manuelles ou moins efficaces de s\u00e9paration entra\u00eenent une qualit\u00e9 incoh\u00e9rente. Le s\u00e9parateur de fibres automatise le processus, garantissant une sortie uniforme et de haute puret\u00e9 \u00e0 chaque heure de fonctionnement. Cette coh\u00e9rence forge une r\u00e9putation de fiabilit\u00e9 aupr\u00e8s de vos clients.<\/li>    <li><strong>Con\u00e7u pour r\u00e9pondre aux exigences d'une usine de recyclage :<\/strong> Nous comprenons que les op\u00e9rations de recyclage sont exigeantes pour la machinerie. C\u2019est pourquoi cette machine est construite en acier de haute \u00e9paisseur et \u00e9quip\u00e9e d\u2019un moteur puissant et fiable. Elle est con\u00e7ue pour une utilisation continue avec un minimum de temps d'arr\u00eat.<\/li> <\/ul>    <h2 class=\"wp-block-heading\">La science de la s\u00e9paration, rendue simple<\/h2>    <p>Le principe de fonctionnement de notre s\u00e9parateur de fibres est puissant mais simple. Il utilise de l\u2019air pour trier les mat\u00e9riaux par leur poids et leur densit\u00e9 \u2014 une m\u00e9thode \u00e0 la fois tr\u00e8s efficace et peu exigeante en maintenance.<\/p>    <ul class=\"wp-block-list\"> <li><strong>Alimenter le m\u00e9lange :<\/strong> Le m\u00e9lange de granul\u00e9s de caoutchouc et de fibres du granulateur est aliment\u00e9 dans le haut de la tour de s\u00e9paration.<\/li>    <li><strong>Cr\u00e9er une colonne d'air ascendante :<\/strong> Un ventilateur puissant g\u00e9n\u00e8re une colonne d'air pr\u00e9cis\u00e9ment contr\u00f4l\u00e9e qui monte \u00e0 travers la tour.<\/li>    <li><strong>Trier par poids et densit\u00e9 :<\/strong> Lorsque le mat\u00e9riau tombe, la magie op\u00e8re. Les granules de caoutchouc plus lourds sont trop denses pour \u00eatre soulev\u00e9s par l'air et continuent de tomber droit devant, sortant par une sortie au bas.<\/li>    <li><strong>Extraire la fibre :<\/strong> Les fibres plus l\u00e9g\u00e8res et plus duveteuses sont facilement attrap\u00e9es par le courant d'air ascendant, transport\u00e9es vers le haut, et dirig\u00e9es vers un syst\u00e8me de cyclone de collecte s\u00e9par\u00e9.<\/li> <\/ul>    <p>Le r\u00e9sultat est deux flux distincts et propres de mat\u00e9riau : poudre de caoutchouc pur et fibre s\u00e9par\u00e9e.<\/p>    <h2 class=\"wp-block-heading\">Sp\u00e9cifications techniques de notre machine s\u00e9paratrice de fibres<\/h2>    <p>Le SL-1000 est notre s\u00e9parateur de fibres le plus vendu, avec les sp\u00e9cifications cl\u00e9s list\u00e9es ci-dessous. Informez-nous simplement de vos besoins de production, et nous fournirons une solution d\u2019\u00e9quipement personnalis\u00e9e.<\/p>    <figure class=\"wp-block-table\"><table class=\"has-fixed-layout\"><thead><tr><th>Sp\u00e9cification<\/th><th>Param\u00e8tre<\/th><\/tr><\/thead><tbody><tr><td><strong>Mod\u00e8le<\/strong><\/td><td>SL-1000<\/td><\/tr><tr><td><strong>Puissance du moteur<\/strong><\/td><td>5,5 KW<\/td><\/tr><tr><td><strong>Vitesse du moteur<\/strong><\/td><td>760 tr\/min<\/td><\/tr><tr><td><strong>Capacit\u00e9<\/strong><\/td><td>800-1000 kg\/h<\/td><\/tr><tr><td><strong>Dimensions (L*P*H)<\/strong><\/td><td>1500*1500*3400 mm<\/td><\/tr><tr><td><strong>Poids<\/strong><\/td><td>1600 kg<\/td><\/tr><\/tbody><\/table><\/figure>    <h2 class=\"wp-block-heading\">Questions fr\u00e9quemment pos\u00e9es (FAQ)<\/h2>   <div id=\"rank-math-faq\" class=\"rank-math-block\"> <div class=\"rank-math-list\"> <div id=\"faq-question-1759198501371\" class=\"rank-math-list-item\"> <h3 class=\"rank-math-question\">1. Pourquoi l\u2019\u00e9limination des fibres est-elle si critique pour la poudre de caoutchouc recycl\u00e9 ?<\/h3> <div class=\"rank-math-answer\">  <p>La fibre agit comme un point faible dans les produits finaux. En l\u2019\u00e9liminant, les mat\u00e9riaux deviennent plus solides et durables. Cela assure \u00e9galement une meilleure adh\u00e9rence lorsque le caoutchouc est m\u00e9lang\u00e9 \u00e0 d\u2019autres agents comme l\u2019asphalte ou les liants en polyur\u00e9thane.<\/p>  <\/div> <\/div> <div id=\"faq-question-1759198525384\" class=\"rank-math-list-item\"> <h3 class=\"rank-math-question\">2. Cette machine peut-elle g\u00e9rer la fibre provenant \u00e0 la fois des pneus de voiture et de camion ?<\/h3> <div class=\"rank-math-answer\">  <p>Absolument. Le syst\u00e8me est tr\u00e8s efficace pour \u00e9liminer les diff\u00e9rents types de fibres textiles et nylon pr\u00e9sents dans les pneus de voiture et les pneus lourds pour camions.<\/p>  <\/div> <\/div> <div id=\"faq-question-1759198547270\" class=\"rank-math-list-item\"> <h3 class=\"rank-math-question\">3. Combien d\u2019entretien n\u00e9cessite la machine ?<\/h3> <div class=\"rank-math-answer\">  <p>Le design est intentionnellement simple pour minimiser l\u2019entretien. Les t\u00e2ches routini\u00e8res incluent la v\u00e9rification des roulements du moteur et du ventilateur et la vidange p\u00e9riodique de l\u2019unit\u00e9 de collecte des fibres. Il est con\u00e7u pour une disponibilit\u00e9 maximale.<\/p>  <\/div> <\/div> <\/div> <\/div>","protected":false},"excerpt":{"rendered":"<p>The fiber separator is an essential piece of equipment for any serious tire recycling operation. It is specifically engineered to address the critical stage of purification after the initial shredding and granulation. By integrating this machine into your line, you move from producing basic crumb to manufacturing a high-quality, specified raw material. This isn&#8217;t just [&hellip;]<\/p>\n","protected":false},"author":1,"featured_media":1947,"parent":0,"template":"","tags":[],"product-type":[75],"class_list":["post-1944","product","type-product","status-publish","has-post-thumbnail","hentry","product-type-tire-recycling-facility"],"_links":{"self":[{"href":"https:\/\/www.plasticgranularmachine.com\/fr\/wp-json\/wp\/v2\/product\/1944","targetHints":{"allow":["GET"]}}],"collection":[{"href":"https:\/\/www.plasticgranularmachine.com\/fr\/wp-json\/wp\/v2\/product"}],"about":[{"href":"https:\/\/www.plasticgranularmachine.com\/fr\/wp-json\/wp\/v2\/types\/product"}],"author":[{"embeddable":true,"href":"https:\/\/www.plasticgranularmachine.com\/fr\/wp-json\/wp\/v2\/users\/1"}],"wp:featuredmedia":[{"embeddable":true,"href":"https:\/\/www.plasticgranularmachine.com\/fr\/wp-json\/wp\/v2\/media\/1947"}],"wp:attachment":[{"href":"https:\/\/www.plasticgranularmachine.com\/fr\/wp-json\/wp\/v2\/media?parent=1944"}],"wp:term":[{"taxonomy":"post_tag","embeddable":true,"href":"https:\/\/www.plasticgranularmachine.com\/fr\/wp-json\/wp\/v2\/tags?post=1944"},{"taxonomy":"product-type","embeddable":true,"href":"https:\/\/www.plasticgranularmachine.com\/fr\/wp-json\/wp\/v2\/product-type?post=1944"}],"curies":[{"name":"wp","href":"https:\/\/api.w.org\/{rel}","templated":true}]}}