{"id":1971,"date":"2025-10-20T14:54:33","date_gmt":"2025-10-20T06:54:33","guid":{"rendered":"https:\/\/www.plasticgranularmachine.com\/?post_type=product&#038;p=1971"},"modified":"2025-10-20T14:54:33","modified_gmt":"2025-10-20T06:54:33","slug":"egg-tray-dryer","status":"publish","type":"product","link":"https:\/\/www.plasticgranularmachine.com\/fr\/product\/egg-tray-dryer\/","title":{"rendered":"S\u00e9chageur de plateaux \u00e0 \u0153ufs pour votre ligne de production de plateaux \u00e0 \u0153ufs"},"content":{"rendered":"<p>Les s\u00e9choirs pour plateaux d'\u0153ufs sont g\u00e9n\u00e9ralement utilis\u00e9s avec des machines de formation de plateaux d'\u0153ufs pour s\u00e9cher rapidement les plateaux d'\u0153ufs mouill\u00e9s apr\u00e8s le moulage, am\u00e9liorant l'efficacit\u00e9 et la stabilit\u00e9 de la production. Un syst\u00e8me de s\u00e9chage fiable des plateaux d'\u0153ufs assure un fonctionnement fluide et continu tout en r\u00e9duisant la consommation d'\u00e9nergie. <\/p>    <p>Nous proposons des solutions compl\u00e8tes et personnalisables pour le s\u00e9chage des plateaux en papier, con\u00e7ues pour r\u00e9pondre \u00e0 votre \u00e9chelle de production et \u00e0 vos besoins en mati\u00e8res premi\u00e8res.<\/p>    <h2 class=\"wp-block-heading\">Plusieurs s\u00e9choirs pour plateaux d'\u0153ufs disponibles pour s\u00e9lection<\/h2>    <p>Il existe plusieurs types de syst\u00e8mes de s\u00e9chage des plateaux d'\u0153ufs, en fonction de la taille de votre usine, du budget et des conditions \u00e9nerg\u00e9tiques locales. N'h\u00e9sitez pas \u00e0 nous contacter pour des recommandations et du mat\u00e9riel sur mesure.<\/p>    <figure class=\"wp-block-table\"><table><thead><tr><th>S\u00e9chage de plateaux d'\u0153ufs en m\u00e9tal<\/th><th>Salle de s\u00e9chage de briques<\/th><th>M\u00e9thode de s\u00e9chage naturelle<\/th><\/tr><\/thead><tbody><tr><td>Haute efficacit\u00e9, automatisation compl\u00e8te<\/td><td>S\u00e9chage int\u00e9gr\u00e9, choix \u00e9quilibr\u00e9<\/td><td>Faible co\u00fbt, utilisation intensive de l'espace<\/td><\/tr><tr><td>\u2022\u00a0Investissement initial le plus \u00e9lev\u00e9<br>\u2022\u00a0Aucune zone de s\u00e9chage externe n\u00e9cessaire<br>\u2022\u00a0s\u00e9chage le plus rapide et le plus coh\u00e9rent<br>\u2022\u00a0Plus grande surface au sol n\u00e9cessaire<br>\u2022\u00a0Sortie : 1500-7000 pcs\/h<\/td><td>\u2022\u00a0Investissement moyen<br>\u2022\u00a0Aucune zone de s\u00e9chage externe n\u00e9cessaire<br>\u2022\u00a0M\u00e9t\u00e9o ind\u00e9pendante et continue<br>\u2022\u00a0Efficacit\u00e9 et empreinte moyenne<br>\u2022 D\u00e9bit : 1 000 \u2013 7 000 pcs\/h<\/td><td>\u2022\u00a0Investissement initial le plus bas<br>\u2022\u00a0Grand jardin de s\u00e9chage requis (\u2265500 m\u00b2)<br>\u2022\u00a0D\u00e9pend des conditions m\u00e9t\u00e9orologiques<br>\u2022\u00a0Cycle de production plus long<br>\u2022 D\u00e9bit : 1 000 \u2013 2 500 pcs\/h<\/td><\/tr><tr><td><strong>Combustible id\u00e9al :<\/strong> gaz naturel, diesel, etc.<\/td><td><strong>Combustible id\u00e9al :<\/strong> Charbon, biomasse (tels que copeaux de bois, paille)<\/td><td>Aucun carburant n\u00e9cessaire<\/td><\/tr><tr><td><strong>Id\u00e9al pour :<\/strong>&nbsp;Startups \u00e0 faible budget et vaste espace libre.<\/td><td><strong>Id\u00e9al pour :<\/strong>&nbsp;Entreprises en pleine croissance recherchant le meilleur \u00e9quilibre entre co\u00fbt et efficacit\u00e9.<\/td><td><strong>Id\u00e9al pour :<\/strong>&nbsp;Grands producteurs ax\u00e9s sur la production, la vitesse et l'automatisation.<\/td><\/tr><\/tbody><\/table><\/figure>    <h2 class=\"wp-block-heading\">D\u00e9tails de nos syst\u00e8mes de s\u00e9chage des plateaux d'\u0153ufs<\/h2>    <h3 class=\"wp-block-heading\">S\u00e9chage m\u00e9tallique multicouche<\/h3>   <div class=\"wp-block-image\"> <figure class=\"aligncenter size-full\"><img loading=\"lazy\" decoding=\"async\" width=\"720\" height=\"540\" src=\"https:\/\/www.plasticgranularmachine.com\/wp-content\/uploads\/2025\/10\/metal-egg-tray-dryer-machine.webp\" alt=\"machine de s\u00e9chage de plateaux d&#039;\u0153ufs en m\u00e9tal\" class=\"wp-image-1974\" srcset=\"https:\/\/www.plasticgranularmachine.com\/wp-content\/uploads\/2025\/10\/metal-egg-tray-dryer-machine.webp 720w, https:\/\/www.plasticgranularmachine.com\/wp-content\/uploads\/2025\/10\/metal-egg-tray-dryer-machine-300x225.webp 300w, https:\/\/www.plasticgranularmachine.com\/wp-content\/uploads\/2025\/10\/metal-egg-tray-dryer-machine-16x12.webp 16w\" sizes=\"auto, (max-width: 720px) 100vw, 720px\" \/><figcaption class=\"wp-element-caption\">machine de s\u00e9chage de plateaux d'\u0153ufs en m\u00e9tal<\/figcaption><\/figure> <\/div>   <p>Ce syst\u00e8me de s\u00e9chage m\u00e9tallique des plateaux d'\u0153ufs comprend des ventilateurs, des plaques de distribution d'air, des plateaux, des convoyeurs \u00e0 cha\u00eenes, etc. Les cartons d'\u0153ufs mouill\u00e9s sont form\u00e9s et plac\u00e9s sur les bandes transporteuses de s\u00e9chage. Les cartons sont ensuite transport\u00e9s dans la chambre de s\u00e9chage, o\u00f9 ils sont chauff\u00e9s et s\u00e9ch\u00e9s uniform\u00e9ment par un syst\u00e8me de circulation d'air chaud. <\/p>    <ul class=\"wp-block-list\"> <li>Temp\u00e9rature de s\u00e9chage : 180-200 \u00b0C<\/li>    <li>Dur\u00e9e de s\u00e9chage : 25-30 min<\/li>    <li>Tension : 380v, 50hz (personnalisable)<\/li> <\/ul>    <figure class=\"wp-block-table\"><table><tbody><tr><td>Mod\u00e8le<\/td><td>SL-1500<\/td><td>SL-2500<\/td><td>SL-3000<\/td><td>SL-4500<\/td><td>SL-5000<\/td><td>SL-7000<\/td><\/tr><tr><td>Sortie(pcs\/h)<\/td><td>1500<\/td><td>2500<\/td><td>3000<\/td><td>4500<\/td><td>5000<\/td><td>7000<\/td><\/tr><tr><td>Poids(T)<\/td><td>20<\/td><td>29<\/td><td>30<\/td><td>35<\/td><td>38<\/td><td>50<\/td><\/tr><tr><td>Valeur calorifique du four de combustion<\/td><td>90<\/td><td>130<\/td><td>130<\/td><td>150<\/td><td>150<\/td><td>190<\/td><\/tr><tr><td>Taille du s\u00e9choir \u00e0 plateaux d'\u0153ufs<\/td><td>21,5*2,2*2,4 m<\/td><td>22,5*1,9*3,4 m<\/td><td>22,5*2,2*3,4 m<\/td><td>28,5*2,2*3,4 m<\/td><td>28,5*2,2*3,4 m<\/td><td>34,5*2,5*3,6 m<\/td><\/tr><tr><td>Zone de s\u00e9chage (L*W*H)<\/td><td>\u226540*15*5 m<\/td><td>\u226540*15*5 m<\/td><td>\u226540*15*5 m<\/td><td>\u226550*15*5 m<\/td><td>\u226550*15*5 m<\/td><td>\u226550*15*5 m<\/td><\/tr><\/tbody><\/table><\/figure>    <h3 class=\"wp-block-heading\">Machines de s\u00e9chage par four \u00e0 briques<\/h3>   <div class=\"wp-block-image\"> <figure class=\"aligncenter size-full\"><img loading=\"lazy\" decoding=\"async\" width=\"720\" height=\"540\" src=\"https:\/\/www.plasticgranularmachine.com\/wp-content\/uploads\/2025\/10\/Brick-kiln-drying.webp\" alt=\"S\u00e9chage par cuisson de briques\" class=\"wp-image-1972\" srcset=\"https:\/\/www.plasticgranularmachine.com\/wp-content\/uploads\/2025\/10\/Brick-kiln-drying.webp 720w, https:\/\/www.plasticgranularmachine.com\/wp-content\/uploads\/2025\/10\/Brick-kiln-drying-300x225.webp 300w, https:\/\/www.plasticgranularmachine.com\/wp-content\/uploads\/2025\/10\/Brick-kiln-drying-16x12.webp 16w\" sizes=\"auto, (max-width: 720px) 100vw, 720px\" \/><figcaption class=\"wp-element-caption\">S\u00e9chage par cuisson de briques<\/figcaption><\/figure> <\/div>   <p>La salle de s\u00e9chage de briques est construite en briques et en b\u00e9ton. La chaleur est g\u00e9n\u00e9r\u00e9e dans la chambre de combustion par la combustion de combustible \u00e0 base de biomasse, assurant un s\u00e9chage stable des plateaux d'\u0153ufs mouill\u00e9s.<\/p>    <ul class=\"wp-block-list\"> <li>Temp\u00e9rature de s\u00e9chage : 180-200 \u00b0C<\/li>    <li>Dur\u00e9e de s\u00e9chage : 1-2 h<\/li>    <li>Tension : 380v, 50hz (personnalisable)<\/li> <\/ul>    <figure class=\"wp-block-table\"><table><tbody><tr><td>Mod\u00e8le<\/td><td>SL-1-4<\/td><td>SL-3-4<\/td><td>SL-4-4<\/td><td>SL-4-8<\/td><td>SL-5-8<\/td><td>SL-6-8<\/td><\/tr><tr><td>Sortie(pcs\/h)<\/td><td>1500<\/td><td>2000<\/td><td>2500<\/td><td>5000<\/td><td>6000<\/td><td>7000<\/td><\/tr><tr><td>Puissance(kW)<\/td><td>18<\/td><td>18<\/td><td>18<\/td><td>18<\/td><td>25<\/td><td>36<\/td><\/tr><tr><td>Poids(T)<\/td><td>6<\/td><td>7<\/td><td>7.5<\/td><td>10<\/td><td>12<\/td><td>20<\/td><\/tr><tr><td>Zone de s\u00e9chage(m)<\/td><td>\u226540*10<\/td><td>\u226550*10<\/td><td>\u226550*10<\/td><td>\u226555*15<\/td><td>\u226565*15<\/td><td>\u226575*15<\/td><\/tr><\/tbody><\/table><\/figure>    <p class=\"translation-block\"><em>Note : la zone de s\u00e9chage n'est que le minimum requis pour le fonctionnement de l'\u00e9quipement. L'agencement r\u00e9el doit tenir compte de l'espace op\u00e9rationnel et d'entretien.<\/em> <em>Veuillez nous contacter pour des recommandations.<\/em><\/p>    <h3 class=\"wp-block-heading\">Syst\u00e8me de s\u00e9chage naturel des plateaux d'\u0153ufs<\/h3>   <div class=\"wp-block-image\"> <figure class=\"aligncenter size-full\"><img loading=\"lazy\" decoding=\"async\" width=\"720\" height=\"540\" src=\"https:\/\/www.plasticgranularmachine.com\/wp-content\/uploads\/2025\/10\/natural-egg-tray-drying.webp\" alt=\"s\u00e9chage naturel des plateaux d&#039;\u0153ufs\" class=\"wp-image-1975\" srcset=\"https:\/\/www.plasticgranularmachine.com\/wp-content\/uploads\/2025\/10\/natural-egg-tray-drying.webp 720w, https:\/\/www.plasticgranularmachine.com\/wp-content\/uploads\/2025\/10\/natural-egg-tray-drying-300x225.webp 300w, https:\/\/www.plasticgranularmachine.com\/wp-content\/uploads\/2025\/10\/natural-egg-tray-drying-16x12.webp 16w\" sizes=\"auto, (max-width: 720px) 100vw, 720px\" \/><figcaption class=\"wp-element-caption\">s\u00e9chage naturel des plateaux d'\u0153ufs<\/figcaption><\/figure> <\/div>   <p>Pour les petits ateliers ou les r\u00e9gions au climat chaud, le s\u00e9chage naturel peut \u00eatre utilis\u00e9 comme m\u00e9thode de s\u00e9chage simple et peu co\u00fbteuse. Nous pouvons fournir des conceptions d'agencement et des supports de s\u00e9chage pour soutenir ce processus.<\/p>    <ul class=\"wp-block-list\"> <li>Temps de s\u00e9chage : plusieurs heures \u00e0 plusieurs jours, selon les conditions m\u00e9t\u00e9orologiques, telles que la temp\u00e9rature, l'humidit\u00e9, la vitesse du vent et la lumi\u00e8re du soleil.<\/li>    <li>Zone de s\u00e9chage\u00a0: n\u00e9cessite une grande zone ouverte (par ex. 500-1000 m\u00e8tres carr\u00e9s ou plus), qui doit \u00eatre plane, ensoleill\u00e9e et sans eau stagnante.<\/li> <\/ul>    <h2 class=\"wp-block-heading\">Pourquoi choisir notre machine de s\u00e9chage de plateaux d'\u0153ufs ?<\/h2>    <p>Choisir une machine de s\u00e9chage de plateaux d'\u0153ufs de haute qualit\u00e9 est essentiel pour une production stable et une qualit\u00e9 constante du produit. Les s\u00e9cheurs de faible qualit\u00e9 provoquent souvent des temp\u00e9ratures in\u00e9gales et un mauvais flux d'air. En cons\u00e9quence, les plateaux d'\u0153ufs peuvent s\u00e9cher de mani\u00e8re in\u00e9gale, se d\u00e9former ou se casser facilement. Ils consomment \u00e9galement plus d'\u00e9nergie et augmentent les co\u00fbts.<\/p>    <p>Le s\u00e9choir efficace pour plateaux d'\u0153ufs est con\u00e7u pour l'efficacit\u00e9, la stabilit\u00e9 et l'\u00e9conomie d'\u00e9nergie. Chaque unit\u00e9 est test\u00e9e et inspect\u00e9e avant la livraison pour assurer des performances fiables. Ils pr\u00e9sentent\u00a0:<\/p>    <ul class=\"wp-block-list\"> <li>S\u00e9chage rapide et efficace : temp\u00e9rature stable et flux d'air uniforme.<\/li>    <li>Conception personnalis\u00e9e : agencement flexible en fonction de la capacit\u00e9 et de la taille de l'atelier.<\/li>    <li>Construction durable\u00a0: fabriqu\u00e9 avec des mat\u00e9riaux de haute qualit\u00e9, facile \u00e0 entretenir.<\/li>    <li>\u00c9conomie d'\u00e9nergie : utilisation \u00e9lev\u00e9e de chaleur, co\u00fbt d'exploitation faible.<\/li>    <li>Support mondial\u00a0: guidance d'installation et service apr\u00e8s-vente.<\/li> <\/ul>    <p class=\"translation-block\">Que vous \u00e9laboriez une nouvelle <a href=\"https:\/\/www.plasticgranularmachine.com\/fr\/product\/egg-tray-production-line\/\" data-type=\"link\" data-id=\"https:\/\/www.plasticgranularmachine.com\/product\/egg-tray-production-line\/\">ligne de production de plateaux d'\u0153ufs<\/a> ou que vous mettiez \u00e0 niveau l'\u00e9quipement existant, le syst\u00e8me de s\u00e9chage des plateaux d'\u0153ufs de Shuliy offre une solution fiable et \u00e9conomique.<\/p>","protected":false},"excerpt":{"rendered":"<p>Egg tray dryers are typically used with egg tray forming machines to quickly dry wet egg trays after molding, enhancing production efficiency and stability. A reliable egg tray drying system ensures smooth, continuous operation while reducing energy consumption. we provide comprehensive and customizable solutions for paper tray drying, designed to meet your specific production scale [&hellip;]<\/p>\n","protected":false},"author":1,"featured_media":1973,"parent":0,"template":"","tags":[],"product-type":[79],"class_list":["post-1971","product","type-product","status-publish","has-post-thumbnail","hentry","product-type-paper-recycling-machine"],"_links":{"self":[{"href":"https:\/\/www.plasticgranularmachine.com\/fr\/wp-json\/wp\/v2\/product\/1971","targetHints":{"allow":["GET"]}}],"collection":[{"href":"https:\/\/www.plasticgranularmachine.com\/fr\/wp-json\/wp\/v2\/product"}],"about":[{"href":"https:\/\/www.plasticgranularmachine.com\/fr\/wp-json\/wp\/v2\/types\/product"}],"author":[{"embeddable":true,"href":"https:\/\/www.plasticgranularmachine.com\/fr\/wp-json\/wp\/v2\/users\/1"}],"wp:featuredmedia":[{"embeddable":true,"href":"https:\/\/www.plasticgranularmachine.com\/fr\/wp-json\/wp\/v2\/media\/1973"}],"wp:attachment":[{"href":"https:\/\/www.plasticgranularmachine.com\/fr\/wp-json\/wp\/v2\/media?parent=1971"}],"wp:term":[{"taxonomy":"post_tag","embeddable":true,"href":"https:\/\/www.plasticgranularmachine.com\/fr\/wp-json\/wp\/v2\/tags?post=1971"},{"taxonomy":"product-type","embeddable":true,"href":"https:\/\/www.plasticgranularmachine.com\/fr\/wp-json\/wp\/v2\/product-type?post=1971"}],"curies":[{"name":"wp","href":"https:\/\/api.w.org\/{rel}","templated":true}]}}