{"id":2005,"date":"2025-11-17T14:24:28","date_gmt":"2025-11-17T06:24:28","guid":{"rendered":"https:\/\/www.plasticgranularmachine.com\/?post_type=product&#038;p=2005"},"modified":"2025-11-17T14:24:29","modified_gmt":"2025-11-17T06:24:29","slug":"dry-ice-block-machine","status":"publish","type":"product","link":"https:\/\/www.plasticgranularmachine.com\/fr\/product\/dry-ice-block-machine\/","title":{"rendered":"Machine \u00e0 blocs de glace s\u00e8che \u00e0 haute capacit\u00e9 \u00e0 vendre"},"content":{"rendered":"<p>Prenez le contr\u00f4le de vos besoins en refroidissement. Notre machine \u00e0 blocs de glace s\u00e8che convertit instantan\u00e9ment le CO2 liquide en blocs de glace s\u00e8che solides, \u00e0 haute densit\u00e9, directement dans votre \u00e9tablissement. Parfait pour la logistique de la cha\u00eene du froid, la transformation alimentaire et la restauration a\u00e9rienne, cette machine vous permet de produire de la glace s\u00e8che fra\u00eeche \u00e0 la demande, r\u00e9duisant les co\u00fbts et mettant fin \u00e0 votre d\u00e9pendance envers des fournisseurs ext\u00e9rieurs.<\/p>   <div class=\"wp-block-image\"> <figure class=\"aligncenter size-full\"><img loading=\"lazy\" decoding=\"async\" width=\"720\" height=\"540\" src=\"https:\/\/www.plasticgranularmachine.com\/wp-content\/uploads\/2025\/11\/High-density-dry-ice-block.webp\" alt=\"Bloc de glace s\u00e8che \u00e0 haute densit\u00e9\" class=\"wp-image-2015\" srcset=\"https:\/\/www.plasticgranularmachine.com\/wp-content\/uploads\/2025\/11\/High-density-dry-ice-block.webp 720w, https:\/\/www.plasticgranularmachine.com\/wp-content\/uploads\/2025\/11\/High-density-dry-ice-block-300x225.webp 300w, https:\/\/www.plasticgranularmachine.com\/wp-content\/uploads\/2025\/11\/High-density-dry-ice-block-16x12.webp 16w\" sizes=\"auto, (max-width: 720px) 100vw, 720px\" \/><figcaption class=\"wp-element-caption\">Bloc de glace s\u00e8che \u00e0 haute densit\u00e9<\/figcaption><\/figure> <\/div>   <h2 class=\"wp-block-heading\">Principaux avantages de notre machine \u00e0 fabriquer des blocs de glace s\u00e8che<\/h2>    <p>Investir dans une presse \u00e0 glace s\u00e8che EFFICIENT offre des b\u00e9n\u00e9fices imm\u00e9diats et \u00e0 long terme pour votre entreprise. Voici pourquoi nos clients nous choisissent :<\/p>    <ul class=\"wp-block-list\"> <li><strong>Contr\u00f4le total de la production : <\/strong>Produisez de la glace s\u00e8che fra\u00eeche et de haute qualit\u00e9 quand vous en avez besoin, \u00e9liminant les retards de la cha\u00eene d\u2019approvisionnement et assurant une puissance de refroidissement maximale.<\/li>    <li><strong>R\u00e9duction significative des co\u00fbts :<\/strong> En fabriquant en interne, vous \u00e9liminez les marges des fournisseurs, les frais de transport et les pertes par sublimation lors de la livraison. Le co\u00fbt de la machine \u00e0 blocs de glace s\u00e8che est rapidement compens\u00e9 par ces \u00e9conomies.<\/li>    <li><strong>Qualit\u00e9 sup\u00e9rieure du bloc :<\/strong> Nos machines produisent des blocs d\u2019une densit\u00e9 exceptionnellement \u00e9lev\u00e9e (jusqu\u2019\u00e0 1550 kg\/m\u00b3) qui sublimeraient plus lentement, offrant un contr\u00f4le de temp\u00e9rature plus durable et plus fiable.<\/li>    <li><strong>Efficacit\u00e9 \u00e9lev\u00e9e et moins de d\u00e9chets :<\/strong> Avec un taux de conversion sup\u00e9rieur ou \u00e9gal \u00e0 42 %, notre machine \u00e0 blocs de glace s\u00e8che convertit plus de CO2 liquide en glace solide, maximisant l\u2019utilisation de vos ressources et r\u00e9duisant le co\u00fbt par bloc.<\/li>    <li><strong>Fonctionnement simple et automatis\u00e9 :<\/strong> Dot\u00e9e d\u2019une interface conviviale, notre machine automatique \u00e0 blocs de glace s\u00e8che est con\u00e7ue pour une utilisation facile, minimisant les co\u00fbts de main-d'\u0153uvre et le temps de formation.<\/li> <\/ul>    <figure class=\"wp-block-gallery has-nested-images columns-default is-cropped wp-block-gallery-2 is-layout-flex wp-block-gallery-is-layout-flex\"> <figure class=\"wp-block-image size-large\"><img loading=\"lazy\" decoding=\"async\" width=\"720\" height=\"540\" data-id=\"2009\" src=\"https:\/\/www.plasticgranularmachine.com\/wp-content\/uploads\/2025\/11\/dry-ice-block-maker.webp\" alt=\"machine \u00e0 blocs de glace s\u00e8che\" class=\"wp-image-2009\" srcset=\"https:\/\/www.plasticgranularmachine.com\/wp-content\/uploads\/2025\/11\/dry-ice-block-maker.webp 720w, https:\/\/www.plasticgranularmachine.com\/wp-content\/uploads\/2025\/11\/dry-ice-block-maker-300x225.webp 300w, https:\/\/www.plasticgranularmachine.com\/wp-content\/uploads\/2025\/11\/dry-ice-block-maker-16x12.webp 16w\" sizes=\"auto, (max-width: 720px) 100vw, 720px\" \/><figcaption class=\"wp-element-caption\">machine \u00e0 blocs de glace s\u00e8che<\/figcaption><\/figure>    <figure class=\"wp-block-image size-large\"><img loading=\"lazy\" decoding=\"async\" width=\"720\" height=\"540\" data-id=\"2010\" src=\"https:\/\/www.plasticgranularmachine.com\/wp-content\/uploads\/2025\/11\/dry-ice-block-press.webp\" alt=\"presse \u00e0 glace s\u00e8che\" class=\"wp-image-2010\" srcset=\"https:\/\/www.plasticgranularmachine.com\/wp-content\/uploads\/2025\/11\/dry-ice-block-press.webp 720w, https:\/\/www.plasticgranularmachine.com\/wp-content\/uploads\/2025\/11\/dry-ice-block-press-300x225.webp 300w, https:\/\/www.plasticgranularmachine.com\/wp-content\/uploads\/2025\/11\/dry-ice-block-press-16x12.webp 16w\" sizes=\"auto, (max-width: 720px) 100vw, 720px\" \/><figcaption class=\"wp-element-caption\">presse \u00e0 glace s\u00e8che<\/figcaption><\/figure> <\/figure>    <h2 class=\"wp-block-heading\">Comment fonctionne une machine \u00e0 blocs de glace s\u00e8che ?<\/h2>    <p>Comprendre la technologie derri\u00e8re notre machine de production de glace s\u00e8che est simple. Le processus est une merveille de la thermodynamique, con\u00e7ue pour une efficacit\u00e9 maximale.<\/p>    <ol class=\"wp-block-list\"> <li><strong>Mati\u00e8re premi\u00e8re :<\/strong> La machine est aliment\u00e9e en dioxyde de carbone liquide (LCO2) depuis un r\u00e9servoir de stockage.<\/li>    <li><strong>Formation : <\/strong>The LCO2 is injected into a chamber, where a rapid pressure drop converts it into dry ice &#8220;snow.&#8221;<\/li>    <li><strong>Compression :<\/strong> Une presse hydraulique puissante compacte cette neige en un bloc de glace s\u00e8che solide et dense, pr\u00eat \u00e0 l\u2019emploi imm\u00e9diat.<\/li> <\/ol>    <p>Ce processus entier est automatis\u00e9, vous fournissant une production constante de blocs de glace s\u00e8che de haute qualit\u00e9.<\/p>    <figure class=\"wp-block-gallery has-nested-images columns-default is-cropped wp-block-gallery-3 is-layout-flex wp-block-gallery-is-layout-flex\"> <figure class=\"wp-block-image size-large\"><img loading=\"lazy\" decoding=\"async\" width=\"720\" height=\"540\" data-id=\"2011\" src=\"https:\/\/www.plasticgranularmachine.com\/wp-content\/uploads\/2025\/11\/dry-ice-block-production-machine-working.webp\" alt=\"machine de production de blocs de glace s\u00e8che en fonctionnement\" class=\"wp-image-2011\" srcset=\"https:\/\/www.plasticgranularmachine.com\/wp-content\/uploads\/2025\/11\/dry-ice-block-production-machine-working.webp 720w, https:\/\/www.plasticgranularmachine.com\/wp-content\/uploads\/2025\/11\/dry-ice-block-production-machine-working-300x225.webp 300w, https:\/\/www.plasticgranularmachine.com\/wp-content\/uploads\/2025\/11\/dry-ice-block-production-machine-working-16x12.webp 16w\" sizes=\"auto, (max-width: 720px) 100vw, 720px\" \/><figcaption class=\"wp-element-caption\">machine de production de blocs de glace s\u00e8che en fonctionnement<\/figcaption><\/figure>    <figure class=\"wp-block-image size-large\"><img loading=\"lazy\" decoding=\"async\" width=\"720\" height=\"540\" data-id=\"2006\" src=\"https:\/\/www.plasticgranularmachine.com\/wp-content\/uploads\/2025\/11\/Display-of-finished-dry-ice-blocks.webp\" alt=\"Affichage des blocs de glace s\u00e8che finis\" class=\"wp-image-2006\" srcset=\"https:\/\/www.plasticgranularmachine.com\/wp-content\/uploads\/2025\/11\/Display-of-finished-dry-ice-blocks.webp 720w, https:\/\/www.plasticgranularmachine.com\/wp-content\/uploads\/2025\/11\/Display-of-finished-dry-ice-blocks-300x225.webp 300w, https:\/\/www.plasticgranularmachine.com\/wp-content\/uploads\/2025\/11\/Display-of-finished-dry-ice-blocks-16x12.webp 16w\" sizes=\"auto, (max-width: 720px) 100vw, 720px\" \/><figcaption class=\"wp-element-caption\">Affichage des blocs de glace s\u00e8che finis<\/figcaption><\/figure> <\/figure>    <h2 class=\"wp-block-heading\">S\u00e9rie EFFICIENT : La meilleure machine \u00e0 blocs de glace s\u00e8che pour vos besoins<\/h2>    <p>As a premier dry ice block machine manufacturer, we&#8217;ve engineered the ET-Series for performance and durability. Whether you need a compact unit or a heavy-duty production powerhouse, we have the solution.<\/p>    <figure class=\"wp-block-table\"><table><thead><tr><th><strong>Param\u00e8tres<\/strong><\/th><th><strong>Mod\u00e8le ET-120<\/strong><\/th><th><strong>Mod\u00e8le ET-240<\/strong><\/th><\/tr><\/thead><tbody><tr><td><strong>Capacit\u00e9 (kg\/h)<\/strong><\/td><td>100-160<\/td><td>200-300<\/td><\/tr><tr><td><strong>Sp\u00e9cifications (mm)<\/strong><\/td><td>125*105*(15-70)<\/td><td>125*105*(18-70)<\/td><\/tr><tr><td><strong>Densit\u00e9 de la glace s\u00e8che (kg\/m\u00b3)<\/strong><\/td><td>1550<\/td><td>1450-1550<\/td><\/tr><tr><td><strong>Taux de conversion<\/strong><\/td><td>\u226542%<\/td><td>\u226542%<\/td><\/tr><tr><td><strong>Puissance (kw)<\/strong><\/td><td>4<\/td><td>8<\/td><\/tr><tr><td><strong>Poids (kg)<\/strong><\/td><td>320<\/td><td>800<\/td><\/tr><tr><td><strong>Dimensions (cm)<\/strong><\/td><td>125*60*128<\/td><td>142*120*148<\/td><\/tr><\/tbody><\/table><\/figure>    <h3 class=\"wp-block-heading\">Mod\u00e8le ET-120 : Machine compacte et automatique \u00e0 blocs de glace s\u00e8che<\/h3>    <p>Le fabricant de blocs de glace s\u00e8che ET-120 est parfait pour les entreprises en expansion. Sa capacit\u00e9 de 100-160 kg\/h et sa petite empreinte en font une machine industrielle de glace s\u00e8che id\u00e9ale, \u00e9conomique, pour des besoins quotidiens sans n\u00e9cessiter un espace d\u00e9di\u00e9 important.<\/p>    <h3 class=\"wp-block-heading\">Mod\u00e8le ET-240 : Machine de production de glace s\u00e8che robuste<\/h3>    <p>Pour une utilisation industrielle \u00e0 grande \u00e9chelle, l'ET-240 est la machine \u00e0 glace s\u00e8che ultime. Avec une production massive de 200-300 kg\/h, cette unit\u00e9 est con\u00e7ue pour soutenir des horaires exigeants dans la restauration a\u00e9rienne, les grandes usines de transformation alimentaire et les grands centres logistiques.<\/p>    <h2 class=\"wp-block-heading\">Applications diverses pour tous les secteurs<\/h2>    <p>Notre machine \u00e0 blocs de glace s\u00e8che est un outil polyvalent pour toute entreprise n\u00e9cessitant un refroidissement fiable. Les industries cl\u00e9s incluent :<\/p>    <ul class=\"wp-block-list\"> <li>Logistique de la cha\u00eene du froid : La solution parfaite pour l'exp\u00e9dition de produits pharmaceutiques, de fruits de mer et autres p\u00e9rissables.<\/li>    <li>Compagnie a\u00e9rienne et service alimentaire : Indispensable pour la restauration a\u00e9rienne et la transformation alimentaire pour garantir la s\u00e9curit\u00e9 et la fra\u00eecheur.<\/li>    <li>M\u00e9dical et laboratoire : Id\u00e9al pour la conservation des vaccins, organes et \u00e9chantillons biologiques.<\/li>    <li>Services industriels : Fournit une source pour le sablage \u00e0 la glace s\u00e8che et autres processus industriels. D\u00e9couvrez notre gamme compl\u00e8te de solutions de glace s\u00e8che ici.<\/li> <\/ul>    <figure class=\"wp-block-gallery has-nested-images columns-default is-cropped wp-block-gallery-4 is-layout-flex wp-block-gallery-is-layout-flex\"> <figure class=\"wp-block-image size-large\"><img loading=\"lazy\" decoding=\"async\" width=\"720\" height=\"540\" data-id=\"2013\" src=\"https:\/\/www.plasticgranularmachine.com\/wp-content\/uploads\/2025\/11\/for-processing-seafood-and-other-foods.webp\" alt=\"pour le traitement des fruits de mer et autres aliments\" class=\"wp-image-2013\" srcset=\"https:\/\/www.plasticgranularmachine.com\/wp-content\/uploads\/2025\/11\/for-processing-seafood-and-other-foods.webp 720w, https:\/\/www.plasticgranularmachine.com\/wp-content\/uploads\/2025\/11\/for-processing-seafood-and-other-foods-300x225.webp 300w, https:\/\/www.plasticgranularmachine.com\/wp-content\/uploads\/2025\/11\/for-processing-seafood-and-other-foods-16x12.webp 16w\" sizes=\"auto, (max-width: 720px) 100vw, 720px\" \/><figcaption class=\"wp-element-caption\">pour le traitement des fruits de mer et autres aliments<\/figcaption><\/figure>    <figure class=\"wp-block-image size-large\"><img loading=\"lazy\" decoding=\"async\" width=\"720\" height=\"540\" data-id=\"2014\" src=\"https:\/\/www.plasticgranularmachine.com\/wp-content\/uploads\/2025\/11\/For-transporting-items-requiring-cold-storage.webp\" alt=\"Pour le transport d&#039;articles n\u00e9cessitant une conservation \u00e0 froid\" class=\"wp-image-2014\" srcset=\"https:\/\/www.plasticgranularmachine.com\/wp-content\/uploads\/2025\/11\/For-transporting-items-requiring-cold-storage.webp 720w, https:\/\/www.plasticgranularmachine.com\/wp-content\/uploads\/2025\/11\/For-transporting-items-requiring-cold-storage-300x225.webp 300w, https:\/\/www.plasticgranularmachine.com\/wp-content\/uploads\/2025\/11\/For-transporting-items-requiring-cold-storage-16x12.webp 16w\" sizes=\"auto, (max-width: 720px) 100vw, 720px\" \/><figcaption class=\"wp-element-caption\">Pour le transport d'articles n\u00e9cessitant une conservation \u00e0 froid<\/figcaption><\/figure> <\/figure>    <h2 class=\"wp-block-heading\">Une solution int\u00e9gr\u00e9e compl\u00e8te de glace s\u00e8che<\/h2>    <p>Notre machine \u00e0 blocs de glace s\u00e8che est le c\u0153ur de votre ligne de production sur site. Les blocs qu'elle cr\u00e9e peuvent \u00eatre directement aliment\u00e9s dans un pelletiseur \u00e0 glace s\u00e8che pour produire un m\u00e9dia de nettoyage pour nos puissantes machines de sablage \u00e0 la glace s\u00e8che. Pour compl\u00e9ter votre flux de travail, stockez tous les produits finis dans nos conteneurs de stockage isol\u00e9s pour glace s\u00e8che, pour une perte minimale et une efficacit\u00e9 maximale.<\/p>    <figure class=\"wp-block-gallery has-nested-images columns-default is-cropped wp-block-gallery-5 is-layout-flex wp-block-gallery-is-layout-flex\"> <figure class=\"wp-block-image size-large\"><img loading=\"lazy\" decoding=\"async\" width=\"720\" height=\"540\" data-id=\"2012\" src=\"https:\/\/www.plasticgranularmachine.com\/wp-content\/uploads\/2025\/11\/Dry-ice-pelletizer.webp\" alt=\"Pelletiseur \u00e0 glace s\u00e8che\" class=\"wp-image-2012\" srcset=\"https:\/\/www.plasticgranularmachine.com\/wp-content\/uploads\/2025\/11\/Dry-ice-pelletizer.webp 720w, https:\/\/www.plasticgranularmachine.com\/wp-content\/uploads\/2025\/11\/Dry-ice-pelletizer-300x225.webp 300w, https:\/\/www.plasticgranularmachine.com\/wp-content\/uploads\/2025\/11\/Dry-ice-pelletizer-16x12.webp 16w\" sizes=\"auto, (max-width: 720px) 100vw, 720px\" \/><figcaption class=\"wp-element-caption\">Pelletiseur \u00e0 glace s\u00e8che<\/figcaption><\/figure>    <figure class=\"wp-block-image size-large\"><img loading=\"lazy\" decoding=\"async\" width=\"720\" height=\"540\" data-id=\"2007\" src=\"https:\/\/www.plasticgranularmachine.com\/wp-content\/uploads\/2025\/11\/Dry-Ice-Blasting-Machine.webp\" alt=\"Machine de sablage \u00e0 la glace s\u00e8che\" class=\"wp-image-2007\" srcset=\"https:\/\/www.plasticgranularmachine.com\/wp-content\/uploads\/2025\/11\/Dry-Ice-Blasting-Machine.webp 720w, https:\/\/www.plasticgranularmachine.com\/wp-content\/uploads\/2025\/11\/Dry-Ice-Blasting-Machine-300x225.webp 300w, https:\/\/www.plasticgranularmachine.com\/wp-content\/uploads\/2025\/11\/Dry-Ice-Blasting-Machine-16x12.webp 16w\" sizes=\"auto, (max-width: 720px) 100vw, 720px\" \/><figcaption class=\"wp-element-caption\">Machine de sablage \u00e0 la glace s\u00e8che<\/figcaption><\/figure> <\/figure>    <h2 class=\"wp-block-heading\">Obtenez votre devis pour votre machine \u00e0 blocs de glace s\u00e8che personnalis\u00e9e d\u00e8s aujourd'hui !<\/h2>    <p>Pr\u00eat \u00e0 acheter une machine \u00e0 blocs de glace s\u00e8che et \u00e0 transformer vos op\u00e9rations ? En tant que fournisseur mondial de confiance, EFFICIENT s'engage \u00e0 fournir un \u00e9quipement de haute qualit\u00e9 et un support expert.<\/p>    <p>Contactez-nous d\u00e8s aujourd'hui pour obtenir un devis d\u00e9taill\u00e9, demander le prix de la machine \u00e0 glace s\u00e8che, et laissez nos sp\u00e9cialistes vous aider \u00e0 choisir le mod\u00e8le parfait pour vos besoins.<\/p>","protected":false},"excerpt":{"rendered":"<p>Take control of your cooling needs. Our Dry Ice Block Machine instantly converts liquid CO2 into solid, high-density dry ice blocks right at your facility. Perfect for cold chain logistics, food processing, and airline catering, this machine lets you produce fresh dry ice on demand, cutting costs and ending your reliance on outside suppliers. Key [&hellip;]<\/p>\n","protected":false},"author":1,"featured_media":2008,"parent":0,"template":"","tags":[],"product-type":[81],"class_list":["post-2005","product","type-product","status-publish","has-post-thumbnail","hentry","product-type-dry-ice-machine"],"_links":{"self":[{"href":"https:\/\/www.plasticgranularmachine.com\/fr\/wp-json\/wp\/v2\/product\/2005","targetHints":{"allow":["GET"]}}],"collection":[{"href":"https:\/\/www.plasticgranularmachine.com\/fr\/wp-json\/wp\/v2\/product"}],"about":[{"href":"https:\/\/www.plasticgranularmachine.com\/fr\/wp-json\/wp\/v2\/types\/product"}],"author":[{"embeddable":true,"href":"https:\/\/www.plasticgranularmachine.com\/fr\/wp-json\/wp\/v2\/users\/1"}],"wp:featuredmedia":[{"embeddable":true,"href":"https:\/\/www.plasticgranularmachine.com\/fr\/wp-json\/wp\/v2\/media\/2008"}],"wp:attachment":[{"href":"https:\/\/www.plasticgranularmachine.com\/fr\/wp-json\/wp\/v2\/media?parent=2005"}],"wp:term":[{"taxonomy":"post_tag","embeddable":true,"href":"https:\/\/www.plasticgranularmachine.com\/fr\/wp-json\/wp\/v2\/tags?post=2005"},{"taxonomy":"product-type","embeddable":true,"href":"https:\/\/www.plasticgranularmachine.com\/fr\/wp-json\/wp\/v2\/product-type?post=2005"}],"curies":[{"name":"wp","href":"https:\/\/api.w.org\/{rel}","templated":true}]}}