{"id":2053,"date":"2026-01-19T16:22:10","date_gmt":"2026-01-19T08:22:10","guid":{"rendered":"https:\/\/www.plasticgranularmachine.com\/?post_type=product&#038;p=2053"},"modified":"2026-01-19T16:22:11","modified_gmt":"2026-01-19T08:22:11","slug":"metal-recycling-shredder","status":"publish","type":"product","link":"https:\/\/www.plasticgranularmachine.com\/fr\/product\/metal-recycling-shredder\/","title":{"rendered":"Broyeur de recyclage de m\u00e9taux \u00e0 haute efficacit\u00e9"},"content":{"rendered":"<p>Notre d\u00e9chiqueteuse de recyclage de m\u00e9taux \u00e0 haute efficacit\u00e9 transforme les d\u00e9chets m\u00e9talliques volumineux et peu valoris\u00e9s en mati\u00e8re premi\u00e8re uniforme et \u00e0 haute densit\u00e9. Ce processus simplifie toute votre op\u00e9ration de traitement des d\u00e9chets m\u00e9talliques, facilite le transport et augmente la valeur de vos mat\u00e9riaux. Obtenez des fusions plus pures et des profits plus \u00e9lev\u00e9s gr\u00e2ce \u00e0 notre technologie avanc\u00e9e de d\u00e9chiquetage industriel.<\/p>    <h2 class=\"wp-block-heading\">Pourquoi investir dans notre d\u00e9chiqueteuse de recyclage de m\u00e9taux ?<\/h2>    <p>Notre d\u00e9chiqueteuse de recyclage de m\u00e9taux est con\u00e7ue pour offrir des performances sup\u00e9rieures et un retour sur investissement rapide. Voici pourquoi elle se distingue comme le choix premier pour les installations de traitement des d\u00e9chets :<\/p>    <ul class=\"wp-block-list\"> <li><strong>Construction robuste : <\/strong>Con\u00e7ue pour un fonctionnement implacable, la d\u00e9chiqueteuse poss\u00e8de un corps en acier \u00e9pais et des composants centraux (marteaux, plaques de tamis) moul\u00e9s en acier alli\u00e9 de haute qualit\u00e9. Cette conception robuste garantit une longue dur\u00e9e de vie et minimise les temps d'arr\u00eat.<\/li>    <li><strong>Performance puissante et efficace :<\/strong> Un moteur \u00e0 noyau en cuivre enti\u00e8rement en cuivre entra\u00eene un rotor robuste, fournissant une force de d\u00e9chiquetage immense tout en r\u00e9duisant la consommation d'\u00e9nergie. Cette combinaison puissante garantit un d\u00e9bit \u00e9lev\u00e9, faisant de cette machine une d\u00e9chiqueteuse de voitures et une d\u00e9chiqueteuse d'aluminium efficaces.<\/li>    <li><strong>S\u00e9curit\u00e9 avanc\u00e9e pour l'op\u00e9rateur : <\/strong>Nous privil\u00e9gions la s\u00e9curit\u00e9. La machine est \u00e9quip\u00e9e d'un syst\u00e8me de surcharge moteur et d'un verrouillage de l'alimentation, ainsi qu'une entr\u00e9e d'alimentation scell\u00e9e pour \u00e9viter la projection de mat\u00e9riaux, prot\u00e9geant ainsi votre \u00e9quipe et votre investissement.<\/li>    <li><strong>Polyvalence in\u00e9gal\u00e9e :<\/strong> De petites bo\u00eetes en aluminium \u00e0 des carrosseries de voitures robustes, cette d\u00e9chiqueteuse de m\u00e9taux peut traiter plus de 200 types de d\u00e9chets. Des lames personnalisables vous permettent d'adapter la machine pour une performance optimale avec diff\u00e9rents mat\u00e9riaux.<\/li> <\/ul>   <div class=\"wp-block-image\"> <figure class=\"aligncenter size-full\"><img loading=\"lazy\" decoding=\"async\" width=\"720\" height=\"540\" src=\"https:\/\/www.plasticgranularmachine.com\/wp-content\/uploads\/2026\/01\/metal-scrap-shredder-for-sale.webp\" alt=\"d\u00e9chiqueteuse de d\u00e9chets m\u00e9talliques \u00e0 vendre\" class=\"wp-image-2055\" srcset=\"https:\/\/www.plasticgranularmachine.com\/wp-content\/uploads\/2026\/01\/metal-scrap-shredder-for-sale.webp 720w, https:\/\/www.plasticgranularmachine.com\/wp-content\/uploads\/2026\/01\/metal-scrap-shredder-for-sale-300x225.webp 300w, https:\/\/www.plasticgranularmachine.com\/wp-content\/uploads\/2026\/01\/metal-scrap-shredder-for-sale-16x12.webp 16w\" sizes=\"auto, (max-width: 720px) 100vw, 720px\" \/><figcaption class=\"wp-element-caption\">d\u00e9chiqueteuse de d\u00e9chets m\u00e9talliques \u00e0 vendre<\/figcaption><\/figure> <\/div>   <h2 class=\"wp-block-heading\">Quels mat\u00e9riaux ce d\u00e9chiqueteur de m\u00e9taux recycl\u00e9s peut-il traiter ?<\/h2>    <p>La polyvalence de notre d\u00e9chiqueteur de m\u00e9taux recycl\u00e9s en fait un \u00e9quipement essentiel pour toute usine de recyclage de m\u00e9taux moderne. Il traite efficacement une large gamme de m\u00e9taux ferreux et non ferreux.<\/p>    <h3 class=\"wp-block-heading\">Mat\u00e9riaux bruts courants comprennent :<\/h3>    <ul class=\"wp-block-list\"> <li><strong>D\u00e9chets l\u00e9gers :<\/strong> Bo\u00eetes en aluminium, seaux de peinture, t\u00f4les de fer recycl\u00e9, f\u00fbts d'huile.<\/li>    <li><strong>D\u00e9chets automobiles :<\/strong> Carrosseries de voitures, blocs moteurs, cadres de bicyclettes, porti\u00e8res de voiture.<\/li>    <li><strong>D\u00e9chets \u00e9lectroniques :<\/strong> Cartes de circuits, anciens appareils m\u00e9nagers (lave-linge, r\u00e9frig\u00e9rateurs).<\/li>    <li><strong>D\u00e9chets de construction et de d\u00e9molition :<\/strong> Profils en aluminium \u00e0 rupture thermique, barres en acier, cadres de fen\u00eatres en m\u00e9tal<\/li> <\/ul>    <h3 class=\"wp-block-heading\">Produit fini de haute qualit\u00e9 :<\/h3>    <p>La sortie de notre d\u00e9chiqueteuse de recyclage de m\u00e9taux est propre, dense et de taille uniforme (3-10 cm), ce qui en fait une marchandise de premier choix pour les fonderies. Ce d\u00e9chet d\u00e9chiquet\u00e9 de haute qualit\u00e9 am\u00e9liore l'efficacit\u00e9 du four et produit un mat\u00e9riau final plus pur.<\/p>    <h2 class=\"wp-block-heading\">Le principe de fonctionnement du d\u00e9chiqueteur de m\u00e9taux recycl\u00e9s expliqu\u00e9<\/h2>    <p>Le processus est simple mais incroyablement efficace, bas\u00e9 sur un d\u00e9chiquetage \u00e0 impact \u00e9lev\u00e9. Voici une explication \u00e9tape par \u00e9tape :<\/p>    <ul class=\"wp-block-list\"> <li><strong>Alimentation du mat\u00e9riau :<\/strong> Scrap metal is loaded into the shredder&#8217;s feed inlet, typically via an automated conveyor belt, for a continuous and controlled workflow.<\/li>    <li><strong>D\u00e9chiquetage \u00e0 impact \u00e9lev\u00e9 : <\/strong>\u00c0 l'int\u00e9rieur de la chambre de broyage, un rotor \u00e0 grande vitesse \u00e9quip\u00e9 de plusieurs marteaux en acier alli\u00e9 tremp\u00e9 frappe violemment, d\u00e9chire et pulv\u00e9rise le mat\u00e9riau contre des plaques de rev\u00eatement durables.<\/li>    <li><strong>Taille et d\u00e9charge contr\u00f4l\u00e9es :<\/strong> Le mat\u00e9riau d\u00e9chiquet\u00e9 est impact\u00e9 \u00e0 plusieurs reprises jusqu'\u00e0 ce qu'il soit suffisamment petit pour passer \u00e0 travers les ouvertures d'une plaque de tamis robuste en bas. Cela garantit une taille de sortie coh\u00e9rente et uniforme, pr\u00eate pour l'\u00e9tape suivante du traitement.<\/li> <\/ul>    <h2 class=\"wp-block-heading\">Param\u00e8tres techniques de la d\u00e9chiqueteuse de recyclage de m\u00e9taux<\/h2>    <p>Pour vous aider \u00e0 choisir le bon mod\u00e8le pour votre installation, voici les principales sp\u00e9cifications techniques de notre s\u00e9rie standard de d\u00e9chiqueteuses de recyclage de m\u00e9taux :<\/p>    <figure class=\"wp-block-table\"><table><thead><tr><th class=\"has-text-align-left\" data-align=\"left\">Mod\u00e8le<\/th><th class=\"has-text-align-left\" data-align=\"left\">Taille d'entr\u00e9e (mm)<\/th><th class=\"has-text-align-left\" data-align=\"left\">Capacit\u00e9 (t\/h)<\/th><th class=\"has-text-align-left\" data-align=\"left\">Puissance (kW)<\/th><th class=\"has-text-align-left\" data-align=\"left\">Taille de d\u00e9charge (cm)<\/th><\/tr><\/thead><tbody><tr><td class=\"has-text-align-left\" data-align=\"left\"><strong>ET-800<\/strong><\/td><td class=\"has-text-align-left\" data-align=\"left\">800*600<\/td><td class=\"has-text-align-left\" data-align=\"left\">1.5-3.0<\/td><td class=\"has-text-align-left\" data-align=\"left\">45-55<\/td><td class=\"has-text-align-left\" data-align=\"left\">3-10 (r\u00e9glable)<\/td><\/tr><tr><td class=\"has-text-align-left\" data-align=\"left\"><strong>ET-1000<\/strong><\/td><td class=\"has-text-align-left\" data-align=\"left\">1000*800<\/td><td class=\"has-text-align-left\" data-align=\"left\">3.5-5.0<\/td><td class=\"has-text-align-left\" data-align=\"left\">75-90<\/td><td class=\"has-text-align-left\" data-align=\"left\">3-10 (r\u00e9glable)<\/td><\/tr><tr><td class=\"has-text-align-left\" data-align=\"left\"><strong>ET-1300<\/strong><\/td><td class=\"has-text-align-left\" data-align=\"left\">1300*1000<\/td><td class=\"has-text-align-left\" data-align=\"left\">6.0-8.5<\/td><td class=\"has-text-align-left\" data-align=\"left\">110-132<\/td><td class=\"has-text-align-left\" data-align=\"left\">3-10 (r\u00e9glable)<\/td><\/tr><tr><td class=\"has-text-align-left\" data-align=\"left\"><strong>ET-1600<\/strong><\/td><td class=\"has-text-align-left\" data-align=\"left\">1600*1200<\/td><td class=\"has-text-align-left\" data-align=\"left\">10.0-15.0<\/td><td class=\"has-text-align-left\" data-align=\"left\">160-220<\/td><td class=\"has-text-align-left\" data-align=\"left\">3-10 (r\u00e9glable)<\/td><\/tr><\/tbody><\/table><\/figure>    <h2 class=\"wp-block-heading\">Construire une usine de recyclage de m\u00e9taux compl\u00e8te<\/h2>    <p class=\"translation-block\">Pour maximiser la rentabilit\u00e9, la d\u00e9chiqueteuse de recyclage de m\u00e9taux sert de c\u0153ur \u00e0 une ligne de production de recyclage de m\u00e9taux enti\u00e8rement automatis\u00e9e <a href=\"https:\/\/www.plasticgranularmachine.com\/fr\/product\/scrap-metal-crusher\/\" data-type=\"link\" data-id=\"https:\/\/www.plasticgranularmachine.com\/product\/scrap-metal-crusher\/\">ligne de production de recyclage de m\u00e9taux<\/a>. Ce syst\u00e8me int\u00e9gr\u00e9 s\u00e9pare les m\u00e9taux pr\u00e9cieux des d\u00e9chets avec une efficacit\u00e9 in\u00e9gal\u00e9e. Une ligne typique de d\u00e9chiquetage et de tri des m\u00e9taux comprend :<\/p>    <ul class=\"wp-block-list\"> <li><strong>Convoyeur d'alimentation :<\/strong> Transportent les d\u00e9chets vers la d\u00e9chiqueteuse.<\/li>    <li><strong>D\u00e9chiqueteuse de recyclage de m\u00e9taux : <\/strong>L'unit\u00e9 principale pour broyer les d\u00e9chets en une taille uniforme.<\/li>    <li><strong>S\u00e9parateur magn\u00e9tique :<\/strong> Retire automatiquement tous les m\u00e9taux ferreux (fer, acier).<\/li>    <li><strong>S\u00e9parateur \u00e0 courant de Foucault :<\/strong> S\u00e9pare efficacement les m\u00e9taux non ferreux pr\u00e9cieux comme l'aluminium et le cuivre des d\u00e9chets non m\u00e9talliques restants.<\/li>    <li><strong>Syst\u00e8me d'\u00e9limination de la poussi\u00e8re :<\/strong> Maintient un environnement de travail propre et garantit la puret\u00e9 des produits finis.<\/li> <\/ul>    <p>Investir dans une d\u00e9chiqueteuse de recyclage de m\u00e9taux fiable est une \u00e9tape cruciale vers une op\u00e9ration de traitement des d\u00e9chets m\u00e9talliques plus rentable et efficace. EFFICIENT Machinery ne fournit pas seulement une machine, mais une solution compl\u00e8te adapt\u00e9e \u00e0 vos besoins. Contactez-nous pour d\u00e9couvrir comment notre d\u00e9chiqueteuse robuste peut am\u00e9liorer votre activit\u00e9.<\/p>","protected":false},"excerpt":{"rendered":"<p>Our high-efficiency metal recycling shredder transforms bulky, low-value scrap metal into uniform, high-density feedstock. This process streamlines your entire scrap metal processing operation, simplifying transport and enhancing the value of your materials. Achieve purer melts and higher profits with our advanced industrial metal shredder technology. Why Invest in Our Metal Recycling Shredder? Our metal recycling [&hellip;]<\/p>\n","protected":false},"author":1,"featured_media":2054,"parent":0,"template":"","tags":[],"product-type":[78],"class_list":["post-2053","product","type-product","status-publish","has-post-thumbnail","hentry","product-type-metal-recycling-machine"],"_links":{"self":[{"href":"https:\/\/www.plasticgranularmachine.com\/fr\/wp-json\/wp\/v2\/product\/2053","targetHints":{"allow":["GET"]}}],"collection":[{"href":"https:\/\/www.plasticgranularmachine.com\/fr\/wp-json\/wp\/v2\/product"}],"about":[{"href":"https:\/\/www.plasticgranularmachine.com\/fr\/wp-json\/wp\/v2\/types\/product"}],"author":[{"embeddable":true,"href":"https:\/\/www.plasticgranularmachine.com\/fr\/wp-json\/wp\/v2\/users\/1"}],"wp:featuredmedia":[{"embeddable":true,"href":"https:\/\/www.plasticgranularmachine.com\/fr\/wp-json\/wp\/v2\/media\/2054"}],"wp:attachment":[{"href":"https:\/\/www.plasticgranularmachine.com\/fr\/wp-json\/wp\/v2\/media?parent=2053"}],"wp:term":[{"taxonomy":"post_tag","embeddable":true,"href":"https:\/\/www.plasticgranularmachine.com\/fr\/wp-json\/wp\/v2\/tags?post=2053"},{"taxonomy":"product-type","embeddable":true,"href":"https:\/\/www.plasticgranularmachine.com\/fr\/wp-json\/wp\/v2\/product-type?post=2053"}],"curies":[{"name":"wp","href":"https:\/\/api.w.org\/{rel}","templated":true}]}}