{"id":233,"date":"2022-07-25T07:01:36","date_gmt":"2022-07-25T07:01:36","guid":{"rendered":"https:\/\/www.plasticgranularmachine.com\/?post_type=product&#038;p=233"},"modified":"2025-01-06T09:52:54","modified_gmt":"2025-01-06T01:52:54","slug":"pet-flakes-dryer","status":"publish","type":"product","link":"https:\/\/www.plasticgranularmachine.com\/fr\/product\/pet-flakes-dryer\/","title":{"rendered":"S\u00e8che-linge horizontal pour flocons d'animaux | Machine de s\u00e9chage de copeaux de plastique"},"content":{"rendered":"<p class=\"translation-block\">Le s\u00e9choir pour paillettes de PET est la derni\u00e8re \u00e9tape majeure de la <a href=\"https:\/\/www.plasticgranularmachine.com\/fr\/product\/pet-bottles-recycling-line\/\">ligne de recyclage de bouteilles en plastique<\/a>. C'est une machine plac\u00e9e derri\u00e8re la laveuse de plastique. Gr\u00e2ce \u00e0 un s\u00e9choir pour paillettes de PET, le taux de d\u00e9shydratation des paillettes de plastique atteint 97\u00a0%.<\/p>   <div class=\"wp-block-image\"> <figure class=\"aligncenter size-full\"><img loading=\"lazy\" decoding=\"async\" width=\"720\" height=\"540\" src=\"https:\/\/www.plasticgranularmachine.com\/wp-content\/uploads\/2022\/07\/PET-flakes-dryer-1.webp\" alt=\"S\u00e9cheur de flocons PET\" class=\"wp-image-1388\" srcset=\"https:\/\/www.plasticgranularmachine.com\/wp-content\/uploads\/2022\/07\/PET-flakes-dryer-1.webp 720w, https:\/\/www.plasticgranularmachine.com\/wp-content\/uploads\/2022\/07\/PET-flakes-dryer-1-300x225.webp 300w, https:\/\/www.plasticgranularmachine.com\/wp-content\/uploads\/2022\/07\/PET-flakes-dryer-1-16x12.webp 16w\" sizes=\"auto, (max-width: 720px) 100vw, 720px\" \/><figcaption class=\"wp-element-caption\">S\u00e9cheur de flocons PET<\/figcaption><\/figure> <\/div>   <figure class=\"wp-block-embed is-type-video is-provider-youtube wp-block-embed-youtube wp-embed-aspect-16-9 wp-has-aspect-ratio\"><div class=\"wp-block-embed__wrapper\"> <iframe loading=\"lazy\" title=\"Machine en plastique horizontale tr\u00e8s efficace de dessiccateur pour ass\u00e9cher #plastic\" width=\"500\" height=\"281\" src=\"https:\/\/www.youtube.com\/embed\/nspYq2vnK2o?feature=oembed\" frameborder=\"0\" allow=\"accelerometer; autoplay; clipboard-write; encrypted-media; gyroscope; picture-in-picture; web-share\" referrerpolicy=\"strict-origin-when-cross-origin\" allowfullscreen><\/iframe> <\/div><\/figure>    <h2 class=\"wp-block-heading\" id=\"h-how-does-the-pet-flakes-dryer-work\">Comment fonctionne le s\u00e9choir de flocons PET ?<\/h2>    <p>La machine de s\u00e9chage termine le processus de d\u00e9shydratation dans l'ordre suivant : d\u00e9placement en spirale, d\u00e9shydratation par s\u00e9paration, alimentation automatique et d\u00e9charge automatique. Ensuite, les flocons de plastique sont \u00e9vacu\u00e9s de la cuve de rin\u00e7age et p\u00e9n\u00e8trent directement dans la tr\u00e9mie d'alimentation du d\u00e9shydrateur. Entra\u00een\u00e9e par le moteur, la broche du d\u00e9shydrateur horizontal tourne \u00e0 grande vitesse. Ainsi, les fragments de bouteilles en plastique sont entra\u00een\u00e9s en rotation \u00e0 grande vitesse. Les fragments de plastique sont ensuite s\u00e9ch\u00e9s par force centrifuge. En m\u00eame temps, la lame avec un certain angle inclus pousse le morceau de bouteille en plastique vers l'orifice de d\u00e9charge. <\/p>    <p>Par cons\u00e9quent, un s\u00e9choir de d\u00e9chets de bouteilles PET est l\u2019un des \u00e9quipements id\u00e9aux dans les machines de transformation du plastique. Il peut \u00eatre utilis\u00e9 avec toute la ligne de nettoyage de bouteilles en plastique PET, ou il peut \u00eatre utilis\u00e9 seul.<\/p>   <div class=\"wp-block-image\"> <figure class=\"aligncenter size-full\"><img loading=\"lazy\" decoding=\"async\" width=\"720\" height=\"540\" src=\"https:\/\/www.plasticgranularmachine.com\/wp-content\/uploads\/2022\/07\/plastic-dehydrator-machine-1.webp\" alt=\"machine de d\u00e9shydratation en plastique\" class=\"wp-image-1389\" srcset=\"https:\/\/www.plasticgranularmachine.com\/wp-content\/uploads\/2022\/07\/plastic-dehydrator-machine-1.webp 720w, https:\/\/www.plasticgranularmachine.com\/wp-content\/uploads\/2022\/07\/plastic-dehydrator-machine-1-300x225.webp 300w, https:\/\/www.plasticgranularmachine.com\/wp-content\/uploads\/2022\/07\/plastic-dehydrator-machine-1-16x12.webp 16w\" sizes=\"auto, (max-width: 720px) 100vw, 720px\" \/><figcaption class=\"wp-element-caption\">machine de d\u00e9shydratation en plastique<\/figcaption><\/figure> <\/div>   <h2 class=\"wp-block-heading\">Caract\u00e9ristiques du produit<\/h2>    <ol class=\"wp-block-list\"> <li>Largement utilis\u00e9. Le s\u00e9choir \u00e0 flocons de PET peut se d\u00e9shydrater <a href=\"https:\/\/en.wikipedia.org\/wiki\/Polypropylene\" target=\"_blank\" rel=\"noopener\">PP<\/a> copeaux de plastique, copeaux de plastique PE et d\u00e9chets de plastique PET.<\/li>    <li>Taux de d\u00e9shydratation \u00e9lev\u00e9. Parce que le taux de d\u00e9shydratation de la machine est sup\u00e9rieur \u00e0 97%.<\/li>    <li>La machine consomme moins d'\u00e9nergie.<\/li>    <li>La machine de s\u00e9chage de copeaux de plastique pr\u00e9sente un degr\u00e9 \u00e9lev\u00e9 d'automatisation, ce qui peut r\u00e9duire consid\u00e9rablement l'intensit\u00e9 du travail.<\/li>    <li>Technologie avanc\u00e9e. Faible usure et bruit<\/li>    <li>Conception avanc\u00e9e. La conception \u00e0 double sortie permet d'\u00e9conomiser du temps et des efforts.<\/li>    <li>La structure de la machine de s\u00e9chage de copeaux de plastique est simple. Par cons\u00e9quent, le d\u00e9montage et le montage de la machine sont tr\u00e8s pratiques et faciles \u00e0 nettoyer.<\/li> <\/ol>   <div class=\"wp-block-image\"> <figure class=\"aligncenter size-full\"><img loading=\"lazy\" decoding=\"async\" width=\"720\" height=\"541\" src=\"https:\/\/www.plasticgranularmachine.com\/wp-content\/uploads\/2022\/07\/plastic-chips-dryer-machine-in-the-PET-recycling-line-1.webp\" alt=\"Machine de s\u00e9chage de copeaux de plastique dans la ligne de recyclage du PET\" class=\"wp-image-1390\" srcset=\"https:\/\/www.plasticgranularmachine.com\/wp-content\/uploads\/2022\/07\/plastic-chips-dryer-machine-in-the-PET-recycling-line-1.webp 720w, https:\/\/www.plasticgranularmachine.com\/wp-content\/uploads\/2022\/07\/plastic-chips-dryer-machine-in-the-PET-recycling-line-1-300x225.webp 300w, https:\/\/www.plasticgranularmachine.com\/wp-content\/uploads\/2022\/07\/plastic-chips-dryer-machine-in-the-PET-recycling-line-1-16x12.webp 16w\" sizes=\"auto, (max-width: 720px) 100vw, 720px\" \/><figcaption class=\"wp-element-caption\">Machine de s\u00e9chage de copeaux de plastique dans la ligne de recyclage du PET<\/figcaption><\/figure> <\/div>   <h2 class=\"wp-block-heading\">Param\u00e8tres de la machine de s\u00e9chage de copeaux PET<\/h2>    <figure class=\"wp-block-table\"><table><tbody><tr><td>Mod\u00e8le<\/td><td>500<\/td><\/tr><tr><td>Poudre<\/td><td>7,5 kW<\/td><\/tr><tr><td>Taille<\/td><td>2845*902*1750\uff08mm\uff09<\/td><\/tr><tr><td>Poids<\/td><td>350 kg<\/td><\/tr><\/tbody><\/table><\/figure>   <div class=\"wp-block-image\"> <figure class=\"aligncenter size-full\"><img loading=\"lazy\" decoding=\"async\" width=\"720\" height=\"480\" src=\"https:\/\/www.plasticgranularmachine.com\/wp-content\/uploads\/2022\/07\/Horizontal-dewatering-machine-1.webp\" alt=\"Machine de d\u00e9shydratation horizontale\" class=\"wp-image-1391\" srcset=\"https:\/\/www.plasticgranularmachine.com\/wp-content\/uploads\/2022\/07\/Horizontal-dewatering-machine-1.webp 720w, https:\/\/www.plasticgranularmachine.com\/wp-content\/uploads\/2022\/07\/Horizontal-dewatering-machine-1-300x200.webp 300w, https:\/\/www.plasticgranularmachine.com\/wp-content\/uploads\/2022\/07\/Horizontal-dewatering-machine-1-18x12.webp 18w\" sizes=\"auto, (max-width: 720px) 100vw, 720px\" \/><figcaption class=\"wp-element-caption\">Machine de d\u00e9shydratation horizontale<\/figcaption><\/figure> <\/div>   <h2 class=\"wp-block-heading\">A quoi servent les flocons pour animaux de compagnie ?<\/h2>    <ul class=\"wp-block-list\"> <li>Fabriquez des bouteilles en plastique. Nous savons tous que les plastiques recycl\u00e9s ne peuvent pas entrer en contact direct avec les aliments. Mais nous pouvons l\u2019utiliser comme couche interm\u00e9diaire des bouteilles en plastique.<\/li>    <li>Faites la literie. Les copeaux de PET recycl\u00e9s peuvent \u00eatre transform\u00e9s en sacs de couchage, oreillers, couvertures, matelas et autres articles.<\/li>    <li>En outre, les d\u00e9chets de plastique peuvent \u00e9galement \u00eatre transform\u00e9s en coques de t\u00e9l\u00e9phones portables, en lunettes de soleil, en coques d'appareils \u00e9lectriques en plastique, en accessoires de moulage par injection industrielle, etc. Ils peuvent \u00e9galement \u00eatre utilis\u00e9s pour fabriquer des chaises en plastique, des blocs de construction et des d\u00e9codeurs.<\/li> <\/ul>   <div class=\"wp-block-image\"> <figure class=\"aligncenter size-full\"><img loading=\"lazy\" decoding=\"async\" width=\"720\" height=\"540\" src=\"https:\/\/www.plasticgranularmachine.com\/wp-content\/uploads\/2022\/07\/clean-plastic-flakes.jpg\" alt=\"flocons de plastique propres\" class=\"wp-image-239\" srcset=\"https:\/\/www.plasticgranularmachine.com\/wp-content\/uploads\/2022\/07\/clean-plastic-flakes.jpg 720w, https:\/\/www.plasticgranularmachine.com\/wp-content\/uploads\/2022\/07\/clean-plastic-flakes-300x225.jpg 300w\" sizes=\"auto, (max-width: 720px) 100vw, 720px\" \/><figcaption class=\"wp-element-caption\">flocons de plastique propres<\/figcaption><\/figure> <\/div>   <h2 class=\"wp-block-heading\">S\u00e9choir de flocons PET \u00e0 vendre<\/h2>    <p class=\"translation-block\">Chez <a href=\"https:\/\/www.plasticgranularmachine.com\/fr\/\">Efficient machinery<\/a>, nous avons deux types de machines de s\u00e9chage de d\u00e9chets plastiques \u00e0 vendre\u00a0: des s\u00e9choirs verticaux et horizontaux. Vous pouvez donc choisir diff\u00e9rents types de s\u00e9choirs en fonction de vos besoins. De mani\u00e8re importante, nous pouvons personnaliser la machine en fonction de vos besoins. Par cons\u00e9quent, si vous souhaitez acheter un s\u00e9choir pour paillettes de PET qui r\u00e9pond \u00e0 vos besoins, veuillez nous contacter \u00e0 tout moment.<\/p>   <div class=\"wp-block-image\"> <figure class=\"aligncenter size-full\"><img loading=\"lazy\" decoding=\"async\" width=\"719\" height=\"327\" src=\"https:\/\/www.plasticgranularmachine.com\/wp-content\/uploads\/2022\/07\/pet-flakes-dryer-in-the-factory-1.webp\" alt=\"s\u00e9choir de flocons d&#039;animaux en usine\" class=\"wp-image-1392\" srcset=\"https:\/\/www.plasticgranularmachine.com\/wp-content\/uploads\/2022\/07\/pet-flakes-dryer-in-the-factory-1.webp 719w, https:\/\/www.plasticgranularmachine.com\/wp-content\/uploads\/2022\/07\/pet-flakes-dryer-in-the-factory-1-300x136.webp 300w, https:\/\/www.plasticgranularmachine.com\/wp-content\/uploads\/2022\/07\/pet-flakes-dryer-in-the-factory-1-18x8.webp 18w\" sizes=\"auto, (max-width: 719px) 100vw, 719px\" \/><figcaption class=\"wp-element-caption\">s\u00e9choir de flocons d'animaux en usine<\/figcaption><\/figure> <\/div>","protected":false},"excerpt":{"rendered":"<p>PET flakes dryer is the last major step in the plastic bottle recycling line. It is a machine placed behind the plastic washing machine. With the help of a PET bottle flakes dryer, the dehydration rate of plastic flakes is as high as 97%. How does the PET flakes dryer work? The dryer machine completes [&hellip;]<\/p>\n","protected":false},"author":1,"featured_media":1182,"parent":0,"template":"","tags":[38],"product-type":[9],"class_list":["post-233","product","type-product","status-publish","has-post-thumbnail","hentry","tag-pet-recycling","product-type-plastic-dryer"],"_links":{"self":[{"href":"https:\/\/www.plasticgranularmachine.com\/fr\/wp-json\/wp\/v2\/product\/233","targetHints":{"allow":["GET"]}}],"collection":[{"href":"https:\/\/www.plasticgranularmachine.com\/fr\/wp-json\/wp\/v2\/product"}],"about":[{"href":"https:\/\/www.plasticgranularmachine.com\/fr\/wp-json\/wp\/v2\/types\/product"}],"author":[{"embeddable":true,"href":"https:\/\/www.plasticgranularmachine.com\/fr\/wp-json\/wp\/v2\/users\/1"}],"wp:featuredmedia":[{"embeddable":true,"href":"https:\/\/www.plasticgranularmachine.com\/fr\/wp-json\/wp\/v2\/media\/1182"}],"wp:attachment":[{"href":"https:\/\/www.plasticgranularmachine.com\/fr\/wp-json\/wp\/v2\/media?parent=233"}],"wp:term":[{"taxonomy":"post_tag","embeddable":true,"href":"https:\/\/www.plasticgranularmachine.com\/fr\/wp-json\/wp\/v2\/tags?post=233"},{"taxonomy":"product-type","embeddable":true,"href":"https:\/\/www.plasticgranularmachine.com\/fr\/wp-json\/wp\/v2\/product-type?post=233"}],"curies":[{"name":"wp","href":"https:\/\/api.w.org\/{rel}","templated":true}]}}