{"id":257,"date":"2022-07-27T03:39:39","date_gmt":"2022-07-27T03:39:39","guid":{"rendered":"https:\/\/www.plasticgranularmachine.com\/?post_type=product&#038;p=257"},"modified":"2025-01-06T09:57:21","modified_gmt":"2025-01-06T01:57:21","slug":"pet-flakes-washing-machine","status":"publish","type":"product","link":"https:\/\/www.plasticgranularmachine.com\/fr\/product\/pet-flakes-washing-machine\/","title":{"rendered":"Machine de cuve de s\u00e9paration d'\u00e9vier de flotteur de lavage de flocons d'ANIMAL FAMILIER"},"content":{"rendered":"<p>La machine \u00e0 laver les flocons de PET est l\u2019une des machines de la ligne de recyclage des bouteilles en plastique. Il joue un r\u00f4le tr\u00e8s important dans toute la cha\u00eene de lavage des bouteilles PET. Parce que nous savons tous que les d\u00e9chets de bouteilles en plastique contiennent beaucoup d\u2019impuret\u00e9s et de taches. Par cons\u00e9quent, afin d\u2019obtenir des flocons de plastique de haute qualit\u00e9, nous devons utiliser une installation de lavage de flocons de PET pour nettoyer les flocons de plastique broy\u00e9s.<\/p>   <div class=\"wp-block-image\"> <figure class=\"aligncenter size-full\"><img loading=\"lazy\" decoding=\"async\" width=\"720\" height=\"540\" src=\"https:\/\/www.plasticgranularmachine.com\/wp-content\/uploads\/2022\/07\/sink-float-plastic-separation.webp\" alt=\"s\u00e9paration en plastique du flotteur d&#039;\u00e9vier\" class=\"wp-image-1283\" srcset=\"https:\/\/www.plasticgranularmachine.com\/wp-content\/uploads\/2022\/07\/sink-float-plastic-separation.webp 720w, https:\/\/www.plasticgranularmachine.com\/wp-content\/uploads\/2022\/07\/sink-float-plastic-separation-300x225.webp 300w, https:\/\/www.plasticgranularmachine.com\/wp-content\/uploads\/2022\/07\/sink-float-plastic-separation-16x12.webp 16w\" sizes=\"auto, (max-width: 720px) 100vw, 720px\" \/><figcaption class=\"wp-element-caption\">S\u00e9paration plastique flotteur \u00e9vier<\/figcaption><\/figure> <\/div>   <h2 class=\"wp-block-heading\">Pourquoi avez-vous besoin d\u2019une machine \u00e0 laver les bouteilles PET ?<\/h2>    <p>La machine \u00e0 laver les bouteilles PET est \u00e9galement appel\u00e9e r\u00e9servoir flottant pour \u00e9vier. Les bouteilles de boissons en plastique sont compos\u00e9es de deux parties\u00a0: un corps de bouteille en PET et des bouchons en PP. Les diff\u00e9rents mat\u00e9riaux doivent \u00eatre trait\u00e9s de diff\u00e9rentes mani\u00e8res. Les usines de recyclage du plastique devraient donc s\u00e9parer le PP du PET.<\/p>    <p>Il peut \u00eatre achev\u00e9 par les diff\u00e9rences de densit\u00e9s. La densit\u00e9 de l'eau est exactement 1 g \/ cm, dans le plastique commun uniquement PP et la densit\u00e9 PE est inf\u00e9rieure \u00e0 1,0, de sorte que l'eau peut flotter dans l'eau est un bouchon de bouteille PP, un mat\u00e9riau pour animaux de compagnie car la densit\u00e9 est sup\u00e9rieure \u00e0 celle que l'eau coulera au fond. C'est pourquoi nous appelons \u00e9galement une machine \u00e0 laver \u00e0 la bouteille pour animaux de compagnie un r\u00e9servoir de s\u00e9paration flottante en plastique.<\/p>    <figure class=\"wp-block-gallery has-nested-images columns-default is-cropped wp-block-gallery-2 is-layout-flex wp-block-gallery-is-layout-flex\"> <figure class=\"wp-block-image size-large\"><img loading=\"lazy\" decoding=\"async\" width=\"720\" height=\"540\" data-id=\"1285\" src=\"https:\/\/www.plasticgranularmachine.com\/wp-content\/uploads\/2022\/07\/Impurities-floating-on-the-water-surface.webp\" alt=\"Impuret\u00e9s flottant \u00e0 la surface de l&#039;eau\" class=\"wp-image-1285\" srcset=\"https:\/\/www.plasticgranularmachine.com\/wp-content\/uploads\/2022\/07\/Impurities-floating-on-the-water-surface.webp 720w, https:\/\/www.plasticgranularmachine.com\/wp-content\/uploads\/2022\/07\/Impurities-floating-on-the-water-surface-300x225.webp 300w, https:\/\/www.plasticgranularmachine.com\/wp-content\/uploads\/2022\/07\/Impurities-floating-on-the-water-surface-16x12.webp 16w\" sizes=\"auto, (max-width: 720px) 100vw, 720px\" \/><figcaption class=\"wp-element-caption\">Impuret\u00e9s flottant \u00e0 la surface de l'eau<\/figcaption><\/figure>    <figure class=\"wp-block-image size-large\"><img loading=\"lazy\" decoding=\"async\" width=\"720\" height=\"540\" data-id=\"1284\" src=\"https:\/\/www.plasticgranularmachine.com\/wp-content\/uploads\/2022\/07\/pet-flakes-washing-machine-in-plastic-bottle-washing-line.webp\" alt=\"Machine \u00e0 laver les flocons d&#039;animaux domestiques dans une ligne de lavage de bouteilles en plastique\" class=\"wp-image-1284\" srcset=\"https:\/\/www.plasticgranularmachine.com\/wp-content\/uploads\/2022\/07\/pet-flakes-washing-machine-in-plastic-bottle-washing-line.webp 720w, https:\/\/www.plasticgranularmachine.com\/wp-content\/uploads\/2022\/07\/pet-flakes-washing-machine-in-plastic-bottle-washing-line-300x225.webp 300w, https:\/\/www.plasticgranularmachine.com\/wp-content\/uploads\/2022\/07\/pet-flakes-washing-machine-in-plastic-bottle-washing-line-16x12.webp 16w\" sizes=\"auto, (max-width: 720px) 100vw, 720px\" \/><figcaption class=\"wp-element-caption\">Machine \u00e0 laver les flocons d'animaux domestiques dans une ligne de lavage de bouteilles en plastique<\/figcaption><\/figure> <\/figure>    <h2 class=\"wp-block-heading\">Principales caract\u00e9ristiques du r\u00e9servoir flottant d'\u00e9vier en plastique\u00a0?<\/h2>    <ul class=\"wp-block-list\"> <li>Nous sommes heureux d'annoncer que la machine \u00e0 laver les flocons de PET a \u00e9t\u00e9 am\u00e9lior\u00e9e, allong\u00e9e et approfondie, ce qui a permis une pr\u00e9cipitation et une s\u00e9paration plus efficaces des impuret\u00e9s. <\/li>    <li>De plus, nous l'avons \u00e9quip\u00e9 d'un syst\u00e8me de recyclage de l'eau, ce qui contribuera \u00e0 r\u00e9duire la consommation d'eau et les co\u00fbts d'exploitation.<\/li>    <li>Le r\u00e9servoir flottant pour \u00e9vier de bouteilles en plastique est capable de traiter une vari\u00e9t\u00e9 de fragments de bouteilles PET, de diff\u00e9rentes tailles et formes, avec une large gamme d'adaptabilit\u00e9.<\/li>    <li>Le processus de lavage des bouteilles en plastique est simple et les r\u00e9sultats sont impressionnants, avec un haut niveau de puret\u00e9 du rPET.<\/li> <\/ul>   <div class=\"wp-block-image\"> <figure class=\"aligncenter size-large\"><img loading=\"lazy\" decoding=\"async\" width=\"1024\" height=\"622\" src=\"https:\/\/www.plasticgranularmachine.com\/wp-content\/uploads\/2022\/07\/plastic-bottle-sink-float-tank-1024x622.webp\" alt=\"r\u00e9servoir de flotteur d&#039;\u00e9vier de bouteille en plastique\" class=\"wp-image-1286\" srcset=\"https:\/\/www.plasticgranularmachine.com\/wp-content\/uploads\/2022\/07\/plastic-bottle-sink-float-tank-1024x622.webp 1024w, https:\/\/www.plasticgranularmachine.com\/wp-content\/uploads\/2022\/07\/plastic-bottle-sink-float-tank-300x182.webp 300w, https:\/\/www.plasticgranularmachine.com\/wp-content\/uploads\/2022\/07\/plastic-bottle-sink-float-tank-768x467.webp 768w, https:\/\/www.plasticgranularmachine.com\/wp-content\/uploads\/2022\/07\/plastic-bottle-sink-float-tank-18x12.webp 18w, https:\/\/www.plasticgranularmachine.com\/wp-content\/uploads\/2022\/07\/plastic-bottle-sink-float-tank.webp 1354w\" sizes=\"auto, (max-width: 1024px) 100vw, 1024px\" \/><figcaption class=\"wp-element-caption\">r\u00e9servoir de flotteur d'\u00e9vier de bouteille en plastique<\/figcaption><\/figure> <\/div>   <h2 class=\"wp-block-heading\">Vid\u00e9o du r\u00e9servoir de s\u00e9paration flottant en plastique<\/h2>    <figure class=\"wp-block-embed is-type-video is-provider-youtube wp-block-embed-youtube wp-embed-aspect-16-9 wp-has-aspect-ratio\"><div class=\"wp-block-embed__wrapper\"> <iframe loading=\"lazy\" title=\"D\u00e9contamination efficace et puissante des bouteilles PET dans un processus \u00e9tape par \u00e9tape\" width=\"500\" height=\"281\" src=\"https:\/\/www.youtube.com\/embed\/SsiW4ed3DB8?feature=oembed\" frameborder=\"0\" allow=\"accelerometer; autoplay; clipboard-write; encrypted-media; gyroscope; picture-in-picture; web-share\" referrerpolicy=\"strict-origin-when-cross-origin\" allowfullscreen><\/iframe> <\/div><\/figure>    <p>Dans cette vid\u00e9o, vous pouvez voir comment fonctionne une machine \u00e0 laver les flocons de PET. Quelles que soient vos questions, n'h\u00e9sitez pas \u00e0 nous consulter. <\/p>    <h2 class=\"wp-block-heading\" id=\"h-what-are-the-pet-flakes-washing-process\">Quels sont les processus de lavage des flocons de PET\u00a0?<\/h2>    <p>La machine \u00e0 laver les flocons de PET est \u00e9quip\u00e9e de plusieurs plaques dent\u00e9es. Lorsque la machine fonctionne, elle sera remplie d'eau propre. La plaque dent\u00e9e tourne et pousse les flocons de plastique vers l'avant. L'engrenage rotatif nettoiera les flocons de plastique et \u00e9liminera les impuret\u00e9s contenues dans les copeaux de plastique.<\/p>    <p>Afin d'obtenir un meilleur effet nettoyant, vous pouvez \u00e9galement ajouter du d\u00e9tergent au ponton du r\u00e9servoir. Par cons\u00e9quent, le processus de lavage des flocons de plastique dans cette \u00e9tape consiste \u00e0 nettoyer les flocons de plastique par m\u00e9lange. <\/p>   <div class=\"wp-block-image\"> <figure class=\"aligncenter size-full\"><img loading=\"lazy\" decoding=\"async\" width=\"540\" height=\"720\" src=\"https:\/\/www.plasticgranularmachine.com\/wp-content\/uploads\/2022\/07\/tooth-plate-of-the-pet-flakes-washing-machine.webp\" alt=\"plaque dentaire de la machine \u00e0 laver les flocons d&#039;animaux\" class=\"wp-image-1287\" srcset=\"https:\/\/www.plasticgranularmachine.com\/wp-content\/uploads\/2022\/07\/tooth-plate-of-the-pet-flakes-washing-machine.webp 540w, https:\/\/www.plasticgranularmachine.com\/wp-content\/uploads\/2022\/07\/tooth-plate-of-the-pet-flakes-washing-machine-225x300.webp 225w, https:\/\/www.plasticgranularmachine.com\/wp-content\/uploads\/2022\/07\/tooth-plate-of-the-pet-flakes-washing-machine-9x12.webp 9w\" sizes=\"auto, (max-width: 540px) 100vw, 540px\" \/><figcaption class=\"wp-element-caption\">plaque dentaire de la machine \u00e0 laver les flocons d'animaux<\/figcaption><\/figure> <\/div>   <h2 class=\"wp-block-heading\">Comment nettoyer les flocons de plastique pour les recycler\u00a0?<\/h2>    <p class=\"translation-block\">Dans toute la <strong><a href=\"https:\/\/www.plasticgranularmachine.com\/fr\/product\/pet-bottles-recycling-line\/\">ligne de recyclage de bouteilles en plastique<\/a><\/strong>, nous avons besoin de plus qu'une simple s\u00e9paration par flottation. Pour un meilleur effet de nettoyage, une machine de nettoyage par friction du plastique et une <strong><a href=\"https:\/\/www.plasticgranularmachine.com\/fr\/product\/pet-flakes-hot-washing-machine\/\" data-type=\"link\" data-id=\"https:\/\/www.plasticgranularmachine.com\/product\/pet-flakes-hot-washing-machine\/\">machine de lavage \u00e0 l'eau chaude<\/a><\/strong> sont \u00e9galement n\u00e9cessaires. La machine de nettoyage par friction du plastique peut nettoyer la salet\u00e9 grasse et autres taches sur les d\u00e9bris de plastique. En plus de nettoyer les d\u00e9bris de plastique, la machine de lavage \u00e0 l'eau chaude a \u00e9galement pour fonction la d\u00e9sinfection. Sous l'action de ces trois \u00e9quipements de nettoyage du plastique, nous pouvons obtenir des fragments de plastique propres.<\/p>   <div class=\"wp-block-image\"> <figure class=\"aligncenter size-full\"><img loading=\"lazy\" decoding=\"async\" width=\"720\" height=\"540\" src=\"https:\/\/www.plasticgranularmachine.com\/wp-content\/uploads\/2022\/07\/sink-float-tank-in-the-complete-plastic-bottle-washing-line.webp\" alt=\"r\u00e9servoir \u00e0 flotteur d&#039;\u00e9vier dans la ligne compl\u00e8te de lavage de bouteilles en plastique\" class=\"wp-image-1288\" srcset=\"https:\/\/www.plasticgranularmachine.com\/wp-content\/uploads\/2022\/07\/sink-float-tank-in-the-complete-plastic-bottle-washing-line.webp 720w, https:\/\/www.plasticgranularmachine.com\/wp-content\/uploads\/2022\/07\/sink-float-tank-in-the-complete-plastic-bottle-washing-line-300x225.webp 300w, https:\/\/www.plasticgranularmachine.com\/wp-content\/uploads\/2022\/07\/sink-float-tank-in-the-complete-plastic-bottle-washing-line-16x12.webp 16w\" sizes=\"auto, (max-width: 720px) 100vw, 720px\" \/><figcaption class=\"wp-element-caption\">r\u00e9servoir \u00e0 flotteur d'\u00e9vier dans la ligne compl\u00e8te de lavage de bouteilles en plastique<\/figcaption><\/figure> <\/div>   <p>Si vous souhaitez en savoir plus, n'h\u00e9sitez pas \u00e0 nous contacter et \u00e0 consulter le site Web ci-dessous\u00a0: <\/p>    <p><em><a href=\"https:\/\/www.plasticgranularmachine.com\/fr\/Info\/plastic-bottle-washing-machine\/\" data-type=\"link\" data-id=\"https:\/\/www.plasticgranularmachine.com\/Info\/plastic-bottle-washing-machine\/\">Machines \u00e0 laver les bouteilles en plastique abordables pour vos plantes<\/a><\/em><\/p>    <h2 class=\"wp-block-heading\">Param\u00e8tres du r\u00e9servoir d'\u00e9vier \u00e0 flotteur en plastique<\/h2>    <figure class=\"wp-block-table\"><table><tbody><tr><td>Nom de l'article<\/td><td>R\u00e9servoir d'\u00e9vier \u00e0 flotteur en plastique<\/td><td>Mat\u00e9riel appropri\u00e9<\/td><td>Vari\u00e9t\u00e9<\/td><\/tr><tr><td>Mod\u00e8le<\/td><td>Petit<\/td><td>Puissance du moteur<\/td><td>3KW<\/td><\/tr><tr><td>Taille<\/td><td>Peut \u00eatre personnalis\u00e9<\/td><td>Personnalis\u00e9<\/td><td>Oui<\/td><\/tr><tr><td>Champ d'application<\/td><td>Pour laver PP, PE, PET<\/td><td>Coutumes<\/td><td>Utilis\u00e9 pour nettoyer les flocons de plastique, s\u00e9parer les bouchons PP et les copeaux de PET<\/td><\/tr><\/tbody><\/table><\/figure>    <p class=\"translation-block\">Les param\u00e8tres de la petite machine \u00e0 laver les paillettes de PET sont mentionn\u00e9s dans le tableau. De plus, nous avons des \u00e9quipements de nettoyage de grande taille. Notre r\u00e9servoir de s\u00e9paration par flottation en plastique peut traiter les feuilles de plastique PP, <a href=\"https:\/\/en.wikipedia.org\/wiki\/PE\" target=\"_blank\" rel=\"noopener\">PE<\/a> et PET. Si vous avez d'autres besoins, n'h\u00e9sitez pas \u00e0 nous contacter et nous vous r\u00e9pondrons dans les plus brefs d\u00e9lais.<\/p>    <h2 class=\"wp-block-heading\">Prix \u200b\u200bde la machine \u00e0 laver les flocons de bouteilles PET<\/h2>    <p>Pour \u00eatre honn\u00eate, le prix des machines \u00e0 laver les copeaux de PET est affect\u00e9 par de nombreux facteurs, tels que la distance, le taux de change, etc. De plus, de nombreux clients souhaitent commander des machines \u00e0 laver les copeaux de PET pour r\u00e9pondre \u00e0 leurs besoins. Par cons\u00e9quent, si vous souhaitez conna\u00eetre le prix sp\u00e9cifique de la machine, veuillez nous contacter. Nous vous donnerons un devis d\u00e9taill\u00e9 pour la machine en fonction de votre situation r\u00e9elle.<\/p>   <div class=\"wp-block-image\"> <figure class=\"aligncenter size-full\"><img loading=\"lazy\" decoding=\"async\" width=\"720\" height=\"540\" src=\"https:\/\/www.plasticgranularmachine.com\/wp-content\/uploads\/2022\/07\/sink-float-tank-pet-flakes-washing-machine.webp\" alt=\"\u00e9vier flotteur r\u00e9servoir flocons d&#039;animaux machine \u00e0 laver\" class=\"wp-image-1289\" srcset=\"https:\/\/www.plasticgranularmachine.com\/wp-content\/uploads\/2022\/07\/sink-float-tank-pet-flakes-washing-machine.webp 720w, https:\/\/www.plasticgranularmachine.com\/wp-content\/uploads\/2022\/07\/sink-float-tank-pet-flakes-washing-machine-300x225.webp 300w, https:\/\/www.plasticgranularmachine.com\/wp-content\/uploads\/2022\/07\/sink-float-tank-pet-flakes-washing-machine-16x12.webp 16w\" sizes=\"auto, (max-width: 720px) 100vw, 720px\" \/><figcaption class=\"wp-element-caption\">\u00e9vier flotteur r\u00e9servoir flocons d'animaux machine \u00e0 laver<\/figcaption><\/figure> <\/div>   <h2 class=\"wp-block-heading\">Les flocons de plastique fondent-ils dans la machine \u00e0 laver ?<\/h2>    <p>La r\u00e9ponse est non. Le plastique ne peut fondre qu\u2019\u00e0 des temp\u00e9ratures sup\u00e9rieures \u00e0 100 degr\u00e9s. Par cons\u00e9quent, les flocons de plastique ne fondront pas dans la machine \u00e0 laver les flocons de PET.<\/p>    <figure class=\"wp-block-gallery has-nested-images columns-default is-cropped wp-block-gallery-3 is-layout-flex wp-block-gallery-is-layout-flex\"> <figure class=\"wp-block-image size-large\"><img loading=\"lazy\" decoding=\"async\" width=\"720\" height=\"540\" data-id=\"1290\" src=\"https:\/\/www.plasticgranularmachine.com\/wp-content\/uploads\/2022\/07\/PET-flakes-float-on-water.webp\" alt=\"Des flocons de PET flottent sur l&#039;eau\" class=\"wp-image-1290\" srcset=\"https:\/\/www.plasticgranularmachine.com\/wp-content\/uploads\/2022\/07\/PET-flakes-float-on-water.webp 720w, https:\/\/www.plasticgranularmachine.com\/wp-content\/uploads\/2022\/07\/PET-flakes-float-on-water-300x225.webp 300w, https:\/\/www.plasticgranularmachine.com\/wp-content\/uploads\/2022\/07\/PET-flakes-float-on-water-16x12.webp 16w\" sizes=\"auto, (max-width: 720px) 100vw, 720px\" \/><figcaption class=\"wp-element-caption\">Des flocons de PET flottent sur l'eau<\/figcaption><\/figure>    <figure class=\"wp-block-image size-large\"><img loading=\"lazy\" decoding=\"async\" width=\"720\" height=\"540\" data-id=\"1291\" src=\"https:\/\/www.plasticgranularmachine.com\/wp-content\/uploads\/2022\/07\/PP-PE-separating-tank.webp\" alt=\"R\u00e9servoir de s\u00e9paration PP PE\" class=\"wp-image-1291\" srcset=\"https:\/\/www.plasticgranularmachine.com\/wp-content\/uploads\/2022\/07\/PP-PE-separating-tank.webp 720w, https:\/\/www.plasticgranularmachine.com\/wp-content\/uploads\/2022\/07\/PP-PE-separating-tank-300x225.webp 300w, https:\/\/www.plasticgranularmachine.com\/wp-content\/uploads\/2022\/07\/PP-PE-separating-tank-16x12.webp 16w\" sizes=\"auto, (max-width: 720px) 100vw, 720px\" \/><figcaption class=\"wp-element-caption\">R\u00e9servoir de s\u00e9paration PP PE<\/figcaption><\/figure> <\/figure>    <h2 class=\"wp-block-heading\">En r\u00e9sum\u00e9<\/h2>    <p class=\"translation-block\">En conclusion, nous pensons que le r\u00e9servoir de d\u00e9cantation est une premi\u00e8re \u00e9tape importante dans le processus de lavage du PET. Il a le potentiel d'am\u00e9liorer le recyclage des bouteilles en plastique et de r\u00e9duire les pertes des machines de recyclage ult\u00e9rieures. Si vous recherchez une solution de lavage et de recyclage de bouteilles en plastique qui pourrait vous \u00eatre b\u00e9n\u00e9fique, nous serions ravis d'avoir de vos nouvelles. N'h\u00e9sitez pas \u00e0 nous contacter en cliquant <a href=\"https:\/\/wa.me\/8617303831295\" data-type=\"link\" data-id=\"https:\/\/wa.me\/8617303831295\" target=\"_blank\" rel=\"noopener\">ici<\/a>.<\/p>","protected":false},"excerpt":{"rendered":"<p>PET flakes washing machine is one of the machines of plastic bottle recycling line. It plays a very important role in the whole PET bottle washing line. Because we all know that waste plastic bottles contain a lot of impurities and stains. Therefore, in order to get high-quality plastic flakes, we need to use a [&hellip;]<\/p>\n","protected":false},"author":1,"featured_media":1282,"parent":0,"template":"","tags":[38,39],"product-type":[6],"class_list":["post-257","product","type-product","status-publish","has-post-thumbnail","hentry","tag-pet-recycling","tag-washing","product-type-washing-machine"],"_links":{"self":[{"href":"https:\/\/www.plasticgranularmachine.com\/fr\/wp-json\/wp\/v2\/product\/257","targetHints":{"allow":["GET"]}}],"collection":[{"href":"https:\/\/www.plasticgranularmachine.com\/fr\/wp-json\/wp\/v2\/product"}],"about":[{"href":"https:\/\/www.plasticgranularmachine.com\/fr\/wp-json\/wp\/v2\/types\/product"}],"author":[{"embeddable":true,"href":"https:\/\/www.plasticgranularmachine.com\/fr\/wp-json\/wp\/v2\/users\/1"}],"wp:featuredmedia":[{"embeddable":true,"href":"https:\/\/www.plasticgranularmachine.com\/fr\/wp-json\/wp\/v2\/media\/1282"}],"wp:attachment":[{"href":"https:\/\/www.plasticgranularmachine.com\/fr\/wp-json\/wp\/v2\/media?parent=257"}],"wp:term":[{"taxonomy":"post_tag","embeddable":true,"href":"https:\/\/www.plasticgranularmachine.com\/fr\/wp-json\/wp\/v2\/tags?post=257"},{"taxonomy":"product-type","embeddable":true,"href":"https:\/\/www.plasticgranularmachine.com\/fr\/wp-json\/wp\/v2\/product-type?post=257"}],"curies":[{"name":"wp","href":"https:\/\/api.w.org\/{rel}","templated":true}]}}