{"id":314,"date":"2022-07-29T07:24:50","date_gmt":"2022-07-29T07:24:50","guid":{"rendered":"https:\/\/www.plasticgranularmachine.com\/?post_type=product&#038;p=314"},"modified":"2025-01-06T09:58:37","modified_gmt":"2025-01-06T01:58:37","slug":"plastic-film-dryer-machine","status":"publish","type":"product","link":"https:\/\/www.plasticgranularmachine.com\/fr\/product\/plastic-film-dryer-machine\/","title":{"rendered":"Machine de s\u00e9chage de film plastique | Machine de s\u00e9chage de plastique pour film"},"content":{"rendered":"<p class=\"translation-block\">La machine de s\u00e9chage de film plastique est une machine sp\u00e9ciale pour s\u00e9cher le film plastique broy\u00e9. C'est l'une des machines principales de la <a href=\"https:\/\/www.plasticgranularmachine.com\/fr\/product\/plastic-film-recycling-line\/\">ligne de recyclage de film plastique<\/a>. Ce s\u00e9cheur plastique peut non seulement s\u00e9cher l'humidit\u00e9 du film plastique, mais aussi \u00e9liminer les impuret\u00e9s des mat\u00e9riaux de rebut. Ensuite, nous vous pr\u00e9senterons certains contenus li\u00e9s \u00e0 la Machine de S\u00e9chage Verticale pour Film Plastique.<\/p>   <div class=\"wp-block-image\"> <figure class=\"aligncenter size-full\"><img loading=\"lazy\" decoding=\"async\" width=\"720\" height=\"540\" src=\"https:\/\/www.plasticgranularmachine.com\/wp-content\/uploads\/2022\/07\/plastic-film-dryer-machine-1.webp\" alt=\"machine de s\u00e9chage de film plastique\" class=\"wp-image-1456\" srcset=\"https:\/\/www.plasticgranularmachine.com\/wp-content\/uploads\/2022\/07\/plastic-film-dryer-machine-1.webp 720w, https:\/\/www.plasticgranularmachine.com\/wp-content\/uploads\/2022\/07\/plastic-film-dryer-machine-1-300x225.webp 300w, https:\/\/www.plasticgranularmachine.com\/wp-content\/uploads\/2022\/07\/plastic-film-dryer-machine-1-16x12.webp 16w\" sizes=\"auto, (max-width: 720px) 100vw, 720px\" \/><figcaption class=\"wp-element-caption\">machine de s\u00e9chage de film plastique<\/figcaption><\/figure> <\/div>   <h2 class=\"wp-block-heading\">Principe de fonctionnement de la machine de s\u00e9chage de film plastique<\/h2>    <p>La machine de s\u00e9chage de film plastique est install\u00e9e derri\u00e8re la machine de nettoyage de film plastique. D'une mani\u00e8re g\u00e9n\u00e9rale, un dispositif d'alimentation sera \u00e9quip\u00e9 devant le d\u00e9shydrateur plastique. Pour que le film plastique puisse \u00eatre automatiquement transport\u00e9 vers le d\u00e9shydrateur. <\/p>    <p>Il y a un dispositif d'alimentation rotatif \u00e0 l'int\u00e9rieur de la machine de d\u00e9shydratation du plastique. Lors du processus de rotation \u00e0 grande vitesse, la forte force centrifuge peut \u00e9liminer efficacement l'eau contenue dans le film plastique. \u00c0 propos, la vitesse de la machine peut atteindre 900 \u00e0 1 500 tours par minute.<\/p>    <figure class=\"wp-block-gallery aligncenter has-nested-images columns-default is-cropped wp-block-gallery-2 is-layout-flex wp-block-gallery-is-layout-flex\"> <figure class=\"wp-block-image size-full\"><img loading=\"lazy\" decoding=\"async\" width=\"720\" height=\"540\" data-id=\"1457\" src=\"https:\/\/www.plasticgranularmachine.com\/wp-content\/uploads\/2022\/07\/vertical-plastic-dehydrator.webp\" alt=\"d\u00e9shydrateur vertical en plastique\" class=\"wp-image-1457\" srcset=\"https:\/\/www.plasticgranularmachine.com\/wp-content\/uploads\/2022\/07\/vertical-plastic-dehydrator.webp 720w, https:\/\/www.plasticgranularmachine.com\/wp-content\/uploads\/2022\/07\/vertical-plastic-dehydrator-300x225.webp 300w, https:\/\/www.plasticgranularmachine.com\/wp-content\/uploads\/2022\/07\/vertical-plastic-dehydrator-16x12.webp 16w\" sizes=\"auto, (max-width: 720px) 100vw, 720px\" \/><figcaption class=\"wp-element-caption\">d\u00e9shydrateur vertical en plastique<\/figcaption><\/figure>    <figure class=\"wp-block-image size-full\"><img loading=\"lazy\" decoding=\"async\" width=\"720\" height=\"540\" data-id=\"1458\" src=\"https:\/\/www.plasticgranularmachine.com\/wp-content\/uploads\/2022\/07\/rotary-feeding-device.webp\" alt=\"dispositif d&#039;alimentation rotatif\" class=\"wp-image-1458\" srcset=\"https:\/\/www.plasticgranularmachine.com\/wp-content\/uploads\/2022\/07\/rotary-feeding-device.webp 720w, https:\/\/www.plasticgranularmachine.com\/wp-content\/uploads\/2022\/07\/rotary-feeding-device-300x225.webp 300w, https:\/\/www.plasticgranularmachine.com\/wp-content\/uploads\/2022\/07\/rotary-feeding-device-16x12.webp 16w\" sizes=\"auto, (max-width: 720px) 100vw, 720px\" \/><figcaption class=\"wp-element-caption\">dispositif d'alimentation rotatif<\/figcaption><\/figure> <\/figure>    <h2 class=\"wp-block-heading\">Param\u00e8tres de la machine<\/h2>    <ul class=\"wp-block-list\"> <li><strong>Application:<\/strong> Principalement utilis\u00e9 pour s\u00e9cher le film plastique, peut \u00e9galement faire partie du s\u00e9chage du plastique dur.<\/li>    <li><strong>Mod\u00e8le:<\/strong> Nous proposons \u00e0 la vente des s\u00e9cheuses de films plastiques SL-500 et SL-600. <\/li>    <li><strong>Pouvoir:<\/strong> La puissance de la machine de s\u00e9chage verticale du plastique est comprise entre 7,5 kW et 15 kW. <\/li>    <li><strong>Vitesse de rotation du chargeur rotatif\u00a0: <\/strong>900-1500 tours par minute.<\/li>    <li><strong>Utilisation appropri\u00e9e\u00a0:<\/strong> Le s\u00e9choir en plastique est utilis\u00e9 entre le nettoyage du plastique et le processus de granulation du plastique, s\u00e9chant les pi\u00e8ces de plastique apr\u00e8s le nettoyage et facilitant le processus de granulation ult\u00e9rieur.<\/li> <\/ul>   <div class=\"wp-block-image\"> <figure class=\"aligncenter size-full\"><img loading=\"lazy\" decoding=\"async\" width=\"720\" height=\"540\" src=\"https:\/\/www.plasticgranularmachine.com\/wp-content\/uploads\/2022\/07\/plastic-dilm-dryer-machine-in-the-factory.webp\" alt=\"Machine de s\u00e9chage en plastique Dilm en usine\" class=\"wp-image-1461\" srcset=\"https:\/\/www.plasticgranularmachine.com\/wp-content\/uploads\/2022\/07\/plastic-dilm-dryer-machine-in-the-factory.webp 720w, https:\/\/www.plasticgranularmachine.com\/wp-content\/uploads\/2022\/07\/plastic-dilm-dryer-machine-in-the-factory-300x225.webp 300w, https:\/\/www.plasticgranularmachine.com\/wp-content\/uploads\/2022\/07\/plastic-dilm-dryer-machine-in-the-factory-16x12.webp 16w\" sizes=\"auto, (max-width: 720px) 100vw, 720px\" \/><figcaption class=\"wp-element-caption\">Machine de s\u00e9chage en plastique Dilm en usine<\/figcaption><\/figure> <\/div>   <h2 class=\"wp-block-heading\">Pr\u00e9cautions d'utilisation de la machine \u00e0 s\u00e9cher les films plastiques<\/h2>    <ul class=\"wp-block-list\"> <li>V\u00e9rifiez s'il y a des articles divers dans la machine avant de la d\u00e9marrer. S'il y a des articles divers dans la machine, cela affectera s\u00e9rieusement l'effet de d\u00e9shydratation. Dans le m\u00eame temps, cela affectera \u00e9galement la dur\u00e9e de vie de la machine.<\/li>    <li>Mise en service. Lors de la premi\u00e8re utilisation du d\u00e9shydrateur \u00e0 film plastique, il doit fonctionner pendant 5 minutes. V\u00e9rifiez s'il y a une anomalie. En cas d'anomalie, \u00e9teignez imm\u00e9diatement.<\/li>    <li>Coupez le courant \u00e0 temps. Coupez l'alimentation \u00e9lectrique \u00e0 temps une fois que la machine a fini de fonctionner.<\/li>    <li>Nettoyez la machine \u00e0 temps. Une fois les travaux de d\u00e9shydratation termin\u00e9s, les mat\u00e9riaux \u00e0 l\u2019int\u00e9rieur de la machine doivent \u00eatre nettoy\u00e9s \u00e0 temps.<\/li> <\/ul>    <figure class=\"wp-block-gallery has-nested-images columns-default is-cropped wp-block-gallery-3 is-layout-flex wp-block-gallery-is-layout-flex\"> <figure class=\"wp-block-image size-large\"><img loading=\"lazy\" decoding=\"async\" width=\"720\" height=\"540\" data-id=\"1459\" src=\"https:\/\/www.plasticgranularmachine.com\/wp-content\/uploads\/2022\/07\/plastic-dewatering-machine.webp\" alt=\"machine de d\u00e9shydratation du plastique\" class=\"wp-image-1459\" srcset=\"https:\/\/www.plasticgranularmachine.com\/wp-content\/uploads\/2022\/07\/plastic-dewatering-machine.webp 720w, https:\/\/www.plasticgranularmachine.com\/wp-content\/uploads\/2022\/07\/plastic-dewatering-machine-300x225.webp 300w, https:\/\/www.plasticgranularmachine.com\/wp-content\/uploads\/2022\/07\/plastic-dewatering-machine-16x12.webp 16w\" sizes=\"auto, (max-width: 720px) 100vw, 720px\" \/><figcaption class=\"wp-element-caption\">machine de d\u00e9shydratation du plastique<\/figcaption><\/figure>    <figure class=\"wp-block-image size-large\"><img loading=\"lazy\" decoding=\"async\" width=\"720\" height=\"540\" data-id=\"1460\" src=\"https:\/\/www.plasticgranularmachine.com\/wp-content\/uploads\/2022\/07\/plastic-film-drying-machine.webp\" alt=\"machine de s\u00e9chage de film plastique\" class=\"wp-image-1460\" srcset=\"https:\/\/www.plasticgranularmachine.com\/wp-content\/uploads\/2022\/07\/plastic-film-drying-machine.webp 720w, https:\/\/www.plasticgranularmachine.com\/wp-content\/uploads\/2022\/07\/plastic-film-drying-machine-300x225.webp 300w, https:\/\/www.plasticgranularmachine.com\/wp-content\/uploads\/2022\/07\/plastic-film-drying-machine-16x12.webp 16w\" sizes=\"auto, (max-width: 720px) 100vw, 720px\" \/><figcaption class=\"wp-element-caption\">machine de s\u00e9chage de film plastique<\/figcaption><\/figure> <\/figure>    <h2 class=\"wp-block-heading\" id=\"h-why-choose-our-plastic-dryer\">Pourquoi choisir notre s\u00e9choir en plastique ?<\/h2>    <ol class=\"wp-block-list\"> <li>Riche exp\u00e9rience d'exportation. <a href=\"https:\/\/www.plasticgranularmachine.com\/fr\/\">Des machines efficaces<\/a> est une entreprise de machines sp\u00e9cialis\u00e9e dans l'exportation. Nos machines en plastique ont \u00e9t\u00e9 export\u00e9es vers l'Allemagne, <a href=\"https:\/\/en.wikipedia.org\/wiki\/Congo\" target=\"_blank\" rel=\"noopener\">Congo<\/a>, le Ghana, le Canada, les \u00c9tats-Unis, les Philippines, la Tanzanie et d\u2019autres pays. Une riche exp\u00e9rience en exportation nous suffit pour faire face \u00e0 toutes sortes de probl\u00e8mes.<\/li>    <li>Service apr\u00e8s-vente solide. Quels que soient les probl\u00e8mes que vous rencontrez lors de l'utilisation ult\u00e9rieure, notre vendeur vous aidera \u00e0 les r\u00e9soudre dans les plus brefs d\u00e9lais. Si n\u00e9cessaire, nous pouvons \u00e9galement envoyer des installateurs pour vous aider \u00e0 installer la machine.<\/li>    <li>Livraison rapide. La s\u00e9cheuse de film plastique est l\u2019\u00e9quipement de recyclage du plastique le plus couramment utilis\u00e9. Par cons\u00e9quent, notre usine dispose de stocks suffisants. Cela peut garantir que nous pouvons livrer les marchandises d\u00e8s que nous recevons votre commande.<\/li> <\/ol>   <div class=\"wp-block-image\"> <figure class=\"aligncenter size-full\"><img loading=\"lazy\" decoding=\"async\" width=\"405\" height=\"719\" src=\"https:\/\/www.plasticgranularmachine.com\/wp-content\/uploads\/2022\/07\/Vertical-dryer-loaded-for-delivery-1.webp\" alt=\"S\u00e9cheur vertical charg\u00e9 pour la livraison\" class=\"wp-image-1385\" srcset=\"https:\/\/www.plasticgranularmachine.com\/wp-content\/uploads\/2022\/07\/Vertical-dryer-loaded-for-delivery-1.webp 405w, https:\/\/www.plasticgranularmachine.com\/wp-content\/uploads\/2022\/07\/Vertical-dryer-loaded-for-delivery-1-169x300.webp 169w, https:\/\/www.plasticgranularmachine.com\/wp-content\/uploads\/2022\/07\/Vertical-dryer-loaded-for-delivery-1-7x12.webp 7w\" sizes=\"auto, (max-width: 405px) 100vw, 405px\" \/><figcaption class=\"wp-element-caption\">S\u00e9cheur vertical charg\u00e9 pour la livraison<\/figcaption><\/figure> <\/div>","protected":false},"excerpt":{"rendered":"<p>The plastic film dryer machine is a special machine for drying crushed plastic film. It is one of the main machines in the plastic film recycling line. This plastic dryer can not only dry the moisture in the plastic film but also remove the impurities in waste materials. Next, we will introduce you to some [&hellip;]<\/p>\n","protected":false},"author":1,"featured_media":1236,"parent":0,"template":"","tags":[42,41],"product-type":[9],"class_list":["post-314","product","type-product","status-publish","has-post-thumbnail","hentry","tag-dryer","tag-plastic-film-recycling","product-type-plastic-dryer"],"_links":{"self":[{"href":"https:\/\/www.plasticgranularmachine.com\/fr\/wp-json\/wp\/v2\/product\/314","targetHints":{"allow":["GET"]}}],"collection":[{"href":"https:\/\/www.plasticgranularmachine.com\/fr\/wp-json\/wp\/v2\/product"}],"about":[{"href":"https:\/\/www.plasticgranularmachine.com\/fr\/wp-json\/wp\/v2\/types\/product"}],"author":[{"embeddable":true,"href":"https:\/\/www.plasticgranularmachine.com\/fr\/wp-json\/wp\/v2\/users\/1"}],"wp:featuredmedia":[{"embeddable":true,"href":"https:\/\/www.plasticgranularmachine.com\/fr\/wp-json\/wp\/v2\/media\/1236"}],"wp:attachment":[{"href":"https:\/\/www.plasticgranularmachine.com\/fr\/wp-json\/wp\/v2\/media?parent=314"}],"wp:term":[{"taxonomy":"post_tag","embeddable":true,"href":"https:\/\/www.plasticgranularmachine.com\/fr\/wp-json\/wp\/v2\/tags?post=314"},{"taxonomy":"product-type","embeddable":true,"href":"https:\/\/www.plasticgranularmachine.com\/fr\/wp-json\/wp\/v2\/product-type?post=314"}],"curies":[{"name":"wp","href":"https:\/\/api.w.org\/{rel}","templated":true}]}}