{"id":320,"date":"2022-07-29T10:24:41","date_gmt":"2022-07-29T10:24:41","guid":{"rendered":"https:\/\/www.plasticgranularmachine.com\/?post_type=product&#038;p=320"},"modified":"2025-03-31T11:32:42","modified_gmt":"2025-03-31T03:32:42","slug":"eps-pelletizing-machine","status":"publish","type":"product","link":"https:\/\/www.plasticgranularmachine.com\/fr\/product\/eps-pelletizing-machine\/","title":{"rendered":"Machine de pelletisation EPS | Granulateur de mousse"},"content":{"rendered":"<p class=\"translation-block\">La machine de granulation EPS est une machine qui transforme les d\u00e9chets de mousse EPS en granul\u00e9s EPS recyclables. Les granul\u00e9s EPS peuvent \u00eatre utilis\u00e9s dans les industries manufacturi\u00e8re, agricole et de la construction. Parall\u00e8lement, la machine de granulation EPS est \u00e9galement l'\u00e9quipement le plus important de la <a href=\"https:\/\/www.plasticgranularmachine.com\/fr\/product\/eps-recycling-machine\/\">ligne de recyclage de mousse EPS<\/a>. Par cons\u00e9quent, cette machine de granulation de polystyr\u00e8ne expans\u00e9 joue un r\u00f4le cl\u00e9 dans le recyclage de la mousse EPS.<\/p>    <figure class=\"wp-block-embed is-type-video is-provider-youtube wp-block-embed-youtube wp-embed-aspect-16-9 wp-has-aspect-ratio\"><div class=\"wp-block-embed__wrapper\"> <iframe loading=\"lazy\" title=\"Fini les d\u00e9chets de mousse\u00a0: cette solution de recyclage de mousse est faite pour vous\" width=\"500\" height=\"281\" src=\"https:\/\/www.youtube.com\/embed\/Fhogy_M1KXU?feature=oembed\" frameborder=\"0\" allow=\"accelerometer; autoplay; clipboard-write; encrypted-media; gyroscope; picture-in-picture; web-share\" referrerpolicy=\"strict-origin-when-cross-origin\" allowfullscreen><\/iframe> <\/div><figcaption class=\"wp-element-caption\">Flux de travail d\u00e9taill\u00e9 du processus de recyclage du PSE<\/figcaption><\/figure>    <h2 class=\"wp-block-heading\">Principales caract\u00e9ristiques des pelletiseurs EPS efficaces<\/h2>    <ul class=\"wp-block-list\"> <li>Il peut produire automatiquement et en continu, garantissant la stabilit\u00e9 du processus de granulation et la qualit\u00e9 des granul\u00e9s EPS.<\/li>    <li>Fabriqu\u00e9 en acier inoxydable de haute qualit\u00e9, il est durable, r\u00e9sistant aux temp\u00e9ratures \u00e9lev\u00e9es, \u00e0 la corrosion et n'est pas facile \u00e0 d\u00e9former.<\/li>    <li>Le processus de granulation de la mousse de polystyr\u00e8ne est visualis\u00e9 et \u00e9quip\u00e9 d'une armoire de commande intelligente, ce qui facilite le suivi du processus de granulation et contr\u00f4le strictement la temp\u00e9rature, le temps, etc. pendant le processus de granulation de la mousse plastique.<\/li>    <li>Il prend peu de place, consomme peu d'\u00e9lectricit\u00e9 et fabrique des produits de haute qualit\u00e9.<\/li> <\/ul>   <div class=\"wp-block-image\"> <figure class=\"aligncenter size-full\"><img loading=\"lazy\" decoding=\"async\" width=\"720\" height=\"540\" src=\"https:\/\/www.plasticgranularmachine.com\/wp-content\/uploads\/2022\/07\/EPS-pelletizer-machine-1.webp\" alt=\"Machine de granulation EPS\" class=\"wp-image-1172\" srcset=\"https:\/\/www.plasticgranularmachine.com\/wp-content\/uploads\/2022\/07\/EPS-pelletizer-machine-1.webp 720w, https:\/\/www.plasticgranularmachine.com\/wp-content\/uploads\/2022\/07\/EPS-pelletizer-machine-1-300x225.webp 300w, https:\/\/www.plasticgranularmachine.com\/wp-content\/uploads\/2022\/07\/EPS-pelletizer-machine-1-16x12.webp 16w\" sizes=\"auto, (max-width: 720px) 100vw, 720px\" \/><figcaption class=\"wp-element-caption\">Machine de granulation EPS<\/figcaption><\/figure> <\/div>   <h2 class=\"wp-block-heading\">Quelles sont les mati\u00e8res premi\u00e8res et les produits finaux du broyeur de mousse EPS ?<\/h2>    <h3 class=\"wp-block-heading\">Mati\u00e8res premi\u00e8res<\/h3>    <p>Ce granulateur EPS peut \u00eatre utilis\u00e9 pour traiter diff\u00e9rents types de d\u00e9chets de mousse, tels que la mousse isolante, le polystyr\u00e8ne extrud\u00e9, les bo\u00eetes de d\u00e9chets de mousse, les emballages en mousse avec additifs, la vaisselle en mousse et l'EPE (poly\u00e9thyl\u00e8ne expans\u00e9).<\/p>    <h3 class=\"wp-block-heading\">Produits finis<\/h3>    <p>La machine de granulation EPS transforme les d\u00e9chets de polystyr\u00e8ne plastique en granul\u00e9s recycl\u00e9s uniformes, qui peuvent \u00eatre utilis\u00e9s pour fabriquer de nouveaux produits en plastique dans de nombreux domaines, tels que l'emballage, la construction, etc. <\/p>    <p>En outre, en ajoutant diff\u00e9rents pigments, agents chimiques, etc. pendant le processus de granulation, les granul\u00e9s EPS peuvent finalement avoir diff\u00e9rentes couleurs et propri\u00e9t\u00e9s pour diff\u00e9rents besoins de production. <\/p>   <div class=\"wp-block-image\"> <figure class=\"aligncenter size-full\"><img loading=\"lazy\" decoding=\"async\" width=\"720\" height=\"540\" src=\"https:\/\/www.plasticgranularmachine.com\/wp-content\/uploads\/2022\/07\/raw-materials-and-final-products.webp\" alt=\"mati\u00e8res premi\u00e8res et produits finis\" class=\"wp-image-1070\" srcset=\"https:\/\/www.plasticgranularmachine.com\/wp-content\/uploads\/2022\/07\/raw-materials-and-final-products.webp 720w, https:\/\/www.plasticgranularmachine.com\/wp-content\/uploads\/2022\/07\/raw-materials-and-final-products-300x225.webp 300w, https:\/\/www.plasticgranularmachine.com\/wp-content\/uploads\/2022\/07\/raw-materials-and-final-products-16x12.webp 16w\" sizes=\"auto, (max-width: 720px) 100vw, 720px\" \/><figcaption class=\"wp-element-caption\">mati\u00e8res premi\u00e8res et produits finis<\/figcaption><\/figure> <\/div>   <h2 class=\"wp-block-heading\">Structure du granulateur EPS<\/h2>   <div class=\"wp-block-image\"> <figure class=\"aligncenter size-full\"><img loading=\"lazy\" decoding=\"async\" width=\"720\" height=\"540\" src=\"https:\/\/www.plasticgranularmachine.com\/wp-content\/uploads\/2022\/07\/EPS-foam-granulator-machine-structur1.webp\" alt=\"Structure de la machine de granulation de mousse EPS\" class=\"wp-image-1173\" srcset=\"https:\/\/www.plasticgranularmachine.com\/wp-content\/uploads\/2022\/07\/EPS-foam-granulator-machine-structur1.webp 720w, https:\/\/www.plasticgranularmachine.com\/wp-content\/uploads\/2022\/07\/EPS-foam-granulator-machine-structur1-300x225.webp 300w, https:\/\/www.plasticgranularmachine.com\/wp-content\/uploads\/2022\/07\/EPS-foam-granulator-machine-structur1-16x12.webp 16w\" sizes=\"auto, (max-width: 720px) 100vw, 720px\" \/><figcaption class=\"wp-element-caption\">Structure de la machine de granulation de mousse EPS<\/figcaption><\/figure> <\/div>   <p>L'ensemble du syst\u00e8me de granulation de mousse EPS comprend la machine principale, la machine auxiliaire, la t\u00eate de fili\u00e8re, le broyeur et la piscine de refroidissement.<\/p>    <h2 class=\"wp-block-heading\">Comment fonctionne une machine de pelletisation EPS ?<\/h2>    <p>Le granulateur de mousse EPS traite les d\u00e9chets de mousse EPS par des m\u00e9thodes physiques ou chimiques telles que le pr\u00e9traitement, la fusion, la granulation et la granulation. Premi\u00e8rement, l'h\u00f4te de granulation EPS fait fondre le plastique EPS et extrude la machine auxiliaire. Ensuite, le mat\u00e9riau en longue bande est extrud\u00e9 de la fili\u00e8re auxiliaire de granulation vers le bassin de refroidissement. Enfin, la machine de d\u00e9coupe de pellets coupe la bande EPS en pellets EPS de taille uniforme. Apr\u00e8s cette s\u00e9rie d\u2019op\u00e9rations, nous pouvons obtenir des granul\u00e9s de mousse EPS. Il s\u2019agit de l\u2019ensemble du syst\u00e8me de granulation de mousse EPS.<\/p>    <figure class=\"wp-block-gallery has-nested-images columns-default is-cropped wp-block-gallery-2 is-layout-flex wp-block-gallery-is-layout-flex\"> <figure class=\"wp-block-image size-large\"><img loading=\"lazy\" decoding=\"async\" width=\"720\" height=\"540\" data-id=\"1174\" src=\"https:\/\/www.plasticgranularmachine.com\/wp-content\/uploads\/2022\/07\/EPS-pelletizing-machine-2.webp\" alt=\"Machine de granulation EPS\" class=\"wp-image-1174\" srcset=\"https:\/\/www.plasticgranularmachine.com\/wp-content\/uploads\/2022\/07\/EPS-pelletizing-machine-2.webp 720w, https:\/\/www.plasticgranularmachine.com\/wp-content\/uploads\/2022\/07\/EPS-pelletizing-machine-2-300x225.webp 300w, https:\/\/www.plasticgranularmachine.com\/wp-content\/uploads\/2022\/07\/EPS-pelletizing-machine-2-16x12.webp 16w\" sizes=\"auto, (max-width: 720px) 100vw, 720px\" \/><figcaption class=\"wp-element-caption\">Machine de granulation EPS<\/figcaption><\/figure>    <figure class=\"wp-block-image size-large\"><img loading=\"lazy\" decoding=\"async\" width=\"720\" height=\"540\" data-id=\"1175\" src=\"https:\/\/www.plasticgranularmachine.com\/wp-content\/uploads\/2022\/07\/styrofoam-grinder-1.webp\" alt=\"broyeur de polystyr\u00e8ne\" class=\"wp-image-1175\" srcset=\"https:\/\/www.plasticgranularmachine.com\/wp-content\/uploads\/2022\/07\/styrofoam-grinder-1.webp 720w, https:\/\/www.plasticgranularmachine.com\/wp-content\/uploads\/2022\/07\/styrofoam-grinder-1-300x225.webp 300w, https:\/\/www.plasticgranularmachine.com\/wp-content\/uploads\/2022\/07\/styrofoam-grinder-1-16x12.webp 16w\" sizes=\"auto, (max-width: 720px) 100vw, 720px\" \/><figcaption class=\"wp-element-caption\">broyeur de polystyr\u00e8ne<\/figcaption><\/figure> <\/figure>    <h2 class=\"wp-block-heading\">Param\u00e8tres de la machine<\/h2>    <figure class=\"wp-block-table\"><table><tbody><tr><td>Taper<\/td><td>Capacit\u00e9 (KG\/H)<\/td><td>Moteur principal (KW)<\/td><\/tr><tr><td>220 (Double R\u00e9ducteur)<\/td><td>150-175<\/td><td>15<\/td><\/tr><tr><td>270 (double r\u00e9ducteur)<\/td><td>220-225<\/td><td>185<\/td><\/tr><tr><td>220 (r\u00e9ducteur simple)<\/td><td>150-175<\/td><td>15<\/td><\/tr><tr><td>270 (r\u00e9ducteur simple)<\/td><td>220-225<\/td><td>18.5<\/td><\/tr><tr><td>320 (Double R\u00e9ducteur)<\/td><td>275-300<\/td><td>18.5<\/td><\/tr><tr><td>350 (double r\u00e9ducteur)<\/td><td>325-375<\/td><td>22<\/td><\/tr><\/tbody><\/table><figcaption class=\"wp-element-caption\">Donn\u00e9es techniques du granulateur de polystyr\u00e8ne<\/figcaption><\/figure>    <p>Ce qui pr\u00e9c\u00e8de constitue les donn\u00e9es de base de certaines machines de granulation EPS les plus vendues. Nous proposons diff\u00e9rents mod\u00e8les et styles pour r\u00e9pondre aux diff\u00e9rents besoins en mati\u00e8re de granulation de polystyr\u00e8ne. Nous pouvons \u00e9galement fournir des granulateurs personnalis\u00e9s. Pour des informations sp\u00e9cifiques, veuillez consulter notre responsable marketing. <\/p>    <figure class=\"wp-block-gallery has-nested-images columns-default is-cropped wp-block-gallery-3 is-layout-flex wp-block-gallery-is-layout-flex\"> <figure class=\"wp-block-image size-large\"><img loading=\"lazy\" decoding=\"async\" width=\"720\" height=\"540\" data-id=\"1176\" src=\"https:\/\/www.plasticgranularmachine.com\/wp-content\/uploads\/2022\/07\/styrofoam-extruder-1.webp\" alt=\"extrudeuse de polystyr\u00e8ne\" class=\"wp-image-1176\" srcset=\"https:\/\/www.plasticgranularmachine.com\/wp-content\/uploads\/2022\/07\/styrofoam-extruder-1.webp 720w, https:\/\/www.plasticgranularmachine.com\/wp-content\/uploads\/2022\/07\/styrofoam-extruder-1-300x225.webp 300w, https:\/\/www.plasticgranularmachine.com\/wp-content\/uploads\/2022\/07\/styrofoam-extruder-1-16x12.webp 16w\" sizes=\"auto, (max-width: 720px) 100vw, 720px\" \/><figcaption class=\"wp-element-caption\">extrudeuse de polystyr\u00e8ne<\/figcaption><\/figure>    <figure class=\"wp-block-image size-large\"><img loading=\"lazy\" decoding=\"async\" width=\"720\" height=\"540\" data-id=\"1177\" src=\"https:\/\/www.plasticgranularmachine.com\/wp-content\/uploads\/2022\/07\/styrofoam-granulator-1.webp\" alt=\"granulateur de polystyr\u00e8ne\" class=\"wp-image-1177\" srcset=\"https:\/\/www.plasticgranularmachine.com\/wp-content\/uploads\/2022\/07\/styrofoam-granulator-1.webp 720w, https:\/\/www.plasticgranularmachine.com\/wp-content\/uploads\/2022\/07\/styrofoam-granulator-1-300x225.webp 300w, https:\/\/www.plasticgranularmachine.com\/wp-content\/uploads\/2022\/07\/styrofoam-granulator-1-16x12.webp 16w\" sizes=\"auto, (max-width: 720px) 100vw, 720px\" \/><figcaption class=\"wp-element-caption\">granulateur de polystyr\u00e8ne<\/figcaption><\/figure> <\/figure>    <h2 class=\"wp-block-heading\">Pourquoi la machine de granulation EPS est-elle populaire\u00a0?<\/h2>    <p>D'une part, la vie est pleine de toutes sortes de produits en mousse EPS. De plus, la mousse EPS est principalement utilis\u00e9e dans les bo\u00eetes \u00e0 collations en mousse, les bo\u00eetes de conservation en mousse et les mat\u00e9riaux d'isolation alimentaire. Dans le m\u00eame temps, le PSE est \u00e9galement la mousse d\u2019emballage des t\u00e9l\u00e9viseurs, climatiseurs, r\u00e9frig\u00e9rateurs et autres meubles. Ces produits EPS provoqueront une grande pollution environnementale s\u2019ils ne sont pas recycl\u00e9s. D\u2019un autre c\u00f4t\u00e9, la protection de l\u2019environnement est devenue une mode. Divers pays pr\u00f4nent \u00e9galement la protection de l\u2019environnement. Par cons\u00e9quent, les granulateurs EPS peuvent r\u00e9aliser beaucoup de b\u00e9n\u00e9fices.<\/p>    <figure class=\"wp-block-gallery has-nested-images columns-default is-cropped wp-block-gallery-4 is-layout-flex wp-block-gallery-is-layout-flex\"> <figure class=\"wp-block-image size-large\"><img loading=\"lazy\" decoding=\"async\" width=\"720\" height=\"540\" data-id=\"1071\" src=\"https:\/\/www.plasticgranularmachine.com\/wp-content\/uploads\/2022\/07\/foam-pollution.webp\" alt=\"pollution par la mousse\" class=\"wp-image-1071\" srcset=\"https:\/\/www.plasticgranularmachine.com\/wp-content\/uploads\/2022\/07\/foam-pollution.webp 720w, https:\/\/www.plasticgranularmachine.com\/wp-content\/uploads\/2022\/07\/foam-pollution-300x225.webp 300w, https:\/\/www.plasticgranularmachine.com\/wp-content\/uploads\/2022\/07\/foam-pollution-16x12.webp 16w\" sizes=\"auto, (max-width: 720px) 100vw, 720px\" \/><figcaption class=\"wp-element-caption\">pollution par la mousse<\/figcaption><\/figure>    <figure class=\"wp-block-image size-large\"><img loading=\"lazy\" decoding=\"async\" width=\"720\" height=\"540\" data-id=\"1072\" src=\"https:\/\/www.plasticgranularmachine.com\/wp-content\/uploads\/2022\/07\/waste-plastic-foam.webp\" alt=\"d\u00e9chets de mousse plastique\" class=\"wp-image-1072\" srcset=\"https:\/\/www.plasticgranularmachine.com\/wp-content\/uploads\/2022\/07\/waste-plastic-foam.webp 720w, https:\/\/www.plasticgranularmachine.com\/wp-content\/uploads\/2022\/07\/waste-plastic-foam-300x225.webp 300w, https:\/\/www.plasticgranularmachine.com\/wp-content\/uploads\/2022\/07\/waste-plastic-foam-16x12.webp 16w\" sizes=\"auto, (max-width: 720px) 100vw, 720px\" \/><figcaption class=\"wp-element-caption\">d\u00e9chets de mousse plastique<\/figcaption><\/figure> <\/figure>    <h2 class=\"wp-block-heading\" id=\"h-application-of-eps-foam-pellets\">Application de granul\u00e9s de mousse EPS<\/h2>    <ol class=\"wp-block-list\"> <li>Dans la vie quotidienne, les granul\u00e9s recycl\u00e9s peuvent fabriquer toutes sortes de sacs en mousse EPS, de barils, de bassins, de jouets, de meubles, de papeterie et d'autres appareils \u00e9lectrom\u00e9nagers.<\/li>    <li>V\u00eatements. Nous pouvons utiliser des granul\u00e9s de plastique EPS pour fabriquer des v\u00eatements, des cravates, des boutons et des fermetures \u00e9clair.<\/li>    <li>Mat\u00e9riaux de construction. Le d\u00e9riv\u00e9 des granul\u00e9s de mousse EPS et des profil\u00e9s en bois plastique permet de produire divers composants de construction, portes et fen\u00eatres en mousse EPS, etc.<\/li>    <li>Fournitures industrielles. Les pellets peuvent fabriquer des tuyaux, des conteneurs, des pompes, des vannes, etc. De plus, ils peuvent \u00eatre utilis\u00e9s dans les sites de production chimique pour r\u00e9soudre la corrosion et l\u2019usure.<\/li>    <li>Fournitures agricoles. De plus, les pellets r\u00e9g\u00e9n\u00e9r\u00e9s en mousse peuvent \u00eatre utilis\u00e9s pour fabriquer des films agricoles, des tuyaux de pompage, des machines agricoles, <a href=\"https:\/\/en.wikipedia.org\/wiki\/Fertilizer\" target=\"_blank\" rel=\"noopener\">engrais<\/a> sacs, sacs de ciment, etc.<\/li>    <li>De plus, les granul\u00e9s recycl\u00e9s fabriqu\u00e9s par la machine de granulation de mousse EPS sont \u00e9galement largement utilis\u00e9s dans l'industrie \u00e9lectrique et les industries des t\u00e9l\u00e9communications.<\/li> <\/ol>    <figure class=\"wp-block-gallery aligncenter has-nested-images columns-default is-cropped wp-block-gallery-5 is-layout-flex wp-block-gallery-is-layout-flex\"> <figure class=\"wp-block-image size-full\"><img loading=\"lazy\" decoding=\"async\" width=\"750\" height=\"537\" data-id=\"324\" src=\"https:\/\/www.plasticgranularmachine.com\/wp-content\/uploads\/2022\/07\/finished-products.jpg\" alt=\"produits finis\" class=\"wp-image-324\" srcset=\"https:\/\/www.plasticgranularmachine.com\/wp-content\/uploads\/2022\/07\/finished-products.jpg 750w, https:\/\/www.plasticgranularmachine.com\/wp-content\/uploads\/2022\/07\/finished-products-300x215.jpg 300w\" sizes=\"auto, (max-width: 750px) 100vw, 750px\" \/><figcaption class=\"wp-element-caption\">produits finis<\/figcaption><\/figure>    <figure class=\"wp-block-image size-full\"><img loading=\"lazy\" decoding=\"async\" width=\"720\" height=\"540\" data-id=\"1074\" src=\"https:\/\/www.plasticgranularmachine.com\/wp-content\/uploads\/2022\/07\/foam-board.webp\" alt=\"panneau de mousse\" class=\"wp-image-1074\" srcset=\"https:\/\/www.plasticgranularmachine.com\/wp-content\/uploads\/2022\/07\/foam-board.webp 720w, https:\/\/www.plasticgranularmachine.com\/wp-content\/uploads\/2022\/07\/foam-board-300x225.webp 300w, https:\/\/www.plasticgranularmachine.com\/wp-content\/uploads\/2022\/07\/foam-board-16x12.webp 16w\" sizes=\"auto, (max-width: 720px) 100vw, 720px\" \/><figcaption class=\"wp-element-caption\">panneau de mousse<\/figcaption><\/figure>    <figure class=\"wp-block-image size-full\"><img loading=\"lazy\" decoding=\"async\" width=\"720\" height=\"540\" data-id=\"1073\" src=\"https:\/\/www.plasticgranularmachine.com\/wp-content\/uploads\/2022\/07\/foam-packaging.webp\" alt=\"emballage en mousse\" class=\"wp-image-1073\" srcset=\"https:\/\/www.plasticgranularmachine.com\/wp-content\/uploads\/2022\/07\/foam-packaging.webp 720w, https:\/\/www.plasticgranularmachine.com\/wp-content\/uploads\/2022\/07\/foam-packaging-300x225.webp 300w, https:\/\/www.plasticgranularmachine.com\/wp-content\/uploads\/2022\/07\/foam-packaging-16x12.webp 16w\" sizes=\"auto, (max-width: 720px) 100vw, 720px\" \/><figcaption class=\"wp-element-caption\">emballage en mousse<\/figcaption><\/figure> <\/figure>    <p class=\"translation-block\">Le granulateur de polystyr\u00e8ne est souvent utilis\u00e9 en conjonction avec un <a href=\"https:\/\/www.plasticgranularmachine.com\/fr\/product\/foam-crushing-machine\/\" data-type=\"link\" data-id=\"https:\/\/www.plasticgranularmachine.com\/product\/foam-crushing-machine\/\">broyeur de mousse EPS<\/a>, etc., pour promouvoir conjointement la production de granul\u00e9s EPS recycl\u00e9s de haute qualit\u00e9. Enfin, si vous avez besoin d'\u00e9quipements de recyclage de plastique, n'h\u00e9sitez pas \u00e0 nous contacter. De plus, nous avons \u00e9galement un <a href=\"https:\/\/www.plasticgranularmachine.com\/fr\/product\/plastic-film-granulator\/\">granulateur de film plastique<\/a> \u00e0 vendre.<\/p>    <h2 class=\"wp-block-heading\">Machine de pelletisation EPS efficace export\u00e9e au Canada<\/h2>    <p>R\u00e9cemment, toute notre ligne de recyclage de mousse de polystyr\u00e8ne, y compris un granulateur de PSE, a \u00e9t\u00e9 export\u00e9e avec succ\u00e8s \u00e0 Vancouver pour aider une entreprise de recyclage de mousse de Vancouver \u00e0 r\u00e9soudre le probl\u00e8me d'un \u00e9quipement de recyclage inad\u00e9quat. En tant que fournisseur exp\u00e9riment\u00e9 de machines de recyclage du plastique, nous sommes heureux de contribuer au recyclage et \u00e0 l'utilisation des plastiques.<\/p>    <p>Donc, si vous avez des difficult\u00e9s avec le recyclage du plastique, n'h\u00e9sitez pas \u00e0 nous contacter !<\/p>    <p class=\"translation-block\"><em>Lire :<\/em> <a href=\"https:\/\/www.plasticgranularmachine.com\/fr\/Info\/styrofoam-recycling-vancouver\/\"><em>Comment nous d\u00e9veloppons le recyclage du polystyr\u00e8ne \u00e0 Vancouver en C.-B. ?<\/em><\/a><\/p>   <div class=\"wp-block-image\"> <figure class=\"aligncenter size-full\"><img loading=\"lazy\" decoding=\"async\" width=\"540\" height=\"720\" src=\"https:\/\/www.plasticgranularmachine.com\/wp-content\/uploads\/2022\/07\/EPS-Pelletizer-is-being-packed-at-the-factory-1.webp\" alt=\"Le pelletiseur EPS est emball\u00e9 \u00e0 l&#039;usine\" class=\"wp-image-1178\" srcset=\"https:\/\/www.plasticgranularmachine.com\/wp-content\/uploads\/2022\/07\/EPS-Pelletizer-is-being-packed-at-the-factory-1.webp 540w, https:\/\/www.plasticgranularmachine.com\/wp-content\/uploads\/2022\/07\/EPS-Pelletizer-is-being-packed-at-the-factory-1-225x300.webp 225w, https:\/\/www.plasticgranularmachine.com\/wp-content\/uploads\/2022\/07\/EPS-Pelletizer-is-being-packed-at-the-factory-1-9x12.webp 9w\" sizes=\"auto, (max-width: 540px) 100vw, 540px\" \/><figcaption class=\"wp-element-caption\">Le pelletiseur EPS est emball\u00e9 \u00e0 l'usine<\/figcaption><\/figure> <\/div>   <h2 class=\"wp-block-heading\">Nos prestations<\/h2>    <ul class=\"wp-block-list\"> <li>Des machines personnalis\u00e9es sont disponibles avec un d\u00e9lai de livraison d'environ 20 jours.<\/li>    <li>Bienvenue dans notre usine pour voir nos machines de granulation EPS\u00a0!<\/li>    <li>Une vid\u00e9o de test sera envoy\u00e9e avant exp\u00e9dition pour confirmer qu'il n'y a pas d'erreurs.<\/li>    <li>Nous fournissons un support technique et une garantie d'un an.<\/li> <\/ul>    <p>En r\u00e9sum\u00e9, notre machine \u00e0 broyer le polystyr\u00e8ne expans\u00e9 se caract\u00e9rise par sa haute qualit\u00e9, son efficacit\u00e9 \u00e9lev\u00e9e, etc. Si vous recherchez une excellente solution pour broyer vos mati\u00e8res premi\u00e8res en mousse usag\u00e9e, nous serons votre meilleur partenaire. N'h\u00e9sitez pas \u00e0 nous contacter !<\/p>   <div class=\"wp-block-image\"> <figure class=\"aligncenter size-full\"><img loading=\"lazy\" decoding=\"async\" width=\"540\" height=\"720\" src=\"https:\/\/www.plasticgranularmachine.com\/wp-content\/uploads\/2022\/07\/EPS-Pelletizing-Machine-packaging-for-shipping-1.webp\" alt=\"Emballage de machine de pelletisation EPS pour l&#039;exp\u00e9dition\" class=\"wp-image-1179\" srcset=\"https:\/\/www.plasticgranularmachine.com\/wp-content\/uploads\/2022\/07\/EPS-Pelletizing-Machine-packaging-for-shipping-1.webp 540w, https:\/\/www.plasticgranularmachine.com\/wp-content\/uploads\/2022\/07\/EPS-Pelletizing-Machine-packaging-for-shipping-1-225x300.webp 225w, https:\/\/www.plasticgranularmachine.com\/wp-content\/uploads\/2022\/07\/EPS-Pelletizing-Machine-packaging-for-shipping-1-9x12.webp 9w\" sizes=\"auto, (max-width: 540px) 100vw, 540px\" \/><figcaption class=\"wp-element-caption\">Emballage de machine de pelletisation EPS pour l'exp\u00e9dition<\/figcaption><\/figure> <\/div>","protected":false},"excerpt":{"rendered":"<p>La machine de granulation EPS peut recycler la mousse EPS et fabriquer des granul\u00e9s EPS de taille uniforme. La taille des pellets peut \u00eatre ajust\u00e9e et la sortie peut \u00eatre personnalis\u00e9e.<\/p>","protected":false},"author":1,"featured_media":1368,"parent":0,"template":"","tags":[18,33],"product-type":[5],"class_list":["post-320","product","type-product","status-publish","has-post-thumbnail","hentry","tag-pelletizing-machine","tag-styrofoam-recycling","product-type-plastic-pelletizer"],"_links":{"self":[{"href":"https:\/\/www.plasticgranularmachine.com\/fr\/wp-json\/wp\/v2\/product\/320","targetHints":{"allow":["GET"]}}],"collection":[{"href":"https:\/\/www.plasticgranularmachine.com\/fr\/wp-json\/wp\/v2\/product"}],"about":[{"href":"https:\/\/www.plasticgranularmachine.com\/fr\/wp-json\/wp\/v2\/types\/product"}],"author":[{"embeddable":true,"href":"https:\/\/www.plasticgranularmachine.com\/fr\/wp-json\/wp\/v2\/users\/1"}],"wp:featuredmedia":[{"embeddable":true,"href":"https:\/\/www.plasticgranularmachine.com\/fr\/wp-json\/wp\/v2\/media\/1368"}],"wp:attachment":[{"href":"https:\/\/www.plasticgranularmachine.com\/fr\/wp-json\/wp\/v2\/media?parent=320"}],"wp:term":[{"taxonomy":"post_tag","embeddable":true,"href":"https:\/\/www.plasticgranularmachine.com\/fr\/wp-json\/wp\/v2\/tags?post=320"},{"taxonomy":"product-type","embeddable":true,"href":"https:\/\/www.plasticgranularmachine.com\/fr\/wp-json\/wp\/v2\/product-type?post=320"}],"curies":[{"name":"wp","href":"https:\/\/api.w.org\/{rel}","templated":true}]}}