{"id":332,"date":"2022-08-01T06:34:22","date_gmt":"2022-08-01T06:34:22","guid":{"rendered":"https:\/\/www.plasticgranularmachine.com\/?post_type=product&#038;p=332"},"modified":"2025-01-06T09:53:46","modified_gmt":"2025-01-06T01:53:46","slug":"pet-flakes-hot-washing-machine","status":"publish","type":"product","link":"https:\/\/www.plasticgranularmachine.com\/fr\/product\/pet-flakes-hot-washing-machine\/","title":{"rendered":"Nouvelle machine \u00e0 laver \u00e0 chaud en flocons PET"},"content":{"rendered":"<p>La machine \u00e0 laver \u00e0 chaud les flocons de PET est \u00e9galement appel\u00e9e laveuse \u00e0 chaud pour les flocons de PET. La machine \u00e0 laver \u00e0 chaud les flocons de bouteilles PET peut \u00e9liminer efficacement les contaminants tels que les boissons, les liquides alimentaires, les taches d'huile, etc. C'est une machine n\u00e9cessaire dans toutes sortes de lignes de recyclage du plastique. Si vous souhaitez des mat\u00e9riaux recyclables de meilleure qualit\u00e9, vous devez disposer d\u2019une machine \u00e0 flocons de PET lav\u00e9s \u00e0 chaud. Vous pouvez ajouter cette machine aux lignes de lavage et de granulation en PET, HDPE, PP\/PE et autres plastiques.<\/p>   <div class=\"wp-block-image\"> <figure class=\"aligncenter size-full\"><img loading=\"lazy\" decoding=\"async\" width=\"720\" height=\"540\" src=\"https:\/\/www.plasticgranularmachine.com\/wp-content\/uploads\/2022\/08\/pet-flakes-hot-washing-machine-2.webp\" alt=\"machine \u00e0 laver chaude de flocons d&#039;animaux de compagnie\" class=\"wp-image-1155\" srcset=\"https:\/\/www.plasticgranularmachine.com\/wp-content\/uploads\/2022\/08\/pet-flakes-hot-washing-machine-2.webp 720w, https:\/\/www.plasticgranularmachine.com\/wp-content\/uploads\/2022\/08\/pet-flakes-hot-washing-machine-2-300x225.webp 300w, https:\/\/www.plasticgranularmachine.com\/wp-content\/uploads\/2022\/08\/pet-flakes-hot-washing-machine-2-16x12.webp 16w\" sizes=\"auto, (max-width: 720px) 100vw, 720px\" \/><figcaption class=\"wp-element-caption\">machine \u00e0 laver chaude de flocons d'animaux de compagnie <\/figcaption><\/figure> <\/div>   <h2 class=\"wp-block-heading\">Caract\u00e9ristiques du laveur \u00e0 chaud pour flocons de PET<\/h2>    <ol class=\"wp-block-list\"> <li>Transfert de chaleur rapide. Le r\u00e9servoir de lavage peut augmenter rapidement la temp\u00e9rature de l\u2019eau \u00e0 90-100 degr\u00e9s Celsius.<\/li>    <li>Multifonction. La machine \u00e0 laver \u00e0 chaud en flocons de PET a pour fonction de contr\u00f4le automatique de la temp\u00e9rature, de conservation de la chaleur et d'agitation.<\/li>    <li>Bon effet nettoyant. Plusieurs palettes peuvent augmenter efficacement la zone de contact avec la feuille de plastique. Il a donc un meilleur effet nettoyant.<\/li>    <li>Service personnalisable, la machine \u00e0 laver \u00e0 chaud les flocons de PET peut \u00eatre personnalis\u00e9e en fonction des besoins de votre machine pilote.<\/li>    <li>Facile \u00e0 nettoyer. L'arbre de sortie du r\u00e9ducteur et de l'arbre \u00e0 pulpe est reli\u00e9 au manchon mobile. Il est donc \u00e9l\u00e9mentaire de nettoyer.<\/li> <\/ol>   <div class=\"wp-block-image\"> <figure class=\"aligncenter size-full\"><img loading=\"lazy\" decoding=\"async\" width=\"720\" height=\"540\" src=\"https:\/\/www.plasticgranularmachine.com\/wp-content\/uploads\/2022\/08\/hot-washer-washing-machine-for-plastic-bottles.webp\" alt=\"Machine \u00e0 laver \u00e0 chaud pour bouteilles en plastique\" class=\"wp-image-1144\" srcset=\"https:\/\/www.plasticgranularmachine.com\/wp-content\/uploads\/2022\/08\/hot-washer-washing-machine-for-plastic-bottles.webp 720w, https:\/\/www.plasticgranularmachine.com\/wp-content\/uploads\/2022\/08\/hot-washer-washing-machine-for-plastic-bottles-300x225.webp 300w, https:\/\/www.plasticgranularmachine.com\/wp-content\/uploads\/2022\/08\/hot-washer-washing-machine-for-plastic-bottles-16x12.webp 16w\" sizes=\"auto, (max-width: 720px) 100vw, 720px\" \/><figcaption class=\"wp-element-caption\">Machine \u00e0 laver \u00e0 chaud pour bouteilles en plastique<\/figcaption><\/figure> <\/div>   <h2 class=\"wp-block-heading\">Application de notre machine \u00e0 laver \u00e0 chaud en flocons de bouteilles PET<\/h2>    <p class=\"translation-block\">Dans cette vid\u00e9o, vous pouvez voir la machine de lavage \u00e0 chaud pour paillettes de bouteilles PET fonctionner dans la <a href=\"https:\/\/www.plasticgranularmachine.com\/fr\/product\/pet-bottles-recycling-line\/\" data-type=\"link\" data-id=\"https:\/\/www.plasticgranularmachine.com\/product\/pet-bottles-recycling-line\/\">ligne de recyclage de bouteilles en plastique<\/a>. Elle joue un r\u00f4le important dans la ligne de lavage de bouteilles en PET.<\/p>    <figure class=\"wp-block-embed is-type-video is-provider-youtube wp-block-embed-youtube wp-embed-aspect-16-9 wp-has-aspect-ratio\"><div class=\"wp-block-embed__wrapper\"> <iframe loading=\"lazy\" title=\"D\u00e9contamination efficace et puissante des bouteilles PET dans un processus \u00e9tape par \u00e9tape\" width=\"500\" height=\"281\" src=\"https:\/\/www.youtube.com\/embed\/SsiW4ed3DB8?feature=oembed\" frameborder=\"0\" allow=\"accelerometer; autoplay; clipboard-write; encrypted-media; gyroscope; picture-in-picture; web-share\" referrerpolicy=\"strict-origin-when-cross-origin\" allowfullscreen><\/iframe> <\/div><\/figure>    <p>Il s'agit de la machine \u00e0 laver \u00e0 chaud les flocons de bouteilles PET de notre usine. La machine est produite pour notre client nig\u00e9rian qui a command\u00e9 une ligne compl\u00e8te de recyclage du PET.<\/p>    <figure class=\"wp-block-embed is-type-video is-provider-youtube wp-block-embed-youtube wp-embed-aspect-16-9 wp-has-aspect-ratio\"><div class=\"wp-block-embed__wrapper\"> <iframe loading=\"lazy\" title=\"Regardez de plus pr\u00e8s l\u2019int\u00e9rieur de la machine \u00e0 laver \u00e0 chaud PET Flakes\u00a0!\" width=\"500\" height=\"281\" src=\"https:\/\/www.youtube.com\/embed\/-MTvWnwFg2M?feature=oembed\" frameborder=\"0\" allow=\"accelerometer; autoplay; clipboard-write; encrypted-media; gyroscope; picture-in-picture; web-share\" referrerpolicy=\"strict-origin-when-cross-origin\" allowfullscreen><\/iframe> <\/div><\/figure>    <h2 class=\"wp-block-heading\" id=\"h-how-does-the-pet-flake-hot-washing-machine-work\">Comment fonctionne la machine \u00e0 laver \u00e0 chaud PET Flake ?<\/h2>    <p>Lorsque la machine \u00e0 laver les d\u00e9chets de plastique est en marche, la machine \u00e0 laver \u00e0 chaud les flocons de bouteilles PET sera remplie d'eau. Ensuite, la temp\u00e9rature de l'eau peut rapidement monter jusqu'\u00e0 90-100 degr\u00e9s sous l'action d'un chauffage \u00e9lectromagn\u00e9tique ou \u00e0 vapeur. Pour obtenir un meilleur effet de nettoyage, vous pouvez d'abord tremper la mati\u00e8re plastique \u00e0 nettoyer avec de l'eau chaude. <\/p>    <p>Ensuite, l'agent de nettoyage est ajout\u00e9 au laveur chaud pour les flocons de PET afin de rendre le mat\u00e9riau plus propre. Parce qu'il y a plusieurs palettes \u00e0 l'int\u00e9rieur de la machine \u00e0 laver \u00e0 chaud en flocons de plastique. Lorsque la machine \u00e0 laver les d\u00e9chets plastiques est en marche, elle utilise principalement les palettes pour frotter contre le mat\u00e9riau afin de le rendre propre. Enfin, vous obtiendrez un flocon de PET de meilleure qualit\u00e9.<\/p>   <div class=\"wp-block-image\"> <figure class=\"aligncenter size-full\"><img loading=\"lazy\" decoding=\"async\" width=\"720\" height=\"540\" src=\"https:\/\/www.plasticgranularmachine.com\/wp-content\/uploads\/2022\/06\/plastic-bottle-flakes.jpg\" alt=\"produits finis de flocons de bouteilles en plastique machine \u00e0 laver \u00e0 chaud\" class=\"wp-image-156\" srcset=\"https:\/\/www.plasticgranularmachine.com\/wp-content\/uploads\/2022\/06\/plastic-bottle-flakes.jpg 720w, https:\/\/www.plasticgranularmachine.com\/wp-content\/uploads\/2022\/06\/plastic-bottle-flakes-300x225.jpg 300w\" sizes=\"auto, (max-width: 720px) 100vw, 720px\" \/><figcaption class=\"wp-element-caption\">produits finis de flocons de bouteilles en plastique machine \u00e0 laver \u00e0 chaud<\/figcaption><\/figure> <\/div>   <h2 class=\"wp-block-heading\">Param\u00e8tres de la machine \u00e0 laver les d\u00e9chets de plastique<\/h2>    <figure class=\"wp-block-table\"><table><tbody><tr><td>Mod\u00e8le<\/td><td>SL-500<\/td><\/tr><tr><td>Hauteur<\/td><td>2m<\/td><\/tr><tr><td>Diam\u00e8tre<\/td><td>1,3 m<\/td><\/tr><tr><td>\u00c9paisseur ext\u00e9rieure (r\u00e9glable)<\/td><td>4mm<\/td><\/tr><tr><td>\u00c9paisseur du fond (r\u00e9glable)<\/td><td>8mm<\/td><\/tr><tr><td>Mat\u00e9riel<\/td><td>Carton d'acier<\/td><\/tr><tr><td>Pouvoir<\/td><td>4kw<\/td><\/tr><tr><td>M\u00e9thode de chauffage<\/td><td>\u00c9lectrique et Vapeur<\/td><\/tr><\/tbody><\/table><figcaption class=\"wp-element-caption\">Donn\u00e9es techniques des machines \u00e0 laver \u00e0 chaud de flocons de PET<\/figcaption><\/figure>    <p>Voici quelques donn\u00e9es de base sur le lave-linge \u00e0 chaud pour bouteilles en plastique le plus vendu. Si vous avez d\u2019autres besoins de production, nous pouvons \u00e9galement vous fournir des machines personnalis\u00e9es.<\/p>   <div class=\"wp-block-image\"> <figure class=\"aligncenter size-full\"><img loading=\"lazy\" decoding=\"async\" width=\"720\" height=\"540\" src=\"https:\/\/www.plasticgranularmachine.com\/wp-content\/uploads\/2022\/08\/hot-washed-PET-flakes-machine.webp\" alt=\"machine \u00e0 flocons PET lav\u00e9s \u00e0 chaud\" class=\"wp-image-1154\" srcset=\"https:\/\/www.plasticgranularmachine.com\/wp-content\/uploads\/2022\/08\/hot-washed-PET-flakes-machine.webp 720w, https:\/\/www.plasticgranularmachine.com\/wp-content\/uploads\/2022\/08\/hot-washed-PET-flakes-machine-300x225.webp 300w, https:\/\/www.plasticgranularmachine.com\/wp-content\/uploads\/2022\/08\/hot-washed-PET-flakes-machine-16x12.webp 16w\" sizes=\"auto, (max-width: 720px) 100vw, 720px\" \/><figcaption class=\"wp-element-caption\">machine \u00e0 flocons PET lav\u00e9s \u00e0 chaud<\/figcaption><\/figure> <\/div>   <h2 class=\"wp-block-heading\">En r\u00e9sum\u00e9<\/h2>    <p>Choisir la bonne machine \u00e0 laver les bouteilles pour animaux de compagnie est tr\u00e8s important. Notre machine \u00e0 laver \u00e0 chaud les flocons de PET se caract\u00e9rise par une haute qualit\u00e9, un rendement \u00e9lev\u00e9, etc. Si vous avez des questions sur le recyclage des bouteilles en plastique ou si vous avez besoin de la machine, n'h\u00e9sitez pas \u00e0 nous contacter.<\/p>","protected":false},"excerpt":{"rendered":"<p>PET flakes hot washing machine is also called a hot washer for PET flakes. The PET bottle flakes hot washing machine can effectively remove contaminants such as beverage food liquids, oil stains, etc. It is a necessary machine in all kinds of plastic recycling lines. If you want higher-quality recyclable materials, you need to have [&hellip;]<\/p>\n","protected":false},"author":1,"featured_media":1145,"parent":0,"template":"","tags":[38,39],"product-type":[6],"class_list":["post-332","product","type-product","status-publish","has-post-thumbnail","hentry","tag-pet-recycling","tag-washing","product-type-washing-machine"],"_links":{"self":[{"href":"https:\/\/www.plasticgranularmachine.com\/fr\/wp-json\/wp\/v2\/product\/332","targetHints":{"allow":["GET"]}}],"collection":[{"href":"https:\/\/www.plasticgranularmachine.com\/fr\/wp-json\/wp\/v2\/product"}],"about":[{"href":"https:\/\/www.plasticgranularmachine.com\/fr\/wp-json\/wp\/v2\/types\/product"}],"author":[{"embeddable":true,"href":"https:\/\/www.plasticgranularmachine.com\/fr\/wp-json\/wp\/v2\/users\/1"}],"wp:featuredmedia":[{"embeddable":true,"href":"https:\/\/www.plasticgranularmachine.com\/fr\/wp-json\/wp\/v2\/media\/1145"}],"wp:attachment":[{"href":"https:\/\/www.plasticgranularmachine.com\/fr\/wp-json\/wp\/v2\/media?parent=332"}],"wp:term":[{"taxonomy":"post_tag","embeddable":true,"href":"https:\/\/www.plasticgranularmachine.com\/fr\/wp-json\/wp\/v2\/tags?post=332"},{"taxonomy":"product-type","embeddable":true,"href":"https:\/\/www.plasticgranularmachine.com\/fr\/wp-json\/wp\/v2\/product-type?post=332"}],"curies":[{"name":"wp","href":"https:\/\/api.w.org\/{rel}","templated":true}]}}