{"id":35,"date":"2022-06-23T03:40:55","date_gmt":"2022-06-23T03:40:55","guid":{"rendered":"http:\/\/tailwind-themes.local\/?post_type=product&#038;p=35"},"modified":"2025-01-15T17:59:51","modified_gmt":"2025-01-15T09:59:51","slug":"eps-recycling-machine","status":"publish","type":"product","link":"https:\/\/www.plasticgranularmachine.com\/fr\/product\/eps-recycling-machine\/","title":{"rendered":"Machine de recyclage PSE | Recyclage du polystyr\u00e8ne expans\u00e9"},"content":{"rendered":"<p class=\"translation-block\">Les machines de recyclage PSE peuvent transformer les d\u00e9chets de polystyr\u00e8ne en granul\u00e9s de plastique pour un transport et un stockage faciles. Dans l'ensemble du processus de recyclage du PSE, les machines principales comprennent une machine de concassage de mousse, un <a href=\"https:\/\/www.plasticgranularmachine.com\/fr\/product\/eps-pelletizing-machine\/\">granulateur de mousse<\/a>, une coupeuse de granul\u00e9s, etc. Ensuite, nous vous pr\u00e9senterons en d\u00e9tail le syst\u00e8me de recyclage du PSE. Cela peut vous donner une nouvelle compr\u00e9hension de l'industrie du recyclage du plastique.<\/p>    <figure class=\"wp-block-embed is-type-video is-provider-youtube wp-block-embed-youtube wp-embed-aspect-16-9 wp-has-aspect-ratio\"><div class=\"wp-block-embed__wrapper\"> <iframe loading=\"lazy\" title=\"La machine de pelletisation EPE EPS ultime\u00a0: efficace, fiable, rentable\u00a0!\" width=\"500\" height=\"281\" src=\"https:\/\/www.youtube.com\/embed\/ncYUX9BWNa8?feature=oembed\" frameborder=\"0\" allow=\"accelerometer; autoplay; clipboard-write; encrypted-media; gyroscope; picture-in-picture; web-share\" referrerpolicy=\"strict-origin-when-cross-origin\" allowfullscreen><\/iframe> <\/div><\/figure>    <h2 class=\"wp-block-heading\">Principales caract\u00e9ristiques de la ligne de recyclage de mousse EPS<\/h2>    <ul class=\"wp-block-list\"> <li>Fabriqu\u00e9es en acier inoxydable de haute qualit\u00e9, nos machines de recyclage EPS sont durables, r\u00e9sistantes \u00e0 la corrosion et antiadh\u00e9sives.<\/li>    <li>La capacit\u00e9 de 150 \u00e0 300 kg\/h r\u00e9pond aux besoins de production de diverses usines de recyclage de mousse de petite et grande taille. Des services personnalis\u00e9s sont \u00e9galement disponibles.<\/li>    <li>Avec une puissance \u00e9lev\u00e9e et une large gamme d\u2019applications, les machines de recyclage efficaces du PSE peuvent traiter en continu et rapidement le PSE, le XPS, l\u2019EPE et d\u2019autres types de mousse.<\/li>    <li>Nous fournissons des services d'inspection sur place, d'installation et une garantie d'un an.<\/li> <\/ul>    <h2 class=\"wp-block-heading\" id=\"h-detailed-eps-foam-recycling-process-introduction\">Introduction d\u00e9taill\u00e9e du processus de recyclage de la mousse EPS<\/h2>    <h3 class=\"wp-block-heading\">\u00c9crasement<\/h3>    <p>Nous savons tous que la mousse elle-m\u00eame est tr\u00e8s grosse. Ainsi, cela prendra beaucoup de place s\u2019il n\u2019est pas trait\u00e9. Par cons\u00e9quent, nous devons d\u2019abord utiliser la machine pour \u00e9craser la mousse EPS en petits morceaux. La machine de recyclage EPS n\u00e9cessaire \u00e0 l'heure actuelle est une d\u00e9chiqueteuse de mousse sp\u00e9ciale \u00e0 vendre.<\/p>   <div class=\"wp-block-image\"> <figure class=\"aligncenter size-full\"><img loading=\"lazy\" decoding=\"async\" width=\"720\" height=\"540\" src=\"https:\/\/www.plasticgranularmachine.com\/wp-content\/uploads\/2022\/06\/waste-eps-foam.jpg\" alt=\"d\u00e9chets de mousse EPS\" class=\"wp-image-124\" srcset=\"https:\/\/www.plasticgranularmachine.com\/wp-content\/uploads\/2022\/06\/waste-eps-foam.jpg 720w, https:\/\/www.plasticgranularmachine.com\/wp-content\/uploads\/2022\/06\/waste-eps-foam-300x225.jpg 300w\" sizes=\"auto, (max-width: 720px) 100vw, 720px\" \/><figcaption class=\"wp-element-caption\">d\u00e9chets de mousse EPS<\/figcaption><\/figure> <\/div>   <h3 class=\"wp-block-heading\">Convoyage<\/h3>    <p>En raison du poids l\u00e9ger des d\u00e9chets de plastique EPS, il est facile d'\u00eatre emport\u00e9 partout par le vent. Pour mieux r\u00e9soudre le probl\u00e8me de transport, le convoyeur de mousse EPS peut facilement livrer la mousse de polystyr\u00e8ne \u00e0 l'h\u00f4te de granulation. <\/p>   <div class=\"wp-block-image\"> <figure class=\"aligncenter size-full\"><img loading=\"lazy\" decoding=\"async\" width=\"720\" height=\"540\" src=\"https:\/\/www.plasticgranularmachine.com\/wp-content\/uploads\/2022\/06\/crushed-eps-foam.jpg\" alt=\"mousse de polystyr\u00e8ne \u00e9cras\u00e9e\" class=\"wp-image-125\" srcset=\"https:\/\/www.plasticgranularmachine.com\/wp-content\/uploads\/2022\/06\/crushed-eps-foam.jpg 720w, https:\/\/www.plasticgranularmachine.com\/wp-content\/uploads\/2022\/06\/crushed-eps-foam-300x225.jpg 300w\" sizes=\"auto, (max-width: 720px) 100vw, 720px\" \/><figcaption class=\"wp-element-caption\">mousse de polystyr\u00e8ne \u00e9cras\u00e9e<\/figcaption><\/figure> <\/div>   <h3 class=\"wp-block-heading\">Pelletisation<\/h3>    <p>Le processus de granulation est l\u2019\u00e9tape la plus importante de tout le processus de recyclage du PSE. Le pelletiseur EPS est \u00e9galement la machine de recyclage de mousse EPS la plus importante. Dans cette \u00e9tape, la machine de granulation fait fondre le mat\u00e9riau en mousse par chauffage. Ensuite, la mousse EPS fondue sera extrud\u00e9e et \u00e9tir\u00e9e \u00e0 travers la fili\u00e8re de la machine auxiliaire. Ensuite, nous obtiendrons les produits filamenteux EPS.<\/p>   <div class=\"wp-block-image\"> <figure class=\"aligncenter size-full\"><img loading=\"lazy\" decoding=\"async\" width=\"490\" height=\"532\" src=\"https:\/\/www.plasticgranularmachine.com\/wp-content\/uploads\/2022\/07\/EPS-foam-granulator.jpg\" alt=\"Pelletiseur PSE\" class=\"wp-image-305\" srcset=\"https:\/\/www.plasticgranularmachine.com\/wp-content\/uploads\/2022\/07\/EPS-foam-granulator.jpg 490w, https:\/\/www.plasticgranularmachine.com\/wp-content\/uploads\/2022\/07\/EPS-foam-granulator-276x300.jpg 276w\" sizes=\"auto, (max-width: 490px) 100vw, 490px\" \/><figcaption class=\"wp-element-caption\">Pelletiseur PSE<\/figcaption><\/figure> <\/div>   <h3 class=\"wp-block-heading\">Refroidissement<\/h3>    <p>Gr\u00e2ce au travail ci-dessus de la machine de recyclage de mousse, nous pouvons obtenir le produit EPS filamentaire. Cependant, apr\u00e8s fusion et granulation, la temp\u00e9rature du PSE filamentaire est tr\u00e8s \u00e9lev\u00e9e. Nous devons donc le refroidir avec de l\u2019eau froide.<\/p>    <h3 class=\"wp-block-heading\">Granul\u00e9s de coupe<\/h3>    <p>La derni\u00e8re \u00e9tape consiste \u00e0 d\u00e9couper le fil filamentaire EPS en pastilles.<\/p>    <h2 class=\"wp-block-heading\">De quelles machines de recyclage du PSE avons-nous besoin ?<\/h2>    <h3 class=\"wp-block-heading\">Concasseur EPS<\/h3>    <p class=\"translation-block\">Objectif : <a href=\"https:\/\/www.plasticgranularmachine.com\/fr\/product\/foam-crushing-machine\/\">Broyer les produits en mousse PSE en blocs en morceaux<\/a>.<\/p>   <div class=\"wp-block-image\"> <figure class=\"aligncenter size-full\"><img loading=\"lazy\" decoding=\"async\" width=\"720\" height=\"540\" src=\"https:\/\/www.plasticgranularmachine.com\/wp-content\/uploads\/2022\/08\/Horizontal-foam-crushing-machine-1.webp\" alt=\"Machine de concassage de mousse horizontale\" class=\"wp-image-1251\" srcset=\"https:\/\/www.plasticgranularmachine.com\/wp-content\/uploads\/2022\/08\/Horizontal-foam-crushing-machine-1.webp 720w, https:\/\/www.plasticgranularmachine.com\/wp-content\/uploads\/2022\/08\/Horizontal-foam-crushing-machine-1-300x225.webp 300w, https:\/\/www.plasticgranularmachine.com\/wp-content\/uploads\/2022\/08\/Horizontal-foam-crushing-machine-1-16x12.webp 16w\" sizes=\"auto, (max-width: 720px) 100vw, 720px\" \/><figcaption class=\"wp-element-caption\">Machine de concassage de mousse horizontale<\/figcaption><\/figure> <\/div>   <h3 class=\"wp-block-heading\">Convoyeur de mousse EPS<\/h3>    <p>Objectif : Il peut envoyer les morceaux d'EPS broy\u00e9s \u00e0 la machine principale de granulation<\/p>    <h3 class=\"wp-block-heading\">Machine de pelletisation de mousse EPS<\/h3>    <p>Objectif : faire fondre et chauffer le mat\u00e9riau en mousse EPS<\/p>   <div class=\"wp-block-image\"> <figure class=\"aligncenter size-full\"><img loading=\"lazy\" decoding=\"async\" width=\"720\" height=\"540\" src=\"https:\/\/www.plasticgranularmachine.com\/wp-content\/uploads\/2023\/12\/EPE-granulator-1.webp\" alt=\"Granulateur EPE\" class=\"wp-image-1254\" srcset=\"https:\/\/www.plasticgranularmachine.com\/wp-content\/uploads\/2023\/12\/EPE-granulator-1.webp 720w, https:\/\/www.plasticgranularmachine.com\/wp-content\/uploads\/2023\/12\/EPE-granulator-1-300x225.webp 300w, https:\/\/www.plasticgranularmachine.com\/wp-content\/uploads\/2023\/12\/EPE-granulator-1-16x12.webp 16w\" sizes=\"auto, (max-width: 720px) 100vw, 720px\" \/><figcaption class=\"wp-element-caption\">Granulateur EPE<\/figcaption><\/figure> <\/div>   <h3 class=\"wp-block-heading\">Machine auxiliaire de pelletisation de mousse EPS<\/h3>    <p>Objectif : Extruder le plastique fondu en mat\u00e9riau d\u00e9chiquet\u00e9 dans la machine auxiliaire \u00e0 travers la t\u00eate de fili\u00e8re.<\/p>    <h3 class=\"wp-block-heading\">R\u00e9servoir d'eau de refroidissement<\/h3>    <p class=\"translation-block\">Objectif : Refroidissement du filament de mousse <a href=\"https:\/\/en.wikipedia.org\/wiki\/EPS\" target=\"_blank\" rel=\"noopener\">PSE<\/a><\/p>   <div class=\"wp-block-image\"> <figure class=\"aligncenter size-full\"><img loading=\"lazy\" decoding=\"async\" width=\"720\" height=\"540\" src=\"https:\/\/www.plasticgranularmachine.com\/wp-content\/uploads\/2023\/12\/\u2465Cooling-tank1.webp\" alt=\"R\u00e9servoir de refroidissement\" class=\"wp-image-1270\" srcset=\"https:\/\/www.plasticgranularmachine.com\/wp-content\/uploads\/2023\/12\/\u2465Cooling-tank1.webp 720w, https:\/\/www.plasticgranularmachine.com\/wp-content\/uploads\/2023\/12\/\u2465Cooling-tank1-300x225.webp 300w, https:\/\/www.plasticgranularmachine.com\/wp-content\/uploads\/2023\/12\/\u2465Cooling-tank1-16x12.webp 16w\" sizes=\"auto, (max-width: 720px) 100vw, 720px\" \/><figcaption class=\"wp-element-caption\">R\u00e9servoir de refroidissement<\/figcaption><\/figure> <\/div>   <h3 class=\"wp-block-heading\">Machine de d\u00e9coupe de granul\u00e9s de plastique<\/h3>    <p>Objectif : couper le filament plastique refroidi en granul\u00e9s<\/p>   <div class=\"wp-block-image\"> <figure class=\"aligncenter size-full\"><img loading=\"lazy\" decoding=\"async\" width=\"720\" height=\"540\" src=\"https:\/\/www.plasticgranularmachine.com\/wp-content\/uploads\/2022\/07\/Pellet-cutting-machine1.webp\" alt=\"Machine de d\u00e9coupe de granul\u00e9s\" class=\"wp-image-1326\" srcset=\"https:\/\/www.plasticgranularmachine.com\/wp-content\/uploads\/2022\/07\/Pellet-cutting-machine1.webp 720w, https:\/\/www.plasticgranularmachine.com\/wp-content\/uploads\/2022\/07\/Pellet-cutting-machine1-300x225.webp 300w, https:\/\/www.plasticgranularmachine.com\/wp-content\/uploads\/2022\/07\/Pellet-cutting-machine1-16x12.webp 16w\" sizes=\"auto, (max-width: 720px) 100vw, 720px\" \/><figcaption class=\"wp-element-caption\">Machine de d\u00e9coupe de granul\u00e9s<\/figcaption><\/figure> <\/div>   <h2 class=\"wp-block-heading\">Pourquoi de plus en plus de personnes sont engag\u00e9es dans l\u2019industrie du recyclage de la mousse EPS ?<\/h2>    <p>Comme nous le savons tous, l\u2019emballage EPS est un consommable jetable. Il n'est pas facile de se d\u00e9grader tout seul apr\u00e8s \u00e9limination. Dans le pass\u00e9, les produits en mousse ont caus\u00e9 beaucoup de pollution \u00e0 l\u2019environnement. Avec la popularit\u00e9 de la r\u00e9duction des \u00e9missions de carbone dans divers pays, la gestion des d\u00e9chets PSE est devenue un moyen important de prot\u00e9ger l'environnement. Le recyclage de la mousse EPS peut non seulement \u00e9viter la pollution de l\u2019environnement, mais \u00e9galement permettre au mat\u00e9riau d\u2019\u00eatre utilis\u00e9 de mani\u00e8re r\u00e9p\u00e9t\u00e9e. Par cons\u00e9quent, les machines de recyclage de mousse EPS deviennent \u00e9galement de plus en plus populaires.<\/p>   <div class=\"wp-block-image\"> <figure class=\"aligncenter size-full\"><img loading=\"lazy\" decoding=\"async\" width=\"720\" height=\"540\" src=\"https:\/\/www.plasticgranularmachine.com\/wp-content\/uploads\/2022\/06\/finished-products-of-eps-foam.jpg\" alt=\"produits finis en mousse EPS\" class=\"wp-image-122\" srcset=\"https:\/\/www.plasticgranularmachine.com\/wp-content\/uploads\/2022\/06\/finished-products-of-eps-foam.jpg 720w, https:\/\/www.plasticgranularmachine.com\/wp-content\/uploads\/2022\/06\/finished-products-of-eps-foam-300x225.jpg 300w\" sizes=\"auto, (max-width: 720px) 100vw, 720px\" \/><figcaption class=\"wp-element-caption\">produits finis fabriqu\u00e9s par la machine de recyclage EPS<\/figcaption><\/figure> <\/div>   <h2 class=\"wp-block-heading\">L'application des granul\u00e9s de PSE recycl\u00e9s<\/h2>    <p>D\u2019apr\u00e8s ce qui pr\u00e9c\u00e8de, nous savons que les machines de recyclage de PSE peuvent fabriquer des granul\u00e9s de plastique \u00e0 partir de mousse PSE usag\u00e9e. Le point important est que nous ne pouvons pas utiliser de d\u00e9chets plastiques pour fabriquer quoi que ce soit qui entre en contact avec des aliments. Ils comprennent des gobelets isothermes, des plateaux en mousse, etc. Mais nous pouvons l'utiliser pour fabriquer du mobilier d'ext\u00e9rieur, des tuiles, des cintres, des bo\u00eetes de cr\u00e8che, des cadres de fen\u00eatres et de portes, des mat\u00e9riaux d'emballage, etc. Nous pouvons \u00e9galement m\u00e9langer le PSE avec du b\u00e9ton pour fabriquer du b\u00e9ton pr\u00e9fabriqu\u00e9. blocs.<\/p>    <p> De plus, lorsque le PSE est combin\u00e9 avec de la terre et du compost, il contribue \u00e0 favoriser l\u2019a\u00e9ration. Et lorsqu\u2019il est m\u00e9lang\u00e9 \u00e0 des plastiques, il peut \u00eatre utilis\u00e9 pour fabriquer des panneaux d\u00e9coratifs et des boiseries int\u00e9rieures.<\/p>    <p>Dans l\u2019ensemble, si vous avez besoin d\u2019un \u00e9quipement de recyclage de mousse pour votre entreprise, n\u2019h\u00e9sitez pas \u00e0 nous contacter.<\/p>    <h2 class=\"wp-block-heading\">Cas de projets de recyclage de mousse EPS partout dans le monde<\/h2>    <ul class=\"wp-block-list\"> <li>Cas 1\u00a0: <a href=\"https:\/\/www.plasticgranularmachine.com\/fr\/Info\/foam-shredder-machine-sold-to-nigeria\/\">Machine de d\u00e9chiquetage de mousse vendue au Nigeria<\/a><\/li>    <li>Cas 2\u00a0: <a href=\"https:\/\/www.plasticgranularmachine.com\/fr\/Info\/malaysian-customer-ordered-two-eps-foam-compactors\/\">Un client malaisien a command\u00e9 deux compacteurs de mousse EPS<\/a><\/li> <\/ul>    <p>Voici quelques cas de notre ligne de recyclage de mousse plastique. En tant que fournisseur professionnel de machines de recyclage, nous promettons de vous fournir des machines de recyclage de polystyr\u00e8ne adapt\u00e9es et des services parfaits. <\/p>   <div class=\"wp-block-image\"> <figure class=\"aligncenter size-full\"><img loading=\"lazy\" decoding=\"async\" width=\"720\" height=\"540\" src=\"https:\/\/www.plasticgranularmachine.com\/wp-content\/uploads\/2022\/07\/EPS-Pelletizing-Machine-2-1.webp\" alt=\"Machine de pelletisation EPS\" class=\"wp-image-1368\" srcset=\"https:\/\/www.plasticgranularmachine.com\/wp-content\/uploads\/2022\/07\/EPS-Pelletizing-Machine-2-1.webp 720w, https:\/\/www.plasticgranularmachine.com\/wp-content\/uploads\/2022\/07\/EPS-Pelletizing-Machine-2-1-300x225.webp 300w, https:\/\/www.plasticgranularmachine.com\/wp-content\/uploads\/2022\/07\/EPS-Pelletizing-Machine-2-1-16x12.webp 16w\" sizes=\"auto, (max-width: 720px) 100vw, 720px\" \/><figcaption class=\"wp-element-caption\">Machine de pelletisation EPS<\/figcaption><\/figure> <\/div>   <h2 class=\"wp-block-heading\">Livraison \u00e0 propos de la ligne de recyclage de mousse de polystyr\u00e8ne<\/h2>    <ul class=\"wp-block-list\"> <li>Apr\u00e8s avoir pass\u00e9 une commande, le d\u00e9lai de r\u00e9alisation estim\u00e9 est d'environ 20 jours.<\/li>    <li>Nous vous enverrons une vid\u00e9o de la machine en fonctionnement avant exp\u00e9dition pour confirmer que tout est en ordre.<\/li>    <li>Nous proposons des exp\u00e9ditions internationales et pouvons \u00e9galement fournir des services d'installation sur site.<\/li> <\/ul>    <p>Vous trouverez ci-dessous une vid\u00e9o de d\u00e9monstration sur les machines de recyclage de mousse EPS. Si vous \u00eates int\u00e9ress\u00e9, n\u2019h\u00e9sitez pas \u00e0 nous contacter. Nous attendons avec impatience vos nouvelles !<\/p>    <figure class=\"wp-block-embed is-type-video is-provider-youtube wp-block-embed-youtube wp-embed-aspect-16-9 wp-has-aspect-ratio\"><div class=\"wp-block-embed__wrapper\"> <iframe loading=\"lazy\" title=\"Regardez de plus pr\u00e8s les machines de recyclage de polystyr\u00e8ne en usine\u00a0!\" width=\"500\" height=\"281\" src=\"https:\/\/www.youtube.com\/embed\/Cqay6gxFv3k?feature=oembed\" frameborder=\"0\" allow=\"accelerometer; autoplay; clipboard-write; encrypted-media; gyroscope; picture-in-picture; web-share\" referrerpolicy=\"strict-origin-when-cross-origin\" allowfullscreen><\/iframe> <\/div><figcaption class=\"wp-element-caption\">Machines de recyclage PSE<\/figcaption><\/figure>","protected":false},"excerpt":{"rendered":"<p>Les machines de recyclage Shuliy EPS ont un processus de recyclage rapide et un prix abordable, transformant les d\u00e9chets de polystyr\u00e8ne en granul\u00e9s recycl\u00e9s.<\/p>","protected":false},"author":1,"featured_media":1223,"parent":0,"template":"","tags":[40,33],"product-type":[10],"class_list":["post-35","product","type-product","status-publish","has-post-thumbnail","hentry","tag-solution","tag-styrofoam-recycling","product-type-solutions"],"_links":{"self":[{"href":"https:\/\/www.plasticgranularmachine.com\/fr\/wp-json\/wp\/v2\/product\/35","targetHints":{"allow":["GET"]}}],"collection":[{"href":"https:\/\/www.plasticgranularmachine.com\/fr\/wp-json\/wp\/v2\/product"}],"about":[{"href":"https:\/\/www.plasticgranularmachine.com\/fr\/wp-json\/wp\/v2\/types\/product"}],"author":[{"embeddable":true,"href":"https:\/\/www.plasticgranularmachine.com\/fr\/wp-json\/wp\/v2\/users\/1"}],"wp:featuredmedia":[{"embeddable":true,"href":"https:\/\/www.plasticgranularmachine.com\/fr\/wp-json\/wp\/v2\/media\/1223"}],"wp:attachment":[{"href":"https:\/\/www.plasticgranularmachine.com\/fr\/wp-json\/wp\/v2\/media?parent=35"}],"wp:term":[{"taxonomy":"post_tag","embeddable":true,"href":"https:\/\/www.plasticgranularmachine.com\/fr\/wp-json\/wp\/v2\/tags?post=35"},{"taxonomy":"product-type","embeddable":true,"href":"https:\/\/www.plasticgranularmachine.com\/fr\/wp-json\/wp\/v2\/product-type?post=35"}],"curies":[{"name":"wp","href":"https:\/\/api.w.org\/{rel}","templated":true}]}}