{"id":359,"date":"2022-09-14T07:35:18","date_gmt":"2022-09-14T07:35:18","guid":{"rendered":"https:\/\/www.plasticgranularmachine.com\/?post_type=product&#038;p=359"},"modified":"2025-01-06T09:57:07","modified_gmt":"2025-01-06T01:57:07","slug":"pet-flakes-friction-washer","status":"publish","type":"product","link":"https:\/\/www.plasticgranularmachine.com\/fr\/product\/pet-flakes-friction-washer\/","title":{"rendered":"Rondelle de friction de flocons PET"},"content":{"rendered":"<p class=\"translation-block\">La laveuse \u00e0 friction pour flocons de PET est une machine pour nettoyer les feuilles en plastique dans la ligne de lavage des bouteilles en plastique. Elle se trouve derri\u00e8re le r\u00e9servoir de lavage \u00e0 l'eau chaude pour bouteilles en plastique. Cette machine et la <a href=\"https:\/\/www.plasticgranularmachine.com\/fr\/product\/pet-flakes-hot-washing-machine\/\">machine de lavage \u00e0 chaud pour flocons de bouteilles PET<\/a> peuvent fonctionner ensemble pour nettoyer les bouteilles en plastique avec des taches. Par cons\u00e9quent, la machine \u00e0 laver les flocons de PET est un laveur \u00e0 eau froide efficace.<\/p>   <div class=\"wp-block-image\"> <figure class=\"aligncenter size-full is-resized\"><img loading=\"lazy\" decoding=\"async\" width=\"800\" height=\"800\" src=\"https:\/\/www.plasticgranularmachine.com\/wp-content\/uploads\/2022\/09\/high-speed-friction-washer-in-the-factory-1.webp\" alt=\"rondelle \u00e0 friction \u00e0 grande vitesse en usine\" class=\"wp-image-1293\" style=\"object-fit:cover;width:720px;height:540px\" srcset=\"https:\/\/www.plasticgranularmachine.com\/wp-content\/uploads\/2022\/09\/high-speed-friction-washer-in-the-factory-1.webp 800w, https:\/\/www.plasticgranularmachine.com\/wp-content\/uploads\/2022\/09\/high-speed-friction-washer-in-the-factory-1-300x300.webp 300w, https:\/\/www.plasticgranularmachine.com\/wp-content\/uploads\/2022\/09\/high-speed-friction-washer-in-the-factory-1-150x150.webp 150w, https:\/\/www.plasticgranularmachine.com\/wp-content\/uploads\/2022\/09\/high-speed-friction-washer-in-the-factory-1-768x768.webp 768w, https:\/\/www.plasticgranularmachine.com\/wp-content\/uploads\/2022\/09\/high-speed-friction-washer-in-the-factory-1-12x12.webp 12w\" sizes=\"auto, (max-width: 800px) 100vw, 800px\" \/><figcaption class=\"wp-element-caption\">rondelle \u00e0 friction \u00e0 grande vitesse en usine<\/figcaption><\/figure> <\/div>   <h2 class=\"wp-block-heading\" id=\"h-what-is-the-working-process-of-the-pet-flakes-friction-washer\">Quel est le processus de travail de la rondelle de friction en flocons de PET\u00a0?<\/h2>    <p>La rondelle \u00e0 friction \u00e0 grande vitesse en tant qu'\u00e9quipement de nettoyage du plastique a ses propres fonctions et avantages uniques. Une fois que la feuille de plastique entre dans le silo, la vis rotative \u00e0 grande vitesse frottera compl\u00e8tement le mat\u00e9riau avec de l'eau. Sous l'action de la force centrifuge rotative \u00e0 grande vitesse, la machine s\u00e9parera les impuret\u00e9s (sol, sable, feuilles, pulpe) \u00e0 la surface du mat\u00e9riau. L'eau sale sera lav\u00e9e avec de l'eau propre. Le dispositif de pulv\u00e9risation d'eau et la vis \u00e0 grande vitesse \u00e9quip\u00e9s de la rondelle de friction en flocons de PET peuvent nettoyer la salet\u00e9 sur la feuille de plastique.<\/p>   <div class=\"wp-block-image\"> <figure class=\"aligncenter size-full\"><img loading=\"lazy\" decoding=\"async\" width=\"720\" height=\"540\" src=\"https:\/\/www.plasticgranularmachine.com\/wp-content\/uploads\/2022\/09\/plastic-washing-machine-in-plant-1.webp\" alt=\"machine \u00e0 laver le plastique en usine\" class=\"wp-image-1295\" srcset=\"https:\/\/www.plasticgranularmachine.com\/wp-content\/uploads\/2022\/09\/plastic-washing-machine-in-plant-1.webp 720w, https:\/\/www.plasticgranularmachine.com\/wp-content\/uploads\/2022\/09\/plastic-washing-machine-in-plant-1-300x225.webp 300w, https:\/\/www.plasticgranularmachine.com\/wp-content\/uploads\/2022\/09\/plastic-washing-machine-in-plant-1-16x12.webp 16w\" sizes=\"auto, (max-width: 720px) 100vw, 720px\" \/><figcaption class=\"wp-element-caption\">machine \u00e0 laver le plastique en usine<\/figcaption><\/figure> <\/div>   <h2 class=\"wp-block-heading\">Quelle est la fonction de la rondelle \u00e0 friction \u00e0 grande vitesse\u00a0?<\/h2>    <p>La fonction principale du nettoyeur \u00e0 friction est d'\u00e9liminer l'huile, la colle, la p\u00e2te \u00e0 papier et autres taches sur la bouteille en plastique en utilisant la force de friction de la rotation \u00e0 grande vitesse. Les mat\u00e9riaux sont m\u00e9lang\u00e9s \u00e0 grande vitesse dans la laveuse et la friction entre chaque feuille de PET aide \u00e0 \u00e9liminer la salet\u00e9 et les d\u00e9bris. Ensuite, le tamis filtrant \u00e0 l\u2019int\u00e9rieur de la machine \u00e9vacuera la salet\u00e9 \u00e9limin\u00e9e. Cela permet de nettoyer compl\u00e8tement la bouteille en plastique. De plus, l'utilisateur peut contr\u00f4ler manuellement le temps de nettoyage des mat\u00e9riaux en fonction du degr\u00e9 de pollution des mat\u00e9riaux. La rondelle \u00e0 friction de flocons de PET pr\u00e9sente \u00e9galement les avantages d'une petite surface au sol, d'un fonctionnement simple et d'un rendement \u00e9lev\u00e9.<\/p>    <h2 class=\"wp-block-heading\">Param\u00e8tres de la machine<\/h2>    <figure class=\"wp-block-table\"><table><tbody><tr><td>Mod\u00e8le<\/td><td>SL-1000<\/td><td>SL-2000<\/td><\/tr><tr><td>Capacit\u00e9<\/td><td>500-1000kg\/heure<\/td><td>2000kg\/heure<\/td><\/tr><tr><td>Longueur<\/td><td>3000mm<\/td><td>3500mm<\/td><\/tr><tr><td>Pouvoir<\/td><td>7,5 kW<\/td><td>15kw<\/td><\/tr><tr><td>Couche ext\u00e9rieure<\/td><td>4mm<\/td><td>4mm<\/td><\/tr><tr><td>\u00c9paisseur de la lame<\/td><td>6mm<\/td><td>6mm<\/td><\/tr><\/tbody><\/table><\/figure>    <h2 class=\"wp-block-heading\">Structure de la rondelle de friction en flocons de PET<\/h2>    <p>Le corps de cette machine \u00e0 laver les bouteilles en plastique est compos\u00e9 d'un pied, d'un moteur, d'une machine h\u00f4te, d'une entr\u00e9e d'eau, d'une entr\u00e9e de mat\u00e9riau, d'une sortie de mat\u00e9riau, etc. De plus, il y a un filtre \u00e0 tamis fin au fond du machine pour filtrer l'eau sale.<\/p>   <div class=\"wp-block-image\"> <figure class=\"aligncenter size-full is-resized\"><img loading=\"lazy\" decoding=\"async\" width=\"800\" height=\"800\" src=\"https:\/\/www.plasticgranularmachine.com\/wp-content\/uploads\/2022\/09\/internal-details-of-the-friction-machine.webp\" alt=\"d\u00e9tails internes de la machine \u00e0 friction\" class=\"wp-image-1296\" style=\"object-fit:cover;width:720px;height:540px\" srcset=\"https:\/\/www.plasticgranularmachine.com\/wp-content\/uploads\/2022\/09\/internal-details-of-the-friction-machine.webp 800w, https:\/\/www.plasticgranularmachine.com\/wp-content\/uploads\/2022\/09\/internal-details-of-the-friction-machine-300x300.webp 300w, https:\/\/www.plasticgranularmachine.com\/wp-content\/uploads\/2022\/09\/internal-details-of-the-friction-machine-150x150.webp 150w, https:\/\/www.plasticgranularmachine.com\/wp-content\/uploads\/2022\/09\/internal-details-of-the-friction-machine-768x768.webp 768w, https:\/\/www.plasticgranularmachine.com\/wp-content\/uploads\/2022\/09\/internal-details-of-the-friction-machine-12x12.webp 12w\" sizes=\"auto, (max-width: 800px) 100vw, 800px\" \/><figcaption class=\"wp-element-caption\">d\u00e9tails internes de la machine \u00e0 friction<\/figcaption><\/figure> <\/div>   <h2 class=\"wp-block-heading\">Quelles sont les applications de la machine ?<\/h2>    <p class=\"translation-block\">En fait, nos machines peuvent traiter la plupart des bouteilles sur le march\u00e9, telles que les bouteilles de <a href=\"https:\/\/en.wikipedia.org\/wiki\/Coca-Cola\" target=\"_blank\" rel=\"noopener\">Coca-Cola<\/a>, les bouteilles de <a href=\"https:\/\/en.wikipedia.org\/wiki\/Soda\" target=\"_blank\" rel=\"noopener\">soda<\/a>, les bouteilles de jus, les bouteilles de th\u00e9, les bouteilles d'eau min\u00e9rale et d'autres bouteilles d'eau potable.<\/p>    <h2 class=\"wp-block-heading\">Utilisation de flocons d'animaux recycl\u00e9s<\/h2>    <p>Les feuilles de plastique recycl\u00e9es peuvent g\u00e9n\u00e9ralement \u00eatre utilis\u00e9es pour les emballages en plastique, les fibres, les mat\u00e9riaux renforc\u00e9s de fibres de verre, les plastiques modifi\u00e9s et les sacs en plastique tiss\u00e9s. La bouteille PET peut ainsi \u00eatre r\u00e9utilis\u00e9e.<\/p>   <div class=\"wp-block-image\"> <figure class=\"aligncenter size-full\"><img loading=\"lazy\" decoding=\"async\" width=\"528\" height=\"720\" src=\"https:\/\/www.plasticgranularmachine.com\/wp-content\/uploads\/2022\/09\/plastic-bottle-washing-machine-1.webp\" alt=\"machine \u00e0 laver les bouteilles en plastique\" class=\"wp-image-1297\" srcset=\"https:\/\/www.plasticgranularmachine.com\/wp-content\/uploads\/2022\/09\/plastic-bottle-washing-machine-1.webp 528w, https:\/\/www.plasticgranularmachine.com\/wp-content\/uploads\/2022\/09\/plastic-bottle-washing-machine-1-220x300.webp 220w, https:\/\/www.plasticgranularmachine.com\/wp-content\/uploads\/2022\/09\/plastic-bottle-washing-machine-1-9x12.webp 9w\" sizes=\"auto, (max-width: 528px) 100vw, 528px\" \/><figcaption class=\"wp-element-caption\">machine \u00e0 laver les bouteilles en plastique<\/figcaption><\/figure> <\/div>   <h2 class=\"wp-block-heading\">R\u00e9sum\u00e9<\/h2>    <p class=\"translation-block\">En un mot, la laveuse \u00e0 friction pour flocons de PET est une machine indispensable dans l'usine de lavage de bouteilles PET et dans la <a href=\"https:\/\/www.plasticgranularmachine.com\/fr\/product\/pet-bottles-recycling-line\/\">ligne de recyclage des bouteilles en plastique<\/a>. Si vous souhaitez obtenir plus d'informations sur cette machine, n'h\u00e9sitez pas \u00e0 nous contacter.<\/p>   <div class=\"wp-block-image\"> <figure class=\"aligncenter size-full\"><img loading=\"lazy\" decoding=\"async\" width=\"720\" height=\"540\" src=\"https:\/\/www.plasticgranularmachine.com\/wp-content\/uploads\/2022\/09\/PET-flakes-friction-washer-3.webp\" alt=\"Rondelle de friction en flocons de PET\" class=\"wp-image-1299\" srcset=\"https:\/\/www.plasticgranularmachine.com\/wp-content\/uploads\/2022\/09\/PET-flakes-friction-washer-3.webp 720w, https:\/\/www.plasticgranularmachine.com\/wp-content\/uploads\/2022\/09\/PET-flakes-friction-washer-3-300x225.webp 300w, https:\/\/www.plasticgranularmachine.com\/wp-content\/uploads\/2022\/09\/PET-flakes-friction-washer-3-16x12.webp 16w\" sizes=\"auto, (max-width: 720px) 100vw, 720px\" \/><figcaption class=\"wp-element-caption\">Rondelle de friction en flocons de PET<\/figcaption><\/figure> <\/div>","protected":false},"excerpt":{"rendered":"<p>PET flakes friction washer is a machine for cleaning plastic sheets in the plastic bottle washing line. It is behind the plastic bottle hot water washing tank. This machine and the PET bottle flakes hot washing machine can work together to clean the plastic bottles with stains. Therefore, the PET flakes washer machine is an [&hellip;]<\/p>\n","protected":false},"author":1,"featured_media":1269,"parent":0,"template":"","tags":[38,39],"product-type":[6],"class_list":["post-359","product","type-product","status-publish","has-post-thumbnail","hentry","tag-pet-recycling","tag-washing","product-type-washing-machine"],"_links":{"self":[{"href":"https:\/\/www.plasticgranularmachine.com\/fr\/wp-json\/wp\/v2\/product\/359","targetHints":{"allow":["GET"]}}],"collection":[{"href":"https:\/\/www.plasticgranularmachine.com\/fr\/wp-json\/wp\/v2\/product"}],"about":[{"href":"https:\/\/www.plasticgranularmachine.com\/fr\/wp-json\/wp\/v2\/types\/product"}],"author":[{"embeddable":true,"href":"https:\/\/www.plasticgranularmachine.com\/fr\/wp-json\/wp\/v2\/users\/1"}],"wp:featuredmedia":[{"embeddable":true,"href":"https:\/\/www.plasticgranularmachine.com\/fr\/wp-json\/wp\/v2\/media\/1269"}],"wp:attachment":[{"href":"https:\/\/www.plasticgranularmachine.com\/fr\/wp-json\/wp\/v2\/media?parent=359"}],"wp:term":[{"taxonomy":"post_tag","embeddable":true,"href":"https:\/\/www.plasticgranularmachine.com\/fr\/wp-json\/wp\/v2\/tags?post=359"},{"taxonomy":"product-type","embeddable":true,"href":"https:\/\/www.plasticgranularmachine.com\/fr\/wp-json\/wp\/v2\/product-type?post=359"}],"curies":[{"name":"wp","href":"https:\/\/api.w.org\/{rel}","templated":true}]}}