{"id":36,"date":"2022-06-23T03:41:17","date_gmt":"2022-06-23T03:41:17","guid":{"rendered":"http:\/\/tailwind-themes.local\/?post_type=product&#038;p=36"},"modified":"2025-01-06T09:58:55","modified_gmt":"2025-01-06T01:58:55","slug":"plastic-film-granulator","status":"publish","type":"product","link":"https:\/\/www.plasticgranularmachine.com\/fr\/product\/plastic-film-granulator\/","title":{"rendered":"Granulateur de film plastique | Machine de pelletisation en plastique PE PP"},"content":{"rendered":"<p class=\"translation-block\">Le granulateur de film plastique est l'\u00e9quipement principal de la <a href=\"https:\/\/www.plasticgranularmachine.com\/fr\/product\/plastic-film-recycling-line\/\">ligne de recyclage du film plastique<\/a>. Cette machine peut fondre, plastifier et extruder les chutes de film plastique et produire des granul\u00e9s recycl\u00e9s. Le granulateur de film plastique est largement utilis\u00e9 dans les usines de production plastique et les installations de recyclage. La capacit\u00e9 de sortie de la machine varie de 100 \u00e0 500 kg\/h. Les produits finaux sont des granul\u00e9s ou billes plastiques, les mat\u00e9riaux recycl\u00e9s de meilleure qualit\u00e9 peuvent produire de meilleurs granul\u00e9s.<\/p>    <figure class=\"wp-block-embed is-type-video is-provider-youtube wp-block-embed-youtube wp-embed-aspect-16-9 wp-has-aspect-ratio\"><div class=\"wp-block-embed__wrapper\"> <iframe loading=\"lazy\" title=\"\u00c0 l\u2019int\u00e9rieur du processus de pelletisation du plastique\u00a0: d\u00e9couvrez comment il augmente les b\u00e9n\u00e9fices du recyclage\u00a0!\" width=\"500\" height=\"281\" src=\"https:\/\/www.youtube.com\/embed\/_mcIy6g5Ybk?feature=oembed\" frameborder=\"0\" allow=\"accelerometer; autoplay; clipboard-write; encrypted-media; gyroscope; picture-in-picture; web-share\" referrerpolicy=\"strict-origin-when-cross-origin\" allowfullscreen><\/iframe> <\/div><\/figure>    <h2 class=\"wp-block-heading\">Champ d'application du granulateur de film<\/h2>    <p class=\"translation-block\">En tant que granulateur professionnel de film plastique, notre machine peut recycler et granuler toutes sortes de films plastiques. Par exemple, elle peut granulater des films plastiques fabriqu\u00e9s \u00e0 partir de <a href=\"https:\/\/www.plasticgranularmachine.com\/fr\/Info\/which-plastics-can-be-recycled\/\">PE, PP, BOPP, HDPE, LDPE et LLDPE<\/a>. Dans notre vie quotidienne, nous pouvons voir ces mat\u00e9riaux plastiques dans les sacs d'emballage alimentaire, les films de serre, les sacs poubelles, les sacs de courses, les films HDPE, les films agricoles, les sacs PP et les films d'\u00e9tirage LDPE.<\/p>    <figure class=\"wp-block-gallery has-nested-images columns-default is-cropped wp-block-gallery-2 is-layout-flex wp-block-gallery-is-layout-flex\"> <figure class=\"wp-block-image size-large\"><img loading=\"lazy\" decoding=\"async\" width=\"720\" height=\"540\" data-id=\"1362\" src=\"https:\/\/www.plasticgranularmachine.com\/wp-content\/uploads\/2022\/06\/plastic-film-recycling-raw-materials1.webp\" alt=\"film plastique r\u00e9utilisant les mati\u00e8res premi\u00e8res\" class=\"wp-image-1362\" srcset=\"https:\/\/www.plasticgranularmachine.com\/wp-content\/uploads\/2022\/06\/plastic-film-recycling-raw-materials1.webp 720w, https:\/\/www.plasticgranularmachine.com\/wp-content\/uploads\/2022\/06\/plastic-film-recycling-raw-materials1-300x225.webp 300w, https:\/\/www.plasticgranularmachine.com\/wp-content\/uploads\/2022\/06\/plastic-film-recycling-raw-materials1-16x12.webp 16w\" sizes=\"auto, (max-width: 720px) 100vw, 720px\" \/><figcaption class=\"wp-element-caption\">film plastique r\u00e9utilisant les mati\u00e8res premi\u00e8res<\/figcaption><\/figure>    <figure class=\"wp-block-image size-large\"><img loading=\"lazy\" decoding=\"async\" width=\"720\" height=\"540\" data-id=\"1363\" src=\"https:\/\/www.plasticgranularmachine.com\/wp-content\/uploads\/2022\/06\/end-products-of-plastic-granulators.webp\" alt=\"produits finis des granulateurs de plastique\" class=\"wp-image-1363\" srcset=\"https:\/\/www.plasticgranularmachine.com\/wp-content\/uploads\/2022\/06\/end-products-of-plastic-granulators.webp 720w, https:\/\/www.plasticgranularmachine.com\/wp-content\/uploads\/2022\/06\/end-products-of-plastic-granulators-300x225.webp 300w, https:\/\/www.plasticgranularmachine.com\/wp-content\/uploads\/2022\/06\/end-products-of-plastic-granulators-16x12.webp 16w\" sizes=\"auto, (max-width: 720px) 100vw, 720px\" \/><figcaption class=\"wp-element-caption\">produits finis des granulateurs de plastique<\/figcaption><\/figure> <\/figure>    <h2 class=\"wp-block-heading\">Comment fonctionne une machine de granulation de plastique PP PE\u00a0?<\/h2>    <p>Avant d'entrer dans le processus de granulation, le film plastique doit \u00eatre propre. Un film plastique contenant des impuret\u00e9s affectera s\u00e9rieusement l'effet de granulation. Ce qui suit est le flux de travail complet de la machine.<\/p>    <h2 class=\"wp-block-heading\">Le processus de travail du granulateur de film plastique<\/h2>    <p>Le mat\u00e9riau entre dans l'h\u00f4te de la machine de granulation en plastique pe pp depuis le port d'alimentation. L'anneau chauffant autour de l'ext\u00e9rieur de l'h\u00f4te peut rapidement faire atteindre la temp\u00e9rature de la machine \u00e0 plus de 110 degr\u00e9s Celsius. Sous l\u2019action de l\u2019anneau chauffant, le film plastique fondra rapidement et sera extrud\u00e9 de la sortie de l\u2019\u00e9quipement de granulation plastique. <\/p>    <p>D'apr\u00e8s nos pr\u00e9c\u00e9dentes exp\u00e9riences de vente, de nombreux clients pensent que cette temp\u00e9rature ne peut pas faire fondre le plastique. En fait, la plupart des films plastiques ont un point de fusion compris entre 85 et 110 degr\u00e9s Celsius. Ensuite, le mat\u00e9riau fondu entrera dans la machine auxiliaire. Ensuite, sous l'extrusion de la machine auxiliaire de la machine de granulation de film pe, le mat\u00e9riau sortira de la t\u00eate de fili\u00e8re de la machine auxiliaire. A cette \u00e9poque, la forme du film plastique est celle d'un long filament. <\/p>    <p>Enfin, il est refroidi par le r\u00e9servoir de refroidissement et le granulateur de d\u00e9chets plastiques coupe la bande de plastique pour obtenir des particules de plastique de forme uniforme.<\/p>    <figure class=\"wp-block-embed is-type-video is-provider-youtube wp-block-embed-youtube wp-embed-aspect-16-9 wp-has-aspect-ratio\"><div class=\"wp-block-embed__wrapper\"> <iframe loading=\"lazy\" title=\"Des d\u00e9chets aux granul\u00e9s\u00a0: d\u00e9couvrez notre machine de granulation de plastique en action\u00a0!\" width=\"500\" height=\"281\" src=\"https:\/\/www.youtube.com\/embed\/RyomHQQR0cQ?feature=oembed\" frameborder=\"0\" allow=\"accelerometer; autoplay; clipboard-write; encrypted-media; gyroscope; picture-in-picture; web-share\" referrerpolicy=\"strict-origin-when-cross-origin\" allowfullscreen><\/iframe> <\/div><\/figure>    <h2 class=\"wp-block-heading\">Quelle est la structure d\u2019un granulateur de film plastique ?<\/h2>    <p>La machine de granulation de plastique est compos\u00e9e d'un port d'alimentation, d'un r\u00e9ducteur, d'un dispositif de chauffage, d'une presse \u00e0 vis, d'une chambre de presse, d'une base, d'un moteur, d'une t\u00eate de moule et d'un port de d\u00e9charge.<\/p>   <div class=\"wp-block-image\"> <figure class=\"aligncenter size-full\"><img loading=\"lazy\" decoding=\"async\" width=\"720\" height=\"540\" src=\"https:\/\/www.plasticgranularmachine.com\/wp-content\/uploads\/2022\/07\/plastic-granulator.webp\" alt=\"granulateur en plastique\" class=\"wp-image-1325\" srcset=\"https:\/\/www.plasticgranularmachine.com\/wp-content\/uploads\/2022\/07\/plastic-granulator.webp 720w, https:\/\/www.plasticgranularmachine.com\/wp-content\/uploads\/2022\/07\/plastic-granulator-300x225.webp 300w, https:\/\/www.plasticgranularmachine.com\/wp-content\/uploads\/2022\/07\/plastic-granulator-16x12.webp 16w\" sizes=\"auto, (max-width: 720px) 100vw, 720px\" \/><figcaption class=\"wp-element-caption\">granulateur en plastique<\/figcaption><\/figure> <\/div>   <h2 class=\"wp-block-heading\">Param\u00e8tres de la machine<\/h2>    <figure class=\"wp-block-table\"><table><tbody><tr><td>Taper<\/td><td>SL-105<\/td><td>SL-125<\/td><td>SL-135<\/td><td>SL-150<\/td><td>SL-180<\/td><td>SL-200<\/td><td>SL-220<\/td><\/tr><tr><td>Diam\u00e8tre de la vis<\/td><td>105mm<\/td><td>125mm<\/td><td>135mm<\/td><td>150mm<\/td><td>180mm<\/td><td>200 mm<\/td><td>220mm<\/td><\/tr><tr><td>Vitesse de broche<\/td><td>50-70\/min<\/td><td>50-70\/min<\/td><td>40-50\/min<\/td><td>40-50\/min<\/td><td>40-50\/min<\/td><td>40-50\/min<\/td><td>40-50\/min<\/td><\/tr><tr><td>Puissance du moteur principal<\/td><td>18,5 kW<\/td><td>30KW<\/td><td>37KW<\/td><td>37KW<\/td><td>55KW<\/td><td>75KW<\/td><td>90KW<\/td><\/tr><tr><td>R\u00e9ducteur (engrenage dur)<\/td><td>200<\/td><td>225<\/td><td>250<\/td><td>250<\/td><td>280<\/td><td>315<\/td><td>330<\/td><\/tr><tr><td>Poids<\/td><td>1.3T<\/td><td>1,8T<\/td><td>2T<\/td><td>2T<\/td><td>2.2T<\/td><td>2,8T<\/td><td>3.2T<\/td><\/tr><tr><td>Taille<\/td><td>2.4*0.7*0.7<\/td><td>2.6*0.7*0.7<\/td><td>2.8*0.7*0.7<\/td><td>3.0*0.7*0.7<\/td><td>3.2*0.7*0.7<\/td><td>3.5*1*1<\/td><td>3.8*1.2*1<\/td><\/tr><tr><td>Sortir<\/td><td>150 KG\/H<\/td><td>180 KG\/H<\/td><td>200 KG\/H<\/td><td>300 KG\/H<\/td><td>350 KG\/H<\/td><td>380 KG\/H<\/td><td>420 KG\/H<\/td><\/tr><\/tbody><\/table><\/figure>    <p>Nous pouvons voir dans le tableau que nous disposons de 7 granulateurs de granulation de film PE avec diff\u00e9rents rendements parmi lesquels vous pouvez choisir. Le diam\u00e8tre de la vis, la puissance, le poids et la taille de chaque machine sont diff\u00e9rents. Vous pouvez donc choisir la bonne machine en fonction de vos besoins. De plus, si vous avez des questions, n'h\u00e9sitez pas \u00e0 nous contacter.<\/p>    <h2 class=\"wp-block-heading\">Quels sont les avantages de la machine ?<\/h2>    <ul class=\"wp-block-list\"> <li>Fabriqu\u00e9 avec des mat\u00e9riaux de haute qualit\u00e9, durables.<\/li>    <li>Le degr\u00e9 \u00e9lev\u00e9 d\u2019automatisation et d\u2019\u00e9conomie de main-d\u2019\u0153uvre.<\/li>    <li>Faible consommation d'\u00e9nergie et pas de pollution.<\/li>    <li>Facile \u00e0 installer et \u00e0 entretenir.<\/li>    <li>Les pellets produits par le granulateur \u00e0 film plastique ont un large \u00e9ventail d'utilisations. Ce sont donc des projets d\u2019investissement id\u00e9aux.<\/li> <\/ul>   <div class=\"wp-block-image\"> <figure class=\"aligncenter size-full\"><img loading=\"lazy\" decoding=\"async\" width=\"720\" height=\"540\" src=\"https:\/\/www.plasticgranularmachine.com\/wp-content\/uploads\/2022\/06\/Plastic-grinder-details.webp\" alt=\"D\u00e9tails du broyeur en plastique\" class=\"wp-image-1364\" srcset=\"https:\/\/www.plasticgranularmachine.com\/wp-content\/uploads\/2022\/06\/Plastic-grinder-details.webp 720w, https:\/\/www.plasticgranularmachine.com\/wp-content\/uploads\/2022\/06\/Plastic-grinder-details-300x225.webp 300w, https:\/\/www.plasticgranularmachine.com\/wp-content\/uploads\/2022\/06\/Plastic-grinder-details-16x12.webp 16w\" sizes=\"auto, (max-width: 720px) 100vw, 720px\" \/><figcaption class=\"wp-element-caption\">D\u00e9tails du broyeur en plastique<\/figcaption><\/figure> <\/div>   <h2 class=\"wp-block-heading\">Pourquoi choisir le granulateur plastique Efficient ?<\/h2>    <ol class=\"wp-block-list\"> <li><a href=\"https:\/\/www.plasticgranularmachine.com\/fr\/\">Des machines efficaces<\/a> est un fabricant avec plus de 20 ans d'exp\u00e9rience dans la production de machines. Par cons\u00e9quent, la qualit\u00e9 et le service apr\u00e8s-vente de la machine sont dignes de confiance.<\/li>    <li>La machine principale, la t\u00eate de fili\u00e8re et le r\u00e9ducteur du granulateur de film plastique sont tous des \u00e9quipements de la meilleure qualit\u00e9 du march\u00e9.<\/li>    <li>Des services personnalis\u00e9s uniques. Nous pouvons fournir aux clients des services uniques en fonction de leurs besoins.<\/li> <\/ol>   <div class=\"wp-block-image\"> <figure class=\"aligncenter size-full\"><img loading=\"lazy\" decoding=\"async\" width=\"720\" height=\"540\" src=\"https:\/\/www.plasticgranularmachine.com\/wp-content\/uploads\/2022\/06\/extruder-plastic-pelletizing-line.webp\" alt=\"ligne de granulation de plastique d&#039;extrudeuse\" class=\"wp-image-1329\" srcset=\"https:\/\/www.plasticgranularmachine.com\/wp-content\/uploads\/2022\/06\/extruder-plastic-pelletizing-line.webp 720w, https:\/\/www.plasticgranularmachine.com\/wp-content\/uploads\/2022\/06\/extruder-plastic-pelletizing-line-300x225.webp 300w, https:\/\/www.plasticgranularmachine.com\/wp-content\/uploads\/2022\/06\/extruder-plastic-pelletizing-line-16x12.webp 16w\" sizes=\"auto, (max-width: 720px) 100vw, 720px\" \/><figcaption class=\"wp-element-caption\">ligne de granulation de plastique d'extrudeuse<\/figcaption><\/figure> <\/div>","protected":false},"excerpt":{"rendered":"<p>Plastic film granulator is the main equipment of the plastic film recycling line. This machine can melt, plasticize and extrude plastic film scrap and make recycles granules. Plastic film granulator is widely used in plastic production factories and recycling plants. The machine output ranged from 100-500 kg\/h. The final products are plastic granules or pellets, [&hellip;]<\/p>\n","protected":false},"author":1,"featured_media":1325,"parent":0,"template":"","tags":[37,41],"product-type":[5],"class_list":["post-36","product","type-product","status-publish","has-post-thumbnail","hentry","tag-pelletizing","tag-plastic-film-recycling","product-type-plastic-pelletizer"],"_links":{"self":[{"href":"https:\/\/www.plasticgranularmachine.com\/fr\/wp-json\/wp\/v2\/product\/36","targetHints":{"allow":["GET"]}}],"collection":[{"href":"https:\/\/www.plasticgranularmachine.com\/fr\/wp-json\/wp\/v2\/product"}],"about":[{"href":"https:\/\/www.plasticgranularmachine.com\/fr\/wp-json\/wp\/v2\/types\/product"}],"author":[{"embeddable":true,"href":"https:\/\/www.plasticgranularmachine.com\/fr\/wp-json\/wp\/v2\/users\/1"}],"wp:featuredmedia":[{"embeddable":true,"href":"https:\/\/www.plasticgranularmachine.com\/fr\/wp-json\/wp\/v2\/media\/1325"}],"wp:attachment":[{"href":"https:\/\/www.plasticgranularmachine.com\/fr\/wp-json\/wp\/v2\/media?parent=36"}],"wp:term":[{"taxonomy":"post_tag","embeddable":true,"href":"https:\/\/www.plasticgranularmachine.com\/fr\/wp-json\/wp\/v2\/tags?post=36"},{"taxonomy":"product-type","embeddable":true,"href":"https:\/\/www.plasticgranularmachine.com\/fr\/wp-json\/wp\/v2\/product-type?post=36"}],"curies":[{"name":"wp","href":"https:\/\/api.w.org\/{rel}","templated":true}]}}