{"id":41,"date":"2022-06-23T03:44:15","date_gmt":"2022-06-23T03:44:15","guid":{"rendered":"http:\/\/tailwind-themes.local\/?post_type=product&#038;p=41"},"modified":"2025-01-06T09:59:07","modified_gmt":"2025-01-06T01:59:07","slug":"plastic-film-recycling-line","status":"publish","type":"product","link":"https:\/\/www.plasticgranularmachine.com\/fr\/product\/plastic-film-recycling-line\/","title":{"rendered":"Machine de ligne de recyclage de film plastique"},"content":{"rendered":"<p>La ligne de recyclage de films plastiques est une ligne de production permettant de recycler toutes sortes de films plastiques, tels que les sacs en plastique et les sacs tiss\u00e9s. Notre ligne de recyclage du plastique est tr\u00e8s adapt\u00e9e au concassage, au nettoyage, au s\u00e9chage, \u00e0 la granulation et \u00e0 l'emballage des d\u00e9chets de films pe\/pp. Avec l\u2019aide de cette ligne de production, vous pouvez facilement obtenir des granul\u00e9s de plastique propres. \u00c0 terme, ces d\u00e9chets de films PP\/PE deviennent des mat\u00e9riaux renouvelables et r\u00e9utilisables.<\/p>   <div class=\"wp-block-image\"> <figure class=\"aligncenter size-full\"><img loading=\"lazy\" decoding=\"async\" width=\"720\" height=\"540\" src=\"https:\/\/www.plasticgranularmachine.com\/wp-content\/uploads\/2022\/06\/extruder-plastic-pelletizing-line.webp\" alt=\"ligne de granulation de plastique d&#039;extrudeuse\" class=\"wp-image-1329\" srcset=\"https:\/\/www.plasticgranularmachine.com\/wp-content\/uploads\/2022\/06\/extruder-plastic-pelletizing-line.webp 720w, https:\/\/www.plasticgranularmachine.com\/wp-content\/uploads\/2022\/06\/extruder-plastic-pelletizing-line-300x225.webp 300w, https:\/\/www.plasticgranularmachine.com\/wp-content\/uploads\/2022\/06\/extruder-plastic-pelletizing-line-16x12.webp 16w\" sizes=\"auto, (max-width: 720px) 100vw, 720px\" \/><figcaption class=\"wp-element-caption\">ligne de granulation de plastique d'extrudeuse<\/figcaption><\/figure> <\/div>   <h2 class=\"wp-block-heading\" id=\"h-what-is-the-workflow-of-the-plastic-film-recycling-line\">Quel est le flux de travail de la ligne de recyclage de films plastiques\u00a0?<\/h2>    <p>Tout d\u2019abord, placez les d\u00e9chets de film plastique sur le convoyeur \u00e0 bande. Ensuite, le convoyeur \u00e0 bande enverra le film plastique dans le broyeur de film plastique pour le concassage et le nettoyage. Parce qu'il y a de nombreuses impuret\u00e9s dans les d\u00e9chets de films, nous devons les nettoyer \u00e0 nouveau. S\u00e9chez ensuite les produits en plastique nettoy\u00e9s. Vient ensuite le processus de granulation le plus important. Apr\u00e8s granulation, la p\u00e2te plastique doit \u00eatre refroidie. Enfin, coupez la bande de plastique en petites particules de plastique pour l'emballage. Il s\u2019agit du flux de travail complet de la ligne de recyclage de films plastiques.<\/p>   <div class=\"wp-block-image\"> <figure class=\"aligncenter size-full\"><img loading=\"lazy\" decoding=\"async\" width=\"720\" height=\"540\" src=\"https:\/\/www.plasticgranularmachine.com\/wp-content\/uploads\/2022\/06\/effect-drawing-of-plastic-film-recycling-line.webp\" alt=\"dessin d&#039;effet d&#039;une ligne de recyclage de films plastiques\" class=\"wp-image-1330\" srcset=\"https:\/\/www.plasticgranularmachine.com\/wp-content\/uploads\/2022\/06\/effect-drawing-of-plastic-film-recycling-line.webp 720w, https:\/\/www.plasticgranularmachine.com\/wp-content\/uploads\/2022\/06\/effect-drawing-of-plastic-film-recycling-line-300x225.webp 300w, https:\/\/www.plasticgranularmachine.com\/wp-content\/uploads\/2022\/06\/effect-drawing-of-plastic-film-recycling-line-16x12.webp 16w\" sizes=\"auto, (max-width: 720px) 100vw, 720px\" \/><figcaption class=\"wp-element-caption\">dessin d'effet d'une ligne de recyclage de films plastiques<\/figcaption><\/figure> <\/div>   <h2 class=\"wp-block-heading\">Introduction de la machine de recyclage de films plastiques<\/h2>    <p>La machine de recyclage de film plastique haute efficacit\u00e9 d'Efficient est con\u00e7ue pour le retraitement des mat\u00e9riaux d'emballage flexible en PE poly\u00e9thyl\u00e8ne (HDPE, LDPE, LLDPE) et PP polypropyl\u00e8ne, imprim\u00e9s et non imprim\u00e9s. Nous recommandons cette ligne pour les producteurs de film souffl\u00e9, les producteurs de sacs tiss\u00e9s et les producteurs de sacs zipp\u00e9s imprim\u00e9s. Ils peuvent recycler les d\u00e9chets de production de film d\u00e9fectueux et les chutes de film gr\u00e2ce \u00e0 nos machines de recyclage. Les granul\u00e9s finaux peuvent \u00eatre directement utilis\u00e9s dans la ligne de production de film. Pour les producteurs de film, cela leur permet de r\u00e9duire les co\u00fbts des mat\u00e9riaux.<\/p>    <p>Outre les d\u00e9chets de films internes (post-industriels), le syst\u00e8me de recyclage est \u00e9galement en mesure de traiter les d\u00e9chets post-consommation. Les mat\u00e9riaux de recyclage courants sont les chutes de sacs, les sacs poubelles usag\u00e9s, les films agricoles, les emballages alimentaires, les sacs g\u00e9ants, les sacs en raphia avec films r\u00e9tractables et \u00e9tirables et les sacs tiss\u00e9s en PP.<\/p>   <div class=\"wp-block-image\"> <figure class=\"aligncenter size-full\"><img loading=\"lazy\" decoding=\"async\" width=\"720\" height=\"540\" src=\"https:\/\/www.plasticgranularmachine.com\/wp-content\/uploads\/2022\/06\/plastic-film-recycling-machines.webp\" alt=\"machines de recyclage de films plastiques en usine\" class=\"wp-image-1333\" srcset=\"https:\/\/www.plasticgranularmachine.com\/wp-content\/uploads\/2022\/06\/plastic-film-recycling-machines.webp 720w, https:\/\/www.plasticgranularmachine.com\/wp-content\/uploads\/2022\/06\/plastic-film-recycling-machines-300x225.webp 300w, https:\/\/www.plasticgranularmachine.com\/wp-content\/uploads\/2022\/06\/plastic-film-recycling-machines-16x12.webp 16w\" sizes=\"auto, (max-width: 720px) 100vw, 720px\" \/><figcaption class=\"wp-element-caption\">machines de recyclage de films plastiques en usine<\/figcaption><\/figure> <\/div>   <h2 class=\"wp-block-heading\">\u00c9quipement de recyclage de base de la ligne de granulation de film<\/h2>    <h3 class=\"wp-block-heading\">Broyeur de film plastique<\/h3>    <p class=\"translation-block\">Le broyeur de film plastique est une machine sp\u00e9ciale pour broyer le film plastique. C'est aussi le premier \u00e9quipement majeur de la ligne de recyclage de film plastique. Le coupeur rotatif \u00e0 l'int\u00e9rieur du <strong><a href=\"https:\/\/www.plasticgranularmachine.com\/fr\/product\/plastic-film-crusher\/\" data-type=\"link\" data-id=\"https:\/\/www.plasticgranularmachine.com\/product\/plastic-film-crusher\/\">broyeur plastique <\/a><\/strong>peut broyer les mat\u00e9riaux en petits morceaux en peu de temps. En m\u00eame temps, cette machine peut \u00e9galement nettoyer les d\u00e9bris plastiques. Cela signifie qu'elle a la fonction de broyage et de nettoyage. De plus, nos machines sont fabriqu\u00e9es en acier de haute qualit\u00e9. La lame est faite de si2mn. Par cons\u00e9quent, le broyeur de la machine est durable.<\/p>   <div class=\"wp-block-image\"> <figure class=\"aligncenter size-full\"><img loading=\"lazy\" decoding=\"async\" width=\"720\" height=\"540\" src=\"https:\/\/www.plasticgranularmachine.com\/wp-content\/uploads\/2022\/07\/plastic-crusher-for-pppe.webp\" alt=\"concasseur en plastique pour ppp\" class=\"wp-image-1323\" srcset=\"https:\/\/www.plasticgranularmachine.com\/wp-content\/uploads\/2022\/07\/plastic-crusher-for-pppe.webp 720w, https:\/\/www.plasticgranularmachine.com\/wp-content\/uploads\/2022\/07\/plastic-crusher-for-pppe-300x225.webp 300w, https:\/\/www.plasticgranularmachine.com\/wp-content\/uploads\/2022\/07\/plastic-crusher-for-pppe-16x12.webp 16w\" sizes=\"auto, (max-width: 720px) 100vw, 720px\" \/><figcaption class=\"wp-element-caption\">concasseur en plastique pour ppp<\/figcaption><\/figure> <\/div>   <h3 class=\"wp-block-heading\">Machine \u00e0 laver les films plastiques<\/h3>    <p class=\"translation-block\">La <strong><a href=\"https:\/\/www.plasticgranularmachine.com\/fr\/product\/pet-flakes-washing-machine\/\" data-type=\"link\" data-id=\"https:\/\/www.plasticgranularmachine.com\/product\/pet-flakes-washing-machine\/\">machine \u00e0 laver les films plastiques<\/a><\/strong> est utilis\u00e9e pour nettoyer \u00e0 nouveau le film plastique. Nous savons tous qu'il y a beaucoup d'impuret\u00e9s dans le film plastique recycl\u00e9. Des mati\u00e8res premi\u00e8res non propres affecteront gravement l'effet de granulation ult\u00e9rieur. Par cons\u00e9quent, nous avons sp\u00e9cialement configur\u00e9 un r\u00e9servoir de nettoyage de film plastique pour nettoyer \u00e0 nouveau le film plastique. L'agitateur dent\u00e9 \u00e0 l'int\u00e9rieur de la machine peut pousser les d\u00e9bris plastiques vers l'avant. Par cons\u00e9quent, cela peut r\u00e9duire davantage les ressources humaines.<\/p>   <div class=\"wp-block-image\"> <figure class=\"aligncenter size-full\"><img loading=\"lazy\" decoding=\"async\" width=\"720\" height=\"540\" src=\"https:\/\/www.plasticgranularmachine.com\/wp-content\/uploads\/2022\/06\/plastic-washing-machine.webp\" alt=\"machine \u00e0 laver le plastique\" class=\"wp-image-1332\" srcset=\"https:\/\/www.plasticgranularmachine.com\/wp-content\/uploads\/2022\/06\/plastic-washing-machine.webp 720w, https:\/\/www.plasticgranularmachine.com\/wp-content\/uploads\/2022\/06\/plastic-washing-machine-300x225.webp 300w, https:\/\/www.plasticgranularmachine.com\/wp-content\/uploads\/2022\/06\/plastic-washing-machine-16x12.webp 16w\" sizes=\"auto, (max-width: 720px) 100vw, 720px\" \/><figcaption class=\"wp-element-caption\">machine \u00e0 laver le plastique<\/figcaption><\/figure> <\/div>   <h3 class=\"wp-block-heading\">D\u00e9shydrateur de film plastique<\/h3>    <p class=\"translation-block\">Chez <a href=\"https:\/\/www.plasticgranularmachine.com\/fr\/\">Efficient plastic machinery<\/a>, nous avons des <strong><a href=\"https:\/\/www.plasticgranularmachine.com\/fr\/product\/pet-flakes-dryer\/\" data-type=\"link\" data-id=\"https:\/\/www.plasticgranularmachine.com\/product\/pet-flakes-dryer\/\">d\u00e9shydrateurs plastiques horizontaux <\/a><\/strong>et des d\u00e9shydrateurs verticaux. Si vous avez une petite usine, vous pouvez choisir un d\u00e9shydrateur vertical. Le <strong><a href=\"https:\/\/www.plasticgranularmachine.com\/fr\/product\/plastic-film-dryer-machine\/\" data-type=\"link\" data-id=\"https:\/\/www.plasticgranularmachine.com\/product\/plastic-film-dryer-machine\/\">d\u00e9shydrateur vertical <\/a><\/strong>a les fonctions de nettoyage puissant par cyclone, de transport automatique, de d\u00e9shydratation centrifuge \u00e0 grande vitesse, etc. Par cons\u00e9quent, il peut s\u00e9cher les mat\u00e9riaux en peu de temps. Avec l'aide d'un d\u00e9shydrateur vertical, la teneur en eau du film plastique peut \u00eatre inf\u00e9rieure \u00e0 2,5 %.<\/p>   <div class=\"wp-block-image\"> <figure class=\"aligncenter size-full\"><img loading=\"lazy\" decoding=\"async\" width=\"720\" height=\"540\" src=\"https:\/\/www.plasticgranularmachine.com\/wp-content\/uploads\/2022\/07\/vertical-plastic-dewatering-machine.webp\" alt=\"machine de d\u00e9shydratation verticale en plastique\" class=\"wp-image-1324\" srcset=\"https:\/\/www.plasticgranularmachine.com\/wp-content\/uploads\/2022\/07\/vertical-plastic-dewatering-machine.webp 720w, https:\/\/www.plasticgranularmachine.com\/wp-content\/uploads\/2022\/07\/vertical-plastic-dewatering-machine-300x225.webp 300w, https:\/\/www.plasticgranularmachine.com\/wp-content\/uploads\/2022\/07\/vertical-plastic-dewatering-machine-16x12.webp 16w\" sizes=\"auto, (max-width: 720px) 100vw, 720px\" \/><figcaption class=\"wp-element-caption\">machine de d\u00e9shydratation verticale en plastique<\/figcaption><\/figure> <\/div>   <h3 class=\"wp-block-heading\">Granulateur de film plastique<\/h3>    <p class=\"translation-block\">Le <strong><a href=\"https:\/\/www.plasticgranularmachine.com\/fr\/product\/plastic-film-granulator\/\" data-type=\"link\" data-id=\"https:\/\/www.plasticgranularmachine.com\/product\/plastic-film-granulator\/\">granulateur de film plastique<\/a><\/strong> est l'\u00e9quipement cl\u00e9 de la ligne de recyclage de film plastique. Il peut faire fondre les films plastiques PP et PE et les extruder en bandes. Le granulateur plastique adopte un syst\u00e8me de contr\u00f4le automatique de la temp\u00e9rature et un syst\u00e8me de chauffage \u00e9lectromagn\u00e9tique. Par cons\u00e9quent, il a les caract\u00e9ristiques de faible consommation d'\u00e9lectricit\u00e9, de non-pollution et d'un haut degr\u00e9 d'automatisation. Voici le processus de production de la machine.<br>Les mat\u00e9riaux entrent dans le granulateur plastique par l'ouverture d'alimentation. Ensuite, le mat\u00e9riau fond sous l'action d'un anneau chauffant \u00e0 haute temp\u00e9rature. Ensuite, le mat\u00e9riau fondu s'\u00e9coule par la sortie de la machine principale et entre dans la machine granulateur auxiliaire. Sous l'extrusion de la machine auxiliaire, la bande plastique est extrud\u00e9e par la fili\u00e8re de la t\u00eate de machine.<\/p>   <div class=\"wp-block-image\"> <figure class=\"aligncenter size-full\"><img loading=\"lazy\" decoding=\"async\" width=\"720\" height=\"540\" src=\"https:\/\/www.plasticgranularmachine.com\/wp-content\/uploads\/2022\/07\/plastic-granulator.webp\" alt=\"granulateur en plastique\" class=\"wp-image-1325\" srcset=\"https:\/\/www.plasticgranularmachine.com\/wp-content\/uploads\/2022\/07\/plastic-granulator.webp 720w, https:\/\/www.plasticgranularmachine.com\/wp-content\/uploads\/2022\/07\/plastic-granulator-300x225.webp 300w, https:\/\/www.plasticgranularmachine.com\/wp-content\/uploads\/2022\/07\/plastic-granulator-16x12.webp 16w\" sizes=\"auto, (max-width: 720px) 100vw, 720px\" \/><figcaption class=\"wp-element-caption\">granulateur en plastique<\/figcaption><\/figure> <\/div>   <h3 class=\"wp-block-heading\">Machine de d\u00e9coupe de granul\u00e9s<\/h3>    <p>Le granulateur de film plastique peut faire fondre le film plastique et extruder la bande de plastique. La machine \u00e0 d\u00e9couper les pellets est une machine qui coupe des bandes de plastique en particules de plastique. Le but est de faciliter le stockage. Le coupeur de la machine de d\u00e9coupe de granul\u00e9s de plastique est en carbure c\u00e9ment\u00e9. Il pr\u00e9sente donc une grande r\u00e9sistance \u00e0 l\u2019usure.<\/p>   <div class=\"wp-block-image\"> <figure class=\"aligncenter size-full\"><img loading=\"lazy\" decoding=\"async\" width=\"720\" height=\"540\" src=\"https:\/\/www.plasticgranularmachine.com\/wp-content\/uploads\/2022\/07\/Pellet-cutting-machine1.webp\" alt=\"Machine de d\u00e9coupe de granul\u00e9s\" class=\"wp-image-1326\" srcset=\"https:\/\/www.plasticgranularmachine.com\/wp-content\/uploads\/2022\/07\/Pellet-cutting-machine1.webp 720w, https:\/\/www.plasticgranularmachine.com\/wp-content\/uploads\/2022\/07\/Pellet-cutting-machine1-300x225.webp 300w, https:\/\/www.plasticgranularmachine.com\/wp-content\/uploads\/2022\/07\/Pellet-cutting-machine1-16x12.webp 16w\" sizes=\"auto, (max-width: 720px) 100vw, 720px\" \/><figcaption class=\"wp-element-caption\">Machine de d\u00e9coupe de granul\u00e9s<\/figcaption><\/figure> <\/div>   <h2 class=\"wp-block-heading\">Avantages de la machine efficace de recyclage de films plastiques<\/h2>    <ol class=\"wp-block-list\"> <li>Un service personnalis\u00e9 unique. Nous pouvons vous aider \u00e0 concevoir une ligne de production de pellets de 200kg\/h \u00e0 3000kg\/h.<\/li>    <li>La consommation d'\u00e9nergie de l'ensemble de la cha\u00eene de production est faible.<\/li>    <li>Nous pouvons vous proposer des solutions \u00e0 petit budget pour les clients ayant des co\u00fbts \u00e0 petit budget.<\/li>    <li>Les machines automatiques de recyclage de films plastiques pr\u00e9sentent les caract\u00e9ristiques d\u2019une efficacit\u00e9 de production \u00e9lev\u00e9e et d\u2019une r\u00e9duction des co\u00fbts de main-d\u2019\u0153uvre.<\/li>    <li>10 ans d'exp\u00e9rience dans la production d'\u00e9quipements de recyclage du plastique.<\/li> <\/ol>   <div class=\"wp-block-image\"> <figure class=\"aligncenter size-full\"><img loading=\"lazy\" decoding=\"async\" width=\"720\" height=\"540\" src=\"https:\/\/www.plasticgranularmachine.com\/wp-content\/uploads\/2022\/06\/finished-products.jpg\" alt=\"produits finis\" class=\"wp-image-108\" srcset=\"https:\/\/www.plasticgranularmachine.com\/wp-content\/uploads\/2022\/06\/finished-products.jpg 720w, https:\/\/www.plasticgranularmachine.com\/wp-content\/uploads\/2022\/06\/finished-products-300x225.jpg 300w\" sizes=\"auto, (max-width: 720px) 100vw, 720px\" \/><figcaption class=\"wp-element-caption\">produits finis<\/figcaption><\/figure> <\/div>   <h2 class=\"wp-block-heading\">Vid\u00e9o d'une ligne de recyclage de films plastiques<\/h2>    <figure class=\"wp-block-embed is-type-video is-provider-youtube wp-block-embed-youtube wp-embed-aspect-16-9 wp-has-aspect-ratio\"><div class=\"wp-block-embed__wrapper\"> <iframe loading=\"lazy\" title=\"Ligne de recyclage de films plastiques de haute qualit\u00e9\u00a0: commencez votre voyage \u00e9cologique\" width=\"500\" height=\"281\" src=\"https:\/\/www.youtube.com\/embed\/zRuD5tD5Ohc?feature=oembed\" frameborder=\"0\" allow=\"accelerometer; autoplay; clipboard-write; encrypted-media; gyroscope; picture-in-picture; web-share\" referrerpolicy=\"strict-origin-when-cross-origin\" allowfullscreen><\/iframe> <\/div><\/figure>    <h2 class=\"wp-block-heading\">Quel type de film plastique peut-on recycler ?<\/h2>    <ol class=\"wp-block-list\"> <li>Film agricole. Le film agricole comprend principalement le film de paillis et le film de serre. Le film de paillage est principalement un film PE. Le coffrage du hangar est dot\u00e9 de films PE, PE\/EVA et PVC.<\/li>    <li>Film d'emballage. Les mat\u00e9riaux du film d'emballage comprennent la cellophane, le PE, <a href=\"https:\/\/en.wikipedia.org\/wiki\/Polyvinyl_chloride\" target=\"_blank\" rel=\"noopener\">PVC<\/a>, PP, EVA, PVDC, PA, PET et divers films composites.<\/li>    <li>Film composite aluminium-plastique. Les films composites aluminium-plastique comprennent le Bopp\/aluminium, le pe\/aluminium, etc. Ils constituent la mati\u00e8re premi\u00e8re pour l'emballage de divers aliments.<\/li>    <li>Film PET. Dans l\u2019industrie du plastique, le PET est la principale mati\u00e8re premi\u00e8re pour les films et les bouteilles. <\/li> <\/ol>    <h2 class=\"wp-block-heading\">Cas r\u00e9ussis de machine de recyclage de granulation de plastique<\/h2>    <p>Nous avons conclu avec succ\u00e8s de nombreux contrats de machines de recyclage de granulation de plastique et nous avons des partenaires partout dans le monde. Nous sommes fiers de servir de nombreux pays, dont Oman, le Nig\u00e9ria, l\u2019Arabie saoudite, le Kenya et la C\u00f4te d\u2019Ivoire, et avons apport\u00e9 une contribution positive \u00e0 l\u2019industrie du recyclage du plastique dans ces r\u00e9gions.<\/p>    <figure class=\"wp-block-gallery has-nested-images columns-default is-cropped wp-block-gallery-2 is-layout-flex wp-block-gallery-is-layout-flex\"> <figure class=\"wp-block-image size-full\"><img loading=\"lazy\" decoding=\"async\" width=\"720\" height=\"540\" data-id=\"1331\" src=\"https:\/\/www.plasticgranularmachine.com\/wp-content\/uploads\/2022\/06\/pelletizing-machine-for-plastic-recycling.webp\" alt=\"machine de granulation pour le recyclage du plastique\" class=\"wp-image-1331\" srcset=\"https:\/\/www.plasticgranularmachine.com\/wp-content\/uploads\/2022\/06\/pelletizing-machine-for-plastic-recycling.webp 720w, https:\/\/www.plasticgranularmachine.com\/wp-content\/uploads\/2022\/06\/pelletizing-machine-for-plastic-recycling-300x225.webp 300w, https:\/\/www.plasticgranularmachine.com\/wp-content\/uploads\/2022\/06\/pelletizing-machine-for-plastic-recycling-16x12.webp 16w\" sizes=\"auto, (max-width: 720px) 100vw, 720px\" \/><figcaption class=\"wp-element-caption\">machine de granulation pour le recyclage du plastique<\/figcaption><\/figure>    <figure class=\"wp-block-image size-large\"><img loading=\"lazy\" decoding=\"async\" width=\"720\" height=\"540\" data-id=\"1335\" src=\"https:\/\/www.plasticgranularmachine.com\/wp-content\/uploads\/2022\/06\/pelletizing-machine-for-plastic-recycling-ship-to-Nigeria.webp\" alt=\"machine de granulation pour navire de recyclage de plastique au Nigeria\" class=\"wp-image-1335\" srcset=\"https:\/\/www.plasticgranularmachine.com\/wp-content\/uploads\/2022\/06\/pelletizing-machine-for-plastic-recycling-ship-to-Nigeria.webp 720w, https:\/\/www.plasticgranularmachine.com\/wp-content\/uploads\/2022\/06\/pelletizing-machine-for-plastic-recycling-ship-to-Nigeria-300x225.webp 300w, https:\/\/www.plasticgranularmachine.com\/wp-content\/uploads\/2022\/06\/pelletizing-machine-for-plastic-recycling-ship-to-Nigeria-16x12.webp 16w\" sizes=\"auto, (max-width: 720px) 100vw, 720px\" \/><figcaption class=\"wp-element-caption\">machine de granulation pour navire de recyclage de plastique au Nigeria<\/figcaption><\/figure> <\/figure>    <p>Le client de la C\u00f4te d'Ivoire a achet\u00e9 une machine \u00e0 granuler en plastique Efficient Machinery pour le recyclage des bouteilles en plastique HDPE et PP. Maintenant, toute la ligne de granulation plastique fonctionne avec succ\u00e8s. La vid\u00e9o suivante a \u00e9t\u00e9 r\u00e9alis\u00e9e par les travailleurs de l'usine en C\u00f4te d'Ivoire.<\/p>   <div class=\"wp-block-image\"> <figure class=\"aligncenter size-full\"><img loading=\"lazy\" decoding=\"async\" width=\"720\" height=\"540\" src=\"https:\/\/www.plasticgranularmachine.com\/wp-content\/uploads\/2022\/06\/Positive-feedback-from-clients-in-Cote-dIvoire.webp\" alt=\"Retours positifs des clients en C\u00f4te d&#039;Ivoire\" class=\"wp-image-1334\" srcset=\"https:\/\/www.plasticgranularmachine.com\/wp-content\/uploads\/2022\/06\/Positive-feedback-from-clients-in-Cote-dIvoire.webp 720w, https:\/\/www.plasticgranularmachine.com\/wp-content\/uploads\/2022\/06\/Positive-feedback-from-clients-in-Cote-dIvoire-300x225.webp 300w, https:\/\/www.plasticgranularmachine.com\/wp-content\/uploads\/2022\/06\/Positive-feedback-from-clients-in-Cote-dIvoire-16x12.webp 16w\" sizes=\"auto, (max-width: 720px) 100vw, 720px\" \/><figcaption class=\"wp-element-caption\">Retour positif des clients en C\u00f4te d'Ivoire<\/figcaption><\/figure> <\/div>   <figure class=\"wp-block-embed is-type-video is-provider-youtube wp-block-embed-youtube wp-embed-aspect-16-9 wp-has-aspect-ratio\"><div class=\"wp-block-embed__wrapper\"> <iframe loading=\"lazy\" title=\"Commentaires des clients! Processus de fabrication de granul\u00e9s HDPE en C\u00f4te d&#039;Ivoire\" width=\"500\" height=\"281\" src=\"https:\/\/www.youtube.com\/embed\/44dq-0uQ3V0?start=12&#038;feature=oembed\" frameborder=\"0\" allow=\"accelerometer; autoplay; clipboard-write; encrypted-media; gyroscope; picture-in-picture; web-share\" referrerpolicy=\"strict-origin-when-cross-origin\" allowfullscreen><\/iframe> <\/div><\/figure>    <p>Il y a plusieurs mois, un client d'Oman a achet\u00e9 une machine de granulation de plastique d'Efficient Group. Les machines sont d\u00e9sormais d\u00e9j\u00e0 arriv\u00e9es \u00e0 Oman.<\/p>    <figure class=\"wp-block-embed is-type-video is-provider-youtube wp-block-embed-youtube wp-embed-aspect-16-9 wp-has-aspect-ratio\"><div class=\"wp-block-embed__wrapper\"> <iframe loading=\"lazy\" title=\"Toutes nos f\u00e9licitations! l&#039;unit\u00e9 de granulation de plastique a \u00e9t\u00e9 envoy\u00e9e \u00e0 Oman avec succ\u00e8s\" width=\"500\" height=\"281\" src=\"https:\/\/www.youtube.com\/embed\/1toctzBcHWE?feature=oembed\" frameborder=\"0\" allow=\"accelerometer; autoplay; clipboard-write; encrypted-media; gyroscope; picture-in-picture; web-share\" referrerpolicy=\"strict-origin-when-cross-origin\" allowfullscreen><\/iframe> <\/div><\/figure>    <h2 class=\"wp-block-heading\">Obtenez votre propre incroyable usine de recyclage de plastique\u00a0!<\/h2>    <p>Lorsque nos clients re\u00e7oivent nos machines de granulation, ils expriment un haut niveau de satisfaction. Certains clients ont m\u00eame enregistr\u00e9 des vid\u00e9os de commentaires sp\u00e9cialement pour nous, partageant leur affirmation sur les performances et l\u2019efficacit\u00e9 de la machine. <\/p>    <p>Si vous \u00eates int\u00e9ress\u00e9 par les machines de recyclage de films plastiques, n'h\u00e9sitez pas \u00e0 nous contacter d\u00e8s maintenant ! Nous vous contacterons et vous enverrons les d\u00e9tails de la machine dans les 24 heures.<\/p>","protected":false},"excerpt":{"rendered":"<p>Plastic film recycling line is a production line for recycling all kinds of plastic films, such as plastic bags and woven bags. Our plastic recycling line is very suitable for the crushing, cleaning, drying, granulation and packing of waste pe\/pp films. With the help of this production line, you can easily get clean plastic pellets. [&hellip;]<\/p>\n","protected":false},"author":1,"featured_media":1222,"parent":0,"template":"","tags":[41],"product-type":[10],"class_list":["post-41","product","type-product","status-publish","has-post-thumbnail","hentry","tag-plastic-film-recycling","product-type-solutions"],"_links":{"self":[{"href":"https:\/\/www.plasticgranularmachine.com\/fr\/wp-json\/wp\/v2\/product\/41","targetHints":{"allow":["GET"]}}],"collection":[{"href":"https:\/\/www.plasticgranularmachine.com\/fr\/wp-json\/wp\/v2\/product"}],"about":[{"href":"https:\/\/www.plasticgranularmachine.com\/fr\/wp-json\/wp\/v2\/types\/product"}],"author":[{"embeddable":true,"href":"https:\/\/www.plasticgranularmachine.com\/fr\/wp-json\/wp\/v2\/users\/1"}],"wp:featuredmedia":[{"embeddable":true,"href":"https:\/\/www.plasticgranularmachine.com\/fr\/wp-json\/wp\/v2\/media\/1222"}],"wp:attachment":[{"href":"https:\/\/www.plasticgranularmachine.com\/fr\/wp-json\/wp\/v2\/media?parent=41"}],"wp:term":[{"taxonomy":"post_tag","embeddable":true,"href":"https:\/\/www.plasticgranularmachine.com\/fr\/wp-json\/wp\/v2\/tags?post=41"},{"taxonomy":"product-type","embeddable":true,"href":"https:\/\/www.plasticgranularmachine.com\/fr\/wp-json\/wp\/v2\/product-type?post=41"}],"curies":[{"name":"wp","href":"https:\/\/api.w.org\/{rel}","templated":true}]}}