{"id":425,"date":"2022-11-28T16:48:30","date_gmt":"2022-11-28T08:48:30","guid":{"rendered":"https:\/\/www.plasticgranularmachine.com\/?post_type=product&#038;p=425"},"modified":"2025-03-31T11:25:11","modified_gmt":"2025-03-31T03:25:11","slug":"eps-hot-melting-recycling-machine","status":"publish","type":"product","link":"https:\/\/www.plasticgranularmachine.com\/fr\/product\/eps-hot-melting-recycling-machine\/","title":{"rendered":"\u00a0Machine de recyclage par fusion \u00e0 chaud EPS\u00a0| Machine de fusion de mousse EPS"},"content":{"rendered":"<p>La machine de recyclage par fusion \u00e0 chaud EPS peut comprimer et faire fondre le bloc de mousse EPS en une longue bande de mousse avec un faible encombrement. La mousse de polystyr\u00e8ne fondue peut \u00eatre utilis\u00e9e pour fabriquer d\u2019autres produits en plastique.<\/p>    <p class=\"translation-block\">La machine de recyclage \u00e0 fusion chaude EPS, \u00e9galement appel\u00e9e machine de fusion de mousse EPS, est un \u00e9quipement important dans la <a href=\"https:\/\/www.plasticgranularmachine.com\/fr\/product\/eps-recycling-machine\/\">machine de recyclage EPS<\/a> et joue un r\u00f4le crucial dans le processus de recyclage de l'EPS. Beaucoup de gens ne savent pas que la mousse peut \u00eatre fondue et que la temp\u00e9rature de fusion de l'EPS est de 150 degr\u00e9s. <\/p>   <div class=\"wp-block-image\"> <figure class=\"aligncenter size-full is-resized\"><img loading=\"lazy\" decoding=\"async\" width=\"720\" height=\"540\" src=\"https:\/\/www.plasticgranularmachine.com\/wp-content\/uploads\/2022\/11\/EPS-Hot-Melting-Recycling-Machine-2.webp\" alt=\"Machine de recyclage de fusion \u00e0 chaud EPS\" class=\"wp-image-1049\" style=\"width:720px;height:auto\" srcset=\"https:\/\/www.plasticgranularmachine.com\/wp-content\/uploads\/2022\/11\/EPS-Hot-Melting-Recycling-Machine-2.webp 720w, https:\/\/www.plasticgranularmachine.com\/wp-content\/uploads\/2022\/11\/EPS-Hot-Melting-Recycling-Machine-2-300x225.webp 300w, https:\/\/www.plasticgranularmachine.com\/wp-content\/uploads\/2022\/11\/EPS-Hot-Melting-Recycling-Machine-2-16x12.webp 16w\" sizes=\"auto, (max-width: 720px) 100vw, 720px\" \/><figcaption class=\"wp-element-caption\">Machine de recyclage de fusion \u00e0 chaud EPS<\/figcaption><\/figure> <\/div>   <h2 class=\"wp-block-heading\">Pourquoi utiliser la machine de recyclage par fusion \u00e0 chaud EPS\u00a0?<\/h2>    <p>Alors que les pays accordent davantage d\u2019attention \u00e0 la protection de l\u2019environnement, l\u2019industrie du recyclage des d\u00e9chets plastiques se d\u00e9veloppe rapidement. Outre les films plastiques et les bouteilles en plastique, de plus en plus de personnes se lancent dans le recyclage du polystyr\u00e8ne expans\u00e9. La mousse EPS est largement utilis\u00e9e dans l\u2019industrie de l\u2019emballage, mais elle est encombrante et difficile \u00e0 transporter. <\/p>    <p class=\"translation-block\">Pour rendre le polystyr\u00e8ne expans\u00e9 facile \u00e0 transporter, <a href=\"https:\/\/www.plasticgranularmachine.com\/fr\/\">Efficient Machinery<\/a> a d\u00e9velopp\u00e9 une nouvelle machine capable de fondre et de compacter rapidement la mousse EPS usag\u00e9e. La mousse EPS fondue est facile \u00e0 transporter et \u00e0 stocker. De plus, la mousse fondue peut aller directement au syst\u00e8me de broyage de mousse EPS dans la ligne de processus de recyclage de l'EPS.<\/p>   <div class=\"wp-block-image\"> <figure class=\"aligncenter size-full\"><img loading=\"lazy\" decoding=\"async\" width=\"720\" height=\"540\" src=\"https:\/\/www.plasticgranularmachine.com\/wp-content\/uploads\/2022\/11\/EPS-foam-melting-machine.webp\" alt=\"Machine de fusion de mousse EPS\" class=\"wp-image-1168\" srcset=\"https:\/\/www.plasticgranularmachine.com\/wp-content\/uploads\/2022\/11\/EPS-foam-melting-machine.webp 720w, https:\/\/www.plasticgranularmachine.com\/wp-content\/uploads\/2022\/11\/EPS-foam-melting-machine-300x225.webp 300w, https:\/\/www.plasticgranularmachine.com\/wp-content\/uploads\/2022\/11\/EPS-foam-melting-machine-16x12.webp 16w\" sizes=\"auto, (max-width: 720px) 100vw, 720px\" \/><figcaption class=\"wp-element-caption\">Machine de fusion de mousse EPS<\/figcaption><\/figure> <\/div>   <h2 class=\"wp-block-heading\">Avantages de la machine de fusion \u00e0 chaud EPS<\/h2>    <ol class=\"wp-block-list\"> <li>La machine de recyclage par fusion \u00e0 chaud EPS pr\u00e9sente les caract\u00e9ristiques d'un fonctionnement simple, d'un faible encombrement et d'un transport pratique des produits finis.<\/li>    <li>La fonction de contr\u00f4le automatique de la temp\u00e9rature peut \u00e9viter les anomalies dans le processus de travail afin d'obtenir l'effet de fusion attendu.<\/li>    <li>La puissance de la machine est comprise entre 18,5 et 22,5 kW. Avec des fonctionnalit\u00e9s d'\u00e9conomie d'\u00e9nergie et d'\u00e9conomie d'\u00e9nergie.<\/li>    <li>Une vari\u00e9t\u00e9 de machines de fusion \u00e0 chaud EPS \u00e0 sortie diff\u00e9rente \u00e0 vendre (100 kg par heure \u00e0 250 kg par heure). Les clients peuvent choisir la bonne machine en fonction de leurs besoins.<\/li>    <li>La machine EPS ne modifiera pas les propri\u00e9t\u00e9s physiques de la mousse EPS, ce qui favorise un recyclage ult\u00e9rieur.<\/li>    <li>La machine est fabriqu\u00e9e dans un mat\u00e9riau de haute qualit\u00e9, qui a une longue dur\u00e9e de vie et une r\u00e9sistance \u00e0 l'usure<\/li> <\/ol>   <div class=\"wp-block-image\"> <figure class=\"aligncenter size-full\"><img loading=\"lazy\" decoding=\"async\" width=\"720\" height=\"540\" src=\"https:\/\/www.plasticgranularmachine.com\/wp-content\/uploads\/2022\/11\/styrofoam-densifier-in-plant.webp\" alt=\"densificateur de polystyr\u00e8ne en usine\" class=\"wp-image-1169\" srcset=\"https:\/\/www.plasticgranularmachine.com\/wp-content\/uploads\/2022\/11\/styrofoam-densifier-in-plant.webp 720w, https:\/\/www.plasticgranularmachine.com\/wp-content\/uploads\/2022\/11\/styrofoam-densifier-in-plant-300x225.webp 300w, https:\/\/www.plasticgranularmachine.com\/wp-content\/uploads\/2022\/11\/styrofoam-densifier-in-plant-16x12.webp 16w\" sizes=\"auto, (max-width: 720px) 100vw, 720px\" \/><figcaption class=\"wp-element-caption\">densificateur de polystyr\u00e8ne en usine<\/figcaption><\/figure> <\/div>   <h2 class=\"wp-block-heading\">Vid\u00e9o de la machine de fusion de mousse EPS<\/h2>    <figure class=\"wp-block-embed is-type-video is-provider-youtube wp-block-embed-youtube wp-embed-aspect-16-9 wp-has-aspect-ratio\"><div class=\"wp-block-embed__wrapper\"> <iframe loading=\"lazy\" title=\"Machine de recyclage de fusion \u00e0 chaud EPS | Comment fonctionne une machine de recyclage par fusion \u00e0 chaud EPS\u00a0?\" width=\"500\" height=\"281\" src=\"https:\/\/www.youtube.com\/embed\/V0gvqkG6NeY?feature=oembed\" frameborder=\"0\" allow=\"accelerometer; autoplay; clipboard-write; encrypted-media; gyroscope; picture-in-picture; web-share\" referrerpolicy=\"strict-origin-when-cross-origin\" allowfullscreen><\/iframe> <\/div><figcaption class=\"wp-element-caption\">Processus de travail de la machine de recyclage de fusion \u00e0 chaud EPS<\/figcaption><\/figure>    <h2 class=\"wp-block-heading\">Champ d'application de la machine de fusion de mousse EPS<\/h2>    <p class=\"translation-block\">Cette machine de recyclage \u00e0 fusion chaude EPS peut fondre et agglom\u00e9rer de nombreux types de mat\u00e9riaux en mousse tels que l'EPS, l'EPP, l'EPE et <a href=\"https:\/\/en.wikipedia.org\/wiki\/Ethylene-vinyl_acetate\" target=\"_blank\" rel=\"noopener\">EVA<\/a> \u00e0 des temp\u00e9ratures \u00e9lev\u00e9es. Les mat\u00e9riaux en mousse courants sont les bo\u00eetes de restauration rapide, les bo\u00eetes d'emballage, etc. Ainsi, la machine est adapt\u00e9e \u00e0 diverses usines de recyclage de plastique.<\/p>    <p class=\"translation-block\">Elle est g\u00e9n\u00e9ralement utilis\u00e9e avec un <a href=\"https:\/\/www.plasticgranularmachine.com\/fr\/product\/foam-crushing-machine\/\" data-type=\"link\" data-id=\"https:\/\/www.plasticgranularmachine.com\/product\/foam-crushing-machine\/\">broyeur de mousse<\/a> pour pr\u00e9traiter la mousse avant la granulation. Les machines de recyclage \u00e0 fusion chaude EPS sont propos\u00e9es en diff\u00e9rents mod\u00e8les pour r\u00e9pondre aux besoins de production de diff\u00e9rentes lignes de recyclage de mousse.<\/p>   <div class=\"wp-block-image\"> <figure class=\"aligncenter size-full\"><img loading=\"lazy\" decoding=\"async\" width=\"750\" height=\"795\" src=\"https:\/\/www.plasticgranularmachine.com\/wp-content\/uploads\/2022\/11\/application-scope.webp\" alt=\"champ d&#039;application\" class=\"wp-image-428\" srcset=\"https:\/\/www.plasticgranularmachine.com\/wp-content\/uploads\/2022\/11\/application-scope.webp 750w, https:\/\/www.plasticgranularmachine.com\/wp-content\/uploads\/2022\/11\/application-scope-283x300.webp 283w\" sizes=\"auto, (max-width: 750px) 100vw, 750px\" \/><figcaption class=\"wp-element-caption\">champ d'application<\/figcaption><\/figure> <\/div>   <h2 class=\"wp-block-heading\">Quel est le principe de fonctionnement de la machine ?<\/h2>    <p>La machine thermofusible \u00e0 mousse adopte principalement la structure d'une plaque d'\u00e9tirage, et la chaleur de la plaque chauffante est transmise \u00e0 la surface fondue du plastique sup\u00e9rieur et inf\u00e9rieur par la m\u00e9thode de chauffage \u00e9lectrique. <\/p>    <p>Ensuite, il fait fondre sa surface, puis fusionne et solidifie la surface fondue des pi\u00e8ces chauffantes sup\u00e9rieure et inf\u00e9rieure, puis les combine en une seule. <\/p>    <p>L'ensemble du corps de la machine se pr\u00e9sente sous la forme d'un ch\u00e2ssis, compos\u00e9 principalement de trois plaques : le gabarit sup\u00e9rieur, le gabarit inf\u00e9rieur et le gabarit chaud. <\/p>    <p>La machine de recyclage par fusion \u00e0 chaud EPS repose principalement sur une commande pneumatique. Lors du soudage, la pi\u00e8ce est plac\u00e9e dans les moules \u00e0 deux cavit\u00e9s et la plaque chauffante est plac\u00e9e entre la mousse. Lorsque la temp\u00e9rature de la plaque chauffante augmente, la mousse EPS commence \u00e0 fondre.<\/p>   <div class=\"wp-block-image\"> <figure class=\"aligncenter size-full\"><img loading=\"lazy\" decoding=\"async\" width=\"720\" height=\"540\" src=\"https:\/\/www.plasticgranularmachine.com\/wp-content\/uploads\/2022\/11\/eps-hot-melting-machine.webp\" alt=\"machine de fusion chaude d&#039;EPS\" class=\"wp-image-429\" srcset=\"https:\/\/www.plasticgranularmachine.com\/wp-content\/uploads\/2022\/11\/eps-hot-melting-machine.webp 720w, https:\/\/www.plasticgranularmachine.com\/wp-content\/uploads\/2022\/11\/eps-hot-melting-machine-300x225.webp 300w\" sizes=\"auto, (max-width: 720px) 100vw, 720px\" \/><figcaption class=\"wp-element-caption\">Machine de fusion \u00e0 chaud EPS<\/figcaption><\/figure> <\/div>   <h2 class=\"wp-block-heading\">Donn\u00e9es techniques de la machine de recyclage par fusion \u00e0 chaud EPS<\/h2>    <figure class=\"wp-block-table\"><table><tbody><tr><td>Taper<\/td><td>Dimensions ext\u00e9rieures (mm)<\/td><td>Taille du port d'alimentation (mm)<\/td><td>Puissance d'entr\u00e9e (kW)<\/td><td>Capacit\u00e9 (kg\/h)<\/td><\/tr><tr><td>SL-220<\/td><td>1500*800*1450<\/td><td>450*600<\/td><td>15<\/td><td>100-150<\/td><\/tr><tr><td>SL-880<\/td><td>1580*1300*850<\/td><td>800*600<\/td><td>18.5<\/td><td>150-200<\/td><\/tr><tr><td>SL-1000<\/td><td>1900*1580*900<\/td><td>1000*700<\/td><td>22<\/td><td>200-250<\/td><\/tr><\/tbody><\/table><figcaption class=\"wp-element-caption\">Param\u00e8tres de certaines machines de fusion de polystyr\u00e8ne les plus vendues<\/figcaption><\/figure>    <p>Voici trois des machines de recyclage EPS les plus vendues d'Efficient. En plus de ces trois mod\u00e8les, nous avons \u00e9galement une vari\u00e9t\u00e9 de machines de fusion EPS \u00e0 vendre. De plus, nous proposons \u00e9galement un service personnalis\u00e9. Si vous avez besoin de cette machine, n'h\u00e9sitez pas \u00e0 nous contacter.<\/p>   <div class=\"wp-block-image\"> <figure class=\"aligncenter size-full\"><img loading=\"lazy\" decoding=\"async\" width=\"720\" height=\"540\" src=\"https:\/\/www.plasticgranularmachine.com\/wp-content\/uploads\/2022\/08\/eps-foam-after-crushing.jpg\" alt=\"mousse EPS apr\u00e8s \u00e9crasement\" class=\"wp-image-345\" srcset=\"https:\/\/www.plasticgranularmachine.com\/wp-content\/uploads\/2022\/08\/eps-foam-after-crushing.jpg 720w, https:\/\/www.plasticgranularmachine.com\/wp-content\/uploads\/2022\/08\/eps-foam-after-crushing-300x225.jpg 300w\" sizes=\"auto, (max-width: 720px) 100vw, 720px\" \/><figcaption class=\"wp-element-caption\">mousse EPS apr\u00e8s \u00e9crasement<\/figcaption><\/figure> <\/div>   <h2 class=\"wp-block-heading\">Quelque chose \u00e0 propos de l'exp\u00e9dition<\/h2>    <ul class=\"wp-block-list\"> <li>Le d\u00e9lai de livraison pour les machines personnalis\u00e9es est d'environ 20 jours.<\/li>    <li>Rapportez r\u00e9guli\u00e8rement les progr\u00e8s de la production et envoyez-vous les vid\u00e9os de la machine de test.<\/li>    <li>Exp\u00e9dier via la logistique internationale.<\/li>    <li>Nous pouvons fournir une assistance technique et des services d'installation sur site apr\u00e8s l'arriv\u00e9e des machines.<\/li>    <li>Une garantie d'un an est fournie.<\/li> <\/ul>    <p>Alors, qu'attendez-vous ? Consultez maintenant et profitez du prix r\u00e9duit. Si vous \u00eates int\u00e9ress\u00e9, n'h\u00e9sitez pas \u00e0 nous contacter pour ces machines de recyclage fiables.<\/p>","protected":false},"excerpt":{"rendered":"<p>La machine de recyclage par fusion \u00e0 chaud EPS peut compacter et faire fondre la mousse. La machine occupe un petit espace et a une efficacit\u00e9 de travail \u00e9lev\u00e9e.<\/p>","protected":false},"author":1,"featured_media":1166,"parent":0,"template":"","tags":[33],"product-type":[4],"class_list":["post-425","product","type-product","status-publish","has-post-thumbnail","hentry","tag-styrofoam-recycling","product-type-crushing-machine"],"_links":{"self":[{"href":"https:\/\/www.plasticgranularmachine.com\/fr\/wp-json\/wp\/v2\/product\/425","targetHints":{"allow":["GET"]}}],"collection":[{"href":"https:\/\/www.plasticgranularmachine.com\/fr\/wp-json\/wp\/v2\/product"}],"about":[{"href":"https:\/\/www.plasticgranularmachine.com\/fr\/wp-json\/wp\/v2\/types\/product"}],"author":[{"embeddable":true,"href":"https:\/\/www.plasticgranularmachine.com\/fr\/wp-json\/wp\/v2\/users\/1"}],"wp:featuredmedia":[{"embeddable":true,"href":"https:\/\/www.plasticgranularmachine.com\/fr\/wp-json\/wp\/v2\/media\/1166"}],"wp:attachment":[{"href":"https:\/\/www.plasticgranularmachine.com\/fr\/wp-json\/wp\/v2\/media?parent=425"}],"wp:term":[{"taxonomy":"post_tag","embeddable":true,"href":"https:\/\/www.plasticgranularmachine.com\/fr\/wp-json\/wp\/v2\/tags?post=425"},{"taxonomy":"product-type","embeddable":true,"href":"https:\/\/www.plasticgranularmachine.com\/fr\/wp-json\/wp\/v2\/product-type?post=425"}],"curies":[{"name":"wp","href":"https:\/\/api.w.org\/{rel}","templated":true}]}}