{"id":436,"date":"2022-12-09T14:32:01","date_gmt":"2022-12-09T06:32:01","guid":{"rendered":"https:\/\/www.plasticgranularmachine.com\/?post_type=product&#038;p=436"},"modified":"2025-02-06T14:35:44","modified_gmt":"2025-02-06T06:35:44","slug":"plastic-film-washing-machine","status":"publish","type":"product","link":"https:\/\/www.plasticgranularmachine.com\/fr\/product\/plastic-film-washing-machine\/","title":{"rendered":"Machine \u00e0 laver les films plastiques"},"content":{"rendered":"<p class=\"translation-block\">La machine de lavage de film plastique peut nettoyer les impuret\u00e9s et les taches attach\u00e9es au film plastique et est une machine importante dans la <a href=\"https:\/\/www.plasticgranularmachine.com\/fr\/product\/plastic-film-recycling-line\/\">ligne de recyclage de film PE PP<\/a>. Elle peut rincer le film plastique. Gr\u00e2ce au nettoyage, les s\u00e9diments et la terre attach\u00e9s seront d\u00e9pos\u00e9s au fond du r\u00e9servoir. Seul le film plastique nettoy\u00e9 peut avoir un meilleur effet de granulation.<\/p>    <figure class=\"wp-block-gallery has-nested-images columns-default is-cropped wp-block-gallery-2 is-layout-flex wp-block-gallery-is-layout-flex\"> <figure class=\"wp-block-image size-full\"><img loading=\"lazy\" decoding=\"async\" width=\"720\" height=\"540\" data-id=\"1488\" src=\"https:\/\/www.plasticgranularmachine.com\/wp-content\/uploads\/2022\/12\/PP-PE-films-to-be-recycled.webp\" alt=\"PP PE Films \u00e0 recycler\" class=\"wp-image-1488\" srcset=\"https:\/\/www.plasticgranularmachine.com\/wp-content\/uploads\/2022\/12\/PP-PE-films-to-be-recycled.webp 720w, https:\/\/www.plasticgranularmachine.com\/wp-content\/uploads\/2022\/12\/PP-PE-films-to-be-recycled-300x225.webp 300w, https:\/\/www.plasticgranularmachine.com\/wp-content\/uploads\/2022\/12\/PP-PE-films-to-be-recycled-16x12.webp 16w\" sizes=\"auto, (max-width: 720px) 100vw, 720px\" \/><figcaption class=\"wp-element-caption\">PP PE Films \u00e0 recycler<\/figcaption><\/figure>    <figure class=\"wp-block-image size-large\"><img loading=\"lazy\" decoding=\"async\" width=\"720\" height=\"540\" data-id=\"1487\" src=\"https:\/\/www.plasticgranularmachine.com\/wp-content\/uploads\/2022\/12\/PP-film-recycling-line-2.webp\" alt=\"Ligne de recyclage de films PP\" class=\"wp-image-1487\" srcset=\"https:\/\/www.plasticgranularmachine.com\/wp-content\/uploads\/2022\/12\/PP-film-recycling-line-2.webp 720w, https:\/\/www.plasticgranularmachine.com\/wp-content\/uploads\/2022\/12\/PP-film-recycling-line-2-300x225.webp 300w, https:\/\/www.plasticgranularmachine.com\/wp-content\/uploads\/2022\/12\/PP-film-recycling-line-2-16x12.webp 16w\" sizes=\"auto, (max-width: 720px) 100vw, 720px\" \/><figcaption class=\"wp-element-caption\">Ligne de recyclage de films PP<\/figcaption><\/figure>    <figure class=\"wp-block-image size-full\"><img loading=\"lazy\" decoding=\"async\" width=\"720\" height=\"540\" data-id=\"1486\" src=\"https:\/\/www.plasticgranularmachine.com\/wp-content\/uploads\/2022\/12\/high-purity-plastic-film-pieces.webp\" alt=\"Pi\u00e8ces de films plastiques de haute puret\u00e9\" class=\"wp-image-1486\" srcset=\"https:\/\/www.plasticgranularmachine.com\/wp-content\/uploads\/2022\/12\/high-purity-plastic-film-pieces.webp 720w, https:\/\/www.plasticgranularmachine.com\/wp-content\/uploads\/2022\/12\/high-purity-plastic-film-pieces-300x225.webp 300w, https:\/\/www.plasticgranularmachine.com\/wp-content\/uploads\/2022\/12\/high-purity-plastic-film-pieces-16x12.webp 16w\" sizes=\"auto, (max-width: 720px) 100vw, 720px\" \/><figcaption class=\"wp-element-caption\">Pi\u00e8ces de films plastiques de haute puret\u00e9<\/figcaption><\/figure> <\/figure>    <h2 class=\"wp-block-heading\">Principe de travail de la machine \u00e0 laver en plastique<\/h2>    <p class=\"translation-block\">Le principe de la machine de lavage de film PE est tr\u00e8s simple. Il y a plusieurs plaques dent\u00e9es \u00e0 l'int\u00e9rieur de la machine de lavage de d\u00e9chets plastiques. Pendant le fonctionnement de la machine, la plaque dent\u00e9e tourne et pousse le film PP PE vers l'avant. Lorsque le mat\u00e9riau se d\u00e9place d'une extr\u00e9mit\u00e9 \u00e0 l'autre, le film plastique est rinc\u00e9. Il convient de noter que le film plastique \u00e0 nettoyer doit \u00eatre le film plastique broy\u00e9 par le <a href=\"https:\/\/www.plasticgranularmachine.com\/fr\/product\/plastic-film-crusher\/\">broyeur de film plastique<\/a>.<\/p>    <figure class=\"wp-block-gallery has-nested-images columns-default is-cropped wp-block-gallery-3 is-layout-flex wp-block-gallery-is-layout-flex\"> <figure class=\"wp-block-image size-full\"><img loading=\"lazy\" decoding=\"async\" width=\"720\" height=\"540\" data-id=\"1490\" src=\"https:\/\/www.plasticgranularmachine.com\/wp-content\/uploads\/2022\/12\/pe-film-washing-machine.webp\" alt=\"Machine \u00e0 laver du film PE\" class=\"wp-image-1490\" srcset=\"https:\/\/www.plasticgranularmachine.com\/wp-content\/uploads\/2022\/12\/pe-film-washing-machine.webp 720w, https:\/\/www.plasticgranularmachine.com\/wp-content\/uploads\/2022\/12\/pe-film-washing-machine-300x225.webp 300w, https:\/\/www.plasticgranularmachine.com\/wp-content\/uploads\/2022\/12\/pe-film-washing-machine-16x12.webp 16w\" sizes=\"auto, (max-width: 720px) 100vw, 720px\" \/><figcaption class=\"wp-element-caption\">Machine \u00e0 laver du film PE<\/figcaption><\/figure>    <figure class=\"wp-block-image size-large\"><img loading=\"lazy\" decoding=\"async\" width=\"720\" height=\"541\" data-id=\"1489\" src=\"https:\/\/www.plasticgranularmachine.com\/wp-content\/uploads\/2022\/12\/plastic-film-washing-machine-1.webp\" alt=\"machine \u00e0 laver les films plastiques\" class=\"wp-image-1489\" srcset=\"https:\/\/www.plasticgranularmachine.com\/wp-content\/uploads\/2022\/12\/plastic-film-washing-machine-1.webp 720w, https:\/\/www.plasticgranularmachine.com\/wp-content\/uploads\/2022\/12\/plastic-film-washing-machine-1-300x225.webp 300w, https:\/\/www.plasticgranularmachine.com\/wp-content\/uploads\/2022\/12\/plastic-film-washing-machine-1-16x12.webp 16w\" sizes=\"auto, (max-width: 720px) 100vw, 720px\" \/><figcaption class=\"wp-element-caption\">machine \u00e0 laver les films plastiques<\/figcaption><\/figure> <\/figure>    <figure class=\"wp-block-gallery has-nested-images columns-default is-cropped wp-block-gallery-4 is-layout-flex wp-block-gallery-is-layout-flex\"> <figure class=\"wp-block-image size-full\"><img loading=\"lazy\" decoding=\"async\" width=\"720\" height=\"540\" data-id=\"1492\" src=\"https:\/\/www.plasticgranularmachine.com\/wp-content\/uploads\/2022\/12\/rotary-pushers-of-plastic-film-washing-machine.webp\" alt=\"Pusheurs rotatifs de la machine \u00e0 laver des films en plastique\" class=\"wp-image-1492\" srcset=\"https:\/\/www.plasticgranularmachine.com\/wp-content\/uploads\/2022\/12\/rotary-pushers-of-plastic-film-washing-machine.webp 720w, https:\/\/www.plasticgranularmachine.com\/wp-content\/uploads\/2022\/12\/rotary-pushers-of-plastic-film-washing-machine-300x225.webp 300w, https:\/\/www.plasticgranularmachine.com\/wp-content\/uploads\/2022\/12\/rotary-pushers-of-plastic-film-washing-machine-16x12.webp 16w\" sizes=\"auto, (max-width: 720px) 100vw, 720px\" \/><figcaption class=\"wp-element-caption\">Pusheurs rotatifs de la machine \u00e0 laver des films en plastique<\/figcaption><\/figure>    <figure class=\"wp-block-image size-full\"><img loading=\"lazy\" decoding=\"async\" width=\"720\" height=\"540\" data-id=\"1493\" src=\"https:\/\/www.plasticgranularmachine.com\/wp-content\/uploads\/2022\/12\/toothed-plates-of-the-pe-film-washing-machine.webp\" alt=\"Plaques dent\u00e9es de la machine \u00e0 laver du film PE\" class=\"wp-image-1493\" srcset=\"https:\/\/www.plasticgranularmachine.com\/wp-content\/uploads\/2022\/12\/toothed-plates-of-the-pe-film-washing-machine.webp 720w, https:\/\/www.plasticgranularmachine.com\/wp-content\/uploads\/2022\/12\/toothed-plates-of-the-pe-film-washing-machine-300x225.webp 300w, https:\/\/www.plasticgranularmachine.com\/wp-content\/uploads\/2022\/12\/toothed-plates-of-the-pe-film-washing-machine-16x12.webp 16w\" sizes=\"auto, (max-width: 720px) 100vw, 720px\" \/><figcaption class=\"wp-element-caption\">Plaques dent\u00e9es de la machine \u00e0 laver du film PE<\/figcaption><\/figure> <\/figure>    <h2 class=\"wp-block-heading\">Param\u00e8tres de la machine \u00e0 laver du film PE<\/h2>    <p>Voici quelques param\u00e8tres des machines \u00e0 laver des films plastiques pour r\u00e9f\u00e9rence, nous vous fournirons des machines \u00e0 laver des films PP PP personnalis\u00e9s selon la production r\u00e9elle. Veuillez nous faire part de vos exigences de production!<\/p>    <figure class=\"wp-block-table aligncenter\"><table class=\"has-fixed-layout\"><tbody><tr><td>Nom<\/td><td>Machine \u00e0 laver le plastique<\/td><\/tr><tr><td>Taille<\/td><td>15-20m<\/td><\/tr><tr><td>Puissance du moteur<\/td><td>3KW<\/td><\/tr><tr><td>Mati\u00e8res premi\u00e8res<\/td><td>PP, PE, animal de compagnie, LDPE, etc.<\/td><\/tr><tr><td>Fonction<\/td><td>Nettoyer les films PP PE et am\u00e9liorer les puret\u00e9s<\/td><\/tr><tr><td>Services<\/td><td>Personnalis\u00e9, une garantie d'un an et un support technique<\/td><\/tr><\/tbody><\/table><\/figure>   <div class=\"wp-block-image\"> <figure class=\"aligncenter size-full\"><img loading=\"lazy\" decoding=\"async\" width=\"720\" height=\"540\" src=\"https:\/\/www.plasticgranularmachine.com\/wp-content\/uploads\/2022\/12\/plastic-washing-machine.webp\" alt=\"machine \u00e0 laver le plastique\" class=\"wp-image-1494\" srcset=\"https:\/\/www.plasticgranularmachine.com\/wp-content\/uploads\/2022\/12\/plastic-washing-machine.webp 720w, https:\/\/www.plasticgranularmachine.com\/wp-content\/uploads\/2022\/12\/plastic-washing-machine-300x225.webp 300w, https:\/\/www.plasticgranularmachine.com\/wp-content\/uploads\/2022\/12\/plastic-washing-machine-16x12.webp 16w\" sizes=\"auto, (max-width: 720px) 100vw, 720px\" \/><figcaption class=\"wp-element-caption\">machine \u00e0 laver le plastique<\/figcaption><\/figure> <\/div>   <h2 class=\"wp-block-heading\">Quels sont les avantages de la machine \u00e0 laver \u00e0 la ferraille en plastique?<\/h2>    <ol class=\"wp-block-list\"> <li>Le nettoyant pour plastique est en acier inoxydable, qui ne rouille pas facilement.<\/li>    <li>Des services personnalis\u00e9s peuvent \u00eatre fournis. Nous pouvons le personnaliser selon nos exigences.<\/li>    <li>Bon effet de nettoyage. Le film plastique nettoy\u00e9 est exempt d'impuret\u00e9s, sans emm\u00ealer et sans casse.<\/li>    <li>Parfaitement connect\u00e9 aux s\u00e9choirs en plastique, etc., et utilis\u00e9s ensemble pour am\u00e9liorer l'efficacit\u00e9 du recyclage des films plastiques.<\/li> <\/ol>    <figure class=\"wp-block-gallery has-nested-images columns-default is-cropped wp-block-gallery-5 is-layout-flex wp-block-gallery-is-layout-flex\"> <figure class=\"wp-block-image size-large\"><img loading=\"lazy\" decoding=\"async\" width=\"720\" height=\"540\" data-id=\"1496\" src=\"https:\/\/www.plasticgranularmachine.com\/wp-content\/uploads\/2022\/12\/plastic-scrap-washing-machine.webp\" alt=\"machine \u00e0 laver en plastique\" class=\"wp-image-1496\" srcset=\"https:\/\/www.plasticgranularmachine.com\/wp-content\/uploads\/2022\/12\/plastic-scrap-washing-machine.webp 720w, https:\/\/www.plasticgranularmachine.com\/wp-content\/uploads\/2022\/12\/plastic-scrap-washing-machine-300x225.webp 300w, https:\/\/www.plasticgranularmachine.com\/wp-content\/uploads\/2022\/12\/plastic-scrap-washing-machine-16x12.webp 16w\" sizes=\"auto, (max-width: 720px) 100vw, 720px\" \/><figcaption class=\"wp-element-caption\">machine \u00e0 laver en plastique<\/figcaption><\/figure>    <figure class=\"wp-block-image size-large\"><img loading=\"lazy\" decoding=\"async\" width=\"720\" height=\"540\" data-id=\"1495\" src=\"https:\/\/www.plasticgranularmachine.com\/wp-content\/uploads\/2022\/12\/pe-film-washing-machine-with-vertical-plastic-dryer.webp\" alt=\"Machine \u00e0 laver du film PE avec s\u00e9choir en plastique vertical\" class=\"wp-image-1495\" srcset=\"https:\/\/www.plasticgranularmachine.com\/wp-content\/uploads\/2022\/12\/pe-film-washing-machine-with-vertical-plastic-dryer.webp 720w, https:\/\/www.plasticgranularmachine.com\/wp-content\/uploads\/2022\/12\/pe-film-washing-machine-with-vertical-plastic-dryer-300x225.webp 300w, https:\/\/www.plasticgranularmachine.com\/wp-content\/uploads\/2022\/12\/pe-film-washing-machine-with-vertical-plastic-dryer-16x12.webp 16w\" sizes=\"auto, (max-width: 720px) 100vw, 720px\" \/><figcaption class=\"wp-element-caption\">Machine \u00e0 laver du film PE avec s\u00e9choir en plastique vertical<\/figcaption><\/figure> <\/figure>    <h2 class=\"wp-block-heading\">\u00c9tendue de l'application de la machine \u00e0 laver des films en plastique<\/h2>    <p class=\"translation-block\">Notre machine de lavage en plastique PP PE LDPE est non seulement adapt\u00e9e au nettoyage des films plastiques, mais aussi au nettoyage des flocons plastiques. Que votre mat\u00e9riau soit PE, <a href=\"https:\/\/en.wikipedia.org\/wiki\/Polypropylene\" target=\"_blank\" rel=\"noopener\">PP<\/a> ou PET. Cette machine peut vous aider \u00e0 le nettoyer.<\/p>    <h2 class=\"wp-block-heading\">Prix \u200b\u200bde la machine \u00e0 laver en plastique<\/h2>    <p>Le prix de la machine \u00e0 laver du film plastique est affect\u00e9 par de nombreux facteurs. Nous devons conna\u00eetre vos besoins, votre emplacement et s'il y a d'autres besoins sp\u00e9ciaux avant de pouvoir vous donner un devis exact. De plus, le prix des machines \u00e0 laver du film PE est \u00e9galement affect\u00e9 par les mati\u00e8res premi\u00e8res, les politiques d'exportation et les mod\u00e8les de machines. Par cons\u00e9quent, le prix des machines \u00e0 laver en plastique n'est pas fixe. Si le fournisseur de machines de recyclage en plastique peut vous citer sans demander aucune information, il n'est pas cr\u00e9dible.<\/p>","protected":false},"excerpt":{"rendered":"<p>The plastic film washing machine can clean the impurities and stains attached to the plastic film and is an important machine in the PE PP film recycling line. It can rinse the plastic film. Through cleaning, the attached sediment and soil will be deposited at the bottom of the tank. Only the cleaned plastic film [&hellip;]<\/p>\n","protected":false},"author":1,"featured_media":113,"parent":0,"template":"","tags":[41,39],"product-type":[6],"class_list":["post-436","product","type-product","status-publish","has-post-thumbnail","hentry","tag-plastic-film-recycling","tag-washing","product-type-washing-machine"],"_links":{"self":[{"href":"https:\/\/www.plasticgranularmachine.com\/fr\/wp-json\/wp\/v2\/product\/436","targetHints":{"allow":["GET"]}}],"collection":[{"href":"https:\/\/www.plasticgranularmachine.com\/fr\/wp-json\/wp\/v2\/product"}],"about":[{"href":"https:\/\/www.plasticgranularmachine.com\/fr\/wp-json\/wp\/v2\/types\/product"}],"author":[{"embeddable":true,"href":"https:\/\/www.plasticgranularmachine.com\/fr\/wp-json\/wp\/v2\/users\/1"}],"wp:featuredmedia":[{"embeddable":true,"href":"https:\/\/www.plasticgranularmachine.com\/fr\/wp-json\/wp\/v2\/media\/113"}],"wp:attachment":[{"href":"https:\/\/www.plasticgranularmachine.com\/fr\/wp-json\/wp\/v2\/media?parent=436"}],"wp:term":[{"taxonomy":"post_tag","embeddable":true,"href":"https:\/\/www.plasticgranularmachine.com\/fr\/wp-json\/wp\/v2\/tags?post=436"},{"taxonomy":"product-type","embeddable":true,"href":"https:\/\/www.plasticgranularmachine.com\/fr\/wp-json\/wp\/v2\/product-type?post=436"}],"curies":[{"name":"wp","href":"https:\/\/api.w.org\/{rel}","templated":true}]}}