{"id":447,"date":"2022-12-15T14:18:51","date_gmt":"2022-12-15T06:18:51","guid":{"rendered":"https:\/\/www.plasticgranularmachine.com\/?post_type=product&#038;p=447"},"modified":"2025-01-06T09:47:19","modified_gmt":"2025-01-06T01:47:19","slug":"eps-compactor-for-resycling-eps-foam","status":"publish","type":"product","link":"https:\/\/www.plasticgranularmachine.com\/fr\/product\/eps-compactor-for-resycling-eps-foam\/","title":{"rendered":"Compacteur EPS pour le recyclage du polystyr\u00e8ne polystyr\u00e8ne"},"content":{"rendered":"<p>Le compacteur EPS est \u00e9galement appel\u00e9 compacteur de polystyr\u00e8ne et compacteur de recyclage de polystyr\u00e8ne EPS. C'est une machine capable de comprimer de grands volumes de mousse en blocs de mousse \u00e0 haute densit\u00e9.<\/p>    <p>Le compacteur EPS peut r\u00e9duire le volume de mousse de 40 fois. Il pr\u00e9sente les caract\u00e9ristiques d'un degr\u00e9 \u00e9lev\u00e9 d'automatisation, d'\u00e9conomie d'\u00e9nergie et de non-pollution.<\/p>    <figure class=\"wp-block-embed is-type-video is-provider-youtube wp-block-embed-youtube wp-embed-aspect-16-9 wp-has-aspect-ratio\"><div class=\"wp-block-embed__wrapper\"> <iframe loading=\"lazy\" title=\"Vous en avez assez de la mousse EPS encombrante ? Nous avons le compacteur EPS\u00a0!\" width=\"500\" height=\"281\" src=\"https:\/\/www.youtube.com\/embed\/mx_nA33ul3w?feature=oembed\" frameborder=\"0\" allow=\"accelerometer; autoplay; clipboard-write; encrypted-media; gyroscope; picture-in-picture; web-share\" referrerpolicy=\"strict-origin-when-cross-origin\" allowfullscreen><\/iframe> <\/div><figcaption class=\"wp-element-caption\">La vid\u00e9o montre le fonctionnement d'un compacteur EPS.<\/figcaption><\/figure>    <h2 class=\"wp-block-heading\">Quels sont les avantages du compacteur de mousse efficace ?<\/h2>    <ol class=\"wp-block-list\"> <li>Le compacteur de polystyr\u00e8ne est \u00e9quip\u00e9 d'un dispositif de concassage permettant de broyer directement de grandes plaques de mousse.<\/li>    <li>La densit\u00e9 de la mousse comprim\u00e9e par le compacteur de polystyr\u00e8ne est \u00e9lev\u00e9e, ce qui peut comprimer la mousse EPS jusqu'\u00e0 40 fois.<\/li>    <li>Il y a un dispositif de r\u00e9gulation de pression \u00e0 l'extr\u00e9mit\u00e9 avant du dispositif de compression, qui peut ajuster le taux de compression.<\/li>    <li>Les blocs de mousse compress\u00e9e sont faciles \u00e0 couper, \u00e0 stocker et \u00e0 empiler.<\/li>    <li>Il n'y a aucune odeur particuli\u00e8re pendant le fonctionnement de la machine.<\/li>    <li>Les mat\u00e9riaux EPS compress\u00e9s peuvent \u00eatre recycl\u00e9s.<\/li>    <li>La taille de la machine de compactage EPS peut \u00eatre personnalis\u00e9e selon les exigences du client<\/li> <\/ol>    <figure class=\"wp-block-gallery has-nested-images columns-default is-cropped wp-block-gallery-2 is-layout-flex wp-block-gallery-is-layout-flex\"> <figure class=\"wp-block-image size-large\"><img loading=\"lazy\" decoding=\"async\" width=\"720\" height=\"540\" data-id=\"1227\" src=\"https:\/\/www.plasticgranularmachine.com\/wp-content\/uploads\/2022\/12\/eps-compactor-machine1.webp\" alt=\"machine de compactage d&#039;ENV\" class=\"wp-image-1227\" srcset=\"https:\/\/www.plasticgranularmachine.com\/wp-content\/uploads\/2022\/12\/eps-compactor-machine1.webp 720w, https:\/\/www.plasticgranularmachine.com\/wp-content\/uploads\/2022\/12\/eps-compactor-machine1-300x225.webp 300w, https:\/\/www.plasticgranularmachine.com\/wp-content\/uploads\/2022\/12\/eps-compactor-machine1-16x12.webp 16w\" sizes=\"auto, (max-width: 720px) 100vw, 720px\" \/><figcaption class=\"wp-element-caption\">machine de compactage d'ENV<\/figcaption><\/figure>    <figure class=\"wp-block-image size-large\"><img loading=\"lazy\" decoding=\"async\" width=\"720\" height=\"540\" data-id=\"1228\" src=\"https:\/\/www.plasticgranularmachine.com\/wp-content\/uploads\/2022\/12\/end-products-by-the-EPS-compactor.webp\" alt=\"produits finis par le compacteur EPS\" class=\"wp-image-1228\" srcset=\"https:\/\/www.plasticgranularmachine.com\/wp-content\/uploads\/2022\/12\/end-products-by-the-EPS-compactor.webp 720w, https:\/\/www.plasticgranularmachine.com\/wp-content\/uploads\/2022\/12\/end-products-by-the-EPS-compactor-300x225.webp 300w, https:\/\/www.plasticgranularmachine.com\/wp-content\/uploads\/2022\/12\/end-products-by-the-EPS-compactor-16x12.webp 16w\" sizes=\"auto, (max-width: 720px) 100vw, 720px\" \/><figcaption class=\"wp-element-caption\">produits finis par le compacteur EPS<\/figcaption><\/figure> <\/figure>    <h2 class=\"wp-block-heading\">Comment fonctionne la machine de compactage EPS\u00a0?<\/h2>    <ol class=\"wp-block-list\"> <li>Tout d\u2019abord, nous devons mettre la mousse EPS dans la tr\u00e9mie.<\/li>    <li>Ensuite, la mousse EPS entrera dans la chambre de concassage pour \u00eatre concass\u00e9e. Le broyeur fix\u00e9 au compacteur Eps peut broyer de gros morceaux de mousse en petits morceaux.<\/li>    <li>Ensuite, le m\u00e9canisme \u00e0 vis presse de petits morceaux de <a href=\"https:\/\/onlinelibrary.wiley.com\/doi\/10.1002\/app.47529\" target=\"_blank\" rel=\"noopener\">Mousse PSE<\/a> en un bloc de compression \u00e0 section carr\u00e9e.<\/li> <\/ol>   <div class=\"wp-block-image\"> <figure class=\"aligncenter size-full\"><img loading=\"lazy\" decoding=\"async\" width=\"720\" height=\"540\" src=\"https:\/\/www.plasticgranularmachine.com\/wp-content\/uploads\/2022\/12\/EPS-compressor.webp\" alt=\"Compresseur PSE\" class=\"wp-image-1229\" srcset=\"https:\/\/www.plasticgranularmachine.com\/wp-content\/uploads\/2022\/12\/EPS-compressor.webp 720w, https:\/\/www.plasticgranularmachine.com\/wp-content\/uploads\/2022\/12\/EPS-compressor-300x225.webp 300w, https:\/\/www.plasticgranularmachine.com\/wp-content\/uploads\/2022\/12\/EPS-compressor-16x12.webp 16w\" sizes=\"auto, (max-width: 720px) 100vw, 720px\" \/><figcaption class=\"wp-element-caption\">Compresseur PSE<\/figcaption><\/figure> <\/div>   <h2 class=\"wp-block-heading\">Compacteur EPS \u00e0 vendre<\/h2>    <figure class=\"wp-block-table\"><table><tbody><tr><td>Mod\u00e8le<\/td><td>SL-300<\/td><td>SL-400<\/td><\/tr><tr><td>Capacit\u00e9<\/td><td>150kg\/heure<\/td><td>250kg\/heure<\/td><\/tr><tr><td>Taille d'entr\u00e9e<\/td><td>1100*800mm<\/td><td>1200*1000mm<\/td><\/tr><tr><td>Puissance du moteur<\/td><td>11kw<\/td><td>22kw<\/td><\/tr><tr><td>Taille de la machine<\/td><td>3000*1400*1400mm<\/td><td>4600*1600*1600mm<\/td><\/tr><\/tbody><\/table><figcaption class=\"wp-element-caption\">Compacteur EPS \u00e0 vendre<\/figcaption><\/figure>    <p>Ce qui pr\u00e9c\u00e8de est le tableau des param\u00e8tres de deux compacteurs de polystyr\u00e8ne. Leur rendement est respectivement de 150 kg\/h et 250 kg\/h. La puissance du moteur est respectivement de 11 kW et 22 kW. Vous pouvez choisir le compacteur de polystyr\u00e8ne adapt\u00e9 \u00e0 vos besoins.<\/p>    <figure class=\"wp-block-gallery has-nested-images columns-default is-cropped wp-block-gallery-3 is-layout-flex wp-block-gallery-is-layout-flex\"> <figure class=\"wp-block-image size-large\"><img loading=\"lazy\" decoding=\"async\" width=\"720\" height=\"540\" data-id=\"1231\" src=\"https:\/\/www.plasticgranularmachine.com\/wp-content\/uploads\/2022\/12\/polystyrene-compactor-details1.webp\" alt=\"d\u00e9tails du compacteur de polystyr\u00e8ne\" class=\"wp-image-1231\" srcset=\"https:\/\/www.plasticgranularmachine.com\/wp-content\/uploads\/2022\/12\/polystyrene-compactor-details1.webp 720w, https:\/\/www.plasticgranularmachine.com\/wp-content\/uploads\/2022\/12\/polystyrene-compactor-details1-300x225.webp 300w, https:\/\/www.plasticgranularmachine.com\/wp-content\/uploads\/2022\/12\/polystyrene-compactor-details1-16x12.webp 16w\" sizes=\"auto, (max-width: 720px) 100vw, 720px\" \/><figcaption class=\"wp-element-caption\">d\u00e9tails du compacteur de polystyr\u00e8ne<\/figcaption><\/figure>    <figure class=\"wp-block-image size-large\"><img loading=\"lazy\" decoding=\"async\" width=\"720\" height=\"540\" data-id=\"1230\" src=\"https:\/\/www.plasticgranularmachine.com\/wp-content\/uploads\/2022\/12\/foam-compressor1.webp\" alt=\"compresseur de mousse\" class=\"wp-image-1230\" srcset=\"https:\/\/www.plasticgranularmachine.com\/wp-content\/uploads\/2022\/12\/foam-compressor1.webp 720w, https:\/\/www.plasticgranularmachine.com\/wp-content\/uploads\/2022\/12\/foam-compressor1-300x225.webp 300w, https:\/\/www.plasticgranularmachine.com\/wp-content\/uploads\/2022\/12\/foam-compressor1-16x12.webp 16w\" sizes=\"auto, (max-width: 720px) 100vw, 720px\" \/><figcaption class=\"wp-element-caption\">compresseur de mousse<\/figcaption><\/figure> <\/figure>    <h2 class=\"wp-block-heading\">Pourquoi le compacteur en polystyr\u00e8ne devient-il de plus en plus populaire ?<\/h2>    <p>De nos jours, les pays attachent de l'importance \u00e0 l'industrie de la protection de l'environnement. L'incin\u00e9ration de la mousse EPS est de plus en plus ind\u00e9sirable. C\u2019est pourquoi de plus en plus de personnes choisissent d\u2019investir dans l\u2019industrie du recyclage du PSE. Afin de transporter plus facilement la mousse EPS, un compacteur en polystyr\u00e8ne est n\u00e9cessaire pour r\u00e9duire le volume de mousse.<\/p>    <p class=\"translation-block\">Par cons\u00e9quent, les compacteurs de polystyr\u00e8ne sont de plus en plus populaires. Dans l'usine de machines de recyclage de plastique efficace, nous avons \u00e9galement le <a href=\"https:\/\/www.plasticgranularmachine.com\/fr\/product\/eps-pelletizing-machine\/\">granulateur EPS<\/a>, le <a href=\"https:\/\/www.plasticgranularmachine.com\/fr\/product\/foam-crushing-machine\/\">broyeur EPS<\/a>, et la ligne de recyclage EPS \u00e0 vendre. Si vous avez besoin d'une <a href=\"https:\/\/www.plasticgranularmachine.com\/fr\/product\/eps-recycling-machine\/\">machine de recyclage EPS<\/a> connexe, n'h\u00e9sitez pas \u00e0 nous contacter.<\/p>   <div class=\"wp-block-image\"> <figure class=\"aligncenter size-large\"><img loading=\"lazy\" decoding=\"async\" width=\"720\" height=\"540\" src=\"https:\/\/www.plasticgranularmachine.com\/wp-content\/uploads\/2022\/12\/vertical-EPS-foam-compactor.webp\" alt=\"compacteur de mousse EPS vertical\" class=\"wp-image-1234\" srcset=\"https:\/\/www.plasticgranularmachine.com\/wp-content\/uploads\/2022\/12\/vertical-EPS-foam-compactor.webp 720w, https:\/\/www.plasticgranularmachine.com\/wp-content\/uploads\/2022\/12\/vertical-EPS-foam-compactor-300x225.webp 300w, https:\/\/www.plasticgranularmachine.com\/wp-content\/uploads\/2022\/12\/vertical-EPS-foam-compactor-16x12.webp 16w\" sizes=\"auto, (max-width: 720px) 100vw, 720px\" \/><figcaption class=\"wp-element-caption\">compacteur de mousse EPS vertical<\/figcaption><\/figure> <\/div>   <h2 class=\"wp-block-heading\">Cas de r\u00e9ussite du compacteur de polystyr\u00e8ne \u00e0 vendre<\/h2>    <p class=\"translation-block\">En septembre 2022, des clients malaisiens ont command\u00e9 deux compacteurs de recyclage de styromousse EPS. Ce client poss\u00e8de une usine de recyclage de mousse EPS. En plus de produire des blocs de mousse compress\u00e9e, il produit \u00e9galement des granul\u00e9s EPS. Apr\u00e8s pr\u00e8s de deux mois d'utilisation, le client est tr\u00e8s satisfait de l'effet de production du compacteur de mousse.<\/p>   <div class=\"wp-block-image\"> <figure class=\"aligncenter size-full\"><img loading=\"lazy\" decoding=\"async\" width=\"720\" height=\"540\" src=\"https:\/\/www.plasticgranularmachine.com\/wp-content\/uploads\/2022\/12\/packing-picture.webp\" alt=\" compacteur de polystyr\u00e8ne \u00e0 vendre\" class=\"wp-image-446\" srcset=\"https:\/\/www.plasticgranularmachine.com\/wp-content\/uploads\/2022\/12\/packing-picture.webp 720w, https:\/\/www.plasticgranularmachine.com\/wp-content\/uploads\/2022\/12\/packing-picture-300x225.webp 300w\" sizes=\"auto, (max-width: 720px) 100vw, 720px\" \/><figcaption class=\"wp-element-caption\"> compacteur de polystyr\u00e8ne \u00e0 vendre<\/figcaption><\/figure> <\/div>   <h2 class=\"wp-block-heading\">Pr\u00e9cautions d'utilisation<\/h2>    <ol class=\"wp-block-list\"> <li>Veuillez confirmer l'alimentation \u00e9lectrique utilis\u00e9e par la machine.<\/li>    <li>Ne mettez pas la main dans la bo\u00eete \u00e0 mat\u00e9riaux, la pi\u00e8ce de transmission ou la pi\u00e8ce chauffante pendant le fonctionnement.<\/li>    <li>Portez un masque pointu et une protection auditive pendant l'op\u00e9ration.<\/li>    <li>Ne rincez pas directement la machine avec de l'eau. Ne travaillez pas pieds nus lorsque le lieu de travail est mouill\u00e9.<\/li>    <li>Lorsque le compacteur EPS n'est pas utilis\u00e9, veuillez couvrir le bac pour \u00e9viter que d'autres objets n'y tombent.<\/li>    <li>Lorsque la machine n'est pas utilis\u00e9e, assurez-vous de d\u00e9brancher l'alimentation \u00e9lectrique<\/li>    <li>Ne remplacez pas les pi\u00e8ces de la machine \u00e0 volont\u00e9.<\/li>    <li>Les pi\u00e8ces principales doivent \u00eatre lubrifi\u00e9es fr\u00e9quemment avec de l'huile.<\/li> <\/ol>   <div class=\"wp-block-image\"> <figure class=\"aligncenter size-full\"><img loading=\"lazy\" decoding=\"async\" width=\"720\" height=\"540\" src=\"https:\/\/www.plasticgranularmachine.com\/wp-content\/uploads\/2022\/12\/styrofoam-compactor-1.webp\" alt=\"compacteur de polystyr\u00e8ne\" class=\"wp-image-1233\" srcset=\"https:\/\/www.plasticgranularmachine.com\/wp-content\/uploads\/2022\/12\/styrofoam-compactor-1.webp 720w, https:\/\/www.plasticgranularmachine.com\/wp-content\/uploads\/2022\/12\/styrofoam-compactor-1-300x225.webp 300w, https:\/\/www.plasticgranularmachine.com\/wp-content\/uploads\/2022\/12\/styrofoam-compactor-1-16x12.webp 16w\" sizes=\"auto, (max-width: 720px) 100vw, 720px\" \/><figcaption class=\"wp-element-caption\">compacteur de polystyr\u00e8ne<\/figcaption><\/figure> <\/div>   <h2 class=\"wp-block-heading\">Li\u00e9 \u00e0 l'exp\u00e9dition pour la machine de compactage EPS<\/h2>    <ol class=\"wp-block-list\"> <li>Le compacteur de polystyr\u00e8ne peut \u00eatre personnalis\u00e9 en fonction de vos besoins de production et la p\u00e9riode de production est d'environ 20 jours.<\/li>    <li>Envoyez r\u00e9guli\u00e8rement des mises \u00e0 jour sur l\u2019avancement de la production et testez des vid\u00e9os sur les machines. Confirmez les informations sur le compresseur de mousse avec vous avant l'exp\u00e9dition.<\/li>    <li>Bienvenue \u00e0 visiter notre usine efficace pour inspecter nos compresseurs EPS.<\/li>    <li>Exp\u00e9dier via la logistique internationale.<\/li>    <li>Fournir un support technique et des services d\u2019installation sur site.<\/li>    <li>Une garantie d'un an est incluse, garantissant la qualit\u00e9 de la machine.<\/li> <\/ol>   <div class=\"wp-block-image\"> <figure class=\"aligncenter size-full\"><img loading=\"lazy\" decoding=\"async\" width=\"720\" height=\"540\" src=\"https:\/\/www.plasticgranularmachine.com\/wp-content\/uploads\/2022\/12\/Polystyrene-Compactor-Packaging.webp\" alt=\"Emballage de compacteur en polystyr\u00e8ne\" class=\"wp-image-1232\" srcset=\"https:\/\/www.plasticgranularmachine.com\/wp-content\/uploads\/2022\/12\/Polystyrene-Compactor-Packaging.webp 720w, https:\/\/www.plasticgranularmachine.com\/wp-content\/uploads\/2022\/12\/Polystyrene-Compactor-Packaging-300x225.webp 300w, https:\/\/www.plasticgranularmachine.com\/wp-content\/uploads\/2022\/12\/Polystyrene-Compactor-Packaging-16x12.webp 16w\" sizes=\"auto, (max-width: 720px) 100vw, 720px\" \/><figcaption class=\"wp-element-caption\">Emballage de compacteur en polystyr\u00e8ne<\/figcaption><\/figure> <\/div>   <p>En r\u00e9sum\u00e9, nos compacteurs EPS sont fiables et de haute qualit\u00e9. Si vous recherchez une excellente solution pour le recyclage du polystyr\u00e8ne, n'h\u00e9sitez pas \u00e0 nous contacter. Des offres incroyables \u00e0 des prix imbattables vous attendent !<\/p>","protected":false},"excerpt":{"rendered":"<p>Le compacteur EPS peut r\u00e9duire le volume de mousse jusqu'\u00e0 40 fois. Il pr\u00e9sente les caract\u00e9ristiques d'un haut degr\u00e9 d'automatisation, d'\u00e9conomie d'\u00e9nergie et d'absence de pollution.<\/p>","protected":false},"author":1,"featured_media":1225,"parent":0,"template":"","tags":[35,33],"product-type":[4],"class_list":["post-447","product","type-product","status-publish","has-post-thumbnail","hentry","tag-crushing","tag-styrofoam-recycling","product-type-crushing-machine"],"_links":{"self":[{"href":"https:\/\/www.plasticgranularmachine.com\/fr\/wp-json\/wp\/v2\/product\/447","targetHints":{"allow":["GET"]}}],"collection":[{"href":"https:\/\/www.plasticgranularmachine.com\/fr\/wp-json\/wp\/v2\/product"}],"about":[{"href":"https:\/\/www.plasticgranularmachine.com\/fr\/wp-json\/wp\/v2\/types\/product"}],"author":[{"embeddable":true,"href":"https:\/\/www.plasticgranularmachine.com\/fr\/wp-json\/wp\/v2\/users\/1"}],"wp:featuredmedia":[{"embeddable":true,"href":"https:\/\/www.plasticgranularmachine.com\/fr\/wp-json\/wp\/v2\/media\/1225"}],"wp:attachment":[{"href":"https:\/\/www.plasticgranularmachine.com\/fr\/wp-json\/wp\/v2\/media?parent=447"}],"wp:term":[{"taxonomy":"post_tag","embeddable":true,"href":"https:\/\/www.plasticgranularmachine.com\/fr\/wp-json\/wp\/v2\/tags?post=447"},{"taxonomy":"product-type","embeddable":true,"href":"https:\/\/www.plasticgranularmachine.com\/fr\/wp-json\/wp\/v2\/product-type?post=447"}],"curies":[{"name":"wp","href":"https:\/\/api.w.org\/{rel}","templated":true}]}}