{"id":495,"date":"2023-05-09T16:29:55","date_gmt":"2023-05-09T08:29:55","guid":{"rendered":"https:\/\/www.plasticgranularmachine.com\/?post_type=product&#038;p=495"},"modified":"2025-02-21T14:27:11","modified_gmt":"2025-02-21T06:27:11","slug":"hydraulic-plastic-baling-machine","status":"publish","type":"product","link":"https:\/\/www.plasticgranularmachine.com\/fr\/product\/hydraulic-plastic-baling-machine\/","title":{"rendered":"Machine de mise en balles de plastique hydraulique"},"content":{"rendered":"<p>\u00c0 l\u2019aide d\u2019une presse \u00e0 balles plastique hydraulique, les d\u00e9chets plastiques sont compress\u00e9s et emball\u00e9s dans une balle qui peut \u00eatre transport\u00e9e et stock\u00e9e facilement. Efficient Machinery fournit une presse \u00e0 balles professionnelle capable de mettre en balles des films plastiques et des bouteilles en plastique. <\/p>   <div class=\"wp-block-image\"> <figure class=\"aligncenter size-full\"><img loading=\"lazy\" decoding=\"async\" width=\"720\" height=\"540\" src=\"https:\/\/www.plasticgranularmachine.com\/wp-content\/uploads\/2023\/05\/raw-materials-of-plastic-baler1.webp\" alt=\"\" class=\"wp-image-497\" srcset=\"https:\/\/www.plasticgranularmachine.com\/wp-content\/uploads\/2023\/05\/raw-materials-of-plastic-baler1.webp 720w, https:\/\/www.plasticgranularmachine.com\/wp-content\/uploads\/2023\/05\/raw-materials-of-plastic-baler1-300x225.webp 300w\" sizes=\"auto, (max-width: 720px) 100vw, 720px\" \/><\/figure> <\/div>   <h2 class=\"wp-block-heading\">Application de la machine hydraulique de mise en balles de plastique<\/h2>    <p class=\"translation-block\">Centres de recyclage : La presse hydraulique pour plastique est couramment utilis\u00e9e dans les centres de recyclage pour compresser et emballer les d\u00e9chets plastiques tels que les bouteilles en plastique et les films. La presse \u00e0 balles pour films plastiques peut emballer les mat\u00e9riaux en balles pour faciliter le transport et le stockage. Cela peut aider \u00e0 r\u00e9duire le volume des d\u00e9chets plastiques et \u00e0 faciliter leur transport et leur recyclage pour une <a href=\"https:\/\/www.plasticgranularmachine.com\/fr\/product\/plastic-film-recycling-line\/\">ligne de recyclage de plastique<\/a>.<\/p>    <p>Il s'agit d'une vid\u00e9o de retour d'exp\u00e9rience de nos clients au Togo, ils utilisent la presse \u00e0 balles plastique pour emballer les sacs plastiques. <\/p>    <figure class=\"wp-block-embed is-type-video is-provider-youtube wp-block-embed-youtube wp-embed-aspect-16-9 wp-has-aspect-ratio\"><div class=\"wp-block-embed__wrapper\"> <iframe loading=\"lazy\" title=\"Machine de balle en plastique en plastique efficace: compression hydraulique haute densit\u00e9!\" width=\"500\" height=\"281\" src=\"https:\/\/www.youtube.com\/embed\/o6Ju1yAOmuY?feature=oembed\" frameborder=\"0\" allow=\"accelerometer; autoplay; clipboard-write; encrypted-media; gyroscope; picture-in-picture; web-share\" referrerpolicy=\"strict-origin-when-cross-origin\" allowfullscreen><\/iframe> <\/div><\/figure>    <p>Usines de fabrication\u00a0: les usines de fabrication g\u00e9n\u00e8rent souvent une grande quantit\u00e9 de d\u00e9chets plastiques, tels que des d\u00e9chets de pi\u00e8ces en plastique et des mat\u00e9riaux d'emballage. Les machines \u00e0 balles en plastique peuvent \u00eatre utilis\u00e9es pour comprimer et emballer ces d\u00e9chets en balles pour faciliter leur stockage et leur \u00e9limination.<\/p>    <p>Centres de gestion des d\u00e9chets : La presse \u00e0 bouteilles en plastique est \u00e9galement utilis\u00e9e dans les centres de gestion des d\u00e9chets pour comprimer et emballer les d\u00e9chets plastiques des m\u00e9nages et des entreprises. Cela peut contribuer \u00e0 r\u00e9duire le volume de d\u00e9chets plastiques dans les d\u00e9charges. Cela peut \u00e9galement promouvoir un syst\u00e8me de gestion des d\u00e9chets plus durable.<\/p>    <p>Industrie agricole : La presse \u00e0 balles hydraulique peut \u00e9galement \u00eatre utilis\u00e9e dans l'industrie agricole pour comprimer et emballer des mati\u00e8res plastiques telles que des films de serre et des tuyaux d'irrigation. Cela peut aider les agriculteurs \u00e0 g\u00e9rer plus efficacement leurs d\u00e9chets de films plastiques.<\/p>   <div class=\"wp-block-image\"> <figure class=\"aligncenter size-full\"><img loading=\"lazy\" decoding=\"async\" width=\"540\" height=\"720\" src=\"https:\/\/www.plasticgranularmachine.com\/wp-content\/uploads\/2023\/05\/plastic-baler-machine-21.webp\" alt=\"presse-presse-plastique\" class=\"wp-image-498\" srcset=\"https:\/\/www.plasticgranularmachine.com\/wp-content\/uploads\/2023\/05\/plastic-baler-machine-21.webp 540w, https:\/\/www.plasticgranularmachine.com\/wp-content\/uploads\/2023\/05\/plastic-baler-machine-21-225x300.webp 225w\" sizes=\"auto, (max-width: 540px) 100vw, 540px\" \/><figcaption class=\"wp-element-caption\">presse-presse-plastique<\/figcaption><\/figure> <\/div>  <div class=\"wp-block-image\"> <figure class=\"aligncenter size-full\"><img loading=\"lazy\" decoding=\"async\" width=\"540\" height=\"720\" src=\"https:\/\/www.plasticgranularmachine.com\/wp-content\/uploads\/2023\/05\/plastic-baler-for-sale1.webp\" alt=\"presse \u00e0 balles plastiques\" class=\"wp-image-499\" srcset=\"https:\/\/www.plasticgranularmachine.com\/wp-content\/uploads\/2023\/05\/plastic-baler-for-sale1.webp 540w, https:\/\/www.plasticgranularmachine.com\/wp-content\/uploads\/2023\/05\/plastic-baler-for-sale1-225x300.webp 225w\" sizes=\"auto, (max-width: 540px) 100vw, 540px\" \/><figcaption class=\"wp-element-caption\">Presse \u00e0 balles plastique hydraulique<\/figcaption><\/figure> <\/div>   <h2 class=\"wp-block-heading\">Structure de la presse \u00e0 balles hydraulique<\/h2>   <div class=\"wp-block-image\"> <figure class=\"aligncenter size-full\"><img loading=\"lazy\" decoding=\"async\" width=\"720\" height=\"540\" src=\"https:\/\/www.plasticgranularmachine.com\/wp-content\/uploads\/2023\/05\/Waste-plastic-baling-machine-structure1.webp\" alt=\"Structure-de-machine-\u00e0-balles-de-d\u00e9chets-plastiques\" class=\"wp-image-496\" srcset=\"https:\/\/www.plasticgranularmachine.com\/wp-content\/uploads\/2023\/05\/Waste-plastic-baling-machine-structure1.webp 720w, https:\/\/www.plasticgranularmachine.com\/wp-content\/uploads\/2023\/05\/Waste-plastic-baling-machine-structure1-300x225.webp 300w\" sizes=\"auto, (max-width: 720px) 100vw, 720px\" \/><figcaption class=\"wp-element-caption\">Structure-de-machine-\u00e0-balles-de-d\u00e9chets-plastiques<\/figcaption><\/figure> <\/div>   <h2 class=\"wp-block-heading\">Avantages de la machine de mise en balles de d\u00e9chets de bouteilles en PET<\/h2>    <p>Gain de place\u00a0: les presses \u00e0 balles de d\u00e9chets de bouteilles PET sont compactes et con\u00e7ues pour occuper un minimum d'espace au sol, ce qui les rend id\u00e9ales pour une utilisation dans de petites zones.<\/p>    <p>Haute efficacit\u00e9 : les machines ont une capacit\u00e9 de mise en balles \u00e9lev\u00e9e et peuvent compresser un grand volume de bouteilles PET dans une taille plus petite, \u00e9conomisant ainsi de l'espace et r\u00e9duisant les co\u00fbts de transport.<\/p>    <p>S\u00e9curit\u00e9 am\u00e9lior\u00e9e : les presses \u00e0 balles de d\u00e9chets de bouteilles PET sont \u00e9quip\u00e9es de dispositifs de s\u00e9curit\u00e9 qui \u00e9vitent les accidents pendant le fonctionnement. Ils disposent \u00e9galement de boutons d'arr\u00eat d'urgence et d'autres m\u00e9canismes de s\u00e9curit\u00e9 pour assurer la s\u00e9curit\u00e9 de l'op\u00e9rateur.<\/p>    <h2 class=\"wp-block-heading\">Param\u00e8tres de la presse \u00e0 balles plastique hydraulique<\/h2>    <p>Les donn\u00e9es suivantes sont le param\u00e8tre essentiel de la presse \u00e0 balles en plastique. Si vous \u00eates int\u00e9ress\u00e9, n'h\u00e9sitez pas \u00e0 nous consulter et \u00e0 remplir le formulaire de demande sur notre site Web. Notre responsable commercial se fera un plaisir de vous proposer la machine la plus adapt\u00e9e \u00e0 vos besoins.<\/p>    <figure class=\"wp-block-table\"><table><tbody><tr><td>Mod\u00e8le<\/td><td>Pression (tonne)<\/td><td>Puissance (kw)<\/td><td>Taille (mm)<\/td><td>Sortie (t\/h)<\/td><td>Poids (tonne)<\/td><\/tr><tr><td>SL-30<\/td><td>30<\/td><td>5.5<\/td><td>800*400*600<\/td><td>0,8-1T<\/td><td>0.8<\/td><\/tr><tr><td>SL-40<\/td><td>30<\/td><td>7.5<\/td><td>900*600*800<\/td><td>1-1.2T<\/td><td>1.3<\/td><\/tr><tr><td>SL-60<\/td><td>60<\/td><td>7.5<\/td><td>900*600*800<\/td><td>1,5-2T<\/td><td>1.5<\/td><\/tr><tr><td>SL-80<\/td><td>80<\/td><td>11<\/td><td>1100*800*1000<\/td><td>2-3T<\/td><td>2<\/td><\/tr><tr><td>SL-100<\/td><td>100<\/td><td>15<\/td><td>1100*800*1100<\/td><td>3-3,5T<\/td><td>2.8<\/td><\/tr><tr><td>SL-120<\/td><td>120<\/td><td>18.5<\/td><td>1200*800*1200<\/td><td>4-5T<\/td><td>3.2<\/td><\/tr><\/tbody><\/table><\/figure>","protected":false},"excerpt":{"rendered":"<p>Using a hydraulic plastic baling machine, waste plastic is compressed and packed into a bale that can be transported and stored easily. Efficient Machinery provides a professional baling machine that can bale plastic films and plastic bottles. Application of hydraulic plastic baling machine Recycling facilities: The hydraulic plastic baling machine is commonly used in recycling [&hellip;]<\/p>\n","protected":false},"author":1,"featured_media":500,"parent":0,"template":"","tags":[38],"product-type":[32],"class_list":["post-495","product","type-product","status-publish","has-post-thumbnail","hentry","tag-pet-recycling","product-type-plastic-baler"],"_links":{"self":[{"href":"https:\/\/www.plasticgranularmachine.com\/fr\/wp-json\/wp\/v2\/product\/495","targetHints":{"allow":["GET"]}}],"collection":[{"href":"https:\/\/www.plasticgranularmachine.com\/fr\/wp-json\/wp\/v2\/product"}],"about":[{"href":"https:\/\/www.plasticgranularmachine.com\/fr\/wp-json\/wp\/v2\/types\/product"}],"author":[{"embeddable":true,"href":"https:\/\/www.plasticgranularmachine.com\/fr\/wp-json\/wp\/v2\/users\/1"}],"wp:featuredmedia":[{"embeddable":true,"href":"https:\/\/www.plasticgranularmachine.com\/fr\/wp-json\/wp\/v2\/media\/500"}],"wp:attachment":[{"href":"https:\/\/www.plasticgranularmachine.com\/fr\/wp-json\/wp\/v2\/media?parent=495"}],"wp:term":[{"taxonomy":"post_tag","embeddable":true,"href":"https:\/\/www.plasticgranularmachine.com\/fr\/wp-json\/wp\/v2\/tags?post=495"},{"taxonomy":"product-type","embeddable":true,"href":"https:\/\/www.plasticgranularmachine.com\/fr\/wp-json\/wp\/v2\/product-type?post=495"}],"curies":[{"name":"wp","href":"https:\/\/api.w.org\/{rel}","templated":true}]}}