{"id":651,"date":"2023-12-15T16:39:39","date_gmt":"2023-12-15T08:39:39","guid":{"rendered":"https:\/\/www.plasticgranularmachine.com\/?post_type=product&#038;p=651"},"modified":"2025-01-06T10:02:06","modified_gmt":"2025-01-06T02:02:06","slug":"waste-bale-opener","status":"publish","type":"product","link":"https:\/\/www.plasticgranularmachine.com\/fr\/product\/waste-bale-opener\/","title":{"rendered":"Ouvre-balle de d\u00e9chets | Machine \u00e0 d\u00e9sembaler le plastique"},"content":{"rendered":"<p>L'ouvre-balles de d\u00e9chets est un \u00e9quipement important dans les usines de recyclage du plastique. Sa fonction principale est de d\u00e9baller les d\u00e9chets plastiques extrud\u00e9s et mis en balles avec une grande efficacit\u00e9, afin de faciliter le traitement et la classification ult\u00e9rieurs.<\/p>    <figure class=\"wp-block-embed is-type-video is-provider-youtube wp-block-embed-youtube wp-embed-aspect-16-9 wp-has-aspect-ratio\"><div class=\"wp-block-embed__wrapper\"> <iframe loading=\"lazy\" title=\"Ouvre-presse \u00e0 bouteilles PET | machine \u00e0 d\u00e9sembaler le plastique verticale\" width=\"500\" height=\"281\" src=\"https:\/\/www.youtube.com\/embed\/ujKPMvq7vLY?feature=oembed\" frameborder=\"0\" allow=\"accelerometer; autoplay; clipboard-write; encrypted-media; gyroscope; picture-in-picture; web-share\" referrerpolicy=\"strict-origin-when-cross-origin\" allowfullscreen><\/iframe> <\/div><\/figure>    <h2 class=\"wp-block-heading\">Application ouvre-balles de bouteilles PET<\/h2>    <p>Principalement utilis\u00e9 pour arracher les bouteilles PET qui ont \u00e9t\u00e9 compress\u00e9es en briques de bouteilles en plastique, les d\u00e9baller et les disperser dans des bouteilles individuelles, et en m\u00eame temps, il a la capacit\u00e9 d'alimentation quantitative, ce qui est pratique pour la production de tri ult\u00e9rieure. En plus des briques de bouteilles en plastique, l'ouvre-balles de bouteilles PET peut \u00e9galement d\u00e9baller divers mat\u00e9riaux tels que des sacs en plastique tiss\u00e9s, des sacs en plastique PE, des sacs en papier kraft et d'autres sacs compress\u00e9s.<\/p>   <div class=\"wp-block-image\"> <figure class=\"aligncenter size-full\"><img loading=\"lazy\" decoding=\"async\" width=\"720\" height=\"540\" src=\"https:\/\/www.plasticgranularmachine.com\/wp-content\/uploads\/2023\/12\/PET-Debaler-Machine.webp\" alt=\"Ouvre-balle de d\u00e9chets \" class=\"wp-image-654\" srcset=\"https:\/\/www.plasticgranularmachine.com\/wp-content\/uploads\/2023\/12\/PET-Debaler-Machine.webp 720w, https:\/\/www.plasticgranularmachine.com\/wp-content\/uploads\/2023\/12\/PET-Debaler-Machine-300x225.webp 300w\" sizes=\"auto, (max-width: 720px) 100vw, 720px\" \/><\/figure> <\/div>  <div class=\"wp-block-image\"> <figure class=\"aligncenter size-full\"><img loading=\"lazy\" decoding=\"async\" width=\"720\" height=\"540\" src=\"https:\/\/www.plasticgranularmachine.com\/wp-content\/uploads\/2023\/12\/Debaler-Machine.webp\" alt=\"\" class=\"wp-image-653\" srcset=\"https:\/\/www.plasticgranularmachine.com\/wp-content\/uploads\/2023\/12\/Debaler-Machine.webp 720w, https:\/\/www.plasticgranularmachine.com\/wp-content\/uploads\/2023\/12\/Debaler-Machine-300x225.webp 300w\" sizes=\"auto, (max-width: 720px) 100vw, 720px\" \/><\/figure> <\/div>   <h2 class=\"wp-block-heading\">Caract\u00e9ristiques de la machine \u00e0 d\u00e9sembaler verticale en plastique <\/h2>    <ul class=\"wp-block-list\"> <li>Am\u00e9lioration de l'efficacit\u00e9 : le d\u00e9balleur de bouteilles en plastique utilise une technologie de d\u00e9ballage avanc\u00e9e pour d\u00e9baller efficacement et rapidement les bouteilles en plastique compress\u00e9es, augmentant ainsi l'efficacit\u00e9 de l'ensemble du processus de recyclage.<\/li>    <li>Prot\u00e9ger la qualit\u00e9 des bouteilles en plastique : la conception de la machine ouvre-balles de d\u00e9chets prend en compte la manipulation l\u00e9g\u00e8re des bouteilles en plastique pour garantir que la surface des bouteilles ne sera pas endommag\u00e9e pendant le processus de d\u00e9ballage et que leur qualit\u00e9 d'origine sera maintenue.<\/li>    <li>R\u00e9duire l'intensit\u00e9 du travail : L'utilisation de la machine \u00e0 d\u00e9semballer le plastique r\u00e9duit consid\u00e9rablement l'intensit\u00e9 du travail li\u00e9 au d\u00e9ballage manuel, offrant ainsi un environnement de travail plus humain et plus s\u00fbr pour les usines de recyclage.<\/li> <\/ul>","protected":false},"excerpt":{"rendered":"<p>Waste bale opener is an important piece of equipment in plastic recycling plants, its main function is to unwrap the extruded and baled waste plastic products with high efficiency, to create convenience for subsequent processing and classification. PET bottle bale opener application Mainly used for tearing off PET bottles that have been compressed into plastic [&hellip;]<\/p>\n","protected":false},"author":1,"featured_media":654,"parent":0,"template":"","tags":[38],"product-type":[32],"class_list":["post-651","product","type-product","status-publish","has-post-thumbnail","hentry","tag-pet-recycling","product-type-plastic-baler"],"_links":{"self":[{"href":"https:\/\/www.plasticgranularmachine.com\/fr\/wp-json\/wp\/v2\/product\/651","targetHints":{"allow":["GET"]}}],"collection":[{"href":"https:\/\/www.plasticgranularmachine.com\/fr\/wp-json\/wp\/v2\/product"}],"about":[{"href":"https:\/\/www.plasticgranularmachine.com\/fr\/wp-json\/wp\/v2\/types\/product"}],"author":[{"embeddable":true,"href":"https:\/\/www.plasticgranularmachine.com\/fr\/wp-json\/wp\/v2\/users\/1"}],"wp:featuredmedia":[{"embeddable":true,"href":"https:\/\/www.plasticgranularmachine.com\/fr\/wp-json\/wp\/v2\/media\/654"}],"wp:attachment":[{"href":"https:\/\/www.plasticgranularmachine.com\/fr\/wp-json\/wp\/v2\/media?parent=651"}],"wp:term":[{"taxonomy":"post_tag","embeddable":true,"href":"https:\/\/www.plasticgranularmachine.com\/fr\/wp-json\/wp\/v2\/tags?post=651"},{"taxonomy":"product-type","embeddable":true,"href":"https:\/\/www.plasticgranularmachine.com\/fr\/wp-json\/wp\/v2\/product-type?post=651"}],"curies":[{"name":"wp","href":"https:\/\/api.w.org\/{rel}","templated":true}]}}