{"id":656,"date":"2023-12-15T17:42:44","date_gmt":"2023-12-15T09:42:44","guid":{"rendered":"https:\/\/www.plasticgranularmachine.com\/?post_type=product&#038;p=656"},"modified":"2025-01-06T09:52:32","modified_gmt":"2025-01-06T01:52:32","slug":"hdpe-granules-making-machine","status":"publish","type":"product","link":"https:\/\/www.plasticgranularmachine.com\/fr\/product\/hdpe-granules-making-machine\/","title":{"rendered":"Machine de fabrication de granul\u00e9s HDPE | Machine de granulation du plastique"},"content":{"rendered":"<p>Notre machine \u00e0 granul\u00e9s de plastique HDPE est une machine innovante con\u00e7ue pour traiter les mat\u00e9riaux durs en plastique HDPE, notamment les bouteilles en plastique, les f\u00fbts en plastique, etc. Il a \u00e9t\u00e9 export\u00e9 avec succ\u00e8s au Kenya, au Nigeria, en C\u00f4te d\u2019Ivoire, en Arabie Saoudite et dans d\u2019autres pays togolais. <\/p>    <p class=\"translation-block\">Notre machine a mis en place une ligne de recyclage de pellets plastiques compl\u00e8te <strong><a href=\"https:\/\/www.plasticgranularmachine.com\/fr\/product\/plastic-granulating-line\/\" data-type=\"link\" data-id=\"https:\/\/www.plasticgranularmachine.com\/product\/plastic-granulating-line\/\">pour le recyclage de pellets plastiques<\/a><\/strong> pour nos clients, les aidant \u00e0 traiter une grande quantit\u00e9 de d\u00e9chets HDPE, et la production finale de granul\u00e9s plastiques de haute qualit\u00e9 a re\u00e7u de nos clients de nombreux \u00e9loges.<\/p>   <div class=\"wp-block-image\"> <figure class=\"aligncenter size-full\"><img loading=\"lazy\" decoding=\"async\" width=\"720\" height=\"540\" src=\"https:\/\/www.plasticgranularmachine.com\/wp-content\/uploads\/2023\/12\/Positive-feedback-from-clients-in-Cote-dIvoire1.webp\" alt=\"Retours positifs des clients en C\u00f4te d&#039;Ivoire\" class=\"wp-image-1370\" srcset=\"https:\/\/www.plasticgranularmachine.com\/wp-content\/uploads\/2023\/12\/Positive-feedback-from-clients-in-Cote-dIvoire1.webp 720w, https:\/\/www.plasticgranularmachine.com\/wp-content\/uploads\/2023\/12\/Positive-feedback-from-clients-in-Cote-dIvoire1-300x225.webp 300w, https:\/\/www.plasticgranularmachine.com\/wp-content\/uploads\/2023\/12\/Positive-feedback-from-clients-in-Cote-dIvoire1-16x12.webp 16w\" sizes=\"auto, (max-width: 720px) 100vw, 720px\" \/><figcaption class=\"wp-element-caption\">Retour positif des clients en C\u00f4te d'Ivoire<\/figcaption><\/figure> <\/div>  <div class=\"wp-block-image\"> <figure class=\"aligncenter size-full\"><img loading=\"lazy\" decoding=\"async\" width=\"720\" height=\"540\" src=\"https:\/\/www.plasticgranularmachine.com\/wp-content\/uploads\/2023\/01\/plasic-film-granulator.webp\" alt=\"granulateur de film plastique\" class=\"wp-image-477\" srcset=\"https:\/\/www.plasticgranularmachine.com\/wp-content\/uploads\/2023\/01\/plasic-film-granulator.webp 720w, https:\/\/www.plasticgranularmachine.com\/wp-content\/uploads\/2023\/01\/plasic-film-granulator-300x225.webp 300w\" sizes=\"auto, (max-width: 720px) 100vw, 720px\" \/><figcaption class=\"wp-element-caption\">Machine de fabrication de granul\u00e9s HDPE envoy\u00e9e en Arabie Saoudite<\/figcaption><\/figure> <\/div>   <h2 class=\"wp-block-heading\">Processus de granulation du recyclage du plastique HDPE<\/h2>    <ul class=\"wp-block-list\"> <li>Fusion\u00a0: Les granul\u00e9s de PEHD s\u00e9ch\u00e9s sont introduits dans le syst\u00e8me de fusion de la machine de fabrication de granul\u00e9s de PEHD, o\u00f9 ils sont fondus \u00e0 haute temp\u00e9rature pour les transformer en un \u00e9tat fluide, pr\u00eats pour le processus d'extrusion ult\u00e9rieur.<\/li>    <li>Extrusion\u00a0: Le mat\u00e9riau HDPE fondu passe \u00e0 travers l'extrudeuse et est pouss\u00e9 par une vis chauff\u00e9e, qui chauffe uniform\u00e9ment le mat\u00e9riau et l'extrude de la fili\u00e8re.<\/li>    <li>Refroidissement\u00a0: La temp\u00e9rature des bandes de plastique qui sortent de la machine de fabrication de granul\u00e9s HDPE est tr\u00e8s \u00e9lev\u00e9e, elles doivent donc \u00eatre refroidies avec des r\u00e9servoirs d'eau de refroidissement, et en m\u00eame temps, le refroidissement peut faire durcir le plastique rapidement, de sorte qu'il peut \u00eatre pratique pour la granulation ult\u00e9rieure du plastique HDPE.<\/li>    <li>D\u00e9coupe\u00a0: Enfin, les granul\u00e9s de HDPE coup\u00e9s sont coup\u00e9s en longueurs appropri\u00e9es pour obtenir le produit final de granul\u00e9s recycl\u00e9s.<\/li> <\/ul>   <div class=\"wp-block-image\"> <figure class=\"aligncenter size-full\"><img loading=\"lazy\" decoding=\"async\" width=\"720\" height=\"540\" src=\"https:\/\/www.plasticgranularmachine.com\/wp-content\/uploads\/2023\/12\/plastic-granulator-in-the-factory.webp\" alt=\"granulateur en plastique en usine\" class=\"wp-image-1371\" srcset=\"https:\/\/www.plasticgranularmachine.com\/wp-content\/uploads\/2023\/12\/plastic-granulator-in-the-factory.webp 720w, https:\/\/www.plasticgranularmachine.com\/wp-content\/uploads\/2023\/12\/plastic-granulator-in-the-factory-300x225.webp 300w, https:\/\/www.plasticgranularmachine.com\/wp-content\/uploads\/2023\/12\/plastic-granulator-in-the-factory-16x12.webp 16w\" sizes=\"auto, (max-width: 720px) 100vw, 720px\" \/><figcaption class=\"wp-element-caption\">granulateur en plastique en usine<\/figcaption><\/figure> <\/div>   <h2 class=\"wp-block-heading\">Param\u00e8tres de la machine de granulation HDPE <\/h2>    <p>Les quatre mod\u00e8les suivants sont les types les plus populaires de nos machines de granulation du plastique, leurs capacit\u00e9s peuvent r\u00e9pondre aux besoins de la plupart des clients. Cependant, si vous avez besoin d'un mod\u00e8le plus grand, nous pouvons \u00e9galement le personnaliser, n'h\u00e9sitez pas \u00e0 nous contacter \u00e0 tout moment. <\/p>    <figure class=\"wp-block-table\"><table><tbody><tr><td>Mod\u00e8le de machine<\/td><td>SL-125<\/td><td>SL-150<\/td><td>SL-180<\/td><td>SL-200<\/td><\/tr><tr><td>Diam\u00e8tre de la vis<\/td><td>125mm<\/td><td>150mm<\/td><td>180mm<\/td><td>200 mm<\/td><\/tr><tr><td>Vitesse de broche<\/td><td>50-70\/min<\/td><td>40-50\/min<\/td><td>40-50\/min<\/td><td>40-50\/min<\/td><\/tr><tr><td>Puissance du moteur principal<\/td><td>30KW<\/td><td>37KW<\/td><td>55KW<\/td><td>75KW<\/td><\/tr><tr><td>R\u00e9ducteur (engrenage dur)<\/td><td>225<\/td><td>250<\/td><td>280<\/td><td>315<\/td><\/tr><tr><td>Taille<\/td><td>2.6*0.7*0.7<\/td><td>3.0*0.7*0.7<\/td><td>3.2*0.7*0.7<\/td><td>3.5*1*1<\/td><\/tr><tr><td>Sortir<\/td><td>180 KG\/H<\/td><td>300 KG\/H<\/td><td>350 KG\/H<\/td><td>380 KG\/H<\/td><\/tr><\/tbody><\/table><\/figure>   <div class=\"wp-block-image\"> <figure class=\"aligncenter size-full\"><img loading=\"lazy\" decoding=\"async\" width=\"720\" height=\"540\" src=\"https:\/\/www.plasticgranularmachine.com\/wp-content\/uploads\/2023\/12\/HDPE-granules-making-machine.webp\" alt=\"Machine de fabrication de granul\u00e9s HDPE\" class=\"wp-image-1372\" srcset=\"https:\/\/www.plasticgranularmachine.com\/wp-content\/uploads\/2023\/12\/HDPE-granules-making-machine.webp 720w, https:\/\/www.plasticgranularmachine.com\/wp-content\/uploads\/2023\/12\/HDPE-granules-making-machine-300x225.webp 300w, https:\/\/www.plasticgranularmachine.com\/wp-content\/uploads\/2023\/12\/HDPE-granules-making-machine-16x12.webp 16w\" sizes=\"auto, (max-width: 720px) 100vw, 720px\" \/><figcaption class=\"wp-element-caption\">Machine de fabrication de granul\u00e9s HDPE<\/figcaption><\/figure> <\/div>   <h2 class=\"wp-block-heading\">Retour d'exp\u00e9rience de la C\u00f4te d'Ivoire sur la machine de fabrication de granul\u00e9s HDPE <\/h2>    <figure class=\"wp-block-embed is-type-video is-provider-youtube wp-block-embed-youtube wp-embed-aspect-16-9 wp-has-aspect-ratio\"><div class=\"wp-block-embed__wrapper\"> <iframe loading=\"lazy\" title=\"Commentaires des clients! Processus de fabrication de granul\u00e9s HDPE en C\u00f4te d&#039;Ivoire\" width=\"500\" height=\"281\" src=\"https:\/\/www.youtube.com\/embed\/44dq-0uQ3V0?start=18&#038;feature=oembed\" frameborder=\"0\" allow=\"accelerometer; autoplay; clipboard-write; encrypted-media; gyroscope; picture-in-picture; web-share\" referrerpolicy=\"strict-origin-when-cross-origin\" allowfullscreen><\/iframe> <\/div><\/figure>","protected":false},"excerpt":{"rendered":"<p>Our HDPE plastic pellet machine is an innovative machine designed for processing HDPE plastic hard materials, including plastic bottles, plastic drums and so on. It has been successfully exported to Kenya, Nigeria, Cote d&#8217;Ivoire, Saudi Arabia and other Togolese countries. Our machine has set up a complete plastic pelletizing recycling line for our customers, helping [&hellip;]<\/p>\n","protected":false},"author":1,"featured_media":1267,"parent":0,"template":"","tags":[36,18],"product-type":[5],"class_list":["post-656","product","type-product","status-publish","has-post-thumbnail","hentry","tag-hard-plastic-recycling","tag-pelletizing-machine","product-type-plastic-pelletizer"],"_links":{"self":[{"href":"https:\/\/www.plasticgranularmachine.com\/fr\/wp-json\/wp\/v2\/product\/656","targetHints":{"allow":["GET"]}}],"collection":[{"href":"https:\/\/www.plasticgranularmachine.com\/fr\/wp-json\/wp\/v2\/product"}],"about":[{"href":"https:\/\/www.plasticgranularmachine.com\/fr\/wp-json\/wp\/v2\/types\/product"}],"author":[{"embeddable":true,"href":"https:\/\/www.plasticgranularmachine.com\/fr\/wp-json\/wp\/v2\/users\/1"}],"wp:featuredmedia":[{"embeddable":true,"href":"https:\/\/www.plasticgranularmachine.com\/fr\/wp-json\/wp\/v2\/media\/1267"}],"wp:attachment":[{"href":"https:\/\/www.plasticgranularmachine.com\/fr\/wp-json\/wp\/v2\/media?parent=656"}],"wp:term":[{"taxonomy":"post_tag","embeddable":true,"href":"https:\/\/www.plasticgranularmachine.com\/fr\/wp-json\/wp\/v2\/tags?post=656"},{"taxonomy":"product-type","embeddable":true,"href":"https:\/\/www.plasticgranularmachine.com\/fr\/wp-json\/wp\/v2\/product-type?post=656"}],"curies":[{"name":"wp","href":"https:\/\/api.w.org\/{rel}","templated":true}]}}