{"id":660,"date":"2023-12-18T11:16:13","date_gmt":"2023-12-18T03:16:13","guid":{"rendered":"https:\/\/www.plasticgranularmachine.com\/?post_type=product&#038;p=660"},"modified":"2025-01-06T09:54:03","modified_gmt":"2025-01-06T01:54:03","slug":"trommel-screen","status":"publish","type":"product","link":"https:\/\/www.plasticgranularmachine.com\/fr\/product\/trommel-screen\/","title":{"rendered":"Machine d'\u00e9cran de trommel de bouteille d'ANIMAL FAMILIER"},"content":{"rendered":"<p>Les tamis \u00e0 tambour sont des \u00e9quipements utilis\u00e9s dans l'usine de recyclage de bouteilles en plastique pour purifier efficacement les d\u00e9chets plastiques gr\u00e2ce au criblage et au tri, fournissant ainsi une base mat\u00e9rielle claire et organis\u00e9e pour les \u00e9tapes de traitement ult\u00e9rieures.<\/p>   <div class=\"wp-block-image\"> <figure class=\"aligncenter size-full\"><img loading=\"lazy\" decoding=\"async\" width=\"720\" height=\"540\" src=\"https:\/\/www.plasticgranularmachine.com\/wp-content\/uploads\/2023\/12\/industrial-trommel-machine.webp\" alt=\"Tamis Trommel\" class=\"wp-image-662\" srcset=\"https:\/\/www.plasticgranularmachine.com\/wp-content\/uploads\/2023\/12\/industrial-trommel-machine.webp 720w, https:\/\/www.plasticgranularmachine.com\/wp-content\/uploads\/2023\/12\/industrial-trommel-machine-300x225.webp 300w\" sizes=\"auto, (max-width: 720px) 100vw, 720px\" \/><\/figure> <\/div>  <div class=\"wp-block-image\"> <figure class=\"aligncenter size-full\"><img loading=\"lazy\" decoding=\"async\" width=\"720\" height=\"540\" src=\"https:\/\/www.plasticgranularmachine.com\/wp-content\/uploads\/2023\/12\/industrial-trommel.webp\" alt=\"\" class=\"wp-image-661\" srcset=\"https:\/\/www.plasticgranularmachine.com\/wp-content\/uploads\/2023\/12\/industrial-trommel.webp 720w, https:\/\/www.plasticgranularmachine.com\/wp-content\/uploads\/2023\/12\/industrial-trommel-300x225.webp 300w\" sizes=\"auto, (max-width: 720px) 100vw, 720px\" \/><\/figure> <\/div>   <h2 class=\"wp-block-heading\">Introduction du tamis trommel pour le recyclage du plastique<\/h2>    <p>Un tamis \u00e0 trommel se compose g\u00e9n\u00e9ralement d'un cadre de tamis principal, d'une entr\u00e9e, d'un tambour, d'un moteur et d'un syst\u00e8me d'entra\u00eenement, d'un tamis et d'une sortie de laitier.<\/p>    <p>Gr\u00e2ce au tambour rotatif et au maillage de tamis raisonnablement con\u00e7u, le tamis \u00e0 tambour fait rouler et tourner les d\u00e9chets en plastique, tamisant les d\u00e9bris et les mati\u00e8res premi\u00e8res non conformes.<\/p>    <h2 class=\"wp-block-heading\">Pourquoi avez-vous besoin d'une machine de tamisage \u00e0 trommel pour bouteilles PET\u00a0?<\/h2>    <p>Dans l\u2019ensemble, l\u2019utilisation de tamis trommel dans les lignes de recyclage de bouteilles en plastique joue un r\u00f4le de pr\u00e9traitement et contribue \u00e0 am\u00e9liorer l\u2019efficacit\u00e9 du recyclage et la qualit\u00e9 des flocons de PET. Les points suivants expliqueront les d\u00e9tails sp\u00e9cifiques.<\/p>    <ul class=\"wp-block-list\"> <li>Criblage de taille\u00a0: les tamis \u00e0 gobelet peuvent \u00eatre utilis\u00e9s pour filtrer les bouteilles en plastique de diff\u00e9rentes tailles, en s\u00e9parant les bouteilles de grande, moyenne et petite taille. Cela facilite les \u00e9tapes de traitement ult\u00e9rieures, garantissant que chaque taille de bouteille peut \u00eatre introduite dans l'\u00e9quipement appropri\u00e9 pour le traitement.<\/li>    <li>\u00c9limination des impuret\u00e9s : les tamis pour bouteilles en PET sont efficaces pour \u00e9liminer les impuret\u00e9s telles que les pierres, les m\u00e9taux, etc. des d\u00e9chets plastiques. Cela permet d\u2019emp\u00eacher ces contaminants d\u2019endommager d\u2019autres \u00e9quipements de recyclage et d\u2019am\u00e9liorer l\u2019efficacit\u00e9 de l\u2019ensemble du processus de recyclage.<\/li>    <li>Purification des mat\u00e9riaux : gr\u00e2ce au tamis du tambour, la purification initiale des d\u00e9chets de bouteilles en plastique peut \u00eatre r\u00e9alis\u00e9e, en \u00e9liminant les attaches de surface, la terre, etc. Cela contribue \u00e0 am\u00e9liorer la qualit\u00e9 du produit final et garantit que le plastique recycl\u00e9 r\u00e9pond aux crit\u00e8res de r\u00e9utilisation.<\/li> <\/ul>    <h2 class=\"wp-block-heading\">Ligne de recyclage de bouteilles en plastique associ\u00e9e<\/h2>    <p class=\"translation-block\">La <strong><a href=\"https:\/\/www.plasticgranularmachine.com\/fr\/product\/pet-bottles-recycling-line\/\" data-type=\"link\" data-id=\"https:\/\/www.plasticgranularmachine.com\/product\/pet-bottles-recycling-line\/\">ligne de recyclage, broyage et lavage de bouteilles en plastique PET<\/a><\/strong> adopte un proc\u00e9d\u00e9 avanc\u00e9 pour fragmenter les bouteilles en plastique PET usag\u00e9es via un broyeur, qui est ensuite lav\u00e9 par une machine \u00e0 laver pour \u00e9liminer les polluants, et finalement par un syst\u00e8me de s\u00e9chage pour \u00e9liminer l'eau, r\u00e9sultant en paillettes de PET propres et s\u00e8ches.<\/p>   <div class=\"wp-block-image\"> <figure class=\"aligncenter size-full is-resized\"><img loading=\"lazy\" decoding=\"async\" width=\"720\" height=\"540\" src=\"https:\/\/www.plasticgranularmachine.com\/wp-content\/uploads\/2022\/06\/PET-bottle-recycling-machine.webp\" alt=\"\" class=\"wp-image-578\" style=\"width:720px;height:auto\" srcset=\"https:\/\/www.plasticgranularmachine.com\/wp-content\/uploads\/2022\/06\/PET-bottle-recycling-machine.webp 720w, https:\/\/www.plasticgranularmachine.com\/wp-content\/uploads\/2022\/06\/PET-bottle-recycling-machine-300x225.webp 300w\" sizes=\"auto, (max-width: 720px) 100vw, 720px\" \/><figcaption class=\"wp-element-caption\">ligne de recyclage de bouteilles en plastique<\/figcaption><\/figure> <\/div>","protected":false},"excerpt":{"rendered":"<p>Tumbler screens are equipment used in the plastic bottle recycling factory to effectively purify plastic waste through screening and sorting, providing a clear and organized material base for subsequent processing steps. Introduction of trommel screen for plastic recycling A trommel screen usually consists of a main screen frame, an inlet, a drum, a motor and [&hellip;]<\/p>\n","protected":false},"author":1,"featured_media":662,"parent":0,"template":"","tags":[38],"product-type":[32],"class_list":["post-660","product","type-product","status-publish","has-post-thumbnail","hentry","tag-pet-recycling","product-type-plastic-baler"],"_links":{"self":[{"href":"https:\/\/www.plasticgranularmachine.com\/fr\/wp-json\/wp\/v2\/product\/660","targetHints":{"allow":["GET"]}}],"collection":[{"href":"https:\/\/www.plasticgranularmachine.com\/fr\/wp-json\/wp\/v2\/product"}],"about":[{"href":"https:\/\/www.plasticgranularmachine.com\/fr\/wp-json\/wp\/v2\/types\/product"}],"author":[{"embeddable":true,"href":"https:\/\/www.plasticgranularmachine.com\/fr\/wp-json\/wp\/v2\/users\/1"}],"wp:featuredmedia":[{"embeddable":true,"href":"https:\/\/www.plasticgranularmachine.com\/fr\/wp-json\/wp\/v2\/media\/662"}],"wp:attachment":[{"href":"https:\/\/www.plasticgranularmachine.com\/fr\/wp-json\/wp\/v2\/media?parent=660"}],"wp:term":[{"taxonomy":"post_tag","embeddable":true,"href":"https:\/\/www.plasticgranularmachine.com\/fr\/wp-json\/wp\/v2\/tags?post=660"},{"taxonomy":"product-type","embeddable":true,"href":"https:\/\/www.plasticgranularmachine.com\/fr\/wp-json\/wp\/v2\/product-type?post=660"}],"curies":[{"name":"wp","href":"https:\/\/api.w.org\/{rel}","templated":true}]}}