{"id":663,"date":"2023-12-18T16:19:34","date_gmt":"2023-12-18T08:19:34","guid":{"rendered":"https:\/\/www.plasticgranularmachine.com\/?post_type=product&#038;p=663"},"modified":"2025-01-06T10:00:16","modified_gmt":"2025-01-06T02:00:16","slug":"plastic-strip-cutting-machine","status":"publish","type":"product","link":"https:\/\/www.plasticgranularmachine.com\/fr\/product\/plastic-strip-cutting-machine\/","title":{"rendered":"Machine de d\u00e9coupe de bandes de plastique"},"content":{"rendered":"<p>Le pelletiseur de plastique est la derni\u00e8re \u00e9tape de la ligne de pelletisation. Il coupera les longues bandes de plastique en petits pellets pour l'emballage et la vente ult\u00e9rieurs.<\/p>    <figure class=\"wp-block-gallery aligncenter has-nested-images columns-default is-cropped wp-block-gallery-2 is-layout-flex wp-block-gallery-is-layout-flex\"> <figure class=\"wp-block-image size-full\"><img loading=\"lazy\" decoding=\"async\" width=\"720\" height=\"540\" data-id=\"1339\" src=\"https:\/\/www.plasticgranularmachine.com\/wp-content\/uploads\/2023\/12\/plastic-pelletizing-line-includes-plastic-dana-cutter.webp\" alt=\"la ligne de granulation du plastique comprend un coupe-dana en plastique\" class=\"wp-image-1339\" srcset=\"https:\/\/www.plasticgranularmachine.com\/wp-content\/uploads\/2023\/12\/plastic-pelletizing-line-includes-plastic-dana-cutter.webp 720w, https:\/\/www.plasticgranularmachine.com\/wp-content\/uploads\/2023\/12\/plastic-pelletizing-line-includes-plastic-dana-cutter-300x225.webp 300w, https:\/\/www.plasticgranularmachine.com\/wp-content\/uploads\/2023\/12\/plastic-pelletizing-line-includes-plastic-dana-cutter-16x12.webp 16w\" sizes=\"auto, (max-width: 720px) 100vw, 720px\" \/><figcaption class=\"wp-element-caption\">la ligne de granulation du plastique comprend un coupe-dana en plastique<\/figcaption><\/figure>    <figure class=\"wp-block-image size-full\"><img loading=\"lazy\" decoding=\"async\" width=\"720\" height=\"540\" data-id=\"1340\" src=\"https:\/\/www.plasticgranularmachine.com\/wp-content\/uploads\/2023\/12\/Plastic-pellet-making-machine.webp\" alt=\"Machine de fabrication de granul\u00e9s de plastique\" class=\"wp-image-1340\" srcset=\"https:\/\/www.plasticgranularmachine.com\/wp-content\/uploads\/2023\/12\/Plastic-pellet-making-machine.webp 720w, https:\/\/www.plasticgranularmachine.com\/wp-content\/uploads\/2023\/12\/Plastic-pellet-making-machine-300x225.webp 300w, https:\/\/www.plasticgranularmachine.com\/wp-content\/uploads\/2023\/12\/Plastic-pellet-making-machine-16x12.webp 16w\" sizes=\"auto, (max-width: 720px) 100vw, 720px\" \/><figcaption class=\"wp-element-caption\">Machine de fabrication de granul\u00e9s de plastique<\/figcaption><\/figure> <\/figure>    <h2 class=\"wp-block-heading\">Application de la machine de d\u00e9coupe de bandes de plastique<\/h2>    <p>Il convient aux machines de granulation de plastique apr\u00e8s avoir tir\u00e9 des bandes, utilis\u00e9es pour le PVC, le PP, le LDPE, le HDPE, le LLDPE et d'autres granulations de plastique.<\/p>    <figure class=\"wp-block-gallery has-nested-images columns-default is-cropped wp-block-gallery-3 is-layout-flex wp-block-gallery-is-layout-flex\"> <figure class=\"wp-block-image size-large\"><img loading=\"lazy\" decoding=\"async\" width=\"720\" height=\"540\" data-id=\"1337\" src=\"https:\/\/www.plasticgranularmachine.com\/wp-content\/uploads\/2023\/12\/plastic-dana-cutting-machine.webp\" alt=\"machine de d\u00e9coupe de plastique dana\" class=\"wp-image-1337\" srcset=\"https:\/\/www.plasticgranularmachine.com\/wp-content\/uploads\/2023\/12\/plastic-dana-cutting-machine.webp 720w, https:\/\/www.plasticgranularmachine.com\/wp-content\/uploads\/2023\/12\/plastic-dana-cutting-machine-300x225.webp 300w, https:\/\/www.plasticgranularmachine.com\/wp-content\/uploads\/2023\/12\/plastic-dana-cutting-machine-16x12.webp 16w\" sizes=\"auto, (max-width: 720px) 100vw, 720px\" \/><figcaption class=\"wp-element-caption\">machine de d\u00e9coupe de plastique dana<\/figcaption><\/figure>    <figure class=\"wp-block-image size-large\"><img loading=\"lazy\" decoding=\"async\" width=\"720\" height=\"540\" data-id=\"1338\" src=\"https:\/\/www.plasticgranularmachine.com\/wp-content\/uploads\/2023\/12\/Plastic-Strip-Cutting-Machine-1.webp\" alt=\"Machine de d\u00e9coupe de bandes de plastique\" class=\"wp-image-1338\" srcset=\"https:\/\/www.plasticgranularmachine.com\/wp-content\/uploads\/2023\/12\/Plastic-Strip-Cutting-Machine-1.webp 720w, https:\/\/www.plasticgranularmachine.com\/wp-content\/uploads\/2023\/12\/Plastic-Strip-Cutting-Machine-1-300x225.webp 300w, https:\/\/www.plasticgranularmachine.com\/wp-content\/uploads\/2023\/12\/Plastic-Strip-Cutting-Machine-1-16x12.webp 16w\" sizes=\"auto, (max-width: 720px) 100vw, 720px\" \/><figcaption class=\"wp-element-caption\">Machine de d\u00e9coupe de bandes de plastique<\/figcaption><\/figure> <\/figure>    <h2 class=\"wp-block-heading\">Structure de la machine de d\u00e9coupe de granul\u00e9s de plastique <\/h2>    <p>Le pelletiseur en plastique est principalement compos\u00e9 d'une plaque de cuisson, d'un rouleau presseur et d'un dispositif de transmission.<\/p>    <figure class=\"wp-block-gallery has-nested-images columns-default is-cropped wp-block-gallery-4 is-layout-flex wp-block-gallery-is-layout-flex\"> <figure class=\"wp-block-image size-large\"><img loading=\"lazy\" decoding=\"async\" width=\"720\" height=\"540\" data-id=\"1341\" src=\"https:\/\/www.plasticgranularmachine.com\/wp-content\/uploads\/2023\/12\/details-of-the-plastic-pellet-making-machine.webp\" alt=\"d\u00e9tails de la machine de fabrication de granul\u00e9s de plastique\" class=\"wp-image-1341\" srcset=\"https:\/\/www.plasticgranularmachine.com\/wp-content\/uploads\/2023\/12\/details-of-the-plastic-pellet-making-machine.webp 720w, https:\/\/www.plasticgranularmachine.com\/wp-content\/uploads\/2023\/12\/details-of-the-plastic-pellet-making-machine-300x225.webp 300w, https:\/\/www.plasticgranularmachine.com\/wp-content\/uploads\/2023\/12\/details-of-the-plastic-pellet-making-machine-16x12.webp 16w\" sizes=\"auto, (max-width: 720px) 100vw, 720px\" \/><figcaption class=\"wp-element-caption\">d\u00e9tails de la machine de fabrication de granul\u00e9s de plastique<\/figcaption><\/figure>    <figure class=\"wp-block-image size-large\"><img loading=\"lazy\" decoding=\"async\" width=\"720\" height=\"540\" data-id=\"1342\" src=\"https:\/\/www.plasticgranularmachine.com\/wp-content\/uploads\/2023\/12\/hob-of-the-plastic-dana-cutter-machine.webp\" alt=\"table de cuisson de la machine de d\u00e9coupe de dana en plastique\" class=\"wp-image-1342\" srcset=\"https:\/\/www.plasticgranularmachine.com\/wp-content\/uploads\/2023\/12\/hob-of-the-plastic-dana-cutter-machine.webp 720w, https:\/\/www.plasticgranularmachine.com\/wp-content\/uploads\/2023\/12\/hob-of-the-plastic-dana-cutter-machine-300x225.webp 300w, https:\/\/www.plasticgranularmachine.com\/wp-content\/uploads\/2023\/12\/hob-of-the-plastic-dana-cutter-machine-16x12.webp 16w\" sizes=\"auto, (max-width: 720px) 100vw, 720px\" \/><figcaption class=\"wp-element-caption\">table de cuisson de la machine de d\u00e9coupe de dana en plastique<\/figcaption><\/figure> <\/figure>    <h2 class=\"wp-block-heading\">Param\u00e8tres de la machine de d\u00e9coupe de bandes de plastique<\/h2>    <figure class=\"wp-block-table\"><table><tbody><tr><td>Taper<\/td><td>Pouvoir<\/td><td>Largeur des couteaux<\/td><td>Type de couteau<\/td><\/tr><tr><td>SL-180<\/td><td>3<\/td><td>180<\/td><td>plaque<\/td><\/tr><tr><td>SL-220<\/td><td>5.5<\/td><td>220<\/td><td>plaque<\/td><\/tr><tr><td>SL-260<\/td><td>5.5<\/td><td>260<\/td><td>plaque<\/td><\/tr><\/tbody><\/table><\/figure>   <div class=\"wp-block-image\"> <figure class=\"aligncenter size-full\"><img loading=\"lazy\" decoding=\"async\" width=\"540\" height=\"720\" src=\"https:\/\/www.plasticgranularmachine.com\/wp-content\/uploads\/2023\/12\/plastic-dana-cutter.webp\" alt=\"coupe-dana en plastique\" class=\"wp-image-1343\" srcset=\"https:\/\/www.plasticgranularmachine.com\/wp-content\/uploads\/2023\/12\/plastic-dana-cutter.webp 540w, https:\/\/www.plasticgranularmachine.com\/wp-content\/uploads\/2023\/12\/plastic-dana-cutter-225x300.webp 225w, https:\/\/www.plasticgranularmachine.com\/wp-content\/uploads\/2023\/12\/plastic-dana-cutter-9x12.webp 9w\" sizes=\"auto, (max-width: 540px) 100vw, 540px\" \/><figcaption class=\"wp-element-caption\">coupe-dana en plastique<\/figcaption><\/figure> <\/div>   <h2 class=\"wp-block-heading\">Le fonctionnement de la machine de d\u00e9coupe de granul\u00e9s de plastique doit \u00eatre not\u00e9<\/h2>    <ul class=\"wp-block-list\"> <li>Le remplissage de l'op\u00e9rateur doit avoir une belle apparence, ne pas entrer dans les d\u00e9bris de mat\u00e9riaux, saisir la temp\u00e9rature.<\/li>    <li>La temp\u00e9rature de l'eau doit g\u00e9n\u00e9ralement \u00eatre comprise entre 50 et 60 \u2103, basse, facile \u00e0 casser la bande, au-del\u00e0 facile \u00e0 coller. Au d\u00e9but, la temp\u00e9rature de l'eau n'est pas stable, le grain coup\u00e9 peut \u00eatre utilis\u00e9 pour couper le convoyeur de la machine \u00e0 grain pendant un certain temps, et ainsi la temp\u00e9rature de l'eau augmente, puis laissez la machine de d\u00e9coupe de granul\u00e9s de plastique couper automatiquement le plastique, afin de ne pas casser la bande.<\/li>    <li>Les granul\u00e9s de coupe doivent \u00eatre tir\u00e9s uniform\u00e9ment avant la bande dans le rouleau presseur, sinon cela endommagerait le coupe-granul\u00e9s en plastique.<\/li> <\/ul>    <h2 class=\"wp-block-heading\">Ligne de granulation de plastique associ\u00e9e <\/h2>    <p class=\"translation-block\">L'ensemble de la <strong><a href=\"https:\/\/www.plasticgranularmachine.com\/fr\/product\/plastic-film-recycling-line\/\" data-type=\"link\" data-id=\"https:\/\/www.plasticgranularmachine.com\/product\/plastic-film-recycling-line\/\">ligne de granulation de plastique<\/a><\/strong> comprend des granulateurs de plastique, des concasseurs de plastique, des machines de lavage de plastique et des machines de d\u00e9coupe de bandes de plastique. Si vous \u00eates une usine de recyclage de plastique ou si vous vous lancez dans une nouvelle activit\u00e9 de recyclage, n'h\u00e9sitez pas \u00e0 nous contacter \u00e0 tout moment. Nous vous personnaliserons une solution compl\u00e8te de granulation de plastique.<\/p>    <figure class=\"wp-block-embed is-type-video is-provider-youtube wp-block-embed-youtube wp-embed-aspect-16-9 wp-has-aspect-ratio\"><div class=\"wp-block-embed__wrapper\"> <iframe loading=\"lazy\" title=\"Des d\u00e9chets aux granul\u00e9s\u00a0: d\u00e9couvrez notre machine de granulation de plastique en action\u00a0!\" width=\"500\" height=\"281\" src=\"https:\/\/www.youtube.com\/embed\/RyomHQQR0cQ?feature=oembed\" frameborder=\"0\" allow=\"accelerometer; autoplay; clipboard-write; encrypted-media; gyroscope; picture-in-picture; web-share\" referrerpolicy=\"strict-origin-when-cross-origin\" allowfullscreen><\/iframe> <\/div><\/figure>","protected":false},"excerpt":{"rendered":"<p>Plastic pelletizer is the last step of the pelletizing line, it will cut the long plastic strips into small pellets for subsequent packaging and sales. Application of Plastic Strip Cutting Machine It is suitable for plastic pelletizing machines after pulling strips, used for PVC, PP, LDPE, HDPE, LLDPE and other plastic pelletizing. Plastic pellet cutting [&hellip;]<\/p>\n","protected":false},"author":1,"featured_media":1224,"parent":0,"template":"","tags":[37],"product-type":[4],"class_list":["post-663","product","type-product","status-publish","has-post-thumbnail","hentry","tag-pelletizing","product-type-crushing-machine"],"_links":{"self":[{"href":"https:\/\/www.plasticgranularmachine.com\/fr\/wp-json\/wp\/v2\/product\/663","targetHints":{"allow":["GET"]}}],"collection":[{"href":"https:\/\/www.plasticgranularmachine.com\/fr\/wp-json\/wp\/v2\/product"}],"about":[{"href":"https:\/\/www.plasticgranularmachine.com\/fr\/wp-json\/wp\/v2\/types\/product"}],"author":[{"embeddable":true,"href":"https:\/\/www.plasticgranularmachine.com\/fr\/wp-json\/wp\/v2\/users\/1"}],"wp:featuredmedia":[{"embeddable":true,"href":"https:\/\/www.plasticgranularmachine.com\/fr\/wp-json\/wp\/v2\/media\/1224"}],"wp:attachment":[{"href":"https:\/\/www.plasticgranularmachine.com\/fr\/wp-json\/wp\/v2\/media?parent=663"}],"wp:term":[{"taxonomy":"post_tag","embeddable":true,"href":"https:\/\/www.plasticgranularmachine.com\/fr\/wp-json\/wp\/v2\/tags?post=663"},{"taxonomy":"product-type","embeddable":true,"href":"https:\/\/www.plasticgranularmachine.com\/fr\/wp-json\/wp\/v2\/product-type?post=663"}],"curies":[{"name":"wp","href":"https:\/\/api.w.org\/{rel}","templated":true}]}}