{"id":674,"date":"2023-12-18T17:36:14","date_gmt":"2023-12-18T09:36:14","guid":{"rendered":"https:\/\/www.plasticgranularmachine.com\/?post_type=product&#038;p=674"},"modified":"2025-01-06T09:43:22","modified_gmt":"2025-01-06T01:43:22","slug":"plastic-foam-granulator","status":"publish","type":"product","link":"https:\/\/www.plasticgranularmachine.com\/fr\/product\/plastic-foam-granulator\/","title":{"rendered":"Granulateur de mousse en plastique EPE"},"content":{"rendered":"<p>Le granulateur de mousse plastique EPE est sp\u00e9cialement utilis\u00e9 pour transformer la mousse en EPE en granul\u00e9s. Les granul\u00e9s de plastique finaux sont de taille nette et de couleur uniforme, et ont re\u00e7u de bons commentaires de la part du march\u00e9.<\/p>   <div class=\"wp-block-image\"> <figure class=\"aligncenter size-full\"><img loading=\"lazy\" decoding=\"async\" width=\"720\" height=\"540\" src=\"https:\/\/www.plasticgranularmachine.com\/wp-content\/uploads\/2023\/12\/EPE-granulator-1.webp\" alt=\"Granulateur EPE\" class=\"wp-image-1254\" srcset=\"https:\/\/www.plasticgranularmachine.com\/wp-content\/uploads\/2023\/12\/EPE-granulator-1.webp 720w, https:\/\/www.plasticgranularmachine.com\/wp-content\/uploads\/2023\/12\/EPE-granulator-1-300x225.webp 300w, https:\/\/www.plasticgranularmachine.com\/wp-content\/uploads\/2023\/12\/EPE-granulator-1-16x12.webp 16w\" sizes=\"auto, (max-width: 720px) 100vw, 720px\" \/><figcaption class=\"wp-element-caption\">Granulateur EPE<\/figcaption><\/figure> <\/div>   <h2 class=\"wp-block-heading\">Avantages de la machine d'extrusion de mousse EPE<\/h2>    <ul class=\"wp-block-list\"> <li><strong>Large gamme d'applications\u00a0:<\/strong> Les granulateurs de mousse EPE personnalis\u00e9s peuvent r\u00e9pondre efficacement \u00e0 diff\u00e9rentes \u00e9chelles de production de granulation EPE.<\/li>    <li><strong>Facile \u00e0 utiliser :<\/strong> Equip\u00e9 d'une armoire intelligente, il peut contr\u00f4ler la progression de la production en temps r\u00e9el et s'arr\u00eater \u00e0 l'arr\u00eat.<\/li>    <li><strong>Haute efficacit\u00e9 \u00e9conomique\u00a0:<\/strong> bonne qualit\u00e9 des particules finies, valeur \u00e9conomique \u00e9lev\u00e9e, faible co\u00fbt de maintenance du pelletiseur.<\/li> <\/ul>    <p>Les avantages de la machine d'extrusion EPE sont plus nombreux que cela, continuons \u00e0 explorer ses secrets ensemble !<\/p>    <figure class=\"wp-block-gallery has-nested-images columns-default is-cropped wp-block-gallery-2 is-layout-flex wp-block-gallery-is-layout-flex\"> <figure class=\"wp-block-image size-large\"><img loading=\"lazy\" decoding=\"async\" width=\"720\" height=\"540\" data-id=\"1262\" src=\"https:\/\/www.plasticgranularmachine.com\/wp-content\/uploads\/2023\/12\/polystyrene-granuales-machine.webp\" alt=\"machine \u00e0 granul\u00e9s de polystyr\u00e8ne\" class=\"wp-image-1262\" srcset=\"https:\/\/www.plasticgranularmachine.com\/wp-content\/uploads\/2023\/12\/polystyrene-granuales-machine.webp 720w, https:\/\/www.plasticgranularmachine.com\/wp-content\/uploads\/2023\/12\/polystyrene-granuales-machine-300x225.webp 300w, https:\/\/www.plasticgranularmachine.com\/wp-content\/uploads\/2023\/12\/polystyrene-granuales-machine-16x12.webp 16w\" sizes=\"auto, (max-width: 720px) 100vw, 720px\" \/><figcaption class=\"wp-element-caption\">machine \u00e0 granul\u00e9s de polystyr\u00e8ne<\/figcaption><\/figure>    <figure class=\"wp-block-image size-full\"><img loading=\"lazy\" decoding=\"async\" width=\"720\" height=\"540\" data-id=\"1264\" src=\"https:\/\/www.plasticgranularmachine.com\/wp-content\/uploads\/2023\/12\/plastic-foam-granulator.webp\" alt=\"granulateur de mousse plastique\" class=\"wp-image-1264\" srcset=\"https:\/\/www.plasticgranularmachine.com\/wp-content\/uploads\/2023\/12\/plastic-foam-granulator.webp 720w, https:\/\/www.plasticgranularmachine.com\/wp-content\/uploads\/2023\/12\/plastic-foam-granulator-300x225.webp 300w, https:\/\/www.plasticgranularmachine.com\/wp-content\/uploads\/2023\/12\/plastic-foam-granulator-16x12.webp 16w\" sizes=\"auto, (max-width: 720px) 100vw, 720px\" \/><figcaption class=\"wp-element-caption\">granulateur de mousse plastique<\/figcaption><\/figure> <\/figure>    <h2 class=\"wp-block-heading\">Mati\u00e8res premi\u00e8res du granulateur de mousse plastique<\/h2>    <ul class=\"wp-block-list\"> <li>Mat\u00e9riau d'emballage : la mousse EPE est largement utilis\u00e9e dans les emballages, notamment pour les articles fragiles tels que les produits \u00e9lectroniques, les produits en verre, la c\u00e9ramique, etc.<\/li>    <li>Mat\u00e9riau isolant : En raison de ses propri\u00e9t\u00e9s isolantes, la mousse EPE peut \u00eatre utilis\u00e9e dans la construction et l\u2019ing\u00e9nierie, comme mat\u00e9riau isolant pour les toits, les murs et autres pi\u00e8ces.<\/li>    <li>Remplisseur d'emballage\u00a0: utilis\u00e9 comme mat\u00e9riau de remplissage et de colis pour remplir des bo\u00eetes et des articles de colis et prot\u00e9ger les marchandises contre les dommages pendant le transport.<\/li> <\/ul>    <figure class=\"wp-block-gallery has-nested-images columns-default is-cropped wp-block-gallery-3 is-layout-flex wp-block-gallery-is-layout-flex\"> <figure class=\"wp-block-image size-large\"><img loading=\"lazy\" decoding=\"async\" width=\"720\" height=\"540\" data-id=\"1257\" src=\"https:\/\/www.plasticgranularmachine.com\/wp-content\/uploads\/2023\/12\/styrofoam-packaging-peanuts.webp\" alt=\"cacahu\u00e8tes d&#039;emballage en polystyr\u00e8ne\" class=\"wp-image-1257\" srcset=\"https:\/\/www.plasticgranularmachine.com\/wp-content\/uploads\/2023\/12\/styrofoam-packaging-peanuts.webp 720w, https:\/\/www.plasticgranularmachine.com\/wp-content\/uploads\/2023\/12\/styrofoam-packaging-peanuts-300x225.webp 300w, https:\/\/www.plasticgranularmachine.com\/wp-content\/uploads\/2023\/12\/styrofoam-packaging-peanuts-16x12.webp 16w\" sizes=\"auto, (max-width: 720px) 100vw, 720px\" \/><figcaption class=\"wp-element-caption\">cacahu\u00e8tes d'emballage en polystyr\u00e8ne<\/figcaption><\/figure>    <figure class=\"wp-block-image size-large\"><img loading=\"lazy\" decoding=\"async\" width=\"720\" height=\"540\" data-id=\"1255\" src=\"https:\/\/www.plasticgranularmachine.com\/wp-content\/uploads\/2023\/12\/epe-packaging.webp\" alt=\"emballage epe\" class=\"wp-image-1255\" srcset=\"https:\/\/www.plasticgranularmachine.com\/wp-content\/uploads\/2023\/12\/epe-packaging.webp 720w, https:\/\/www.plasticgranularmachine.com\/wp-content\/uploads\/2023\/12\/epe-packaging-300x225.webp 300w, https:\/\/www.plasticgranularmachine.com\/wp-content\/uploads\/2023\/12\/epe-packaging-16x12.webp 16w\" sizes=\"auto, (max-width: 720px) 100vw, 720px\" \/><figcaption class=\"wp-element-caption\">emballage epe<\/figcaption><\/figure>    <figure class=\"wp-block-image size-large\"><img loading=\"lazy\" decoding=\"async\" width=\"720\" height=\"540\" data-id=\"1256\" src=\"https:\/\/www.plasticgranularmachine.com\/wp-content\/uploads\/2023\/12\/polystyrene-materials.webp\" alt=\"mat\u00e9riaux en polystyr\u00e8ne\" class=\"wp-image-1256\" srcset=\"https:\/\/www.plasticgranularmachine.com\/wp-content\/uploads\/2023\/12\/polystyrene-materials.webp 720w, https:\/\/www.plasticgranularmachine.com\/wp-content\/uploads\/2023\/12\/polystyrene-materials-300x225.webp 300w, https:\/\/www.plasticgranularmachine.com\/wp-content\/uploads\/2023\/12\/polystyrene-materials-16x12.webp 16w\" sizes=\"auto, (max-width: 720px) 100vw, 720px\" \/><figcaption class=\"wp-element-caption\">mat\u00e9riaux en polystyr\u00e8ne<\/figcaption><\/figure> <\/figure>    <h2 class=\"wp-block-heading\">Produits finaux de la machine de granulation de mousse plastique EPE<\/h2>   <div class=\"wp-block-image\"> <figure class=\"aligncenter size-large\"><img loading=\"lazy\" decoding=\"async\" width=\"540\" height=\"720\" src=\"https:\/\/www.plasticgranularmachine.com\/wp-content\/uploads\/2023\/12\/epe-foam-granules.webp\" alt=\"granul\u00e9s de mousse epe\" class=\"wp-image-1258\" srcset=\"https:\/\/www.plasticgranularmachine.com\/wp-content\/uploads\/2023\/12\/epe-foam-granules.webp 540w, https:\/\/www.plasticgranularmachine.com\/wp-content\/uploads\/2023\/12\/epe-foam-granules-225x300.webp 225w, https:\/\/www.plasticgranularmachine.com\/wp-content\/uploads\/2023\/12\/epe-foam-granules-9x12.webp 9w\" sizes=\"auto, (max-width: 540px) 100vw, 540px\" \/><figcaption class=\"wp-element-caption\">granul\u00e9s de mousse epe<\/figcaption><\/figure> <\/div>   <p>Nos granulateurs de mousse plastique peuvent produire des granul\u00e9s de plastique de haute qualit\u00e9 de mani\u00e8re stable, m\u00eame dans des environnements de production difficiles. Les produits finaux peuvent \u00eatre utilis\u00e9s pour fabriquer de nouveaux produits en plastique et ont une valeur \u00e9conomique \u00e9lev\u00e9e.<\/p>    <h2 class=\"wp-block-heading\">Principe de fonctionnement de la machine de granulation EPE<\/h2>    <p>Concassage\u00a0: Une fois que la mousse entre dans la machine de granulation EPE, elle passe d'abord par un syst\u00e8me de concassage. Cette \u00e9tape est con\u00e7ue pour briser de gros morceaux de mousse en morceaux plus petits pour un traitement ult\u00e9rieur.<\/p>    <p>Chauffage et fusion : Les blocs de mousse broy\u00e9s passent dans un syst\u00e8me de chauffage qui les fait fondre \u00e0 l\u2019\u00e9tat fluide. Cette \u00e9tape permet de modifier les propri\u00e9t\u00e9s physiques du mat\u00e9riau en mousse, ce qui facilite son traitement.<\/p>    <p>Extrusion : Le mat\u00e9riau en mousse partiellement fondu est introduit dans le syst\u00e8me d'extrusion et finalement extrud\u00e9 en bandes par la fili\u00e8re.<\/p>   <div class=\"wp-block-image\"> <figure class=\"aligncenter size-full\"><img loading=\"lazy\" decoding=\"async\" width=\"720\" height=\"540\" src=\"https:\/\/www.plasticgranularmachine.com\/wp-content\/uploads\/2023\/12\/epe-foam-extruder.webp\" alt=\"extrudeuse de mousse epe\" class=\"wp-image-1259\" srcset=\"https:\/\/www.plasticgranularmachine.com\/wp-content\/uploads\/2023\/12\/epe-foam-extruder.webp 720w, https:\/\/www.plasticgranularmachine.com\/wp-content\/uploads\/2023\/12\/epe-foam-extruder-300x225.webp 300w, https:\/\/www.plasticgranularmachine.com\/wp-content\/uploads\/2023\/12\/epe-foam-extruder-16x12.webp 16w\" sizes=\"auto, (max-width: 720px) 100vw, 720px\" \/><figcaption class=\"wp-element-caption\">extrudeuse de mousse epe<\/figcaption><\/figure> <\/div>   <p>Refroidissement : La bande de plastique passe dans un r\u00e9servoir de refroidissement pour r\u00e9duire sa temp\u00e9rature, assurant ainsi la stabilit\u00e9 et le durcissement du plastique.<\/p>    <p>D\u00e9coupe\u00a0: La bande de plastique refroidie passe dans un granulateur, o\u00f9 elle est d\u00e9coup\u00e9e en granul\u00e9s de la longueur souhait\u00e9e.<\/p>   <div class=\"wp-block-image\"> <figure class=\"aligncenter size-full\"><img loading=\"lazy\" decoding=\"async\" width=\"720\" height=\"540\" src=\"https:\/\/www.plasticgranularmachine.com\/wp-content\/uploads\/2023\/12\/EPE-Foam-Machines.webp\" alt=\"Machines \u00e0 mousse EPE\" class=\"wp-image-1260\" srcset=\"https:\/\/www.plasticgranularmachine.com\/wp-content\/uploads\/2023\/12\/EPE-Foam-Machines.webp 720w, https:\/\/www.plasticgranularmachine.com\/wp-content\/uploads\/2023\/12\/EPE-Foam-Machines-300x225.webp 300w, https:\/\/www.plasticgranularmachine.com\/wp-content\/uploads\/2023\/12\/EPE-Foam-Machines-16x12.webp 16w\" sizes=\"auto, (max-width: 720px) 100vw, 720px\" \/><figcaption class=\"wp-element-caption\">Machines \u00e0 mousse EPE<\/figcaption><\/figure> <\/div>   <h2 class=\"wp-block-heading\">Vid\u00e9o de travail de la machine de pelletisation de mousse plastique<\/h2>    <figure class=\"wp-block-embed is-type-video is-provider-youtube wp-block-embed-youtube wp-embed-aspect-16-9 wp-has-aspect-ratio\"><div class=\"wp-block-embed__wrapper\"> <iframe loading=\"lazy\" title=\"Machine de granulation de recyclage de mousse plastique EPE | Ligne de production de granul\u00e9s EPE\" width=\"500\" height=\"281\" src=\"https:\/\/www.youtube.com\/embed\/7o_JFLpl5F4?start=11&#038;feature=oembed\" frameborder=\"0\" allow=\"accelerometer; autoplay; clipboard-write; encrypted-media; gyroscope; picture-in-picture; web-share\" referrerpolicy=\"strict-origin-when-cross-origin\" allowfullscreen><\/iframe> <\/div><\/figure>    <p class=\"translation-block\">Cette vid\u00e9o montre comment une granuleuse de mousse EPE fonctionne dans la ligne de recyclage de polystyr\u00e8ne compl\u00e8te <a href=\"https:\/\/www.plasticgranularmachine.com\/fr\/product\/eps-recycling-machine\/\" data-type=\"link\" data-id=\"https:\/\/www.plasticgranularmachine.com\/product\/eps-recycling-machine\/\"><em>ligne de recyclage du polystyr\u00e8ne<\/em><\/a>. Transformer les mousses encombrantes en granul\u00e9s recycl\u00e9s de haute qualit\u00e9, ce pelletizer de polystyr\u00e8ne fait du bon travail\u202f\uff01\"<\/p>    <h2 class=\"wp-block-heading\">En r\u00e9sum\u00e9<\/h2>    <p>Si vous avez des questions sur le recyclage de l'epe ou si vous avez besoin de machines \u00e0 fabriquer des granul\u00e9s de mousse, n'h\u00e9sitez pas \u00e0 nous contacter. La large gamme d'applications et la grande capacit\u00e9 de nos machines \u00e0 granul\u00e9s de mousse les rendent adapt\u00e9es \u00e0 toutes les tailles de production. Si vous avez des besoins sp\u00e9cifiques, nous pouvons \u00e9galement fournir des machines sur mesure.<\/p>","protected":false},"excerpt":{"rendered":"<p>Le granulateur de mousse plastique EPE est sp\u00e9cialement con\u00e7u pour broyer la mousse EPE en granul\u00e9s recycl\u00e9s, qui ont une valeur \u00e9lev\u00e9e.<\/p>","protected":false},"author":1,"featured_media":1253,"parent":0,"template":"","tags":[18,33],"product-type":[5],"class_list":["post-674","product","type-product","status-publish","has-post-thumbnail","hentry","tag-pelletizing-machine","tag-styrofoam-recycling","product-type-plastic-pelletizer"],"_links":{"self":[{"href":"https:\/\/www.plasticgranularmachine.com\/fr\/wp-json\/wp\/v2\/product\/674","targetHints":{"allow":["GET"]}}],"collection":[{"href":"https:\/\/www.plasticgranularmachine.com\/fr\/wp-json\/wp\/v2\/product"}],"about":[{"href":"https:\/\/www.plasticgranularmachine.com\/fr\/wp-json\/wp\/v2\/types\/product"}],"author":[{"embeddable":true,"href":"https:\/\/www.plasticgranularmachine.com\/fr\/wp-json\/wp\/v2\/users\/1"}],"wp:featuredmedia":[{"embeddable":true,"href":"https:\/\/www.plasticgranularmachine.com\/fr\/wp-json\/wp\/v2\/media\/1253"}],"wp:attachment":[{"href":"https:\/\/www.plasticgranularmachine.com\/fr\/wp-json\/wp\/v2\/media?parent=674"}],"wp:term":[{"taxonomy":"post_tag","embeddable":true,"href":"https:\/\/www.plasticgranularmachine.com\/fr\/wp-json\/wp\/v2\/tags?post=674"},{"taxonomy":"product-type","embeddable":true,"href":"https:\/\/www.plasticgranularmachine.com\/fr\/wp-json\/wp\/v2\/product-type?post=674"}],"curies":[{"name":"wp","href":"https:\/\/api.w.org\/{rel}","templated":true}]}}