{"id":682,"date":"2023-12-20T11:02:23","date_gmt":"2023-12-20T03:02:23","guid":{"rendered":"https:\/\/www.plasticgranularmachine.com\/?post_type=product&#038;p=682"},"modified":"2025-01-06T10:01:40","modified_gmt":"2025-01-06T02:01:40","slug":"storage-bin-for-plastic-pellets","status":"publish","type":"product","link":"https:\/\/www.plasticgranularmachine.com\/fr\/product\/storage-bin-for-plastic-pellets\/","title":{"rendered":"Bac de stockage pour granul\u00e9s de plastique"},"content":{"rendered":"<p>Le bac de stockage efficace pour granul\u00e9s de plastique est un \u00e9quipement ind\u00e9pendant pour une usine de recyclage. Le produit final de la ligne de production de granul\u00e9s de plastique doit \u00eatre stock\u00e9 correctement. Si vous \u00eates un recycleur de plastique, contactez-nous !<\/p>    <h2 class=\"wp-block-heading\">Usine de fabrication de bacs de stockage de granul\u00e9s de plastique<\/h2>    <figure class=\"wp-block-embed is-type-video is-provider-youtube wp-block-embed-youtube wp-embed-aspect-16-9 wp-has-aspect-ratio\"><div class=\"wp-block-embed__wrapper\"> <iframe loading=\"lazy\" title=\"Silos de stockage personnalisables pour granul\u00e9s de plastique dans une usine de recyclage de plastique\" width=\"500\" height=\"281\" src=\"https:\/\/www.youtube.com\/embed\/mWDMYbnqnXE?start=2&#038;feature=oembed\" frameborder=\"0\" allow=\"accelerometer; autoplay; clipboard-write; encrypted-media; gyroscope; picture-in-picture; web-share\" referrerpolicy=\"strict-origin-when-cross-origin\" allowfullscreen><\/iframe> <\/div><\/figure>    <h2 class=\"wp-block-heading\">Caract\u00e9ristiques du silo de stockage de granul\u00e9s en plastique<\/h2>    <p>S\u00e9lection des mat\u00e9riaux : Les silos pour granul\u00e9s de plastique sont g\u00e9n\u00e9ralement fabriqu\u00e9s en acier inoxydable, qui r\u00e9siste \u00e0 l'abrasion et \u00e0 la corrosion, afin de garantir l'absence de contamination des granul\u00e9s de plastique stock\u00e9s et leur durabilit\u00e9.<\/p>    <p>Conception r\u00e9sistante \u00e0 l'humidit\u00e9 : les silos sont con\u00e7us avec une fonction r\u00e9sistante \u00e0 l'humidit\u00e9 qui emp\u00eache l'humidit\u00e9 d'affecter les granul\u00e9s et maintient la qualit\u00e9 des granul\u00e9s.<\/p>    <p class=\"translation-block\">Capacit\u00e9 personnalis\u00e9e : La capacit\u00e9 du silo peut \u00eatre personnalis\u00e9e en fonction de la demande de production, g\u00e9n\u00e9ralement avec diff\u00e9rentes sp\u00e9cifications, telles que 1 tonne, 5 tonnes, 10 tonnes, etc., pour s'adapter \u00e0 diff\u00e9rentes \u00e9chelles de <strong><a href=\"https:\/\/www.plasticgranularmachine.com\/fr\/product\/plastic-film-recycling-line\/\" data-type=\"link\" data-id=\"https:\/\/www.plasticgranularmachine.com\/product\/plastic-film-recycling-line\/\">production de granul\u00e9s de plastique<\/a><\/strong>.<\/p>    <p>Conception de s\u00e9curit\u00e9\u00a0: les silos sont construits et utilis\u00e9s en gardant \u00e0 l'esprit la s\u00e9curit\u00e9 de l'op\u00e9rateur et peuvent inclure des conceptions pour emp\u00eacher le d\u00e9versement de granul\u00e9s et des mesures de s\u00e9curit\u00e9 correspondantes.<\/p>    <h2 class=\"wp-block-heading\">Photos suppl\u00e9mentaires du bac de stockage pour granul\u00e9s de plastique dans l'usine<\/h2>    <figure class=\"wp-block-gallery has-nested-images columns-default is-cropped wp-block-gallery-2 is-layout-flex wp-block-gallery-is-layout-flex\"> <figure class=\"wp-block-image size-large\"><img loading=\"lazy\" decoding=\"async\" width=\"540\" height=\"720\" data-id=\"688\" src=\"https:\/\/www.plasticgranularmachine.com\/wp-content\/uploads\/2023\/12\/plastic-stock-bin.webp\" alt=\"\" class=\"wp-image-688\" srcset=\"https:\/\/www.plasticgranularmachine.com\/wp-content\/uploads\/2023\/12\/plastic-stock-bin.webp 540w, https:\/\/www.plasticgranularmachine.com\/wp-content\/uploads\/2023\/12\/plastic-stock-bin-225x300.webp 225w\" sizes=\"auto, (max-width: 540px) 100vw, 540px\" \/><\/figure>    <figure class=\"wp-block-image size-large\"><img loading=\"lazy\" decoding=\"async\" width=\"540\" height=\"720\" data-id=\"691\" src=\"https:\/\/www.plasticgranularmachine.com\/wp-content\/uploads\/2023\/12\/silo.webp\" alt=\"Bac de stockage pour granul\u00e9s de plastique\" class=\"wp-image-691\" srcset=\"https:\/\/www.plasticgranularmachine.com\/wp-content\/uploads\/2023\/12\/silo.webp 540w, https:\/\/www.plasticgranularmachine.com\/wp-content\/uploads\/2023\/12\/silo-225x300.webp 225w\" sizes=\"auto, (max-width: 540px) 100vw, 540px\" \/><\/figure> <\/figure>    <figure class=\"wp-block-gallery has-nested-images columns-default is-cropped wp-block-gallery-3 is-layout-flex wp-block-gallery-is-layout-flex\"> <figure class=\"wp-block-image size-large\"><img loading=\"lazy\" decoding=\"async\" width=\"540\" height=\"720\" data-id=\"687\" src=\"https:\/\/www.plasticgranularmachine.com\/wp-content\/uploads\/2023\/12\/plastic-pellet-silo.webp\" alt=\"\" class=\"wp-image-687\" srcset=\"https:\/\/www.plasticgranularmachine.com\/wp-content\/uploads\/2023\/12\/plastic-pellet-silo.webp 540w, https:\/\/www.plasticgranularmachine.com\/wp-content\/uploads\/2023\/12\/plastic-pellet-silo-225x300.webp 225w\" sizes=\"auto, (max-width: 540px) 100vw, 540px\" \/><\/figure>    <figure class=\"wp-block-image size-full\"><img loading=\"lazy\" decoding=\"async\" width=\"540\" height=\"720\" data-id=\"685\" src=\"https:\/\/www.plasticgranularmachine.com\/wp-content\/uploads\/2023\/12\/plastic-granule-silo.webp\" alt=\"\" class=\"wp-image-685\" srcset=\"https:\/\/www.plasticgranularmachine.com\/wp-content\/uploads\/2023\/12\/plastic-granule-silo.webp 540w, https:\/\/www.plasticgranularmachine.com\/wp-content\/uploads\/2023\/12\/plastic-granule-silo-225x300.webp 225w\" sizes=\"auto, (max-width: 540px) 100vw, 540px\" \/><\/figure> <\/figure>    <h2 class=\"wp-block-heading\">Param\u00e8tres du silo de stockage de granul\u00e9s en plastique<\/h2>    <figure class=\"wp-block-table\"><table><tbody><tr><td>Mat\u00e9riel<\/td><td>Acier inoxydable 304<\/td><\/tr><tr><td>Volume<\/td><td>1 tonne-30 tonnes<\/td><\/tr><tr><td>Hauteur<\/td><td>personnalis\u00e9 selon le volume dont vous avez besoin<\/td><\/tr><tr><td>Diam\u00e8tre<\/td><td>personnalis\u00e9 selon le volume dont vous avez besoin<\/td><\/tr><\/tbody><\/table><\/figure>","protected":false},"excerpt":{"rendered":"<p>Efficient storage bin for plastic pellets is an independent equipment for a recycling factory. The final product of the plastic pellet production line needs to be stored properly therefore, if you are a plastic recycler, please contact us! Plastic pellet storage bin manufacturing plant Features of plastic pellet stock silo Material selection: Silos for plastic [&hellip;]<\/p>\n","protected":false},"author":1,"featured_media":1310,"parent":0,"template":"","tags":[37],"product-type":[32],"class_list":["post-682","product","type-product","status-publish","has-post-thumbnail","hentry","tag-pelletizing","product-type-plastic-baler"],"_links":{"self":[{"href":"https:\/\/www.plasticgranularmachine.com\/fr\/wp-json\/wp\/v2\/product\/682","targetHints":{"allow":["GET"]}}],"collection":[{"href":"https:\/\/www.plasticgranularmachine.com\/fr\/wp-json\/wp\/v2\/product"}],"about":[{"href":"https:\/\/www.plasticgranularmachine.com\/fr\/wp-json\/wp\/v2\/types\/product"}],"author":[{"embeddable":true,"href":"https:\/\/www.plasticgranularmachine.com\/fr\/wp-json\/wp\/v2\/users\/1"}],"wp:featuredmedia":[{"embeddable":true,"href":"https:\/\/www.plasticgranularmachine.com\/fr\/wp-json\/wp\/v2\/media\/1310"}],"wp:attachment":[{"href":"https:\/\/www.plasticgranularmachine.com\/fr\/wp-json\/wp\/v2\/media?parent=682"}],"wp:term":[{"taxonomy":"post_tag","embeddable":true,"href":"https:\/\/www.plasticgranularmachine.com\/fr\/wp-json\/wp\/v2\/tags?post=682"},{"taxonomy":"product-type","embeddable":true,"href":"https:\/\/www.plasticgranularmachine.com\/fr\/wp-json\/wp\/v2\/product-type?post=682"}],"curies":[{"name":"wp","href":"https:\/\/api.w.org\/{rel}","templated":true}]}}