{"id":711,"date":"2023-12-22T17:50:02","date_gmt":"2023-12-22T09:50:02","guid":{"rendered":"https:\/\/www.plasticgranularmachine.com\/?post_type=product&#038;p=711"},"modified":"2025-11-10T15:18:14","modified_gmt":"2025-11-10T07:18:14","slug":"die-head-for-plastic-pelletizer","status":"publish","type":"product","link":"https:\/\/www.plasticgranularmachine.com\/fr\/product\/die-head-for-plastic-pelletizer\/","title":{"rendered":"T\u00eate de fili\u00e8re pour pelletiseur en plastique"},"content":{"rendered":"<p>Il existe trois types de t\u00eates de fili\u00e8re pour les machines de granulation du plastique : la t\u00eate de fili\u00e8re hydraulique, la t\u00eate de fili\u00e8re \u00e0 engrenages \u00e9lectriques et la t\u00eate de fili\u00e8re automatique. Ce sont des composants importants de la machine \u00e0 granul\u00e9s de plastique.<\/p>    <figure class=\"wp-block-gallery has-nested-images columns-default is-cropped wp-block-gallery-2 is-layout-flex wp-block-gallery-is-layout-flex\"> <figure class=\"wp-block-image size-large\"><img loading=\"lazy\" decoding=\"async\" width=\"720\" height=\"540\" data-id=\"1405\" src=\"https:\/\/www.plasticgranularmachine.com\/wp-content\/uploads\/2023\/12\/Hydraulic-die-head-for-plastic-pelletizer-1.webp\" alt=\"T\u00eate de fili\u00e8re hydraulique pour pelletiseur plastique\" class=\"wp-image-1405\" srcset=\"https:\/\/www.plasticgranularmachine.com\/wp-content\/uploads\/2023\/12\/Hydraulic-die-head-for-plastic-pelletizer-1.webp 720w, https:\/\/www.plasticgranularmachine.com\/wp-content\/uploads\/2023\/12\/Hydraulic-die-head-for-plastic-pelletizer-1-300x225.webp 300w, https:\/\/www.plasticgranularmachine.com\/wp-content\/uploads\/2023\/12\/Hydraulic-die-head-for-plastic-pelletizer-1-16x12.webp 16w\" sizes=\"auto, (max-width: 720px) 100vw, 720px\" \/><figcaption class=\"wp-element-caption\">T\u00eate de fili\u00e8re hydraulique pour pelletiseur plastique<\/figcaption><\/figure>    <figure class=\"wp-block-image size-large\"><img loading=\"lazy\" decoding=\"async\" width=\"720\" height=\"540\" data-id=\"1404\" src=\"https:\/\/www.plasticgranularmachine.com\/wp-content\/uploads\/2023\/12\/electric-gear-die-head-1.webp\" alt=\"t\u00eate de fili\u00e8re \u00e0 engrenages \u00e9lectriques\" class=\"wp-image-1404\" srcset=\"https:\/\/www.plasticgranularmachine.com\/wp-content\/uploads\/2023\/12\/electric-gear-die-head-1.webp 720w, https:\/\/www.plasticgranularmachine.com\/wp-content\/uploads\/2023\/12\/electric-gear-die-head-1-300x225.webp 300w, https:\/\/www.plasticgranularmachine.com\/wp-content\/uploads\/2023\/12\/electric-gear-die-head-1-16x12.webp 16w\" sizes=\"auto, (max-width: 720px) 100vw, 720px\" \/><figcaption class=\"wp-element-caption\">t\u00eate de fili\u00e8re \u00e0 engrenages \u00e9lectriques<\/figcaption><\/figure>    <figure class=\"wp-block-image size-full\"><img loading=\"lazy\" decoding=\"async\" width=\"720\" height=\"540\" data-id=\"1407\" src=\"https:\/\/www.plasticgranularmachine.com\/wp-content\/uploads\/2023\/12\/automatic-filter-die-head.webp\" alt=\"t\u00eate de fili\u00e8re de filtre automatique\" class=\"wp-image-1407\" srcset=\"https:\/\/www.plasticgranularmachine.com\/wp-content\/uploads\/2023\/12\/automatic-filter-die-head.webp 720w, https:\/\/www.plasticgranularmachine.com\/wp-content\/uploads\/2023\/12\/automatic-filter-die-head-300x225.webp 300w, https:\/\/www.plasticgranularmachine.com\/wp-content\/uploads\/2023\/12\/automatic-filter-die-head-16x12.webp 16w\" sizes=\"auto, (max-width: 720px) 100vw, 720px\" \/><figcaption class=\"wp-element-caption\">t\u00eate de fili\u00e8re de filtre automatique<\/figcaption><\/figure> <\/figure>    <h2 class=\"wp-block-heading\">T\u00eate de fili\u00e8re pour pelletiseur en plastique Introduction<\/h2>    <h3 class=\"wp-block-heading\">T\u00eate de fili\u00e8re \u00e9lectrique<\/h3>    <p class=\"translation-block\"><strong>Principe de fonctionnement :<\/strong> La t\u00eate de fili\u00e8re \u00e9lectrique \u00e0 engrenages adopte un m\u00e9canisme d'engrenages \u00e9lectrique pour le contr\u00f4le, gr\u00e2ce au mouvement des engrenages entra\u00een\u00e9 par le moteur, pour r\u00e9aliser l'extrusion et le moulage des granul\u00e9s. Le principe de fonctionnement est relativement simple et convient \u00e0 certaines machines de granulation de petite et moyenne taille.<\/p>    <p class=\"translation-block\"><strong>Avantages :<\/strong> Les t\u00eates de fili\u00e8re \u00e0 engrenages \u00e9lectriques sont g\u00e9n\u00e9ralement peu co\u00fbteuses et relativement faciles \u00e0 entretenir par rapport aux t\u00eates de fili\u00e8re hydrauliques. Cela en fait un choix rentable pour certaines lignes de petite et moyenne taille.<\/p>    <figure class=\"wp-block-gallery has-nested-images columns-default is-cropped wp-block-gallery-3 is-layout-flex wp-block-gallery-is-layout-flex\"> <figure class=\"wp-block-image size-large\"><img loading=\"lazy\" decoding=\"async\" width=\"720\" height=\"540\" data-id=\"1374\" src=\"https:\/\/www.plasticgranularmachine.com\/wp-content\/uploads\/2023\/12\/electric-gear-die-head.webp\" alt=\"t\u00eate de fili\u00e8re \u00e0 engrenages \u00e9lectriques\" class=\"wp-image-1374\" srcset=\"https:\/\/www.plasticgranularmachine.com\/wp-content\/uploads\/2023\/12\/electric-gear-die-head.webp 720w, https:\/\/www.plasticgranularmachine.com\/wp-content\/uploads\/2023\/12\/electric-gear-die-head-300x225.webp 300w, https:\/\/www.plasticgranularmachine.com\/wp-content\/uploads\/2023\/12\/electric-gear-die-head-16x12.webp 16w\" sizes=\"auto, (max-width: 720px) 100vw, 720px\" \/><figcaption class=\"wp-element-caption\">t\u00eate de fili\u00e8re \u00e0 engrenages \u00e9lectriques<\/figcaption><\/figure>    <figure class=\"wp-block-image size-large\"><img loading=\"lazy\" decoding=\"async\" width=\"720\" height=\"540\" data-id=\"1375\" src=\"https:\/\/www.plasticgranularmachine.com\/wp-content\/uploads\/2023\/12\/mold-head.webp\" alt=\"t\u00eate de moule\" class=\"wp-image-1375\" srcset=\"https:\/\/www.plasticgranularmachine.com\/wp-content\/uploads\/2023\/12\/mold-head.webp 720w, https:\/\/www.plasticgranularmachine.com\/wp-content\/uploads\/2023\/12\/mold-head-300x225.webp 300w, https:\/\/www.plasticgranularmachine.com\/wp-content\/uploads\/2023\/12\/mold-head-16x12.webp 16w\" sizes=\"auto, (max-width: 720px) 100vw, 720px\" \/><figcaption class=\"wp-element-caption\">t\u00eate de moule<\/figcaption><\/figure> <\/figure>    <h3 class=\"wp-block-heading\">T\u00eate de fili\u00e8re hydraulique<\/h3>    <p class=\"translation-block\"><strong>Principe de fonctionnement :<\/strong> La t\u00eate de fili\u00e8re hydraulique est contr\u00f4l\u00e9e par un syst\u00e8me hydraulique qui assure un contr\u00f4le pr\u00e9cis de la t\u00eate de fili\u00e8re pour une production de granul\u00e9s de haute qualit\u00e9.<\/p>    <p class=\"translation-block\"><strong>Avantages :<\/strong> La t\u00eate de fili\u00e8re hydraulique offre un haut degr\u00e9 de flexibilit\u00e9 de r\u00e9glage, permettant d'ajuster le diam\u00e8tre et la longueur des granul\u00e9s en temps r\u00e9el en fonction des besoins de production. Cette flexibilit\u00e9 est importante pour r\u00e9pondre aux besoins de diff\u00e9rents clients et march\u00e9s.<\/p>    <figure class=\"wp-block-gallery has-nested-images columns-default is-cropped wp-block-gallery-4 is-layout-flex wp-block-gallery-is-layout-flex\"> <figure class=\"wp-block-image size-large\"><img loading=\"lazy\" decoding=\"async\" width=\"720\" height=\"540\" data-id=\"1376\" src=\"https:\/\/www.plasticgranularmachine.com\/wp-content\/uploads\/2023\/12\/Hydraulic-die-head-for-plastic-pelletizer.webp\" alt=\"T\u00eate de fili\u00e8re hydraulique pour pelletiseur plastique\" class=\"wp-image-1376\" srcset=\"https:\/\/www.plasticgranularmachine.com\/wp-content\/uploads\/2023\/12\/Hydraulic-die-head-for-plastic-pelletizer.webp 720w, https:\/\/www.plasticgranularmachine.com\/wp-content\/uploads\/2023\/12\/Hydraulic-die-head-for-plastic-pelletizer-300x225.webp 300w, https:\/\/www.plasticgranularmachine.com\/wp-content\/uploads\/2023\/12\/Hydraulic-die-head-for-plastic-pelletizer-16x12.webp 16w\" sizes=\"auto, (max-width: 720px) 100vw, 720px\" \/><figcaption class=\"wp-element-caption\">T\u00eate de fili\u00e8re hydraulique pour pelletiseur plastique<\/figcaption><\/figure>    <figure class=\"wp-block-image size-large\"><img loading=\"lazy\" decoding=\"async\" width=\"1024\" height=\"768\" data-id=\"1377\" src=\"https:\/\/www.plasticgranularmachine.com\/wp-content\/uploads\/2023\/12\/Hydraulic-mold-head-1024x768.webp\" alt=\"T\u00eate de moule hydraulique\" class=\"wp-image-1377\" srcset=\"https:\/\/www.plasticgranularmachine.com\/wp-content\/uploads\/2023\/12\/Hydraulic-mold-head-1024x768.webp 1024w, https:\/\/www.plasticgranularmachine.com\/wp-content\/uploads\/2023\/12\/Hydraulic-mold-head-300x225.webp 300w, https:\/\/www.plasticgranularmachine.com\/wp-content\/uploads\/2023\/12\/Hydraulic-mold-head-768x576.webp 768w, https:\/\/www.plasticgranularmachine.com\/wp-content\/uploads\/2023\/12\/Hydraulic-mold-head-1536x1152.webp 1536w, https:\/\/www.plasticgranularmachine.com\/wp-content\/uploads\/2023\/12\/Hydraulic-mold-head-2048x1536.webp 2048w, https:\/\/www.plasticgranularmachine.com\/wp-content\/uploads\/2023\/12\/Hydraulic-mold-head-16x12.webp 16w\" sizes=\"auto, (max-width: 1024px) 100vw, 1024px\" \/><figcaption class=\"wp-element-caption\">T\u00eate de moule hydraulique<\/figcaption><\/figure> <\/figure>    <h3 class=\"wp-block-heading\">Filtre \u00e0 scories automatique<\/h3>    <p class=\"translation-block\"><strong>Principe de fonctionnement : <\/strong>Le plastique fondu entre dans l'ensemble de la fili\u00e8re, lors du passage \u00e0 travers le tamis de l'outil d'extrusion plastique, les impuret\u00e9s de grande taille sont intercept\u00e9es et le plastique fondu passe en douceur.<\/p>    <p class=\"translation-block\"><strong>Avantages :<\/strong> L'\u00e9limination efficace des contaminants du plastique fondu r\u00e9duit les co\u00fbts de maintenance pour le traitement ult\u00e9rieur de la machine. Les moules \u00e0 filtre automatiques conviennent au traitement des plastiques sales.<\/p>    <figure class=\"wp-block-gallery has-nested-images columns-default is-cropped wp-block-gallery-5 is-layout-flex wp-block-gallery-is-layout-flex\"> <figure class=\"wp-block-image size-large\"><img loading=\"lazy\" decoding=\"async\" width=\"720\" height=\"540\" data-id=\"1408\" src=\"https:\/\/www.plasticgranularmachine.com\/wp-content\/uploads\/2023\/12\/automatic-filter-die-head-1.webp\" alt=\"t\u00eate de fili\u00e8re de filtre automatique\" class=\"wp-image-1408\" srcset=\"https:\/\/www.plasticgranularmachine.com\/wp-content\/uploads\/2023\/12\/automatic-filter-die-head-1.webp 720w, https:\/\/www.plasticgranularmachine.com\/wp-content\/uploads\/2023\/12\/automatic-filter-die-head-1-300x225.webp 300w, https:\/\/www.plasticgranularmachine.com\/wp-content\/uploads\/2023\/12\/automatic-filter-die-head-1-16x12.webp 16w\" sizes=\"auto, (max-width: 720px) 100vw, 720px\" \/><figcaption class=\"wp-element-caption\">t\u00eate de fili\u00e8re de filtre automatique<\/figcaption><\/figure>    <figure class=\"wp-block-image size-large\"><img loading=\"lazy\" decoding=\"async\" width=\"720\" height=\"540\" data-id=\"1409\" src=\"https:\/\/www.plasticgranularmachine.com\/wp-content\/uploads\/2023\/12\/automatic-slag-filter-1.webp\" alt=\"filtre \u00e0 scories automatique\" class=\"wp-image-1409\" srcset=\"https:\/\/www.plasticgranularmachine.com\/wp-content\/uploads\/2023\/12\/automatic-slag-filter-1.webp 720w, https:\/\/www.plasticgranularmachine.com\/wp-content\/uploads\/2023\/12\/automatic-slag-filter-1-300x225.webp 300w, https:\/\/www.plasticgranularmachine.com\/wp-content\/uploads\/2023\/12\/automatic-slag-filter-1-16x12.webp 16w\" sizes=\"auto, (max-width: 720px) 100vw, 720px\" \/><figcaption class=\"wp-element-caption\">filtre \u00e0 scories automatique<\/figcaption><\/figure> <\/figure>    <h2 class=\"wp-block-heading\">Vid\u00e9o de la t\u00eate de fili\u00e8re du granulateur en plastique<\/h2>    <figure class=\"wp-block-embed is-type-video is-provider-youtube wp-block-embed-youtube wp-embed-aspect-16-9 wp-has-aspect-ratio\"><div class=\"wp-block-embed__wrapper\"> <iframe loading=\"lazy\" title=\"Usine de recyclage de plastique install\u00e9e en Arabie Saoudite | Commentaires sur la machine \u00e0 granuler le plastique\" width=\"500\" height=\"281\" src=\"https:\/\/www.youtube.com\/embed\/rDw_8i8uBAo?start=14&#038;feature=oembed\" frameborder=\"0\" allow=\"accelerometer; autoplay; clipboard-write; encrypted-media; gyroscope; picture-in-picture; web-share\" referrerpolicy=\"strict-origin-when-cross-origin\" allowfullscreen><\/iframe> <\/div><\/figure>    <h2 class=\"wp-block-heading\">Configurations courantes de la t\u00eate de fili\u00e8re d'extrusion de plastique<\/h2>    <p class=\"translation-block\">La t\u00eate de matrice pour les machines \u00e0 pelletiser en plastique est une partie importante du processus de moulage par extrusion plastique, affectant la forme, la taille et la qualit\u00e9 des granul\u00e9s finis. Les extrudeuses de plastique sont utilis\u00e9es en conjonction avec <a href=\"https:\/\/www.plasticgranularmachine.com\/fr\/product\/strand-cooling-bath\/\" data-type=\"link\" data-id=\"https:\/\/www.plasticgranularmachine.com\/product\/strand-cooling-bath\/\">des cuves de refroidissement<\/a>, <a href=\"https:\/\/www.plasticgranularmachine.com\/fr\/product\/plastic-strip-cutting-machine\/\" data-type=\"link\" data-id=\"https:\/\/www.plasticgranularmachine.com\/product\/plastic-strip-cutting-machine\/\">des coupe-granul\u00e9s<\/a>, etc. pour produire des granul\u00e9s plastiques de haute qualit\u00e9.<\/p>    <figure class=\"wp-block-gallery aligncenter has-nested-images columns-default is-cropped wp-block-gallery-6 is-layout-flex wp-block-gallery-is-layout-flex\"> <figure class=\"wp-block-image size-large\"><img loading=\"lazy\" decoding=\"async\" width=\"1024\" height=\"768\" data-id=\"1378\" src=\"https:\/\/www.plasticgranularmachine.com\/wp-content\/uploads\/2023\/12\/industrial-plastic-granulator-1-1024x768.webp\" alt=\"granulateur de plastique industriel\" class=\"wp-image-1378\" style=\"object-fit:cover\" srcset=\"https:\/\/www.plasticgranularmachine.com\/wp-content\/uploads\/2023\/12\/industrial-plastic-granulator-1-1024x768.webp 1024w, https:\/\/www.plasticgranularmachine.com\/wp-content\/uploads\/2023\/12\/industrial-plastic-granulator-1-300x225.webp 300w, https:\/\/www.plasticgranularmachine.com\/wp-content\/uploads\/2023\/12\/industrial-plastic-granulator-1-768x576.webp 768w, https:\/\/www.plasticgranularmachine.com\/wp-content\/uploads\/2023\/12\/industrial-plastic-granulator-1-1536x1152.webp 1536w, https:\/\/www.plasticgranularmachine.com\/wp-content\/uploads\/2023\/12\/industrial-plastic-granulator-1-2048x1536.webp 2048w, https:\/\/www.plasticgranularmachine.com\/wp-content\/uploads\/2023\/12\/industrial-plastic-granulator-1-16x12.webp 16w\" sizes=\"auto, (max-width: 1024px) 100vw, 1024px\" \/><figcaption class=\"wp-element-caption\">granulateur de plastique industriel<\/figcaption><\/figure>    <figure class=\"wp-block-image size-large\"><img loading=\"lazy\" decoding=\"async\" width=\"720\" height=\"540\" data-id=\"1410\" src=\"https:\/\/www.plasticgranularmachine.com\/wp-content\/uploads\/2023\/12\/plastic-die-head-extruder-pelletizing-machine.webp\" alt=\"Machine de pelletisation d&#039;extrudeuse de t\u00eate de fili\u00e8re en plastique\" class=\"wp-image-1410\" srcset=\"https:\/\/www.plasticgranularmachine.com\/wp-content\/uploads\/2023\/12\/plastic-die-head-extruder-pelletizing-machine.webp 720w, https:\/\/www.plasticgranularmachine.com\/wp-content\/uploads\/2023\/12\/plastic-die-head-extruder-pelletizing-machine-300x225.webp 300w, https:\/\/www.plasticgranularmachine.com\/wp-content\/uploads\/2023\/12\/plastic-die-head-extruder-pelletizing-machine-16x12.webp 16w\" sizes=\"auto, (max-width: 720px) 100vw, 720px\" \/><figcaption class=\"wp-element-caption\">Machine de pelletisation d'extrudeuse de t\u00eate de fili\u00e8re en plastique<\/figcaption><\/figure>    <figure class=\"wp-block-image size-large\"><img loading=\"lazy\" decoding=\"async\" width=\"720\" height=\"540\" data-id=\"1379\" src=\"https:\/\/www.plasticgranularmachine.com\/wp-content\/uploads\/2023\/12\/plastic-grinding-machine.webp\" alt=\"rectifieuse de plastique\" class=\"wp-image-1379\" srcset=\"https:\/\/www.plasticgranularmachine.com\/wp-content\/uploads\/2023\/12\/plastic-grinding-machine.webp 720w, https:\/\/www.plasticgranularmachine.com\/wp-content\/uploads\/2023\/12\/plastic-grinding-machine-300x225.webp 300w, https:\/\/www.plasticgranularmachine.com\/wp-content\/uploads\/2023\/12\/plastic-grinding-machine-16x12.webp 16w\" sizes=\"auto, (max-width: 720px) 100vw, 720px\" \/><figcaption class=\"wp-element-caption\">rectifieuse de plastique<\/figcaption><\/figure> <\/figure>    <p>La conception modulaire du granulateur en plastique vous permet de vous adapter librement en fonction de vos besoins de production. Si vous \u00eates int\u00e9ress\u00e9 par la granulation ou si vous ne savez pas comment choisir, veuillez nous contacter, et nous vous donnerons des conseils !<\/p>","protected":false},"excerpt":{"rendered":"<p>Un choix flexible de trois types de t\u00eates de fili\u00e8re pour pelletiseur en plastique peut r\u00e9pondre \u00e0 vos besoins en mati\u00e8re de pelletisation. <\/p>","protected":false},"author":1,"featured_media":1237,"parent":0,"template":"","tags":[18],"product-type":[5],"class_list":["post-711","product","type-product","status-publish","has-post-thumbnail","hentry","tag-pelletizing-machine","product-type-plastic-pelletizer"],"_links":{"self":[{"href":"https:\/\/www.plasticgranularmachine.com\/fr\/wp-json\/wp\/v2\/product\/711","targetHints":{"allow":["GET"]}}],"collection":[{"href":"https:\/\/www.plasticgranularmachine.com\/fr\/wp-json\/wp\/v2\/product"}],"about":[{"href":"https:\/\/www.plasticgranularmachine.com\/fr\/wp-json\/wp\/v2\/types\/product"}],"author":[{"embeddable":true,"href":"https:\/\/www.plasticgranularmachine.com\/fr\/wp-json\/wp\/v2\/users\/1"}],"wp:featuredmedia":[{"embeddable":true,"href":"https:\/\/www.plasticgranularmachine.com\/fr\/wp-json\/wp\/v2\/media\/1237"}],"wp:attachment":[{"href":"https:\/\/www.plasticgranularmachine.com\/fr\/wp-json\/wp\/v2\/media?parent=711"}],"wp:term":[{"taxonomy":"post_tag","embeddable":true,"href":"https:\/\/www.plasticgranularmachine.com\/fr\/wp-json\/wp\/v2\/tags?post=711"},{"taxonomy":"product-type","embeddable":true,"href":"https:\/\/www.plasticgranularmachine.com\/fr\/wp-json\/wp\/v2\/product-type?post=711"}],"curies":[{"name":"wp","href":"https:\/\/api.w.org\/{rel}","templated":true}]}}